{"id":997,"date":"2024-01-31T14:33:04","date_gmt":"2024-01-31T14:33:04","guid":{"rendered":"https:\/\/green-card-usa.net\/green-card-evlilik-yoluyla\/"},"modified":"2024-12-30T09:39:39","modified_gmt":"2024-12-30T09:39:39","slug":"green-card-evlilik-yoluyla","status":"publish","type":"page","link":"https:\/\/us-gc.net\/tr\/green-card-evlilik-yoluyla\/","title":{"rendered":"Evlilik yoluyla elde edilen Green Card"},"content":{"rendered":"\n<h1 class=\"wp-block-heading\" id=\"h-obtenir-une-green-card-par-mariage\">Evlilik yoluyla Green Card elde etme<\/h1>\n\n<p>Green Card, bir Amerikan vatanda\u015f\u0131 veya bir Yasal Daimi \u0130kamet Eden (LPR) ile evlilik temelinde elde edilebilir. Bu nedenle evlilik, Birle\u015fik Devletler&#8217;de daimi ikamet etmenize olanak tan\u0131r. \u0130\u015fte programdan yararlanmak i\u00e7in gerekli a\u015famalar ve ko\u015fullar.<\/p>\n\n<h2 class=\"wp-block-heading\" id=\"h-eligibilite-a-la-green-card-par-mariage\">Evlilik Yoluyla Green Card \u0130\u00e7in Uygunluk<\/h2>\n\n<p>Evlilik yoluyla Green Card almaya hak kazanmak i\u00e7in bir Amerikan vatanda\u015f\u0131 veya LPR ile evli olman\u0131z gerekir. Evlilik yasal olmal\u0131 ve ger\u00e7ek bir ili\u015fkiye dayanmal\u0131d\u0131r. Amerikan daimi mukimi olma h\u0131rs\u0131 evlili\u011fin ana nedeni olmamal\u0131d\u0131r.<\/p>\n\n<h2 class=\"wp-block-heading\" id=\"h-conditions-et-preuves-requises\">Gerekli ko\u015fullar ve kan\u0131tlar<\/h2>\n\n<p>\u00c7iftler, me\u015fru evliliklerine dair \u00f6nemli kan\u0131tlar sunmal\u0131d\u0131r. \u00d6rne\u011fin, \u00e7ift ortak banka hesap \u00f6zetleri, ortak kira s\u00f6zle\u015fmeleri veya ipotekler, d\u00fc\u011f\u00fcn foto\u011fraflar\u0131 ve aile etkinlikleri sunabilir. \u0130li\u015fkilerini kan\u0131tlayan ba\u015fka herhangi bir belge ilgili olabilir ve ba\u015fvuruya eklenmelidir.<\/p>\n\n<p>Ko\u015fullar\u0131 kar\u015f\u0131lam\u0131yorsan\u0131z, yine de <a href=\"https:\/\/us-gc.net\/tr\/green-card-cekilisi\/\">\u00e7ekili\u015fle Green Card<\/a> alabilirsiniz. <strong>Y\u0131ll\u0131k \u00e7ekili\u015fe kat\u0131lmak i\u00e7in<\/strong> <a href=\"https:\/\/us-gc.net\/tr\/green-card-cekilisi-formu\/\">\u00e7evrimi\u00e7i formu<\/a> doldurman\u0131z yeterlidir.<\/p>\n\n<div style=\"height:10px\" aria-hidden=\"true\" class=\"wp-block-spacer\"><\/div>\n\n<h2 class=\"wp-block-heading\" id=\"h-processus-de-demande\">Ba\u015fvuru s\u00fcreci<\/h2>\n\n<p>Evlilikle ba\u011flant\u0131l\u0131 olarak <a href=\"https:\/\/us-gc.net\/tr\/\">Green Card<\/a> ba\u015fvurusunda bulunman\u0131n birka\u00e7 a\u015famas\u0131 vard\u0131r.<\/p>\n\n<ol class=\"wp-block-list\">\n<li><strong>Dilek\u00e7enin sunulmas\u0131<\/strong>: Vatanda\u015f partner veya RPL \u00f6ncelikle <a href=\"https:\/\/www.uscis.gov\/i-130\">I-130 formunu<\/a> sunmal\u0131d\u0131r. Bu, yabanc\u0131 bir ebeveyn i\u00e7in Amerika Birle\u015fik Devletleri Vatanda\u015fl\u0131k ve G\u00f6\u00e7menlik Servisi&#8217;ne (USCIS) sunulacak bir dilek\u00e7edir.<\/li>\n\n\n\n<li><strong>Stat\u00fc ayarlamas\u0131 veya konsolosluk s\u00fcreci<\/strong>: Vatanda\u015f olmayan e\u015f halihaz\u0131rda Birle\u015fik Devletler&#8217;de bulunuyorsa, <a href=\"https:\/\/www.uscis.gov\/i-485\">I-485 formunu<\/a> kullanarak stat\u00fc ayarlamas\u0131 i\u00e7in ba\u015fvurabilir. E\u011fer e\u015f Amerika Birle\u015fik Devletleri d\u0131\u015f\u0131ndaysa, kendi \u00fclkesinin konsoloslu\u011funa ba\u015fvurmal\u0131d\u0131r.<\/li>\n\n\n\n<li><strong>M\u00fclakat ve onay<\/strong>: Evlili\u011fin ger\u00e7ekli\u011fini do\u011frulamak i\u00e7in her iki e\u015f de <a href=\"https:\/\/us-gc.net\/tr\/green-card-mulakat\/\">Green Card m\u00fclakat\u0131na<\/a> davet edilecektir. Ba\u015fvurunun onaylanmas\u0131 halinde, vatanda\u015f olmayan e\u015fe Green Card verilecektir.<\/li>\n<\/ol>\n\n<h2 class=\"wp-block-heading\" id=\"h-green-card-conditionnelle\">\u015eartl\u0131 Green Card<\/h2>\n\n<p>Evlili\u011fin onayland\u0131\u011f\u0131 tarihte iki y\u0131ldan az bir s\u00fcre ge\u00e7mi\u015fse, vatanda\u015f olmayan e\u015fe iki y\u0131l ge\u00e7erli \u015fartl\u0131 bir Green Card verilecektir. Bu s\u00fcrenin dolmas\u0131ndan \u00f6nce, \u00e7iftin ko\u015fullar\u0131n kald\u0131r\u0131lmas\u0131n\u0131 talep etmek ve kal\u0131c\u0131 bir Green Card almak i\u00e7in <a href=\"https:\/\/www.uscis.gov\/sites\/default\/files\/document\/forms\/i-751.pdf\">I-751 formunu<\/a> sunmas\u0131 gerekecektir.<\/p>\n\n<h2 class=\"wp-block-heading\" id=\"h-conseils-pour-une-reussir-la-demande-de-green-card\">Ba\u015far\u0131l\u0131 bir Green Card ba\u015fvurusu i\u00e7in ipu\u00e7lar\u0131<\/h2>\n\n<p>Green Card, sahibine Amerika Birle\u015fik Devletleri&#8217;nde daimi ikamet hakk\u0131 verir. Evlilik yoluyla Green Card edinme prosed\u00fcr\u00fc \u00f6zellikle ayr\u0131nt\u0131l\u0131d\u0131r ve ba\u015far\u0131 garanti de\u011fildir. \u0130\u015fte ba\u015far\u0131 \u015fans\u0131n\u0131z\u0131 en \u00fcst d\u00fczeye \u00e7\u0131karmak i\u00e7in birka\u00e7 ipucu:<\/p>\n\n<ul class=\"wp-block-list\">\n<li><strong>\u0130li\u015fkinizi iyice belgeleyin<\/strong>: \u0130li\u015fkinizin s\u00fcreklili\u011fini ve ger\u00e7ekli\u011fini kan\u0131tlayan belge ve foto\u011fraflar\u0131n kayd\u0131n\u0131 tutun.<\/li>\n\n\n\n<li><strong>G\u00f6r\u00fc\u015fmeye haz\u0131rlan\u0131n<\/strong>: \u0130li\u015fkiniz ve evlili\u011finizle ilgili sorular\u0131 a\u00e7\u0131k ve d\u00fcr\u00fcst bir \u015fekilde yan\u0131tlamaya haz\u0131r olun.<\/li>\n\n\n\n<li><strong>Son ba\u015fvuru tarihlerine uyun<\/strong>: Gerekli t\u00fcm ba\u015fvurular\u0131 ve belgeleri gerekli s\u00fcreler i\u00e7inde g\u00f6nderdi\u011finizden emin olun.<\/li>\n<\/ul>\n\n<p><\/p>\n","protected":false},"excerpt":{"rendered":"<p>Evlilik yoluyla Green Card elde etme Green Card, bir Amerikan vatanda\u015f\u0131 veya bir Yasal Daimi \u0130kamet Eden (LPR) ile evlilik temelinde elde edilebilir. Bu nedenle evlilik, Birle\u015fik Devletler&#8217;de daimi ikamet etmenize olanak tan\u0131r. \u0130\u015fte programdan yararlanmak i\u00e7in gerekli a\u015famalar ve ko\u015fullar. Evlilik Yoluyla Green Card \u0130\u00e7in Uygunluk Evlilik yoluyla Green Card almaya hak kazanmak i\u00e7in [&hellip;]<\/p>\n","protected":false},"author":1,"featured_media":0,"parent":0,"menu_order":0,"comment_status":"closed","ping_status":"closed","template":"","meta":{"footnotes":""},"class_list":["post-997","page","type-page","status-publish","hentry"],"yoast_head":"<!-- This site is optimized with the Yoast SEO plugin v27.4 - https:\/\/yoast.com\/product\/yoast-seo-wordpress\/ -->\n<title>Evlilik yoluyla elde edilen Green Card - USA GC<\/title>\n<meta name=\"description\" content=\"Bir Amerikan vatanda\u015f\u0131 veya Amerikan Green Card sahibi ile evlenerek Green Card almak\" \/>\n<meta name=\"robots\" content=\"index, follow, max-snippet:-1, max-image-preview:large, max-video-preview:-1\" \/>\n<link rel=\"canonical\" href=\"https:\/\/us-gc.net\/tr\/green-card-evlilik-yoluyla\/\" \/>\n<meta property=\"og:locale\" content=\"tr_TR\" \/>\n<meta property=\"og:type\" content=\"article\" \/>\n<meta property=\"og:title\" content=\"Evlilik yoluyla elde edilen Green Card - USA GC\" \/>\n<meta property=\"og:description\" content=\"Bir Amerikan vatanda\u015f\u0131 veya Amerikan Green Card sahibi ile evlenerek Green Card almak\" \/>\n<meta property=\"og:url\" content=\"https:\/\/us-gc.net\/tr\/green-card-evlilik-yoluyla\/\" \/>\n<meta property=\"og:site_name\" content=\"USA GC\" \/>\n<meta property=\"article:modified_time\" content=\"2024-12-30T09:39:39+00:00\" \/>\n<meta name=\"twitter:card\" content=\"summary_large_image\" \/>\n<meta name=\"twitter:label1\" content=\"Tahmini okuma s\u00fcresi\" \/>\n\t<meta name=\"twitter:data1\" content=\"2 dakika\" \/>\n<script type=\"application\/ld+json\" class=\"yoast-schema-graph\">{\"@context\":\"https:\\\/\\\/schema.org\",\"@graph\":[{\"@type\":\"WebPage\",\"@id\":\"https:\\\/\\\/us-gc.net\\\/tr\\\/green-card-evlilik-yoluyla\\\/\",\"url\":\"https:\\\/\\\/us-gc.net\\\/tr\\\/green-card-evlilik-yoluyla\\\/\",\"name\":\"Evlilik yoluyla elde edilen Green Card - USA GC\",\"isPartOf\":{\"@id\":\"https:\\\/\\\/us-gc.net\\\/tr\\\/#website\"},\"datePublished\":\"2024-01-31T14:33:04+00:00\",\"dateModified\":\"2024-12-30T09:39:39+00:00\",\"description\":\"Bir Amerikan vatanda\u015f\u0131 veya Amerikan Green Card sahibi ile evlenerek Green Card almak\",\"breadcrumb\":{\"@id\":\"https:\\\/\\\/us-gc.net\\\/tr\\\/green-card-evlilik-yoluyla\\\/#breadcrumb\"},\"inLanguage\":\"tr\",\"potentialAction\":[{\"@type\":\"ReadAction\",\"target\":[\"https:\\\/\\\/us-gc.net\\\/tr\\\/green-card-evlilik-yoluyla\\\/\"]}]},{\"@type\":\"BreadcrumbList\",\"@id\":\"https:\\\/\\\/us-gc.net\\\/tr\\\/green-card-evlilik-yoluyla\\\/#breadcrumb\",\"itemListElement\":[{\"@type\":\"ListItem\",\"position\":1,\"name\":\"Accueil\",\"item\":\"https:\\\/\\\/us-gc.net\\\/tr\\\/green-card\\\/\"},{\"@type\":\"ListItem\",\"position\":2,\"name\":\"Evlilik yoluyla elde edilen Green Card\"}]},{\"@type\":\"WebSite\",\"@id\":\"https:\\\/\\\/us-gc.net\\\/tr\\\/#website\",\"url\":\"https:\\\/\\\/us-gc.net\\\/tr\\\/\",\"name\":\"USA GC\",\"description\":\"\",\"potentialAction\":[{\"@type\":\"SearchAction\",\"target\":{\"@type\":\"EntryPoint\",\"urlTemplate\":\"https:\\\/\\\/us-gc.net\\\/tr\\\/?s={search_term_string}\"},\"query-input\":{\"@type\":\"PropertyValueSpecification\",\"valueRequired\":true,\"valueName\":\"search_term_string\"}}],\"inLanguage\":\"tr\"}]}<\/script>\n<!-- \/ Yoast SEO plugin. -->","yoast_head_json":{"title":"Evlilik yoluyla elde edilen Green Card - USA GC","description":"Bir Amerikan vatanda\u015f\u0131 veya Amerikan Green Card sahibi ile evlenerek Green Card almak","robots":{"index":"index","follow":"follow","max-snippet":"max-snippet:-1","max-image-preview":"max-image-preview:large","max-video-preview":"max-video-preview:-1"},"canonical":"https:\/\/us-gc.net\/tr\/green-card-evlilik-yoluyla\/","og_locale":"tr_TR","og_type":"article","og_title":"Evlilik yoluyla elde edilen Green Card - USA GC","og_description":"Bir Amerikan vatanda\u015f\u0131 veya Amerikan Green Card sahibi ile evlenerek Green Card almak","og_url":"https:\/\/us-gc.net\/tr\/green-card-evlilik-yoluyla\/","og_site_name":"USA GC","article_modified_time":"2024-12-30T09:39:39+00:00","twitter_card":"summary_large_image","twitter_misc":{"Tahmini okuma s\u00fcresi":"2 dakika"},"schema":{"@context":"https:\/\/schema.org","@graph":[{"@type":"WebPage","@id":"https:\/\/us-gc.net\/tr\/green-card-evlilik-yoluyla\/","url":"https:\/\/us-gc.net\/tr\/green-card-evlilik-yoluyla\/","name":"Evlilik yoluyla elde edilen Green Card - USA GC","isPartOf":{"@id":"https:\/\/us-gc.net\/tr\/#website"},"datePublished":"2024-01-31T14:33:04+00:00","dateModified":"2024-12-30T09:39:39+00:00","description":"Bir Amerikan vatanda\u015f\u0131 veya Amerikan Green Card sahibi ile evlenerek Green Card almak","breadcrumb":{"@id":"https:\/\/us-gc.net\/tr\/green-card-evlilik-yoluyla\/#breadcrumb"},"inLanguage":"tr","potentialAction":[{"@type":"ReadAction","target":["https:\/\/us-gc.net\/tr\/green-card-evlilik-yoluyla\/"]}]},{"@type":"BreadcrumbList","@id":"https:\/\/us-gc.net\/tr\/green-card-evlilik-yoluyla\/#breadcrumb","itemListElement":[{"@type":"ListItem","position":1,"name":"Accueil","item":"https:\/\/us-gc.net\/tr\/green-card\/"},{"@type":"ListItem","position":2,"name":"Evlilik yoluyla elde edilen Green Card"}]},{"@type":"WebSite","@id":"https:\/\/us-gc.net\/tr\/#website","url":"https:\/\/us-gc.net\/tr\/","name":"USA GC","description":"","potentialAction":[{"@type":"SearchAction","target":{"@type":"EntryPoint","urlTemplate":"https:\/\/us-gc.net\/tr\/?s={search_term_string}"},"query-input":{"@type":"PropertyValueSpecification","valueRequired":true,"valueName":"search_term_string"}}],"inLanguage":"tr"}]}},"_links":{"self":[{"href":"https:\/\/us-gc.net\/tr\/wp-json\/wp\/v2\/pages\/997","targetHints":{"allow":["GET"]}}],"collection":[{"href":"https:\/\/us-gc.net\/tr\/wp-json\/wp\/v2\/pages"}],"about":[{"href":"https:\/\/us-gc.net\/tr\/wp-json\/wp\/v2\/types\/page"}],"author":[{"embeddable":true,"href":"https:\/\/us-gc.net\/tr\/wp-json\/wp\/v2\/users\/1"}],"replies":[{"embeddable":true,"href":"https:\/\/us-gc.net\/tr\/wp-json\/wp\/v2\/comments?post=997"}],"version-history":[{"count":1,"href":"https:\/\/us-gc.net\/tr\/wp-json\/wp\/v2\/pages\/997\/revisions"}],"predecessor-version":[{"id":7668,"href":"https:\/\/us-gc.net\/tr\/wp-json\/wp\/v2\/pages\/997\/revisions\/7668"}],"wp:attachment":[{"href":"https:\/\/us-gc.net\/tr\/wp-json\/wp\/v2\/media?parent=997"}],"curies":[{"name":"wp","href":"https:\/\/api.w.org\/{rel}","templated":true}]}}