{"id":877,"date":"2024-01-31T07:57:06","date_gmt":"2024-01-31T07:57:06","guid":{"rendered":"https:\/\/green-card-usa.net\/green-card-cekilisi\/"},"modified":"2025-02-21T09:18:09","modified_gmt":"2025-02-21T09:18:09","slug":"green-card-cekilisi","status":"publish","type":"page","link":"https:\/\/us-gc.net\/tr\/green-card-cekilisi\/","title":{"rendered":"Amerikan Green Card \u00e7ekili\u015fi"},"content":{"rendered":"\n<h1 class=\"wp-block-heading\" id=\"h-loterie-americaine-pour-obtenir-une-green-card\">Green Card almak i\u00e7in Amerikan piyangosu<\/h1>\n\n<p>Her y\u0131l d\u00fcnya \u00e7ap\u0131nda 50.000&#8217;den fazla ki\u015fi Amerikan piyangosu sayesinde Green Card sahibi olmaktad\u0131r. Green Card hakk\u0131 kazanmak i\u00e7in, ba\u015fvuru sahipleri y\u0131lda bir kez yap\u0131lan rastgele bir bilgisayar \u00e7ekili\u015fine kat\u0131l\u0131rlar.<\/p>\n\n<p><a href=\"https:\/\/us-gc.net\/tr\/green-card-cekilisi-formu\/\">Online forma<\/a> t\u0131klayarak sadece birka\u00e7 dakika i\u00e7inde online <strong>kay\u0131t yapt\u0131rarak bu y\u0131ll\u0131k piyangoya<\/strong> kat\u0131l\u0131n.  <\/p>\n\n<div style=\"height:10px\" aria-hidden=\"true\" class=\"wp-block-spacer\"><\/div>\n\n<h2 class=\"wp-block-heading\" id=\"h-qu-est-ce-que-la-loterie-de-la-green-card\">Green Card \u00e7ekili\u015fi nedir?<\/h2>\n\n<p>Amerika Birle\u015fik Devletleri yabanc\u0131 g\u00f6\u00e7 \u00e7e\u015fitlili\u011fini y\u00f6netmek i\u00e7in bir program olu\u015fturmu\u015ftur. Bu s\u00fcre\u00e7 \u00c7e\u015fitlilik Vize Program\u0131 olarak adland\u0131r\u0131lmaktad\u0131r. ABD&#8217;ye g\u00f6\u00e7 etmek i\u00e7in ba\u015fvuranlar aras\u0131nda her y\u0131l yap\u0131lan bir \u00e7ekili\u015fi i\u00e7ermektedir. Kazananlar, \u00c7e\u015fitlilik Vize Program\u0131 kapsam\u0131nda <a href=\"https:\/\/us-gc.net\/tr\/green-card\/\">Green Card<\/a> ba\u015fvurusunda bulunma hakk\u0131na sahiptir.<\/p>\n\n<h2 class=\"wp-block-heading\" id=\"h-quand-se-deroule-la-loterie-de-la-green-card\">Green Card \u00e7ekili\u015fi ne zaman yap\u0131l\u0131r?<\/h2>\n\n<p>Green Card piyango \u00e7ekili\u015fi i\u00e7in giri\u015fler ABD y\u00f6netimi taraf\u0131ndan belirlenen bir s\u00fcre boyunca yap\u0131l\u0131r. Bu kay\u0131t a\u015famas\u0131 a\u015fa\u011f\u0131daki \u015fekilde ger\u00e7ekle\u015fir:<\/p>\n\n<ul class=\"wp-block-list\">\n<li>Kay\u0131t d\u00f6nemi Ekim ay\u0131n\u0131n ilk haftas\u0131nda ba\u015fl\u0131yor;<\/li>\n\n\n\n<li>Kay\u0131tlar Kas\u0131m ay\u0131n\u0131n ilk haftas\u0131nda kapanacakt\u0131r.<\/li>\n<\/ul>\n\n<div style=\"height:10px\" aria-hidden=\"true\" class=\"wp-block-spacer\"><\/div>\n\n<p>Final \u00e7ekili\u015fi her y\u0131l Kas\u0131m ay\u0131nda yap\u0131lmaktad\u0131r.<\/p>\n\n<h2 class=\"wp-block-heading\" id=\"h-comment-s-inscrire-a-la-loterie\">\u00c7ekili\u015fe nas\u0131l kat\u0131labilirim?<\/h2>\n\n<p>Kay\u0131tlar sadece online olarak yap\u0131lmaktad\u0131r. Kay\u0131t i\u00e7in iki ana a\u015fama vard\u0131r:<\/p>\n\n<ul class=\"wp-block-list\">\n<li>Ba\u015fvuru sahipleri, \u00c7e\u015fitlilik Vize Program\u0131 \u00e7ekili\u015fine kat\u0131lmaya uygunluklar\u0131n\u0131 kontrol etmelidir<\/li>\n\n\n\n<li>Ba\u015fvuru sahiplerinin \u00e7ekili\u015fe kaydolmak i\u00e7in \u00e7evrimi\u00e7i bir form doldurmalar\u0131 gerekmektedir.<\/li>\n<\/ul>\n\n<h3 class=\"wp-block-heading\" id=\"h-verifier-son-eligibilite-pour-participer-a-la-loterie\">\u00c7ekili\u015fe kat\u0131lmak i\u00e7in uygunlu\u011funuzu kontrol edin<\/h3>\n\n<p><strong>\u0130lk uygunluk ko\u015fulu<\/strong>: Green Card \u00e7ekili\u015fine kat\u0131lman\u0131n ilk ko\u015fulu, kat\u0131lmaya yetkili olmayan bir \u00fclkenin vatanda\u015f\u0131 olmaman\u0131zd\u0131r.<\/p>\n\n<p>Amerika Birle\u015fik Devletleri kar\u0131\u015f\u0131k bir g\u00f6\u00e7men n\u00fcfusunu muhafaza etmek istemektedir. ABD h\u00fck\u00fcmeti her y\u0131l hangi <a href=\"https:\/\/us-gc.net\/tr\/green-card-cekilisi-katilmayar-ulkeler\/\">\u00fclkelerin Green Card \u00e7ekili\u015fine kat\u0131lamayaca\u011f\u0131na<\/a> karar vermektedir. Kat\u0131l\u0131mc\u0131 olmayan \u00fclkelerin se\u00e7imi a\u015fa\u011f\u0131daki kurala dayanmaktad\u0131r: Son be\u015f y\u0131l i\u00e7inde 50.000&#8217;den fazla vatanda\u015f\u0131 Amerika Birle\u015fik Devletleri&#8217;ne g\u00f6\u00e7 etmi\u015f olan \u00fclkelerin vatanda\u015flar\u0131 bu y\u0131lki \u00e7ekili\u015fe kat\u0131lamaz.<\/p>\n\n<p><strong>\u0130kinci uygunluk ko\u015fulu <\/strong>: Aday\u0131n bakalorya derecesine sahip olmas\u0131 veya son 5 y\u0131l i\u00e7inde en az 2 y\u0131ll\u0131k bir e\u011fitim veya deneyim gerektiren 2 y\u0131l veya daha fazla s\u00fcreyle bir pozisyonda \u00e7al\u0131\u015fm\u0131\u015f olmas\u0131 gerekir.<\/p>\n\n<h3 class=\"wp-block-heading\" id=\"h-s-inscrire-en-ligne-a-la-loterie\">\u00c7ekili\u015fe \u00e7evrimi\u00e7i kaydolun<\/h3>\n\n<p><a href=\"https:\/\/us-gc.net\/tr\/amerikan-yesil-kart-cekilisine\/\">Green Card \u00e7ekili\u015fi<\/a> i\u00e7in <a href=\"https:\/\/us-gc.net\/tr\/green-card-cekilisi-formu\/\">online formu<\/a> doldurarak sadece birka\u00e7 dakika i\u00e7inde kay\u0131t olabilirsiniz. <\/p>\n\n<h2 class=\"wp-block-heading\" id=\"h-comment-connaitre-les-resultats-de-la-loterie-de-la-green-card\">Green Card \u00e7ekili\u015finin sonu\u00e7lar\u0131n\u0131 nas\u0131l \u00f6\u011frenebilirim?<\/h2>\n\n<p><a href=\"https:\/\/us-gc.net\/tr\/sonuclar-cekilis-green-card\/\">Green Card \u00e7ekili\u015finin sonu\u00e7lar\u0131<\/a> her y\u0131l Kas\u0131m ay\u0131ndaki \u00e7ekili\u015ften en az 6 ay sonra yay\u0131nlanmaktad\u0131r. Piyango \u00e7ekili\u015finin sonu\u00e7lar\u0131 bir sonraki y\u0131l\u0131n May\u0131s ay\u0131ndan itibaren \u00e7evrimi\u00e7i olarak yay\u0131nlanmaktad\u0131r.<\/p>\n\n<p>\u00c7e\u015fitlilik Vize Program\u0131n\u0131 y\u00f6neten ABD D\u0131\u015fi\u015fleri Bakanl\u0131\u011f\u0131, her y\u0131l \u00e7ekili\u015fe kat\u0131lan ba\u015fvuru sahiplerine ili\u015fkin istatistikleri \u00e7evrimi\u00e7i olarak yay\u0131nlamaktad\u0131r.  <\/p>\n\n<h2 class=\"wp-block-heading\" id=\"h-est-ce-qu-il-y-a-des-quotas-par-pays-pour-la-loterie\">\u00c7ekili\u015f i\u00e7in \u00fclke ba\u015f\u0131na kota var m\u0131?<\/h2>\n\n<p>Ye\u015fil Kart \u00e7ekili\u015fine kat\u0131lmak i\u00e7in kay\u0131t yapt\u0131rd\u0131\u011f\u0131n\u0131zda \u00fclke ba\u015f\u0131na herhangi bir kota bulunmamaktad\u0131r. \u00d6te yandan, \u00c7e\u015fitlilik Vize Program\u0131, \u00e7e\u015fitlilik program\u0131ndan kaynaklanan vizelerin nihai tahsisi i\u00e7in \u00fclkelere g\u00f6re kotalar belirlemektedir: <strong>herhangi bir \u00fclkeden gelen vatanda\u015flar, kazananlar\u0131n toplam say\u0131s\u0131n\u0131n %7&#8217;sinden fazlas\u0131n\u0131 temsil<\/strong> edemez.<\/p>\n\n<p><strong>2023 i\u00e7in \u00f6rnek<\/strong>: 2023 y\u0131l\u0131nda verilen toplam 55.000 Ye\u015fil Kart i\u00e7in hi\u00e7bir \u00fclke bunlar\u0131n %7&#8217;sinden fazlas\u0131na, yani en fazla 3.850 Ye\u015fil Karta sahip olamaz.<\/p>\n\n<h2 class=\"wp-block-heading\" id=\"h-synthese-des-candidats-ayant-participes-a-la-loterie-de-2019-a-2021\">2019&#8217;dan 2021&#8217;e kadar \u00e7ekili\u015fe kat\u0131lan adaylar\u0131n \u00f6zeti<\/h2>\n\n<p>ABD D\u0131\u015fi\u015fleri Bakanl\u0131\u011f\u0131 taraf\u0131ndan Ye\u015fil Kart \u00e7ekili\u015fi i\u00e7in yap\u0131lan online ba\u015fvuru say\u0131s\u0131na ili\u015fkin yay\u0131nlanan son rakamlar 2021 y\u0131l\u0131na aittir. \u0130\u015fte 2019&#8217;dan 2021&#8217;e kadar co\u011frafi b\u00f6lgelere g\u00f6re ayr\u0131lm\u0131\u015f kat\u0131l\u0131m \u00f6zeti:  <\/p>\n\n<figure class=\"wp-block-table\"><table><tbody><tr><td><strong>Co\u011frafi b\u00f6lgeler <\/strong><\/td><td class=\"has-text-align-center\" data-align=\"center\"><strong>2019<\/strong><\/td><td class=\"has-text-align-center\" data-align=\"center\"><strong>2020<\/strong><\/td><td class=\"has-text-align-center\" data-align=\"center\"><strong>2021<\/strong><\/td><\/tr><tr><td><a href=\"https:\/\/us-gc.net\/tr\/piyango-green-card-alke-afrika\/\">Afrika \u00fclkeleri<\/a><\/td><td class=\"has-text-align-center\" data-align=\"center\">7 832 894<\/td><td class=\"has-text-align-center\" data-align=\"center\">8 145 390<\/td><td class=\"has-text-align-center\" data-align=\"center\">3 100 982<\/td><\/tr><tr><td><a href=\"https:\/\/us-gc.net\/tr\/green-card-cekilisi-asya-ulkeleri\/\">Asya \u00fclkeleri<\/a><\/td><td class=\"has-text-align-center\" data-align=\"center\">1 871 824<\/td><td class=\"has-text-align-center\" data-align=\"center\">1 952 489<\/td><td class=\"has-text-align-center\" data-align=\"center\">1 281 046<\/td><\/tr><tr><td><a href=\"https:\/\/us-gc.net\/tr\/piyango-green-card-avrupa\/\">Avrupa&#8217;daki \u00dclkeler<\/a><\/td><td class=\"has-text-align-center\" data-align=\"center\">4 349 555<\/td><td class=\"has-text-align-center\" data-align=\"center\">4 072 324<\/td><td class=\"has-text-align-center\" data-align=\"center\">2 014 089<\/td><\/tr><tr><td>Kuzey Amerika \u00fclkeleri (Bahamalar)<\/td><td class=\"has-text-align-center\" data-align=\"center\">1 506<\/td><td class=\"has-text-align-center\" data-align=\"center\">1 445<\/td><td class=\"has-text-align-center\" data-align=\"center\">937<\/td><\/tr><tr><td>Okyanusya<\/td><td class=\"has-text-align-center\" data-align=\"center\">23 201<\/td><td class=\"has-text-align-center\" data-align=\"center\">22 722<\/td><td class=\"has-text-align-center\" data-align=\"center\">16 672<\/td><\/tr><tr><td>Orta ve G\u00fcney Amerika \u00fclkeleri<\/td><td class=\"has-text-align-center\" data-align=\"center\">273 033<\/td><td class=\"has-text-align-center\" data-align=\"center\">528 428<\/td><td class=\"has-text-align-center\" data-align=\"center\">327 402<\/td><\/tr><tr><td><strong>Toplam ba\u015fvuru say\u0131s\u0131<\/strong><\/td><td class=\"has-text-align-center\" data-align=\"center\"><strong>14 352 013<\/strong><\/td><td class=\"has-text-align-center\" data-align=\"center\"><strong>14 722 798<\/strong><\/td><td class=\"has-text-align-center\" data-align=\"center\"><strong>6 741 128<\/strong><\/td><\/tr><\/tbody><\/table><\/figure>\n\n<p>Bu istatistikler, D\u0131\u015fi\u015fleri Bakanl\u0131\u011f\u0131 taraf\u0131ndan <a href=\"https:\/\/travel.state.gov\/content\/travel\/en\/us-visas\/immigrate\/diversity-visa-program-entry\/diversity-visa-program-statistics.html\">travel.state.gov<\/a> adresinde yay\u0131nlanan kamuya a\u00e7\u0131k verilerden derlenmi\u015ftir.<\/p>\n\n<h2 class=\"wp-block-heading\" id=\"h-qu-est-ce-qu-il-se-passe-apres-la-loterie-de-la-green-card\">Green Card \u00e7ekili\u015finden sonra ne olur?<\/h2>\n\n<p>Piyango kazananlar\u0131, piyangoyu kazand\u0131ktan sonra bir dizi ad\u0131m\u0131 takip etmelidir. Prosed\u00fcrdeki sonraki ad\u0131mlar \u015funlard\u0131r:<\/p>\n\n<ul class=\"wp-block-list\">\n<li><a href=\"https:\/\/travel.state.gov\/content\/travel\/en\/us-visas\/visa-information-resources\/forms\/online-immigrant-visa-forms\/ds-260-faqs.html\">DS-260 vize ba\u015fvuru formunu<\/a> doldurun.<\/li>\n\n\n\n<li>Bu zorunlu vize ba\u015fvurusunun bir par\u00e7as\u0131 olarak <a href=\"https:\/\/us-gc.net\/tr\/green-card-fiyati\/\">Green Card almak i\u00e7in gereken \u00fccretlerin<\/a> \u00f6denmesi;<\/li>\n\n\n\n<li>USCIS \u00c7e\u015fitlilik Vize Program\u0131 g\u00f6revlisi ile <a href=\"https:\/\/us-gc.net\/tr\/green-card-mulakat\/\">Green Card i\u00e7in m\u00fclakat<\/a>;<\/li>\n\n\n\n<li>T\u0131bbi muayene ger\u00e7ekle\u015ftirin.<\/li>\n<\/ul>\n\n<div style=\"height:10px\" aria-hidden=\"true\" class=\"wp-block-spacer\"><\/div>\n","protected":false},"excerpt":{"rendered":"<p>Green Card almak i\u00e7in Amerikan piyangosu Her y\u0131l d\u00fcnya \u00e7ap\u0131nda 50.000&#8217;den fazla ki\u015fi Amerikan piyangosu sayesinde Green Card sahibi olmaktad\u0131r. Green Card hakk\u0131 kazanmak i\u00e7in, ba\u015fvuru sahipleri y\u0131lda bir kez yap\u0131lan rastgele bir bilgisayar \u00e7ekili\u015fine kat\u0131l\u0131rlar. Online forma t\u0131klayarak sadece birka\u00e7 dakika i\u00e7inde online kay\u0131t yapt\u0131rarak bu y\u0131ll\u0131k piyangoya kat\u0131l\u0131n. Green Card \u00e7ekili\u015fi nedir? Amerika [&hellip;]<\/p>\n","protected":false},"author":1,"featured_media":0,"parent":0,"menu_order":0,"comment_status":"closed","ping_status":"closed","template":"","meta":{"footnotes":""},"class_list":["post-877","page","type-page","status-publish","hentry"],"yoast_head":"<!-- This site is optimized with the Yoast SEO plugin v27.4 - https:\/\/yoast.com\/product\/yoast-seo-wordpress\/ -->\n<title>Amerikan Green Card \u00e7ekili\u015fi - USA GC<\/title>\n<meta name=\"description\" content=\"Rastgele bir \u00e7ekili\u015fle 50.000 di\u011fer kazanan gibi Green Card almak i\u00e7in y\u0131ll\u0131k Amerikan piyangosuna kat\u0131l\u0131n.\" \/>\n<meta name=\"robots\" content=\"index, follow, max-snippet:-1, max-image-preview:large, max-video-preview:-1\" \/>\n<link rel=\"canonical\" href=\"https:\/\/us-gc.net\/tr\/green-card-cekilisi\/\" \/>\n<meta property=\"og:locale\" content=\"tr_TR\" \/>\n<meta property=\"og:type\" content=\"article\" \/>\n<meta property=\"og:title\" content=\"Amerikan Green Card \u00e7ekili\u015fi - USA GC\" \/>\n<meta property=\"og:description\" content=\"Rastgele bir \u00e7ekili\u015fle 50.000 di\u011fer kazanan gibi Green Card almak i\u00e7in y\u0131ll\u0131k Amerikan piyangosuna kat\u0131l\u0131n.\" \/>\n<meta property=\"og:url\" content=\"https:\/\/us-gc.net\/tr\/green-card-cekilisi\/\" \/>\n<meta property=\"og:site_name\" content=\"USA GC\" \/>\n<meta property=\"article:modified_time\" content=\"2025-02-21T09:18:09+00:00\" \/>\n<meta name=\"twitter:card\" content=\"summary_large_image\" \/>\n<meta name=\"twitter:label1\" content=\"Tahmini okuma s\u00fcresi\" \/>\n\t<meta name=\"twitter:data1\" content=\"4 dakika\" \/>\n<script type=\"application\/ld+json\" class=\"yoast-schema-graph\">{\"@context\":\"https:\\\/\\\/schema.org\",\"@graph\":[{\"@type\":\"WebPage\",\"@id\":\"https:\\\/\\\/us-gc.net\\\/tr\\\/green-card-cekilisi\\\/\",\"url\":\"https:\\\/\\\/us-gc.net\\\/tr\\\/green-card-cekilisi\\\/\",\"name\":\"Amerikan Green Card \u00e7ekili\u015fi - USA GC\",\"isPartOf\":{\"@id\":\"https:\\\/\\\/us-gc.net\\\/tr\\\/#website\"},\"datePublished\":\"2024-01-31T07:57:06+00:00\",\"dateModified\":\"2025-02-21T09:18:09+00:00\",\"description\":\"Rastgele bir \u00e7ekili\u015fle 50.000 di\u011fer kazanan gibi Green Card almak i\u00e7in y\u0131ll\u0131k Amerikan piyangosuna kat\u0131l\u0131n.\",\"breadcrumb\":{\"@id\":\"https:\\\/\\\/us-gc.net\\\/tr\\\/green-card-cekilisi\\\/#breadcrumb\"},\"inLanguage\":\"tr\",\"potentialAction\":[{\"@type\":\"ReadAction\",\"target\":[\"https:\\\/\\\/us-gc.net\\\/tr\\\/green-card-cekilisi\\\/\"]}]},{\"@type\":\"BreadcrumbList\",\"@id\":\"https:\\\/\\\/us-gc.net\\\/tr\\\/green-card-cekilisi\\\/#breadcrumb\",\"itemListElement\":[{\"@type\":\"ListItem\",\"position\":1,\"name\":\"Accueil\",\"item\":\"https:\\\/\\\/us-gc.net\\\/tr\\\/green-card\\\/\"},{\"@type\":\"ListItem\",\"position\":2,\"name\":\"Amerikan Green Card \u00e7ekili\u015fi\"}]},{\"@type\":\"WebSite\",\"@id\":\"https:\\\/\\\/us-gc.net\\\/tr\\\/#website\",\"url\":\"https:\\\/\\\/us-gc.net\\\/tr\\\/\",\"name\":\"USA GC\",\"description\":\"\",\"potentialAction\":[{\"@type\":\"SearchAction\",\"target\":{\"@type\":\"EntryPoint\",\"urlTemplate\":\"https:\\\/\\\/us-gc.net\\\/tr\\\/?s={search_term_string}\"},\"query-input\":{\"@type\":\"PropertyValueSpecification\",\"valueRequired\":true,\"valueName\":\"search_term_string\"}}],\"inLanguage\":\"tr\"}]}<\/script>\n<!-- \/ Yoast SEO plugin. -->","yoast_head_json":{"title":"Amerikan Green Card \u00e7ekili\u015fi - USA GC","description":"Rastgele bir \u00e7ekili\u015fle 50.000 di\u011fer kazanan gibi Green Card almak i\u00e7in y\u0131ll\u0131k Amerikan piyangosuna kat\u0131l\u0131n.","robots":{"index":"index","follow":"follow","max-snippet":"max-snippet:-1","max-image-preview":"max-image-preview:large","max-video-preview":"max-video-preview:-1"},"canonical":"https:\/\/us-gc.net\/tr\/green-card-cekilisi\/","og_locale":"tr_TR","og_type":"article","og_title":"Amerikan Green Card \u00e7ekili\u015fi - USA GC","og_description":"Rastgele bir \u00e7ekili\u015fle 50.000 di\u011fer kazanan gibi Green Card almak i\u00e7in y\u0131ll\u0131k Amerikan piyangosuna kat\u0131l\u0131n.","og_url":"https:\/\/us-gc.net\/tr\/green-card-cekilisi\/","og_site_name":"USA GC","article_modified_time":"2025-02-21T09:18:09+00:00","twitter_card":"summary_large_image","twitter_misc":{"Tahmini okuma s\u00fcresi":"4 dakika"},"schema":{"@context":"https:\/\/schema.org","@graph":[{"@type":"WebPage","@id":"https:\/\/us-gc.net\/tr\/green-card-cekilisi\/","url":"https:\/\/us-gc.net\/tr\/green-card-cekilisi\/","name":"Amerikan Green Card \u00e7ekili\u015fi - USA GC","isPartOf":{"@id":"https:\/\/us-gc.net\/tr\/#website"},"datePublished":"2024-01-31T07:57:06+00:00","dateModified":"2025-02-21T09:18:09+00:00","description":"Rastgele bir \u00e7ekili\u015fle 50.000 di\u011fer kazanan gibi Green Card almak i\u00e7in y\u0131ll\u0131k Amerikan piyangosuna kat\u0131l\u0131n.","breadcrumb":{"@id":"https:\/\/us-gc.net\/tr\/green-card-cekilisi\/#breadcrumb"},"inLanguage":"tr","potentialAction":[{"@type":"ReadAction","target":["https:\/\/us-gc.net\/tr\/green-card-cekilisi\/"]}]},{"@type":"BreadcrumbList","@id":"https:\/\/us-gc.net\/tr\/green-card-cekilisi\/#breadcrumb","itemListElement":[{"@type":"ListItem","position":1,"name":"Accueil","item":"https:\/\/us-gc.net\/tr\/green-card\/"},{"@type":"ListItem","position":2,"name":"Amerikan Green Card \u00e7ekili\u015fi"}]},{"@type":"WebSite","@id":"https:\/\/us-gc.net\/tr\/#website","url":"https:\/\/us-gc.net\/tr\/","name":"USA GC","description":"","potentialAction":[{"@type":"SearchAction","target":{"@type":"EntryPoint","urlTemplate":"https:\/\/us-gc.net\/tr\/?s={search_term_string}"},"query-input":{"@type":"PropertyValueSpecification","valueRequired":true,"valueName":"search_term_string"}}],"inLanguage":"tr"}]}},"_links":{"self":[{"href":"https:\/\/us-gc.net\/tr\/wp-json\/wp\/v2\/pages\/877","targetHints":{"allow":["GET"]}}],"collection":[{"href":"https:\/\/us-gc.net\/tr\/wp-json\/wp\/v2\/pages"}],"about":[{"href":"https:\/\/us-gc.net\/tr\/wp-json\/wp\/v2\/types\/page"}],"author":[{"embeddable":true,"href":"https:\/\/us-gc.net\/tr\/wp-json\/wp\/v2\/users\/1"}],"replies":[{"embeddable":true,"href":"https:\/\/us-gc.net\/tr\/wp-json\/wp\/v2\/comments?post=877"}],"version-history":[{"count":2,"href":"https:\/\/us-gc.net\/tr\/wp-json\/wp\/v2\/pages\/877\/revisions"}],"predecessor-version":[{"id":9834,"href":"https:\/\/us-gc.net\/tr\/wp-json\/wp\/v2\/pages\/877\/revisions\/9834"}],"wp:attachment":[{"href":"https:\/\/us-gc.net\/tr\/wp-json\/wp\/v2\/media?parent=877"}],"curies":[{"name":"wp","href":"https:\/\/api.w.org\/{rel}","templated":true}]}}