{"id":827,"date":"2024-01-31T16:18:19","date_gmt":"2024-01-31T16:18:19","guid":{"rendered":"https:\/\/green-card-usa.net\/travel-abroad-with-green-card\/"},"modified":"2025-03-31T11:23:15","modified_gmt":"2025-03-31T11:23:15","slug":"travel-abroad-with-green-card","status":"publish","type":"page","link":"https:\/\/us-gc.net\/tr\/travel-abroad-with-green-card\/","title":{"rendered":"Ye\u015fil Kart ile yurt d\u0131\u015f\u0131na seyahat"},"content":{"rendered":"\n<h1 class=\"wp-block-heading\" id=\"h-voyager-hors-des-etats-unis-avec-une-green-card\">Ye\u015fil Kart ile Amerika Birle\u015fik Devletleri d\u0131\u015f\u0131na seyahat etmek<\/h1>\n\n<p>Amerikan pasaportunun g\u00fcc\u00fc, Amerikan vatanda\u015flar\u0131n\u0131n vizeye ihtiya\u00e7 duymadan d\u00fcnya \u00e7ap\u0131nda 140&#8217;tan fazla \u00fclkeye seyahat edebilece\u011fi anlam\u0131na geliyor. Bu \u00fclkelerden baz\u0131lar\u0131 bu vizesiz seyahat hakk\u0131n\u0131 <a href=\"https:\/\/us-gc.net\/tr\/\">ABD Ye\u015fil Kart<\/a> sahiplerine de tan\u0131m\u0131\u015ft\u0131r.<\/p>\n\n<h2 class=\"wp-block-heading\" id=\"h-ou-peut-on-voyager-a-l-etranger-avec-une-green-card\">Ye\u015fil Kart ile yurt d\u0131\u015f\u0131nda nerelere seyahat edebilirim?<\/h2>\n\n<p>Amerika Birle\u015fik Devletleri&#8217;nin baz\u0131 kom\u015fu \u00fclkeleriyle Ye\u015fil Kart sahiplerinin s\u0131n\u0131rlar\u0131n\u0131 ge\u00e7melerine izin veren b\u00f6lgesel bir anla\u015fma y\u00fcr\u00fcrl\u00fcktedir. ABD&#8217;de ikamet edenler a\u015fa\u011f\u0131daki \u00fclkelerin s\u0131n\u0131rlar\u0131n\u0131 ge\u00e7ebilirler:<\/p>\n\n<ul class=\"wp-block-list\">\n<li>Kanada<\/li>\n\n\n\n<li>Meksika<\/li>\n\n\n\n<li>Kosta Rika<\/li>\n\n\n\n<li>Britanya Virjin Adalar\u0131<\/li>\n\n\n\n<li>Aruba ve Cura\u00e7ao<\/li>\n<\/ul>\n\n<p>G\u00fcrcistan, Singapur ve Balkan \u00fclkeleri Arnavutluk, Bosna-Hersek, Kosova, Karada\u011f ve S\u0131rbistan gibi \u00e7ok daha uzak \u00fclkeler de ABD Ye\u015fil Kart sahiplerinin vizesiz seyahat etmelerine izin vermektedir.<\/p>\n\n<p><a href=\"https:\/\/us-gc.net\/tr\/green-card-evlilik-yoluyla\/\">Ye\u015fil Kart\u0131n\u0131z\u0131 ister evlilik yoluyla<\/a> elde etmi\u015f olun, ister <a href=\"https:\/\/us-gc.net\/tr\/green-card-cekilisi\/\">piyangodan<\/a> Ye\u015fil Kart kazanm\u0131\u015f olun, t\u00fcm Amerikal\u0131 Ye\u015fil Kart sahipleriyle ayn\u0131 haklara sahipsiniz.<\/p>\n\n<h2 class=\"wp-block-heading\" id=\"h-comment-voyager-au-canada-avec-une-green-card\">Ye\u015fil Kart ile Kanada&#8217;ya nas\u0131l seyahat edebilirim?<\/h2>\n\n<p>Amerikan Ye\u015fil Kart\u0131n\u0131z varsa, \u00f6nce Kanada turist vizesi almadan Kanada s\u0131n\u0131r\u0131n\u0131 ge\u00e7ebilirsiniz. Bu kural, uyru\u011fu ne olursa olsun t\u00fcm Ye\u015fil Kart sahipleri i\u00e7in ge\u00e7erlidir.  <\/p>\n\n<p>Ancak, hava yoluyla seyahat ediyorsan\u0131z veya Kanada&#8217;dan transit ge\u00e7iyorsan\u0131z, u\u00e7a\u011fa binmeden \u00f6nce Kanada ETA&#8217;s\u0131 alman\u0131z gerekecektir. Son olarak, s\u0131n\u0131r\u0131 kara yoluyla ge\u00e7iyorsan\u0131z, ihtiyac\u0131n\u0131z olan tek \u015fey pasaportunuz ve Ye\u015fil Kart\u0131n\u0131zd\u0131r.<\/p>\n\n<h2 class=\"wp-block-heading\" id=\"h-peut-on-voyager-a-l-etranger-avec-une-green-card-sans-passeport\">Pasaport olmadan Ye\u015fil Kart ile yurt d\u0131\u015f\u0131na seyahat edebilir miyim?<\/h2>\n\n<p>Pasaport genellikle yurt d\u0131\u015f\u0131na seyahat i\u00e7in gereklidir. Ye\u015fil Kart sahibi olmak uluslararas\u0131 s\u0131n\u0131rlar\u0131 ge\u00e7mek i\u00e7in tek ba\u015f\u0131na yeterli de\u011fildir. \u0130ster hava ister kara yoluyla olsun, g\u00fcmr\u00fck ve g\u00f6\u00e7menlik makamlar\u0131 ge\u00e7erli bir pasaportun ibraz edilmesini talep etmektedir. Bir yolcunun kimli\u011fini ve uyru\u011funu yaln\u0131zca pasaportu kan\u0131tlayabilir.<\/p>\n\n<p>Ancak, bu kural\u0131n s\u0131n\u0131rl\u0131 istisnalar\u0131 vard\u0131r. Baz\u0131 \u00f6zel durumlarda, \u00fclkeler s\u0131n\u0131rlar\u0131n\u0131 pasaport ibraz etmeden ge\u00e7mek i\u00e7in b\u00f6lgesel bir anla\u015fma imzalam\u0131\u015flard\u0131r. Bunun en \u00f6nemli \u00f6rne\u011fi Schengen b\u00f6lgesindeki \u00fclkelerin vatanda\u015flar\u0131yla ilgilidir. Pasaport ibraz etmeksizin \u00dcye Devletler aras\u0131nda serbest\u00e7e hareket edebilirler.<\/p>\n\n<h2 class=\"wp-block-heading\" id=\"h-peut-on-voyager-avec-une-copie-de-la-green-card\">Ye\u015fil Kart\u0131m\u0131n bir kopyas\u0131yla seyahat edebilir miyim?<\/h2>\n\n<p>Ye\u015fil Kart, Amerika Birle\u015fik Devletleri&#8217;nde daimi ikamet stat\u00fcs\u00fcn\u00fc kan\u0131tlayan resmi bir belgedir. Ye\u015fil Kart\u0131n\u0131z\u0131n sadece bir kopyas\u0131 ile yurtd\u0131\u015f\u0131na seyahat etmeniz tavsiye edilmez. Uluslararas\u0131 seyahatlerde, s\u0131n\u0131r yetkilileri yolcunun kimli\u011fini ve stat\u00fcs\u00fcn\u00fc do\u011frulamak i\u00e7in orijinal belgeleri g\u00f6rmek ister.<\/p>\n\n<p>Amerika Birle\u015fik Devletleri d\u0131\u015f\u0131na seyahat ediyorsan\u0131z, \u00fclkeye yeniden giri\u015f yapmak i\u00e7in orijinal Ye\u015fil Kart\u0131n\u0131z\u0131 yan\u0131n\u0131za almal\u0131s\u0131n\u0131z. Ye\u015fil Kart\u0131n\u0131z\u0131n bir kopyas\u0131 daimi ikamet stat\u00fcn\u00fcz\u00fc kan\u0131tlamak i\u00e7in yeterli de\u011fildir.<\/p>\n\n<p>Yurtd\u0131\u015f\u0131ndayken Ye\u015fil Kart\u0131n\u0131z kaybolur veya \u00e7al\u0131n\u0131rsa, derhal Amerikan b\u00fcy\u00fckel\u00e7ili\u011fi veya konsoloslu\u011fuyla ileti\u015fime ge\u00e7melisiniz. B\u00fcy\u00fckel\u00e7ilik size Amerika Birle\u015fik Devletleri&#8217;ne gitmenize ve geri d\u00f6nmenize izin veren bir yedek belge sa\u011flayacakt\u0131r.<\/p>\n","protected":false},"excerpt":{"rendered":"<p>Ye\u015fil Kart ile Amerika Birle\u015fik Devletleri d\u0131\u015f\u0131na seyahat etmek Amerikan pasaportunun g\u00fcc\u00fc, Amerikan vatanda\u015flar\u0131n\u0131n vizeye ihtiya\u00e7 duymadan d\u00fcnya \u00e7ap\u0131nda 140&#8217;tan fazla \u00fclkeye seyahat edebilece\u011fi anlam\u0131na geliyor. Bu \u00fclkelerden baz\u0131lar\u0131 bu vizesiz seyahat hakk\u0131n\u0131 ABD Ye\u015fil Kart sahiplerine de tan\u0131m\u0131\u015ft\u0131r. Ye\u015fil Kart ile yurt d\u0131\u015f\u0131nda nerelere seyahat edebilirim? Amerika Birle\u015fik Devletleri&#8217;nin baz\u0131 kom\u015fu \u00fclkeleriyle Ye\u015fil Kart [&hellip;]<\/p>\n","protected":false},"author":1,"featured_media":0,"parent":0,"menu_order":0,"comment_status":"closed","ping_status":"closed","template":"","meta":{"footnotes":""},"class_list":["post-827","page","type-page","status-publish","hentry"],"yoast_head":"<!-- This site is optimized with the Yoast SEO plugin v27.4 - https:\/\/yoast.com\/product\/yoast-seo-wordpress\/ -->\n<title>Ye\u015fil Kart ile yurt d\u0131\u015f\u0131na seyahat - USA GC<\/title>\n<meta name=\"description\" content=\"ABD&#039;de ikamet eden bir ki\u015finin Ye\u015fil Kart ile yurt d\u0131\u015f\u0131na seyahat etmesi i\u00e7in hangi kurallar ge\u00e7erlidir?\" \/>\n<meta name=\"robots\" content=\"index, follow, max-snippet:-1, max-image-preview:large, max-video-preview:-1\" \/>\n<link rel=\"canonical\" href=\"https:\/\/us-gc.net\/tr\/travel-abroad-with-green-card\/\" \/>\n<meta property=\"og:locale\" content=\"tr_TR\" \/>\n<meta property=\"og:type\" content=\"article\" \/>\n<meta property=\"og:title\" content=\"Ye\u015fil Kart ile yurt d\u0131\u015f\u0131na seyahat - USA GC\" \/>\n<meta property=\"og:description\" content=\"ABD&#039;de ikamet eden bir ki\u015finin Ye\u015fil Kart ile yurt d\u0131\u015f\u0131na seyahat etmesi i\u00e7in hangi kurallar ge\u00e7erlidir?\" \/>\n<meta property=\"og:url\" content=\"https:\/\/us-gc.net\/tr\/travel-abroad-with-green-card\/\" \/>\n<meta property=\"og:site_name\" content=\"USA GC\" \/>\n<meta property=\"article:modified_time\" content=\"2025-03-31T11:23:15+00:00\" \/>\n<meta name=\"twitter:card\" content=\"summary_large_image\" \/>\n<meta name=\"twitter:label1\" content=\"Tahmini okuma s\u00fcresi\" \/>\n\t<meta name=\"twitter:data1\" content=\"3 dakika\" \/>\n<script type=\"application\/ld+json\" class=\"yoast-schema-graph\">{\"@context\":\"https:\\\/\\\/schema.org\",\"@graph\":[{\"@type\":\"WebPage\",\"@id\":\"https:\\\/\\\/us-gc.net\\\/tr\\\/travel-abroad-with-green-card\\\/\",\"url\":\"https:\\\/\\\/us-gc.net\\\/tr\\\/travel-abroad-with-green-card\\\/\",\"name\":\"Ye\u015fil Kart ile yurt d\u0131\u015f\u0131na seyahat - USA GC\",\"isPartOf\":{\"@id\":\"https:\\\/\\\/us-gc.net\\\/tr\\\/#website\"},\"datePublished\":\"2024-01-31T16:18:19+00:00\",\"dateModified\":\"2025-03-31T11:23:15+00:00\",\"description\":\"ABD'de ikamet eden bir ki\u015finin Ye\u015fil Kart ile yurt d\u0131\u015f\u0131na seyahat etmesi i\u00e7in hangi kurallar ge\u00e7erlidir?\",\"breadcrumb\":{\"@id\":\"https:\\\/\\\/us-gc.net\\\/tr\\\/travel-abroad-with-green-card\\\/#breadcrumb\"},\"inLanguage\":\"tr\",\"potentialAction\":[{\"@type\":\"ReadAction\",\"target\":[\"https:\\\/\\\/us-gc.net\\\/tr\\\/travel-abroad-with-green-card\\\/\"]}]},{\"@type\":\"BreadcrumbList\",\"@id\":\"https:\\\/\\\/us-gc.net\\\/tr\\\/travel-abroad-with-green-card\\\/#breadcrumb\",\"itemListElement\":[{\"@type\":\"ListItem\",\"position\":1,\"name\":\"Accueil\",\"item\":\"https:\\\/\\\/us-gc.net\\\/tr\\\/green-card\\\/\"},{\"@type\":\"ListItem\",\"position\":2,\"name\":\"Ye\u015fil Kart ile yurt d\u0131\u015f\u0131na seyahat\"}]},{\"@type\":\"WebSite\",\"@id\":\"https:\\\/\\\/us-gc.net\\\/tr\\\/#website\",\"url\":\"https:\\\/\\\/us-gc.net\\\/tr\\\/\",\"name\":\"USA GC\",\"description\":\"\",\"potentialAction\":[{\"@type\":\"SearchAction\",\"target\":{\"@type\":\"EntryPoint\",\"urlTemplate\":\"https:\\\/\\\/us-gc.net\\\/tr\\\/?s={search_term_string}\"},\"query-input\":{\"@type\":\"PropertyValueSpecification\",\"valueRequired\":true,\"valueName\":\"search_term_string\"}}],\"inLanguage\":\"tr\"}]}<\/script>\n<!-- \/ Yoast SEO plugin. -->","yoast_head_json":{"title":"Ye\u015fil Kart ile yurt d\u0131\u015f\u0131na seyahat - USA GC","description":"ABD'de ikamet eden bir ki\u015finin Ye\u015fil Kart ile yurt d\u0131\u015f\u0131na seyahat etmesi i\u00e7in hangi kurallar ge\u00e7erlidir?","robots":{"index":"index","follow":"follow","max-snippet":"max-snippet:-1","max-image-preview":"max-image-preview:large","max-video-preview":"max-video-preview:-1"},"canonical":"https:\/\/us-gc.net\/tr\/travel-abroad-with-green-card\/","og_locale":"tr_TR","og_type":"article","og_title":"Ye\u015fil Kart ile yurt d\u0131\u015f\u0131na seyahat - USA GC","og_description":"ABD'de ikamet eden bir ki\u015finin Ye\u015fil Kart ile yurt d\u0131\u015f\u0131na seyahat etmesi i\u00e7in hangi kurallar ge\u00e7erlidir?","og_url":"https:\/\/us-gc.net\/tr\/travel-abroad-with-green-card\/","og_site_name":"USA GC","article_modified_time":"2025-03-31T11:23:15+00:00","twitter_card":"summary_large_image","twitter_misc":{"Tahmini okuma s\u00fcresi":"3 dakika"},"schema":{"@context":"https:\/\/schema.org","@graph":[{"@type":"WebPage","@id":"https:\/\/us-gc.net\/tr\/travel-abroad-with-green-card\/","url":"https:\/\/us-gc.net\/tr\/travel-abroad-with-green-card\/","name":"Ye\u015fil Kart ile yurt d\u0131\u015f\u0131na seyahat - USA GC","isPartOf":{"@id":"https:\/\/us-gc.net\/tr\/#website"},"datePublished":"2024-01-31T16:18:19+00:00","dateModified":"2025-03-31T11:23:15+00:00","description":"ABD'de ikamet eden bir ki\u015finin Ye\u015fil Kart ile yurt d\u0131\u015f\u0131na seyahat etmesi i\u00e7in hangi kurallar ge\u00e7erlidir?","breadcrumb":{"@id":"https:\/\/us-gc.net\/tr\/travel-abroad-with-green-card\/#breadcrumb"},"inLanguage":"tr","potentialAction":[{"@type":"ReadAction","target":["https:\/\/us-gc.net\/tr\/travel-abroad-with-green-card\/"]}]},{"@type":"BreadcrumbList","@id":"https:\/\/us-gc.net\/tr\/travel-abroad-with-green-card\/#breadcrumb","itemListElement":[{"@type":"ListItem","position":1,"name":"Accueil","item":"https:\/\/us-gc.net\/tr\/green-card\/"},{"@type":"ListItem","position":2,"name":"Ye\u015fil Kart ile yurt d\u0131\u015f\u0131na seyahat"}]},{"@type":"WebSite","@id":"https:\/\/us-gc.net\/tr\/#website","url":"https:\/\/us-gc.net\/tr\/","name":"USA GC","description":"","potentialAction":[{"@type":"SearchAction","target":{"@type":"EntryPoint","urlTemplate":"https:\/\/us-gc.net\/tr\/?s={search_term_string}"},"query-input":{"@type":"PropertyValueSpecification","valueRequired":true,"valueName":"search_term_string"}}],"inLanguage":"tr"}]}},"_links":{"self":[{"href":"https:\/\/us-gc.net\/tr\/wp-json\/wp\/v2\/pages\/827","targetHints":{"allow":["GET"]}}],"collection":[{"href":"https:\/\/us-gc.net\/tr\/wp-json\/wp\/v2\/pages"}],"about":[{"href":"https:\/\/us-gc.net\/tr\/wp-json\/wp\/v2\/types\/page"}],"author":[{"embeddable":true,"href":"https:\/\/us-gc.net\/tr\/wp-json\/wp\/v2\/users\/1"}],"replies":[{"embeddable":true,"href":"https:\/\/us-gc.net\/tr\/wp-json\/wp\/v2\/comments?post=827"}],"version-history":[{"count":3,"href":"https:\/\/us-gc.net\/tr\/wp-json\/wp\/v2\/pages\/827\/revisions"}],"predecessor-version":[{"id":10175,"href":"https:\/\/us-gc.net\/tr\/wp-json\/wp\/v2\/pages\/827\/revisions\/10175"}],"wp:attachment":[{"href":"https:\/\/us-gc.net\/tr\/wp-json\/wp\/v2\/media?parent=827"}],"curies":[{"name":"wp","href":"https:\/\/api.w.org\/{rel}","templated":true}]}}