{"id":803,"date":"2024-02-02T15:07:30","date_gmt":"2024-02-02T15:07:30","guid":{"rendered":"https:\/\/green-card-usa.net\/sonuclar-cekilis-green-card\/"},"modified":"2024-12-30T09:47:02","modified_gmt":"2024-12-30T09:47:02","slug":"sonuclar-cekilis-green-card","status":"publish","type":"page","link":"https:\/\/us-gc.net\/tr\/sonuclar-cekilis-green-card\/","title":{"rendered":"Green Card \u00e7ekili\u015f sonu\u00e7lar\u0131"},"content":{"rendered":"\n<h1 class=\"wp-block-heading\" id=\"h-les-resultats-du-tirage-au-sort-de-la-loterie-de-la-green-card\">Green Card piyango \u00e7ekili\u015finin sonu\u00e7lar\u0131<\/h1>\n\n<p>Amerikan Green Card \u00e7ekili\u015finin sonu\u00e7lar\u0131 her y\u0131l <a href=\"https:\/\/us-gc.net\/tr\/cesitlilik-vize-programi\/\">\u00c7e\u015fitlilik Vize Program\u0131n\u0131n<\/a> bir par\u00e7as\u0131 olarak yay\u0131nlanmaktad\u0131r. T\u00fcm <a href=\"https:\/\/us-gc.net\/tr\/amerikan-yesil-kart-cekilisine\/\">Ye\u015fil Kart \u00e7ekili\u015fi<\/a> ba\u015fvuru sahipleri ki\u015fisel sonu\u00e7lar\u0131n\u0131 \u00e7evrimi\u00e7i olarak alabilirler.<\/p>\n\n<h2 class=\"wp-block-heading\" id=\"h-quand-a-lieu-le-tirage-de-la-loterie-de-la-green-card\">Green Card \u00e7ekili\u015fi ne zaman?<\/h2>\n\n<p>\u00c7ekili\u015f her y\u0131l Kas\u0131m ay\u0131nda yap\u0131lmaktad\u0131r. Kay\u0131tlar i\u00e7in kesin a\u00e7\u0131l\u0131\u015f ve kapan\u0131\u015f tarihleri her y\u0131ldan birka\u00e7 ay \u00f6nce yay\u0131nlanmaktad\u0131r.<\/p>\n\n<h2 class=\"wp-block-heading\" id=\"h-quand-est-ce-que-les-resultats-sont-publies\">Sonu\u00e7lar ne zaman yay\u0131nlan\u0131r?<\/h2>\n\n<p><a href=\"https:\/\/us-gc.net\/tr\/green-card-cekilisi\/\">Green Card \u00e7ekili\u015finin<\/a> sonu\u00e7lar\u0131, ba\u015fvurular\u0131n kapanmas\u0131ndan yakla\u015f\u0131k 6 ay sonra a\u00e7\u0131klanmaktad\u0131r. Bu nedenle her y\u0131l May\u0131s ay\u0131 civar\u0131nda yay\u0131nlan\u0131rlar. Kas\u0131m 2023&#8217;te ger\u00e7ekle\u015ftirilen \u00c7e\u015fitlilik Vizesi 2025 \u00e7ekili\u015finin sonu\u00e7lar\u0131 4 May\u0131s 2024 tarihinde bu <a href=\"https:\/\/dvprogram.state.gov\/ESC\/CheckStatus.aspx\">dvprogram.state<\/a>.gov sayfas\u0131nda \u00e7evrimi\u00e7i olarak yay\u0131nlanm\u0131\u015ft\u0131r.<\/p>\n\n<h2 class=\"wp-block-heading\" id=\"h-resultats-de-la-loterie-de-2018-a-2022\">2018&#8217;den 2022&#8217;ye piyango sonu\u00e7lar\u0131<\/h2>\n\n<p>D\u0131\u015fi\u015fleri Bakanl\u0131\u011f\u0131 taraf\u0131ndan her y\u0131l yay\u0131nlanan istatistiklere dayanarak, sonu\u00e7lar\u0131n kamuya a\u00e7\u0131k oldu\u011fu son 5 y\u0131la ait piyango sonu\u00e7lar\u0131 a\u015fa\u011f\u0131da verilmi\u015ftir:<\/p>\n\n<figure class=\"wp-block-table\"><table><tbody><tr><td><strong>Co\u011frafi b\u00f6lgeler <\/strong><\/td><td class=\"has-text-align-center\" data-align=\"center\"><strong>2018<\/strong><\/td><td class=\"has-text-align-center\" data-align=\"center\"><strong>2019<\/strong><\/td><td class=\"has-text-align-center\" data-align=\"center\"><strong>2020<\/strong><\/td><td class=\"has-text-align-center\" data-align=\"center\"><strong>2021<\/strong><\/td><td class=\"has-text-align-center\" data-align=\"center\"><strong>2022<\/strong><\/td><\/tr><tr><td><a href=\"https:\/\/us-gc.net\/tr\/piyango-green-card-alke-afrika\/\">Afrika \u00fclkeleri<\/a><\/td><td class=\"has-text-align-center\" data-align=\"center\">20 532<\/td><td class=\"has-text-align-center\" data-align=\"center\">20 336<\/td><td class=\"has-text-align-center\" data-align=\"center\">6 017<\/td><td class=\"has-text-align-center\" data-align=\"center\">5 801<\/td><td class=\"has-text-align-center\" data-align=\"center\">19 215<\/td><\/tr><tr><td><a href=\"https:\/\/us-gc.net\/tr\/green-card-cekilisi-asya-ulkeleri\/\">Asya \u00fclkeleri<\/a><\/td><td class=\"has-text-align-center\" data-align=\"center\">6 290<\/td><td class=\"has-text-align-center\" data-align=\"center\">6 079<\/td><td class=\"has-text-align-center\" data-align=\"center\">4 055<\/td><td class=\"has-text-align-center\" data-align=\"center\">4 498<\/td><td class=\"has-text-align-center\" data-align=\"center\">11 693<\/td><\/tr><tr><td><a href=\"https:\/\/us-gc.net\/tr\/piyango-green-card-avrupa\/\">Avrupa&#8217;daki \u00dclkeler<\/a><\/td><td class=\"has-text-align-center\" data-align=\"center\">20 434<\/td><td class=\"has-text-align-center\" data-align=\"center\">17 897<\/td><td class=\"has-text-align-center\" data-align=\"center\">7 643<\/td><td class=\"has-text-align-center\" data-align=\"center\">5 795<\/td><td class=\"has-text-align-center\" data-align=\"center\">21 806<\/td><\/tr><tr><td>Kuzey Amerika \u00fclkeleri (Bahamalar)<\/td><td class=\"has-text-align-center\" data-align=\"center\">2<\/td><td class=\"has-text-align-center\" data-align=\"center\">8<\/td><td class=\"has-text-align-center\" data-align=\"center\">13<\/td><td class=\"has-text-align-center\" data-align=\"center\">21<\/td><td class=\"has-text-align-center\" data-align=\"center\">12<\/td><\/tr><tr><td>Okyanusya<\/td><td class=\"has-text-align-center\" data-align=\"center\">824<\/td><td class=\"has-text-align-center\" data-align=\"center\">592<\/td><td class=\"has-text-align-center\" data-align=\"center\">543<\/td><td class=\"has-text-align-center\" data-align=\"center\">631<\/td><td class=\"has-text-align-center\" data-align=\"center\">1 195<\/td><\/tr><tr><td>Orta ve G\u00fcney Amerika \u00fclkeleri<\/td><td class=\"has-text-align-center\" data-align=\"center\">1 631<\/td><td class=\"has-text-align-center\" data-align=\"center\">977<\/td><td class=\"has-text-align-center\" data-align=\"center\">854<\/td><td class=\"has-text-align-center\" data-align=\"center\">2 166<\/td><td class=\"has-text-align-center\" data-align=\"center\">1 961<\/td><\/tr><tr><td><strong>Toplam  <\/strong><\/td><td class=\"has-text-align-center\" data-align=\"center\"><strong>49 713<\/strong><\/td><td class=\"has-text-align-center\" data-align=\"center\"><strong><strong>45 889<\/strong><\/strong><\/td><td class=\"has-text-align-center\" data-align=\"center\"><strong><strong>19 125<\/strong><\/strong><\/td><td class=\"has-text-align-center\" data-align=\"center\"><strong><strong>18 912<\/strong><\/strong><\/td><td class=\"has-text-align-center\" data-align=\"center\"><strong>55 882<\/strong><\/td><\/tr><\/tbody><\/table><figcaption class=\"wp-element-caption\">Co\u011frafi b\u00f6lgeye g\u00f6re 2018&#8217;den 2022&#8217;ye kadar \u00e7ekili\u015fle elde edilen Ye\u015fil Kart say\u0131s\u0131<\/figcaption><\/figure>\n\n<h2 class=\"wp-block-heading\" id=\"h-ou-trouver-les-resultats-en-ligne-de-la-loterie-de-la-green-card\">Green Card \u00e7ekili\u015f sonu\u00e7lar\u0131n\u0131 \u00e7evrimi\u00e7i olarak nerede bulabilirim?<\/h2>\n\n<p>ABD \u00e7e\u015fitlilik program\u0131n\u0131n \u00f6zel web sitesi, bir Green Card \u00e7ekili\u015fi ba\u015fvuru sahibinin sonu\u00e7lar\u0131n\u0131 do\u011frudan \u00e7evrimi\u00e7i olarak kontrol etmenize olanak tan\u0131r. Ki\u015fisel sonu\u00e7lar\u0131 do\u011frudan kontrol edebilece\u011finiz sayfa <a href=\"https:\/\/dvprogram.state.gov\/ESC\/CheckStatus.aspx\">https:\/\/dvprogram.state.gov\/ESC\/CheckStatus.aspx<\/a> adresindedir.<\/p>\n\n<p>Sonu\u00e7lar\u0131 elde etmek i\u00e7in yapman\u0131z gerekenler<\/p>\n\n<ul class=\"wp-block-list\">\n<li>\u00c7ekili\u015f <strong>onay numaran\u0131z\u0131<\/strong> girin<\/li>\n\n\n\n<li>Green Card \u00e7ekili\u015fi i\u00e7in kay\u0131t olurken kulland\u0131\u011f\u0131n\u0131z soyad\u0131n\u0131z\u0131 girin<\/li>\n\n\n\n<li>Kimli\u011finizi do\u011frulamak i\u00e7in do\u011fum tarihinizi girin<\/li>\n\n\n\n<li>Son olarak, kimli\u011finizi do\u011frulamak i\u00e7in CAPTCHA&#8217;da g\u00f6r\u00fcnen metni girin.<\/li>\n<\/ul>\n\n<div style=\"height:9px\" aria-hidden=\"true\" class=\"wp-block-spacer\"><\/div>\n\n<p>Green Card \u00e7ekili\u015fine kat\u0131l\u0131m\u0131n\u0131z\u0131n sonu\u00e7lar\u0131n\u0131 g\u00f6rmek i\u00e7in onayla d\u00fc\u011fmesine t\u0131klay\u0131n.<\/p>\n\n<p>\u0130\u015fte \u00e7ekili\u015f sonu\u00e7lar\u0131n\u0131 \u00e7evrimi\u00e7i olarak almak i\u00e7in doldurman\u0131z gereken formun bir foto\u011fraf\u0131<\/p>\n\n<figure class=\"wp-block-image size-large\" id=\"Formulaire-de-r&#xE9;sultat-de-la-loterie\"><img fetchpriority=\"high\" decoding=\"async\" width=\"1024\" height=\"953\" src=\"https:\/\/us-gc.net\/wp-content\/uploads\/2024\/02\/check-lotery-green-card-usa-1024x953.jpg\" alt=\"Green Card &#xE7;ekili&#x15F; sonu&#xE7;lar&#x131;\" class=\"wp-image-182\" title=\"Green Card &#xE7;ekili&#x15F; sonu&#xE7;lar&#x131;\" srcset=\"https:\/\/us-gc.net\/wp-content\/uploads\/2024\/02\/check-lotery-green-card-usa-1024x953.jpg 1024w, https:\/\/us-gc.net\/wp-content\/uploads\/2024\/02\/check-lotery-green-card-usa-300x279.jpg 300w, https:\/\/us-gc.net\/wp-content\/uploads\/2024\/02\/check-lotery-green-card-usa-768x714.jpg 768w, https:\/\/us-gc.net\/wp-content\/uploads\/2024\/02\/check-lotery-green-card-usa.jpg 1119w\" sizes=\"(max-width: 1024px) 100vw, 1024px\" \/><\/figure>\n\n<p><\/p>\n","protected":false},"excerpt":{"rendered":"<p>Green Card piyango \u00e7ekili\u015finin sonu\u00e7lar\u0131 Amerikan Green Card \u00e7ekili\u015finin sonu\u00e7lar\u0131 her y\u0131l \u00c7e\u015fitlilik Vize Program\u0131n\u0131n bir par\u00e7as\u0131 olarak yay\u0131nlanmaktad\u0131r. T\u00fcm Ye\u015fil Kart \u00e7ekili\u015fi ba\u015fvuru sahipleri ki\u015fisel sonu\u00e7lar\u0131n\u0131 \u00e7evrimi\u00e7i olarak alabilirler. Green Card \u00e7ekili\u015fi ne zaman? \u00c7ekili\u015f her y\u0131l Kas\u0131m ay\u0131nda yap\u0131lmaktad\u0131r. Kay\u0131tlar i\u00e7in kesin a\u00e7\u0131l\u0131\u015f ve kapan\u0131\u015f tarihleri her y\u0131ldan birka\u00e7 ay \u00f6nce yay\u0131nlanmaktad\u0131r. Sonu\u00e7lar [&hellip;]<\/p>\n","protected":false},"author":1,"featured_media":0,"parent":0,"menu_order":0,"comment_status":"closed","ping_status":"closed","template":"","meta":{"footnotes":""},"class_list":["post-803","page","type-page","status-publish","hentry"],"yoast_head":"<!-- This site is optimized with the Yoast SEO plugin v27.4 - https:\/\/yoast.com\/product\/yoast-seo-wordpress\/ -->\n<title>Green Card \u00e7ekili\u015f sonu\u00e7lar\u0131 - USA GC<\/title>\n<meta name=\"description\" content=\"ABD Green Card \u00e7ekili\u015finin sonu\u00e7lar\u0131na onay numaran\u0131zla \u00e7evrimi\u00e7i olarak bak\u0131n\" \/>\n<meta name=\"robots\" content=\"index, follow, max-snippet:-1, max-image-preview:large, max-video-preview:-1\" \/>\n<link rel=\"canonical\" href=\"https:\/\/us-gc.net\/tr\/sonuclar-cekilis-green-card\/\" \/>\n<meta property=\"og:locale\" content=\"tr_TR\" \/>\n<meta property=\"og:type\" content=\"article\" \/>\n<meta property=\"og:title\" content=\"Green Card \u00e7ekili\u015f sonu\u00e7lar\u0131 - USA GC\" \/>\n<meta property=\"og:description\" content=\"ABD Green Card \u00e7ekili\u015finin sonu\u00e7lar\u0131na onay numaran\u0131zla \u00e7evrimi\u00e7i olarak bak\u0131n\" \/>\n<meta property=\"og:url\" content=\"https:\/\/us-gc.net\/tr\/sonuclar-cekilis-green-card\/\" \/>\n<meta property=\"og:site_name\" content=\"USA GC\" \/>\n<meta property=\"article:modified_time\" content=\"2024-12-30T09:47:02+00:00\" \/>\n<meta property=\"og:image\" content=\"https:\/\/us-gc.net\/wp-content\/uploads\/2024\/02\/check-lotery-green-card-usa-1024x953.jpg\" \/>\n<meta name=\"twitter:card\" content=\"summary_large_image\" \/>\n<meta name=\"twitter:label1\" content=\"Tahmini okuma s\u00fcresi\" \/>\n\t<meta name=\"twitter:data1\" content=\"2 dakika\" \/>\n<script type=\"application\/ld+json\" class=\"yoast-schema-graph\">{\"@context\":\"https:\\\/\\\/schema.org\",\"@graph\":[{\"@type\":\"WebPage\",\"@id\":\"https:\\\/\\\/us-gc.net\\\/tr\\\/sonuclar-cekilis-green-card\\\/\",\"url\":\"https:\\\/\\\/us-gc.net\\\/tr\\\/sonuclar-cekilis-green-card\\\/\",\"name\":\"Green Card \u00e7ekili\u015f sonu\u00e7lar\u0131 - USA GC\",\"isPartOf\":{\"@id\":\"https:\\\/\\\/us-gc.net\\\/tr\\\/#website\"},\"primaryImageOfPage\":{\"@id\":\"https:\\\/\\\/us-gc.net\\\/tr\\\/sonuclar-cekilis-green-card\\\/#primaryimage\"},\"image\":{\"@id\":\"https:\\\/\\\/us-gc.net\\\/tr\\\/sonuclar-cekilis-green-card\\\/#primaryimage\"},\"thumbnailUrl\":\"https:\\\/\\\/us-gc.net\\\/wp-content\\\/uploads\\\/2024\\\/02\\\/check-lotery-green-card-usa-1024x953.jpg\",\"datePublished\":\"2024-02-02T15:07:30+00:00\",\"dateModified\":\"2024-12-30T09:47:02+00:00\",\"description\":\"ABD Green Card \u00e7ekili\u015finin sonu\u00e7lar\u0131na onay numaran\u0131zla \u00e7evrimi\u00e7i olarak bak\u0131n\",\"breadcrumb\":{\"@id\":\"https:\\\/\\\/us-gc.net\\\/tr\\\/sonuclar-cekilis-green-card\\\/#breadcrumb\"},\"inLanguage\":\"tr\",\"potentialAction\":[{\"@type\":\"ReadAction\",\"target\":[\"https:\\\/\\\/us-gc.net\\\/tr\\\/sonuclar-cekilis-green-card\\\/\"]}]},{\"@type\":\"ImageObject\",\"inLanguage\":\"tr\",\"@id\":\"https:\\\/\\\/us-gc.net\\\/tr\\\/sonuclar-cekilis-green-card\\\/#primaryimage\",\"url\":\"https:\\\/\\\/us-gc.net\\\/wp-content\\\/uploads\\\/2024\\\/02\\\/check-lotery-green-card-usa-1024x953.jpg\",\"contentUrl\":\"https:\\\/\\\/us-gc.net\\\/wp-content\\\/uploads\\\/2024\\\/02\\\/check-lotery-green-card-usa-1024x953.jpg\"},{\"@type\":\"BreadcrumbList\",\"@id\":\"https:\\\/\\\/us-gc.net\\\/tr\\\/sonuclar-cekilis-green-card\\\/#breadcrumb\",\"itemListElement\":[{\"@type\":\"ListItem\",\"position\":1,\"name\":\"Accueil\",\"item\":\"https:\\\/\\\/us-gc.net\\\/tr\\\/green-card\\\/\"},{\"@type\":\"ListItem\",\"position\":2,\"name\":\"Green Card \u00e7ekili\u015f sonu\u00e7lar\u0131\"}]},{\"@type\":\"WebSite\",\"@id\":\"https:\\\/\\\/us-gc.net\\\/tr\\\/#website\",\"url\":\"https:\\\/\\\/us-gc.net\\\/tr\\\/\",\"name\":\"USA GC\",\"description\":\"\",\"potentialAction\":[{\"@type\":\"SearchAction\",\"target\":{\"@type\":\"EntryPoint\",\"urlTemplate\":\"https:\\\/\\\/us-gc.net\\\/tr\\\/?s={search_term_string}\"},\"query-input\":{\"@type\":\"PropertyValueSpecification\",\"valueRequired\":true,\"valueName\":\"search_term_string\"}}],\"inLanguage\":\"tr\"}]}<\/script>\n<!-- \/ Yoast SEO plugin. -->","yoast_head_json":{"title":"Green Card \u00e7ekili\u015f sonu\u00e7lar\u0131 - USA GC","description":"ABD Green Card \u00e7ekili\u015finin sonu\u00e7lar\u0131na onay numaran\u0131zla \u00e7evrimi\u00e7i olarak bak\u0131n","robots":{"index":"index","follow":"follow","max-snippet":"max-snippet:-1","max-image-preview":"max-image-preview:large","max-video-preview":"max-video-preview:-1"},"canonical":"https:\/\/us-gc.net\/tr\/sonuclar-cekilis-green-card\/","og_locale":"tr_TR","og_type":"article","og_title":"Green Card \u00e7ekili\u015f sonu\u00e7lar\u0131 - USA GC","og_description":"ABD Green Card \u00e7ekili\u015finin sonu\u00e7lar\u0131na onay numaran\u0131zla \u00e7evrimi\u00e7i olarak bak\u0131n","og_url":"https:\/\/us-gc.net\/tr\/sonuclar-cekilis-green-card\/","og_site_name":"USA GC","article_modified_time":"2024-12-30T09:47:02+00:00","og_image":[{"url":"https:\/\/us-gc.net\/wp-content\/uploads\/2024\/02\/check-lotery-green-card-usa-1024x953.jpg","type":"","width":"","height":""}],"twitter_card":"summary_large_image","twitter_misc":{"Tahmini okuma s\u00fcresi":"2 dakika"},"schema":{"@context":"https:\/\/schema.org","@graph":[{"@type":"WebPage","@id":"https:\/\/us-gc.net\/tr\/sonuclar-cekilis-green-card\/","url":"https:\/\/us-gc.net\/tr\/sonuclar-cekilis-green-card\/","name":"Green Card \u00e7ekili\u015f sonu\u00e7lar\u0131 - USA GC","isPartOf":{"@id":"https:\/\/us-gc.net\/tr\/#website"},"primaryImageOfPage":{"@id":"https:\/\/us-gc.net\/tr\/sonuclar-cekilis-green-card\/#primaryimage"},"image":{"@id":"https:\/\/us-gc.net\/tr\/sonuclar-cekilis-green-card\/#primaryimage"},"thumbnailUrl":"https:\/\/us-gc.net\/wp-content\/uploads\/2024\/02\/check-lotery-green-card-usa-1024x953.jpg","datePublished":"2024-02-02T15:07:30+00:00","dateModified":"2024-12-30T09:47:02+00:00","description":"ABD Green Card \u00e7ekili\u015finin sonu\u00e7lar\u0131na onay numaran\u0131zla \u00e7evrimi\u00e7i olarak bak\u0131n","breadcrumb":{"@id":"https:\/\/us-gc.net\/tr\/sonuclar-cekilis-green-card\/#breadcrumb"},"inLanguage":"tr","potentialAction":[{"@type":"ReadAction","target":["https:\/\/us-gc.net\/tr\/sonuclar-cekilis-green-card\/"]}]},{"@type":"ImageObject","inLanguage":"tr","@id":"https:\/\/us-gc.net\/tr\/sonuclar-cekilis-green-card\/#primaryimage","url":"https:\/\/us-gc.net\/wp-content\/uploads\/2024\/02\/check-lotery-green-card-usa-1024x953.jpg","contentUrl":"https:\/\/us-gc.net\/wp-content\/uploads\/2024\/02\/check-lotery-green-card-usa-1024x953.jpg"},{"@type":"BreadcrumbList","@id":"https:\/\/us-gc.net\/tr\/sonuclar-cekilis-green-card\/#breadcrumb","itemListElement":[{"@type":"ListItem","position":1,"name":"Accueil","item":"https:\/\/us-gc.net\/tr\/green-card\/"},{"@type":"ListItem","position":2,"name":"Green Card \u00e7ekili\u015f sonu\u00e7lar\u0131"}]},{"@type":"WebSite","@id":"https:\/\/us-gc.net\/tr\/#website","url":"https:\/\/us-gc.net\/tr\/","name":"USA GC","description":"","potentialAction":[{"@type":"SearchAction","target":{"@type":"EntryPoint","urlTemplate":"https:\/\/us-gc.net\/tr\/?s={search_term_string}"},"query-input":{"@type":"PropertyValueSpecification","valueRequired":true,"valueName":"search_term_string"}}],"inLanguage":"tr"}]}},"_links":{"self":[{"href":"https:\/\/us-gc.net\/tr\/wp-json\/wp\/v2\/pages\/803","targetHints":{"allow":["GET"]}}],"collection":[{"href":"https:\/\/us-gc.net\/tr\/wp-json\/wp\/v2\/pages"}],"about":[{"href":"https:\/\/us-gc.net\/tr\/wp-json\/wp\/v2\/types\/page"}],"author":[{"embeddable":true,"href":"https:\/\/us-gc.net\/tr\/wp-json\/wp\/v2\/users\/1"}],"replies":[{"embeddable":true,"href":"https:\/\/us-gc.net\/tr\/wp-json\/wp\/v2\/comments?post=803"}],"version-history":[{"count":1,"href":"https:\/\/us-gc.net\/tr\/wp-json\/wp\/v2\/pages\/803\/revisions"}],"predecessor-version":[{"id":8109,"href":"https:\/\/us-gc.net\/tr\/wp-json\/wp\/v2\/pages\/803\/revisions\/8109"}],"wp:attachment":[{"href":"https:\/\/us-gc.net\/tr\/wp-json\/wp\/v2\/media?parent=803"}],"curies":[{"name":"wp","href":"https:\/\/api.w.org\/{rel}","templated":true}]}}