{"id":734,"date":"2024-01-31T14:45:08","date_gmt":"2024-01-31T14:45:08","guid":{"rendered":"https:\/\/green-card-usa.net\/green-card-fotograf\/"},"modified":"2024-12-30T09:39:53","modified_gmt":"2024-12-30T09:39:53","slug":"green-card-fotograf","status":"publish","type":"page","link":"https:\/\/us-gc.net\/tr\/green-card-fotograf\/","title":{"rendered":"Green Card kimlik foto\u011fraf\u0131 \u00f6zellikleri"},"content":{"rendered":"\n<h1 class=\"wp-block-heading\" id=\"h-les-specificites-de-la-photo-pour-la-green-card\">Green Card i\u00e7in foto\u011fraf \u00f6zellikleri<\/h1>\n\n<p>Green Card ba\u015fvurusunda bulunurken, ba\u015fvuru sahiplerinin bir vesikal\u0131k foto\u011fraf sunmalar\u0131 gerekmektedir. Bu foto\u011fraf\u0131n format\u0131 \u00f6zeldir ve foto\u011fraf\u0131n reddedilmemesini sa\u011flamak i\u00e7in uyulmas\u0131 gereken birka\u00e7 zorunlu kural vard\u0131r.  <\/p>\n\n<h2 class=\"wp-block-heading\" id=\"h-quelles-sont-les-principales-regles-concernant-la-photo\">Foto\u011fraf\u00e7\u0131l\u0131k i\u00e7in ana kurallar nelerdir?<\/h2>\n\n<p>Green Card foto\u011fraf\u0131 i\u00e7in ana kurallar a\u015fa\u011f\u0131daki gibidir:<\/p>\n\n<ol class=\"wp-block-list\">\n<li>Foto\u011fraf format\u0131<\/li>\n\n\n\n<li>Foto\u011fraf\u0131n ya\u015f\u0131<\/li>\n\n\n\n<li>Foto\u011frafta ba\u015f\u0131n konumu<\/li>\n\n\n\n<li>\u00c7ekimin arka plan\u0131<\/li>\n\n\n\n<li>Foto\u011frafta ne giyebilirim?<\/li>\n<\/ol>\n\n<h3 class=\"wp-block-heading\" id=\"h-1-quel-est-le-format-de-la-photo-pour-la-green-card\">1. Ye\u015fil Kart i\u00e7in foto\u011fraf format\u0131 nedir?<\/h3>\n\n<p>Foto\u011fraf\u0131n dijital versiyonu bir JPEG dosyas\u0131 olmal\u0131d\u0131r. Foto\u011fraf\u0131n minimum boyutu en az 600 piksele 600 piksel ve en az 54 kb olmal\u0131d\u0131r.<\/p>\n\n<h3 class=\"wp-block-heading\" id=\"h-2-quelle-peut-etre-l-anciennete-de-la-photo\">2. Foto\u011fraf ka\u00e7 ya\u015f\u0131nda?<\/h3>\n\n<p>Green Card almak i\u00e7in ibraz edilen foto\u011fraf 6 aydan eski olmamal\u0131d\u0131r. Bu, ABD D\u0131\u015fi\u015fleri Bakanl\u0131\u011f\u0131&#8217;n\u0131n foto\u011fraf\u0131n ba\u015fvuru sahibinin y\u00fcz\u00fcyle e\u015fle\u015fti\u011finden emin olmas\u0131n\u0131 sa\u011flar. Bu kural zorunludur ve \u00e7ok ciddiye al\u0131nmal\u0131d\u0131r. Foto\u011fraf, <a href=\"https:\/\/us-gc.net\/tr\/green-card-mulakat\/\">Ye\u015fil Kart i\u00e7in yap\u0131lan son g\u00f6r\u00fc\u015fmede<\/a> kesin olarak onaylan\u0131r.<\/p>\n\n<h3 class=\"wp-block-heading\" id=\"h-3-quelle-doit-etre-la-position-de-la-tete-sur-la-photo\">3. Foto\u011frafta ba\u015f hangi pozisyonda olmal\u0131d\u0131r?<\/h3>\n\n<p>Aday n\u00f6tr bir y\u00fcz ifadesine sahip olmal\u0131 ve g\u00fcl\u00fcmsememelidir. Y\u00fcz\u00fcn\u00fcz tamamen g\u00f6r\u00fcn\u00fcr olmal\u0131 ve foto\u011fraf\u0131n ortas\u0131nda yer almal\u0131d\u0131r. Adaylar kameraya d\u00f6n\u00fck olmal\u0131 ve ba\u015flar\u0131 foto\u011fraf\u0131n toplam y\u00fcksekli\u011finin %60&#8217;\u0131n\u0131 temsil etmelidir. G\u00f6zleri falta\u015f\u0131 gibi a\u00e7\u0131lm\u0131\u015f olmal\u0131.<\/p>\n\n<h3 class=\"wp-block-heading\" id=\"h-4-comment-doit-etre-l-arriere-plan-de-la-prise-de-vue\">4. \u00c7ekimin arka plan\u0131 nas\u0131l g\u00f6r\u00fcnmelidir?<\/h3>\n\n<p>Foto\u011fraf\u0131n arka plan\u0131 g\u00f6lgesiz, d\u00fcz ve a\u00e7\u0131k bir renk olmal\u0131d\u0131r. Arka plan rengi beyaz veya kirli beyaz olabilir.<\/p>\n\n<h3 class=\"wp-block-heading\" id=\"h-5-peut-on-porter-des-lunettes-ou-le-voile-sur-la-photo\">5. Foto\u011frafta g\u00f6zl\u00fck veya duvak takabilir miyim?<\/h3>\n\n<p>Green Card foto\u011fraf\u0131nda g\u00f6zl\u00fck takmak yasakt\u0131r. Green Card ba\u015fvuru sahipleri de kep veya \u015fapka takamazlar.<\/p>\n\n<p>Ancak, Green Card foto\u011fraf\u0131nda dini bir ba\u015f\u00f6rt\u00fcs\u00fc tak\u0131labilir. Ancak, y\u00fcz aln\u0131n \u00fcst\u00fcnden \u00e7enenin alt\u0131na kadar g\u00f6r\u00fclebilir olmal\u0131d\u0131r.<\/p>\n\n<p>Bu kurallar, Green Card almaya y\u00f6nelik t\u00fcm prosed\u00fcrler i\u00e7in ge\u00e7erlidir:<\/p>\n\n<ul class=\"wp-block-list\">\n<li><a href=\"https:\/\/us-gc.net\/tr\/green-card-cekilisi\/\">Green Card \u00e7ekili\u015fi<\/a> foto\u011fraf\u0131;<\/li>\n\n\n\n<li><a href=\"https:\/\/us-gc.net\/tr\/green-card-evlilik-yoluyla\/\">Evlilik yoluyla Green Card<\/a>, <a href=\"https:\/\/us-gc.net\/tr\/green-card-sponsor\/\">sponsor yoluyla Green Card<\/a> veya Green Card almaya y\u00f6nelik di\u011fer herhangi bir prosed\u00fcr i\u00e7in g\u00f6nderilen foto\u011fraf.<\/li>\n<\/ul>\n\n<div style=\"height:10px\" aria-hidden=\"true\" class=\"wp-block-spacer\"><\/div>\n\n<h2 class=\"wp-block-heading\" id=\"h-dimensions-de-la-photo-d-identite-de-la-green-card\">Ye\u015fil Kart vesikal\u0131k foto\u011fraf\u0131n\u0131n boyutlar\u0131<\/h2>\n\n<figure class=\"wp-block-image size-full\"><img fetchpriority=\"high\" decoding=\"async\" width=\"601\" height=\"378\" src=\"https:\/\/us-gc.net\/wp-content\/uploads\/2024\/05\/Green-card-2024.jpg\" alt=\"2024'te ge&#xE7;erli bir Ye&#x15F;il Kart g&#xF6;r&#xFC;nt&#xFC;s&#xFC;\" class=\"wp-image-4826\" srcset=\"https:\/\/us-gc.net\/wp-content\/uploads\/2024\/05\/Green-card-2024.jpg 601w, https:\/\/us-gc.net\/wp-content\/uploads\/2024\/05\/Green-card-2024-300x189.jpg 300w\" sizes=\"(max-width: 601px) 100vw, 601px\" \/><figcaption class=\"wp-element-caption\">ABD&#8217;de daimi ikamet edenler i\u00e7in Ye\u015fil Kart<\/figcaption><\/figure>\n","protected":false},"excerpt":{"rendered":"<p>Green Card i\u00e7in foto\u011fraf \u00f6zellikleri Green Card ba\u015fvurusunda bulunurken, ba\u015fvuru sahiplerinin bir vesikal\u0131k foto\u011fraf sunmalar\u0131 gerekmektedir. Bu foto\u011fraf\u0131n format\u0131 \u00f6zeldir ve foto\u011fraf\u0131n reddedilmemesini sa\u011flamak i\u00e7in uyulmas\u0131 gereken birka\u00e7 zorunlu kural vard\u0131r. Foto\u011fraf\u00e7\u0131l\u0131k i\u00e7in ana kurallar nelerdir? Green Card foto\u011fraf\u0131 i\u00e7in ana kurallar a\u015fa\u011f\u0131daki gibidir: 1. Ye\u015fil Kart i\u00e7in foto\u011fraf format\u0131 nedir? Foto\u011fraf\u0131n dijital versiyonu bir [&hellip;]<\/p>\n","protected":false},"author":1,"featured_media":0,"parent":0,"menu_order":0,"comment_status":"closed","ping_status":"closed","template":"","meta":{"footnotes":""},"class_list":["post-734","page","type-page","status-publish","hentry"],"yoast_head":"<!-- This site is optimized with the Yoast SEO plugin v27.4 - https:\/\/yoast.com\/product\/yoast-seo-wordpress\/ -->\n<title>Green Card kimlik foto\u011fraf\u0131 \u00f6zellikleri - USA GC<\/title>\n<meta name=\"description\" content=\"Green Card almak veya yenilemek i\u00e7in ba\u015fvuru sahiplerinin belirli kurallara uygun olarak vesikal\u0131k foto\u011fraflar\u0131n\u0131 sunmalar\u0131 gerekmektedir.\" \/>\n<meta name=\"robots\" content=\"index, follow, max-snippet:-1, max-image-preview:large, max-video-preview:-1\" \/>\n<link rel=\"canonical\" href=\"https:\/\/us-gc.net\/tr\/green-card-fotograf\/\" \/>\n<meta property=\"og:locale\" content=\"tr_TR\" \/>\n<meta property=\"og:type\" content=\"article\" \/>\n<meta property=\"og:title\" content=\"Green Card kimlik foto\u011fraf\u0131 \u00f6zellikleri - USA GC\" \/>\n<meta property=\"og:description\" content=\"Green Card almak veya yenilemek i\u00e7in ba\u015fvuru sahiplerinin belirli kurallara uygun olarak vesikal\u0131k foto\u011fraflar\u0131n\u0131 sunmalar\u0131 gerekmektedir.\" \/>\n<meta property=\"og:url\" content=\"https:\/\/us-gc.net\/tr\/green-card-fotograf\/\" \/>\n<meta property=\"og:site_name\" content=\"USA GC\" \/>\n<meta property=\"article:modified_time\" content=\"2024-12-30T09:39:53+00:00\" \/>\n<meta property=\"og:image\" content=\"https:\/\/us-gc.net\/wp-content\/uploads\/2024\/05\/Green-card-2024.jpg\" \/>\n<meta name=\"twitter:card\" content=\"summary_large_image\" \/>\n<meta name=\"twitter:label1\" content=\"Tahmini okuma s\u00fcresi\" \/>\n\t<meta name=\"twitter:data1\" content=\"2 dakika\" \/>\n<script type=\"application\/ld+json\" class=\"yoast-schema-graph\">{\"@context\":\"https:\\\/\\\/schema.org\",\"@graph\":[{\"@type\":\"WebPage\",\"@id\":\"https:\\\/\\\/us-gc.net\\\/tr\\\/green-card-fotograf\\\/\",\"url\":\"https:\\\/\\\/us-gc.net\\\/tr\\\/green-card-fotograf\\\/\",\"name\":\"Green Card kimlik foto\u011fraf\u0131 \u00f6zellikleri - USA GC\",\"isPartOf\":{\"@id\":\"https:\\\/\\\/us-gc.net\\\/tr\\\/#website\"},\"primaryImageOfPage\":{\"@id\":\"https:\\\/\\\/us-gc.net\\\/tr\\\/green-card-fotograf\\\/#primaryimage\"},\"image\":{\"@id\":\"https:\\\/\\\/us-gc.net\\\/tr\\\/green-card-fotograf\\\/#primaryimage\"},\"thumbnailUrl\":\"https:\\\/\\\/us-gc.net\\\/wp-content\\\/uploads\\\/2024\\\/05\\\/Green-card-2024.jpg\",\"datePublished\":\"2024-01-31T14:45:08+00:00\",\"dateModified\":\"2024-12-30T09:39:53+00:00\",\"description\":\"Green Card almak veya yenilemek i\u00e7in ba\u015fvuru sahiplerinin belirli kurallara uygun olarak vesikal\u0131k foto\u011fraflar\u0131n\u0131 sunmalar\u0131 gerekmektedir.\",\"breadcrumb\":{\"@id\":\"https:\\\/\\\/us-gc.net\\\/tr\\\/green-card-fotograf\\\/#breadcrumb\"},\"inLanguage\":\"tr\",\"potentialAction\":[{\"@type\":\"ReadAction\",\"target\":[\"https:\\\/\\\/us-gc.net\\\/tr\\\/green-card-fotograf\\\/\"]}]},{\"@type\":\"ImageObject\",\"inLanguage\":\"tr\",\"@id\":\"https:\\\/\\\/us-gc.net\\\/tr\\\/green-card-fotograf\\\/#primaryimage\",\"url\":\"https:\\\/\\\/us-gc.net\\\/wp-content\\\/uploads\\\/2024\\\/05\\\/Green-card-2024.jpg\",\"contentUrl\":\"https:\\\/\\\/us-gc.net\\\/wp-content\\\/uploads\\\/2024\\\/05\\\/Green-card-2024.jpg\"},{\"@type\":\"BreadcrumbList\",\"@id\":\"https:\\\/\\\/us-gc.net\\\/tr\\\/green-card-fotograf\\\/#breadcrumb\",\"itemListElement\":[{\"@type\":\"ListItem\",\"position\":1,\"name\":\"Accueil\",\"item\":\"https:\\\/\\\/us-gc.net\\\/tr\\\/green-card\\\/\"},{\"@type\":\"ListItem\",\"position\":2,\"name\":\"Green Card kimlik foto\u011fraf\u0131 \u00f6zellikleri\"}]},{\"@type\":\"WebSite\",\"@id\":\"https:\\\/\\\/us-gc.net\\\/tr\\\/#website\",\"url\":\"https:\\\/\\\/us-gc.net\\\/tr\\\/\",\"name\":\"USA GC\",\"description\":\"\",\"potentialAction\":[{\"@type\":\"SearchAction\",\"target\":{\"@type\":\"EntryPoint\",\"urlTemplate\":\"https:\\\/\\\/us-gc.net\\\/tr\\\/?s={search_term_string}\"},\"query-input\":{\"@type\":\"PropertyValueSpecification\",\"valueRequired\":true,\"valueName\":\"search_term_string\"}}],\"inLanguage\":\"tr\"}]}<\/script>\n<!-- \/ Yoast SEO plugin. -->","yoast_head_json":{"title":"Green Card kimlik foto\u011fraf\u0131 \u00f6zellikleri - USA GC","description":"Green Card almak veya yenilemek i\u00e7in ba\u015fvuru sahiplerinin belirli kurallara uygun olarak vesikal\u0131k foto\u011fraflar\u0131n\u0131 sunmalar\u0131 gerekmektedir.","robots":{"index":"index","follow":"follow","max-snippet":"max-snippet:-1","max-image-preview":"max-image-preview:large","max-video-preview":"max-video-preview:-1"},"canonical":"https:\/\/us-gc.net\/tr\/green-card-fotograf\/","og_locale":"tr_TR","og_type":"article","og_title":"Green Card kimlik foto\u011fraf\u0131 \u00f6zellikleri - USA GC","og_description":"Green Card almak veya yenilemek i\u00e7in ba\u015fvuru sahiplerinin belirli kurallara uygun olarak vesikal\u0131k foto\u011fraflar\u0131n\u0131 sunmalar\u0131 gerekmektedir.","og_url":"https:\/\/us-gc.net\/tr\/green-card-fotograf\/","og_site_name":"USA GC","article_modified_time":"2024-12-30T09:39:53+00:00","og_image":[{"url":"https:\/\/us-gc.net\/wp-content\/uploads\/2024\/05\/Green-card-2024.jpg","type":"","width":"","height":""}],"twitter_card":"summary_large_image","twitter_misc":{"Tahmini okuma s\u00fcresi":"2 dakika"},"schema":{"@context":"https:\/\/schema.org","@graph":[{"@type":"WebPage","@id":"https:\/\/us-gc.net\/tr\/green-card-fotograf\/","url":"https:\/\/us-gc.net\/tr\/green-card-fotograf\/","name":"Green Card kimlik foto\u011fraf\u0131 \u00f6zellikleri - USA GC","isPartOf":{"@id":"https:\/\/us-gc.net\/tr\/#website"},"primaryImageOfPage":{"@id":"https:\/\/us-gc.net\/tr\/green-card-fotograf\/#primaryimage"},"image":{"@id":"https:\/\/us-gc.net\/tr\/green-card-fotograf\/#primaryimage"},"thumbnailUrl":"https:\/\/us-gc.net\/wp-content\/uploads\/2024\/05\/Green-card-2024.jpg","datePublished":"2024-01-31T14:45:08+00:00","dateModified":"2024-12-30T09:39:53+00:00","description":"Green Card almak veya yenilemek i\u00e7in ba\u015fvuru sahiplerinin belirli kurallara uygun olarak vesikal\u0131k foto\u011fraflar\u0131n\u0131 sunmalar\u0131 gerekmektedir.","breadcrumb":{"@id":"https:\/\/us-gc.net\/tr\/green-card-fotograf\/#breadcrumb"},"inLanguage":"tr","potentialAction":[{"@type":"ReadAction","target":["https:\/\/us-gc.net\/tr\/green-card-fotograf\/"]}]},{"@type":"ImageObject","inLanguage":"tr","@id":"https:\/\/us-gc.net\/tr\/green-card-fotograf\/#primaryimage","url":"https:\/\/us-gc.net\/wp-content\/uploads\/2024\/05\/Green-card-2024.jpg","contentUrl":"https:\/\/us-gc.net\/wp-content\/uploads\/2024\/05\/Green-card-2024.jpg"},{"@type":"BreadcrumbList","@id":"https:\/\/us-gc.net\/tr\/green-card-fotograf\/#breadcrumb","itemListElement":[{"@type":"ListItem","position":1,"name":"Accueil","item":"https:\/\/us-gc.net\/tr\/green-card\/"},{"@type":"ListItem","position":2,"name":"Green Card kimlik foto\u011fraf\u0131 \u00f6zellikleri"}]},{"@type":"WebSite","@id":"https:\/\/us-gc.net\/tr\/#website","url":"https:\/\/us-gc.net\/tr\/","name":"USA GC","description":"","potentialAction":[{"@type":"SearchAction","target":{"@type":"EntryPoint","urlTemplate":"https:\/\/us-gc.net\/tr\/?s={search_term_string}"},"query-input":{"@type":"PropertyValueSpecification","valueRequired":true,"valueName":"search_term_string"}}],"inLanguage":"tr"}]}},"_links":{"self":[{"href":"https:\/\/us-gc.net\/tr\/wp-json\/wp\/v2\/pages\/734","targetHints":{"allow":["GET"]}}],"collection":[{"href":"https:\/\/us-gc.net\/tr\/wp-json\/wp\/v2\/pages"}],"about":[{"href":"https:\/\/us-gc.net\/tr\/wp-json\/wp\/v2\/types\/page"}],"author":[{"embeddable":true,"href":"https:\/\/us-gc.net\/tr\/wp-json\/wp\/v2\/users\/1"}],"replies":[{"embeddable":true,"href":"https:\/\/us-gc.net\/tr\/wp-json\/wp\/v2\/comments?post=734"}],"version-history":[{"count":1,"href":"https:\/\/us-gc.net\/tr\/wp-json\/wp\/v2\/pages\/734\/revisions"}],"predecessor-version":[{"id":7690,"href":"https:\/\/us-gc.net\/tr\/wp-json\/wp\/v2\/pages\/734\/revisions\/7690"}],"wp:attachment":[{"href":"https:\/\/us-gc.net\/tr\/wp-json\/wp\/v2\/media?parent=734"}],"curies":[{"name":"wp","href":"https:\/\/api.w.org\/{rel}","templated":true}]}}