{"id":728,"date":"2024-01-31T14:27:27","date_gmt":"2024-01-31T14:27:27","guid":{"rendered":"https:\/\/green-card-usa.net\/i%cc%87sti%cc%87hdam-green-card\/"},"modified":"2024-12-30T09:39:26","modified_gmt":"2024-12-30T09:39:26","slug":"i%cc%87sti%cc%87hdam-green-card","status":"publish","type":"page","link":"https:\/\/us-gc.net\/tr\/i%cc%87sti%cc%87hdam-green-card\/","title":{"rendered":"G\u00f6\u00e7menler i\u00e7in \u0130stihdam Temelli Ye\u015fil Kart"},"content":{"rendered":"\n<h1 class=\"wp-block-heading\" id=\"h-obtenir-une-green-card-basee-sur-l-emploi\">\u0130stihdama dayal\u0131 Ye\u015fil Kart edinme<\/h1>\n\n<p>Amerika Birle\u015fik Devletleri&#8217;nde istihdam yoluyla nas\u0131l <a href=\"https:\/\/us-gc.net\/tr\/\">Green card<\/a> alabilece\u011finizi \u00f6\u011frenin. \u0130stihdam temelli Ye\u015fil Kart, Amerika Birle\u015fik Devletleri&#8217;nde yasal olarak \u00e7al\u0131\u015fmak ve ikamet etmek isteyen vas\u0131fl\u0131 g\u00f6\u00e7menler i\u00e7in \u00e7ok pop\u00fclerdir.<\/p>\n\n<h2 class=\"wp-block-heading\" id=\"h-qu-est-ce-qu-une-green-card-basee-sur-l-emploi\">\u0130stihdam temelli Ye\u015fil Kart nedir?<\/h2>\n\n<p>\u0130stihdam temelli Ye\u015fil Kart, vas\u0131fl\u0131 yabanc\u0131 i\u015f\u00e7ilerin istihdam yoluyla Birle\u015fik Devletler&#8217;de daimi ikamet elde etmelerinin bir yoludur. Di\u011fer g\u00f6\u00e7menlik se\u00e7eneklerinden farkl\u0131 olarak, bu se\u00e7enek \u00f6zellikle Amerikal\u0131 i\u015fverenler taraf\u0131ndan talep edilen mesleki becerilere sahip bireylere y\u00f6neliktir. \u00c7al\u0131\u015fma vizesi sahiplerinin daimi ikamet sahibi olmalar\u0131na olanak tan\u0131r.<\/p>\n\n<h2 class=\"wp-block-heading\" id=\"h-eligibilite-et-criteres-de-qualification\">Uygunluk ve yeterlilik kriterleri<\/h2>\n\n<p>\u0130stihdam temelli Ye\u015fil Kart almaya hak kazanmak i\u00e7in ba\u015fvuru sahiplerinin belirli ko\u015fullar\u0131 kar\u015f\u0131lamas\u0131 gerekmektedir:<\/p>\n\n<ul class=\"wp-block-list\">\n<li>Belirli bir alanda uygun mesleki deneyim;<\/li>\n\n\n\n<li>Amerikal\u0131 bir i\u015fverenden ge\u00e7erli bir i\u015f teklifi ;<\/li>\n\n\n\n<li>Teklif edilen pozisyonun gerekliliklerini kar\u015f\u0131layan e\u011fitimsel veya mesleki nitelikler.  <\/li>\n<\/ul>\n\n<p>Son olarak, i\u015fveren, <a href=\"https:\/\/us-gc.net\/tr\/green-card-sponsor\/\">ba\u015fvuru sahibine Green card i\u00e7in sponsor<\/a> olmaya ve yabanc\u0131 i\u015f\u00e7ilerin i\u015fe al\u0131nmas\u0131yla ilgili t\u00fcm yasal y\u00fck\u00fcml\u00fcl\u00fcklere uymaya haz\u0131r olmal\u0131d\u0131r.<\/p>\n\n<h2 class=\"wp-block-heading\" id=\"h-processus-de-demande\">Ba\u015fvuru s\u00fcreci<\/h2>\n\n<p>\u0130stihdam temelli Ye\u015fil Kart ba\u015fvuru s\u00fcreci birka\u00e7 a\u015famadan olu\u015fmaktad\u0131r. \u00d6ncelikle, i\u015fverenin ABD \u00c7al\u0131\u015fma Bakanl\u0131\u011f\u0131&#8217;ndan i\u015fg\u00fcc\u00fc sertifikas\u0131 almas\u0131 gerekmektedir. Ba\u015fvuru sahibi daha sonra <a href=\"https:\/\/www.uscis.gov\/\">USCIS<\/a>&#8216;e bir \u00e7al\u0131\u015fma vizesi ba\u015fvurusunda bulunmal\u0131d\u0131r. \u00c7al\u0131\u015fma vizesi onayland\u0131ktan sonra, ba\u015fvuru sahibi Ye\u015fil Kart ba\u015fvuru s\u00fcrecine ba\u015flayabilir. Bu prosed\u00fcr \u015funlar\u0131 i\u00e7erir:<\/p>\n\n<ul class=\"wp-block-list\">\n<li>Ba\u015fvuru formunun g\u00f6nderilmesi ;<\/li>\n\n\n\n<li>Destekleyici belgelerin toplanmas\u0131 ;<\/li>\n\n\n\n<li><a href=\"https:\/\/us-gc.net\/tr\/green-card-mulakat\/\">Green card i\u00e7in bir g\u00f6r\u00fc\u015fme<\/a>;<\/li>\n\n\n\n<li>T\u0131bbi muayene.<\/li>\n<\/ul>\n\n<h2 class=\"wp-block-heading\" id=\"h-duree-et-delais-de-traitement\">\u0130\u015flem s\u00fcreleri ve son tarihler<\/h2>\n\n<p>\u0130stihdama dayal\u0131 bir Ye\u015fil Kart almak i\u00e7in gereken s\u00fcre, vize kategorisi, <a href=\"https:\/\/www.uscis.gov\/green-card\/green-card-processes-and-procedures\">USCIS<\/a> i\u015f y\u00fck\u00fc ve di\u011fer bireysel ko\u015fullar gibi \u00e7e\u015fitli fakt\u00f6rlere ba\u011fl\u0131 olarak \u00f6nemli \u00f6l\u00e7\u00fcde de\u011fi\u015febilir.  <\/p>\n\n<p>Genel bir kural olarak, s\u00fcre\u00e7 birka\u00e7 aydan birka\u00e7 y\u0131la kadar s\u00fcrebilir. Adaylar\u0131n sab\u0131rl\u0131 olmalar\u0131 ve s\u00fcre\u00e7 boyunca olas\u0131 gecikmelerle ba\u015fa \u00e7\u0131kmaya haz\u0131r olmalar\u0131 \u00f6nemlidir. Ba\u015fvuru sahipleri ayr\u0131ca <a href=\"https:\/\/us-gc.net\/tr\/green-card-cekilisi\/\">Green Card \u00e7ekili\u015fine<\/a> de ba\u015fvurabilirler.<\/p>\n\n<p><\/p>\n","protected":false},"excerpt":{"rendered":"<p>\u0130stihdama dayal\u0131 Ye\u015fil Kart edinme Amerika Birle\u015fik Devletleri&#8217;nde istihdam yoluyla nas\u0131l Green card alabilece\u011finizi \u00f6\u011frenin. \u0130stihdam temelli Ye\u015fil Kart, Amerika Birle\u015fik Devletleri&#8217;nde yasal olarak \u00e7al\u0131\u015fmak ve ikamet etmek isteyen vas\u0131fl\u0131 g\u00f6\u00e7menler i\u00e7in \u00e7ok pop\u00fclerdir. \u0130stihdam temelli Ye\u015fil Kart nedir? \u0130stihdam temelli Ye\u015fil Kart, vas\u0131fl\u0131 yabanc\u0131 i\u015f\u00e7ilerin istihdam yoluyla Birle\u015fik Devletler&#8217;de daimi ikamet elde etmelerinin bir [&hellip;]<\/p>\n","protected":false},"author":1,"featured_media":0,"parent":0,"menu_order":0,"comment_status":"closed","ping_status":"closed","template":"","meta":{"footnotes":""},"class_list":["post-728","page","type-page","status-publish","hentry"],"yoast_head":"<!-- This site is optimized with the Yoast SEO plugin v27.4 - https:\/\/yoast.com\/product\/yoast-seo-wordpress\/ -->\n<title>G\u00f6\u00e7menler i\u00e7in \u0130stihdam Temelli Ye\u015fil Kart - USA GC<\/title>\n<meta name=\"description\" content=\"Amerikan topraklar\u0131nda elde edilen bir i\u015fe dayal\u0131 olarak Amerikan Ye\u015fil Kart\u0131 al\u0131n. Ye\u015fil Kart almak i\u00e7in ihtiyac\u0131n\u0131z olan t\u00fcm bilgiler\" \/>\n<meta name=\"robots\" content=\"index, follow, max-snippet:-1, max-image-preview:large, max-video-preview:-1\" \/>\n<link rel=\"canonical\" href=\"https:\/\/us-gc.net\/tr\/i%cc%87sti%cc%87hdam-green-card\/\" \/>\n<meta property=\"og:locale\" content=\"tr_TR\" \/>\n<meta property=\"og:type\" content=\"article\" \/>\n<meta property=\"og:title\" content=\"G\u00f6\u00e7menler i\u00e7in \u0130stihdam Temelli Ye\u015fil Kart - USA GC\" \/>\n<meta property=\"og:description\" content=\"Amerikan topraklar\u0131nda elde edilen bir i\u015fe dayal\u0131 olarak Amerikan Ye\u015fil Kart\u0131 al\u0131n. Ye\u015fil Kart almak i\u00e7in ihtiyac\u0131n\u0131z olan t\u00fcm bilgiler\" \/>\n<meta property=\"og:url\" content=\"https:\/\/us-gc.net\/tr\/i%cc%87sti%cc%87hdam-green-card\/\" \/>\n<meta property=\"og:site_name\" content=\"USA GC\" \/>\n<meta property=\"article:modified_time\" content=\"2024-12-30T09:39:26+00:00\" \/>\n<meta name=\"twitter:card\" content=\"summary_large_image\" \/>\n<meta name=\"twitter:label1\" content=\"Tahmini okuma s\u00fcresi\" \/>\n\t<meta name=\"twitter:data1\" content=\"2 dakika\" \/>\n<script type=\"application\/ld+json\" class=\"yoast-schema-graph\">{\"@context\":\"https:\\\/\\\/schema.org\",\"@graph\":[{\"@type\":\"WebPage\",\"@id\":\"https:\\\/\\\/us-gc.net\\\/tr\\\/i%cc%87sti%cc%87hdam-green-card\\\/\",\"url\":\"https:\\\/\\\/us-gc.net\\\/tr\\\/i%cc%87sti%cc%87hdam-green-card\\\/\",\"name\":\"G\u00f6\u00e7menler i\u00e7in \u0130stihdam Temelli Ye\u015fil Kart - USA GC\",\"isPartOf\":{\"@id\":\"https:\\\/\\\/us-gc.net\\\/tr\\\/#website\"},\"datePublished\":\"2024-01-31T14:27:27+00:00\",\"dateModified\":\"2024-12-30T09:39:26+00:00\",\"description\":\"Amerikan topraklar\u0131nda elde edilen bir i\u015fe dayal\u0131 olarak Amerikan Ye\u015fil Kart\u0131 al\u0131n. Ye\u015fil Kart almak i\u00e7in ihtiyac\u0131n\u0131z olan t\u00fcm bilgiler\",\"breadcrumb\":{\"@id\":\"https:\\\/\\\/us-gc.net\\\/tr\\\/i%cc%87sti%cc%87hdam-green-card\\\/#breadcrumb\"},\"inLanguage\":\"tr\",\"potentialAction\":[{\"@type\":\"ReadAction\",\"target\":[\"https:\\\/\\\/us-gc.net\\\/tr\\\/i%cc%87sti%cc%87hdam-green-card\\\/\"]}]},{\"@type\":\"BreadcrumbList\",\"@id\":\"https:\\\/\\\/us-gc.net\\\/tr\\\/i%cc%87sti%cc%87hdam-green-card\\\/#breadcrumb\",\"itemListElement\":[{\"@type\":\"ListItem\",\"position\":1,\"name\":\"Accueil\",\"item\":\"https:\\\/\\\/us-gc.net\\\/tr\\\/green-card\\\/\"},{\"@type\":\"ListItem\",\"position\":2,\"name\":\"G\u00f6\u00e7menler i\u00e7in \u0130stihdam Temelli Ye\u015fil Kart\"}]},{\"@type\":\"WebSite\",\"@id\":\"https:\\\/\\\/us-gc.net\\\/tr\\\/#website\",\"url\":\"https:\\\/\\\/us-gc.net\\\/tr\\\/\",\"name\":\"USA GC\",\"description\":\"\",\"potentialAction\":[{\"@type\":\"SearchAction\",\"target\":{\"@type\":\"EntryPoint\",\"urlTemplate\":\"https:\\\/\\\/us-gc.net\\\/tr\\\/?s={search_term_string}\"},\"query-input\":{\"@type\":\"PropertyValueSpecification\",\"valueRequired\":true,\"valueName\":\"search_term_string\"}}],\"inLanguage\":\"tr\"}]}<\/script>\n<!-- \/ Yoast SEO plugin. -->","yoast_head_json":{"title":"G\u00f6\u00e7menler i\u00e7in \u0130stihdam Temelli Ye\u015fil Kart - USA GC","description":"Amerikan topraklar\u0131nda elde edilen bir i\u015fe dayal\u0131 olarak Amerikan Ye\u015fil Kart\u0131 al\u0131n. Ye\u015fil Kart almak i\u00e7in ihtiyac\u0131n\u0131z olan t\u00fcm bilgiler","robots":{"index":"index","follow":"follow","max-snippet":"max-snippet:-1","max-image-preview":"max-image-preview:large","max-video-preview":"max-video-preview:-1"},"canonical":"https:\/\/us-gc.net\/tr\/i%cc%87sti%cc%87hdam-green-card\/","og_locale":"tr_TR","og_type":"article","og_title":"G\u00f6\u00e7menler i\u00e7in \u0130stihdam Temelli Ye\u015fil Kart - USA GC","og_description":"Amerikan topraklar\u0131nda elde edilen bir i\u015fe dayal\u0131 olarak Amerikan Ye\u015fil Kart\u0131 al\u0131n. Ye\u015fil Kart almak i\u00e7in ihtiyac\u0131n\u0131z olan t\u00fcm bilgiler","og_url":"https:\/\/us-gc.net\/tr\/i%cc%87sti%cc%87hdam-green-card\/","og_site_name":"USA GC","article_modified_time":"2024-12-30T09:39:26+00:00","twitter_card":"summary_large_image","twitter_misc":{"Tahmini okuma s\u00fcresi":"2 dakika"},"schema":{"@context":"https:\/\/schema.org","@graph":[{"@type":"WebPage","@id":"https:\/\/us-gc.net\/tr\/i%cc%87sti%cc%87hdam-green-card\/","url":"https:\/\/us-gc.net\/tr\/i%cc%87sti%cc%87hdam-green-card\/","name":"G\u00f6\u00e7menler i\u00e7in \u0130stihdam Temelli Ye\u015fil Kart - USA GC","isPartOf":{"@id":"https:\/\/us-gc.net\/tr\/#website"},"datePublished":"2024-01-31T14:27:27+00:00","dateModified":"2024-12-30T09:39:26+00:00","description":"Amerikan topraklar\u0131nda elde edilen bir i\u015fe dayal\u0131 olarak Amerikan Ye\u015fil Kart\u0131 al\u0131n. Ye\u015fil Kart almak i\u00e7in ihtiyac\u0131n\u0131z olan t\u00fcm bilgiler","breadcrumb":{"@id":"https:\/\/us-gc.net\/tr\/i%cc%87sti%cc%87hdam-green-card\/#breadcrumb"},"inLanguage":"tr","potentialAction":[{"@type":"ReadAction","target":["https:\/\/us-gc.net\/tr\/i%cc%87sti%cc%87hdam-green-card\/"]}]},{"@type":"BreadcrumbList","@id":"https:\/\/us-gc.net\/tr\/i%cc%87sti%cc%87hdam-green-card\/#breadcrumb","itemListElement":[{"@type":"ListItem","position":1,"name":"Accueil","item":"https:\/\/us-gc.net\/tr\/green-card\/"},{"@type":"ListItem","position":2,"name":"G\u00f6\u00e7menler i\u00e7in \u0130stihdam Temelli Ye\u015fil Kart"}]},{"@type":"WebSite","@id":"https:\/\/us-gc.net\/tr\/#website","url":"https:\/\/us-gc.net\/tr\/","name":"USA GC","description":"","potentialAction":[{"@type":"SearchAction","target":{"@type":"EntryPoint","urlTemplate":"https:\/\/us-gc.net\/tr\/?s={search_term_string}"},"query-input":{"@type":"PropertyValueSpecification","valueRequired":true,"valueName":"search_term_string"}}],"inLanguage":"tr"}]}},"_links":{"self":[{"href":"https:\/\/us-gc.net\/tr\/wp-json\/wp\/v2\/pages\/728","targetHints":{"allow":["GET"]}}],"collection":[{"href":"https:\/\/us-gc.net\/tr\/wp-json\/wp\/v2\/pages"}],"about":[{"href":"https:\/\/us-gc.net\/tr\/wp-json\/wp\/v2\/types\/page"}],"author":[{"embeddable":true,"href":"https:\/\/us-gc.net\/tr\/wp-json\/wp\/v2\/users\/1"}],"replies":[{"embeddable":true,"href":"https:\/\/us-gc.net\/tr\/wp-json\/wp\/v2\/comments?post=728"}],"version-history":[{"count":1,"href":"https:\/\/us-gc.net\/tr\/wp-json\/wp\/v2\/pages\/728\/revisions"}],"predecessor-version":[{"id":7646,"href":"https:\/\/us-gc.net\/tr\/wp-json\/wp\/v2\/pages\/728\/revisions\/7646"}],"wp:attachment":[{"href":"https:\/\/us-gc.net\/tr\/wp-json\/wp\/v2\/media?parent=728"}],"curies":[{"name":"wp","href":"https:\/\/api.w.org\/{rel}","templated":true}]}}