{"id":680,"date":"2024-01-31T08:01:49","date_gmt":"2024-01-31T08:01:49","guid":{"rendered":"https:\/\/green-card-usa.net\/privacy-policy\/"},"modified":"2025-03-31T11:22:14","modified_gmt":"2025-03-31T11:22:14","slug":"privacy-policy","status":"publish","type":"page","link":"https:\/\/us-gc.net\/tr\/privacy-policy\/","title":{"rendered":"Ki\u015fisel veri gizlili\u011fi politikas\u0131"},"content":{"rendered":"\n<h1 class=\"wp-block-heading\" id=\"h-politique-de-confidentialite\">gizlilik-politikasi<\/h1>\n\n<p>Amerikan i\u015f piyasas\u0131 hakk\u0131nda bilgi veren bir siteyiz. Herhangi bir \u00e7evrimi\u00e7i hizmet sunmuyoruz ve sitede bir kay\u0131t formumuz yok. Sitedeki tek form <a href=\"https:\/\/us-gc.net\/tr\/contact\/\">ileti\u015fim formumuzdur<\/a>.<\/p>\n\n<h2 class=\"wp-block-heading\" id=\"h-la-collecte-d-informations-sur-le-site\">Site \u00fczerinde bilgi toplama<\/h2>\n\n<p>Sitemizde toplanabilecek ki\u015fisel bilgilerin listesi a\u015fa\u011f\u0131da verilmi\u015ftir:<\/p>\n\n<ul class=\"wp-block-list\">\n<li>Destek ekibimize e-posta g\u00f6nderdi\u011finizde soyad\u0131n\u0131z, ad\u0131n\u0131z ve e-posta adresiniz gibi ileti\u015fim bilgileri. Bize g\u00f6nderdi\u011finiz e-postalarda yer alan bilgiler.<\/li>\n<\/ul>\n\n<div style=\"height:10px\" aria-hidden=\"true\" class=\"wp-block-spacer\"><\/div>\n\n<h2 class=\"wp-block-heading\" id=\"h-duree-de-conservation-des-donnees\">Veri saklama s\u00fcresi<\/h2>\n\n<p>Toplanan veriler d\u00fczenli olarak silinir, bu da bize g\u00f6nderilen hi\u00e7bir e-posta i\u00e7eri\u011fini bir haftadan daha uzun s\u00fcre saklamad\u0131\u011f\u0131m\u0131z anlam\u0131na gelir.  <\/p>\n\n<p>Saklanan bilgilerin g\u00fcncellenmesi: Hakk\u0131n\u0131zda tuttu\u011fumuz ki\u015fisel bilgilerin saklan\u0131rken d\u00fczeltilmesini veya g\u00fcncellenmesini istiyorsan\u0131z l\u00fctfen bize bildirin.<\/p>\n\n<h2 class=\"wp-block-heading\" id=\"h-securite-de-vos-donnees-personnelles\">Ki\u015fisel verilerinizin g\u00fcvenli\u011fi<\/h2>\n\n<p>Veri taban\u0131m\u0131zda yer alan ki\u015fisel bilgilerin s\u0131n\u0131rl\u0131 da olsa saklama s\u00fcresi boyunca \u00e7al\u0131nmas\u0131n\u0131 \u00f6nlemek i\u00e7in teknik \u00f6nlemler almaktay\u0131z. \u0130letilen t\u00fcm ki\u015fisel bilgileri g\u00fcvenli sunucular\u0131m\u0131zda saklayaca\u011f\u0131z.<\/p>\n\n<p>\u0130nternet \u00fczerinden bilgi g\u00f6ndermenin prensipte \u00e7ok g\u00fcvenli olmad\u0131\u011f\u0131n\u0131 kabul ediyorsunuz. \u0130letilen verilerinizin tam g\u00fcvenli\u011fini garanti etmemiz neredeyse imkans\u0131zd\u0131r.<\/p>\n\n<h2 class=\"wp-block-heading\" id=\"h-vos-droits-en-matiere-de-donnees-personnelles\">Ki\u015fisel verilerle ilgili haklar\u0131n\u0131z<\/h2>\n\n<p>Hakk\u0131n\u0131zda sahip oldu\u011fumuz ki\u015fisel bilgileri size iletmemizi isteme hakk\u0131na sahipsiniz. Bu, kimli\u011finizi kan\u0131tlayan belgelerin (pasaportun onayl\u0131 fotokopisi + ev adresinizi g\u00f6steren fatura) ibraz\u0131 \u00fczerine yap\u0131labilir.<\/p>\n\n<h2 class=\"wp-block-heading\" id=\"h-mise-a-jour-de-cette-politique-de-confidentialite\">Bu gizlilik politikas\u0131n\u0131n g\u00fcncellenmesi<\/h2>\n\n<p>Bu politikay\u0131 d\u00fczenli olarak g\u00fcncelliyoruz. Ki\u015fisel verilerin gizlili\u011fine ili\u015fkin de\u011fi\u015fiklikler i\u00e7in siteyi kullan\u0131rken bu sayfan\u0131n kontrol edilmesi gerekmektedir.<\/p>\n\n<h2 class=\"wp-block-heading\" id=\"h-liens-contextuels-vers-des-sites-web-tiers\">\u00dc\u00e7\u00fcnc\u00fc taraf web sitelerine ba\u011flamsal ba\u011flant\u0131lar<\/h2>\n\n<p>Web sitemiz \u00fc\u00e7\u00fcnc\u00fc taraf web sitelerine k\u00f6pr\u00fcler i\u00e7ermektedir. Bu siteler \u00fczerinde hi\u00e7bir kontrol\u00fcm\u00fcz yoktur ve gizlilik politikalar\u0131ndan veya ticari ya da pazarlama uygulamalar\u0131ndan sorumlu de\u011filiz. Bu ba\u011flant\u0131lar i\u00e7in hi\u00e7bir sorumluluk kabul etmiyoruz.<\/p>\n","protected":false},"excerpt":{"rendered":"<p>gizlilik-politikasi Amerikan i\u015f piyasas\u0131 hakk\u0131nda bilgi veren bir siteyiz. Herhangi bir \u00e7evrimi\u00e7i hizmet sunmuyoruz ve sitede bir kay\u0131t formumuz yok. Sitedeki tek form ileti\u015fim formumuzdur. Site \u00fczerinde bilgi toplama Sitemizde toplanabilecek ki\u015fisel bilgilerin listesi a\u015fa\u011f\u0131da verilmi\u015ftir: Veri saklama s\u00fcresi Toplanan veriler d\u00fczenli olarak silinir, bu da bize g\u00f6nderilen hi\u00e7bir e-posta i\u00e7eri\u011fini bir haftadan daha uzun [&hellip;]<\/p>\n","protected":false},"author":1,"featured_media":0,"parent":0,"menu_order":0,"comment_status":"closed","ping_status":"closed","template":"","meta":{"footnotes":""},"class_list":["post-680","page","type-page","status-publish","hentry"],"yoast_head":"<!-- This site is optimized with the Yoast SEO plugin v27.4 - https:\/\/yoast.com\/product\/yoast-seo-wordpress\/ -->\n<title>Ki\u015fisel veri gizlili\u011fi politikas\u0131 - USA GC<\/title>\n<meta name=\"description\" content=\"G\u00fcncel veri koruma d\u00fczenlemelerine uygun detayl\u0131 gizlilik politikas\u0131\" \/>\n<meta name=\"robots\" content=\"noindex, nofollow\" \/>\n<meta property=\"og:locale\" content=\"tr_TR\" \/>\n<meta property=\"og:type\" content=\"article\" \/>\n<meta property=\"og:title\" content=\"Ki\u015fisel veri gizlili\u011fi politikas\u0131 - USA GC\" \/>\n<meta property=\"og:description\" content=\"G\u00fcncel veri koruma d\u00fczenlemelerine uygun detayl\u0131 gizlilik politikas\u0131\" \/>\n<meta property=\"og:url\" content=\"https:\/\/us-gc.net\/tr\/privacy-policy\/\" \/>\n<meta property=\"og:site_name\" content=\"USA GC\" \/>\n<meta property=\"article:modified_time\" content=\"2025-03-31T11:22:14+00:00\" \/>\n<meta name=\"twitter:card\" content=\"summary_large_image\" \/>\n<meta name=\"twitter:label1\" content=\"Tahmini okuma s\u00fcresi\" \/>\n\t<meta name=\"twitter:data1\" content=\"2 dakika\" \/>\n<script type=\"application\/ld+json\" class=\"yoast-schema-graph\">{\"@context\":\"https:\\\/\\\/schema.org\",\"@graph\":[{\"@type\":\"WebPage\",\"@id\":\"https:\\\/\\\/us-gc.net\\\/tr\\\/privacy-policy\\\/\",\"url\":\"https:\\\/\\\/us-gc.net\\\/tr\\\/privacy-policy\\\/\",\"name\":\"Ki\u015fisel veri gizlili\u011fi politikas\u0131 - USA GC\",\"isPartOf\":{\"@id\":\"https:\\\/\\\/us-gc.net\\\/tr\\\/#website\"},\"datePublished\":\"2024-01-31T08:01:49+00:00\",\"dateModified\":\"2025-03-31T11:22:14+00:00\",\"description\":\"G\u00fcncel veri koruma d\u00fczenlemelerine uygun detayl\u0131 gizlilik politikas\u0131\",\"breadcrumb\":{\"@id\":\"https:\\\/\\\/us-gc.net\\\/tr\\\/privacy-policy\\\/#breadcrumb\"},\"inLanguage\":\"tr\",\"potentialAction\":[{\"@type\":\"ReadAction\",\"target\":[\"https:\\\/\\\/us-gc.net\\\/tr\\\/privacy-policy\\\/\"]}]},{\"@type\":\"BreadcrumbList\",\"@id\":\"https:\\\/\\\/us-gc.net\\\/tr\\\/privacy-policy\\\/#breadcrumb\",\"itemListElement\":[{\"@type\":\"ListItem\",\"position\":1,\"name\":\"Accueil\",\"item\":\"https:\\\/\\\/us-gc.net\\\/tr\\\/green-card\\\/\"},{\"@type\":\"ListItem\",\"position\":2,\"name\":\"Ki\u015fisel veri gizlili\u011fi politikas\u0131\"}]},{\"@type\":\"WebSite\",\"@id\":\"https:\\\/\\\/us-gc.net\\\/tr\\\/#website\",\"url\":\"https:\\\/\\\/us-gc.net\\\/tr\\\/\",\"name\":\"USA GC\",\"description\":\"\",\"potentialAction\":[{\"@type\":\"SearchAction\",\"target\":{\"@type\":\"EntryPoint\",\"urlTemplate\":\"https:\\\/\\\/us-gc.net\\\/tr\\\/?s={search_term_string}\"},\"query-input\":{\"@type\":\"PropertyValueSpecification\",\"valueRequired\":true,\"valueName\":\"search_term_string\"}}],\"inLanguage\":\"tr\"}]}<\/script>\n<!-- \/ Yoast SEO plugin. -->","yoast_head_json":{"title":"Ki\u015fisel veri gizlili\u011fi politikas\u0131 - USA GC","description":"G\u00fcncel veri koruma d\u00fczenlemelerine uygun detayl\u0131 gizlilik politikas\u0131","robots":{"index":"noindex","follow":"nofollow"},"og_locale":"tr_TR","og_type":"article","og_title":"Ki\u015fisel veri gizlili\u011fi politikas\u0131 - USA GC","og_description":"G\u00fcncel veri koruma d\u00fczenlemelerine uygun detayl\u0131 gizlilik politikas\u0131","og_url":"https:\/\/us-gc.net\/tr\/privacy-policy\/","og_site_name":"USA GC","article_modified_time":"2025-03-31T11:22:14+00:00","twitter_card":"summary_large_image","twitter_misc":{"Tahmini okuma s\u00fcresi":"2 dakika"},"schema":{"@context":"https:\/\/schema.org","@graph":[{"@type":"WebPage","@id":"https:\/\/us-gc.net\/tr\/privacy-policy\/","url":"https:\/\/us-gc.net\/tr\/privacy-policy\/","name":"Ki\u015fisel veri gizlili\u011fi politikas\u0131 - USA GC","isPartOf":{"@id":"https:\/\/us-gc.net\/tr\/#website"},"datePublished":"2024-01-31T08:01:49+00:00","dateModified":"2025-03-31T11:22:14+00:00","description":"G\u00fcncel veri koruma d\u00fczenlemelerine uygun detayl\u0131 gizlilik politikas\u0131","breadcrumb":{"@id":"https:\/\/us-gc.net\/tr\/privacy-policy\/#breadcrumb"},"inLanguage":"tr","potentialAction":[{"@type":"ReadAction","target":["https:\/\/us-gc.net\/tr\/privacy-policy\/"]}]},{"@type":"BreadcrumbList","@id":"https:\/\/us-gc.net\/tr\/privacy-policy\/#breadcrumb","itemListElement":[{"@type":"ListItem","position":1,"name":"Accueil","item":"https:\/\/us-gc.net\/tr\/green-card\/"},{"@type":"ListItem","position":2,"name":"Ki\u015fisel veri gizlili\u011fi politikas\u0131"}]},{"@type":"WebSite","@id":"https:\/\/us-gc.net\/tr\/#website","url":"https:\/\/us-gc.net\/tr\/","name":"USA GC","description":"","potentialAction":[{"@type":"SearchAction","target":{"@type":"EntryPoint","urlTemplate":"https:\/\/us-gc.net\/tr\/?s={search_term_string}"},"query-input":{"@type":"PropertyValueSpecification","valueRequired":true,"valueName":"search_term_string"}}],"inLanguage":"tr"}]}},"_links":{"self":[{"href":"https:\/\/us-gc.net\/tr\/wp-json\/wp\/v2\/pages\/680","targetHints":{"allow":["GET"]}}],"collection":[{"href":"https:\/\/us-gc.net\/tr\/wp-json\/wp\/v2\/pages"}],"about":[{"href":"https:\/\/us-gc.net\/tr\/wp-json\/wp\/v2\/types\/page"}],"author":[{"embeddable":true,"href":"https:\/\/us-gc.net\/tr\/wp-json\/wp\/v2\/users\/1"}],"replies":[{"embeddable":true,"href":"https:\/\/us-gc.net\/tr\/wp-json\/wp\/v2\/comments?post=680"}],"version-history":[{"count":2,"href":"https:\/\/us-gc.net\/tr\/wp-json\/wp\/v2\/pages\/680\/revisions"}],"predecessor-version":[{"id":8655,"href":"https:\/\/us-gc.net\/tr\/wp-json\/wp\/v2\/pages\/680\/revisions\/8655"}],"wp:attachment":[{"href":"https:\/\/us-gc.net\/tr\/wp-json\/wp\/v2\/media?parent=680"}],"curies":[{"name":"wp","href":"https:\/\/api.w.org\/{rel}","templated":true}]}}