{"id":652,"date":"2024-01-31T07:59:57","date_gmt":"2024-01-31T07:59:57","guid":{"rendered":"https:\/\/green-card-usa.net\/yasal-bilgiler\/"},"modified":"2025-03-31T10:09:47","modified_gmt":"2025-03-31T10:09:47","slug":"yasal-bilgiler","status":"publish","type":"page","link":"https:\/\/us-gc.net\/tr\/yasal-bilgiler\/","title":{"rendered":"Yasal bilgiler"},"content":{"rendered":"\n<h1 class=\"wp-block-heading\" id=\"h-mentions-legales-du-site\">Yasal bilgiler<\/h1>\n\n<h2 class=\"wp-block-heading\" id=\"h-editeur-du-site\">Web Sitesi Edit\u00f6r\u00fc<\/h2>\n\n<p>Amerika Birle\u015fik Devletleri&#8217;ndeki i\u015f piyasas\u0131 hakk\u0131nda bilgi veren bir web sitesiyiz. Sitemiz \u00f6zel Malta \u015firketi <a href=\"https:\/\/alma-consulting.org\/\">Alma Consulting<\/a> taraf\u0131ndan yay\u0131nlanmaktad\u0131r. Herhangi bir kamu idaresinden ba\u011f\u0131ms\u0131z\u0131z.    <\/p>\n\n<p>Sitenin yay\u0131nlanmas\u0131ndan sorumlu ki\u015fi Bay Kevin Borg&#8217;dur. Bizimle ileti\u015fime ge\u00e7mek i\u00e7in l\u00fctfen <a href=\"https:\/\/us-gc.net\/tr\/contact\/\">ileti\u015fim formunu<\/a> kullan\u0131n.<\/p>\n\n<h2 class=\"wp-block-heading\" id=\"h-hebergement-du-site\">Web sitesi bar\u0131nd\u0131rma<\/h2>\n\n<p>Web sitesi, Roubaix, Fransa merkezli bir \u015firket olan OVH taraf\u0131ndan bar\u0131nd\u0131r\u0131lmaktad\u0131r.\nOVH, Lille M\u00e9tropole \u015firket sicilinde B424 761 419 numaras\u0131yla kay\u0131tl\u0131 bir \u015firkettir. <\/p>\n\n<h2 class=\"wp-block-heading\" id=\"h-traitement-des-donnees-personnelles\">Ki\u015fisel verilerin i\u015flenmesi<\/h2>\n\n<p>\u00c7evrimi\u00e7i bir form arac\u0131l\u0131\u011f\u0131yla herhangi bir ki\u015fisel veri toplam\u0131yoruz. Siteyi ziyaret edenlerden toplanan tek ki\u015fisel bilgi, ileti\u015fim formunda verilen bilgilerle ilgilidir. Bu bilgiler, e-posta i\u015fleme al\u0131nd\u0131ktan sonra imha edilir ve saklanmaz. <\/p>\n\n<p>Taray\u0131c\u0131 \u00e7erezleri ile ilgili olarak, ziyaret\u00e7iler taray\u0131c\u0131 \u00e7erezlerinin kullan\u0131m\u0131n\u0131 kendileri engelleyebilirler. Ayr\u0131ca bu verilere eri\u015fme, bunlar\u0131 de\u011fi\u015ftirme, d\u00fczeltme ve silme hakk\u0131na da sahipsiniz. Bu hakk\u0131 kullanmak i\u00e7in l\u00fctfen <a href=\"https:\/\/us-gc.net\/tr\/contact\/\">ileti\u015fim formunu<\/a> kullanarak bizimle ileti\u015fime ge\u00e7in.<\/p>\n","protected":false},"excerpt":{"rendered":"<p>Yasal bilgiler Web Sitesi Edit\u00f6r\u00fc Amerika Birle\u015fik Devletleri&#8217;ndeki i\u015f piyasas\u0131 hakk\u0131nda bilgi veren bir web sitesiyiz. Sitemiz \u00f6zel Malta \u015firketi Alma Consulting taraf\u0131ndan yay\u0131nlanmaktad\u0131r. Herhangi bir kamu idaresinden ba\u011f\u0131ms\u0131z\u0131z. Sitenin yay\u0131nlanmas\u0131ndan sorumlu ki\u015fi Bay Kevin Borg&#8217;dur. Bizimle ileti\u015fime ge\u00e7mek i\u00e7in l\u00fctfen ileti\u015fim formunu kullan\u0131n. Web sitesi bar\u0131nd\u0131rma Web sitesi, Roubaix, Fransa merkezli bir \u015firket olan [&hellip;]<\/p>\n","protected":false},"author":1,"featured_media":0,"parent":0,"menu_order":0,"comment_status":"closed","ping_status":"closed","template":"","meta":{"footnotes":""},"class_list":["post-652","page","type-page","status-publish","hentry"],"yoast_head":"<!-- This site is optimized with the Yoast SEO plugin v27.4 - https:\/\/yoast.com\/product\/yoast-seo-wordpress\/ -->\n<title>Yasal bilgiler - USA GC<\/title>\n<meta name=\"description\" content=\"ABD istihdam ve g\u00f6\u00e7menlik piyasas\u0131 hakk\u0131nda bilgi veren us-gc.net web sitesi i\u00e7in yasal uyar\u0131\" \/>\n<meta name=\"robots\" content=\"noindex, nofollow\" \/>\n<meta property=\"og:locale\" content=\"tr_TR\" \/>\n<meta property=\"og:type\" content=\"article\" \/>\n<meta property=\"og:title\" content=\"Yasal bilgiler - USA GC\" \/>\n<meta property=\"og:description\" content=\"ABD istihdam ve g\u00f6\u00e7menlik piyasas\u0131 hakk\u0131nda bilgi veren us-gc.net web sitesi i\u00e7in yasal uyar\u0131\" \/>\n<meta property=\"og:url\" content=\"https:\/\/us-gc.net\/tr\/yasal-bilgiler\/\" \/>\n<meta property=\"og:site_name\" content=\"USA GC\" \/>\n<meta property=\"article:modified_time\" content=\"2025-03-31T10:09:47+00:00\" \/>\n<meta name=\"twitter:card\" content=\"summary_large_image\" \/>\n<meta name=\"twitter:label1\" content=\"Tahmini okuma s\u00fcresi\" \/>\n\t<meta name=\"twitter:data1\" content=\"1 dakika\" \/>\n<script type=\"application\/ld+json\" class=\"yoast-schema-graph\">{\"@context\":\"https:\\\/\\\/schema.org\",\"@graph\":[{\"@type\":\"WebPage\",\"@id\":\"https:\\\/\\\/us-gc.net\\\/tr\\\/yasal-bilgiler\\\/\",\"url\":\"https:\\\/\\\/us-gc.net\\\/tr\\\/yasal-bilgiler\\\/\",\"name\":\"Yasal bilgiler - USA GC\",\"isPartOf\":{\"@id\":\"https:\\\/\\\/us-gc.net\\\/tr\\\/#website\"},\"datePublished\":\"2024-01-31T07:59:57+00:00\",\"dateModified\":\"2025-03-31T10:09:47+00:00\",\"description\":\"ABD istihdam ve g\u00f6\u00e7menlik piyasas\u0131 hakk\u0131nda bilgi veren us-gc.net web sitesi i\u00e7in yasal uyar\u0131\",\"breadcrumb\":{\"@id\":\"https:\\\/\\\/us-gc.net\\\/tr\\\/yasal-bilgiler\\\/#breadcrumb\"},\"inLanguage\":\"tr\",\"potentialAction\":[{\"@type\":\"ReadAction\",\"target\":[\"https:\\\/\\\/us-gc.net\\\/tr\\\/yasal-bilgiler\\\/\"]}]},{\"@type\":\"BreadcrumbList\",\"@id\":\"https:\\\/\\\/us-gc.net\\\/tr\\\/yasal-bilgiler\\\/#breadcrumb\",\"itemListElement\":[{\"@type\":\"ListItem\",\"position\":1,\"name\":\"Accueil\",\"item\":\"https:\\\/\\\/us-gc.net\\\/tr\\\/green-card\\\/\"},{\"@type\":\"ListItem\",\"position\":2,\"name\":\"Yasal bilgiler\"}]},{\"@type\":\"WebSite\",\"@id\":\"https:\\\/\\\/us-gc.net\\\/tr\\\/#website\",\"url\":\"https:\\\/\\\/us-gc.net\\\/tr\\\/\",\"name\":\"USA GC\",\"description\":\"\",\"potentialAction\":[{\"@type\":\"SearchAction\",\"target\":{\"@type\":\"EntryPoint\",\"urlTemplate\":\"https:\\\/\\\/us-gc.net\\\/tr\\\/?s={search_term_string}\"},\"query-input\":{\"@type\":\"PropertyValueSpecification\",\"valueRequired\":true,\"valueName\":\"search_term_string\"}}],\"inLanguage\":\"tr\"}]}<\/script>\n<!-- \/ Yoast SEO plugin. -->","yoast_head_json":{"title":"Yasal bilgiler - USA GC","description":"ABD istihdam ve g\u00f6\u00e7menlik piyasas\u0131 hakk\u0131nda bilgi veren us-gc.net web sitesi i\u00e7in yasal uyar\u0131","robots":{"index":"noindex","follow":"nofollow"},"og_locale":"tr_TR","og_type":"article","og_title":"Yasal bilgiler - USA GC","og_description":"ABD istihdam ve g\u00f6\u00e7menlik piyasas\u0131 hakk\u0131nda bilgi veren us-gc.net web sitesi i\u00e7in yasal uyar\u0131","og_url":"https:\/\/us-gc.net\/tr\/yasal-bilgiler\/","og_site_name":"USA GC","article_modified_time":"2025-03-31T10:09:47+00:00","twitter_card":"summary_large_image","twitter_misc":{"Tahmini okuma s\u00fcresi":"1 dakika"},"schema":{"@context":"https:\/\/schema.org","@graph":[{"@type":"WebPage","@id":"https:\/\/us-gc.net\/tr\/yasal-bilgiler\/","url":"https:\/\/us-gc.net\/tr\/yasal-bilgiler\/","name":"Yasal bilgiler - USA GC","isPartOf":{"@id":"https:\/\/us-gc.net\/tr\/#website"},"datePublished":"2024-01-31T07:59:57+00:00","dateModified":"2025-03-31T10:09:47+00:00","description":"ABD istihdam ve g\u00f6\u00e7menlik piyasas\u0131 hakk\u0131nda bilgi veren us-gc.net web sitesi i\u00e7in yasal uyar\u0131","breadcrumb":{"@id":"https:\/\/us-gc.net\/tr\/yasal-bilgiler\/#breadcrumb"},"inLanguage":"tr","potentialAction":[{"@type":"ReadAction","target":["https:\/\/us-gc.net\/tr\/yasal-bilgiler\/"]}]},{"@type":"BreadcrumbList","@id":"https:\/\/us-gc.net\/tr\/yasal-bilgiler\/#breadcrumb","itemListElement":[{"@type":"ListItem","position":1,"name":"Accueil","item":"https:\/\/us-gc.net\/tr\/green-card\/"},{"@type":"ListItem","position":2,"name":"Yasal bilgiler"}]},{"@type":"WebSite","@id":"https:\/\/us-gc.net\/tr\/#website","url":"https:\/\/us-gc.net\/tr\/","name":"USA GC","description":"","potentialAction":[{"@type":"SearchAction","target":{"@type":"EntryPoint","urlTemplate":"https:\/\/us-gc.net\/tr\/?s={search_term_string}"},"query-input":{"@type":"PropertyValueSpecification","valueRequired":true,"valueName":"search_term_string"}}],"inLanguage":"tr"}]}},"_links":{"self":[{"href":"https:\/\/us-gc.net\/tr\/wp-json\/wp\/v2\/pages\/652","targetHints":{"allow":["GET"]}}],"collection":[{"href":"https:\/\/us-gc.net\/tr\/wp-json\/wp\/v2\/pages"}],"about":[{"href":"https:\/\/us-gc.net\/tr\/wp-json\/wp\/v2\/types\/page"}],"author":[{"embeddable":true,"href":"https:\/\/us-gc.net\/tr\/wp-json\/wp\/v2\/users\/1"}],"replies":[{"embeddable":true,"href":"https:\/\/us-gc.net\/tr\/wp-json\/wp\/v2\/comments?post=652"}],"version-history":[{"count":2,"href":"https:\/\/us-gc.net\/tr\/wp-json\/wp\/v2\/pages\/652\/revisions"}],"predecessor-version":[{"id":8448,"href":"https:\/\/us-gc.net\/tr\/wp-json\/wp\/v2\/pages\/652\/revisions\/8448"}],"wp:attachment":[{"href":"https:\/\/us-gc.net\/tr\/wp-json\/wp\/v2\/media?parent=652"}],"curies":[{"name":"wp","href":"https:\/\/api.w.org\/{rel}","templated":true}]}}