{"id":468,"date":"2024-02-01T08:19:27","date_gmt":"2024-02-01T08:19:27","guid":{"rendered":"https:\/\/green-card-usa.net\/green-card-cekilisi-formu\/"},"modified":"2025-03-31T10:05:58","modified_gmt":"2025-03-31T10:05:58","slug":"green-card-cekilisi-formu","status":"publish","type":"page","link":"https:\/\/us-gc.net\/tr\/green-card-cekilisi-formu\/","title":{"rendered":"Ye\u015fil Kart \u00e7ekili\u015fi online kay\u0131t formu"},"content":{"rendered":"\t\t<div data-elementor-type=\"wp-page\" data-elementor-id=\"468\" class=\"elementor elementor-468 elementor-145\" data-elementor-post-type=\"page\">\n\t\t\t\t<div class=\"elementor-element elementor-element-75ef7d8 e-flex e-con-boxed e-con e-parent\" data-id=\"75ef7d8\" data-element_type=\"container\" data-e-type=\"container\">\n\t\t\t\t\t<div class=\"e-con-inner\">\n\t\t\t\t<div class=\"elementor-element elementor-element-3149e08 elementor-widget elementor-widget-heading\" data-id=\"3149e08\" data-element_type=\"widget\" data-e-type=\"widget\" data-widget_type=\"heading.default\">\n\t\t\t\t<div class=\"elementor-widget-container\">\n\t\t\t\t\t<h1 class=\"elementor-heading-title elementor-size-default\">Ye\u015fil Kart \u00e7ekili\u015fi kay\u0131t formu<\/h1>\t\t\t\t<\/div>\n\t\t\t\t<\/div>\n\t\t\t\t\t<\/div>\n\t\t\t\t<\/div>\n\t\t<div class=\"elementor-element elementor-element-1c60801 e-flex e-con-boxed e-con e-parent\" data-id=\"1c60801\" data-element_type=\"container\" data-e-type=\"container\">\n\t\t\t\t\t<div class=\"e-con-inner\">\n\t\t\t\t<div class=\"elementor-element elementor-element-2e9ffc9 elementor-widget elementor-widget-text-editor\" data-id=\"2e9ffc9\" data-element_type=\"widget\" data-e-type=\"widget\" data-widget_type=\"text-editor.default\">\n\t\t\t\t<div class=\"elementor-widget-container\">\n\t\t\t\t\t\t\t\t\t<p>Bir sonraki Ye\u015fil Kart \u00e7ekili\u015fi i\u00e7in kay\u0131tlar tamamen online olarak yap\u0131lmaktad\u0131r. Formun doldurulmas\u0131 sadece birka\u00e7 dakika s\u00fcrmektedir. Son kay\u0131t tarihini ka\u00e7\u0131rmamak i\u00e7in ba\u015fvurunuzu m\u00fcmk\u00fcn oldu\u011funca erken yap\u0131n.<\/p>\n\t\t\t\t\t\t\t\t<\/div>\n\t\t\t\t<\/div>\n\t\t\t\t\t<\/div>\n\t\t\t\t<\/div>\n\t\t<div class=\"elementor-element elementor-element-9d42428 e-flex e-con-boxed e-con e-parent\" data-id=\"9d42428\" data-element_type=\"container\" data-e-type=\"container\">\n\t\t\t\t\t<div class=\"e-con-inner\">\n\t\t\t\t<div class=\"elementor-element elementor-element-6933e78 elementor-widget elementor-widget-text-editor\" data-id=\"6933e78\" data-element_type=\"widget\" data-e-type=\"widget\" data-widget_type=\"text-editor.default\">\n\t\t\t\t<div class=\"elementor-widget-container\">\n\t\t\t\t\t\t\t\t\t<p>Kay\u0131t formunun doldurulmas\u0131 olduk\u00e7a h\u0131zl\u0131d\u0131r. Bir dizi ki\u015fisel bilgiyi doldurman\u0131z ve belirli uygunluk ko\u015fullar\u0131n\u0131 kar\u015f\u0131laman\u0131z gerekir.<\/p>\n\t\t\t\t\t\t\t\t<\/div>\n\t\t\t\t<\/div>\n\t\t\t\t\t<\/div>\n\t\t\t\t<\/div>\n\t\t<div class=\"elementor-element elementor-element-6306da8 e-flex e-con-boxed e-con e-parent\" data-id=\"6306da8\" data-element_type=\"container\" data-e-type=\"container\">\n\t\t\t\t\t<div class=\"e-con-inner\">\n\t\t\t\t<div class=\"elementor-element elementor-element-b506912 elementor-widget elementor-widget-heading\" data-id=\"b506912\" data-element_type=\"widget\" data-e-type=\"widget\" data-widget_type=\"heading.default\">\n\t\t\t\t<div class=\"elementor-widget-container\">\n\t\t\t\t\t<h2 class=\"elementor-heading-title elementor-size-default\">Form nas\u0131l doldurulur<\/h2>\t\t\t\t<\/div>\n\t\t\t\t<\/div>\n\t\t\t\t\t<\/div>\n\t\t\t\t<\/div>\n\t\t<div class=\"elementor-element elementor-element-e5c6b45 e-flex e-con-boxed e-con e-parent\" data-id=\"e5c6b45\" data-element_type=\"container\" data-e-type=\"container\">\n\t\t\t\t\t<div class=\"e-con-inner\">\n\t\t\t\t<div class=\"elementor-element elementor-element-e90f36f elementor-widget elementor-widget-text-editor\" data-id=\"e90f36f\" data-element_type=\"widget\" data-e-type=\"widget\" data-widget_type=\"text-editor.default\">\n\t\t\t\t<div class=\"elementor-widget-container\">\n\t\t\t\t\t\t\t\t\t<p>Form tamamen \u00e7evrimi\u00e7i olarak doldurulmaktad\u0131r. kaydinizi do\u011frulamak i\u0307\u00e7i\u0307n gerekli\u0307 bi\u0307lgi\u0307ler :<\/p>\n<ul>\n<li>Medeni durumunuz ;<\/li>\n<li>\u0130kamet etti\u011finiz yer ;<\/li>\n<li>E-posta adresiniz ve telefon numaran\u0131z;<\/li>\n<li>E\u011fitim seviyeniz ;<\/li>\n<li>Aile durumunuz ;<\/li>\n<li>Ge\u00e7erli pasaportunuz.<\/li>\n<\/ul>\n<div> <\/div>\n<div>Ye\u015fil Kart \u00e7ekili\u015fine kayd\u0131n\u0131z\u0131 kesinle\u015ftirmek i\u00e7in a\u015fa\u011f\u0131daki belgeleri g\u00f6ndermeniz gerekecektir <span style=\"text-decoration: underline;\"><a href=\"https:\/\/us-gc.net\/tr\/green-card-fotograf\/\">Ye\u015fil Kart i\u00e7in foto\u011fraf<\/a><\/span> 6 aydan daha eski olmayan, gerekli formatta.<\/div>\n\t\t\t\t\t\t\t\t<\/div>\n\t\t\t\t<\/div>\n\t\t\t\t\t<\/div>\n\t\t\t\t<\/div>\n\t\t<div class=\"elementor-element elementor-element-b40a6c1 e-flex e-con-boxed e-con e-parent\" data-id=\"b40a6c1\" data-element_type=\"container\" data-e-type=\"container\">\n\t\t\t\t\t<div class=\"e-con-inner\">\n\t\t\t\t<div class=\"elementor-element elementor-element-844f7e4 elementor-widget elementor-widget-heading\" data-id=\"844f7e4\" data-element_type=\"widget\" data-e-type=\"widget\" data-widget_type=\"heading.default\">\n\t\t\t\t<div class=\"elementor-widget-container\">\n\t\t\t\t\t<h2 class=\"elementor-heading-title elementor-size-default\">Uygunluk ko\u015fullar\u0131<\/h2>\t\t\t\t<\/div>\n\t\t\t\t<\/div>\n\t\t\t\t\t<\/div>\n\t\t\t\t<\/div>\n\t\t<div class=\"elementor-element elementor-element-905f167 e-flex e-con-boxed e-con e-parent\" data-id=\"905f167\" data-element_type=\"container\" data-e-type=\"container\">\n\t\t\t\t\t<div class=\"e-con-inner\">\n\t\t\t\t<div class=\"elementor-element elementor-element-a70162a elementor-widget elementor-widget-text-editor\" data-id=\"a70162a\" data-element_type=\"widget\" data-e-type=\"widget\" data-widget_type=\"text-editor.default\">\n\t\t\t\t<div class=\"elementor-widget-container\">\n\t\t\t\t\t\t\t\t\t<p>Y\u0131ll\u0131k Amerikan Ye\u015fil Kart \u00e7ekili\u015fine kat\u0131lmak i\u00e7in uygunluk ko\u015fullar\u0131 \u00e7ok basittir. Kar\u015f\u0131lanmas\u0131 gereken iki ana kriter vard\u0131r:<\/p>\n<h3>Uygun bir \u00fclkenin vatanda\u015f\u0131 olmal\u0131s\u0131n\u0131z<\/h3>\n<p>T\u00fcm \u00fclkelerin kat\u0131lmas\u0131na izin verilmez <span style=\"text-decoration: underline;\"><a href=\"https:\/\/us-gc.net\/tr\/green-card-cekilisi\/\">Ye\u015fil Kart \u00e7ekili\u015fi<\/a><\/span>. Amerika Birle\u015fik Devletleri kar\u0131\u015f\u0131k bir g\u00f6\u00e7men n\u00fcfusunu muhafaza etmeye \u00e7al\u0131\u015f\u0131yor. Son be\u015f y\u0131l i\u00e7inde 50.000&#8217;den fazla vatanda\u015f\u0131 Amerika Birle\u015fik Devletleri&#8217;ne g\u00f6\u00e7 etmi\u015f olan \u00fclkelerin vatanda\u015flar\u0131 <span style=\"text-decoration: underline;\"><a href=\"https:\/\/us-gc.net\/tr\/\">Ye\u015fil Kart<\/a><\/span>. Vatanda\u015flar\u0131n\u0131n kat\u0131lamayaca\u011f\u0131 \u00fclkelerin listesi her y\u0131l USCIS taraf\u0131ndan yay\u0131nlanmaktad\u0131r. \u0130\u015fte kura \u00e7ekimine kat\u0131lma yetkisi olmayan \u00fclkelerin listesi <span style=\"text-decoration: underline;\"><a href=\"https:\/\/us-gc.net\/tr\/green-card-cekilisi-2025\/\">Ye\u015fil Kart 2025 \u00e7ekili\u015fi<\/a><\/span>.<\/p>\n<h3>En az y\u00fcksek \u00f6\u011frenim d\u00fczeyine sahip olmal\u0131s\u0131n\u0131z<\/h3>\n<p>Kat\u0131lmak i\u00e7in <span style=\"text-decoration: underline;\"><a href=\"https:\/\/us-gc.net\/tr\/amerikan-yesil-kart-cekilisine\/\">ye\u015fil kart \u00e7ekili\u015fi<\/a><\/span> asgari bir akademik seviyeye sahip olmal\u0131s\u0131n\u0131z. Bu y\u00fcksek e\u011fitim seviyesi iki \u015fekilde gerek\u00e7elendirilebilir:<\/p>\n<ul>\n<li>Bakalorya veya e\u015fde\u011ferini alm\u0131\u015f olmak;<\/li>\n<li>Son 5 y\u0131l i\u00e7inde en az 2 y\u0131ll\u0131k e\u011fitim veya deneyim gerektiren 2 y\u0131l veya daha fazla s\u00fcreyle bir pozisyonda \u00e7al\u0131\u015fm\u0131\u015f olmak.<\/li>\n<\/ul>\n\t\t\t\t\t\t\t\t<\/div>\n\t\t\t\t<\/div>\n\t\t\t\t\t<\/div>\n\t\t\t\t<\/div>\n\t\t<div class=\"elementor-element elementor-element-6a0528e e-flex e-con-boxed e-con e-parent\" data-id=\"6a0528e\" data-element_type=\"container\" data-e-type=\"container\">\n\t\t\t\t\t<div class=\"e-con-inner\">\n\t\t\t\t<div class=\"elementor-element elementor-element-57b8aba elementor-widget elementor-widget-heading\" data-id=\"57b8aba\" data-element_type=\"widget\" data-e-type=\"widget\" data-widget_type=\"heading.default\">\n\t\t\t\t<div class=\"elementor-widget-container\">\n\t\t\t\t\t<h2 class=\"elementor-heading-title elementor-size-default\">Green Card \u00e7ekili\u015f sonu\u00e7lar\u0131<\/h2>\t\t\t\t<\/div>\n\t\t\t\t<\/div>\n\t\t\t\t\t<\/div>\n\t\t\t\t<\/div>\n\t\t<div class=\"elementor-element elementor-element-5bfb210 e-flex e-con-boxed e-con e-parent\" data-id=\"5bfb210\" data-element_type=\"container\" data-e-type=\"container\">\n\t\t\t\t\t<div class=\"e-con-inner\">\n\t\t\t\t<div class=\"elementor-element elementor-element-2e3ef98 elementor-widget elementor-widget-text-editor\" data-id=\"2e3ef98\" data-element_type=\"widget\" data-e-type=\"widget\" data-widget_type=\"text-editor.default\">\n\t\t\t\t<div class=\"elementor-widget-container\">\n\t\t\t\t\t\t\t\t\t<p>Ziyaret etmek <span style=\"text-decoration: underline;\"><a href=\"https:\/\/us-gc.net\/tr\/sonuclar-cekilis-green-card\/\">Ye\u015fil Kart \u00e7ekili\u015f sonu\u00e7lar\u0131<\/a><\/span> \u00c7ekili\u015fler her y\u0131l online olarak yay\u0131nlanmaktad\u0131r. Piyango \u00e7ekili\u015fini kazanan t\u00fcm ba\u015fvuru sahipleri i\u00e7in Ye\u015fil Kart alma s\u00fcreci ba\u015flar. Bu s\u00fcre\u00e7 birka\u00e7 ay boyunca devam eder. Son a\u015fama ise bir <span style=\"text-decoration: underline;\"><a href=\"https:\/\/us-gc.net\/tr\/green-card-mulakat\/\">Ye\u015fil Kart almak i\u00e7in m\u00fclakat<\/a><\/span>. Bu g\u00f6r\u00fc\u015fme bir USCIS g\u00f6revlisiyle ger\u00e7ekle\u015fir ve s\u00fcreci tamamlar.<\/p>\n\t\t\t\t\t\t\t\t<\/div>\n\t\t\t\t<\/div>\n\t\t\t\t\t<\/div>\n\t\t\t\t<\/div>\n\t\t\t\t<\/div>\n\t\t","protected":false},"excerpt":{"rendered":"<p>Ye\u015fil Kart \u00e7ekili\u015fi kay\u0131t formu Bir sonraki Ye\u015fil Kart \u00e7ekili\u015fi i\u00e7in kay\u0131tlar tamamen online olarak yap\u0131lmaktad\u0131r. Formun doldurulmas\u0131 sadece birka\u00e7 dakika s\u00fcrmektedir. Son kay\u0131t tarihini ka\u00e7\u0131rmamak i\u00e7in ba\u015fvurunuzu m\u00fcmk\u00fcn oldu\u011funca erken yap\u0131n. Kay\u0131t formunun doldurulmas\u0131 olduk\u00e7a h\u0131zl\u0131d\u0131r. Bir dizi ki\u015fisel bilgiyi doldurman\u0131z ve belirli uygunluk ko\u015fullar\u0131n\u0131 kar\u015f\u0131laman\u0131z gerekir. Form nas\u0131l doldurulur Form tamamen \u00e7evrimi\u00e7i olarak [&hellip;]<\/p>\n","protected":false},"author":1,"featured_media":0,"parent":0,"menu_order":0,"comment_status":"closed","ping_status":"closed","template":"","meta":{"footnotes":""},"class_list":["post-468","page","type-page","status-publish","hentry"],"yoast_head":"<!-- This site is optimized with the Yoast SEO plugin v27.4 - https:\/\/yoast.com\/product\/yoast-seo-wordpress\/ -->\n<title>Ye\u015fil Kart \u00e7ekili\u015fi online kay\u0131t formu - USA GC<\/title>\n<meta name=\"description\" content=\"Bir sonraki Amerikan Ye\u015fil Kart piyango \u00e7ekili\u015fine kat\u0131lmak i\u00e7in do\u011frudan \u00e7evrimi\u00e7i kaydolun\" \/>\n<meta name=\"robots\" content=\"index, follow, max-snippet:-1, max-image-preview:large, max-video-preview:-1\" \/>\n<link rel=\"canonical\" href=\"https:\/\/us-gc.net\/tr\/green-card-cekilisi-formu\/\" \/>\n<meta property=\"og:locale\" content=\"tr_TR\" \/>\n<meta property=\"og:type\" content=\"article\" \/>\n<meta property=\"og:title\" content=\"Ye\u015fil Kart \u00e7ekili\u015fi online kay\u0131t formu - USA GC\" \/>\n<meta property=\"og:description\" content=\"Bir sonraki Amerikan Ye\u015fil Kart piyango \u00e7ekili\u015fine kat\u0131lmak i\u00e7in do\u011frudan \u00e7evrimi\u00e7i kaydolun\" \/>\n<meta property=\"og:url\" content=\"https:\/\/us-gc.net\/tr\/green-card-cekilisi-formu\/\" \/>\n<meta property=\"og:site_name\" content=\"USA GC\" \/>\n<meta property=\"article:modified_time\" content=\"2025-03-31T10:05:58+00:00\" \/>\n<meta name=\"twitter:card\" content=\"summary_large_image\" \/>\n<meta name=\"twitter:label1\" content=\"Tahmini okuma s\u00fcresi\" \/>\n\t<meta name=\"twitter:data1\" content=\"2 dakika\" \/>\n<script type=\"application\/ld+json\" class=\"yoast-schema-graph\">{\"@context\":\"https:\\\/\\\/schema.org\",\"@graph\":[{\"@type\":\"WebPage\",\"@id\":\"https:\\\/\\\/us-gc.net\\\/tr\\\/green-card-cekilisi-formu\\\/\",\"url\":\"https:\\\/\\\/us-gc.net\\\/tr\\\/green-card-cekilisi-formu\\\/\",\"name\":\"Ye\u015fil Kart \u00e7ekili\u015fi online kay\u0131t formu - USA GC\",\"isPartOf\":{\"@id\":\"https:\\\/\\\/us-gc.net\\\/tr\\\/#website\"},\"datePublished\":\"2024-02-01T08:19:27+00:00\",\"dateModified\":\"2025-03-31T10:05:58+00:00\",\"description\":\"Bir sonraki Amerikan Ye\u015fil Kart piyango \u00e7ekili\u015fine kat\u0131lmak i\u00e7in do\u011frudan \u00e7evrimi\u00e7i kaydolun\",\"breadcrumb\":{\"@id\":\"https:\\\/\\\/us-gc.net\\\/tr\\\/green-card-cekilisi-formu\\\/#breadcrumb\"},\"inLanguage\":\"tr\",\"potentialAction\":[{\"@type\":\"ReadAction\",\"target\":[\"https:\\\/\\\/us-gc.net\\\/tr\\\/green-card-cekilisi-formu\\\/\"]}]},{\"@type\":\"BreadcrumbList\",\"@id\":\"https:\\\/\\\/us-gc.net\\\/tr\\\/green-card-cekilisi-formu\\\/#breadcrumb\",\"itemListElement\":[{\"@type\":\"ListItem\",\"position\":1,\"name\":\"Accueil\",\"item\":\"https:\\\/\\\/us-gc.net\\\/tr\\\/green-card\\\/\"},{\"@type\":\"ListItem\",\"position\":2,\"name\":\"Ye\u015fil Kart \u00e7ekili\u015fi online kay\u0131t formu\"}]},{\"@type\":\"WebSite\",\"@id\":\"https:\\\/\\\/us-gc.net\\\/tr\\\/#website\",\"url\":\"https:\\\/\\\/us-gc.net\\\/tr\\\/\",\"name\":\"USA GC\",\"description\":\"\",\"potentialAction\":[{\"@type\":\"SearchAction\",\"target\":{\"@type\":\"EntryPoint\",\"urlTemplate\":\"https:\\\/\\\/us-gc.net\\\/tr\\\/?s={search_term_string}\"},\"query-input\":{\"@type\":\"PropertyValueSpecification\",\"valueRequired\":true,\"valueName\":\"search_term_string\"}}],\"inLanguage\":\"tr\"}]}<\/script>\n<!-- \/ Yoast SEO plugin. -->","yoast_head_json":{"title":"Ye\u015fil Kart \u00e7ekili\u015fi online kay\u0131t formu - USA GC","description":"Bir sonraki Amerikan Ye\u015fil Kart piyango \u00e7ekili\u015fine kat\u0131lmak i\u00e7in do\u011frudan \u00e7evrimi\u00e7i kaydolun","robots":{"index":"index","follow":"follow","max-snippet":"max-snippet:-1","max-image-preview":"max-image-preview:large","max-video-preview":"max-video-preview:-1"},"canonical":"https:\/\/us-gc.net\/tr\/green-card-cekilisi-formu\/","og_locale":"tr_TR","og_type":"article","og_title":"Ye\u015fil Kart \u00e7ekili\u015fi online kay\u0131t formu - USA GC","og_description":"Bir sonraki Amerikan Ye\u015fil Kart piyango \u00e7ekili\u015fine kat\u0131lmak i\u00e7in do\u011frudan \u00e7evrimi\u00e7i kaydolun","og_url":"https:\/\/us-gc.net\/tr\/green-card-cekilisi-formu\/","og_site_name":"USA GC","article_modified_time":"2025-03-31T10:05:58+00:00","twitter_card":"summary_large_image","twitter_misc":{"Tahmini okuma s\u00fcresi":"2 dakika"},"schema":{"@context":"https:\/\/schema.org","@graph":[{"@type":"WebPage","@id":"https:\/\/us-gc.net\/tr\/green-card-cekilisi-formu\/","url":"https:\/\/us-gc.net\/tr\/green-card-cekilisi-formu\/","name":"Ye\u015fil Kart \u00e7ekili\u015fi online kay\u0131t formu - USA GC","isPartOf":{"@id":"https:\/\/us-gc.net\/tr\/#website"},"datePublished":"2024-02-01T08:19:27+00:00","dateModified":"2025-03-31T10:05:58+00:00","description":"Bir sonraki Amerikan Ye\u015fil Kart piyango \u00e7ekili\u015fine kat\u0131lmak i\u00e7in do\u011frudan \u00e7evrimi\u00e7i kaydolun","breadcrumb":{"@id":"https:\/\/us-gc.net\/tr\/green-card-cekilisi-formu\/#breadcrumb"},"inLanguage":"tr","potentialAction":[{"@type":"ReadAction","target":["https:\/\/us-gc.net\/tr\/green-card-cekilisi-formu\/"]}]},{"@type":"BreadcrumbList","@id":"https:\/\/us-gc.net\/tr\/green-card-cekilisi-formu\/#breadcrumb","itemListElement":[{"@type":"ListItem","position":1,"name":"Accueil","item":"https:\/\/us-gc.net\/tr\/green-card\/"},{"@type":"ListItem","position":2,"name":"Ye\u015fil Kart \u00e7ekili\u015fi online kay\u0131t formu"}]},{"@type":"WebSite","@id":"https:\/\/us-gc.net\/tr\/#website","url":"https:\/\/us-gc.net\/tr\/","name":"USA GC","description":"","potentialAction":[{"@type":"SearchAction","target":{"@type":"EntryPoint","urlTemplate":"https:\/\/us-gc.net\/tr\/?s={search_term_string}"},"query-input":{"@type":"PropertyValueSpecification","valueRequired":true,"valueName":"search_term_string"}}],"inLanguage":"tr"}]}},"_links":{"self":[{"href":"https:\/\/us-gc.net\/tr\/wp-json\/wp\/v2\/pages\/468","targetHints":{"allow":["GET"]}}],"collection":[{"href":"https:\/\/us-gc.net\/tr\/wp-json\/wp\/v2\/pages"}],"about":[{"href":"https:\/\/us-gc.net\/tr\/wp-json\/wp\/v2\/types\/page"}],"author":[{"embeddable":true,"href":"https:\/\/us-gc.net\/tr\/wp-json\/wp\/v2\/users\/1"}],"replies":[{"embeddable":true,"href":"https:\/\/us-gc.net\/tr\/wp-json\/wp\/v2\/comments?post=468"}],"version-history":[{"count":4,"href":"https:\/\/us-gc.net\/tr\/wp-json\/wp\/v2\/pages\/468\/revisions"}],"predecessor-version":[{"id":10091,"href":"https:\/\/us-gc.net\/tr\/wp-json\/wp\/v2\/pages\/468\/revisions\/10091"}],"wp:attachment":[{"href":"https:\/\/us-gc.net\/tr\/wp-json\/wp\/v2\/media?parent=468"}],"curies":[{"name":"wp","href":"https:\/\/api.w.org\/{rel}","templated":true}]}}