{"id":428,"date":"2024-01-30T17:24:00","date_gmt":"2024-01-30T17:24:00","guid":{"rendered":"https:\/\/green-card-usa.net\/green-card\/"},"modified":"2024-12-30T09:40:08","modified_gmt":"2024-12-30T09:40:08","slug":"green-card","status":"publish","type":"page","link":"https:\/\/us-gc.net\/tr\/","title":{"rendered":"Green Card ABD | Daimi \u0130kamet Kart\u0131"},"content":{"rendered":"\n<h1 class=\"wp-block-heading\" id=\"h-la-green-card-pour-resider-aux-etats-unis\">Amerika Birle\u015fik Devletleri&#8217;nde ya\u015famak i\u00e7in Green Card<\/h1>\n\n<p>Amerika Birle\u015fik Devletleri, g\u00f6\u00e7 etmek isteyen yabanc\u0131 uyruklular i\u00e7in d\u00fcnyada en \u00e7ok aranan \u00fclke konumundad\u0131r. Green Card, bir\u00e7ok yabanc\u0131 i\u00e7in Amerika Birle\u015fik Devletleri&#8217;nde ya\u015fama ve \u00e7al\u0131\u015fma hakk\u0131 elde etmek i\u00e7in bir f\u0131rsatt\u0131r.<\/p>\n\n<h2 class=\"wp-block-heading\" id=\"h-qu-est-ce-que-la-green-card\">Green Card nedir?<\/h2>\n\n<p>Green Card, Amerika Birle\u015fik Devletleri i\u00e7in kal\u0131c\u0131 bir ikamet kart\u0131d\u0131r. Yabanc\u0131 uyruklular\u0131n Amerika Birle\u015fik Devletleri&#8217;nde kal\u0131c\u0131 olarak ya\u015famalar\u0131na ve \u00e7al\u0131\u015fmalar\u0131na izin verir. Green Card almak i\u00e7in gereken ko\u015fullar ba\u015fvuru nedenine ba\u011fl\u0131d\u0131r.<\/p>\n\n<h2 class=\"wp-block-heading\" id=\"h-quelle-est-son-utilite\">Amac\u0131 nedir?<\/h2>\n\n<p>Green Card&#8217;\u0131n faydas\u0131, Amerika Birle\u015fik Devletleri&#8217;ne ve onun geni\u015f i\u015fg\u00fcc\u00fc piyasas\u0131na sa\u011flad\u0131\u011f\u0131 eri\u015fimde yatmaktad\u0131r. Her y\u0131l y\u00fcz binlerce ba\u015fvuru sahibi Amerika Birle\u015fik Devletleri&#8217;ne gelip \u00e7al\u0131\u015fmak i\u00e7in Green Card almay\u0131 ummaktad\u0131r.<\/p>\n\n<h2 class=\"wp-block-heading\" id=\"h-comment-obtenir-une-green-card\">Nas\u0131l Green Card alabilirim?<\/h2>\n\n<p>Green Card alman\u0131n \u00e7e\u015fitli yollar\u0131 vard\u0131r. Kart alma prosed\u00fcr\u00fc, ba\u015fvuru sahibinin ABD&#8217;de ikamet kart\u0131 i\u00e7in ba\u015fvurma nedenine ba\u011fl\u0131d\u0131r. \u0130\u015fte Green Card alman\u0131n d\u00f6rt ana nedeni:<\/p>\n\n<ul class=\"wp-block-list\">\n<li><a href=\"https:\/\/us-gc.net\/tr\/i%cc%87sti%cc%87hdam-green-card\/\">\u0130stihdama dayal\u0131 Green Card<\/a><\/li>\n\n\n\n<li><a href=\"https:\/\/us-gc.net\/tr\/green-card-evlilik-yoluyla\/\">Evlilik yoluyla Green Card<\/a><\/li>\n\n\n\n<li>Bir aile \u00fcyesi veya \u015firket taraf\u0131ndan <a href=\"https:\/\/us-gc.net\/tr\/green-card-sponsor\/\">sponsorluk yoluyla Green Card<\/a><\/li>\n\n\n\n<li><a href=\"https:\/\/us-gc.net\/tr\/green-card-cekilisi\/\">Green Card \u00c7ekili\u015fine<\/a> Kat\u0131l\u0131m<\/li>\n<\/ul>\n\n<div style=\"height:10px\" aria-hidden=\"true\" class=\"wp-block-spacer\"><\/div>\n\n<p>Her prosed\u00fcr, Green Card almak i\u00e7in gereken belgeler ve ko\u015fullar a\u00e7\u0131s\u0131ndan farkl\u0131d\u0131r. <\/p>\n\n<h2 class=\"wp-block-heading\" id=\"h-quand-effectuer-la-demande-d-une-green-card\">Green Card i\u00e7in ne zaman ba\u015fvurmal\u0131y\u0131m?<\/h2>\n\n<p>Talep edilen Green Card t\u00fcr\u00fcne ba\u011fl\u0131 olarak iki farkl\u0131 durum s\u00f6z konusudur. <\/p>\n\n<ol class=\"wp-block-list\">\n<li>\u0130ster istihdam, ister sponsorluk veya evlilik temelli olsun, t\u00fcm Green Card ba\u015fvurular\u0131 y\u0131l\u0131n herhangi bir zaman\u0131nda yap\u0131labilir. Ba\u015fvuru s\u00fcreci, ba\u015fvuru tamamlan\u0131r tamamlanmaz ba\u015flar.<\/li>\n\n\n\n<li><a href=\"https:\/\/us-gc.net\/tr\/amerikan-yesil-kart-cekilisine\/\">Amerikan Green Card \u00e7ekili\u015fi<\/a> y\u0131lda sadece bir kez yap\u0131lmaktad\u0131r. 2024&#8217;\u00fcn sonunda ger\u00e7ekle\u015fecek \u00e7ekili\u015f, <a href=\"https:\/\/us-gc.net\/tr\/cekilisi-green-card-2026\/\">Green Card 2026 piyangosunun<\/a> tahsisi ile ilgilidir. \u00c7ekili\u015f i\u00e7in kay\u0131tlar\u0131n her y\u0131l Kas\u0131m ay\u0131n\u0131n ilk haftas\u0131na kadar tamamlanmas\u0131 gerekmektedir. 2024 y\u0131l\u0131 boyunca USCIS, <a href=\"https:\/\/us-gc.net\/tr\/green-card-cekilis-2024\/\">2024 Green Card piyango<\/a> kampanyas\u0131 s\u0131ras\u0131nda kazan\u0131lan Ye\u015fil Kartlar\u0131n verilmesi s\u00fcrecini tamamlayacakt\u0131r. Ayr\u0131ca <a href=\"https:\/\/us-gc.net\/tr\/green-card-cekilisi-2025\/\">Green Card 2025 piyango<\/a> \u00e7ekili\u015finin sonu\u00e7lar\u0131n\u0131 i\u015flemeye devam etmektedir.<\/li>\n<\/ol>\n\n<div style=\"height:10px\" aria-hidden=\"true\" class=\"wp-block-spacer\"><\/div>\n\n<p>Her durumda, Ye\u015fil Kart alma s\u00fcreci bir USCIS g\u00f6revlisiyle yap\u0131lacak <a href=\"https:\/\/us-gc.net\/tr\/green-card-mulakat\/\">green card g\u00f6r\u00fc\u015fmesini<\/a> i\u00e7erir. Ba\u015fvuru sahiplerinin randevuya Ye\u015fil Kart ba\u015fvurular\u0131n\u0131 destekleyen belgelerin orijinallerini getirmeleri gerekmektedir.<\/p>\n\n<h2 class=\"wp-block-heading\" id=\"h-comment-renouveler-une-green-card\">Green Card nas\u0131l yenilerim?<\/h2>\n\n<p>Green Card yenilemek i\u00e7in, mevcut kart\u0131n s\u00fcresi dolmadan \u00f6nce, genellikle her 10 y\u0131lda bir, USCIS&#8217;e bir I-90 formu sunulmal\u0131d\u0131r.<\/p>\n\n<h2 class=\"wp-block-heading\" id=\"h-a-quoi-ressemble-une-green-card\">Green Card neye benziyor?<\/h2>\n\n<p>Ad\u0131ndan da anla\u015f\u0131laca\u011f\u0131 \u00fczere, Green Card bir ye\u015fil kartt\u0131r. \u00dczerinde sahibinin foto\u011fraf\u0131 bulunan bir kimlik kart\u0131na benzemektedir. <a href=\"https:\/\/us-gc.net\/tr\/green-card-fotograf\/\">Ye\u015fil Kart&#8217;\u0131n<\/a> bu <a href=\"https:\/\/us-gc.net\/tr\/green-card-fotograf\/\">foto\u011fraf\u0131<\/a>, a\u015fa\u011f\u0131daki resimde g\u00f6sterildi\u011fi gibi belirli boyutlara sahiptir. Ye\u015fil Kart\u0131n d\u00fczenlenmesi i\u00e7in kullan\u0131ld\u0131\u011f\u0131nda 6 aydan daha eski olmamal\u0131d\u0131r.<\/p>\n\n<figure class=\"wp-block-image size-full\"><img decoding=\"async\" src=\"https:\/\/us-gc.net\/wp-content\/uploads\/2024\/05\/Green-card-2024-1.jpg\" alt=\"2024'te ge&#xE7;erli bir Ye&#x15F;il Kart g&#xF6;r&#xFC;nt&#xFC;s&#xFC;\" class=\"wp-image-4848\"\/><figcaption class=\"wp-element-caption\">ABD i\u00e7in Ye\u015fil Kart G\u00f6r\u00fcnt\u00fcs\u00fc<\/figcaption><\/figure>\n\n<h2 class=\"wp-block-heading\" id=\"h-combien-coute-une-green-card\">Green Card ne kadara mal olur?<\/h2>\n\n<p>Ye\u015fil Kart alma prosed\u00fcr\u00fc, zorunlu idari \u00fccretlerin \u00f6denmesini i\u00e7ermektedir. <a href=\"https:\/\/us-gc.net\/tr\/green-card-fiyati\/\">Ye\u015fil Kart \u00fccretleri<\/a> talep edilen Ye\u015fil Kart t\u00fcr\u00fcne g\u00f6re de\u011fi\u015fmektedir.<\/p>\n\n<h2 class=\"wp-block-heading\" id=\"h-peut-on-voyager-avec-une-green-card\">Green Card ile seyahat edebilir miyim?<\/h2>\n\n<p>Green Card sahipleri, Amerikan pasaportu sahipleriyle ayn\u0131 olanaklara sahip olarak d\u00fcnyan\u0131n belirli \u00fclkelerine seyahat edebilirler. <a href=\"https:\/\/us-gc.net\/tr\/travel-abroad-with-green-card\/\">Green Card ile seyahat<\/a> etme f\u0131rsat\u0131 yaln\u0131zca Amerika Birle\u015fik Devletleri ile belirli anla\u015fmalar imzalam\u0131\u015f olan belirli \u00fclkeler i\u00e7in ge\u00e7erlidir. Ba\u015fl\u0131ca ortak \u00fclkeler Kanada ve Meksika gibi co\u011frafi kom\u015fulard\u0131r.<\/p>\n","protected":false},"excerpt":{"rendered":"<p>Amerika Birle\u015fik Devletleri&#8217;nde ya\u015famak i\u00e7in Green Card Amerika Birle\u015fik Devletleri, g\u00f6\u00e7 etmek isteyen yabanc\u0131 uyruklular i\u00e7in d\u00fcnyada en \u00e7ok aranan \u00fclke konumundad\u0131r. Green Card, bir\u00e7ok yabanc\u0131 i\u00e7in Amerika Birle\u015fik Devletleri&#8217;nde ya\u015fama ve \u00e7al\u0131\u015fma hakk\u0131 elde etmek i\u00e7in bir f\u0131rsatt\u0131r. Green Card nedir? Green Card, Amerika Birle\u015fik Devletleri i\u00e7in kal\u0131c\u0131 bir ikamet kart\u0131d\u0131r. Yabanc\u0131 uyruklular\u0131n Amerika [&hellip;]<\/p>\n","protected":false},"author":1,"featured_media":0,"parent":0,"menu_order":0,"comment_status":"closed","ping_status":"closed","template":"","meta":{"footnotes":""},"class_list":["post-428","page","type-page","status-publish","hentry"],"yoast_head":"<!-- This site is optimized with the Yoast SEO plugin v27.4 - https:\/\/yoast.com\/product\/yoast-seo-wordpress\/ -->\n<title>Green Card ABD | Daimi \u0130kamet Kart\u0131 - USA GC<\/title>\n<meta name=\"description\" content=\"Green Card, Amerika Birle\u015fik Devletleri i\u00e7in daimi ikamet kart\u0131d\u0131r. ABD&#039;de ya\u015famak ve \u00e7al\u0131\u015fmak i\u00e7in oturma izni alman\u0131n \u00e7e\u015fitli yollar\u0131 vard\u0131r\" \/>\n<meta name=\"robots\" content=\"index, follow, max-snippet:-1, max-image-preview:large, max-video-preview:-1\" \/>\n<link rel=\"canonical\" href=\"https:\/\/us-gc.net\/tr\/\" \/>\n<meta property=\"og:locale\" content=\"tr_TR\" \/>\n<meta property=\"og:type\" content=\"article\" \/>\n<meta property=\"og:title\" content=\"Green Card ABD | Daimi \u0130kamet Kart\u0131 - USA GC\" \/>\n<meta property=\"og:description\" content=\"Green Card, Amerika Birle\u015fik Devletleri i\u00e7in daimi ikamet kart\u0131d\u0131r. ABD&#039;de ya\u015famak ve \u00e7al\u0131\u015fmak i\u00e7in oturma izni alman\u0131n \u00e7e\u015fitli yollar\u0131 vard\u0131r\" \/>\n<meta property=\"og:url\" content=\"https:\/\/us-gc.net\/tr\/\" \/>\n<meta property=\"og:site_name\" content=\"USA GC\" \/>\n<meta property=\"article:modified_time\" content=\"2024-12-30T09:40:08+00:00\" \/>\n<meta property=\"og:image\" content=\"https:\/\/us-gc.net\/wp-content\/uploads\/2024\/05\/Green-card-2024-1.jpg\" \/>\n<meta name=\"twitter:card\" content=\"summary_large_image\" \/>\n<meta name=\"twitter:label1\" content=\"Tahmini okuma s\u00fcresi\" \/>\n\t<meta name=\"twitter:data1\" content=\"3 dakika\" \/>\n<script type=\"application\/ld+json\" class=\"yoast-schema-graph\">{\"@context\":\"https:\\\/\\\/schema.org\",\"@graph\":[{\"@type\":\"WebPage\",\"@id\":\"https:\\\/\\\/us-gc.net\\\/tr\\\/\",\"url\":\"https:\\\/\\\/us-gc.net\\\/tr\\\/\",\"name\":\"Green Card ABD | Daimi \u0130kamet Kart\u0131 - USA GC\",\"isPartOf\":{\"@id\":\"https:\\\/\\\/us-gc.net\\\/tr\\\/#website\"},\"primaryImageOfPage\":{\"@id\":\"https:\\\/\\\/us-gc.net\\\/tr\\\/#primaryimage\"},\"image\":{\"@id\":\"https:\\\/\\\/us-gc.net\\\/tr\\\/#primaryimage\"},\"thumbnailUrl\":\"https:\\\/\\\/us-gc.net\\\/wp-content\\\/uploads\\\/2024\\\/05\\\/Green-card-2024-1.jpg\",\"datePublished\":\"2024-01-30T17:24:00+00:00\",\"dateModified\":\"2024-12-30T09:40:08+00:00\",\"description\":\"Green Card, Amerika Birle\u015fik Devletleri i\u00e7in daimi ikamet kart\u0131d\u0131r. ABD'de ya\u015famak ve \u00e7al\u0131\u015fmak i\u00e7in oturma izni alman\u0131n \u00e7e\u015fitli yollar\u0131 vard\u0131r\",\"breadcrumb\":{\"@id\":\"https:\\\/\\\/us-gc.net\\\/tr\\\/#breadcrumb\"},\"inLanguage\":\"tr\",\"potentialAction\":[{\"@type\":\"ReadAction\",\"target\":[\"https:\\\/\\\/us-gc.net\\\/tr\\\/\"]}]},{\"@type\":\"ImageObject\",\"inLanguage\":\"tr\",\"@id\":\"https:\\\/\\\/us-gc.net\\\/tr\\\/#primaryimage\",\"url\":\"https:\\\/\\\/us-gc.net\\\/wp-content\\\/uploads\\\/2024\\\/05\\\/Green-card-2024-1.jpg\",\"contentUrl\":\"https:\\\/\\\/us-gc.net\\\/wp-content\\\/uploads\\\/2024\\\/05\\\/Green-card-2024-1.jpg\"},{\"@type\":\"BreadcrumbList\",\"@id\":\"https:\\\/\\\/us-gc.net\\\/tr\\\/#breadcrumb\",\"itemListElement\":[{\"@type\":\"ListItem\",\"position\":1,\"name\":\"Accueil\",\"item\":\"https:\\\/\\\/us-gc.net\\\/tr\\\/green-card\\\/\"},{\"@type\":\"ListItem\",\"position\":2,\"name\":\"Green Card ABD | Daimi \u0130kamet Kart\u0131\"}]},{\"@type\":\"WebSite\",\"@id\":\"https:\\\/\\\/us-gc.net\\\/tr\\\/#website\",\"url\":\"https:\\\/\\\/us-gc.net\\\/tr\\\/\",\"name\":\"USA GC\",\"description\":\"\",\"potentialAction\":[{\"@type\":\"SearchAction\",\"target\":{\"@type\":\"EntryPoint\",\"urlTemplate\":\"https:\\\/\\\/us-gc.net\\\/tr\\\/?s={search_term_string}\"},\"query-input\":{\"@type\":\"PropertyValueSpecification\",\"valueRequired\":true,\"valueName\":\"search_term_string\"}}],\"inLanguage\":\"tr\"}]}<\/script>\n<!-- \/ Yoast SEO plugin. -->","yoast_head_json":{"title":"Green Card ABD | Daimi \u0130kamet Kart\u0131 - USA GC","description":"Green Card, Amerika Birle\u015fik Devletleri i\u00e7in daimi ikamet kart\u0131d\u0131r. ABD'de ya\u015famak ve \u00e7al\u0131\u015fmak i\u00e7in oturma izni alman\u0131n \u00e7e\u015fitli yollar\u0131 vard\u0131r","robots":{"index":"index","follow":"follow","max-snippet":"max-snippet:-1","max-image-preview":"max-image-preview:large","max-video-preview":"max-video-preview:-1"},"canonical":"https:\/\/us-gc.net\/tr\/","og_locale":"tr_TR","og_type":"article","og_title":"Green Card ABD | Daimi \u0130kamet Kart\u0131 - USA GC","og_description":"Green Card, Amerika Birle\u015fik Devletleri i\u00e7in daimi ikamet kart\u0131d\u0131r. ABD'de ya\u015famak ve \u00e7al\u0131\u015fmak i\u00e7in oturma izni alman\u0131n \u00e7e\u015fitli yollar\u0131 vard\u0131r","og_url":"https:\/\/us-gc.net\/tr\/","og_site_name":"USA GC","article_modified_time":"2024-12-30T09:40:08+00:00","og_image":[{"url":"https:\/\/us-gc.net\/wp-content\/uploads\/2024\/05\/Green-card-2024-1.jpg","type":"","width":"","height":""}],"twitter_card":"summary_large_image","twitter_misc":{"Tahmini okuma s\u00fcresi":"3 dakika"},"schema":{"@context":"https:\/\/schema.org","@graph":[{"@type":"WebPage","@id":"https:\/\/us-gc.net\/tr\/","url":"https:\/\/us-gc.net\/tr\/","name":"Green Card ABD | Daimi \u0130kamet Kart\u0131 - USA GC","isPartOf":{"@id":"https:\/\/us-gc.net\/tr\/#website"},"primaryImageOfPage":{"@id":"https:\/\/us-gc.net\/tr\/#primaryimage"},"image":{"@id":"https:\/\/us-gc.net\/tr\/#primaryimage"},"thumbnailUrl":"https:\/\/us-gc.net\/wp-content\/uploads\/2024\/05\/Green-card-2024-1.jpg","datePublished":"2024-01-30T17:24:00+00:00","dateModified":"2024-12-30T09:40:08+00:00","description":"Green Card, Amerika Birle\u015fik Devletleri i\u00e7in daimi ikamet kart\u0131d\u0131r. ABD'de ya\u015famak ve \u00e7al\u0131\u015fmak i\u00e7in oturma izni alman\u0131n \u00e7e\u015fitli yollar\u0131 vard\u0131r","breadcrumb":{"@id":"https:\/\/us-gc.net\/tr\/#breadcrumb"},"inLanguage":"tr","potentialAction":[{"@type":"ReadAction","target":["https:\/\/us-gc.net\/tr\/"]}]},{"@type":"ImageObject","inLanguage":"tr","@id":"https:\/\/us-gc.net\/tr\/#primaryimage","url":"https:\/\/us-gc.net\/wp-content\/uploads\/2024\/05\/Green-card-2024-1.jpg","contentUrl":"https:\/\/us-gc.net\/wp-content\/uploads\/2024\/05\/Green-card-2024-1.jpg"},{"@type":"BreadcrumbList","@id":"https:\/\/us-gc.net\/tr\/#breadcrumb","itemListElement":[{"@type":"ListItem","position":1,"name":"Accueil","item":"https:\/\/us-gc.net\/tr\/green-card\/"},{"@type":"ListItem","position":2,"name":"Green Card ABD | Daimi \u0130kamet Kart\u0131"}]},{"@type":"WebSite","@id":"https:\/\/us-gc.net\/tr\/#website","url":"https:\/\/us-gc.net\/tr\/","name":"USA GC","description":"","potentialAction":[{"@type":"SearchAction","target":{"@type":"EntryPoint","urlTemplate":"https:\/\/us-gc.net\/tr\/?s={search_term_string}"},"query-input":{"@type":"PropertyValueSpecification","valueRequired":true,"valueName":"search_term_string"}}],"inLanguage":"tr"}]}},"_links":{"self":[{"href":"https:\/\/us-gc.net\/tr\/wp-json\/wp\/v2\/pages\/428","targetHints":{"allow":["GET"]}}],"collection":[{"href":"https:\/\/us-gc.net\/tr\/wp-json\/wp\/v2\/pages"}],"about":[{"href":"https:\/\/us-gc.net\/tr\/wp-json\/wp\/v2\/types\/page"}],"author":[{"embeddable":true,"href":"https:\/\/us-gc.net\/tr\/wp-json\/wp\/v2\/users\/1"}],"replies":[{"embeddable":true,"href":"https:\/\/us-gc.net\/tr\/wp-json\/wp\/v2\/comments?post=428"}],"version-history":[{"count":1,"href":"https:\/\/us-gc.net\/tr\/wp-json\/wp\/v2\/pages\/428\/revisions"}],"predecessor-version":[{"id":7712,"href":"https:\/\/us-gc.net\/tr\/wp-json\/wp\/v2\/pages\/428\/revisions\/7712"}],"wp:attachment":[{"href":"https:\/\/us-gc.net\/tr\/wp-json\/wp\/v2\/media?parent=428"}],"curies":[{"name":"wp","href":"https:\/\/api.w.org\/{rel}","templated":true}]}}