{"id":3603,"date":"2024-02-13T10:11:47","date_gmt":"2024-02-13T10:11:47","guid":{"rendered":"https:\/\/green-card-usa.net\/piyango-green-card-avrupa\/"},"modified":"2024-12-30T09:43:03","modified_gmt":"2024-12-30T09:43:03","slug":"piyango-green-card-avrupa","status":"publish","type":"page","link":"https:\/\/us-gc.net\/tr\/piyango-green-card-avrupa\/","title":{"rendered":"Avrupa vatanda\u015flar\u0131 i\u00e7in Ye\u015fil Kart \u00e7ekili\u015fi"},"content":{"rendered":"\n<h1 class=\"wp-block-heading\" id=\"h-la-loterie-de-la-carte-verte-pour-les-pays-europeens\">Avrupa \u00fclkeleri i\u00e7in Ye\u015fil Kart \u00e7ekili\u015fi<\/h1>\n\n<p>Her y\u0131l milyonlarca ba\u015fvuru sahibi Amerikan Ye\u015fil Kart \u00e7ekili\u015fine kat\u0131lmaktad\u0131r. D\u0131\u015fi\u015fleri Bakanl\u0131\u011f\u0131 taraf\u0131ndan <a href=\"https:\/\/travel.state.gov\/content\/travel\/en\/us-visas\/immigrate\/diversity-visa-program-entry\/diversity-visa-program-statistics.html\">travel.state.gov<\/a> adresinde yay\u0131nlanan istatistikleri derleyerek Avrupa vatanda\u015flar\u0131n\u0131n Ye\u015fil Kart \u00e7ekili\u015fine kat\u0131l\u0131m\u0131na ili\u015fkin temel rakamlar\u0131 sizlere sunuyoruz.<\/p>\n\n<h2 class=\"wp-block-heading\" id=\"h-quelle-est-la-participation-des-europeens-a-la-loterie-de-la-carte-verte\">Ye\u015fil Kart \u00e7ekili\u015fine ka\u00e7 Avrupal\u0131 kat\u0131l\u0131yor?<\/h2>\n\n<p>\u0130statistiklerin mevcut oldu\u011fu son birka\u00e7 y\u0131l i\u00e7inde <a href=\"https:\/\/us-gc.net\/tr\/green-card-cekilisi\/\">Green Card \u00e7ekili\u015fine<\/a> ba\u015fvuranlar\u0131n yakla\u015f\u0131k %30&#8217;u bir Avrupa \u00fclkesinin vatanda\u015f\u0131 olmu\u015ftur.<\/p>\n\n<figure class=\"wp-block-table\"><table><tbody><tr><td><strong>Y\u0131llar<\/strong><\/td><td class=\"has-text-align-center\" data-align=\"center\"><strong>2019<\/strong><\/td><td class=\"has-text-align-center\" data-align=\"center\"><strong>2020<\/strong><\/td><td class=\"has-text-align-center\" data-align=\"center\"><strong>2021<\/strong><\/td><\/tr><tr><td>Avrupa&#8217;da kay\u0131tl\u0131 ki\u015fi say\u0131s\u0131<\/td><td class=\"has-text-align-center\" data-align=\"center\">4 349 555<\/td><td class=\"has-text-align-center\" data-align=\"center\">4 072 324<\/td><td class=\"has-text-align-center\" data-align=\"center\">2 014 089<\/td><\/tr><tr><td>Toplam kay\u0131t dosyas\u0131<\/td><td class=\"has-text-align-center\" data-align=\"center\">14 352 013<\/td><td class=\"has-text-align-center\" data-align=\"center\">14 722 798<\/td><td class=\"has-text-align-center\" data-align=\"center\">6 741 128<\/td><\/tr><tr><td><strong>Avrupal\u0131 tescil ettirenlerin y\u00fczdesi<\/strong><\/td><td class=\"has-text-align-center\" data-align=\"center\"><strong>30%<\/strong><\/td><td class=\"has-text-align-center\" data-align=\"center\"><strong>28%<\/strong><\/td><td class=\"has-text-align-center\" data-align=\"center\"><strong>30%<\/strong><\/td><\/tr><\/tbody><\/table><figcaption class=\"wp-element-caption\">Ye\u015fil Kart \u00e7ekili\u015fi i\u00e7in kay\u0131tl\u0131 Avrupal\u0131lar\u0131n y\u00fczdesi<\/figcaption><\/figure>\n\n<h2 class=\"wp-block-heading\" id=\"h-quels-sont-les-principaux-pays-d-europe-d-ou-proviennent-les-candidats\">Ba\u015fvuru sahiplerinin geldi\u011fi ba\u015fl\u0131ca Avrupa \u00fclkeleri hangileridir?<\/h2>\n\n<p>\u0130\u015fte 20 ana Avrupa \u00fclkesi i\u00e7in Ye\u015fil Kart \u00e7ekili\u015fi i\u00e7in ba\u015fvuru say\u0131s\u0131. D\u0131\u015fi\u015fleri Bakanl\u0131\u011f\u0131 taraf\u0131ndan yay\u0131nlanan son rakamlar 2019-2021 y\u0131llar\u0131n\u0131 kapsamaktad\u0131r:<\/p>\n\n<figure class=\"wp-block-table\"><table><tbody><tr><td><strong>Avrupa \u00fclkeleri<\/strong><\/td><td class=\"has-text-align-center\" data-align=\"center\"><strong>2019<\/strong><\/td><td class=\"has-text-align-center\" data-align=\"center\"><strong>2020<\/strong><\/td><td class=\"has-text-align-center\" data-align=\"center\"><strong>2021<\/strong><\/td><\/tr><tr><td>\u00d6zbekistan<\/td><td class=\"has-text-align-center\" data-align=\"center\">1 813 357<\/td><td class=\"has-text-align-center\" data-align=\"center\">1 674 787<\/td><td class=\"has-text-align-center\" data-align=\"center\">466 480<\/td><\/tr><tr><td>Rusya<\/td><td class=\"has-text-align-center\" data-align=\"center\">240 323<\/td><td class=\"has-text-align-center\" data-align=\"center\">289 910<\/td><td class=\"has-text-align-center\" data-align=\"center\">260 292<\/td><\/tr><tr><td>Ukrayna<\/td><td class=\"has-text-align-center\" data-align=\"center\">665 764<\/td><td class=\"has-text-align-center\" data-align=\"center\">586 088<\/td><td class=\"has-text-align-center\" data-align=\"center\">210 570<\/td><\/tr><tr><td>Moldova<\/td><td class=\"has-text-align-center\" data-align=\"center\">323 102<\/td><td class=\"has-text-align-center\" data-align=\"center\">200 204<\/td><td class=\"has-text-align-center\" data-align=\"center\">135 992<\/td><\/tr><tr><td>Arnavutluk<\/td><td class=\"has-text-align-center\" data-align=\"center\">172 817<\/td><td class=\"has-text-align-center\" data-align=\"center\">181 270<\/td><td class=\"has-text-align-center\" data-align=\"center\">128 871<\/td><\/tr><tr><td>T\u00fcrkiye<\/td><td class=\"has-text-align-center\" data-align=\"center\">188 579<\/td><td class=\"has-text-align-center\" data-align=\"center\">221 271<\/td><td class=\"has-text-align-center\" data-align=\"center\">128 743<\/td><\/tr><tr><td>Belarus<\/td><td class=\"has-text-align-center\" data-align=\"center\">107 223<\/td><td class=\"has-text-align-center\" data-align=\"center\">98 617<\/td><td class=\"has-text-align-center\" data-align=\"center\">83 001<\/td><\/tr><tr><td>Ermenistan<\/td><td class=\"has-text-align-center\" data-align=\"center\">102 653<\/td><td class=\"has-text-align-center\" data-align=\"center\">79 628<\/td><td class=\"has-text-align-center\" data-align=\"center\">68 309<\/td><\/tr><tr><td>Kazakistan<\/td><td class=\"has-text-align-center\" data-align=\"center\">55 686<\/td><td class=\"has-text-align-center\" data-align=\"center\">82 180<\/td><td class=\"has-text-align-center\" data-align=\"center\">67 593<\/td><\/tr><tr><td>Tacikistan<\/td><td class=\"has-text-align-center\" data-align=\"center\">62 581<\/td><td class=\"has-text-align-center\" data-align=\"center\">77 745<\/td><td class=\"has-text-align-center\" data-align=\"center\">63 944<\/td><\/tr><tr><td>K\u0131rg\u0131zistan<\/td><td class=\"has-text-align-center\" data-align=\"center\">46 045<\/td><td class=\"has-text-align-center\" data-align=\"center\">77 540<\/td><td class=\"has-text-align-center\" data-align=\"center\">55 178<\/td><\/tr><tr><td>Azerbaycan<\/td><td class=\"has-text-align-center\" data-align=\"center\">93 736<\/td><td class=\"has-text-align-center\" data-align=\"center\">91 137<\/td><td class=\"has-text-align-center\" data-align=\"center\">52 659<\/td><\/tr><tr><td>G\u00fcrcistan<\/td><td class=\"has-text-align-center\" data-align=\"center\">56 781<\/td><td class=\"has-text-align-center\" data-align=\"center\">61 292<\/td><td class=\"has-text-align-center\" data-align=\"center\">50 272<\/td><\/tr><tr><td>Almanya<\/td><td class=\"has-text-align-center\" data-align=\"center\">45 947<\/td><td class=\"has-text-align-center\" data-align=\"center\">38 618<\/td><td class=\"has-text-align-center\" data-align=\"center\">30 417<\/td><\/tr><tr><td>T\u00fcrkmenistan<\/td><td class=\"has-text-align-center\" data-align=\"center\">15 057<\/td><td class=\"has-text-align-center\" data-align=\"center\">23 362<\/td><td class=\"has-text-align-center\" data-align=\"center\">23 907<\/td><\/tr><tr><td>\u0130talya<\/td><td class=\"has-text-align-center\" data-align=\"center\">35 326<\/td><td class=\"has-text-align-center\" data-align=\"center\">28 947<\/td><td class=\"has-text-align-center\" data-align=\"center\">22 693<\/td><\/tr><tr><td>Fransa<\/td><td class=\"has-text-align-center\" data-align=\"center\">34 077<\/td><td class=\"has-text-align-center\" data-align=\"center\">27 304<\/td><td class=\"has-text-align-center\" data-align=\"center\">19 947<\/td><\/tr><tr><td>Polonya<\/td><td class=\"has-text-align-center\" data-align=\"center\">38 539<\/td><td class=\"has-text-align-center\" data-align=\"center\">25 215<\/td><td class=\"has-text-align-center\" data-align=\"center\">16 150<\/td><\/tr><tr><td>Romanya<\/td><td class=\"has-text-align-center\" data-align=\"center\">35 367<\/td><td class=\"has-text-align-center\" data-align=\"center\">23 830<\/td><td class=\"has-text-align-center\" data-align=\"center\">15 637<\/td><\/tr><tr><td>Bulgaristan<\/td><td class=\"has-text-align-center\" data-align=\"center\">30 649<\/td><td class=\"has-text-align-center\" data-align=\"center\">22 696<\/td><td class=\"has-text-align-center\" data-align=\"center\">14 407<\/td><\/tr><\/tbody><\/table><figcaption class=\"wp-element-caption\">ABD ye\u015fil kart \u00e7ekili\u015fine kat\u0131lanlar\u0131n say\u0131s\u0131 bak\u0131m\u0131ndan ba\u015fl\u0131ca Avrupa \u00fclkeleri<\/figcaption><\/figure>\n\n<h2 class=\"wp-block-heading\" id=\"h-quels-sont-les-gagnants-a-la-loterie-provenant-de-pays-europeens\">Avrupa \u00fclkelerinden piyango talihlileri kimler?<\/h2>\n\n<p>D\u0131\u015fi\u015fleri Bakanl\u0131\u011f\u0131 ayr\u0131ca \u00e7e\u015fitlilik program\u0131 arac\u0131l\u0131\u011f\u0131yla her y\u0131l al\u0131nan vize say\u0131s\u0131n\u0131 da yay\u0131nlamaktad\u0131r. Bu <a href=\"https:\/\/us-gc.net\/tr\/sonuclar-cekilis-green-card\/\">piyango sonu\u00e7lar\u0131<\/a> co\u011frafi b\u00f6lgelere g\u00f6re ve \u00fclkelere g\u00f6re ayr\u0131lm\u0131\u015f olarak yay\u0131nlanmaktad\u0131r.<\/p>\n\n<p>\u0130\u015fte 2018-2022 y\u0131llar\u0131 aras\u0131nda 20 ana Avrupa \u00fclkesi i\u00e7in <a href=\"https:\/\/us-gc.net\/tr\/amerikan-yesil-kart-cekilisine\/\">Ye\u015fil Kart \u00e7ekili\u015fi<\/a> sayesinde al\u0131nan vize say\u0131s\u0131:<\/p>\n\n<figure class=\"wp-block-table\"><table><tbody><tr><td><strong>Avrupa \u00fclkeleri<\/strong><\/td><td class=\"has-text-align-center\" data-align=\"center\"><strong>2018<\/strong><\/td><td class=\"has-text-align-center\" data-align=\"center\"><strong>2019<\/strong><\/td><td class=\"has-text-align-center\" data-align=\"center\"><strong>2020<\/strong><\/td><td class=\"has-text-align-center\" data-align=\"center\"><strong>2021<\/strong><\/td><td class=\"has-text-align-center\" data-align=\"center\"><strong>2022<\/strong><\/td><\/tr><tr><td>Rusya<\/td><td class=\"has-text-align-center\" data-align=\"center\">2 175<\/td><td class=\"has-text-align-center\" data-align=\"center\">2 506<\/td><td class=\"has-text-align-center\" data-align=\"center\">947<\/td><td class=\"has-text-align-center\" data-align=\"center\">414<\/td><td class=\"has-text-align-center\" data-align=\"center\">2 784<\/td><\/tr><tr><td>Ukrayna<\/td><td class=\"has-text-align-center\" data-align=\"center\">2 653<\/td><td class=\"has-text-align-center\" data-align=\"center\">2 062<\/td><td class=\"has-text-align-center\" data-align=\"center\">1 101<\/td><td class=\"has-text-align-center\" data-align=\"center\">938<\/td><td class=\"has-text-align-center\" data-align=\"center\">2 636<\/td><\/tr><tr><td>\u00d6zbekistan<\/td><td class=\"has-text-align-center\" data-align=\"center\">2 058<\/td><td class=\"has-text-align-center\" data-align=\"center\">823<\/td><td class=\"has-text-align-center\" data-align=\"center\">314<\/td><td class=\"has-text-align-center\" data-align=\"center\">89<\/td><td class=\"has-text-align-center\" data-align=\"center\">  2 413<\/td><\/tr><tr><td>Arnavutluk<\/td><td class=\"has-text-align-center\" data-align=\"center\">2 630<\/td><td class=\"has-text-align-center\" data-align=\"center\">2 284<\/td><td class=\"has-text-align-center\" data-align=\"center\">460<\/td><td class=\"has-text-align-center\" data-align=\"center\">653<\/td><td class=\"has-text-align-center\" data-align=\"center\">2 054<\/td><\/tr><tr><td>K\u0131rg\u0131zistan<\/td><td class=\"has-text-align-center\" data-align=\"center\">383<\/td><td class=\"has-text-align-center\" data-align=\"center\">383<\/td><td class=\"has-text-align-center\" data-align=\"center\">149<\/td><td class=\"has-text-align-center\" data-align=\"center\">358<\/td><td class=\"has-text-align-center\" data-align=\"center\">1 394<\/td><\/tr><tr><td>T\u00fcrkiye<\/td><td class=\"has-text-align-center\" data-align=\"center\">1 821<\/td><td class=\"has-text-align-center\" data-align=\"center\">1 387<\/td><td class=\"has-text-align-center\" data-align=\"center\">708<\/td><td class=\"has-text-align-center\" data-align=\"center\">588<\/td><td class=\"has-text-align-center\" data-align=\"center\">1 330<\/td><\/tr><tr><td>Ermenistan<\/td><td class=\"has-text-align-center\" data-align=\"center\">1 662<\/td><td class=\"has-text-align-center\" data-align=\"center\">1 313<\/td><td class=\"has-text-align-center\" data-align=\"center\">373<\/td><td class=\"has-text-align-center\" data-align=\"center\">133<\/td><td class=\"has-text-align-center\" data-align=\"center\">1 308<\/td><\/tr><tr><td>G\u00fcrcistan<\/td><td class=\"has-text-align-center\" data-align=\"center\">676<\/td><td class=\"has-text-align-center\" data-align=\"center\">662<\/td><td class=\"has-text-align-center\" data-align=\"center\">399<\/td><td class=\"has-text-align-center\" data-align=\"center\">265<\/td><td class=\"has-text-align-center\" data-align=\"center\">1 290<\/td><\/tr><tr><td>Kazakistan<\/td><td class=\"has-text-align-center\" data-align=\"center\">514<\/td><td class=\"has-text-align-center\" data-align=\"center\">576<\/td><td class=\"has-text-align-center\" data-align=\"center\">392<\/td><td class=\"has-text-align-center\" data-align=\"center\">325<\/td><td class=\"has-text-align-center\" data-align=\"center\">865<\/td><\/tr><tr><td>Belarus<\/td><td class=\"has-text-align-center\" data-align=\"center\">828<\/td><td class=\"has-text-align-center\" data-align=\"center\">929<\/td><td class=\"has-text-align-center\" data-align=\"center\">361<\/td><td class=\"has-text-align-center\" data-align=\"center\">503<\/td><td class=\"has-text-align-center\" data-align=\"center\">863<\/td><\/tr><tr><td>Tacikistan<\/td><td class=\"has-text-align-center\" data-align=\"center\">698<\/td><td class=\"has-text-align-center\" data-align=\"center\">919<\/td><td class=\"has-text-align-center\" data-align=\"center\">159<\/td><td class=\"has-text-align-center\" data-align=\"center\">243<\/td><td class=\"has-text-align-center\" data-align=\"center\">723<\/td><\/tr><tr><td>Azerbaycan<\/td><td class=\"has-text-align-center\" data-align=\"center\">508<\/td><td class=\"has-text-align-center\" data-align=\"center\">822<\/td><td class=\"has-text-align-center\" data-align=\"center\">189<\/td><td class=\"has-text-align-center\" data-align=\"center\">188<\/td><td class=\"has-text-align-center\" data-align=\"center\">720<\/td><\/tr><tr><td>T\u00fcrkmenistan<\/td><td class=\"has-text-align-center\" data-align=\"center\">157<\/td><td class=\"has-text-align-center\" data-align=\"center\">177<\/td><td class=\"has-text-align-center\" data-align=\"center\">61<\/td><td class=\"has-text-align-center\" data-align=\"center\">235<\/td><td class=\"has-text-align-center\" data-align=\"center\">547<\/td><\/tr><tr><td>Moldova<\/td><td class=\"has-text-align-center\" data-align=\"center\">574<\/td><td class=\"has-text-align-center\" data-align=\"center\">626<\/td><td class=\"has-text-align-center\" data-align=\"center\">226<\/td><td class=\"has-text-align-center\" data-align=\"center\">168<\/td><td class=\"has-text-align-center\" data-align=\"center\">481<\/td><\/tr><tr><td>Almanya<\/td><td class=\"has-text-align-center\" data-align=\"center\">311<\/td><td class=\"has-text-align-center\" data-align=\"center\">203<\/td><td class=\"has-text-align-center\" data-align=\"center\">92<\/td><td class=\"has-text-align-center\" data-align=\"center\">88<\/td><td class=\"has-text-align-center\" data-align=\"center\">309<\/td><\/tr><tr><td>Kosova<\/td><td class=\"has-text-align-center\" data-align=\"center\">230<\/td><td class=\"has-text-align-center\" data-align=\"center\">232<\/td><td class=\"has-text-align-center\" data-align=\"center\">113<\/td><td class=\"has-text-align-center\" data-align=\"center\">114<\/td><td class=\"has-text-align-center\" data-align=\"center\">295<\/td><\/tr><tr><td>Kuzey Makedonya<\/td><td class=\"has-text-align-center\" data-align=\"center\">284<\/td><td class=\"has-text-align-center\" data-align=\"center\">194<\/td><td class=\"has-text-align-center\" data-align=\"center\">61<\/td><td class=\"has-text-align-center\" data-align=\"center\">61<\/td><td class=\"has-text-align-center\" data-align=\"center\">224<\/td><\/tr><tr><td>Polonya<\/td><td class=\"has-text-align-center\" data-align=\"center\">277<\/td><td class=\"has-text-align-center\" data-align=\"center\">215<\/td><td class=\"has-text-align-center\" data-align=\"center\">37<\/td><td class=\"has-text-align-center\" data-align=\"center\">92<\/td><td class=\"has-text-align-center\" data-align=\"center\">192<\/td><\/tr><tr><td>Romanya<\/td><td class=\"has-text-align-center\" data-align=\"center\">199<\/td><td class=\"has-text-align-center\" data-align=\"center\">242<\/td><td class=\"has-text-align-center\" data-align=\"center\">94<\/td><td class=\"has-text-align-center\" data-align=\"center\">106<\/td><td class=\"has-text-align-center\" data-align=\"center\">188<\/td><\/tr><tr><td>\u0130talya<\/td><td class=\"has-text-align-center\" data-align=\"center\">162<\/td><td class=\"has-text-align-center\" data-align=\"center\">141<\/td><td class=\"has-text-align-center\" data-align=\"center\">66<\/td><td class=\"has-text-align-center\" data-align=\"center\">120<\/td><td class=\"has-text-align-center\" data-align=\"center\">161<\/td><\/tr><\/tbody><\/table><figcaption class=\"wp-element-caption\">Ba\u015fl\u0131ca Avrupa \u00fclkeleri i\u00e7in <a href=\"https:\/\/us-gc.net\/tr\/cesitlilik-vize-programi\/\">\u00c7e\u015fitlilik Vize Program\u0131<\/a> kapsam\u0131nda verilen vize say\u0131s\u0131<\/figcaption><\/figure>\n\n<p><\/p>\n","protected":false},"excerpt":{"rendered":"<p>Avrupa \u00fclkeleri i\u00e7in Ye\u015fil Kart \u00e7ekili\u015fi Her y\u0131l milyonlarca ba\u015fvuru sahibi Amerikan Ye\u015fil Kart \u00e7ekili\u015fine kat\u0131lmaktad\u0131r. D\u0131\u015fi\u015fleri Bakanl\u0131\u011f\u0131 taraf\u0131ndan travel.state.gov adresinde yay\u0131nlanan istatistikleri derleyerek Avrupa vatanda\u015flar\u0131n\u0131n Ye\u015fil Kart \u00e7ekili\u015fine kat\u0131l\u0131m\u0131na ili\u015fkin temel rakamlar\u0131 sizlere sunuyoruz. Ye\u015fil Kart \u00e7ekili\u015fine ka\u00e7 Avrupal\u0131 kat\u0131l\u0131yor? \u0130statistiklerin mevcut oldu\u011fu son birka\u00e7 y\u0131l i\u00e7inde Green Card \u00e7ekili\u015fine ba\u015fvuranlar\u0131n yakla\u015f\u0131k %30&#8217;u bir [&hellip;]<\/p>\n","protected":false},"author":1,"featured_media":0,"parent":0,"menu_order":0,"comment_status":"closed","ping_status":"closed","template":"","meta":{"footnotes":""},"class_list":["post-3603","page","type-page","status-publish","hentry"],"yoast_head":"<!-- This site is optimized with the Yoast SEO plugin v27.4 - https:\/\/yoast.com\/product\/yoast-seo-wordpress\/ -->\n<title>Avrupa vatanda\u015flar\u0131 i\u00e7in Ye\u015fil Kart \u00e7ekili\u015fi - USA GC<\/title>\n<meta name=\"description\" content=\"Son y\u0131llarda Avrupa vatanda\u015flar\u0131n\u0131n ABD Ye\u015fil Kart \u00e7ekili\u015fine kat\u0131l\u0131m\u0131\" \/>\n<meta name=\"robots\" content=\"index, follow, max-snippet:-1, max-image-preview:large, max-video-preview:-1\" \/>\n<link rel=\"canonical\" href=\"https:\/\/us-gc.net\/tr\/piyango-green-card-avrupa\/\" \/>\n<meta property=\"og:locale\" content=\"tr_TR\" \/>\n<meta property=\"og:type\" content=\"article\" \/>\n<meta property=\"og:title\" content=\"Avrupa vatanda\u015flar\u0131 i\u00e7in Ye\u015fil Kart \u00e7ekili\u015fi - USA GC\" \/>\n<meta property=\"og:description\" content=\"Son y\u0131llarda Avrupa vatanda\u015flar\u0131n\u0131n ABD Ye\u015fil Kart \u00e7ekili\u015fine kat\u0131l\u0131m\u0131\" \/>\n<meta property=\"og:url\" content=\"https:\/\/us-gc.net\/tr\/piyango-green-card-avrupa\/\" \/>\n<meta property=\"og:site_name\" content=\"USA GC\" \/>\n<meta property=\"article:modified_time\" content=\"2024-12-30T09:43:03+00:00\" \/>\n<meta name=\"twitter:card\" content=\"summary_large_image\" \/>\n<meta name=\"twitter:label1\" content=\"Tahmini okuma s\u00fcresi\" \/>\n\t<meta name=\"twitter:data1\" content=\"2 dakika\" \/>\n<script type=\"application\/ld+json\" class=\"yoast-schema-graph\">{\"@context\":\"https:\\\/\\\/schema.org\",\"@graph\":[{\"@type\":\"WebPage\",\"@id\":\"https:\\\/\\\/us-gc.net\\\/tr\\\/piyango-green-card-avrupa\\\/\",\"url\":\"https:\\\/\\\/us-gc.net\\\/tr\\\/piyango-green-card-avrupa\\\/\",\"name\":\"Avrupa vatanda\u015flar\u0131 i\u00e7in Ye\u015fil Kart \u00e7ekili\u015fi - USA GC\",\"isPartOf\":{\"@id\":\"https:\\\/\\\/us-gc.net\\\/tr\\\/#website\"},\"datePublished\":\"2024-02-13T10:11:47+00:00\",\"dateModified\":\"2024-12-30T09:43:03+00:00\",\"description\":\"Son y\u0131llarda Avrupa vatanda\u015flar\u0131n\u0131n ABD Ye\u015fil Kart \u00e7ekili\u015fine kat\u0131l\u0131m\u0131\",\"breadcrumb\":{\"@id\":\"https:\\\/\\\/us-gc.net\\\/tr\\\/piyango-green-card-avrupa\\\/#breadcrumb\"},\"inLanguage\":\"tr\",\"potentialAction\":[{\"@type\":\"ReadAction\",\"target\":[\"https:\\\/\\\/us-gc.net\\\/tr\\\/piyango-green-card-avrupa\\\/\"]}]},{\"@type\":\"BreadcrumbList\",\"@id\":\"https:\\\/\\\/us-gc.net\\\/tr\\\/piyango-green-card-avrupa\\\/#breadcrumb\",\"itemListElement\":[{\"@type\":\"ListItem\",\"position\":1,\"name\":\"Accueil\",\"item\":\"https:\\\/\\\/us-gc.net\\\/tr\\\/green-card\\\/\"},{\"@type\":\"ListItem\",\"position\":2,\"name\":\"Avrupa vatanda\u015flar\u0131 i\u00e7in Ye\u015fil Kart \u00e7ekili\u015fi\"}]},{\"@type\":\"WebSite\",\"@id\":\"https:\\\/\\\/us-gc.net\\\/tr\\\/#website\",\"url\":\"https:\\\/\\\/us-gc.net\\\/tr\\\/\",\"name\":\"USA GC\",\"description\":\"\",\"potentialAction\":[{\"@type\":\"SearchAction\",\"target\":{\"@type\":\"EntryPoint\",\"urlTemplate\":\"https:\\\/\\\/us-gc.net\\\/tr\\\/?s={search_term_string}\"},\"query-input\":{\"@type\":\"PropertyValueSpecification\",\"valueRequired\":true,\"valueName\":\"search_term_string\"}}],\"inLanguage\":\"tr\"}]}<\/script>\n<!-- \/ Yoast SEO plugin. -->","yoast_head_json":{"title":"Avrupa vatanda\u015flar\u0131 i\u00e7in Ye\u015fil Kart \u00e7ekili\u015fi - USA GC","description":"Son y\u0131llarda Avrupa vatanda\u015flar\u0131n\u0131n ABD Ye\u015fil Kart \u00e7ekili\u015fine kat\u0131l\u0131m\u0131","robots":{"index":"index","follow":"follow","max-snippet":"max-snippet:-1","max-image-preview":"max-image-preview:large","max-video-preview":"max-video-preview:-1"},"canonical":"https:\/\/us-gc.net\/tr\/piyango-green-card-avrupa\/","og_locale":"tr_TR","og_type":"article","og_title":"Avrupa vatanda\u015flar\u0131 i\u00e7in Ye\u015fil Kart \u00e7ekili\u015fi - USA GC","og_description":"Son y\u0131llarda Avrupa vatanda\u015flar\u0131n\u0131n ABD Ye\u015fil Kart \u00e7ekili\u015fine kat\u0131l\u0131m\u0131","og_url":"https:\/\/us-gc.net\/tr\/piyango-green-card-avrupa\/","og_site_name":"USA GC","article_modified_time":"2024-12-30T09:43:03+00:00","twitter_card":"summary_large_image","twitter_misc":{"Tahmini okuma s\u00fcresi":"2 dakika"},"schema":{"@context":"https:\/\/schema.org","@graph":[{"@type":"WebPage","@id":"https:\/\/us-gc.net\/tr\/piyango-green-card-avrupa\/","url":"https:\/\/us-gc.net\/tr\/piyango-green-card-avrupa\/","name":"Avrupa vatanda\u015flar\u0131 i\u00e7in Ye\u015fil Kart \u00e7ekili\u015fi - USA GC","isPartOf":{"@id":"https:\/\/us-gc.net\/tr\/#website"},"datePublished":"2024-02-13T10:11:47+00:00","dateModified":"2024-12-30T09:43:03+00:00","description":"Son y\u0131llarda Avrupa vatanda\u015flar\u0131n\u0131n ABD Ye\u015fil Kart \u00e7ekili\u015fine kat\u0131l\u0131m\u0131","breadcrumb":{"@id":"https:\/\/us-gc.net\/tr\/piyango-green-card-avrupa\/#breadcrumb"},"inLanguage":"tr","potentialAction":[{"@type":"ReadAction","target":["https:\/\/us-gc.net\/tr\/piyango-green-card-avrupa\/"]}]},{"@type":"BreadcrumbList","@id":"https:\/\/us-gc.net\/tr\/piyango-green-card-avrupa\/#breadcrumb","itemListElement":[{"@type":"ListItem","position":1,"name":"Accueil","item":"https:\/\/us-gc.net\/tr\/green-card\/"},{"@type":"ListItem","position":2,"name":"Avrupa vatanda\u015flar\u0131 i\u00e7in Ye\u015fil Kart \u00e7ekili\u015fi"}]},{"@type":"WebSite","@id":"https:\/\/us-gc.net\/tr\/#website","url":"https:\/\/us-gc.net\/tr\/","name":"USA GC","description":"","potentialAction":[{"@type":"SearchAction","target":{"@type":"EntryPoint","urlTemplate":"https:\/\/us-gc.net\/tr\/?s={search_term_string}"},"query-input":{"@type":"PropertyValueSpecification","valueRequired":true,"valueName":"search_term_string"}}],"inLanguage":"tr"}]}},"_links":{"self":[{"href":"https:\/\/us-gc.net\/tr\/wp-json\/wp\/v2\/pages\/3603","targetHints":{"allow":["GET"]}}],"collection":[{"href":"https:\/\/us-gc.net\/tr\/wp-json\/wp\/v2\/pages"}],"about":[{"href":"https:\/\/us-gc.net\/tr\/wp-json\/wp\/v2\/types\/page"}],"author":[{"embeddable":true,"href":"https:\/\/us-gc.net\/tr\/wp-json\/wp\/v2\/users\/1"}],"replies":[{"embeddable":true,"href":"https:\/\/us-gc.net\/tr\/wp-json\/wp\/v2\/comments?post=3603"}],"version-history":[{"count":1,"href":"https:\/\/us-gc.net\/tr\/wp-json\/wp\/v2\/pages\/3603\/revisions"}],"predecessor-version":[{"id":7846,"href":"https:\/\/us-gc.net\/tr\/wp-json\/wp\/v2\/pages\/3603\/revisions\/7846"}],"wp:attachment":[{"href":"https:\/\/us-gc.net\/tr\/wp-json\/wp\/v2\/media?parent=3603"}],"curies":[{"name":"wp","href":"https:\/\/api.w.org\/{rel}","templated":true}]}}