{"id":2248,"date":"2024-02-13T09:26:58","date_gmt":"2024-02-13T09:26:58","guid":{"rendered":"https:\/\/green-card-usa.net\/cesitlilik-vize-programi\/"},"modified":"2024-12-30T09:40:51","modified_gmt":"2024-12-30T09:40:51","slug":"cesitlilik-vize-programi","status":"publish","type":"page","link":"https:\/\/us-gc.net\/tr\/cesitlilik-vize-programi\/","title":{"rendered":"Amerikan \u00c7e\u015fitlilik Vizesi program\u0131"},"content":{"rendered":"\n<h1 class=\"wp-block-heading\" id=\"h-le-diversity-visa-program-des-etats-unis\">Amerika Birle\u015fik Devletleri&#8217;nde \u00c7e\u015fitlilik Vize Program\u0131  <\/h1>\n\n<h2 class=\"wp-block-heading\" id=\"h-qu-est-ce-que-le-diversity-visa-program\">\u00c7e\u015fitlilik Vize Program\u0131 nedir?<\/h2>\n\n<p>\u00c7e\u015fitlilik Vize Program\u0131, ABD g\u00f6\u00e7men n\u00fcfusunu \u00e7e\u015fitlendirmek i\u00e7in tasarlanm\u0131\u015f bir ABD h\u00fck\u00fcmeti giri\u015fimidir. Her y\u0131l, Amerika Birle\u015fik Devletleri&#8217;ne g\u00f6\u00e7 oran\u0131 d\u00fc\u015f\u00fck olan \u00fclkelerden gelen ki\u015filere 50.000&#8217;den fazla vize verilmektedir. DV Program\u0131 <a href=\"https:\/\/us-gc.net\/tr\/amerikan-yesil-kart-cekilisine\/\">ye\u015fil kart piyangosu<\/a> olarak bilinir.<\/p>\n\n<h2 class=\"wp-block-heading\" id=\"h-comment-fonctionne-t-il\">Nas\u0131l \u00e7al\u0131\u015f\u0131yor?<\/h2>\n\n<p>\u00c7e\u015fitlilik Vize Program\u0131na kat\u0131l\u0131m rastgele bir se\u00e7im s\u00fcrecine tabidir. Ba\u015fvuru sahiplerinin her y\u0131l Ekim ay\u0131 sonuna kadar <a href=\"https:\/\/us-gc.net\/tr\/green-card-cekilisi-formu\/\">online ba\u015fvuru<\/a> yapmalar\u0131 gerekmektedir. Uygunluk kriterleri aras\u0131nda ortaokul diplomas\u0131 veya dengi bir diplomaya sahip olmak veya son be\u015f y\u0131l i\u00e7inde en az iki y\u0131ll\u0131k e\u011fitim veya deneyim gerektiren bir alanda iki y\u0131ll\u0131k mesleki deneyim bulunmaktad\u0131r.<\/p>\n\n<h2 class=\"wp-block-heading\" id=\"h-qui-peut-en-beneficier\">Kimler faydalanabilir?<\/h2>\n\n<p>Amerika Birle\u015fik Devletleri&#8217;ne g\u00f6\u00e7 oran\u0131 d\u00fc\u015f\u00fck olan \u00fclkelerin vatanda\u015flar\u0131 bu programa kat\u0131labilir. ABD D\u0131\u015fi\u015fleri Bakanl\u0131\u011f\u0131 her y\u0131l, <a href=\"https:\/\/us-gc.net\/tr\/green-card-cekilisi-katilmayar-ulkeler\/\">vatanda\u015flar\u0131 kat\u0131lmaya uygun olmayan \u00fclkelerin<\/a> bir listesini yay\u0131nlamaktad\u0131r. Amerika Birle\u015fik Devletleri&#8217;ne y\u00fcksek oranda g\u00f6\u00e7 veren \u00fclkelerden gelen ki\u015filer hari\u00e7 tutulmu\u015ftur. \u0130statistiklerimize \u00f6zel sayfalar\u0131m\u0131zdan ula\u015fabilirsiniz:<\/p>\n\n<ul class=\"wp-block-list\">\n<li><a href=\"https:\/\/us-gc.net\/tr\/piyango-green-card-avrupa\/\">Avrupa vatanda\u015flar\u0131 i\u00e7in ye\u015fil kart<\/a><\/li>\n\n\n\n<li><a href=\"https:\/\/us-gc.net\/tr\/piyango-green-card-alke-afrika\/\">Afrika vatanda\u015flar\u0131 i\u00e7in ye\u015fil kart<\/a><\/li>\n\n\n\n<li><a href=\"https:\/\/us-gc.net\/tr\/green-card-cekilisi-asya-ulkeleri\/\">Asya vatanda\u015flar\u0131 i\u00e7in ye\u015fil kart<\/a><\/li>\n<\/ul>\n\n<div style=\"height:10px\" aria-hidden=\"true\" class=\"wp-block-spacer\"><\/div>\n\n<h2 class=\"wp-block-heading\" id=\"h-qu-apporte-le-programme\">Program ne sunuyor?<\/h2>\n\n<p>\u00c7e\u015fitlilik Vize Program\u0131, Amerika Birle\u015fik Devletleri&#8217;nde daimi ikamet elde etmek i\u00e7in e\u015fsiz bir f\u0131rsat sunarak istihdam, e\u011fitim ve be\u015f y\u0131l sonra ABD vatanda\u015f\u0131 olma olas\u0131l\u0131\u011f\u0131n\u0131n kap\u0131s\u0131n\u0131 a\u00e7maktad\u0131r. Bu, yararlan\u0131c\u0131lar i\u00e7in Amerikan r\u00fcyas\u0131n\u0131 deneyimleme ve Amerika Birle\u015fik Devletleri&#8217;nin k\u00fclt\u00fcrel \u00e7e\u015fitlili\u011fine katk\u0131da bulunma \u015fans\u0131d\u0131r.<\/p>\n\n<h2 class=\"wp-block-heading\" id=\"h-qu-est-ce-que-la-loterie-du-dv\">DV piyangosu nedir?<\/h2>\n\n<p>DV <a href=\"https:\/\/us-gc.net\/tr\/green-card-cekilisi\/\">Ye\u015fil Kart \u00e7ekili\u015fi<\/a>, \u00c7e\u015fitlilik Vize Program\u0131n\u0131n merkezinde yer alan se\u00e7im s\u00fcrecidir. Kay\u0131tlar her y\u0131l\u0131n son \u00e7eyre\u011finde <a href=\"https:\/\/us-gc.net\/tr\/green-card-cekilisi-formu\/\">\u00e7evrimi\u00e7i<\/a> bir <a href=\"https:\/\/us-gc.net\/tr\/green-card-cekilisi-formu\/\">form<\/a> kullan\u0131larak yap\u0131l\u0131r. \u00c7ekili\u015f <a href=\"https:\/\/us-gc.net\/tr\/sonuclar-cekilis-green-card\/\">sonu\u00e7lar\u0131<\/a> 6 ay sonra yay\u0131nlan\u0131r. Kazananlar, t\u00fcm uygun kat\u0131l\u0131mc\u0131lar aras\u0131ndan rastgele se\u00e7ilecektir. Bu s\u00fcre\u00e7, sosyal, ekonomik veya e\u011fitim durumlar\u0131na bak\u0131lmaks\u0131z\u0131n t\u00fcm kat\u0131l\u0131mc\u0131lar\u0131n e\u015fit kazanma \u015fans\u0131na sahip olmas\u0131n\u0131 sa\u011flar.<\/p>\n\n<p><\/p>\n","protected":false},"excerpt":{"rendered":"<p>Amerika Birle\u015fik Devletleri&#8217;nde \u00c7e\u015fitlilik Vize Program\u0131 \u00c7e\u015fitlilik Vize Program\u0131 nedir? \u00c7e\u015fitlilik Vize Program\u0131, ABD g\u00f6\u00e7men n\u00fcfusunu \u00e7e\u015fitlendirmek i\u00e7in tasarlanm\u0131\u015f bir ABD h\u00fck\u00fcmeti giri\u015fimidir. Her y\u0131l, Amerika Birle\u015fik Devletleri&#8217;ne g\u00f6\u00e7 oran\u0131 d\u00fc\u015f\u00fck olan \u00fclkelerden gelen ki\u015filere 50.000&#8217;den fazla vize verilmektedir. DV Program\u0131 ye\u015fil kart piyangosu olarak bilinir. Nas\u0131l \u00e7al\u0131\u015f\u0131yor? \u00c7e\u015fitlilik Vize Program\u0131na kat\u0131l\u0131m rastgele bir se\u00e7im [&hellip;]<\/p>\n","protected":false},"author":1,"featured_media":0,"parent":0,"menu_order":0,"comment_status":"closed","ping_status":"closed","template":"","meta":{"footnotes":""},"class_list":["post-2248","page","type-page","status-publish","hentry"],"yoast_head":"<!-- This site is optimized with the Yoast SEO plugin v27.4 - https:\/\/yoast.com\/product\/yoast-seo-wordpress\/ -->\n<title>Amerikan \u00c7e\u015fitlilik Vizesi program\u0131 - USA GC<\/title>\n<meta name=\"robots\" content=\"index, follow, max-snippet:-1, max-image-preview:large, max-video-preview:-1\" \/>\n<link rel=\"canonical\" href=\"https:\/\/us-gc.net\/tr\/cesitlilik-vize-programi\/\" \/>\n<meta property=\"og:locale\" content=\"tr_TR\" \/>\n<meta property=\"og:type\" content=\"article\" \/>\n<meta property=\"og:title\" content=\"Amerikan \u00c7e\u015fitlilik Vizesi program\u0131 - USA GC\" \/>\n<meta property=\"og:description\" content=\"Amerika Birle\u015fik Devletleri&#8217;nde \u00c7e\u015fitlilik Vize Program\u0131 \u00c7e\u015fitlilik Vize Program\u0131 nedir? \u00c7e\u015fitlilik Vize Program\u0131, ABD g\u00f6\u00e7men n\u00fcfusunu \u00e7e\u015fitlendirmek i\u00e7in tasarlanm\u0131\u015f bir ABD h\u00fck\u00fcmeti giri\u015fimidir. Her y\u0131l, Amerika Birle\u015fik Devletleri&#8217;ne g\u00f6\u00e7 oran\u0131 d\u00fc\u015f\u00fck olan \u00fclkelerden gelen ki\u015filere 50.000&#8217;den fazla vize verilmektedir. DV Program\u0131 ye\u015fil kart piyangosu olarak bilinir. Nas\u0131l \u00e7al\u0131\u015f\u0131yor? \u00c7e\u015fitlilik Vize Program\u0131na kat\u0131l\u0131m rastgele bir se\u00e7im [&hellip;]\" \/>\n<meta property=\"og:url\" content=\"https:\/\/us-gc.net\/tr\/cesitlilik-vize-programi\/\" \/>\n<meta property=\"og:site_name\" content=\"USA GC\" \/>\n<meta property=\"article:modified_time\" content=\"2024-12-30T09:40:51+00:00\" \/>\n<meta name=\"twitter:card\" content=\"summary_large_image\" \/>\n<meta name=\"twitter:label1\" content=\"Tahmini okuma s\u00fcresi\" \/>\n\t<meta name=\"twitter:data1\" content=\"2 dakika\" \/>\n<script type=\"application\/ld+json\" class=\"yoast-schema-graph\">{\"@context\":\"https:\\\/\\\/schema.org\",\"@graph\":[{\"@type\":\"WebPage\",\"@id\":\"https:\\\/\\\/us-gc.net\\\/tr\\\/cesitlilik-vize-programi\\\/\",\"url\":\"https:\\\/\\\/us-gc.net\\\/tr\\\/cesitlilik-vize-programi\\\/\",\"name\":\"Amerikan \u00c7e\u015fitlilik Vizesi program\u0131 - USA GC\",\"isPartOf\":{\"@id\":\"https:\\\/\\\/us-gc.net\\\/tr\\\/#website\"},\"datePublished\":\"2024-02-13T09:26:58+00:00\",\"dateModified\":\"2024-12-30T09:40:51+00:00\",\"breadcrumb\":{\"@id\":\"https:\\\/\\\/us-gc.net\\\/tr\\\/cesitlilik-vize-programi\\\/#breadcrumb\"},\"inLanguage\":\"tr\",\"potentialAction\":[{\"@type\":\"ReadAction\",\"target\":[\"https:\\\/\\\/us-gc.net\\\/tr\\\/cesitlilik-vize-programi\\\/\"]}]},{\"@type\":\"BreadcrumbList\",\"@id\":\"https:\\\/\\\/us-gc.net\\\/tr\\\/cesitlilik-vize-programi\\\/#breadcrumb\",\"itemListElement\":[{\"@type\":\"ListItem\",\"position\":1,\"name\":\"Accueil\",\"item\":\"https:\\\/\\\/us-gc.net\\\/tr\\\/green-card\\\/\"},{\"@type\":\"ListItem\",\"position\":2,\"name\":\"Amerikan \u00c7e\u015fitlilik Vizesi program\u0131\"}]},{\"@type\":\"WebSite\",\"@id\":\"https:\\\/\\\/us-gc.net\\\/tr\\\/#website\",\"url\":\"https:\\\/\\\/us-gc.net\\\/tr\\\/\",\"name\":\"USA GC\",\"description\":\"\",\"potentialAction\":[{\"@type\":\"SearchAction\",\"target\":{\"@type\":\"EntryPoint\",\"urlTemplate\":\"https:\\\/\\\/us-gc.net\\\/tr\\\/?s={search_term_string}\"},\"query-input\":{\"@type\":\"PropertyValueSpecification\",\"valueRequired\":true,\"valueName\":\"search_term_string\"}}],\"inLanguage\":\"tr\"}]}<\/script>\n<!-- \/ Yoast SEO plugin. -->","yoast_head_json":{"title":"Amerikan \u00c7e\u015fitlilik Vizesi program\u0131 - USA GC","robots":{"index":"index","follow":"follow","max-snippet":"max-snippet:-1","max-image-preview":"max-image-preview:large","max-video-preview":"max-video-preview:-1"},"canonical":"https:\/\/us-gc.net\/tr\/cesitlilik-vize-programi\/","og_locale":"tr_TR","og_type":"article","og_title":"Amerikan \u00c7e\u015fitlilik Vizesi program\u0131 - USA GC","og_description":"Amerika Birle\u015fik Devletleri&#8217;nde \u00c7e\u015fitlilik Vize Program\u0131 \u00c7e\u015fitlilik Vize Program\u0131 nedir? \u00c7e\u015fitlilik Vize Program\u0131, ABD g\u00f6\u00e7men n\u00fcfusunu \u00e7e\u015fitlendirmek i\u00e7in tasarlanm\u0131\u015f bir ABD h\u00fck\u00fcmeti giri\u015fimidir. Her y\u0131l, Amerika Birle\u015fik Devletleri&#8217;ne g\u00f6\u00e7 oran\u0131 d\u00fc\u015f\u00fck olan \u00fclkelerden gelen ki\u015filere 50.000&#8217;den fazla vize verilmektedir. DV Program\u0131 ye\u015fil kart piyangosu olarak bilinir. Nas\u0131l \u00e7al\u0131\u015f\u0131yor? \u00c7e\u015fitlilik Vize Program\u0131na kat\u0131l\u0131m rastgele bir se\u00e7im [&hellip;]","og_url":"https:\/\/us-gc.net\/tr\/cesitlilik-vize-programi\/","og_site_name":"USA GC","article_modified_time":"2024-12-30T09:40:51+00:00","twitter_card":"summary_large_image","twitter_misc":{"Tahmini okuma s\u00fcresi":"2 dakika"},"schema":{"@context":"https:\/\/schema.org","@graph":[{"@type":"WebPage","@id":"https:\/\/us-gc.net\/tr\/cesitlilik-vize-programi\/","url":"https:\/\/us-gc.net\/tr\/cesitlilik-vize-programi\/","name":"Amerikan \u00c7e\u015fitlilik Vizesi program\u0131 - USA GC","isPartOf":{"@id":"https:\/\/us-gc.net\/tr\/#website"},"datePublished":"2024-02-13T09:26:58+00:00","dateModified":"2024-12-30T09:40:51+00:00","breadcrumb":{"@id":"https:\/\/us-gc.net\/tr\/cesitlilik-vize-programi\/#breadcrumb"},"inLanguage":"tr","potentialAction":[{"@type":"ReadAction","target":["https:\/\/us-gc.net\/tr\/cesitlilik-vize-programi\/"]}]},{"@type":"BreadcrumbList","@id":"https:\/\/us-gc.net\/tr\/cesitlilik-vize-programi\/#breadcrumb","itemListElement":[{"@type":"ListItem","position":1,"name":"Accueil","item":"https:\/\/us-gc.net\/tr\/green-card\/"},{"@type":"ListItem","position":2,"name":"Amerikan \u00c7e\u015fitlilik Vizesi program\u0131"}]},{"@type":"WebSite","@id":"https:\/\/us-gc.net\/tr\/#website","url":"https:\/\/us-gc.net\/tr\/","name":"USA GC","description":"","potentialAction":[{"@type":"SearchAction","target":{"@type":"EntryPoint","urlTemplate":"https:\/\/us-gc.net\/tr\/?s={search_term_string}"},"query-input":{"@type":"PropertyValueSpecification","valueRequired":true,"valueName":"search_term_string"}}],"inLanguage":"tr"}]}},"_links":{"self":[{"href":"https:\/\/us-gc.net\/tr\/wp-json\/wp\/v2\/pages\/2248","targetHints":{"allow":["GET"]}}],"collection":[{"href":"https:\/\/us-gc.net\/tr\/wp-json\/wp\/v2\/pages"}],"about":[{"href":"https:\/\/us-gc.net\/tr\/wp-json\/wp\/v2\/types\/page"}],"author":[{"embeddable":true,"href":"https:\/\/us-gc.net\/tr\/wp-json\/wp\/v2\/users\/1"}],"replies":[{"embeddable":true,"href":"https:\/\/us-gc.net\/tr\/wp-json\/wp\/v2\/comments?post=2248"}],"version-history":[{"count":1,"href":"https:\/\/us-gc.net\/tr\/wp-json\/wp\/v2\/pages\/2248\/revisions"}],"predecessor-version":[{"id":7734,"href":"https:\/\/us-gc.net\/tr\/wp-json\/wp\/v2\/pages\/2248\/revisions\/7734"}],"wp:attachment":[{"href":"https:\/\/us-gc.net\/tr\/wp-json\/wp\/v2\/media?parent=2248"}],"curies":[{"name":"wp","href":"https:\/\/api.w.org\/{rel}","templated":true}]}}