{"id":2207,"date":"2024-02-13T15:26:40","date_gmt":"2024-02-13T15:26:40","guid":{"rendered":"https:\/\/green-card-usa.net\/piyango-green-card-alke-afrika\/"},"modified":"2024-12-30T09:44:31","modified_gmt":"2024-12-30T09:44:31","slug":"piyango-green-card-alke-afrika","status":"publish","type":"page","link":"https:\/\/us-gc.net\/tr\/piyango-green-card-alke-afrika\/","title":{"rendered":"Afrika \u00fclkeleri i\u00e7in Green Card \u00e7ekili\u015fi"},"content":{"rendered":"\n<h1 class=\"wp-block-heading\" id=\"h-les-pays-d-afrique-a-la-loterie-de-la-carte-verte-americaine\">ABD Ye\u015fil Kart \u00e7ekili\u015finde Afrika \u00fclkeleri<\/h1>\n\n<p>Her y\u0131l milyonlarca ba\u015fvuru sahibi Amerikan Ye\u015fil Kart \u00e7ekili\u015fine kat\u0131lmaktad\u0131r. D\u0131\u015fi\u015fleri Bakanl\u0131\u011f\u0131 taraf\u0131ndan <a href=\"https:\/\/travel.state.gov\/content\/travel\/en\/us-visas\/immigrate\/diversity-visa-program-entry\/diversity-visa-program-statistics.html\">travel.state.gov<\/a> adresinde yay\u0131nlanan istatistikleri derleyerek Afrika vatanda\u015flar\u0131n\u0131n Ye\u015fil Kart \u00e7ekili\u015fine kat\u0131l\u0131m\u0131na ili\u015fkin temel rakamlar\u0131 sizlere sunuyoruz.<\/p>\n\n<h2 class=\"wp-block-heading\" id=\"h-quelle-est-la-participation-des-africains-a-la-loterie\">Piyangoya ka\u00e7 Afrikal\u0131 kat\u0131l\u0131yor?<\/h2>\n\n<p>\u0130statistiklerin mevcut oldu\u011fu son birka\u00e7 y\u0131l i\u00e7inde <a href=\"https:\/\/us-gc.net\/tr\/green-card-cekilisi\/\">Ye\u015fil Kart \u00e7ekili\u015fine<\/a> ba\u015fvuranlar\u0131n yakla\u015f\u0131k %50&#8217;si bir Afrika \u00fclkesinin vatanda\u015f\u0131 olmu\u015ftur.<\/p>\n\n<figure class=\"wp-block-table\"><table><tbody><tr><td><strong>Y\u0131llar<\/strong><\/td><td class=\"has-text-align-center\" data-align=\"center\"><strong>2019<\/strong><\/td><td class=\"has-text-align-center\" data-align=\"center\"><strong>2020<\/strong><\/td><td class=\"has-text-align-center\" data-align=\"center\"><strong>2021<\/strong><\/td><\/tr><tr><td>Afrikal\u0131 kay\u0131t yapt\u0131ranlar\u0131n say\u0131s\u0131<\/td><td class=\"has-text-align-center\" data-align=\"center\">7 832 894<\/td><td class=\"has-text-align-center\" data-align=\"center\">8 145 390<\/td><td class=\"has-text-align-center\" data-align=\"center\">3 100 982<\/td><\/tr><tr><td>Toplam kay\u0131t dosyas\u0131<\/td><td class=\"has-text-align-center\" data-align=\"center\">14 352 013<\/td><td class=\"has-text-align-center\" data-align=\"center\">14 722 798<\/td><td class=\"has-text-align-center\" data-align=\"center\">6 741 128<\/td><\/tr><tr><td><strong>Afrikal\u0131 kay\u0131t yapt\u0131ranlar\u0131n pay\u0131<\/strong><\/td><td class=\"has-text-align-center\" data-align=\"center\"><strong>55%<\/strong><\/td><td class=\"has-text-align-center\" data-align=\"center\"><strong>55%<\/strong><\/td><td class=\"has-text-align-center\" data-align=\"center\"><strong>46%<\/strong><\/td><\/tr><\/tbody><\/table><figcaption class=\"wp-element-caption\">Ye\u015fil Kart \u00e7ekili\u015fi i\u00e7in kay\u0131tl\u0131 Afrikal\u0131lar\u0131n y\u00fczdesi<\/figcaption><\/figure>\n\n<h2 class=\"wp-block-heading\" id=\"h-quels-sont-les-principaux-pays-d-afrique-d-ou-proviennent-les-candidats\">Ba\u015fvuru sahiplerinin geldi\u011fi ba\u015fl\u0131ca Afrika \u00fclkeleri hangileridir?<\/h2>\n\n<p>\u0130\u015fte 20 ana Afrika \u00fclkesi i\u00e7in Ye\u015fil Kart \u00e7ekili\u015fi i\u00e7in ba\u015fvuru say\u0131s\u0131. D\u0131\u015fi\u015fleri Bakanl\u0131\u011f\u0131 taraf\u0131ndan yay\u0131nlanan son rakamlar 2019-2021 y\u0131llar\u0131n\u0131 kapsamaktad\u0131r:<\/p>\n\n<figure class=\"wp-block-table\"><table><tbody><tr><td><strong>Afrika \u00fclkeleri<\/strong><\/td><td class=\"has-text-align-center\" data-align=\"center\"><strong>2019<\/strong><\/td><td class=\"has-text-align-center\" data-align=\"center\"><strong>2020<\/strong><\/td><td class=\"has-text-align-center\" data-align=\"center\"><strong>2021<\/strong><\/td><\/tr><tr><td>Kongo Kinshasa<\/td><td class=\"has-text-align-center\" data-align=\"center\">617 573<\/td><td class=\"has-text-align-center\" data-align=\"center\">924 918<\/td><td class=\"has-text-align-center\" data-align=\"center\">593 917<\/td><\/tr><tr><td>Etiyopya<\/td><td class=\"has-text-align-center\" data-align=\"center\">781 945<\/td><td class=\"has-text-align-center\" data-align=\"center\">775 252<\/td><td class=\"has-text-align-center\" data-align=\"center\">401 661<\/td><\/tr><tr><td>M\u0131s\u0131r<\/td><td class=\"has-text-align-center\" data-align=\"center\">525 593<\/td><td class=\"has-text-align-center\" data-align=\"center\">525 717<\/td><td class=\"has-text-align-center\" data-align=\"center\">327 401<\/td><\/tr><tr><td>Gana<\/td><td class=\"has-text-align-center\" data-align=\"center\">2 010 531<\/td><td class=\"has-text-align-center\" data-align=\"center\">1 905 520<\/td><td class=\"has-text-align-center\" data-align=\"center\">298 151<\/td><\/tr><tr><td>Sudan<\/td><td class=\"has-text-align-center\" data-align=\"center\">276 827<\/td><td class=\"has-text-align-center\" data-align=\"center\">327 475<\/td><td class=\"has-text-align-center\" data-align=\"center\">232 832<\/td><\/tr><tr><td>Cezayir<\/td><td class=\"has-text-align-center\" data-align=\"center\">227 019<\/td><td class=\"has-text-align-center\" data-align=\"center\">252 684<\/td><td class=\"has-text-align-center\" data-align=\"center\">221 212<\/td><\/tr><tr><td>Fas<\/td><td class=\"has-text-align-center\" data-align=\"center\">203 581<\/td><td class=\"has-text-align-center\" data-align=\"center\">253 336<\/td><td class=\"has-text-align-center\" data-align=\"center\">161 349<\/td><\/tr><tr><td>Kamerun<\/td><td class=\"has-text-align-center\" data-align=\"center\">310 373<\/td><td class=\"has-text-align-center\" data-align=\"center\">310 802<\/td><td class=\"has-text-align-center\" data-align=\"center\">150 970<\/td><\/tr><tr><td>Kenya<\/td><td class=\"has-text-align-center\" data-align=\"center\">322 307<\/td><td class=\"has-text-align-center\" data-align=\"center\">398 959<\/td><td class=\"has-text-align-center\" data-align=\"center\">102 018<\/td><\/tr><tr><td>Benin<\/td><td class=\"has-text-align-center\" data-align=\"center\">128 911<\/td><td class=\"has-text-align-center\" data-align=\"center\">150 386<\/td><td class=\"has-text-align-center\" data-align=\"center\">92 847<\/td><\/tr><tr><td>Liberya<\/td><td class=\"has-text-align-center\" data-align=\"center\">438 333<\/td><td class=\"has-text-align-center\" data-align=\"center\">459 005<\/td><td class=\"has-text-align-center\" data-align=\"center\">71 724<\/td><\/tr><tr><td>Togo<\/td><td class=\"has-text-align-center\" data-align=\"center\">231 564<\/td><td class=\"has-text-align-center\" data-align=\"center\">259 819<\/td><td class=\"has-text-align-center\" data-align=\"center\">68 994<\/td><\/tr><tr><td>Sierra Leone<\/td><td class=\"has-text-align-center\" data-align=\"center\">1 005 370<\/td><td class=\"has-text-align-center\" data-align=\"center\">947 803<\/td><td class=\"has-text-align-center\" data-align=\"center\">57 779<\/td><\/tr><tr><td>Gine<\/td><td class=\"has-text-align-center\" data-align=\"center\">179 735<\/td><td class=\"has-text-align-center\" data-align=\"center\">142 008<\/td><td class=\"has-text-align-center\" data-align=\"center\">47 607<\/td><\/tr><tr><td>Fildi\u015fi Sahili<\/td><td class=\"has-text-align-center\" data-align=\"center\">160 790<\/td><td class=\"has-text-align-center\" data-align=\"center\">145 913<\/td><td class=\"has-text-align-center\" data-align=\"center\">35 090<\/td><\/tr><tr><td>Uganda<\/td><td class=\"has-text-align-center\" data-align=\"center\">33 460<\/td><td class=\"has-text-align-center\" data-align=\"center\">37 079<\/td><td class=\"has-text-align-center\" data-align=\"center\">26 852<\/td><\/tr><tr><td>Ruanda<\/td><td class=\"has-text-align-center\" data-align=\"center\">41 526<\/td><td class=\"has-text-align-center\" data-align=\"center\">50 711<\/td><td class=\"has-text-align-center\" data-align=\"center\">26 612<\/td><\/tr><tr><td>Kongo Brazzaville<\/td><td class=\"has-text-align-center\" data-align=\"center\">21 793<\/td><td class=\"has-text-align-center\" data-align=\"center\">25 592<\/td><td class=\"has-text-align-center\" data-align=\"center\">21 958<\/td><\/tr><tr><td>Senegal<\/td><td class=\"has-text-align-center\" data-align=\"center\">44 785<\/td><td class=\"has-text-align-center\" data-align=\"center\">33 063<\/td><td class=\"has-text-align-center\" data-align=\"center\">16 920<\/td><\/tr><tr><td>Eritre<\/td><td class=\"has-text-align-center\" data-align=\"center\">26 121<\/td><td class=\"has-text-align-center\" data-align=\"center\">17 872<\/td><td class=\"has-text-align-center\" data-align=\"center\">16 610<\/td><\/tr><\/tbody><\/table><figcaption class=\"wp-element-caption\">ABD ye\u015fil kart \u00e7ekili\u015fine kat\u0131lanlar\u0131n say\u0131s\u0131na g\u00f6re ba\u015fl\u0131ca Afrika \u00fclkeleri<\/figcaption><\/figure>\n\n<h2 class=\"wp-block-heading\" id=\"h-quels-sont-les-gagnants-a-la-loterie-provenant-de-pays-d-afrique\">Afrika \u00fclkelerinden piyango talihlileri kimler?<\/h2>\n\n<p>D\u0131\u015fi\u015fleri Bakanl\u0131\u011f\u0131 ayr\u0131ca \u00e7e\u015fitlilik program\u0131 arac\u0131l\u0131\u011f\u0131yla her y\u0131l al\u0131nan vize say\u0131s\u0131n\u0131 da yay\u0131nlamaktad\u0131r. Bu <a href=\"https:\/\/us-gc.net\/tr\/sonuclar-cekilis-green-card\/\">piyango sonu\u00e7lar\u0131<\/a> co\u011frafi b\u00f6lgelere g\u00f6re ve \u00fclkelere g\u00f6re ayr\u0131lm\u0131\u015f olarak yay\u0131nlanmaktad\u0131r.<\/p>\n\n<p>\u0130\u015fte 2018-2022 y\u0131llar\u0131 aras\u0131nda ilk 20 Afrika \u00fclkesi i\u00e7in <a href=\"https:\/\/us-gc.net\/tr\/amerikan-yesil-kart-cekilisine\/\">Ye\u015fil Kart \u00e7ekili\u015fi<\/a> yoluyla al\u0131nan vize say\u0131s\u0131:<\/p>\n\n<figure class=\"wp-block-table\"><table><tbody><tr><td><strong>Afrika \u00fclkeleri<\/strong><\/td><td class=\"has-text-align-center\" data-align=\"center\"><strong>2018<\/strong><\/td><td class=\"has-text-align-center\" data-align=\"center\"><strong>2019<\/strong><\/td><td class=\"has-text-align-center\" data-align=\"center\"><strong>2020<\/strong><\/td><td class=\"has-text-align-center\" data-align=\"center\"><strong>2021<\/strong><\/td><td class=\"has-text-align-center\" data-align=\"center\"><strong>2022<\/strong><\/td><\/tr><tr><td>Fas<\/td><td class=\"has-text-align-center\" data-align=\"center\">1011<\/td><td class=\"has-text-align-center\" data-align=\"center\">1132<\/td><td class=\"has-text-align-center\" data-align=\"center\">719<\/td><td class=\"has-text-align-center\" data-align=\"center\">1126<\/td><td class=\"has-text-align-center\" data-align=\"center\">2559<\/td><\/tr><tr><td>Cezayir<\/td><td class=\"has-text-align-center\" data-align=\"center\">1346<\/td><td class=\"has-text-align-center\" data-align=\"center\">1649<\/td><td class=\"has-text-align-center\" data-align=\"center\">783<\/td><td class=\"has-text-align-center\" data-align=\"center\">814<\/td><td class=\"has-text-align-center\" data-align=\"center\">2380<\/td><\/tr><tr><td>M\u0131s\u0131r<\/td><td class=\"has-text-align-center\" data-align=\"center\">3466<\/td><td class=\"has-text-align-center\" data-align=\"center\">3312<\/td><td class=\"has-text-align-center\" data-align=\"center\">1297<\/td><td class=\"has-text-align-center\" data-align=\"center\">447<\/td><td class=\"has-text-align-center\" data-align=\"center\">2147<\/td><\/tr><tr><td>Kamerun<\/td><td class=\"has-text-align-center\" data-align=\"center\">1626<\/td><td class=\"has-text-align-center\" data-align=\"center\">1661<\/td><td class=\"has-text-align-center\" data-align=\"center\">460<\/td><td class=\"has-text-align-center\" data-align=\"center\">653<\/td><td class=\"has-text-align-center\" data-align=\"center\">1705<\/td><\/tr><tr><td>Sudan<\/td><td class=\"has-text-align-center\" data-align=\"center\">1680<\/td><td class=\"has-text-align-center\" data-align=\"center\">1548<\/td><td class=\"has-text-align-center\" data-align=\"center\">403<\/td><td class=\"has-text-align-center\" data-align=\"center\">249<\/td><td class=\"has-text-align-center\" data-align=\"center\">1704<\/td><\/tr><tr><td>Kenya<\/td><td class=\"has-text-align-center\" data-align=\"center\">1220<\/td><td class=\"has-text-align-center\" data-align=\"center\">1207<\/td><td class=\"has-text-align-center\" data-align=\"center\">393<\/td><td class=\"has-text-align-center\" data-align=\"center\">278<\/td><td class=\"has-text-align-center\" data-align=\"center\">1157<\/td><\/tr><tr><td>Kongo Kinshasa<\/td><td class=\"has-text-align-center\" data-align=\"center\">2874<\/td><td class=\"has-text-align-center\" data-align=\"center\">3096<\/td><td class=\"has-text-align-center\" data-align=\"center\">478<\/td><td class=\"has-text-align-center\" data-align=\"center\">592<\/td><td class=\"has-text-align-center\" data-align=\"center\">903<\/td><\/tr><tr><td>Togo<\/td><td class=\"has-text-align-center\" data-align=\"center\">664<\/td><td class=\"has-text-align-center\" data-align=\"center\">757<\/td><td class=\"has-text-align-center\" data-align=\"center\">208<\/td><td class=\"has-text-align-center\" data-align=\"center\">186<\/td><td class=\"has-text-align-center\" data-align=\"center\">838<\/td><\/tr><tr><td>Ruanda<\/td><td class=\"has-text-align-center\" data-align=\"center\">277<\/td><td class=\"has-text-align-center\" data-align=\"center\">338<\/td><td class=\"has-text-align-center\" data-align=\"center\">115<\/td><td class=\"has-text-align-center\" data-align=\"center\">155<\/td><td class=\"has-text-align-center\" data-align=\"center\">661<\/td><\/tr><tr><td>Etiyopya<\/td><td class=\"has-text-align-center\" data-align=\"center\">2106<\/td><td class=\"has-text-align-center\" data-align=\"center\">1696<\/td><td class=\"has-text-align-center\" data-align=\"center\">339<\/td><td class=\"has-text-align-center\" data-align=\"center\">67<\/td><td class=\"has-text-align-center\" data-align=\"center\">621<\/td><\/tr><tr><td>Liberya<\/td><td class=\"has-text-align-center\" data-align=\"center\">1249<\/td><td class=\"has-text-align-center\" data-align=\"center\">653<\/td><td class=\"has-text-align-center\" data-align=\"center\">89<\/td><td class=\"has-text-align-center\" data-align=\"center\">46<\/td><td class=\"has-text-align-center\" data-align=\"center\">531<\/td><\/tr><tr><td>Fildi\u015fi Sahili<\/td><td class=\"has-text-align-center\" data-align=\"center\">386<\/td><td class=\"has-text-align-center\" data-align=\"center\">424<\/td><td class=\"has-text-align-center\" data-align=\"center\">76<\/td><td class=\"has-text-align-center\" data-align=\"center\">144<\/td><td class=\"has-text-align-center\" data-align=\"center\">383<\/td><\/tr><tr><td>Gine<\/td><td class=\"has-text-align-center\" data-align=\"center\">155<\/td><td class=\"has-text-align-center\" data-align=\"center\">300<\/td><td class=\"has-text-align-center\" data-align=\"center\">38<\/td><td class=\"has-text-align-center\" data-align=\"center\">41<\/td><td class=\"has-text-align-center\" data-align=\"center\">377<\/td><\/tr><tr><td>Gana<\/td><td class=\"has-text-align-center\" data-align=\"center\">777<\/td><td class=\"has-text-align-center\" data-align=\"center\">640<\/td><td class=\"has-text-align-center\" data-align=\"center\">111<\/td><td class=\"has-text-align-center\" data-align=\"center\">229<\/td><td class=\"has-text-align-center\" data-align=\"center\">355<\/td><\/tr><tr><td>Angola<\/td><td class=\"has-text-align-center\" data-align=\"center\">20<\/td><td class=\"has-text-align-center\" data-align=\"center\">60<\/td><td class=\"has-text-align-center\" data-align=\"center\">9<\/td><td class=\"has-text-align-center\" data-align=\"center\">17<\/td><td class=\"has-text-align-center\" data-align=\"center\">293<\/td><\/tr><tr><td>Benin<\/td><td class=\"has-text-align-center\" data-align=\"center\">237<\/td><td class=\"has-text-align-center\" data-align=\"center\">364<\/td><td class=\"has-text-align-center\" data-align=\"center\">92<\/td><td class=\"has-text-align-center\" data-align=\"center\">58<\/td><td class=\"has-text-align-center\" data-align=\"center\">266<\/td><\/tr><tr><td>G\u00fcney Afrika<\/td><td class=\"has-text-align-center\" data-align=\"center\">175<\/td><td class=\"has-text-align-center\" data-align=\"center\">180<\/td><td class=\"has-text-align-center\" data-align=\"center\">38<\/td><td class=\"has-text-align-center\" data-align=\"center\">106<\/td><td class=\"has-text-align-center\" data-align=\"center\">266<\/td><\/tr><tr><td>Sierra Leone<\/td><td class=\"has-text-align-center\" data-align=\"center\">119<\/td><td class=\"has-text-align-center\" data-align=\"center\">172<\/td><td class=\"has-text-align-center\" data-align=\"center\">13<\/td><td class=\"has-text-align-center\" data-align=\"center\">70<\/td><td class=\"has-text-align-center\" data-align=\"center\">207<\/td><\/tr><tr><td>Uganda<\/td><td class=\"has-text-align-center\" data-align=\"center\">177<\/td><td class=\"has-text-align-center\" data-align=\"center\">133<\/td><td class=\"has-text-align-center\" data-align=\"center\">64<\/td><td class=\"has-text-align-center\" data-align=\"center\">69<\/td><td class=\"has-text-align-center\" data-align=\"center\">206<\/td><\/tr><tr><td>Libya<\/td><td class=\"has-text-align-center\" data-align=\"center\">47<\/td><td class=\"has-text-align-center\" data-align=\"center\">72<\/td><td class=\"has-text-align-center\" data-align=\"center\">24<\/td><td class=\"has-text-align-center\" data-align=\"center\">59<\/td><td class=\"has-text-align-center\" data-align=\"center\">192<\/td><\/tr><\/tbody><\/table><figcaption class=\"wp-element-caption\">Ba\u015fl\u0131ca Afrika \u00fclkeleri i\u00e7in <a href=\"https:\/\/us-gc.net\/tr\/cesitlilik-vize-programi\/\">\u00c7e\u015fitlilik Vize Program\u0131<\/a> taraf\u0131ndan verilen vize say\u0131s\u0131<\/figcaption><\/figure>\n\n<p><\/p>\n","protected":false},"excerpt":{"rendered":"<p>ABD Ye\u015fil Kart \u00e7ekili\u015finde Afrika \u00fclkeleri Her y\u0131l milyonlarca ba\u015fvuru sahibi Amerikan Ye\u015fil Kart \u00e7ekili\u015fine kat\u0131lmaktad\u0131r. D\u0131\u015fi\u015fleri Bakanl\u0131\u011f\u0131 taraf\u0131ndan travel.state.gov adresinde yay\u0131nlanan istatistikleri derleyerek Afrika vatanda\u015flar\u0131n\u0131n Ye\u015fil Kart \u00e7ekili\u015fine kat\u0131l\u0131m\u0131na ili\u015fkin temel rakamlar\u0131 sizlere sunuyoruz. Piyangoya ka\u00e7 Afrikal\u0131 kat\u0131l\u0131yor? \u0130statistiklerin mevcut oldu\u011fu son birka\u00e7 y\u0131l i\u00e7inde Ye\u015fil Kart \u00e7ekili\u015fine ba\u015fvuranlar\u0131n yakla\u015f\u0131k %50&#8217;si bir Afrika \u00fclkesinin [&hellip;]<\/p>\n","protected":false},"author":1,"featured_media":0,"parent":0,"menu_order":0,"comment_status":"closed","ping_status":"closed","template":"","meta":{"footnotes":""},"class_list":["post-2207","page","type-page","status-publish","hentry"],"yoast_head":"<!-- This site is optimized with the Yoast SEO plugin v27.4 - https:\/\/yoast.com\/product\/yoast-seo-wordpress\/ -->\n<title>Afrika \u00fclkeleri i\u00e7in Green Card \u00e7ekili\u015fi - USA GC<\/title>\n<meta name=\"description\" content=\"Son y\u0131llarda Afrika \u00fclkeleri vatanda\u015flar\u0131n\u0131n ABD Ye\u015fil Kart \u00e7ekili\u015fine ayr\u0131nt\u0131l\u0131 kat\u0131l\u0131m\u0131\" \/>\n<meta name=\"robots\" content=\"index, follow, max-snippet:-1, max-image-preview:large, max-video-preview:-1\" \/>\n<link rel=\"canonical\" href=\"https:\/\/us-gc.net\/tr\/piyango-green-card-alke-afrika\/\" \/>\n<meta property=\"og:locale\" content=\"tr_TR\" \/>\n<meta property=\"og:type\" content=\"article\" \/>\n<meta property=\"og:title\" content=\"Afrika \u00fclkeleri i\u00e7in Green Card \u00e7ekili\u015fi - USA GC\" \/>\n<meta property=\"og:description\" content=\"Son y\u0131llarda Afrika \u00fclkeleri vatanda\u015flar\u0131n\u0131n ABD Ye\u015fil Kart \u00e7ekili\u015fine ayr\u0131nt\u0131l\u0131 kat\u0131l\u0131m\u0131\" \/>\n<meta property=\"og:url\" content=\"https:\/\/us-gc.net\/tr\/piyango-green-card-alke-afrika\/\" \/>\n<meta property=\"og:site_name\" content=\"USA GC\" \/>\n<meta property=\"article:modified_time\" content=\"2024-12-30T09:44:31+00:00\" \/>\n<meta name=\"twitter:card\" content=\"summary_large_image\" \/>\n<meta name=\"twitter:label1\" content=\"Tahmini okuma s\u00fcresi\" \/>\n\t<meta name=\"twitter:data1\" content=\"2 dakika\" \/>\n<script type=\"application\/ld+json\" class=\"yoast-schema-graph\">{\"@context\":\"https:\\\/\\\/schema.org\",\"@graph\":[{\"@type\":\"WebPage\",\"@id\":\"https:\\\/\\\/us-gc.net\\\/tr\\\/piyango-green-card-alke-afrika\\\/\",\"url\":\"https:\\\/\\\/us-gc.net\\\/tr\\\/piyango-green-card-alke-afrika\\\/\",\"name\":\"Afrika \u00fclkeleri i\u00e7in Green Card \u00e7ekili\u015fi - USA GC\",\"isPartOf\":{\"@id\":\"https:\\\/\\\/us-gc.net\\\/tr\\\/#website\"},\"datePublished\":\"2024-02-13T15:26:40+00:00\",\"dateModified\":\"2024-12-30T09:44:31+00:00\",\"description\":\"Son y\u0131llarda Afrika \u00fclkeleri vatanda\u015flar\u0131n\u0131n ABD Ye\u015fil Kart \u00e7ekili\u015fine ayr\u0131nt\u0131l\u0131 kat\u0131l\u0131m\u0131\",\"breadcrumb\":{\"@id\":\"https:\\\/\\\/us-gc.net\\\/tr\\\/piyango-green-card-alke-afrika\\\/#breadcrumb\"},\"inLanguage\":\"tr\",\"potentialAction\":[{\"@type\":\"ReadAction\",\"target\":[\"https:\\\/\\\/us-gc.net\\\/tr\\\/piyango-green-card-alke-afrika\\\/\"]}]},{\"@type\":\"BreadcrumbList\",\"@id\":\"https:\\\/\\\/us-gc.net\\\/tr\\\/piyango-green-card-alke-afrika\\\/#breadcrumb\",\"itemListElement\":[{\"@type\":\"ListItem\",\"position\":1,\"name\":\"Accueil\",\"item\":\"https:\\\/\\\/us-gc.net\\\/tr\\\/green-card\\\/\"},{\"@type\":\"ListItem\",\"position\":2,\"name\":\"Afrika \u00fclkeleri i\u00e7in Green Card \u00e7ekili\u015fi\"}]},{\"@type\":\"WebSite\",\"@id\":\"https:\\\/\\\/us-gc.net\\\/tr\\\/#website\",\"url\":\"https:\\\/\\\/us-gc.net\\\/tr\\\/\",\"name\":\"USA GC\",\"description\":\"\",\"potentialAction\":[{\"@type\":\"SearchAction\",\"target\":{\"@type\":\"EntryPoint\",\"urlTemplate\":\"https:\\\/\\\/us-gc.net\\\/tr\\\/?s={search_term_string}\"},\"query-input\":{\"@type\":\"PropertyValueSpecification\",\"valueRequired\":true,\"valueName\":\"search_term_string\"}}],\"inLanguage\":\"tr\"}]}<\/script>\n<!-- \/ Yoast SEO plugin. -->","yoast_head_json":{"title":"Afrika \u00fclkeleri i\u00e7in Green Card \u00e7ekili\u015fi - USA GC","description":"Son y\u0131llarda Afrika \u00fclkeleri vatanda\u015flar\u0131n\u0131n ABD Ye\u015fil Kart \u00e7ekili\u015fine ayr\u0131nt\u0131l\u0131 kat\u0131l\u0131m\u0131","robots":{"index":"index","follow":"follow","max-snippet":"max-snippet:-1","max-image-preview":"max-image-preview:large","max-video-preview":"max-video-preview:-1"},"canonical":"https:\/\/us-gc.net\/tr\/piyango-green-card-alke-afrika\/","og_locale":"tr_TR","og_type":"article","og_title":"Afrika \u00fclkeleri i\u00e7in Green Card \u00e7ekili\u015fi - USA GC","og_description":"Son y\u0131llarda Afrika \u00fclkeleri vatanda\u015flar\u0131n\u0131n ABD Ye\u015fil Kart \u00e7ekili\u015fine ayr\u0131nt\u0131l\u0131 kat\u0131l\u0131m\u0131","og_url":"https:\/\/us-gc.net\/tr\/piyango-green-card-alke-afrika\/","og_site_name":"USA GC","article_modified_time":"2024-12-30T09:44:31+00:00","twitter_card":"summary_large_image","twitter_misc":{"Tahmini okuma s\u00fcresi":"2 dakika"},"schema":{"@context":"https:\/\/schema.org","@graph":[{"@type":"WebPage","@id":"https:\/\/us-gc.net\/tr\/piyango-green-card-alke-afrika\/","url":"https:\/\/us-gc.net\/tr\/piyango-green-card-alke-afrika\/","name":"Afrika \u00fclkeleri i\u00e7in Green Card \u00e7ekili\u015fi - USA GC","isPartOf":{"@id":"https:\/\/us-gc.net\/tr\/#website"},"datePublished":"2024-02-13T15:26:40+00:00","dateModified":"2024-12-30T09:44:31+00:00","description":"Son y\u0131llarda Afrika \u00fclkeleri vatanda\u015flar\u0131n\u0131n ABD Ye\u015fil Kart \u00e7ekili\u015fine ayr\u0131nt\u0131l\u0131 kat\u0131l\u0131m\u0131","breadcrumb":{"@id":"https:\/\/us-gc.net\/tr\/piyango-green-card-alke-afrika\/#breadcrumb"},"inLanguage":"tr","potentialAction":[{"@type":"ReadAction","target":["https:\/\/us-gc.net\/tr\/piyango-green-card-alke-afrika\/"]}]},{"@type":"BreadcrumbList","@id":"https:\/\/us-gc.net\/tr\/piyango-green-card-alke-afrika\/#breadcrumb","itemListElement":[{"@type":"ListItem","position":1,"name":"Accueil","item":"https:\/\/us-gc.net\/tr\/green-card\/"},{"@type":"ListItem","position":2,"name":"Afrika \u00fclkeleri i\u00e7in Green Card \u00e7ekili\u015fi"}]},{"@type":"WebSite","@id":"https:\/\/us-gc.net\/tr\/#website","url":"https:\/\/us-gc.net\/tr\/","name":"USA GC","description":"","potentialAction":[{"@type":"SearchAction","target":{"@type":"EntryPoint","urlTemplate":"https:\/\/us-gc.net\/tr\/?s={search_term_string}"},"query-input":{"@type":"PropertyValueSpecification","valueRequired":true,"valueName":"search_term_string"}}],"inLanguage":"tr"}]}},"_links":{"self":[{"href":"https:\/\/us-gc.net\/tr\/wp-json\/wp\/v2\/pages\/2207","targetHints":{"allow":["GET"]}}],"collection":[{"href":"https:\/\/us-gc.net\/tr\/wp-json\/wp\/v2\/pages"}],"about":[{"href":"https:\/\/us-gc.net\/tr\/wp-json\/wp\/v2\/types\/page"}],"author":[{"embeddable":true,"href":"https:\/\/us-gc.net\/tr\/wp-json\/wp\/v2\/users\/1"}],"replies":[{"embeddable":true,"href":"https:\/\/us-gc.net\/tr\/wp-json\/wp\/v2\/comments?post=2207"}],"version-history":[{"count":1,"href":"https:\/\/us-gc.net\/tr\/wp-json\/wp\/v2\/pages\/2207\/revisions"}],"predecessor-version":[{"id":7890,"href":"https:\/\/us-gc.net\/tr\/wp-json\/wp\/v2\/pages\/2207\/revisions\/7890"}],"wp:attachment":[{"href":"https:\/\/us-gc.net\/tr\/wp-json\/wp\/v2\/media?parent=2207"}],"curies":[{"name":"wp","href":"https:\/\/api.w.org\/{rel}","templated":true}]}}