{"id":1497,"date":"2024-02-08T15:57:06","date_gmt":"2024-02-08T15:57:06","guid":{"rendered":"https:\/\/green-card-usa.net\/green-card-fiyati\/"},"modified":"2025-03-31T11:22:38","modified_gmt":"2025-03-31T11:22:38","slug":"green-card-fiyati","status":"publish","type":"page","link":"https:\/\/us-gc.net\/tr\/green-card-fiyati\/","title":{"rendered":"Green Card maliyeti nedir?"},"content":{"rendered":"\n<h1 class=\"wp-block-heading\" id=\"h-prix-a-payer-pour-obtenir-la-green-card\">Green Card alman\u0131n maliyeti<\/h1>\n\n<p>Green Card alman\u0131n maliyeti Green Card t\u00fcr\u00fcne ve ba\u015fvuru sahibinin durumuna ba\u011fl\u0131d\u0131r. Green Card almak i\u00e7in d\u00f6rt ana durumda \u00f6denmesi gereken \u00fccretler vard\u0131r.<\/p>\n\n<h2 class=\"wp-block-heading\" id=\"h-quels-sont-les-frais-d-une-green-card-obtenue-a-la-loterie\">\u00c7ekili\u015fle al\u0131nan bir Green Card ne kadara mal olur?<\/h2>\n\n<p><a href=\"https:\/\/us-gc.net\/tr\/green-card-cekilisi\/\">Green Card \u00e7ekili\u015fi<\/a>, 50.000&#8217;den fazla yabanc\u0131 uyruklunun <a href=\"https:\/\/us-gc.net\/tr\/\">Green Card<\/a> alma hakk\u0131 kazanmas\u0131n\u0131 sa\u011flamaktad\u0131r. \u00d6d\u00fcl \u00e7ekili\u015fine kat\u0131l\u0131m \u00fccretsizdir. Ancak, ba\u015fvuru sahiplerinin \u00e7ekili\u015fte kazand\u0131klar\u0131 Green Card alabilmeleri i\u00e7in ABD makamlar\u0131na \u00e7e\u015fitlilik vizesi \u00fccreti \u00f6demeleri gerekecektir.<\/p>\n\n<p>Bu \u00fccretler iade edilmez ve do\u011frudan ABD D\u0131\u015fi\u015fleri Bakanl\u0131\u011f\u0131&#8217;na gider. Bu \u00fccret, Bakanl\u0131\u011f\u0131n DV program\u0131n\u0131 y\u00fcr\u00fct\u00fcrken yapt\u0131\u011f\u0131 masraflar\u0131 kar\u015f\u0131lamak \u00fczere de\u011ferlendirilir ve vize ba\u015fvurunuzun bir par\u00e7as\u0131 olarak USCIS&#8217;e \u00f6demeniz gereken \u00fccretlerden ayr\u0131d\u0131r.<\/p>\n\n<p><strong>Green Card \u00e7ekili\u015fi yoluyla al\u0131nan \u00e7e\u015fitlilik vizesi i\u00e7in \u00fccret<\/strong>, \u00e7ekili\u015fte se\u00e7ilen ba\u015fvuru sahibi ba\u015f\u0131na 330 ABD Dolar\u0131d\u0131r. <a href=\"https:\/\/www.uscis.gov\/\">USCIS<\/a> taraf\u0131ndan kabul edilen ba\u015fvurunun i\u015fleme al\u0131nmas\u0131na devam edilebilmesi i\u00e7in bu \u00fccretlerin \u00f6denmesi gerekmektedir. Miktar, Green Card ba\u015fvuru sahibinin ilk stat\u00fcs\u00fcne ba\u011fl\u0131d\u0131r.<\/p>\n\n<p><strong>Bir sonraki y\u0131ll\u0131k \u00e7ekili\u015fte yerinizi garantilemek i\u00e7in<\/strong> <a href=\"https:\/\/us-gc.net\/tr\/green-card-cekilisi-formu\/\">Green Card \u00e7ekili\u015fi kay\u0131t formunu<\/a> doldurman\u0131z gerekmektedir.<\/p>\n\n<div style=\"height:10px\" aria-hidden=\"true\" class=\"wp-block-spacer\"><\/div>\n\n<h2 class=\"wp-block-heading\" id=\"h-quels-sont-les-frais-d-une-green-card-par-rapprochement-familial\">Aile birle\u015fimi i\u00e7in Green Card ne kadara mal olur?<\/h2>\n\n<p>Amerika Birle\u015fik Devletleri&#8217;nde kal\u0131c\u0131 olarak ya\u015famak isteyen yabanc\u0131 bir vatanda\u015f\u0131n g\u00f6\u00e7men vizesine ihtiyac\u0131 vard\u0131r. Bu vize, ABD vatanda\u015f\u0131 veya ABD&#8217;de yasal olarak daimi ikamet eden birinci dereceden bir akraba taraf\u0131ndan sponsor olunarak al\u0131nabilir.<\/p>\n\n<h3 class=\"wp-block-heading\" id=\"h-il-existe-deux-types-de-visas-d-immigrant-familiaux\">\u0130ki t\u00fcr aile g\u00f6\u00e7men vizesi vard\u0131r<\/h3>\n\n<ul class=\"wp-block-list\">\n<li><strong>Yak\u0131n akrabadan<\/strong>: Bu vizeler, e\u015f, \u00e7ocuk veya ebeveyn gibi bir ABD vatanda\u015f\u0131 ile do\u011frudan aile ili\u015fkisine dayanmaktad\u0131r. Her y\u0131l bu kategorilerdeki g\u00f6\u00e7menlerin say\u0131s\u0131nda herhangi bir s\u0131n\u0131rlama yoktur.<\/li>\n\n\n\n<li><strong>Aile tercihi<\/strong>: Bu vizeler, bir ABD vatanda\u015f\u0131 ile belirli, daha uzak aile ili\u015fkileri ve yasal daimi ikamet eden bir ki\u015fi ile belirli belirli ili\u015fkiler i\u00e7in tasarlanm\u0131\u015ft\u0131r. Bu vize kategorisindeki g\u00f6\u00e7menlerin say\u0131s\u0131 her y\u0131l s\u0131n\u0131rl\u0131d\u0131r.<\/li>\n<\/ul>\n\n<div style=\"height:10px\" aria-hidden=\"true\" class=\"wp-block-spacer\"><\/div>\n\n<p>Her iki vize t\u00fcr\u00fc i\u00e7in: <strong>\u00dccret ki\u015fi ba\u015f\u0131 325 ABD Dolar\u0131d\u0131r<\/strong>. Bu \u00fccretler iade edilmez.<\/p>\n","protected":false},"excerpt":{"rendered":"<p>Green Card alman\u0131n maliyeti Green Card alman\u0131n maliyeti Green Card t\u00fcr\u00fcne ve ba\u015fvuru sahibinin durumuna ba\u011fl\u0131d\u0131r. Green Card almak i\u00e7in d\u00f6rt ana durumda \u00f6denmesi gereken \u00fccretler vard\u0131r. \u00c7ekili\u015fle al\u0131nan bir Green Card ne kadara mal olur? Green Card \u00e7ekili\u015fi, 50.000&#8217;den fazla yabanc\u0131 uyruklunun Green Card alma hakk\u0131 kazanmas\u0131n\u0131 sa\u011flamaktad\u0131r. \u00d6d\u00fcl \u00e7ekili\u015fine kat\u0131l\u0131m \u00fccretsizdir. Ancak, ba\u015fvuru [&hellip;]<\/p>\n","protected":false},"author":1,"featured_media":0,"parent":0,"menu_order":0,"comment_status":"closed","ping_status":"closed","template":"","meta":{"footnotes":""},"class_list":["post-1497","page","type-page","status-publish","hentry"],"yoast_head":"<!-- This site is optimized with the Yoast SEO plugin v27.4 - https:\/\/yoast.com\/product\/yoast-seo-wordpress\/ -->\n<title>Green Card maliyeti nedir? - USA GC<\/title>\n<meta name=\"description\" content=\"Amerikan Ye\u015fil Kart\u0131na ba\u015fvurmak ne kadara mal olur? Bu, kart alma ko\u015fullar\u0131na ba\u011fl\u0131d\u0131r.\" \/>\n<meta name=\"robots\" content=\"index, follow, max-snippet:-1, max-image-preview:large, max-video-preview:-1\" \/>\n<link rel=\"canonical\" href=\"https:\/\/us-gc.net\/tr\/green-card-fiyati\/\" \/>\n<meta property=\"og:locale\" content=\"tr_TR\" \/>\n<meta property=\"og:type\" content=\"article\" \/>\n<meta property=\"og:title\" content=\"Green Card maliyeti nedir? - USA GC\" \/>\n<meta property=\"og:description\" content=\"Amerikan Ye\u015fil Kart\u0131na ba\u015fvurmak ne kadara mal olur? Bu, kart alma ko\u015fullar\u0131na ba\u011fl\u0131d\u0131r.\" \/>\n<meta property=\"og:url\" content=\"https:\/\/us-gc.net\/tr\/green-card-fiyati\/\" \/>\n<meta property=\"og:site_name\" content=\"USA GC\" \/>\n<meta property=\"article:modified_time\" content=\"2025-03-31T11:22:38+00:00\" \/>\n<meta name=\"twitter:card\" content=\"summary_large_image\" \/>\n<meta name=\"twitter:label1\" content=\"Tahmini okuma s\u00fcresi\" \/>\n\t<meta name=\"twitter:data1\" content=\"2 dakika\" \/>\n<script type=\"application\/ld+json\" class=\"yoast-schema-graph\">{\"@context\":\"https:\\\/\\\/schema.org\",\"@graph\":[{\"@type\":\"WebPage\",\"@id\":\"https:\\\/\\\/us-gc.net\\\/tr\\\/green-card-fiyati\\\/\",\"url\":\"https:\\\/\\\/us-gc.net\\\/tr\\\/green-card-fiyati\\\/\",\"name\":\"Green Card maliyeti nedir? - USA GC\",\"isPartOf\":{\"@id\":\"https:\\\/\\\/us-gc.net\\\/tr\\\/#website\"},\"datePublished\":\"2024-02-08T15:57:06+00:00\",\"dateModified\":\"2025-03-31T11:22:38+00:00\",\"description\":\"Amerikan Ye\u015fil Kart\u0131na ba\u015fvurmak ne kadara mal olur? Bu, kart alma ko\u015fullar\u0131na ba\u011fl\u0131d\u0131r.\",\"breadcrumb\":{\"@id\":\"https:\\\/\\\/us-gc.net\\\/tr\\\/green-card-fiyati\\\/#breadcrumb\"},\"inLanguage\":\"tr\",\"potentialAction\":[{\"@type\":\"ReadAction\",\"target\":[\"https:\\\/\\\/us-gc.net\\\/tr\\\/green-card-fiyati\\\/\"]}]},{\"@type\":\"BreadcrumbList\",\"@id\":\"https:\\\/\\\/us-gc.net\\\/tr\\\/green-card-fiyati\\\/#breadcrumb\",\"itemListElement\":[{\"@type\":\"ListItem\",\"position\":1,\"name\":\"Accueil\",\"item\":\"https:\\\/\\\/us-gc.net\\\/tr\\\/green-card\\\/\"},{\"@type\":\"ListItem\",\"position\":2,\"name\":\"Green Card maliyeti nedir?\"}]},{\"@type\":\"WebSite\",\"@id\":\"https:\\\/\\\/us-gc.net\\\/tr\\\/#website\",\"url\":\"https:\\\/\\\/us-gc.net\\\/tr\\\/\",\"name\":\"USA GC\",\"description\":\"\",\"potentialAction\":[{\"@type\":\"SearchAction\",\"target\":{\"@type\":\"EntryPoint\",\"urlTemplate\":\"https:\\\/\\\/us-gc.net\\\/tr\\\/?s={search_term_string}\"},\"query-input\":{\"@type\":\"PropertyValueSpecification\",\"valueRequired\":true,\"valueName\":\"search_term_string\"}}],\"inLanguage\":\"tr\"}]}<\/script>\n<!-- \/ Yoast SEO plugin. -->","yoast_head_json":{"title":"Green Card maliyeti nedir? - USA GC","description":"Amerikan Ye\u015fil Kart\u0131na ba\u015fvurmak ne kadara mal olur? Bu, kart alma ko\u015fullar\u0131na ba\u011fl\u0131d\u0131r.","robots":{"index":"index","follow":"follow","max-snippet":"max-snippet:-1","max-image-preview":"max-image-preview:large","max-video-preview":"max-video-preview:-1"},"canonical":"https:\/\/us-gc.net\/tr\/green-card-fiyati\/","og_locale":"tr_TR","og_type":"article","og_title":"Green Card maliyeti nedir? - USA GC","og_description":"Amerikan Ye\u015fil Kart\u0131na ba\u015fvurmak ne kadara mal olur? Bu, kart alma ko\u015fullar\u0131na ba\u011fl\u0131d\u0131r.","og_url":"https:\/\/us-gc.net\/tr\/green-card-fiyati\/","og_site_name":"USA GC","article_modified_time":"2025-03-31T11:22:38+00:00","twitter_card":"summary_large_image","twitter_misc":{"Tahmini okuma s\u00fcresi":"2 dakika"},"schema":{"@context":"https:\/\/schema.org","@graph":[{"@type":"WebPage","@id":"https:\/\/us-gc.net\/tr\/green-card-fiyati\/","url":"https:\/\/us-gc.net\/tr\/green-card-fiyati\/","name":"Green Card maliyeti nedir? - USA GC","isPartOf":{"@id":"https:\/\/us-gc.net\/tr\/#website"},"datePublished":"2024-02-08T15:57:06+00:00","dateModified":"2025-03-31T11:22:38+00:00","description":"Amerikan Ye\u015fil Kart\u0131na ba\u015fvurmak ne kadara mal olur? Bu, kart alma ko\u015fullar\u0131na ba\u011fl\u0131d\u0131r.","breadcrumb":{"@id":"https:\/\/us-gc.net\/tr\/green-card-fiyati\/#breadcrumb"},"inLanguage":"tr","potentialAction":[{"@type":"ReadAction","target":["https:\/\/us-gc.net\/tr\/green-card-fiyati\/"]}]},{"@type":"BreadcrumbList","@id":"https:\/\/us-gc.net\/tr\/green-card-fiyati\/#breadcrumb","itemListElement":[{"@type":"ListItem","position":1,"name":"Accueil","item":"https:\/\/us-gc.net\/tr\/green-card\/"},{"@type":"ListItem","position":2,"name":"Green Card maliyeti nedir?"}]},{"@type":"WebSite","@id":"https:\/\/us-gc.net\/tr\/#website","url":"https:\/\/us-gc.net\/tr\/","name":"USA GC","description":"","potentialAction":[{"@type":"SearchAction","target":{"@type":"EntryPoint","urlTemplate":"https:\/\/us-gc.net\/tr\/?s={search_term_string}"},"query-input":{"@type":"PropertyValueSpecification","valueRequired":true,"valueName":"search_term_string"}}],"inLanguage":"tr"}]}},"_links":{"self":[{"href":"https:\/\/us-gc.net\/tr\/wp-json\/wp\/v2\/pages\/1497","targetHints":{"allow":["GET"]}}],"collection":[{"href":"https:\/\/us-gc.net\/tr\/wp-json\/wp\/v2\/pages"}],"about":[{"href":"https:\/\/us-gc.net\/tr\/wp-json\/wp\/v2\/types\/page"}],"author":[{"embeddable":true,"href":"https:\/\/us-gc.net\/tr\/wp-json\/wp\/v2\/users\/1"}],"replies":[{"embeddable":true,"href":"https:\/\/us-gc.net\/tr\/wp-json\/wp\/v2\/comments?post=1497"}],"version-history":[{"count":3,"href":"https:\/\/us-gc.net\/tr\/wp-json\/wp\/v2\/pages\/1497\/revisions"}],"predecessor-version":[{"id":10154,"href":"https:\/\/us-gc.net\/tr\/wp-json\/wp\/v2\/pages\/1497\/revisions\/10154"}],"wp:attachment":[{"href":"https:\/\/us-gc.net\/tr\/wp-json\/wp\/v2\/media?parent=1497"}],"curies":[{"name":"wp","href":"https:\/\/api.w.org\/{rel}","templated":true}]}}