{"id":1384,"date":"2024-02-10T08:30:09","date_gmt":"2024-02-10T08:30:09","guid":{"rendered":"https:\/\/green-card-usa.net\/green-card-cekilisi-katilmayar-ulkeler\/"},"modified":"2024-12-30T09:46:25","modified_gmt":"2024-12-30T09:46:25","slug":"green-card-cekilisi-katilmayar-ulkeler","status":"publish","type":"page","link":"https:\/\/us-gc.net\/tr\/green-card-cekilisi-katilmayar-ulkeler\/","title":{"rendered":"Ye\u015fil Kart \u00e7ekili\u015fi i\u00e7in uygun olmayan \u00fclkeler"},"content":{"rendered":"\n<h1 class=\"wp-block-heading\" id=\"h-liste-des-pays-non-participants-a-la-loterie-de-la-green-card\">Ye\u015fil Kart \u00e7ekili\u015fine kat\u0131lmayan \u00fclkelerin listesi<\/h1>\n\n<p>Amerika Birle\u015fik Devletleri kar\u0131\u015f\u0131k bir g\u00f6\u00e7men n\u00fcfusunu muhafaza etmek istemektedir. \u00c7e\u015fitlilik Vize Program\u0131 her y\u0131l, vatanda\u015flar\u0131n\u0131n Ye\u015fil Kart \u00e7ekili\u015fine kat\u0131lmas\u0131na izin verilmeyen \u00fclkelerin bir listesini \u00e7\u0131karmaktad\u0131r. Kat\u0131l\u0131mc\u0131 olmayan bu \u00fclkeler, son be\u015f y\u0131l i\u00e7inde 50.000&#8217;den fazla vatanda\u015f\u0131n Amerika Birle\u015fik Devletleri&#8217;ne g\u00f6\u00e7 etti\u011fi ve bu y\u0131lki \u00e7ekili\u015fe kat\u0131lmaya uygun olmayan \u00fclkelerdir.<\/p>\n\n<h2 class=\"wp-block-heading\" id=\"h-pays-exclus-de-la-loterie-green-card-dv-2024\">Ye\u015fil Kart DV-2024 \u00e7ekili\u015finden hari\u00e7 tutulan \u00fclkeler<\/h2>\n\n<p>Y\u0131ll\u0131k <a href=\"https:\/\/us-gc.net\/tr\/green-card-cekilis-2024\/\">DV-2024 Ye\u015fil Kart<\/a> piyango \u00e7ekili\u015fi i\u00e7in a\u015fa\u011f\u0131daki \u00fclke ve b\u00f6lgelerin yerlileri uygun de\u011fildi, \u00e7\u00fcnk\u00fc bu \u00fclkelerin yerlilerinin 50.000&#8217;den fazlas\u0131 \u00f6nceki be\u015f y\u0131l i\u00e7inde Amerika Birle\u015fik Devletleri&#8217;ne g\u00f6\u00e7 etmi\u015fti: Banglade\u015f, Brezilya, Kanada, \u00c7in (Hong Kong dahil), Kolombiya, Dominik Cumhuriyeti, El Salvador, Haiti, Honduras, Hindistan, Jamaika, Meksika, Nijerya, Pakistan, Filipinler, Kore Cumhuriyeti, Birle\u015fik Krall\u0131k (Kuzey \u0130rlanda hari\u00e7) ve ba\u011fl\u0131 b\u00f6lgeleri, Venezuela ve Vietnam.<\/p>\n\n<p><strong>\u00c7in istisnas\u0131<\/strong>: Makao ve Tayvan&#8217;da do\u011fanlar bu haktan yararlanabilir.<\/p>\n\n<h2 class=\"wp-block-heading\" id=\"h-pays-exclus-de-la-loterie-green-card-dv-2025\">Ye\u015fil Kart DV-2025 \u00e7ekili\u015finden hari\u00e7 tutulan \u00fclkeler<\/h2>\n\n<p>A\u015fa\u011f\u0131daki \u00fclkelerin vatanda\u015flar\u0131 y\u0131ll\u0131k <a href=\"https:\/\/us-gc.net\/tr\/green-card-cekilisi-2025\/\">DV-2025 Green Card<\/a> \u00e7ekili\u015fi i\u00e7in uygun de\u011fildir: Banglade\u015f, Brezilya, Kanada, \u00c7in (Hong Kong dahil), Kolombiya, Dominik Cumhuriyeti, El Salvador, Haiti, Honduras, Hindistan, Jamaika, Meksika, Nijerya, Pakistan, Filipinler, Kore Cumhuriyeti, Venezuela ve Vietnam.<\/p>\n\n<p><strong>\u00c7in istisnas\u0131<\/strong>: Makao ve Tayvan&#8217;da do\u011fanlar bu haktan yararlanabilir.<\/p>\n\n<p>DV-2024 ve DV-2025 programlar\u0131 aras\u0131nda hari\u00e7 tutulan \u00fclkeler listesinden sadece bir b\u00f6lge \u00e7\u0131kar\u0131lm\u0131\u015ft\u0131r: <strong>Birle\u015fik Krall\u0131k<\/strong>. B\u00f6ylece Britanya vatanda\u015flar\u0131 DV-2025 \u00e7ekili\u015finin bir par\u00e7as\u0131 olarak bir kez daha <a href=\"https:\/\/us-gc.net\/tr\/amerikan-yesil-kart-cekilisine\/\">Ye\u015fil Kart \u00e7ekili\u015fine<\/a> ba\u015fvurabildiler.<\/p>\n","protected":false},"excerpt":{"rendered":"<p>Ye\u015fil Kart \u00e7ekili\u015fine kat\u0131lmayan \u00fclkelerin listesi Amerika Birle\u015fik Devletleri kar\u0131\u015f\u0131k bir g\u00f6\u00e7men n\u00fcfusunu muhafaza etmek istemektedir. \u00c7e\u015fitlilik Vize Program\u0131 her y\u0131l, vatanda\u015flar\u0131n\u0131n Ye\u015fil Kart \u00e7ekili\u015fine kat\u0131lmas\u0131na izin verilmeyen \u00fclkelerin bir listesini \u00e7\u0131karmaktad\u0131r. Kat\u0131l\u0131mc\u0131 olmayan bu \u00fclkeler, son be\u015f y\u0131l i\u00e7inde 50.000&#8217;den fazla vatanda\u015f\u0131n Amerika Birle\u015fik Devletleri&#8217;ne g\u00f6\u00e7 etti\u011fi ve bu y\u0131lki \u00e7ekili\u015fe kat\u0131lmaya uygun olmayan [&hellip;]<\/p>\n","protected":false},"author":1,"featured_media":0,"parent":0,"menu_order":0,"comment_status":"closed","ping_status":"closed","template":"","meta":{"footnotes":""},"class_list":["post-1384","page","type-page","status-publish","hentry"],"yoast_head":"<!-- This site is optimized with the Yoast SEO plugin v27.4 - https:\/\/yoast.com\/product\/yoast-seo-wordpress\/ -->\n<title>Ye\u015fil Kart \u00e7ekili\u015fi i\u00e7in uygun olmayan \u00fclkeler - USA GC<\/title>\n<meta name=\"robots\" content=\"index, follow, max-snippet:-1, max-image-preview:large, max-video-preview:-1\" \/>\n<link rel=\"canonical\" href=\"https:\/\/us-gc.net\/tr\/green-card-cekilisi-katilmayar-ulkeler\/\" \/>\n<meta property=\"og:locale\" content=\"tr_TR\" \/>\n<meta property=\"og:type\" content=\"article\" \/>\n<meta property=\"og:title\" content=\"Ye\u015fil Kart \u00e7ekili\u015fi i\u00e7in uygun olmayan \u00fclkeler - USA GC\" \/>\n<meta property=\"og:description\" content=\"Ye\u015fil Kart \u00e7ekili\u015fine kat\u0131lmayan \u00fclkelerin listesi Amerika Birle\u015fik Devletleri kar\u0131\u015f\u0131k bir g\u00f6\u00e7men n\u00fcfusunu muhafaza etmek istemektedir. \u00c7e\u015fitlilik Vize Program\u0131 her y\u0131l, vatanda\u015flar\u0131n\u0131n Ye\u015fil Kart \u00e7ekili\u015fine kat\u0131lmas\u0131na izin verilmeyen \u00fclkelerin bir listesini \u00e7\u0131karmaktad\u0131r. Kat\u0131l\u0131mc\u0131 olmayan bu \u00fclkeler, son be\u015f y\u0131l i\u00e7inde 50.000&#8217;den fazla vatanda\u015f\u0131n Amerika Birle\u015fik Devletleri&#8217;ne g\u00f6\u00e7 etti\u011fi ve bu y\u0131lki \u00e7ekili\u015fe kat\u0131lmaya uygun olmayan [&hellip;]\" \/>\n<meta property=\"og:url\" content=\"https:\/\/us-gc.net\/tr\/green-card-cekilisi-katilmayar-ulkeler\/\" \/>\n<meta property=\"og:site_name\" content=\"USA GC\" \/>\n<meta property=\"article:modified_time\" content=\"2024-12-30T09:46:25+00:00\" \/>\n<meta name=\"twitter:card\" content=\"summary_large_image\" \/>\n<meta name=\"twitter:label1\" content=\"Tahmini okuma s\u00fcresi\" \/>\n\t<meta name=\"twitter:data1\" content=\"1 dakika\" \/>\n<script type=\"application\/ld+json\" class=\"yoast-schema-graph\">{\"@context\":\"https:\\\/\\\/schema.org\",\"@graph\":[{\"@type\":\"WebPage\",\"@id\":\"https:\\\/\\\/us-gc.net\\\/tr\\\/green-card-cekilisi-katilmayar-ulkeler\\\/\",\"url\":\"https:\\\/\\\/us-gc.net\\\/tr\\\/green-card-cekilisi-katilmayar-ulkeler\\\/\",\"name\":\"Ye\u015fil Kart \u00e7ekili\u015fi i\u00e7in uygun olmayan \u00fclkeler - USA GC\",\"isPartOf\":{\"@id\":\"https:\\\/\\\/us-gc.net\\\/tr\\\/#website\"},\"datePublished\":\"2024-02-10T08:30:09+00:00\",\"dateModified\":\"2024-12-30T09:46:25+00:00\",\"breadcrumb\":{\"@id\":\"https:\\\/\\\/us-gc.net\\\/tr\\\/green-card-cekilisi-katilmayar-ulkeler\\\/#breadcrumb\"},\"inLanguage\":\"tr\",\"potentialAction\":[{\"@type\":\"ReadAction\",\"target\":[\"https:\\\/\\\/us-gc.net\\\/tr\\\/green-card-cekilisi-katilmayar-ulkeler\\\/\"]}]},{\"@type\":\"BreadcrumbList\",\"@id\":\"https:\\\/\\\/us-gc.net\\\/tr\\\/green-card-cekilisi-katilmayar-ulkeler\\\/#breadcrumb\",\"itemListElement\":[{\"@type\":\"ListItem\",\"position\":1,\"name\":\"Accueil\",\"item\":\"https:\\\/\\\/us-gc.net\\\/tr\\\/green-card\\\/\"},{\"@type\":\"ListItem\",\"position\":2,\"name\":\"Ye\u015fil Kart \u00e7ekili\u015fi i\u00e7in uygun olmayan \u00fclkeler\"}]},{\"@type\":\"WebSite\",\"@id\":\"https:\\\/\\\/us-gc.net\\\/tr\\\/#website\",\"url\":\"https:\\\/\\\/us-gc.net\\\/tr\\\/\",\"name\":\"USA GC\",\"description\":\"\",\"potentialAction\":[{\"@type\":\"SearchAction\",\"target\":{\"@type\":\"EntryPoint\",\"urlTemplate\":\"https:\\\/\\\/us-gc.net\\\/tr\\\/?s={search_term_string}\"},\"query-input\":{\"@type\":\"PropertyValueSpecification\",\"valueRequired\":true,\"valueName\":\"search_term_string\"}}],\"inLanguage\":\"tr\"}]}<\/script>\n<!-- \/ Yoast SEO plugin. -->","yoast_head_json":{"title":"Ye\u015fil Kart \u00e7ekili\u015fi i\u00e7in uygun olmayan \u00fclkeler - USA GC","robots":{"index":"index","follow":"follow","max-snippet":"max-snippet:-1","max-image-preview":"max-image-preview:large","max-video-preview":"max-video-preview:-1"},"canonical":"https:\/\/us-gc.net\/tr\/green-card-cekilisi-katilmayar-ulkeler\/","og_locale":"tr_TR","og_type":"article","og_title":"Ye\u015fil Kart \u00e7ekili\u015fi i\u00e7in uygun olmayan \u00fclkeler - USA GC","og_description":"Ye\u015fil Kart \u00e7ekili\u015fine kat\u0131lmayan \u00fclkelerin listesi Amerika Birle\u015fik Devletleri kar\u0131\u015f\u0131k bir g\u00f6\u00e7men n\u00fcfusunu muhafaza etmek istemektedir. \u00c7e\u015fitlilik Vize Program\u0131 her y\u0131l, vatanda\u015flar\u0131n\u0131n Ye\u015fil Kart \u00e7ekili\u015fine kat\u0131lmas\u0131na izin verilmeyen \u00fclkelerin bir listesini \u00e7\u0131karmaktad\u0131r. Kat\u0131l\u0131mc\u0131 olmayan bu \u00fclkeler, son be\u015f y\u0131l i\u00e7inde 50.000&#8217;den fazla vatanda\u015f\u0131n Amerika Birle\u015fik Devletleri&#8217;ne g\u00f6\u00e7 etti\u011fi ve bu y\u0131lki \u00e7ekili\u015fe kat\u0131lmaya uygun olmayan [&hellip;]","og_url":"https:\/\/us-gc.net\/tr\/green-card-cekilisi-katilmayar-ulkeler\/","og_site_name":"USA GC","article_modified_time":"2024-12-30T09:46:25+00:00","twitter_card":"summary_large_image","twitter_misc":{"Tahmini okuma s\u00fcresi":"1 dakika"},"schema":{"@context":"https:\/\/schema.org","@graph":[{"@type":"WebPage","@id":"https:\/\/us-gc.net\/tr\/green-card-cekilisi-katilmayar-ulkeler\/","url":"https:\/\/us-gc.net\/tr\/green-card-cekilisi-katilmayar-ulkeler\/","name":"Ye\u015fil Kart \u00e7ekili\u015fi i\u00e7in uygun olmayan \u00fclkeler - USA GC","isPartOf":{"@id":"https:\/\/us-gc.net\/tr\/#website"},"datePublished":"2024-02-10T08:30:09+00:00","dateModified":"2024-12-30T09:46:25+00:00","breadcrumb":{"@id":"https:\/\/us-gc.net\/tr\/green-card-cekilisi-katilmayar-ulkeler\/#breadcrumb"},"inLanguage":"tr","potentialAction":[{"@type":"ReadAction","target":["https:\/\/us-gc.net\/tr\/green-card-cekilisi-katilmayar-ulkeler\/"]}]},{"@type":"BreadcrumbList","@id":"https:\/\/us-gc.net\/tr\/green-card-cekilisi-katilmayar-ulkeler\/#breadcrumb","itemListElement":[{"@type":"ListItem","position":1,"name":"Accueil","item":"https:\/\/us-gc.net\/tr\/green-card\/"},{"@type":"ListItem","position":2,"name":"Ye\u015fil Kart \u00e7ekili\u015fi i\u00e7in uygun olmayan \u00fclkeler"}]},{"@type":"WebSite","@id":"https:\/\/us-gc.net\/tr\/#website","url":"https:\/\/us-gc.net\/tr\/","name":"USA GC","description":"","potentialAction":[{"@type":"SearchAction","target":{"@type":"EntryPoint","urlTemplate":"https:\/\/us-gc.net\/tr\/?s={search_term_string}"},"query-input":{"@type":"PropertyValueSpecification","valueRequired":true,"valueName":"search_term_string"}}],"inLanguage":"tr"}]}},"_links":{"self":[{"href":"https:\/\/us-gc.net\/tr\/wp-json\/wp\/v2\/pages\/1384","targetHints":{"allow":["GET"]}}],"collection":[{"href":"https:\/\/us-gc.net\/tr\/wp-json\/wp\/v2\/pages"}],"about":[{"href":"https:\/\/us-gc.net\/tr\/wp-json\/wp\/v2\/types\/page"}],"author":[{"embeddable":true,"href":"https:\/\/us-gc.net\/tr\/wp-json\/wp\/v2\/users\/1"}],"replies":[{"embeddable":true,"href":"https:\/\/us-gc.net\/tr\/wp-json\/wp\/v2\/comments?post=1384"}],"version-history":[{"count":1,"href":"https:\/\/us-gc.net\/tr\/wp-json\/wp\/v2\/pages\/1384\/revisions"}],"predecessor-version":[{"id":8044,"href":"https:\/\/us-gc.net\/tr\/wp-json\/wp\/v2\/pages\/1384\/revisions\/8044"}],"wp:attachment":[{"href":"https:\/\/us-gc.net\/tr\/wp-json\/wp\/v2\/media?parent=1384"}],"curies":[{"name":"wp","href":"https:\/\/api.w.org\/{rel}","templated":true}]}}