{"id":1298,"date":"2024-01-31T16:45:20","date_gmt":"2024-01-31T16:45:20","guid":{"rendered":"https:\/\/green-card-usa.net\/green-card-ve-vize-arasindaki-fark\/"},"modified":"2024-12-30T09:38:52","modified_gmt":"2024-12-30T09:38:52","slug":"green-card-ve-vize-arasindaki-fark","status":"publish","type":"page","link":"https:\/\/us-gc.net\/tr\/green-card-ve-vize-arasindaki-fark\/","title":{"rendered":"Green Card ile ABD vizesi aras\u0131ndaki fark"},"content":{"rendered":"\n<h1 class=\"wp-block-heading\" id=\"h-quelle-est-la-difference-entre-une-green-card-et-un-visa-americain\">Ye\u015fil Kart ile ABD vizesi aras\u0131ndaki fark nedir?<\/h1>\n\n<p>&#8220;Ye\u015fil Kart&#8221; ve &#8220;ABD vizesi&#8221; terimleri bazen kar\u0131\u015ft\u0131r\u0131lmaktad\u0131r, ancak bunlar Amerika Birle\u015fik Devletleri&#8217;nde olduk\u00e7a farkl\u0131 oturma izinlerini temsil etmektedir. Farklar\u0131 anlaman\u0131za yard\u0131mc\u0131 olmak i\u00e7in, iki yetkilendirmenin ilkelerini ve temel farkl\u0131l\u0131klar\u0131n\u0131 \u00f6zetleyece\u011fiz.<\/p>\n\n<h2 class=\"wp-block-heading\" id=\"h-qu-est-ce-qu-une-green-card\">Ye\u015fil Kart nedir?<\/h2>\n\n<p><a href=\"https:\/\/us-gc.net\/tr\/\">Ye\u015fil Kart<\/a> kal\u0131c\u0131 bir ikamet kart\u0131d\u0131r. Bu vize, sahibine Amerika Birle\u015fik Devletleri&#8217;nde kal\u0131c\u0131 olarak ya\u015fama ve \u00e7al\u0131\u015fma olana\u011f\u0131 sa\u011flar. Ge\u00e7ici bir vizenin aksine, Ye\u015fil Kart daimi ikamet stat\u00fcs\u00fc verir. Belirli bir s\u00fcre sonra Amerikan vatanda\u015fl\u0131\u011f\u0131na giden yolu a\u00e7\u0131yor.<\/p>\n\n<h2 class=\"wp-block-heading\" id=\"h-qu-est-ce-qu-un-visa-americain\">ABD vizesi nedir?<\/h2>\n\n<p>ABD vizesi, bir ki\u015finin ABD s\u0131n\u0131r\u0131na seyahat etmesine ve \u00fclkeye giri\u015f izni i\u00e7in ba\u015fvurmas\u0131na izin veren bir ABD el\u00e7ili\u011fi taraf\u0131ndan verilen bir belgedir. Vizeler ge\u00e7ici kal\u0131\u015flar veya kal\u0131c\u0131 g\u00f6\u00e7menlik i\u00e7indir, ancak kal\u0131c\u0131 ikamet stat\u00fcs\u00fc vermezler.<\/p>\n\n<h2 class=\"wp-block-heading\" id=\"h-les-differences-cles-entre-visa-et-green-card\">Vize ve Ye\u015fil Kart aras\u0131ndaki temel farklar<\/h2>\n\n<ol class=\"wp-block-list\">\n<li><strong>Ama\u00e7<\/strong>: Ye\u015fil Kart, Amerika Birle\u015fik Devletleri&#8217;nde kal\u0131c\u0131 olarak ikamet etmek isteyenlere y\u00f6neliktir. ABD vizesi, Amerika Birle\u015fik Devletleri&#8217;ne ge\u00e7ici olarak girmek veya Ye\u015fil Kart almadan \u00f6nce g\u00f6\u00e7 etmek i\u00e7in kullan\u0131l\u0131r.<\/li>\n\n\n\n<li><strong>S\u00fcre<\/strong>: Ye\u015fil Kart, daimi ikamet edenler i\u00e7in 10 y\u0131l boyunca ge\u00e7erlidir ve yenilenmesi gerekir, ancak stat\u00fc kal\u0131c\u0131d\u0131r. Vizelerin, vize t\u00fcr\u00fcne ve kal\u0131\u015f amac\u0131na g\u00f6re belirlenen belirli bir s\u00fcresi vard\u0131r.<\/li>\n\n\n\n<li><strong>Verilen haklar<\/strong>: Ye\u015fil Kart sahipleri Amerika Birle\u015fik Devletleri&#8217;nin herhangi bir yerinde \u00e7al\u0131\u015fabilir ve belirli sosyal haklardan yararlanabilir. Vize sahipleri, kendi \u00f6zel vizelerinin ko\u015fullar\u0131 ile s\u0131n\u0131rl\u0131d\u0131r.<\/li>\n\n\n\n<li><strong>Ba\u015fvuru s\u00fcreci<\/strong>: Ye\u015fil Kart alma prosed\u00fcr\u00fc genellikle aile, istihdam veya di\u011fer \u00f6zel kategorilere dayanmaktad\u0131r. <a href=\"https:\/\/us-gc.net\/tr\/green-card-cekilisi\/\">Kura ile Ye\u015fil Kart<\/a> almak da m\u00fcmk\u00fcnd\u00fcr. Vize s\u00fcreci genellikle ABD b\u00fcy\u00fckel\u00e7ili\u011fi veya konsoloslu\u011funa yap\u0131lan bir ba\u015fvuru ile ba\u015flar.<\/li>\n<\/ol>\n","protected":false},"excerpt":{"rendered":"<p>Ye\u015fil Kart ile ABD vizesi aras\u0131ndaki fark nedir? &#8220;Ye\u015fil Kart&#8221; ve &#8220;ABD vizesi&#8221; terimleri bazen kar\u0131\u015ft\u0131r\u0131lmaktad\u0131r, ancak bunlar Amerika Birle\u015fik Devletleri&#8217;nde olduk\u00e7a farkl\u0131 oturma izinlerini temsil etmektedir. Farklar\u0131 anlaman\u0131za yard\u0131mc\u0131 olmak i\u00e7in, iki yetkilendirmenin ilkelerini ve temel farkl\u0131l\u0131klar\u0131n\u0131 \u00f6zetleyece\u011fiz. Ye\u015fil Kart nedir? Ye\u015fil Kart kal\u0131c\u0131 bir ikamet kart\u0131d\u0131r. Bu vize, sahibine Amerika Birle\u015fik Devletleri&#8217;nde kal\u0131c\u0131 [&hellip;]<\/p>\n","protected":false},"author":1,"featured_media":0,"parent":0,"menu_order":0,"comment_status":"closed","ping_status":"closed","template":"","meta":{"footnotes":""},"class_list":["post-1298","page","type-page","status-publish","hentry"],"yoast_head":"<!-- This site is optimized with the Yoast SEO plugin v27.4 - https:\/\/yoast.com\/product\/yoast-seo-wordpress\/ -->\n<title>Green Card ile ABD vizesi aras\u0131ndaki fark - USA GC<\/title>\n<meta name=\"description\" content=\"Green Card ile ABD seyahat vizesi aras\u0131ndaki fark nedir? Bu iki belge ayn\u0131 i\u015fleve sahip de\u011fildir.\" \/>\n<meta name=\"robots\" content=\"index, follow, max-snippet:-1, max-image-preview:large, max-video-preview:-1\" \/>\n<link rel=\"canonical\" href=\"https:\/\/us-gc.net\/tr\/green-card-ve-vize-arasindaki-fark\/\" \/>\n<meta property=\"og:locale\" content=\"tr_TR\" \/>\n<meta property=\"og:type\" content=\"article\" \/>\n<meta property=\"og:title\" content=\"Green Card ile ABD vizesi aras\u0131ndaki fark - USA GC\" \/>\n<meta property=\"og:description\" content=\"Green Card ile ABD seyahat vizesi aras\u0131ndaki fark nedir? Bu iki belge ayn\u0131 i\u015fleve sahip de\u011fildir.\" \/>\n<meta property=\"og:url\" content=\"https:\/\/us-gc.net\/tr\/green-card-ve-vize-arasindaki-fark\/\" \/>\n<meta property=\"og:site_name\" content=\"USA GC\" \/>\n<meta property=\"article:modified_time\" content=\"2024-12-30T09:38:52+00:00\" \/>\n<meta name=\"twitter:card\" content=\"summary_large_image\" \/>\n<meta name=\"twitter:label1\" content=\"Tahmini okuma s\u00fcresi\" \/>\n\t<meta name=\"twitter:data1\" content=\"2 dakika\" \/>\n<script type=\"application\/ld+json\" class=\"yoast-schema-graph\">{\"@context\":\"https:\\\/\\\/schema.org\",\"@graph\":[{\"@type\":\"WebPage\",\"@id\":\"https:\\\/\\\/us-gc.net\\\/tr\\\/green-card-ve-vize-arasindaki-fark\\\/\",\"url\":\"https:\\\/\\\/us-gc.net\\\/tr\\\/green-card-ve-vize-arasindaki-fark\\\/\",\"name\":\"Green Card ile ABD vizesi aras\u0131ndaki fark - USA GC\",\"isPartOf\":{\"@id\":\"https:\\\/\\\/us-gc.net\\\/tr\\\/#website\"},\"datePublished\":\"2024-01-31T16:45:20+00:00\",\"dateModified\":\"2024-12-30T09:38:52+00:00\",\"description\":\"Green Card ile ABD seyahat vizesi aras\u0131ndaki fark nedir? Bu iki belge ayn\u0131 i\u015fleve sahip de\u011fildir.\",\"breadcrumb\":{\"@id\":\"https:\\\/\\\/us-gc.net\\\/tr\\\/green-card-ve-vize-arasindaki-fark\\\/#breadcrumb\"},\"inLanguage\":\"tr\",\"potentialAction\":[{\"@type\":\"ReadAction\",\"target\":[\"https:\\\/\\\/us-gc.net\\\/tr\\\/green-card-ve-vize-arasindaki-fark\\\/\"]}]},{\"@type\":\"BreadcrumbList\",\"@id\":\"https:\\\/\\\/us-gc.net\\\/tr\\\/green-card-ve-vize-arasindaki-fark\\\/#breadcrumb\",\"itemListElement\":[{\"@type\":\"ListItem\",\"position\":1,\"name\":\"Accueil\",\"item\":\"https:\\\/\\\/us-gc.net\\\/tr\\\/green-card\\\/\"},{\"@type\":\"ListItem\",\"position\":2,\"name\":\"Green Card ile ABD vizesi aras\u0131ndaki fark\"}]},{\"@type\":\"WebSite\",\"@id\":\"https:\\\/\\\/us-gc.net\\\/tr\\\/#website\",\"url\":\"https:\\\/\\\/us-gc.net\\\/tr\\\/\",\"name\":\"USA GC\",\"description\":\"\",\"potentialAction\":[{\"@type\":\"SearchAction\",\"target\":{\"@type\":\"EntryPoint\",\"urlTemplate\":\"https:\\\/\\\/us-gc.net\\\/tr\\\/?s={search_term_string}\"},\"query-input\":{\"@type\":\"PropertyValueSpecification\",\"valueRequired\":true,\"valueName\":\"search_term_string\"}}],\"inLanguage\":\"tr\"}]}<\/script>\n<!-- \/ Yoast SEO plugin. -->","yoast_head_json":{"title":"Green Card ile ABD vizesi aras\u0131ndaki fark - USA GC","description":"Green Card ile ABD seyahat vizesi aras\u0131ndaki fark nedir? Bu iki belge ayn\u0131 i\u015fleve sahip de\u011fildir.","robots":{"index":"index","follow":"follow","max-snippet":"max-snippet:-1","max-image-preview":"max-image-preview:large","max-video-preview":"max-video-preview:-1"},"canonical":"https:\/\/us-gc.net\/tr\/green-card-ve-vize-arasindaki-fark\/","og_locale":"tr_TR","og_type":"article","og_title":"Green Card ile ABD vizesi aras\u0131ndaki fark - USA GC","og_description":"Green Card ile ABD seyahat vizesi aras\u0131ndaki fark nedir? Bu iki belge ayn\u0131 i\u015fleve sahip de\u011fildir.","og_url":"https:\/\/us-gc.net\/tr\/green-card-ve-vize-arasindaki-fark\/","og_site_name":"USA GC","article_modified_time":"2024-12-30T09:38:52+00:00","twitter_card":"summary_large_image","twitter_misc":{"Tahmini okuma s\u00fcresi":"2 dakika"},"schema":{"@context":"https:\/\/schema.org","@graph":[{"@type":"WebPage","@id":"https:\/\/us-gc.net\/tr\/green-card-ve-vize-arasindaki-fark\/","url":"https:\/\/us-gc.net\/tr\/green-card-ve-vize-arasindaki-fark\/","name":"Green Card ile ABD vizesi aras\u0131ndaki fark - USA GC","isPartOf":{"@id":"https:\/\/us-gc.net\/tr\/#website"},"datePublished":"2024-01-31T16:45:20+00:00","dateModified":"2024-12-30T09:38:52+00:00","description":"Green Card ile ABD seyahat vizesi aras\u0131ndaki fark nedir? Bu iki belge ayn\u0131 i\u015fleve sahip de\u011fildir.","breadcrumb":{"@id":"https:\/\/us-gc.net\/tr\/green-card-ve-vize-arasindaki-fark\/#breadcrumb"},"inLanguage":"tr","potentialAction":[{"@type":"ReadAction","target":["https:\/\/us-gc.net\/tr\/green-card-ve-vize-arasindaki-fark\/"]}]},{"@type":"BreadcrumbList","@id":"https:\/\/us-gc.net\/tr\/green-card-ve-vize-arasindaki-fark\/#breadcrumb","itemListElement":[{"@type":"ListItem","position":1,"name":"Accueil","item":"https:\/\/us-gc.net\/tr\/green-card\/"},{"@type":"ListItem","position":2,"name":"Green Card ile ABD vizesi aras\u0131ndaki fark"}]},{"@type":"WebSite","@id":"https:\/\/us-gc.net\/tr\/#website","url":"https:\/\/us-gc.net\/tr\/","name":"USA GC","description":"","potentialAction":[{"@type":"SearchAction","target":{"@type":"EntryPoint","urlTemplate":"https:\/\/us-gc.net\/tr\/?s={search_term_string}"},"query-input":{"@type":"PropertyValueSpecification","valueRequired":true,"valueName":"search_term_string"}}],"inLanguage":"tr"}]}},"_links":{"self":[{"href":"https:\/\/us-gc.net\/tr\/wp-json\/wp\/v2\/pages\/1298","targetHints":{"allow":["GET"]}}],"collection":[{"href":"https:\/\/us-gc.net\/tr\/wp-json\/wp\/v2\/pages"}],"about":[{"href":"https:\/\/us-gc.net\/tr\/wp-json\/wp\/v2\/types\/page"}],"author":[{"embeddable":true,"href":"https:\/\/us-gc.net\/tr\/wp-json\/wp\/v2\/users\/1"}],"replies":[{"embeddable":true,"href":"https:\/\/us-gc.net\/tr\/wp-json\/wp\/v2\/comments?post=1298"}],"version-history":[{"count":1,"href":"https:\/\/us-gc.net\/tr\/wp-json\/wp\/v2\/pages\/1298\/revisions"}],"predecessor-version":[{"id":7602,"href":"https:\/\/us-gc.net\/tr\/wp-json\/wp\/v2\/pages\/1298\/revisions\/7602"}],"wp:attachment":[{"href":"https:\/\/us-gc.net\/tr\/wp-json\/wp\/v2\/media?parent=1298"}],"curies":[{"name":"wp","href":"https:\/\/api.w.org\/{rel}","templated":true}]}}