{"id":1276,"date":"2024-01-31T16:27:17","date_gmt":"2024-01-31T16:27:17","guid":{"rendered":"https:\/\/green-card-usa.net\/green-card-mulakat\/"},"modified":"2024-12-30T09:41:03","modified_gmt":"2024-12-30T09:41:03","slug":"green-card-mulakat","status":"publish","type":"page","link":"https:\/\/us-gc.net\/tr\/green-card-mulakat\/","title":{"rendered":"Green Card nas\u0131l al\u0131rs\u0131n\u0131z"},"content":{"rendered":"\n<h1 class=\"wp-block-heading\" id=\"h-comment-preparer-l-entretien-pour-la-green-card\">Ye\u015fil Kart m\u00fclakat\u0131na nas\u0131l haz\u0131rlan\u0131l\u0131r?<\/h1>\n\n<h3 class=\"wp-block-heading\" id=\"h-confirmation-du-rendez-vous-pour-passer-l-entretien\">M\u00fclakat i\u00e7in randevu onay\u0131<\/h3>\n\n<p>ABD makamlar\u0131 doldurulan DS-260 formunu inceledikten sonra, ba\u015fvuru sahibine se\u00e7ilen ABD b\u00fcy\u00fckel\u00e7ili\u011fi veya konsoloslu\u011funda bir m\u00fclakat planland\u0131\u011f\u0131n\u0131 bildiren bir e-posta g\u00f6nderilecektir. Ba\u015fvuru sahipleri, kay\u0131t numaralar\u0131n\u0131 kullanarak <a href=\"https:\/\/us-gc.net\/tr\/cesitlilik-vize-programi\/\">\u00c7e\u015fitlilik Vizesi program\u0131<\/a> web sitesine giri\u015f yapmal\u0131d\u0131r. Bu ba\u011flant\u0131, m\u00fclakat\u0131n tarihini, saatini ve yerini teyit etmelerini sa\u011flayacakt\u0131r.<\/p>\n\n<h3 class=\"wp-block-heading\" id=\"h-preparation-de-l-interview\">M\u00fclakat i\u00e7in haz\u0131rlanma<\/h3>\n\n<p>M\u00fclakata haz\u0131rlanmak \u00e7ok \u00f6nemlidir. Aday, m\u00fclakat tarihinden \u00f6nce a\u015fa\u011f\u0131daki \u00f6nemli ad\u0131mlar\u0131 tamamlamal\u0131d\u0131r:<\/p>\n\n<ol class=\"wp-block-list\">\n<li><a href=\"https:\/\/us-gc.net\/tr\/cesitlilik-vize-programi\/\">DV Program\u0131<\/a> web sitesinde kat\u0131l\u0131mc\u0131 olarak bilgileri inceleyin;<\/li>\n\n\n\n<li>M\u00fclakat\u0131n\u0131z\u0131n yap\u0131laca\u011f\u0131 b\u00fcy\u00fckel\u00e7ili\u011fin m\u00fclakat talimatlar\u0131na ba\u015fvurun;<\/li>\n\n\n\n<li>T\u0131bbi muayenenin planlanmas\u0131 ve y\u00fcr\u00fct\u00fclmesi. M\u00fclakata girece\u011finiz \u00fclkede onayl\u0131 bir doktordan randevu alman\u0131z gerekmektedir. Vize m\u00fclakat\u0131n\u0131z i\u00e7in planlanan tarihten \u00f6nce sa\u011fl\u0131k muayenenizden ve gerekli a\u015f\u0131lardan ge\u00e7meniz gerekmektedir. T\u0131bbi muayeneniz tamamland\u0131\u011f\u0131nda, vize g\u00f6r\u00fc\u015fmenize getirmeniz i\u00e7in size kapal\u0131 bir t\u0131bbi muayene zarf\u0131 verilecektir. Baz\u0131 doktorlar t\u0131bbi muayene sonu\u00e7lar\u0131n\u0131 do\u011frudan b\u00fcy\u00fckel\u00e7ili\u011fe veya konsoloslu\u011fa g\u00f6nderecektir.<\/li>\n\n\n\n<li>Foto\u011fraflar\u0131 ve gerekli t\u00fcm belgeleri toplay\u0131n. Her ba\u015fvuru sahibinin g\u00f6r\u00fc\u015fmeye iki adet ayn\u0131 <a href=\"https:\/\/us-gc.net\/tr\/green-card-fotograf\/\">Ye\u015fil Kart foto\u011fraf\u0131<\/a> getirmesi gerekmektedir.<\/li>\n<\/ol>\n\n<div style=\"height:10px\" aria-hidden=\"true\" class=\"wp-block-spacer\"><\/div>\n\n<h3 class=\"wp-block-heading\" id=\"h-documents-a-fournir-lors-de-l-entretien-pour-la-green-card\">Ye\u015fil Kart m\u00fclakat\u0131nda sunulacak belgeler<\/h3>\n\n<p><a href=\"https:\/\/www.usembassy.gov\/\">ABD b\u00fcy\u00fckel\u00e7ili\u011findeki<\/a> m\u00fclakatta ba\u015fvuru sahibi a\u015fa\u011f\u0131daki bilgileri sunmal\u0131d\u0131r:<\/p>\n\n<ul class=\"wp-block-list\">\n<li><a href=\"https:\/\/us-gc.net\/tr\/cesitlilik-vize-programi\/\">DV Program\u0131<\/a> web sitesinde kat\u0131l\u0131mc\u0131n\u0131n hesab\u0131ndan yazd\u0131r\u0131lan randevu bilgileri;<\/li>\n\n\n\n<li>Bas\u0131l\u0131 DS-260 formunun onay sayfas\u0131 ;<\/li>\n\n\n\n<li>Amerika Birle\u015fik Devletleri&#8217;ne planlanan giri\u015f tarihinden sonraki alt\u0131 ay i\u00e7in ge\u00e7erli bir pasaport;<\/li>\n\n\n\n<li>DS-260 formu onayland\u0131\u011f\u0131nda Kentucky Konsolosluk Merkezi&#8217;ne sunulan sivil belgelerin orijinalleri veya onayl\u0131 kopyalar\u0131.<\/li>\n<\/ul>\n\n<div style=\"height:10px\" aria-hidden=\"true\" class=\"wp-block-spacer\"><\/div>\n\n<h3 class=\"wp-block-heading\" id=\"h-payer-les-frais-de-visa\">Vize \u00fccretlerinin \u00f6denmesi<\/h3>\n\n<p>B\u00fcy\u00fckel\u00e7ilikteki m\u00fclakattan \u00f6nce, her ba\u015fvuru sahibinin <a href=\"https:\/\/us-gc.net\/tr\/green-card-fiyati\/\">\u00e7e\u015fitlilik vizesi \u00fccretini<\/a> \u00f6demesi gerekmektedir. <a href=\"https:\/\/us-gc.net\/tr\/green-card-cekilis-2024\/\">Green Card 2024 \u00c7ek<\/a> ili\u015fi ba\u015fvuru sahipleri i\u00e7in: <strong>\u00fccret ki\u015fi ba\u015f\u0131 330 dolard\u0131r<\/strong>. Bu \u00fccret, \u00c7e\u015fitlilik Program\u0131 vize ba\u015fvurusunun sonucundan ba\u011f\u0131ms\u0131z olarak iade edilmez.<\/p>\n\n<p>\u00dccretinizi m\u00fclakat tarih ve saatinden \u00f6nce, m\u00fclakata girece\u011finiz Amerikan el\u00e7ili\u011fi veya konsoloslu\u011funun talimatlar\u0131n\u0131 izleyerek \u00f6demeniz gerekir.<\/p>\n\n<div style=\"height:10px\" aria-hidden=\"true\" class=\"wp-block-spacer\"><\/div>\n\n<h2 class=\"wp-block-heading\" id=\"h-l-entretien-pour-obtenir-la-green-card-peut-il-etre-annule\">Green Card g\u00f6r\u00fc\u015fmesi iptal edilebilir mi?<\/h2>\n\n<p>Evet, <a href=\"https:\/\/us-gc.net\/tr\/\">Green Card<\/a> m\u00fclakat\u0131 belirli durumlarda iptal edilebilir veya ertelenebilir. \u0130\u015fte bunun neden olabilece\u011fine dair baz\u0131 nedenler:<\/p>\n\n<ul class=\"wp-block-list\">\n<li><strong>Aday\u0131n erteleme talebi<\/strong>: Bir \u00e7at\u0131\u015fman\u0131z veya acil bir durumunuz varsa, USCIS&#8217;ten m\u00fclakat\u0131n\u0131z\u0131 ertelemesini isteyebilirsiniz. Ge\u00e7erli bir gerek\u00e7e ve gerekirse destekleyici kan\u0131tlar sunmak \u00f6nemlidir;<\/li>\n\n\n\n<li><strong>\u0130dari bir sorun<\/strong>: USCIS, belgeler eksikse, dosyan\u0131zda sorun varsa veya dosyan\u0131zdan sorumlu memur m\u00fcsait de\u011filse bir g\u00f6r\u00fc\u015fmeyi iptal edebilir veya erteleyebilir;<\/li>\n\n\n\n<li><strong>Hava ko\u015fullar\u0131 veya do\u011fal af etler<\/strong>: \u015eiddetli f\u0131rt\u0131nalar veya di\u011fer do\u011fal afetler gibi \u00f6ng\u00f6r\u00fclemeyen olaylar USCIS&#8217;in ofislerini kapatmas\u0131na ve planlanan m\u00fclakatlar\u0131 iptal etmesine neden olabilir;<\/li>\n\n\n\n<li><strong>G\u00fcvenlik veya halk sa\u011fl\u0131\u011f\u0131 nedenleri<\/strong>: Salg\u0131n hastal\u0131klar gibi durumlar, g\u00fcvenlik veya halk sa\u011fl\u0131\u011f\u0131 nedenleriyle m\u00fclakatlar\u0131n iptal edilmesine yol a\u00e7abilir.<\/li>\n<\/ul>\n\n<p>M\u00fclakat\u0131n\u0131z iptal edilirse, davan\u0131zla ilgili t\u00fcm \u00f6nemli ileti\u015fimleri ald\u0131\u011f\u0131n\u0131zdan emin olmak i\u00e7in ileti\u015fim bilgilerinizi USCIS ile g\u00fcncel tutman\u0131z \u00e7ok \u00f6nemlidir.<\/p>\n\n<h2 class=\"wp-block-heading\" id=\"h-peut-on-obtenir-la-green-card-sans-passer-l-interview\">M\u00fclakata girmeden Green Card alabilir miyim?<\/h2>\n\n<p>Ye\u015fil Kart ba\u015fvuru sahiplerinin b\u00fcy\u00fck \u00e7o\u011funlu\u011funun bir m\u00fclakata kat\u0131lmas\u0131 gerekmektedir. M\u00fclakat, USCIS&#8217;in ba\u015fvuruda verilen bilgileri do\u011frulamas\u0131na, belgeleri onaylamas\u0131na ve ba\u015fvuru sahibinin daimi ikamet sahibi olmak i\u00e7in gereken t\u00fcm ko\u015fullar\u0131 kar\u015f\u0131lad\u0131\u011f\u0131ndan emin olmas\u0131na olanak tan\u0131r.  <\/p>\n\n<p>Ancak, baz\u0131 \u00f6zel durumlarda bak\u0131m gerekli olmayabilir. \u0130\u015fte bunun ger\u00e7ekle\u015febilece\u011fi baz\u0131 durumlar:<\/p>\n\n<ul class=\"wp-block-list\">\n<li><strong>Belirli g\u00f6\u00e7men kategorileri i\u00e7in stat\u00fc ayarlamas\u0131<\/strong> : Baz\u0131 durumlarda, belirli g\u00f6\u00e7men kategorileri i\u00e7in, USCIS bir m\u00fclakat\u0131n gerekli olmad\u0131\u011f\u0131na karar verebilir ve stat\u00fc ayarlama ba\u015fvurusunu m\u00fclakat yapmadan onaylayabilir. Bu durum, \u00f6zellikle dosyan\u0131n a\u00e7\u0131k ve eksiksiz olmas\u0131 halinde, belirli istihdam temelli vize kategorileri i\u00e7in s\u00f6z konusu olabilir;<\/li>\n\n\n\n<li><strong>M\u00fclakattan feragat<\/strong>: Nadir durumlarda, ba\u015fvuru sahibi m\u00fclakat i\u00e7in seyahat etmenin a\u015f\u0131r\u0131 veya gereksiz zorluklara neden olaca\u011f\u0131n\u0131 g\u00f6sterebilirse, USCIS m\u00fclakattan feragat etmeyi d\u00fc\u015f\u00fcnebilir. Bu durumlar istisnai durumlard\u0131r;<\/li>\n\n\n\n<li><strong>Ge\u00e7mi\u015f deneyimler<\/strong>: Y\u00fcksek talep veya operasyonel k\u0131s\u0131tlamalar\u0131n oldu\u011fu d\u00f6nemlerde, USCIS bazen belirli kategorilerdeki ba\u015fvuru sahipleri i\u00e7in m\u00fclakatlar\u0131 s\u0131n\u0131rland\u0131rarak uygulamalar\u0131n\u0131 de\u011fi\u015ftirmi\u015ftir. Bu durum ge\u00e7mi\u015fte, m\u00fclakat gerektiren karma\u015f\u0131k konular\u0131 g\u00fcndeme getirmeyen belirli Ye\u015fil Kart yenilemeleri veya stat\u00fc ayarlamalar\u0131 i\u00e7in ge\u00e7erliydi.<\/li>\n\n\n\n<li><strong>Bir krize yan\u0131t olarak politika de\u011fi\u015fiklikleri<\/strong>: COVID-19 salg\u0131n\u0131 gibi bir sa\u011fl\u0131k krizi s\u0131ras\u0131nda USCIS politika ve prosed\u00fcrlerini uyarlam\u0131\u015ft\u0131r. Gerekli g\u00f6r\u00fc\u015fme say\u0131s\u0131 azalt\u0131lm\u0131\u015ft\u0131r.<\/li>\n<\/ul>\n\n<div style=\"height:10px\" aria-hidden=\"true\" class=\"wp-block-spacer\"><\/div>\n\n<h2 class=\"wp-block-heading\" id=\"h-combien-de-temps-dure-l-entretien\">G\u00f6r\u00fc\u015fme ne kadar s\u00fcr\u00fcyor?<\/h2>\n\n<p>Ye\u015fil Kart almak i\u00e7in yap\u0131lan m\u00fclakat\u0131n s\u00fcresi bir dizi fakt\u00f6re ba\u011fl\u0131 olarak de\u011fi\u015febilir. Genellikle 20 dakika ile bir saat aras\u0131nda s\u00fcrer. Vakan\u0131n karma\u015f\u0131kl\u0131\u011f\u0131, g\u00f6\u00e7menlik memurunun y\u00f6neltmek istedi\u011fi sorular ve kontrol edilecek belgelerin say\u0131s\u0131 m\u00fclakat\u0131n uzunlu\u011funu etkileyebilir.<\/p>\n\n<p>M\u00fclakata iyi haz\u0131rlanm\u0131\u015f ve t\u00fcm sorular\u0131 eksiksiz yan\u0131tlamaya haz\u0131r bir \u015fekilde gelmeniz tavsiye edilir. M\u00fclakattan \u00f6nce ve sonra sahadaki ek idari i\u015flemler i\u00e7in yeterli zaman ay\u0131rmal\u0131s\u0131n\u0131z.<\/p>\n\n<h2 class=\"wp-block-heading\" id=\"h-combien-de-temps-apres-l-entretien-on-obtient-la-green-card\">M\u00fclakattan sonra Green Card almak ne kadar s\u00fcrer?<\/h2>\n\n<p>Genel bir kural olarak, USCIS ba\u015fvuru sahibine ba\u015fvurusuyla ilgili karar\u0131 m\u00fclakattan k\u0131sa bir s\u00fcre sonra bildirir. Ba\u015fvurunun onaylanmas\u0131 halinde, Ye\u015fil Kart\u0131n \u00fcretimi ve g\u00f6nderilmesinin tamamlanmas\u0131 birka\u00e7 hafta s\u00fcrebilir. USCIS, ba\u015fvuru onayland\u0131ktan sonra kart\u0131n al\u0131nmas\u0131 i\u00e7in genellikle tahmini bir s\u00fcre vermektedir.<\/p>\n\n<p>USCIS ile ileti\u015fim halinde olmak ve ba\u015fvurunun durumunu <a href=\"https:\/\/us-gc.net\/tr\/cesitlilik-vize-programi\/\">\u00c7e\u015fitlilik Vize Program\u0131<\/a> web sitesinden takip etmek \u00f6nemlidir.<\/p>\n","protected":false},"excerpt":{"rendered":"<p>Ye\u015fil Kart m\u00fclakat\u0131na nas\u0131l haz\u0131rlan\u0131l\u0131r? M\u00fclakat i\u00e7in randevu onay\u0131 ABD makamlar\u0131 doldurulan DS-260 formunu inceledikten sonra, ba\u015fvuru sahibine se\u00e7ilen ABD b\u00fcy\u00fckel\u00e7ili\u011fi veya konsoloslu\u011funda bir m\u00fclakat planland\u0131\u011f\u0131n\u0131 bildiren bir e-posta g\u00f6nderilecektir. Ba\u015fvuru sahipleri, kay\u0131t numaralar\u0131n\u0131 kullanarak \u00c7e\u015fitlilik Vizesi program\u0131 web sitesine giri\u015f yapmal\u0131d\u0131r. Bu ba\u011flant\u0131, m\u00fclakat\u0131n tarihini, saatini ve yerini teyit etmelerini sa\u011flayacakt\u0131r. M\u00fclakat i\u00e7in haz\u0131rlanma [&hellip;]<\/p>\n","protected":false},"author":1,"featured_media":0,"parent":0,"menu_order":0,"comment_status":"closed","ping_status":"closed","template":"","meta":{"footnotes":""},"class_list":["post-1276","page","type-page","status-publish","hentry"],"yoast_head":"<!-- This site is optimized with the Yoast SEO plugin v27.4 - https:\/\/yoast.com\/product\/yoast-seo-wordpress\/ -->\n<title>Green Card nas\u0131l al\u0131rs\u0131n\u0131z - USA GC<\/title>\n<meta name=\"description\" content=\"Ba\u015far\u0131l\u0131 bir Green Card m\u00fclakat\u0131 nas\u0131l yap\u0131l\u0131r?\" \/>\n<meta name=\"robots\" content=\"index, follow, max-snippet:-1, max-image-preview:large, max-video-preview:-1\" \/>\n<link rel=\"canonical\" href=\"https:\/\/us-gc.net\/tr\/green-card-mulakat\/\" \/>\n<meta property=\"og:locale\" content=\"tr_TR\" \/>\n<meta property=\"og:type\" content=\"article\" \/>\n<meta property=\"og:title\" content=\"Green Card nas\u0131l al\u0131rs\u0131n\u0131z - USA GC\" \/>\n<meta property=\"og:description\" content=\"Ba\u015far\u0131l\u0131 bir Green Card m\u00fclakat\u0131 nas\u0131l yap\u0131l\u0131r?\" \/>\n<meta property=\"og:url\" content=\"https:\/\/us-gc.net\/tr\/green-card-mulakat\/\" \/>\n<meta property=\"og:site_name\" content=\"USA GC\" \/>\n<meta property=\"article:modified_time\" content=\"2024-12-30T09:41:03+00:00\" \/>\n<meta name=\"twitter:card\" content=\"summary_large_image\" \/>\n<meta name=\"twitter:label1\" content=\"Tahmini okuma s\u00fcresi\" \/>\n\t<meta name=\"twitter:data1\" content=\"5 dakika\" \/>\n<script type=\"application\/ld+json\" class=\"yoast-schema-graph\">{\"@context\":\"https:\\\/\\\/schema.org\",\"@graph\":[{\"@type\":\"WebPage\",\"@id\":\"https:\\\/\\\/us-gc.net\\\/tr\\\/green-card-mulakat\\\/\",\"url\":\"https:\\\/\\\/us-gc.net\\\/tr\\\/green-card-mulakat\\\/\",\"name\":\"Green Card nas\u0131l al\u0131rs\u0131n\u0131z - USA GC\",\"isPartOf\":{\"@id\":\"https:\\\/\\\/us-gc.net\\\/tr\\\/#website\"},\"datePublished\":\"2024-01-31T16:27:17+00:00\",\"dateModified\":\"2024-12-30T09:41:03+00:00\",\"description\":\"Ba\u015far\u0131l\u0131 bir Green Card m\u00fclakat\u0131 nas\u0131l yap\u0131l\u0131r?\",\"breadcrumb\":{\"@id\":\"https:\\\/\\\/us-gc.net\\\/tr\\\/green-card-mulakat\\\/#breadcrumb\"},\"inLanguage\":\"tr\",\"potentialAction\":[{\"@type\":\"ReadAction\",\"target\":[\"https:\\\/\\\/us-gc.net\\\/tr\\\/green-card-mulakat\\\/\"]}]},{\"@type\":\"BreadcrumbList\",\"@id\":\"https:\\\/\\\/us-gc.net\\\/tr\\\/green-card-mulakat\\\/#breadcrumb\",\"itemListElement\":[{\"@type\":\"ListItem\",\"position\":1,\"name\":\"Accueil\",\"item\":\"https:\\\/\\\/us-gc.net\\\/tr\\\/green-card\\\/\"},{\"@type\":\"ListItem\",\"position\":2,\"name\":\"Green Card nas\u0131l al\u0131rs\u0131n\u0131z\"}]},{\"@type\":\"WebSite\",\"@id\":\"https:\\\/\\\/us-gc.net\\\/tr\\\/#website\",\"url\":\"https:\\\/\\\/us-gc.net\\\/tr\\\/\",\"name\":\"USA GC\",\"description\":\"\",\"potentialAction\":[{\"@type\":\"SearchAction\",\"target\":{\"@type\":\"EntryPoint\",\"urlTemplate\":\"https:\\\/\\\/us-gc.net\\\/tr\\\/?s={search_term_string}\"},\"query-input\":{\"@type\":\"PropertyValueSpecification\",\"valueRequired\":true,\"valueName\":\"search_term_string\"}}],\"inLanguage\":\"tr\"}]}<\/script>\n<!-- \/ Yoast SEO plugin. -->","yoast_head_json":{"title":"Green Card nas\u0131l al\u0131rs\u0131n\u0131z - USA GC","description":"Ba\u015far\u0131l\u0131 bir Green Card m\u00fclakat\u0131 nas\u0131l yap\u0131l\u0131r?","robots":{"index":"index","follow":"follow","max-snippet":"max-snippet:-1","max-image-preview":"max-image-preview:large","max-video-preview":"max-video-preview:-1"},"canonical":"https:\/\/us-gc.net\/tr\/green-card-mulakat\/","og_locale":"tr_TR","og_type":"article","og_title":"Green Card nas\u0131l al\u0131rs\u0131n\u0131z - USA GC","og_description":"Ba\u015far\u0131l\u0131 bir Green Card m\u00fclakat\u0131 nas\u0131l yap\u0131l\u0131r?","og_url":"https:\/\/us-gc.net\/tr\/green-card-mulakat\/","og_site_name":"USA GC","article_modified_time":"2024-12-30T09:41:03+00:00","twitter_card":"summary_large_image","twitter_misc":{"Tahmini okuma s\u00fcresi":"5 dakika"},"schema":{"@context":"https:\/\/schema.org","@graph":[{"@type":"WebPage","@id":"https:\/\/us-gc.net\/tr\/green-card-mulakat\/","url":"https:\/\/us-gc.net\/tr\/green-card-mulakat\/","name":"Green Card nas\u0131l al\u0131rs\u0131n\u0131z - USA GC","isPartOf":{"@id":"https:\/\/us-gc.net\/tr\/#website"},"datePublished":"2024-01-31T16:27:17+00:00","dateModified":"2024-12-30T09:41:03+00:00","description":"Ba\u015far\u0131l\u0131 bir Green Card m\u00fclakat\u0131 nas\u0131l yap\u0131l\u0131r?","breadcrumb":{"@id":"https:\/\/us-gc.net\/tr\/green-card-mulakat\/#breadcrumb"},"inLanguage":"tr","potentialAction":[{"@type":"ReadAction","target":["https:\/\/us-gc.net\/tr\/green-card-mulakat\/"]}]},{"@type":"BreadcrumbList","@id":"https:\/\/us-gc.net\/tr\/green-card-mulakat\/#breadcrumb","itemListElement":[{"@type":"ListItem","position":1,"name":"Accueil","item":"https:\/\/us-gc.net\/tr\/green-card\/"},{"@type":"ListItem","position":2,"name":"Green Card nas\u0131l al\u0131rs\u0131n\u0131z"}]},{"@type":"WebSite","@id":"https:\/\/us-gc.net\/tr\/#website","url":"https:\/\/us-gc.net\/tr\/","name":"USA GC","description":"","potentialAction":[{"@type":"SearchAction","target":{"@type":"EntryPoint","urlTemplate":"https:\/\/us-gc.net\/tr\/?s={search_term_string}"},"query-input":{"@type":"PropertyValueSpecification","valueRequired":true,"valueName":"search_term_string"}}],"inLanguage":"tr"}]}},"_links":{"self":[{"href":"https:\/\/us-gc.net\/tr\/wp-json\/wp\/v2\/pages\/1276","targetHints":{"allow":["GET"]}}],"collection":[{"href":"https:\/\/us-gc.net\/tr\/wp-json\/wp\/v2\/pages"}],"about":[{"href":"https:\/\/us-gc.net\/tr\/wp-json\/wp\/v2\/types\/page"}],"author":[{"embeddable":true,"href":"https:\/\/us-gc.net\/tr\/wp-json\/wp\/v2\/users\/1"}],"replies":[{"embeddable":true,"href":"https:\/\/us-gc.net\/tr\/wp-json\/wp\/v2\/comments?post=1276"}],"version-history":[{"count":1,"href":"https:\/\/us-gc.net\/tr\/wp-json\/wp\/v2\/pages\/1276\/revisions"}],"predecessor-version":[{"id":7756,"href":"https:\/\/us-gc.net\/tr\/wp-json\/wp\/v2\/pages\/1276\/revisions\/7756"}],"wp:attachment":[{"href":"https:\/\/us-gc.net\/tr\/wp-json\/wp\/v2\/media?parent=1276"}],"curies":[{"name":"wp","href":"https:\/\/api.w.org\/{rel}","templated":true}]}}