{"id":1153,"date":"2024-01-31T16:36:26","date_gmt":"2024-01-31T16:36:26","guid":{"rendered":"https:\/\/green-card-usa.net\/green-card-sponsor\/"},"modified":"2024-12-30T09:46:03","modified_gmt":"2024-12-30T09:46:03","slug":"green-card-sponsor","status":"publish","type":"page","link":"https:\/\/us-gc.net\/tr\/green-card-sponsor\/","title":{"rendered":"Bir Green Card ba\u015fvuru sahibine sponsor olun"},"content":{"rendered":"\n<h1 class=\"wp-block-heading\" id=\"h-obtenir-la-green-card-grace-au-parrainage\">Sponsorluk yoluyla Ye\u015fil Kart\u0131n\u0131z\u0131 al\u0131n<\/h1>\n\n<p>Bir sponsor arac\u0131l\u0131\u011f\u0131yla Amerikan Green Card almak, g\u00f6\u00e7menlerin Amerika Birle\u015fik Devletleri&#8217;nde kal\u0131c\u0131 olarak ikamet etmelerini sa\u011flar. \u0130\u015fte Green Card sponsorlu\u011funun temel y\u00f6nleri ve sponsorun y\u00fck\u00fcml\u00fcl\u00fckleri.<\/p>\n\n<h2 class=\"wp-block-heading\" id=\"h-qu-est-ce-que-le-parrainage-de-la-green-card\">Green Card sponsorlu\u011fu nedir?<\/h2>\n\n<p>Green Card sponsorlu\u011fu, bir ki\u015finin Amerika Birle\u015fik Devletleri&#8217;nde daimi ikamet ba\u015fvurusunu destekleme eylemini ifade eder. Bu destek, halihaz\u0131rda Amerikan vatanda\u015f\u0131 veya <a href=\"https:\/\/us-gc.net\/tr\/\">Green Card<\/a> sahibi olan bir aile \u00fcyesinden veya Amerikal\u0131 bir i\u015fverenden gelebilir.<\/p>\n\n<p>Sponsor, Green Card ba\u015fvuru sahibi i\u00e7in bir t\u00fcr manevi garant\u00f6rd\u00fcr. <\/p>\n\n<h2 class=\"wp-block-heading\" id=\"h-parrainage-familial\">Aile sponsorlu\u011fu<\/h2>\n\n<h3 class=\"wp-block-heading\" id=\"h-le-titulaire-d-une-green-card-peut-il-parrainer-ses-parents\">Green Card sahipleri ebeveynlerine sponsor olabilir mi?<\/h3>\n\n<p>Hay\u0131r, Green Card sahipleri ebeveynlerine sponsor olamazlar. Sadece ABD vatanda\u015flar\u0131 birinci dereceden akraba olarak ebeveynlerine Green Card i\u00e7in sponsor olabilirler.<\/p>\n\n<h3 class=\"wp-block-heading\" id=\"h-le-titulaire-d-une-green-card-peut-il-parrainer-son-conjoint\">Green Card sahibi e\u015fine sponsor olabilir mi?<\/h3>\n\n<p>Evet, Green Card sahipleri e\u015flerine Amerika Birle\u015fik Devletleri&#8217;nde daimi ikamet i\u00e7in sponsor olabilirler.<\/p>\n\n<h3 class=\"wp-block-heading\" id=\"h-le-titulaire-d-une-green-card-peut-il-parrainer-ses-freres-et-soeurs\">Green Card sahipleri karde\u015flerine sponsor olabilirler mi?<\/h3>\n\n<p>Hay\u0131r, Green Card sahipleri karde\u015flerine sponsor olamazlar. Bu se\u00e7enek yaln\u0131zca ABD vatanda\u015flar\u0131 taraf\u0131ndan kullan\u0131labilir.<\/p>\n\n<h3 class=\"wp-block-heading\" id=\"h-le-titulaire-d-une-green-card-peut-il-parrainer-un-enfant-de-plus-de-21-ans\">Green Card sahibi 21 ya\u015f\u0131ndan b\u00fcy\u00fck bir \u00e7ocu\u011fa sponsor olabilir mi?<\/h3>\n\n<p>Evet, Green Card sahipleri 21 ya\u015f\u0131n \u00fczerindeki evli olmayan \u00e7ocuklar\u0131na sponsor olabilirler, ancak bu ki\u015filer tercih kategorisine girerler ve bu da daha uzun gecikmelere neden olabilir.<\/p>\n\n<h2 class=\"wp-block-heading\" id=\"h-une-entreprise-peut-elle-sponsoriser-une-green-card\">Bir \u015firket Green Card&#8217;a sponsor olabilir mi?<\/h2>\n\n<p>Evet, bir \u015firket i\u015fg\u00fcc\u00fc sertifikasyon s\u00fcreci veya di\u011fer istihdam kategorileri arac\u0131l\u0131\u011f\u0131yla bir \u00e7al\u0131\u015fana Green Card i\u00e7in sponsor olabilir.<\/p>\n\n<h2 class=\"wp-block-heading\" id=\"h-les-etapes-pour-obtenir-une-green-card-grace-a-un-sponsor\">Sponsor sayesinde Green Card alma ad\u0131mlar\u0131<\/h2>\n\n<ol class=\"wp-block-list\">\n<li><strong>Sponsorun belirlenmesi<\/strong>: Bir aile \u00fcyesi veya bir i\u015fveren taraf\u0131ndan sponsor olmaya uygun olup olmad\u0131\u011f\u0131n\u0131z\u0131 belirleyin.<\/li>\n\n\n\n<li>Aile sponsorlu\u011fu i\u00e7in <strong>Form I-130&#8217;un sunulmas\u0131<\/strong>. Sponsor bir i\u015fveren s\u00f6z konusu oldu\u011funda, bir \u00e7al\u0131\u015fma sertifikas\u0131 s\u00fcreci ba\u015flat\u0131lmal\u0131d\u0131r.<\/li>\n\n\n\n<li><strong>Onay i\u00e7in bekleme<\/strong>: S\u00fcreler sponsorluk kategorisine ve ba\u015fvuru sahibinin ulusal k\u00f6kenine ba\u011fl\u0131 olarak de\u011fi\u015fir.<\/li>\n\n\n\n<li><strong>Stat\u00fc ayarlamas\u0131 veya konsolosluk s\u00fcreci<\/strong>: Halihaz\u0131rda Birle\u015fik Devletler&#8217;de bulunuyorsan\u0131z, stat\u00fcn\u00fcz\u00fc ayarlayabilirsiniz. Aksi takdirde, kendi \u00fclkenizdeki konsolosluk s\u00fcrecinden ge\u00e7meniz gerekecektir.<\/li>\n\n\n\n<li><strong>M\u00fclakat ve onay<\/strong>: Ba\u015fvurunuzu do\u011frulamak i\u00e7in konsoloslukta veya <a href=\"https:\/\/www.uscis.gov\/\">USCIS<\/a> personeli ile bir <a href=\"https:\/\/us-gc.net\/tr\/green-card-mulakat\/\">Green Card m\u00fclakat\u0131na<\/a> kat\u0131l\u0131n.<\/li>\n<\/ol>\n\n<h2 class=\"wp-block-heading\" id=\"h-le-sponsor-peut-il-revoquer-la-green-card\">Sponsor Green Card iptal edebilir mi?<\/h2>\n\n<p>Green Card verildikten sonra sponsor genellikle bunu iptal edemez. Ancak, \u00f6zellikle Green Card doland\u0131r\u0131c\u0131l\u0131k yoluyla elde edilmi\u015f olmas\u0131 halinde istisnalar bulunmaktad\u0131r.<\/p>\n\n<h2 class=\"wp-block-heading\" id=\"h-faut-il-un-sponsor-pour-participer-a-la-loterie\">\u00c7ekili\u015fe kat\u0131lmak i\u00e7in sponsora ihtiyac\u0131m var m\u0131?<\/h2>\n\n<p>Hay\u0131r, <a href=\"https:\/\/us-gc.net\/tr\/green-card-cekilisi\/\">Green Card \u00e7ekili\u015fine<\/a> kat\u0131lmak i\u00e7in bir sponsora ihtiyac\u0131n\u0131z yok. Kay\u0131t i\u015flemi tamamen online olarak sadece birka\u00e7 dakika i\u00e7inde tamamlanmaktad\u0131r. Kat\u0131l\u0131m\u0131n\u0131z\u0131 g\u00fcvence alt\u0131na almak i\u00e7in <a href=\"https:\/\/us-gc.net\/tr\/green-card-cekilisi-formu\/\">\u00e7evrimi\u00e7i forma<\/a> t\u0131klay\u0131n.<\/p>\n","protected":false},"excerpt":{"rendered":"<p>Sponsorluk yoluyla Ye\u015fil Kart\u0131n\u0131z\u0131 al\u0131n Bir sponsor arac\u0131l\u0131\u011f\u0131yla Amerikan Green Card almak, g\u00f6\u00e7menlerin Amerika Birle\u015fik Devletleri&#8217;nde kal\u0131c\u0131 olarak ikamet etmelerini sa\u011flar. \u0130\u015fte Green Card sponsorlu\u011funun temel y\u00f6nleri ve sponsorun y\u00fck\u00fcml\u00fcl\u00fckleri. Green Card sponsorlu\u011fu nedir? Green Card sponsorlu\u011fu, bir ki\u015finin Amerika Birle\u015fik Devletleri&#8217;nde daimi ikamet ba\u015fvurusunu destekleme eylemini ifade eder. Bu destek, halihaz\u0131rda Amerikan vatanda\u015f\u0131 veya [&hellip;]<\/p>\n","protected":false},"author":1,"featured_media":0,"parent":0,"menu_order":0,"comment_status":"closed","ping_status":"closed","template":"","meta":{"footnotes":""},"class_list":["post-1153","page","type-page","status-publish","hentry"],"yoast_head":"<!-- This site is optimized with the Yoast SEO plugin v27.4 - https:\/\/yoast.com\/product\/yoast-seo-wordpress\/ -->\n<title>Bir Green Card ba\u015fvuru sahibine sponsor olun - USA GC<\/title>\n<meta name=\"description\" content=\"Green Card sahipleri belirli durumlarda bir Green Card ba\u015fvuru sahibine sponsor olabilirler\" \/>\n<meta name=\"robots\" content=\"index, follow, max-snippet:-1, max-image-preview:large, max-video-preview:-1\" \/>\n<link rel=\"canonical\" href=\"https:\/\/us-gc.net\/tr\/green-card-sponsor\/\" \/>\n<meta property=\"og:locale\" content=\"tr_TR\" \/>\n<meta property=\"og:type\" content=\"article\" \/>\n<meta property=\"og:title\" content=\"Bir Green Card ba\u015fvuru sahibine sponsor olun - USA GC\" \/>\n<meta property=\"og:description\" content=\"Green Card sahipleri belirli durumlarda bir Green Card ba\u015fvuru sahibine sponsor olabilirler\" \/>\n<meta property=\"og:url\" content=\"https:\/\/us-gc.net\/tr\/green-card-sponsor\/\" \/>\n<meta property=\"og:site_name\" content=\"USA GC\" \/>\n<meta property=\"article:modified_time\" content=\"2024-12-30T09:46:03+00:00\" \/>\n<meta name=\"twitter:card\" content=\"summary_large_image\" \/>\n<meta name=\"twitter:label1\" content=\"Tahmini okuma s\u00fcresi\" \/>\n\t<meta name=\"twitter:data1\" content=\"2 dakika\" \/>\n<script type=\"application\/ld+json\" class=\"yoast-schema-graph\">{\"@context\":\"https:\\\/\\\/schema.org\",\"@graph\":[{\"@type\":\"WebPage\",\"@id\":\"https:\\\/\\\/us-gc.net\\\/tr\\\/green-card-sponsor\\\/\",\"url\":\"https:\\\/\\\/us-gc.net\\\/tr\\\/green-card-sponsor\\\/\",\"name\":\"Bir Green Card ba\u015fvuru sahibine sponsor olun - USA GC\",\"isPartOf\":{\"@id\":\"https:\\\/\\\/us-gc.net\\\/tr\\\/#website\"},\"datePublished\":\"2024-01-31T16:36:26+00:00\",\"dateModified\":\"2024-12-30T09:46:03+00:00\",\"description\":\"Green Card sahipleri belirli durumlarda bir Green Card ba\u015fvuru sahibine sponsor olabilirler\",\"breadcrumb\":{\"@id\":\"https:\\\/\\\/us-gc.net\\\/tr\\\/green-card-sponsor\\\/#breadcrumb\"},\"inLanguage\":\"tr\",\"potentialAction\":[{\"@type\":\"ReadAction\",\"target\":[\"https:\\\/\\\/us-gc.net\\\/tr\\\/green-card-sponsor\\\/\"]}]},{\"@type\":\"BreadcrumbList\",\"@id\":\"https:\\\/\\\/us-gc.net\\\/tr\\\/green-card-sponsor\\\/#breadcrumb\",\"itemListElement\":[{\"@type\":\"ListItem\",\"position\":1,\"name\":\"Accueil\",\"item\":\"https:\\\/\\\/us-gc.net\\\/tr\\\/green-card\\\/\"},{\"@type\":\"ListItem\",\"position\":2,\"name\":\"Bir Green Card ba\u015fvuru sahibine sponsor olun\"}]},{\"@type\":\"WebSite\",\"@id\":\"https:\\\/\\\/us-gc.net\\\/tr\\\/#website\",\"url\":\"https:\\\/\\\/us-gc.net\\\/tr\\\/\",\"name\":\"USA GC\",\"description\":\"\",\"potentialAction\":[{\"@type\":\"SearchAction\",\"target\":{\"@type\":\"EntryPoint\",\"urlTemplate\":\"https:\\\/\\\/us-gc.net\\\/tr\\\/?s={search_term_string}\"},\"query-input\":{\"@type\":\"PropertyValueSpecification\",\"valueRequired\":true,\"valueName\":\"search_term_string\"}}],\"inLanguage\":\"tr\"}]}<\/script>\n<!-- \/ Yoast SEO plugin. -->","yoast_head_json":{"title":"Bir Green Card ba\u015fvuru sahibine sponsor olun - USA GC","description":"Green Card sahipleri belirli durumlarda bir Green Card ba\u015fvuru sahibine sponsor olabilirler","robots":{"index":"index","follow":"follow","max-snippet":"max-snippet:-1","max-image-preview":"max-image-preview:large","max-video-preview":"max-video-preview:-1"},"canonical":"https:\/\/us-gc.net\/tr\/green-card-sponsor\/","og_locale":"tr_TR","og_type":"article","og_title":"Bir Green Card ba\u015fvuru sahibine sponsor olun - USA GC","og_description":"Green Card sahipleri belirli durumlarda bir Green Card ba\u015fvuru sahibine sponsor olabilirler","og_url":"https:\/\/us-gc.net\/tr\/green-card-sponsor\/","og_site_name":"USA GC","article_modified_time":"2024-12-30T09:46:03+00:00","twitter_card":"summary_large_image","twitter_misc":{"Tahmini okuma s\u00fcresi":"2 dakika"},"schema":{"@context":"https:\/\/schema.org","@graph":[{"@type":"WebPage","@id":"https:\/\/us-gc.net\/tr\/green-card-sponsor\/","url":"https:\/\/us-gc.net\/tr\/green-card-sponsor\/","name":"Bir Green Card ba\u015fvuru sahibine sponsor olun - USA GC","isPartOf":{"@id":"https:\/\/us-gc.net\/tr\/#website"},"datePublished":"2024-01-31T16:36:26+00:00","dateModified":"2024-12-30T09:46:03+00:00","description":"Green Card sahipleri belirli durumlarda bir Green Card ba\u015fvuru sahibine sponsor olabilirler","breadcrumb":{"@id":"https:\/\/us-gc.net\/tr\/green-card-sponsor\/#breadcrumb"},"inLanguage":"tr","potentialAction":[{"@type":"ReadAction","target":["https:\/\/us-gc.net\/tr\/green-card-sponsor\/"]}]},{"@type":"BreadcrumbList","@id":"https:\/\/us-gc.net\/tr\/green-card-sponsor\/#breadcrumb","itemListElement":[{"@type":"ListItem","position":1,"name":"Accueil","item":"https:\/\/us-gc.net\/tr\/green-card\/"},{"@type":"ListItem","position":2,"name":"Bir Green Card ba\u015fvuru sahibine sponsor olun"}]},{"@type":"WebSite","@id":"https:\/\/us-gc.net\/tr\/#website","url":"https:\/\/us-gc.net\/tr\/","name":"USA GC","description":"","potentialAction":[{"@type":"SearchAction","target":{"@type":"EntryPoint","urlTemplate":"https:\/\/us-gc.net\/tr\/?s={search_term_string}"},"query-input":{"@type":"PropertyValueSpecification","valueRequired":true,"valueName":"search_term_string"}}],"inLanguage":"tr"}]}},"_links":{"self":[{"href":"https:\/\/us-gc.net\/tr\/wp-json\/wp\/v2\/pages\/1153","targetHints":{"allow":["GET"]}}],"collection":[{"href":"https:\/\/us-gc.net\/tr\/wp-json\/wp\/v2\/pages"}],"about":[{"href":"https:\/\/us-gc.net\/tr\/wp-json\/wp\/v2\/types\/page"}],"author":[{"embeddable":true,"href":"https:\/\/us-gc.net\/tr\/wp-json\/wp\/v2\/users\/1"}],"replies":[{"embeddable":true,"href":"https:\/\/us-gc.net\/tr\/wp-json\/wp\/v2\/comments?post=1153"}],"version-history":[{"count":1,"href":"https:\/\/us-gc.net\/tr\/wp-json\/wp\/v2\/pages\/1153\/revisions"}],"predecessor-version":[{"id":8000,"href":"https:\/\/us-gc.net\/tr\/wp-json\/wp\/v2\/pages\/1153\/revisions\/8000"}],"wp:attachment":[{"href":"https:\/\/us-gc.net\/tr\/wp-json\/wp\/v2\/media?parent=1153"}],"curies":[{"name":"wp","href":"https:\/\/api.w.org\/{rel}","templated":true}]}}