{"id":1134,"date":"2024-02-04T15:55:27","date_gmt":"2024-02-04T15:55:27","guid":{"rendered":"https:\/\/green-card-usa.net\/cekilisi-green-card-2026\/"},"modified":"2025-03-31T10:09:31","modified_gmt":"2025-03-31T10:09:31","slug":"cekilisi-green-card-2026","status":"publish","type":"page","link":"https:\/\/us-gc.net\/tr\/cekilisi-green-card-2026\/","title":{"rendered":"Green Card \u00c7ekili\u015fi 2026"},"content":{"rendered":"\n<h1 class=\"wp-block-heading\" id=\"h-la-loterie-de-la-green-card-2026\">2026 Green Card \u00e7ekili\u015fi<\/h1>\n\n<p>Amerika Birle\u015fik Devletleri her y\u0131l 50.000&#8217;den fazla yabanc\u0131 uyruklu ki\u015fiye kura \u00e7ekerek Green Card alma f\u0131rsat\u0131 sunmaktad\u0131r. Bu \u00e7ekili\u015f, ABD \u00c7e\u015fitlilik Vize Program\u0131n\u0131n bir par\u00e7as\u0131d\u0131r. Bu program Amerika Birle\u015fik Devletleri&#8217;ne g\u00f6\u00e7\u00fc y\u00f6netmek i\u00e7in kurulmu\u015ftur.<\/p>\n\n<h2 class=\"wp-block-heading\" id=\"h-qu-est-ce-que-la-loterie-de-la-green-card-2026\">Green Card 2026 \u00e7ekili\u015fi nedir?<\/h2>\n\n<p>Ye\u015fil Kart \u00e7ekili\u015findeki her promosyon, adaylar\u0131n nihayet <a href=\"https:\/\/us-gc.net\/tr\/\">Amerikan Green Card<\/a> sahibi olacaklar\u0131 y\u0131l\u0131n numaras\u0131n\u0131 ta\u015f\u0131maktad\u0131r. Dolay\u0131s\u0131yla 2026 Green Card \u00e7ekili\u015fi, 2026 y\u0131l\u0131nda verilecek Green Card kotas\u0131 ile ilgilidir. ABD y\u00f6netimi, \u00e7e\u015fitlilik program\u0131 DV-2026&#8217;dan kaynaklanan bu yeni vize promosyonunu \u00c7e\u015fitlilik Program\u0131 2026 olarak adland\u0131r\u0131yor.<\/p>\n\n<h2 class=\"wp-block-heading\" id=\"h-quand-se-deroule-le-tirage-au-sort-du-quota-de-green-card-2026\">Green Card 2026 kotas\u0131 i\u00e7in \u00e7ekili\u015f ne zaman?<\/h2>\n\n<p>\u00c7ekili\u015f yoluyla Green Card alma s\u00fcrecinde birka\u00e7 a\u015fama vard\u0131r. \u0130lk a\u015fama kura \u00e7ekimidir. <\/p>\n\n<p><strong>DV2026 adaylar\u0131n\u0131n<\/strong> her y\u0131l Kas\u0131m ay\u0131 ba\u015f\u0131nda ger\u00e7ekle\u015ftirilen \u00e7ekili\u015fe kat\u0131lmak i\u00e7in <strong>2 Ekim 2024 tarihinden itibaren kay\u0131t<\/strong> yapt\u0131rmalar\u0131 gerekmektedir. DV2026 \u00e7ekili\u015fi i\u00e7in online kay\u0131tlar 5 Kas\u0131m 2024 tarihinde sona ermi\u015ftir. <\/p>\n\n<h2 class=\"wp-block-heading\" id=\"h-quand-sont-publies-les-resultats-du-tirage-au-sort-du-dv-2026\">DV-2026 \u00e7ekili\u015finin sonu\u00e7lar\u0131 ne zaman yay\u0131nlan\u0131r?<\/h2>\n\n<p><a href=\"https:\/\/us-gc.net\/tr\/sonuclar-cekilis-green-card\/\">Ye\u015fil Kart \u00e7ekili\u015finin sonu\u00e7lar\u0131<\/a> ba\u015fvurular\u0131n bitiminden yakla\u015f\u0131k 6 ay sonra yay\u0131nlan\u0131r: DV2026 \u00e7ekili\u015finin sonu\u00e7lar\u0131 May\u0131s 2025&#8217;ten itibaren yay\u0131nlan\u0131r.<\/p>\n\n<h2 class=\"wp-block-heading\" id=\"h-quel-sont-les-etapes-suivantes-pour-les-gagnants-de-la-loterie\">Piyango talihlileri i\u00e7in sonraki ad\u0131mlar nelerdir?<\/h2>\n\n<p>Kazananlar\u0131n daha sonra \u00c7e\u015fitlilik vizesine ba\u015fvurmalar\u0131 gerekmektedir. Green Card alman\u0131n ana ad\u0131mlar\u0131 \u015funlard\u0131r:<\/p>\n\n<ul class=\"wp-block-list\">\n<li><a href=\"https:\/\/travel.state.gov\/content\/travel\/en\/us-visas\/visa-information-resources\/forms\/online-immigrant-visa-forms\/ds-260-faqs.html\">DS-260 vize ba\u015fvuru formunu<\/a> doldurun.<\/li>\n\n\n\n<li>Bu zorunlu vize ba\u015fvurusunun bir par\u00e7as\u0131 olarak <a href=\"https:\/\/us-gc.net\/tr\/green-card-fiyati\/\">Green Card almak i\u00e7in gereken \u00fccretlerin<\/a> \u00f6denmesi;<\/li>\n\n\n\n<li><a href=\"https:\/\/us-gc.net\/tr\/green-card-mulakat\/\">Green Card m\u00fclakat\u0131n\u0131z\u0131<\/a> \u00c7e\u015fitlilik Vize Program\u0131na kat\u0131lan bir USCIS g\u00f6revlisiyle yap\u0131n.<\/li>\n<\/ul>\n\n<div style=\"height:10px\" aria-hidden=\"true\" class=\"wp-block-spacer\"><\/div>\n\n<p><a href=\"https:\/\/us-gc.net\/tr\/green-card-ve-vize-arasindaki-fark\/\">Green Card ve vize farkl\u0131 belgelerdir<\/a>. \u00c7e\u015fitlilik Vizesi almak, Green Card alman\u0131n ad\u0131mlar\u0131ndan biridir.<\/p>\n\n<p><\/p>\n\n<p><\/p>\n","protected":false},"excerpt":{"rendered":"<p>2026 Green Card \u00e7ekili\u015fi Amerika Birle\u015fik Devletleri her y\u0131l 50.000&#8217;den fazla yabanc\u0131 uyruklu ki\u015fiye kura \u00e7ekerek Green Card alma f\u0131rsat\u0131 sunmaktad\u0131r. Bu \u00e7ekili\u015f, ABD \u00c7e\u015fitlilik Vize Program\u0131n\u0131n bir par\u00e7as\u0131d\u0131r. Bu program Amerika Birle\u015fik Devletleri&#8217;ne g\u00f6\u00e7\u00fc y\u00f6netmek i\u00e7in kurulmu\u015ftur. Green Card 2026 \u00e7ekili\u015fi nedir? Ye\u015fil Kart \u00e7ekili\u015findeki her promosyon, adaylar\u0131n nihayet Amerikan Green Card sahibi olacaklar\u0131 [&hellip;]<\/p>\n","protected":false},"author":1,"featured_media":0,"parent":0,"menu_order":0,"comment_status":"closed","ping_status":"closed","template":"","meta":{"footnotes":""},"class_list":["post-1134","page","type-page","status-publish","hentry"],"yoast_head":"<!-- This site is optimized with the Yoast SEO plugin v27.4 - https:\/\/yoast.com\/product\/yoast-seo-wordpress\/ -->\n<title>Green Card \u00c7ekili\u015fi 2026 - USA GC<\/title>\n<meta name=\"description\" content=\"\u0130\u015fte 2026 y\u0131l\u0131nda ABD&#039;de \u00e7ekili\u015fle Ye\u015fil Kart alma program\u0131na ili\u015fkin t\u00fcm bilgiler\" \/>\n<meta name=\"robots\" content=\"index, follow, max-snippet:-1, max-image-preview:large, max-video-preview:-1\" \/>\n<link rel=\"canonical\" href=\"https:\/\/us-gc.net\/tr\/cekilisi-green-card-2026\/\" \/>\n<meta property=\"og:locale\" content=\"tr_TR\" \/>\n<meta property=\"og:type\" content=\"article\" \/>\n<meta property=\"og:title\" content=\"Green Card \u00c7ekili\u015fi 2026 - USA GC\" \/>\n<meta property=\"og:description\" content=\"\u0130\u015fte 2026 y\u0131l\u0131nda ABD&#039;de \u00e7ekili\u015fle Ye\u015fil Kart alma program\u0131na ili\u015fkin t\u00fcm bilgiler\" \/>\n<meta property=\"og:url\" content=\"https:\/\/us-gc.net\/tr\/cekilisi-green-card-2026\/\" \/>\n<meta property=\"og:site_name\" content=\"USA GC\" \/>\n<meta property=\"article:modified_time\" content=\"2025-03-31T10:09:31+00:00\" \/>\n<meta name=\"twitter:card\" content=\"summary_large_image\" \/>\n<meta name=\"twitter:label1\" content=\"Tahmini okuma s\u00fcresi\" \/>\n\t<meta name=\"twitter:data1\" content=\"2 dakika\" \/>\n<script type=\"application\/ld+json\" class=\"yoast-schema-graph\">{\"@context\":\"https:\\\/\\\/schema.org\",\"@graph\":[{\"@type\":\"WebPage\",\"@id\":\"https:\\\/\\\/us-gc.net\\\/tr\\\/cekilisi-green-card-2026\\\/\",\"url\":\"https:\\\/\\\/us-gc.net\\\/tr\\\/cekilisi-green-card-2026\\\/\",\"name\":\"Green Card \u00c7ekili\u015fi 2026 - USA GC\",\"isPartOf\":{\"@id\":\"https:\\\/\\\/us-gc.net\\\/tr\\\/#website\"},\"datePublished\":\"2024-02-04T15:55:27+00:00\",\"dateModified\":\"2025-03-31T10:09:31+00:00\",\"description\":\"\u0130\u015fte 2026 y\u0131l\u0131nda ABD'de \u00e7ekili\u015fle Ye\u015fil Kart alma program\u0131na ili\u015fkin t\u00fcm bilgiler\",\"breadcrumb\":{\"@id\":\"https:\\\/\\\/us-gc.net\\\/tr\\\/cekilisi-green-card-2026\\\/#breadcrumb\"},\"inLanguage\":\"tr\",\"potentialAction\":[{\"@type\":\"ReadAction\",\"target\":[\"https:\\\/\\\/us-gc.net\\\/tr\\\/cekilisi-green-card-2026\\\/\"]}]},{\"@type\":\"BreadcrumbList\",\"@id\":\"https:\\\/\\\/us-gc.net\\\/tr\\\/cekilisi-green-card-2026\\\/#breadcrumb\",\"itemListElement\":[{\"@type\":\"ListItem\",\"position\":1,\"name\":\"Accueil\",\"item\":\"https:\\\/\\\/us-gc.net\\\/tr\\\/green-card\\\/\"},{\"@type\":\"ListItem\",\"position\":2,\"name\":\"Green Card \u00c7ekili\u015fi 2026\"}]},{\"@type\":\"WebSite\",\"@id\":\"https:\\\/\\\/us-gc.net\\\/tr\\\/#website\",\"url\":\"https:\\\/\\\/us-gc.net\\\/tr\\\/\",\"name\":\"USA GC\",\"description\":\"\",\"potentialAction\":[{\"@type\":\"SearchAction\",\"target\":{\"@type\":\"EntryPoint\",\"urlTemplate\":\"https:\\\/\\\/us-gc.net\\\/tr\\\/?s={search_term_string}\"},\"query-input\":{\"@type\":\"PropertyValueSpecification\",\"valueRequired\":true,\"valueName\":\"search_term_string\"}}],\"inLanguage\":\"tr\"}]}<\/script>\n<!-- \/ Yoast SEO plugin. -->","yoast_head_json":{"title":"Green Card \u00c7ekili\u015fi 2026 - USA GC","description":"\u0130\u015fte 2026 y\u0131l\u0131nda ABD'de \u00e7ekili\u015fle Ye\u015fil Kart alma program\u0131na ili\u015fkin t\u00fcm bilgiler","robots":{"index":"index","follow":"follow","max-snippet":"max-snippet:-1","max-image-preview":"max-image-preview:large","max-video-preview":"max-video-preview:-1"},"canonical":"https:\/\/us-gc.net\/tr\/cekilisi-green-card-2026\/","og_locale":"tr_TR","og_type":"article","og_title":"Green Card \u00c7ekili\u015fi 2026 - USA GC","og_description":"\u0130\u015fte 2026 y\u0131l\u0131nda ABD'de \u00e7ekili\u015fle Ye\u015fil Kart alma program\u0131na ili\u015fkin t\u00fcm bilgiler","og_url":"https:\/\/us-gc.net\/tr\/cekilisi-green-card-2026\/","og_site_name":"USA GC","article_modified_time":"2025-03-31T10:09:31+00:00","twitter_card":"summary_large_image","twitter_misc":{"Tahmini okuma s\u00fcresi":"2 dakika"},"schema":{"@context":"https:\/\/schema.org","@graph":[{"@type":"WebPage","@id":"https:\/\/us-gc.net\/tr\/cekilisi-green-card-2026\/","url":"https:\/\/us-gc.net\/tr\/cekilisi-green-card-2026\/","name":"Green Card \u00c7ekili\u015fi 2026 - USA GC","isPartOf":{"@id":"https:\/\/us-gc.net\/tr\/#website"},"datePublished":"2024-02-04T15:55:27+00:00","dateModified":"2025-03-31T10:09:31+00:00","description":"\u0130\u015fte 2026 y\u0131l\u0131nda ABD'de \u00e7ekili\u015fle Ye\u015fil Kart alma program\u0131na ili\u015fkin t\u00fcm bilgiler","breadcrumb":{"@id":"https:\/\/us-gc.net\/tr\/cekilisi-green-card-2026\/#breadcrumb"},"inLanguage":"tr","potentialAction":[{"@type":"ReadAction","target":["https:\/\/us-gc.net\/tr\/cekilisi-green-card-2026\/"]}]},{"@type":"BreadcrumbList","@id":"https:\/\/us-gc.net\/tr\/cekilisi-green-card-2026\/#breadcrumb","itemListElement":[{"@type":"ListItem","position":1,"name":"Accueil","item":"https:\/\/us-gc.net\/tr\/green-card\/"},{"@type":"ListItem","position":2,"name":"Green Card \u00c7ekili\u015fi 2026"}]},{"@type":"WebSite","@id":"https:\/\/us-gc.net\/tr\/#website","url":"https:\/\/us-gc.net\/tr\/","name":"USA GC","description":"","potentialAction":[{"@type":"SearchAction","target":{"@type":"EntryPoint","urlTemplate":"https:\/\/us-gc.net\/tr\/?s={search_term_string}"},"query-input":{"@type":"PropertyValueSpecification","valueRequired":true,"valueName":"search_term_string"}}],"inLanguage":"tr"}]}},"_links":{"self":[{"href":"https:\/\/us-gc.net\/tr\/wp-json\/wp\/v2\/pages\/1134","targetHints":{"allow":["GET"]}}],"collection":[{"href":"https:\/\/us-gc.net\/tr\/wp-json\/wp\/v2\/pages"}],"about":[{"href":"https:\/\/us-gc.net\/tr\/wp-json\/wp\/v2\/types\/page"}],"author":[{"embeddable":true,"href":"https:\/\/us-gc.net\/tr\/wp-json\/wp\/v2\/users\/1"}],"replies":[{"embeddable":true,"href":"https:\/\/us-gc.net\/tr\/wp-json\/wp\/v2\/comments?post=1134"}],"version-history":[{"count":3,"href":"https:\/\/us-gc.net\/tr\/wp-json\/wp\/v2\/pages\/1134\/revisions"}],"predecessor-version":[{"id":10133,"href":"https:\/\/us-gc.net\/tr\/wp-json\/wp\/v2\/pages\/1134\/revisions\/10133"}],"wp:attachment":[{"href":"https:\/\/us-gc.net\/tr\/wp-json\/wp\/v2\/media?parent=1134"}],"curies":[{"name":"wp","href":"https:\/\/api.w.org\/{rel}","templated":true}]}}