{"id":1118,"date":"2024-01-31T15:53:04","date_gmt":"2024-01-31T15:53:04","guid":{"rendered":"https:\/\/green-card-usa.net\/amerikan-yesil-kart-cekilisine\/"},"modified":"2024-12-30T09:46:12","modified_gmt":"2024-12-30T09:46:12","slug":"amerikan-yesil-kart-cekilisine","status":"publish","type":"page","link":"https:\/\/us-gc.net\/tr\/amerikan-yesil-kart-cekilisine\/","title":{"rendered":"Amerikan Ye\u015fil Kart \u00e7ekili\u015fine kat\u0131lmak"},"content":{"rendered":"\n<h1 class=\"wp-block-heading\" id=\"h-la-carte-verte-permet-de-vivre-aux-etats-unis\">Ye\u015fil Kart Amerika Birle\u015fik Devletleri&#8217;nde ya\u015faman\u0131za izin verir<\/h1>\n\n<p>Her y\u0131l d\u00fcnyan\u0131n d\u00f6rt bir yan\u0131ndan binlerce vatanda\u015f Amerika Birle\u015fik Devletleri&#8217;nde ya\u015fayabilmek i\u00e7in Amerikan Ye\u015fil Kart\u0131 almaya \u00e7al\u0131\u015fmaktad\u0131r.<\/p>\n\n<h2 class=\"wp-block-heading\" id=\"h-qu-est-ce-que-la-carte-verte\">Ye\u015fil Kart nedir?<\/h2>\n\n<p>Ye\u015fil Kart, sahibine Amerika Birle\u015fik Devletleri&#8217;nde daimi ikamet etme hakk\u0131 veren bir Amerikan kart\u0131d\u0131r. Yabanc\u0131lar\u0131n Amerika Birle\u015fik Devletleri&#8217;nde yasal olarak \u00e7al\u0131\u015fmas\u0131na izin verir. Bu oturma izni, bir ye\u015fil kart oldu\u011fu i\u00e7in d\u00fcnya \u00e7ap\u0131nda Amerikan Ye\u015fil Kart\u0131 olarak bilinmektedir.<\/p>\n\n<h2 class=\"wp-block-heading\" id=\"h-comment-obtenir-une-carte-verte\">Nas\u0131l Ye\u015fil Kart alabilirim?<\/h2>\n\n<p>ABD&#8217;de Ye\u015fil Kart alman\u0131n \u00e7e\u015fitli yollar\u0131 vard\u0131r. Yabanc\u0131 Ye\u015fil Kart ba\u015fvuru sahipleri a\u015fa\u011f\u0131daki nedenlerle ba\u015fvuruda bulunabilirler:<\/p>\n\n<ul class=\"wp-block-list\">\n<li>Amerikal\u0131 bir Ye\u015fil Kart sahibi ile <a href=\"https:\/\/us-gc.net\/tr\/green-card-evlilik-yoluyla\/\">evlilik yoluyla Ye\u015fil Kart<\/a>;<\/li>\n\n\n\n<li><a href=\"https:\/\/us-gc.net\/tr\/i%cc%87sti%cc%87hdam-green-card\/\">\u0130stihdam yoluyla Ye\u015fil Kart<\/a> elde etme ;<\/li>\n\n\n\n<li>Bir aile veya \u015firket <a href=\"https:\/\/us-gc.net\/tr\/green-card-sponsor\/\">sponsoru sayesinde Ye\u015fil Kart<\/a> almak;<\/li>\n<\/ul>\n\n<div style=\"height:10px\" aria-hidden=\"true\" class=\"wp-block-spacer\"><\/div>\n\n<p>Ye\u015fil Kart alman\u0131n ba\u015fka yollar\u0131 da vard\u0131r. D\u00fcnya \u00e7ap\u0131nda Ye\u015fil Kart alman\u0131n en imrenilen yolu Amerikan piyangosudur. <strong>Her y\u0131l d\u00fczenlenen bu \u00e7ekili\u015fe<\/strong>, <a href=\"https:\/\/us-gc.net\/tr\/green-card-cekilisi-formu\/\">online forma<\/a> t\u0131klayarak sadece birka\u00e7 dakika i\u00e7inde online kay\u0131t yapt\u0131rarak kat\u0131labilirsiniz.<\/p>\n\n<div style=\"height:10px\" aria-hidden=\"true\" class=\"wp-block-spacer\"><\/div>\n\n<h2 class=\"wp-block-heading\" id=\"h-qu-est-ce-que-la-loterie-americaine-de-la-carte-verte\">Amerikan Ye\u015fil Kart \u00e7ekili\u015fi nedir?<\/h2>\n\n<p>Amerika Birle\u015fik Devletleri yabanc\u0131 g\u00f6\u00e7\u00fcn\u00fc y\u00f6netmek i\u00e7in \u00c7e\u015fitlilik Vize Program\u0131n\u0131 olu\u015fturmu\u015ftur. Bu, her y\u0131l birka\u00e7 milyon yabanc\u0131n\u0131n kurayla belirlenen 50.000 Ye\u015fil Kart&#8217;tan birini almak i\u00e7in kat\u0131ld\u0131\u011f\u0131 bir piyangodur.<\/p>\n\n<h2 class=\"wp-block-heading\" id=\"h-quand-se-deroule-le-tirage-de-la-loterie-carte-verte\">Ye\u015fil Kart \u00e7ekili\u015fi ne zaman yap\u0131l\u0131r?<\/h2>\n\n<p>Ye\u015fil Kart \u00e7ekili\u015fi y\u0131lda bir kez yap\u0131lmaktad\u0131r. Y\u0131l sonunda Kas\u0131m ay\u0131nda ger\u00e7ekle\u015fir. Bu nedenle piyango \u00e7ekili\u015fleri y\u0131llar\u0131na g\u00f6re belirlenir: <a href=\"https:\/\/us-gc.net\/tr\/green-card-cekilis-2024\/\">2024 Ye\u015fil Kart \u00c7ekili\u015fi<\/a>, <a href=\"https:\/\/us-gc.net\/tr\/green-card-cekilisi-2025\/\">2025 Ye\u015fil Kart \u00c7ekili\u015fi<\/a> ve <a href=\"https:\/\/us-gc.net\/tr\/cekilisi-green-card-2026\/\">2026 Ye\u015fil Kart \u00c7ekili\u015fi<\/a> vard\u0131r. Adaylar\u0131n \u00e7ekili\u015fe kat\u0131labilmeleri i\u00e7in kay\u0131tlar kapanmadan \u00f6nce kay\u0131t yapt\u0131rmalar\u0131 gerekmektedir. <a href=\"https:\/\/us-gc.net\/tr\/sonuclar-cekilis-green-card\/\">Ye\u015fil Kart \u00e7ekili\u015finin sonu\u00e7lar\u0131<\/a> daha sonra do\u011frudan web \u00fczerinden yay\u0131nlanmaktad\u0131r.<\/p>\n\n<h2 class=\"wp-block-heading\" id=\"h-comment-s-inscrire-a-la-loterie\">\u00c7ekili\u015fe nas\u0131l kat\u0131labilirim?<\/h2>\n\n<p>Ba\u015fvuru sahipleri \u00f6ncelikle \u00e7ekili\u015fe kat\u0131lmak i\u00e7in uygunluklar\u0131n\u0131 kontrol etmelidir. ABD h\u00fck\u00fcmeti her y\u0131l <a href=\"https:\/\/us-gc.net\/tr\/green-card-cekilisi-katilmayar-ulkeler\/\">Ye\u015fil Kart \u00e7ekili\u015fine kat\u0131lmas\u0131na izin verilmeyen \u00fclkelerin<\/a> bir listesini yay\u0131nlamaktad\u0131r.<\/p>\n\n<p>Ye\u015fil Kart \u00e7ekili\u015fi i\u00e7in ba\u015fvuranlar\u0131n do\u011frudan online kay\u0131t yapt\u0131rmalar\u0131 gerekmektedir. \u00e7ekili\u015fe kaydolmak i\u00e7in <a href=\"https:\/\/us-gc.net\/tr\/green-card-cekilisi-formu\/\">\u00e7evrimi\u00e7i<\/a> bir <a href=\"https:\/\/us-gc.net\/tr\/green-card-cekilisi-formu\/\">form<\/a> doldurmalar\u0131 gerekmektedir.<\/p>\n","protected":false},"excerpt":{"rendered":"<p>Ye\u015fil Kart Amerika Birle\u015fik Devletleri&#8217;nde ya\u015faman\u0131za izin verir Her y\u0131l d\u00fcnyan\u0131n d\u00f6rt bir yan\u0131ndan binlerce vatanda\u015f Amerika Birle\u015fik Devletleri&#8217;nde ya\u015fayabilmek i\u00e7in Amerikan Ye\u015fil Kart\u0131 almaya \u00e7al\u0131\u015fmaktad\u0131r. Ye\u015fil Kart nedir? Ye\u015fil Kart, sahibine Amerika Birle\u015fik Devletleri&#8217;nde daimi ikamet etme hakk\u0131 veren bir Amerikan kart\u0131d\u0131r. Yabanc\u0131lar\u0131n Amerika Birle\u015fik Devletleri&#8217;nde yasal olarak \u00e7al\u0131\u015fmas\u0131na izin verir. Bu oturma izni, [&hellip;]<\/p>\n","protected":false},"author":1,"featured_media":0,"parent":0,"menu_order":0,"comment_status":"closed","ping_status":"closed","template":"","meta":{"footnotes":""},"class_list":["post-1118","page","type-page","status-publish","hentry"],"yoast_head":"<!-- This site is optimized with the Yoast SEO plugin v27.4 - https:\/\/yoast.com\/product\/yoast-seo-wordpress\/ -->\n<title>Amerikan Ye\u015fil Kart \u00e7ekili\u015fine kat\u0131lmak - USA GC<\/title>\n<meta name=\"description\" content=\"Ye\u015fil Kart kazanmak i\u00e7in Amerikan piyangosuna kat\u0131l\u0131n. Bu, Amerika Birle\u015fik Devletleri&#039;nde ya\u015famak i\u00e7in kullan\u0131lan daimi ikamet kart\u0131d\u0131r.\" \/>\n<meta name=\"robots\" content=\"index, follow, max-snippet:-1, max-image-preview:large, max-video-preview:-1\" \/>\n<link rel=\"canonical\" href=\"https:\/\/us-gc.net\/tr\/amerikan-yesil-kart-cekilisine\/\" \/>\n<meta property=\"og:locale\" content=\"tr_TR\" \/>\n<meta property=\"og:type\" content=\"article\" \/>\n<meta property=\"og:title\" content=\"Amerikan Ye\u015fil Kart \u00e7ekili\u015fine kat\u0131lmak - USA GC\" \/>\n<meta property=\"og:description\" content=\"Ye\u015fil Kart kazanmak i\u00e7in Amerikan piyangosuna kat\u0131l\u0131n. Bu, Amerika Birle\u015fik Devletleri&#039;nde ya\u015famak i\u00e7in kullan\u0131lan daimi ikamet kart\u0131d\u0131r.\" \/>\n<meta property=\"og:url\" content=\"https:\/\/us-gc.net\/tr\/amerikan-yesil-kart-cekilisine\/\" \/>\n<meta property=\"og:site_name\" content=\"USA GC\" \/>\n<meta property=\"article:modified_time\" content=\"2024-12-30T09:46:12+00:00\" \/>\n<meta name=\"twitter:card\" content=\"summary_large_image\" \/>\n<meta name=\"twitter:label1\" content=\"Tahmini okuma s\u00fcresi\" \/>\n\t<meta name=\"twitter:data1\" content=\"2 dakika\" \/>\n<script type=\"application\/ld+json\" class=\"yoast-schema-graph\">{\"@context\":\"https:\\\/\\\/schema.org\",\"@graph\":[{\"@type\":\"WebPage\",\"@id\":\"https:\\\/\\\/us-gc.net\\\/tr\\\/amerikan-yesil-kart-cekilisine\\\/\",\"url\":\"https:\\\/\\\/us-gc.net\\\/tr\\\/amerikan-yesil-kart-cekilisine\\\/\",\"name\":\"Amerikan Ye\u015fil Kart \u00e7ekili\u015fine kat\u0131lmak - USA GC\",\"isPartOf\":{\"@id\":\"https:\\\/\\\/us-gc.net\\\/tr\\\/#website\"},\"datePublished\":\"2024-01-31T15:53:04+00:00\",\"dateModified\":\"2024-12-30T09:46:12+00:00\",\"description\":\"Ye\u015fil Kart kazanmak i\u00e7in Amerikan piyangosuna kat\u0131l\u0131n. Bu, Amerika Birle\u015fik Devletleri'nde ya\u015famak i\u00e7in kullan\u0131lan daimi ikamet kart\u0131d\u0131r.\",\"breadcrumb\":{\"@id\":\"https:\\\/\\\/us-gc.net\\\/tr\\\/amerikan-yesil-kart-cekilisine\\\/#breadcrumb\"},\"inLanguage\":\"tr\",\"potentialAction\":[{\"@type\":\"ReadAction\",\"target\":[\"https:\\\/\\\/us-gc.net\\\/tr\\\/amerikan-yesil-kart-cekilisine\\\/\"]}]},{\"@type\":\"BreadcrumbList\",\"@id\":\"https:\\\/\\\/us-gc.net\\\/tr\\\/amerikan-yesil-kart-cekilisine\\\/#breadcrumb\",\"itemListElement\":[{\"@type\":\"ListItem\",\"position\":1,\"name\":\"Accueil\",\"item\":\"https:\\\/\\\/us-gc.net\\\/tr\\\/green-card\\\/\"},{\"@type\":\"ListItem\",\"position\":2,\"name\":\"Amerikan Ye\u015fil Kart \u00e7ekili\u015fine kat\u0131lmak\"}]},{\"@type\":\"WebSite\",\"@id\":\"https:\\\/\\\/us-gc.net\\\/tr\\\/#website\",\"url\":\"https:\\\/\\\/us-gc.net\\\/tr\\\/\",\"name\":\"USA GC\",\"description\":\"\",\"potentialAction\":[{\"@type\":\"SearchAction\",\"target\":{\"@type\":\"EntryPoint\",\"urlTemplate\":\"https:\\\/\\\/us-gc.net\\\/tr\\\/?s={search_term_string}\"},\"query-input\":{\"@type\":\"PropertyValueSpecification\",\"valueRequired\":true,\"valueName\":\"search_term_string\"}}],\"inLanguage\":\"tr\"}]}<\/script>\n<!-- \/ Yoast SEO plugin. -->","yoast_head_json":{"title":"Amerikan Ye\u015fil Kart \u00e7ekili\u015fine kat\u0131lmak - USA GC","description":"Ye\u015fil Kart kazanmak i\u00e7in Amerikan piyangosuna kat\u0131l\u0131n. Bu, Amerika Birle\u015fik Devletleri'nde ya\u015famak i\u00e7in kullan\u0131lan daimi ikamet kart\u0131d\u0131r.","robots":{"index":"index","follow":"follow","max-snippet":"max-snippet:-1","max-image-preview":"max-image-preview:large","max-video-preview":"max-video-preview:-1"},"canonical":"https:\/\/us-gc.net\/tr\/amerikan-yesil-kart-cekilisine\/","og_locale":"tr_TR","og_type":"article","og_title":"Amerikan Ye\u015fil Kart \u00e7ekili\u015fine kat\u0131lmak - USA GC","og_description":"Ye\u015fil Kart kazanmak i\u00e7in Amerikan piyangosuna kat\u0131l\u0131n. Bu, Amerika Birle\u015fik Devletleri'nde ya\u015famak i\u00e7in kullan\u0131lan daimi ikamet kart\u0131d\u0131r.","og_url":"https:\/\/us-gc.net\/tr\/amerikan-yesil-kart-cekilisine\/","og_site_name":"USA GC","article_modified_time":"2024-12-30T09:46:12+00:00","twitter_card":"summary_large_image","twitter_misc":{"Tahmini okuma s\u00fcresi":"2 dakika"},"schema":{"@context":"https:\/\/schema.org","@graph":[{"@type":"WebPage","@id":"https:\/\/us-gc.net\/tr\/amerikan-yesil-kart-cekilisine\/","url":"https:\/\/us-gc.net\/tr\/amerikan-yesil-kart-cekilisine\/","name":"Amerikan Ye\u015fil Kart \u00e7ekili\u015fine kat\u0131lmak - USA GC","isPartOf":{"@id":"https:\/\/us-gc.net\/tr\/#website"},"datePublished":"2024-01-31T15:53:04+00:00","dateModified":"2024-12-30T09:46:12+00:00","description":"Ye\u015fil Kart kazanmak i\u00e7in Amerikan piyangosuna kat\u0131l\u0131n. Bu, Amerika Birle\u015fik Devletleri'nde ya\u015famak i\u00e7in kullan\u0131lan daimi ikamet kart\u0131d\u0131r.","breadcrumb":{"@id":"https:\/\/us-gc.net\/tr\/amerikan-yesil-kart-cekilisine\/#breadcrumb"},"inLanguage":"tr","potentialAction":[{"@type":"ReadAction","target":["https:\/\/us-gc.net\/tr\/amerikan-yesil-kart-cekilisine\/"]}]},{"@type":"BreadcrumbList","@id":"https:\/\/us-gc.net\/tr\/amerikan-yesil-kart-cekilisine\/#breadcrumb","itemListElement":[{"@type":"ListItem","position":1,"name":"Accueil","item":"https:\/\/us-gc.net\/tr\/green-card\/"},{"@type":"ListItem","position":2,"name":"Amerikan Ye\u015fil Kart \u00e7ekili\u015fine kat\u0131lmak"}]},{"@type":"WebSite","@id":"https:\/\/us-gc.net\/tr\/#website","url":"https:\/\/us-gc.net\/tr\/","name":"USA GC","description":"","potentialAction":[{"@type":"SearchAction","target":{"@type":"EntryPoint","urlTemplate":"https:\/\/us-gc.net\/tr\/?s={search_term_string}"},"query-input":{"@type":"PropertyValueSpecification","valueRequired":true,"valueName":"search_term_string"}}],"inLanguage":"tr"}]}},"_links":{"self":[{"href":"https:\/\/us-gc.net\/tr\/wp-json\/wp\/v2\/pages\/1118","targetHints":{"allow":["GET"]}}],"collection":[{"href":"https:\/\/us-gc.net\/tr\/wp-json\/wp\/v2\/pages"}],"about":[{"href":"https:\/\/us-gc.net\/tr\/wp-json\/wp\/v2\/types\/page"}],"author":[{"embeddable":true,"href":"https:\/\/us-gc.net\/tr\/wp-json\/wp\/v2\/users\/1"}],"replies":[{"embeddable":true,"href":"https:\/\/us-gc.net\/tr\/wp-json\/wp\/v2\/comments?post=1118"}],"version-history":[{"count":1,"href":"https:\/\/us-gc.net\/tr\/wp-json\/wp\/v2\/pages\/1118\/revisions"}],"predecessor-version":[{"id":8022,"href":"https:\/\/us-gc.net\/tr\/wp-json\/wp\/v2\/pages\/1118\/revisions\/8022"}],"wp:attachment":[{"href":"https:\/\/us-gc.net\/tr\/wp-json\/wp\/v2\/media?parent=1118"}],"curies":[{"name":"wp","href":"https:\/\/api.w.org\/{rel}","templated":true}]}}