{"id":1049,"date":"2024-01-31T16:02:41","date_gmt":"2024-01-31T16:02:41","guid":{"rendered":"https:\/\/green-card-usa.net\/green-card-cekilisi-2025\/"},"modified":"2024-12-30T09:45:45","modified_gmt":"2024-12-30T09:45:45","slug":"green-card-cekilisi-2025","status":"publish","type":"page","link":"https:\/\/us-gc.net\/tr\/green-card-cekilisi-2025\/","title":{"rendered":"Green Card 2025 \u00e7ekili\u015fi"},"content":{"rendered":"\n<h1 class=\"wp-block-heading\" id=\"h-loterie-de-la-green-card-en-2025\">2025&#8217;te Green Card \u00e7ekili\u015fi<\/h1>\n\n<p>Green Card piyango \u00e7ekili\u015fi y\u0131lda sadece bir kez yap\u0131lmaktad\u0131r. Dolay\u0131s\u0131yla her y\u0131l, Ye\u015fil Kartlar\u0131n\u0131 ald\u0131klar\u0131 y\u0131la g\u00f6re adland\u0131r\u0131lan yeni bir piyango kazananlar\u0131 grubu vard\u0131r.<\/p>\n\n<h2 class=\"wp-block-heading\" id=\"h-qu-est-ce-que-la-loterie-2025-de-la-green-card\">Green Card 2025 \u00e7ekili\u015fi nedir?<\/h2>\n\n<p>2025 Ye\u015fil Kart \u00e7ekili\u015fi, 2025 y\u0131l\u0131nda verilecek Ye\u015fil Kart kotas\u0131 ile ilgilidir. 2025 \u00e7ekili\u015fi Ekim 2023&#8217;te ger\u00e7ekle\u015ftirilecektir. Bu \u00e7ekili\u015fte 50.000&#8217;den fazla yabanc\u0131 uyruklu ki\u015fi, ABD <a href=\"https:\/\/us-gc.net\/tr\/cesitlilik-vize-programi\/\">\u00c7e\u015fitlilik Vize Program\u0131<\/a> kapsam\u0131nda Ye\u015fil Kart alma hakk\u0131n\u0131 kazananlar olarak se\u00e7ilmi\u015ftir.  <\/p>\n\n<h2 class=\"wp-block-heading\" id=\"h-quand-se-deroule-la-loterie-de-la-green-card-en-2025\">Green Card \u00e7ekili\u015fi 2025 y\u0131l\u0131nda ne zaman ger\u00e7ekle\u015fecek?<\/h2>\n\n<p>2025&#8217;te ger\u00e7ekle\u015fecek olan \u00e7ekili\u015f i\u00e7in kay\u0131tlar Ekim 2025&#8217;te a\u00e7\u0131lacak.<\/p>\n\n<h2 class=\"wp-block-heading\" id=\"h-quelles-sont-les-resultats-de-la-loterie-de-la-green-card-2025\">Green Card 2025 \u00e7ekili\u015finin sonu\u00e7lar\u0131 nelerdir?<\/h2>\n\n<p><a href=\"https:\/\/us-gc.net\/tr\/sonuclar-cekilis-green-card\/\">Ye\u015fil Kart \u00e7ekili\u015finin sonu\u00e7lar\u0131<\/a>, Kas\u0131m ay\u0131nda yap\u0131lan \u00e7ekili\u015ften yakla\u015f\u0131k 6 ay sonra yay\u0131nlanacakt\u0131r. 2025&#8217;te ger\u00e7ekle\u015fecek piyango \u00e7ekili\u015finin sonu\u00e7lar\u0131 May\u0131s 2026&#8217;dan itibaren \u00e7evrimi\u00e7i olarak yay\u0131nlanacakt\u0131r.<\/p>\n\n<p>Kas\u0131m 2023&#8217;te ger\u00e7ekle\u015ftirilen \u00c7e\u015fitlilik Vizesi 2025 \u00e7ekili\u015finin sonu\u00e7lar\u0131na 4 May\u0131s 2024 tarihinden itibaren <a href=\"https:\/\/dvprogram.state.gov\/ESC\/\">dvprogram.state.gov<\/a> adresinden ula\u015f\u0131labilmektedir.<\/p>\n\n<h2 class=\"wp-block-heading\" id=\"h-comment-s-inscrire-a-la-loterie-de-la-green-card-2025\">Green Card 2025 \u00e7ekili\u015fine nas\u0131l kat\u0131labilirim?<\/h2>\n\n<p><a href=\"https:\/\/us-gc.net\/tr\/amerikan-yesil-kart-cekilisine\/\">Green Card USA \u00e7ek<\/a> ili\u015fi i\u00e7in kay\u0131tlar tamamen online olarak yap\u0131lmaktad\u0131r. <a href=\"https:\/\/us-gc.net\/tr\/green-card-cekilisi-formu\/\">Online forma<\/a> t\u0131klayarak sadece birka\u00e7 <strong>dakika i\u00e7inde online kay\u0131t yapt\u0131rarak bu y\u0131ll\u0131k \u00e7ekili\u015fe kat\u0131l\u0131n<\/strong>. \u0130\u015flem yaln\u0131zca birka\u00e7 dakika s\u00fcrer.<\/p>\n\n<h2 class=\"wp-block-heading\" id=\"h-quel-sont-les-etapes-suivantes-pour-les-gagnants-de-la-loterie\">Piyango talihlileri i\u00e7in sonraki ad\u0131mlar nelerdir?<\/h2>\n\n<p>Piyangoyu kazananlar\u0131n daha sonra \u00c7e\u015fitlilik vizesi almalar\u0131 gerekmektedir. Prosed\u00fcrdeki sonraki ad\u0131mlar \u015funlard\u0131r:<\/p>\n\n<ul class=\"wp-block-list\">\n<li><a href=\"https:\/\/travel.state.gov\/content\/travel\/en\/us-visas\/visa-information-resources\/forms\/online-immigrant-visa-forms\/ds-260-faqs.html\">DS-260 vize ba\u015fvuru formunu<\/a> doldurun.<\/li>\n\n\n\n<li>Bu zorunlu vize ba\u015fvurusunun bir par\u00e7as\u0131 olarak <a href=\"https:\/\/us-gc.net\/tr\/green-card-fiyati\/\">Green Card almak i\u00e7in gereken \u00fccretlerin<\/a> \u00f6denmesi;<\/li>\n\n\n\n<li>USCIS \u00c7e\u015fitlilik Vize Program\u0131 g\u00f6revlisi ile <a href=\"https:\/\/us-gc.net\/tr\/green-card-mulakat\/\">Green Card i\u00e7in m\u00fclakat<\/a>;<\/li>\n\n\n\n<li>T\u0131bbi muayene ger\u00e7ekle\u015ftirin.<\/li>\n<\/ul>\n\n<div style=\"height:10px\" aria-hidden=\"true\" class=\"wp-block-spacer\"><\/div>\n\n<p><a href=\"https:\/\/us-gc.net\/tr\/green-card-ve-vize-arasindaki-fark\/\">Green Card ve vize farkl\u0131 belgelerdir<\/a>. \u00c7e\u015fitlilik Vizesi almak, Green Card alman\u0131n ad\u0131mlar\u0131ndan biridir.<\/p>\n","protected":false},"excerpt":{"rendered":"<p>2025&#8217;te Green Card \u00e7ekili\u015fi Green Card piyango \u00e7ekili\u015fi y\u0131lda sadece bir kez yap\u0131lmaktad\u0131r. Dolay\u0131s\u0131yla her y\u0131l, Ye\u015fil Kartlar\u0131n\u0131 ald\u0131klar\u0131 y\u0131la g\u00f6re adland\u0131r\u0131lan yeni bir piyango kazananlar\u0131 grubu vard\u0131r. Green Card 2025 \u00e7ekili\u015fi nedir? 2025 Ye\u015fil Kart \u00e7ekili\u015fi, 2025 y\u0131l\u0131nda verilecek Ye\u015fil Kart kotas\u0131 ile ilgilidir. 2025 \u00e7ekili\u015fi Ekim 2023&#8217;te ger\u00e7ekle\u015ftirilecektir. Bu \u00e7ekili\u015fte 50.000&#8217;den fazla yabanc\u0131 [&hellip;]<\/p>\n","protected":false},"author":1,"featured_media":0,"parent":0,"menu_order":0,"comment_status":"closed","ping_status":"closed","template":"","meta":{"footnotes":""},"class_list":["post-1049","page","type-page","status-publish","hentry"],"yoast_head":"<!-- This site is optimized with the Yoast SEO plugin v27.4 - https:\/\/yoast.com\/product\/yoast-seo-wordpress\/ -->\n<title>Green Card 2025 \u00e7ekili\u015fi - USA GC<\/title>\n<meta name=\"description\" content=\"Amerika Birle\u015fik Devletleri&#039;nde daimi ikamet kart\u0131 almak i\u00e7in 2025 Ye\u015fil Kart \u00e7ekili\u015fine kat\u0131lmak\" \/>\n<meta name=\"robots\" content=\"index, follow, max-snippet:-1, max-image-preview:large, max-video-preview:-1\" \/>\n<link rel=\"canonical\" href=\"https:\/\/us-gc.net\/tr\/green-card-cekilisi-2025\/\" \/>\n<meta property=\"og:locale\" content=\"tr_TR\" \/>\n<meta property=\"og:type\" content=\"article\" \/>\n<meta property=\"og:title\" content=\"Green Card 2025 \u00e7ekili\u015fi - USA GC\" \/>\n<meta property=\"og:description\" content=\"Amerika Birle\u015fik Devletleri&#039;nde daimi ikamet kart\u0131 almak i\u00e7in 2025 Ye\u015fil Kart \u00e7ekili\u015fine kat\u0131lmak\" \/>\n<meta property=\"og:url\" content=\"https:\/\/us-gc.net\/tr\/green-card-cekilisi-2025\/\" \/>\n<meta property=\"og:site_name\" content=\"USA GC\" \/>\n<meta property=\"article:modified_time\" content=\"2024-12-30T09:45:45+00:00\" \/>\n<meta name=\"twitter:card\" content=\"summary_large_image\" \/>\n<meta name=\"twitter:label1\" content=\"Tahmini okuma s\u00fcresi\" \/>\n\t<meta name=\"twitter:data1\" content=\"2 dakika\" \/>\n<script type=\"application\/ld+json\" class=\"yoast-schema-graph\">{\"@context\":\"https:\\\/\\\/schema.org\",\"@graph\":[{\"@type\":\"WebPage\",\"@id\":\"https:\\\/\\\/us-gc.net\\\/tr\\\/green-card-cekilisi-2025\\\/\",\"url\":\"https:\\\/\\\/us-gc.net\\\/tr\\\/green-card-cekilisi-2025\\\/\",\"name\":\"Green Card 2025 \u00e7ekili\u015fi - USA GC\",\"isPartOf\":{\"@id\":\"https:\\\/\\\/us-gc.net\\\/tr\\\/#website\"},\"datePublished\":\"2024-01-31T16:02:41+00:00\",\"dateModified\":\"2024-12-30T09:45:45+00:00\",\"description\":\"Amerika Birle\u015fik Devletleri'nde daimi ikamet kart\u0131 almak i\u00e7in 2025 Ye\u015fil Kart \u00e7ekili\u015fine kat\u0131lmak\",\"breadcrumb\":{\"@id\":\"https:\\\/\\\/us-gc.net\\\/tr\\\/green-card-cekilisi-2025\\\/#breadcrumb\"},\"inLanguage\":\"tr\",\"potentialAction\":[{\"@type\":\"ReadAction\",\"target\":[\"https:\\\/\\\/us-gc.net\\\/tr\\\/green-card-cekilisi-2025\\\/\"]}]},{\"@type\":\"BreadcrumbList\",\"@id\":\"https:\\\/\\\/us-gc.net\\\/tr\\\/green-card-cekilisi-2025\\\/#breadcrumb\",\"itemListElement\":[{\"@type\":\"ListItem\",\"position\":1,\"name\":\"Accueil\",\"item\":\"https:\\\/\\\/us-gc.net\\\/tr\\\/green-card\\\/\"},{\"@type\":\"ListItem\",\"position\":2,\"name\":\"Green Card 2025 \u00e7ekili\u015fi\"}]},{\"@type\":\"WebSite\",\"@id\":\"https:\\\/\\\/us-gc.net\\\/tr\\\/#website\",\"url\":\"https:\\\/\\\/us-gc.net\\\/tr\\\/\",\"name\":\"USA GC\",\"description\":\"\",\"potentialAction\":[{\"@type\":\"SearchAction\",\"target\":{\"@type\":\"EntryPoint\",\"urlTemplate\":\"https:\\\/\\\/us-gc.net\\\/tr\\\/?s={search_term_string}\"},\"query-input\":{\"@type\":\"PropertyValueSpecification\",\"valueRequired\":true,\"valueName\":\"search_term_string\"}}],\"inLanguage\":\"tr\"}]}<\/script>\n<!-- \/ Yoast SEO plugin. -->","yoast_head_json":{"title":"Green Card 2025 \u00e7ekili\u015fi - USA GC","description":"Amerika Birle\u015fik Devletleri'nde daimi ikamet kart\u0131 almak i\u00e7in 2025 Ye\u015fil Kart \u00e7ekili\u015fine kat\u0131lmak","robots":{"index":"index","follow":"follow","max-snippet":"max-snippet:-1","max-image-preview":"max-image-preview:large","max-video-preview":"max-video-preview:-1"},"canonical":"https:\/\/us-gc.net\/tr\/green-card-cekilisi-2025\/","og_locale":"tr_TR","og_type":"article","og_title":"Green Card 2025 \u00e7ekili\u015fi - USA GC","og_description":"Amerika Birle\u015fik Devletleri'nde daimi ikamet kart\u0131 almak i\u00e7in 2025 Ye\u015fil Kart \u00e7ekili\u015fine kat\u0131lmak","og_url":"https:\/\/us-gc.net\/tr\/green-card-cekilisi-2025\/","og_site_name":"USA GC","article_modified_time":"2024-12-30T09:45:45+00:00","twitter_card":"summary_large_image","twitter_misc":{"Tahmini okuma s\u00fcresi":"2 dakika"},"schema":{"@context":"https:\/\/schema.org","@graph":[{"@type":"WebPage","@id":"https:\/\/us-gc.net\/tr\/green-card-cekilisi-2025\/","url":"https:\/\/us-gc.net\/tr\/green-card-cekilisi-2025\/","name":"Green Card 2025 \u00e7ekili\u015fi - USA GC","isPartOf":{"@id":"https:\/\/us-gc.net\/tr\/#website"},"datePublished":"2024-01-31T16:02:41+00:00","dateModified":"2024-12-30T09:45:45+00:00","description":"Amerika Birle\u015fik Devletleri'nde daimi ikamet kart\u0131 almak i\u00e7in 2025 Ye\u015fil Kart \u00e7ekili\u015fine kat\u0131lmak","breadcrumb":{"@id":"https:\/\/us-gc.net\/tr\/green-card-cekilisi-2025\/#breadcrumb"},"inLanguage":"tr","potentialAction":[{"@type":"ReadAction","target":["https:\/\/us-gc.net\/tr\/green-card-cekilisi-2025\/"]}]},{"@type":"BreadcrumbList","@id":"https:\/\/us-gc.net\/tr\/green-card-cekilisi-2025\/#breadcrumb","itemListElement":[{"@type":"ListItem","position":1,"name":"Accueil","item":"https:\/\/us-gc.net\/tr\/green-card\/"},{"@type":"ListItem","position":2,"name":"Green Card 2025 \u00e7ekili\u015fi"}]},{"@type":"WebSite","@id":"https:\/\/us-gc.net\/tr\/#website","url":"https:\/\/us-gc.net\/tr\/","name":"USA GC","description":"","potentialAction":[{"@type":"SearchAction","target":{"@type":"EntryPoint","urlTemplate":"https:\/\/us-gc.net\/tr\/?s={search_term_string}"},"query-input":{"@type":"PropertyValueSpecification","valueRequired":true,"valueName":"search_term_string"}}],"inLanguage":"tr"}]}},"_links":{"self":[{"href":"https:\/\/us-gc.net\/tr\/wp-json\/wp\/v2\/pages\/1049","targetHints":{"allow":["GET"]}}],"collection":[{"href":"https:\/\/us-gc.net\/tr\/wp-json\/wp\/v2\/pages"}],"about":[{"href":"https:\/\/us-gc.net\/tr\/wp-json\/wp\/v2\/types\/page"}],"author":[{"embeddable":true,"href":"https:\/\/us-gc.net\/tr\/wp-json\/wp\/v2\/users\/1"}],"replies":[{"embeddable":true,"href":"https:\/\/us-gc.net\/tr\/wp-json\/wp\/v2\/comments?post=1049"}],"version-history":[{"count":1,"href":"https:\/\/us-gc.net\/tr\/wp-json\/wp\/v2\/pages\/1049\/revisions"}],"predecessor-version":[{"id":7956,"href":"https:\/\/us-gc.net\/tr\/wp-json\/wp\/v2\/pages\/1049\/revisions\/7956"}],"wp:attachment":[{"href":"https:\/\/us-gc.net\/tr\/wp-json\/wp\/v2\/media?parent=1049"}],"curies":[{"name":"wp","href":"https:\/\/api.w.org\/{rel}","templated":true}]}}