{"id":1033,"date":"2024-01-31T15:56:24","date_gmt":"2024-01-31T15:56:24","guid":{"rendered":"https:\/\/green-card-usa.net\/green-card-cekilis-2024\/"},"modified":"2025-03-31T10:08:02","modified_gmt":"2025-03-31T10:08:02","slug":"green-card-cekilis-2024","status":"publish","type":"page","link":"https:\/\/us-gc.net\/tr\/green-card-cekilis-2024\/","title":{"rendered":"Green Card 2024 \u00e7ekili\u015fi"},"content":{"rendered":"\n<h1 class=\"wp-block-heading\" id=\"h-loterie-de-la-green-card-en-2024\">Green Card \u00e7ekili\u015fi 2024&#8217;te<\/h1>\n\n<p>Green Card piyango \u00e7ekili\u015fi y\u0131lda sadece bir kez yap\u0131lmaktad\u0131r. Piyango y\u0131l\u0131n\u0131 belirlemenin iki yolu vard\u0131r:<\/p>\n\n<ul class=\"wp-block-list\">\n<li>ABD D\u0131\u015fi\u015fleri Bakanl\u0131\u011f\u0131, her bir \u00e7ekili\u015f promosyonunu, ba\u015fvuru sahiplerinin <a href=\"https:\/\/us-gc.net\/tr\/\">Green Card<\/a> alacaklar\u0131 y\u0131la g\u00f6re adland\u0131rmaktad\u0131r. Yani 2024&#8217;\u00fcn d\u00f6rd\u00fcnc\u00fc \u00e7eyre\u011finde ger\u00e7ekle\u015fecek olan \u00e7ekili\u015f <a href=\"https:\/\/us-gc.net\/tr\/cekilisi-green-card-2026\/\">Green Card 2026<\/a> program\u0131d\u0131r;<\/li>\n\n\n\n<li>\u00c7o\u011fu \u00e7ekili\u015f ba\u015fvuru sahibi, 2024 y\u0131l\u0131nda ger\u00e7ekle\u015fecek \u00e7ekili\u015fe Green Card 2024 \u00e7ekili\u015fi ad\u0131n\u0131 vermektedir.<\/li>\n<\/ul>\n\n<h2 class=\"wp-block-heading\" id=\"h-qu-est-ce-que-la-loterie-2024-de-la-green-card\">Green Card 2024 \u00e7ekili\u015fi nedir?<\/h2>\n\n<p>Green Card 2024 \u00e7ekili\u015fi \u00e7o\u011funlukla 2024 y\u0131l\u0131 boyunca ger\u00e7ekle\u015fen y\u0131ll\u0131k \u00e7ekili\u015f olarak an\u0131lmaktad\u0131r. Bu \u00f6d\u00fcl \u00e7ekili\u015fi y\u0131lda bir kez yap\u0131lmakta ve 50.000&#8217;den fazla yabanc\u0131 uyruklu ki\u015finin ABD \u00c7e\u015fitlilik Vize Program\u0131 kapsam\u0131nda Ye\u015fil Kart ba\u015fvurusu yapma hakk\u0131 kazanmas\u0131na olanak sa\u011flamaktad\u0131r.<\/p>\n\n<h2 class=\"wp-block-heading\" id=\"h-quand-se-deroule-la-loterie-de-la-green-card-pour-l-annee-2024\">Green Card \u00e7ekili\u015fi 2024 y\u0131l\u0131 i\u00e7in ne zaman?<\/h2>\n\n<p>2024&#8217;teki \u00e7ekili\u015f i\u00e7in son kay\u0131tlar Ekim 2024&#8217;te ger\u00e7ekle\u015fti. 2024 i\u00e7in kesin tarihler \u015f\u00f6yleydi: <\/p>\n\n<ul class=\"wp-block-list\">\n<li>Kay\u0131t s\u00fcresi 2 Ekim 2024 tarihinde ba\u015flam\u0131\u015ft\u0131r;<\/li>\n\n\n\n<li>Kay\u0131tlar 5 Kas\u0131m 2024 tarihinde kapanm\u0131\u015ft\u0131r.<\/li>\n<\/ul>\n\n<div style=\"height:10px\" aria-hidden=\"true\" class=\"wp-block-spacer\"><\/div>\n\n<p>Bir sonraki kay\u0131t a\u015famas\u0131, 2025 y\u0131l\u0131nda ger\u00e7ekle\u015fecek olan \u00e7ekili\u015fe kat\u0131lmak olacakt\u0131r. \u00c7ekili\u015fe kat\u0131lmak \u00fczere ba\u015fvurunuzu tamamlamak i\u00e7in <a href=\"https:\/\/us-gc.net\/tr\/green-card-cekilisi-formu\/\">\u00e7evrimi\u00e7i forma<\/a> t\u0131klayarak \u015fimdiden \u00f6n kay\u0131t yapt\u0131rabilirsiniz. <\/p>\n\n<h2 class=\"wp-block-heading\" id=\"h-quelles-sont-les-resultats-de-la-loterie-de-la-green-card-2024\">Green Card 2024 \u00e7ekili\u015finin sonu\u00e7lar\u0131 nelerdir?<\/h2>\n\n<p><a href=\"https:\/\/us-gc.net\/tr\/sonuclar-cekilis-green-card\/\">Green Card \u00e7ekili\u015finin sonu\u00e7lar\u0131<\/a> her y\u0131l Kas\u0131m ay\u0131nda yap\u0131lan \u00e7ekili\u015ften yakla\u015f\u0131k 6 ay sonra yay\u0131nlanmaktad\u0131r. 2024&#8217;te ger\u00e7ekle\u015fecek piyango \u00e7ekili\u015finin sonu\u00e7lar\u0131 May\u0131s 2025&#8217;ten itibaren \u00e7evrimi\u00e7i olarak yay\u0131nlanacakt\u0131r.<\/p>\n\n<h2 class=\"wp-block-heading\" id=\"h-comment-s-inscrire-a-la-loterie-de-la-green-card-2024\">Green Card 2024 \u00e7ekili\u015fine nas\u0131l kat\u0131labilirim?<\/h2>\n\n<p><a href=\"https:\/\/us-gc.net\/tr\/amerikan-yesil-kart-cekilisine\/\">Green Card USA \u00e7ek<\/a> ili\u015fi i\u00e7in kay\u0131tlar tamamen online olarak yap\u0131lmaktad\u0131r. <a href=\"https:\/\/us-gc.net\/tr\/green-card-cekilisi-formu\/\">Online forma<\/a> t\u0131klayarak sadece birka\u00e7 <strong>dakika i\u00e7inde online kay\u0131t yapt\u0131rarak bu y\u0131ll\u0131k \u00e7ekili\u015fe kat\u0131l\u0131n<\/strong>. \u0130\u015flem yaln\u0131zca birka\u00e7 dakika s\u00fcrer.<\/p>\n\n<h2 class=\"wp-block-heading\" id=\"h-quel-sont-les-etapes-suivantes-pour-les-gagnants-de-la-loterie\">Piyango talihlileri i\u00e7in sonraki ad\u0131mlar nelerdir?<\/h2>\n\n<p>Piyangoyu kazananlar\u0131n daha sonra \u00c7e\u015fitlilik vizesi almalar\u0131 gerekmektedir. Prosed\u00fcrdeki sonraki ad\u0131mlar \u015funlard\u0131r:<\/p>\n\n<ul class=\"wp-block-list\">\n<li><a href=\"https:\/\/travel.state.gov\/content\/travel\/en\/us-visas\/visa-information-resources\/forms\/online-immigrant-visa-forms\/ds-260-faqs.html\">DS-260 vize ba\u015fvuru formunu<\/a> doldurun.<\/li>\n\n\n\n<li>Bu zorunlu vize ba\u015fvurusunun bir par\u00e7as\u0131 olarak <a href=\"https:\/\/us-gc.net\/tr\/green-card-fiyati\/\">Green Card almak i\u00e7in gereken \u00fccretlerin<\/a> \u00f6denmesi;<\/li>\n\n\n\n<li>USCIS \u00c7e\u015fitlilik Vize Program\u0131 g\u00f6revlisi ile <a href=\"https:\/\/us-gc.net\/tr\/green-card-mulakat\/\">Green Card i\u00e7in m\u00fclakat<\/a>;<\/li>\n\n\n\n<li>T\u0131bbi muayene ger\u00e7ekle\u015ftirin.<\/li>\n<\/ul>\n\n<div style=\"height:10px\" aria-hidden=\"true\" class=\"wp-block-spacer\"><\/div>\n\n<p><a href=\"https:\/\/us-gc.net\/tr\/green-card-ve-vize-arasindaki-fark\/\">Green Card ve vize farkl\u0131 belgelerdir<\/a>. \u00c7e\u015fitlilik Vizesi almak, Green Card alman\u0131n ad\u0131mlar\u0131ndan biridir.<\/p>\n","protected":false},"excerpt":{"rendered":"<p>Green Card \u00e7ekili\u015fi 2024&#8217;te Green Card piyango \u00e7ekili\u015fi y\u0131lda sadece bir kez yap\u0131lmaktad\u0131r. Piyango y\u0131l\u0131n\u0131 belirlemenin iki yolu vard\u0131r: Green Card 2024 \u00e7ekili\u015fi nedir? Green Card 2024 \u00e7ekili\u015fi \u00e7o\u011funlukla 2024 y\u0131l\u0131 boyunca ger\u00e7ekle\u015fen y\u0131ll\u0131k \u00e7ekili\u015f olarak an\u0131lmaktad\u0131r. Bu \u00f6d\u00fcl \u00e7ekili\u015fi y\u0131lda bir kez yap\u0131lmakta ve 50.000&#8217;den fazla yabanc\u0131 uyruklu ki\u015finin ABD \u00c7e\u015fitlilik Vize Program\u0131 kapsam\u0131nda [&hellip;]<\/p>\n","protected":false},"author":1,"featured_media":0,"parent":0,"menu_order":0,"comment_status":"closed","ping_status":"closed","template":"","meta":{"footnotes":""},"class_list":["post-1033","page","type-page","status-publish","hentry"],"yoast_head":"<!-- This site is optimized with the Yoast SEO plugin v27.4 - https:\/\/yoast.com\/product\/yoast-seo-wordpress\/ -->\n<title>Green Card 2024 \u00e7ekili\u015fi - USA GC<\/title>\n<meta name=\"description\" content=\"2024&#039;te Green Card i\u00e7in yap\u0131lacak piyango \u00e7ekili\u015fine kat\u0131l\u0131n. Green Card kazanma \u015fans\u0131 i\u00e7in her y\u0131l bir \u00e7ekili\u015f d\u00fczenlenmektedir.\" \/>\n<meta name=\"robots\" content=\"index, follow, max-snippet:-1, max-image-preview:large, max-video-preview:-1\" \/>\n<link rel=\"canonical\" href=\"https:\/\/us-gc.net\/tr\/green-card-cekilis-2024\/\" \/>\n<meta property=\"og:locale\" content=\"tr_TR\" \/>\n<meta property=\"og:type\" content=\"article\" \/>\n<meta property=\"og:title\" content=\"Green Card 2024 \u00e7ekili\u015fi - USA GC\" \/>\n<meta property=\"og:description\" content=\"2024&#039;te Green Card i\u00e7in yap\u0131lacak piyango \u00e7ekili\u015fine kat\u0131l\u0131n. Green Card kazanma \u015fans\u0131 i\u00e7in her y\u0131l bir \u00e7ekili\u015f d\u00fczenlenmektedir.\" \/>\n<meta property=\"og:url\" content=\"https:\/\/us-gc.net\/tr\/green-card-cekilis-2024\/\" \/>\n<meta property=\"og:site_name\" content=\"USA GC\" \/>\n<meta property=\"article:modified_time\" content=\"2025-03-31T10:08:02+00:00\" \/>\n<meta name=\"twitter:card\" content=\"summary_large_image\" \/>\n<meta name=\"twitter:label1\" content=\"Tahmini okuma s\u00fcresi\" \/>\n\t<meta name=\"twitter:data1\" content=\"2 dakika\" \/>\n<script type=\"application\/ld+json\" class=\"yoast-schema-graph\">{\"@context\":\"https:\\\/\\\/schema.org\",\"@graph\":[{\"@type\":\"WebPage\",\"@id\":\"https:\\\/\\\/us-gc.net\\\/tr\\\/green-card-cekilis-2024\\\/\",\"url\":\"https:\\\/\\\/us-gc.net\\\/tr\\\/green-card-cekilis-2024\\\/\",\"name\":\"Green Card 2024 \u00e7ekili\u015fi - USA GC\",\"isPartOf\":{\"@id\":\"https:\\\/\\\/us-gc.net\\\/tr\\\/#website\"},\"datePublished\":\"2024-01-31T15:56:24+00:00\",\"dateModified\":\"2025-03-31T10:08:02+00:00\",\"description\":\"2024'te Green Card i\u00e7in yap\u0131lacak piyango \u00e7ekili\u015fine kat\u0131l\u0131n. Green Card kazanma \u015fans\u0131 i\u00e7in her y\u0131l bir \u00e7ekili\u015f d\u00fczenlenmektedir.\",\"breadcrumb\":{\"@id\":\"https:\\\/\\\/us-gc.net\\\/tr\\\/green-card-cekilis-2024\\\/#breadcrumb\"},\"inLanguage\":\"tr\",\"potentialAction\":[{\"@type\":\"ReadAction\",\"target\":[\"https:\\\/\\\/us-gc.net\\\/tr\\\/green-card-cekilis-2024\\\/\"]}]},{\"@type\":\"BreadcrumbList\",\"@id\":\"https:\\\/\\\/us-gc.net\\\/tr\\\/green-card-cekilis-2024\\\/#breadcrumb\",\"itemListElement\":[{\"@type\":\"ListItem\",\"position\":1,\"name\":\"Accueil\",\"item\":\"https:\\\/\\\/us-gc.net\\\/tr\\\/green-card\\\/\"},{\"@type\":\"ListItem\",\"position\":2,\"name\":\"Green Card 2024 \u00e7ekili\u015fi\"}]},{\"@type\":\"WebSite\",\"@id\":\"https:\\\/\\\/us-gc.net\\\/tr\\\/#website\",\"url\":\"https:\\\/\\\/us-gc.net\\\/tr\\\/\",\"name\":\"USA GC\",\"description\":\"\",\"potentialAction\":[{\"@type\":\"SearchAction\",\"target\":{\"@type\":\"EntryPoint\",\"urlTemplate\":\"https:\\\/\\\/us-gc.net\\\/tr\\\/?s={search_term_string}\"},\"query-input\":{\"@type\":\"PropertyValueSpecification\",\"valueRequired\":true,\"valueName\":\"search_term_string\"}}],\"inLanguage\":\"tr\"}]}<\/script>\n<!-- \/ Yoast SEO plugin. -->","yoast_head_json":{"title":"Green Card 2024 \u00e7ekili\u015fi - USA GC","description":"2024'te Green Card i\u00e7in yap\u0131lacak piyango \u00e7ekili\u015fine kat\u0131l\u0131n. Green Card kazanma \u015fans\u0131 i\u00e7in her y\u0131l bir \u00e7ekili\u015f d\u00fczenlenmektedir.","robots":{"index":"index","follow":"follow","max-snippet":"max-snippet:-1","max-image-preview":"max-image-preview:large","max-video-preview":"max-video-preview:-1"},"canonical":"https:\/\/us-gc.net\/tr\/green-card-cekilis-2024\/","og_locale":"tr_TR","og_type":"article","og_title":"Green Card 2024 \u00e7ekili\u015fi - USA GC","og_description":"2024'te Green Card i\u00e7in yap\u0131lacak piyango \u00e7ekili\u015fine kat\u0131l\u0131n. Green Card kazanma \u015fans\u0131 i\u00e7in her y\u0131l bir \u00e7ekili\u015f d\u00fczenlenmektedir.","og_url":"https:\/\/us-gc.net\/tr\/green-card-cekilis-2024\/","og_site_name":"USA GC","article_modified_time":"2025-03-31T10:08:02+00:00","twitter_card":"summary_large_image","twitter_misc":{"Tahmini okuma s\u00fcresi":"2 dakika"},"schema":{"@context":"https:\/\/schema.org","@graph":[{"@type":"WebPage","@id":"https:\/\/us-gc.net\/tr\/green-card-cekilis-2024\/","url":"https:\/\/us-gc.net\/tr\/green-card-cekilis-2024\/","name":"Green Card 2024 \u00e7ekili\u015fi - USA GC","isPartOf":{"@id":"https:\/\/us-gc.net\/tr\/#website"},"datePublished":"2024-01-31T15:56:24+00:00","dateModified":"2025-03-31T10:08:02+00:00","description":"2024'te Green Card i\u00e7in yap\u0131lacak piyango \u00e7ekili\u015fine kat\u0131l\u0131n. Green Card kazanma \u015fans\u0131 i\u00e7in her y\u0131l bir \u00e7ekili\u015f d\u00fczenlenmektedir.","breadcrumb":{"@id":"https:\/\/us-gc.net\/tr\/green-card-cekilis-2024\/#breadcrumb"},"inLanguage":"tr","potentialAction":[{"@type":"ReadAction","target":["https:\/\/us-gc.net\/tr\/green-card-cekilis-2024\/"]}]},{"@type":"BreadcrumbList","@id":"https:\/\/us-gc.net\/tr\/green-card-cekilis-2024\/#breadcrumb","itemListElement":[{"@type":"ListItem","position":1,"name":"Accueil","item":"https:\/\/us-gc.net\/tr\/green-card\/"},{"@type":"ListItem","position":2,"name":"Green Card 2024 \u00e7ekili\u015fi"}]},{"@type":"WebSite","@id":"https:\/\/us-gc.net\/tr\/#website","url":"https:\/\/us-gc.net\/tr\/","name":"USA GC","description":"","potentialAction":[{"@type":"SearchAction","target":{"@type":"EntryPoint","urlTemplate":"https:\/\/us-gc.net\/tr\/?s={search_term_string}"},"query-input":{"@type":"PropertyValueSpecification","valueRequired":true,"valueName":"search_term_string"}}],"inLanguage":"tr"}]}},"_links":{"self":[{"href":"https:\/\/us-gc.net\/tr\/wp-json\/wp\/v2\/pages\/1033","targetHints":{"allow":["GET"]}}],"collection":[{"href":"https:\/\/us-gc.net\/tr\/wp-json\/wp\/v2\/pages"}],"about":[{"href":"https:\/\/us-gc.net\/tr\/wp-json\/wp\/v2\/types\/page"}],"author":[{"embeddable":true,"href":"https:\/\/us-gc.net\/tr\/wp-json\/wp\/v2\/users\/1"}],"replies":[{"embeddable":true,"href":"https:\/\/us-gc.net\/tr\/wp-json\/wp\/v2\/comments?post=1033"}],"version-history":[{"count":3,"href":"https:\/\/us-gc.net\/tr\/wp-json\/wp\/v2\/pages\/1033\/revisions"}],"predecessor-version":[{"id":10112,"href":"https:\/\/us-gc.net\/tr\/wp-json\/wp\/v2\/pages\/1033\/revisions\/10112"}],"wp:attachment":[{"href":"https:\/\/us-gc.net\/tr\/wp-json\/wp\/v2\/media?parent=1033"}],"curies":[{"name":"wp","href":"https:\/\/api.w.org\/{rel}","templated":true}]}}