{"id":913,"date":"2024-01-31T07:57:06","date_gmt":"2024-01-31T07:57:06","guid":{"rendered":"https:\/\/green-card-usa.net\/lotteri-green-card\/"},"modified":"2025-02-21T09:18:09","modified_gmt":"2025-02-21T09:18:09","slug":"lotteri-green-card","status":"publish","type":"page","link":"https:\/\/us-gc.net\/sv\/lotteri-green-card\/","title":{"rendered":"Amerikanskt Green Card-lotteri"},"content":{"rendered":"\n<h1 class=\"wp-block-heading\" id=\"h-loterie-americaine-pour-obtenir-une-green-card\">Amerikanskt lotteri f\u00f6r att f\u00e5 ett Green Card<\/h1>\n\n<p>Varje \u00e5r f\u00e5r mer \u00e4n 50.000 m\u00e4nniskor runt om i v\u00e4rlden ett Green Card tack vare det amerikanska lotteriet. F\u00f6r att vinna r\u00e4tten till ett Green Card deltar s\u00f6kande i en slumpm\u00e4ssig datordragning som h\u00e5lls en g\u00e5ng om \u00e5ret.<\/p>\n\n<p><strong>Delta i detta \u00e5rliga lotteri genom att registrera dig online<\/strong> p\u00e5 bara n\u00e5gra minuter genom att klicka p\u00e5 <a href=\"https:\/\/us-gc.net\/sv\/green-card-lotteri-formular\/\">onlineformul\u00e4ret<\/a>.  <\/p>\n\n<div style=\"height:10px\" aria-hidden=\"true\" class=\"wp-block-spacer\"><\/div>\n\n<h2 class=\"wp-block-heading\" id=\"h-qu-est-ce-que-la-loterie-de-la-green-card\">Vad \u00e4r Green Card-lotteriet?<\/h2>\n\n<p>F\u00f6renta staterna har inr\u00e4ttat ett program f\u00f6r att hantera m\u00e5ngfalden av utl\u00e4ndsk invandring. Denna process kallas Diversity Visa Program. Det inkluderar en \u00e5rlig utlottning bland s\u00f6kande f\u00f6r att immigrera till USA. Vinnarna \u00e4r ber\u00e4ttigade att ans\u00f6ka om ett <a href=\"https:\/\/us-gc.net\/sv\/green-card\/\">Green Card<\/a> enligt Diversity Visa Program.<\/p>\n\n<h2 class=\"wp-block-heading\" id=\"h-quand-se-deroule-la-loterie-de-la-green-card\">N\u00e4r \u00e4ger Green Card-lotteriet rum?<\/h2>\n\n<p>Registreringar f\u00f6r Green Card-lotteriet g\u00f6rs under en period som fastst\u00e4llts av den amerikanska administrationen. Denna registreringsfas sker enligt f\u00f6ljande:<\/p>\n\n<ul class=\"wp-block-list\">\n<li>Registreringsperioden b\u00f6rjar den f\u00f6rsta veckan i oktober;<\/li>\n\n\n\n<li>Sista anm\u00e4lningsdag \u00e4r f\u00f6rsta veckan i november.<\/li>\n<\/ul>\n\n<div style=\"height:10px\" aria-hidden=\"true\" class=\"wp-block-spacer\"><\/div>\n\n<p>Den slutliga dragningen \u00e4ger rum i november varje \u00e5r.<\/p>\n\n<h2 class=\"wp-block-heading\" id=\"h-comment-s-inscrire-a-la-loterie\">Hur deltar jag i lotteriet?<\/h2>\n\n<p>Registreringen sker endast online. Registreringen sker i tv\u00e5 steg:<\/p>\n\n<ul class=\"wp-block-list\">\n<li>S\u00f6kande m\u00e5ste kontrollera sin beh\u00f6righet att delta i Diversity Visa Program-lotteriet<\/li>\n\n\n\n<li>S\u00f6kande m\u00e5ste fylla i ett onlineformul\u00e4r f\u00f6r att registrera sig f\u00f6r lotteriet.<\/li>\n<\/ul>\n\n<h3 class=\"wp-block-heading\" id=\"h-verifier-son-eligibilite-pour-participer-a-la-loterie\">Kontrollera om du \u00e4r ber\u00e4ttigad att delta i lotteriet<\/h3>\n\n<p><strong>Det f\u00f6rsta kvalificeringsvillkoret<\/strong>: det f\u00f6rsta villkoret f\u00f6r att delta i Green Card-lotteriet \u00e4r att du inte f\u00e5r vara medborgare i ett land som inte har tillst\u00e5nd att delta.<\/p>\n\n<p>F\u00f6renta staterna vill beh\u00e5lla en blandad invandrarbefolkning. Varje \u00e5r beslutar den amerikanska regeringen vilka <a href=\"https:\/\/us-gc.net\/sv\/icke-deltagande-lander-green-card-lotteri\/\">l\u00e4nder som inte f\u00e5r delta i Green Card-lotteriet<\/a>. Detta urval av icke-deltagande l\u00e4nder baseras p\u00e5 f\u00f6ljande regel: Medborgare i l\u00e4nder d\u00e4r mer \u00e4n 50 000 medborgare har immigrerat till USA under de senaste fem \u00e5ren f\u00e5r inte delta i \u00e5rets dragning.<\/p>\n\n<p><strong>Det andra beh\u00f6righetskravet <\/strong>: Den s\u00f6kande m\u00e5ste ha en akademisk grundexamen eller ha innehaft en tj\u00e4nst i minst 2 \u00e5r under de senaste 5 \u00e5ren, vilket kr\u00e4ver en utbildning eller erfarenhet p\u00e5 minst 2 \u00e5r.<\/p>\n\n<h3 class=\"wp-block-heading\" id=\"h-s-inscrire-en-ligne-a-la-loterie\">Registrera dig f\u00f6r lotteriet online<\/h3>\n\n<p>Du kan registrera dig f\u00f6r <a href=\"https:\/\/us-gc.net\/sv\/amerikanskt-lotteri-gront-kort\/\">Green Card-lotteriet<\/a> online p\u00e5 bara n\u00e5gra minuter genom att fylla i <a href=\"https:\/\/us-gc.net\/sv\/green-card-lotteri-formular\/\">onlineformul\u00e4ret<\/a>.  <\/p>\n\n<h2 class=\"wp-block-heading\" id=\"h-comment-connaitre-les-resultats-de-la-loterie-de-la-green-card\">Hur kan jag ta reda p\u00e5 resultatet av Green Card-lotteriet?<\/h2>\n\n<p><a href=\"https:\/\/us-gc.net\/sv\/resultat-lotteriet-green-card\/\">Resultaten av Green Card-lottningen<\/a> publiceras varje \u00e5r minst 6 m\u00e5nader efter novemberlottningen. Resultatet av lotteridragningen publiceras online fr\u00e5n och med maj \u00e5ret d\u00e4rp\u00e5.<\/p>\n\n<p>US State Department, som administrerar Diversity Visa Program, publicerar statistik online om de s\u00f6kande som deltar i lotteriet varje \u00e5r.  <\/p>\n\n<h2 class=\"wp-block-heading\" id=\"h-est-ce-qu-il-y-a-des-quotas-par-pays-pour-la-loterie\">Finns det kvoter per land f\u00f6r lotteriet?<\/h2>\n\n<p>Det finns inga kvoter per land n\u00e4r du registrerar dig f\u00f6r att delta i Green Card-lotteriet. \u00c5 andra sidan fastst\u00e4lls i programmet f\u00f6r m\u00e5ngfaldsviseringar kvoter per land f\u00f6r den slutliga tilldelningen av viseringar fr\u00e5n m\u00e5ngfaldsprogrammet: <strong>medborgare fr\u00e5n ett visst land f\u00e5r inte utg\u00f6ra mer \u00e4n 7 % av det totala antalet vinnare<\/strong>.<\/p>\n\n<p><strong>Exempel f\u00f6r 2023<\/strong>: Av totalt 55 000 gr\u00f6na kort som utf\u00e4rdas 2023 f\u00e5r inget land ha mer \u00e4n 7 % av dem, dvs. h\u00f6gst 3 850 gr\u00f6na kort.<\/p>\n\n<h2 class=\"wp-block-heading\" id=\"h-synthese-des-candidats-ayant-participes-a-la-loterie-de-2019-a-2021\">Sammanfattning av kandidater som deltog i lotteriet fr\u00e5n 2019 till 2021<\/h2>\n\n<p>De senaste siffrorna som publicerades av US Department of State om antalet online-ans\u00f6kningar f\u00f6r Green Card-lotteriet \u00e4r f\u00f6r 2021. H\u00e4r \u00e4r en sammanfattning av deltagandet fr\u00e5n 2019 till 2021, uppdelat efter geografiskt omr\u00e5de:  <\/p>\n\n<figure class=\"wp-block-table\"><table><tbody><tr><td><strong>Geografiska zoner <\/strong><\/td><td class=\"has-text-align-center\" data-align=\"center\"><strong>2019<\/strong><\/td><td class=\"has-text-align-center\" data-align=\"center\"><strong>2020<\/strong><\/td><td class=\"has-text-align-center\" data-align=\"center\"><strong>2021<\/strong><\/td><\/tr><tr><td><a href=\"https:\/\/us-gc.net\/sv\/lotteri-green-card-lander-afrika\/\">Afrikanska l\u00e4nder<\/a><\/td><td class=\"has-text-align-center\" data-align=\"center\">7 832 894<\/td><td class=\"has-text-align-center\" data-align=\"center\">8 145 390<\/td><td class=\"has-text-align-center\" data-align=\"center\">3 100 982<\/td><\/tr><tr><td><a href=\"https:\/\/us-gc.net\/sv\/green-card-lotteri-asiatiska-lander\/\">L\u00e4nder i Asien<\/a><\/td><td class=\"has-text-align-center\" data-align=\"center\">1 871 824<\/td><td class=\"has-text-align-center\" data-align=\"center\">1 952 489<\/td><td class=\"has-text-align-center\" data-align=\"center\">1 281 046<\/td><\/tr><tr><td><a href=\"https:\/\/us-gc.net\/sv\/lotteri-green-card-europa\/\">L\u00e4nder i Europa<\/a><\/td><td class=\"has-text-align-center\" data-align=\"center\">4 349 555<\/td><td class=\"has-text-align-center\" data-align=\"center\">4 072 324<\/td><td class=\"has-text-align-center\" data-align=\"center\">2 014 089<\/td><\/tr><tr><td>L\u00e4nder i Nordamerika (Bahamas)<\/td><td class=\"has-text-align-center\" data-align=\"center\">1 506<\/td><td class=\"has-text-align-center\" data-align=\"center\">1 445<\/td><td class=\"has-text-align-center\" data-align=\"center\">937<\/td><\/tr><tr><td>Oceanien<\/td><td class=\"has-text-align-center\" data-align=\"center\">23 201<\/td><td class=\"has-text-align-center\" data-align=\"center\">22 722<\/td><td class=\"has-text-align-center\" data-align=\"center\">16 672<\/td><\/tr><tr><td>L\u00e4nder i Central- och Sydamerika<\/td><td class=\"has-text-align-center\" data-align=\"center\">273 033<\/td><td class=\"has-text-align-center\" data-align=\"center\">528 428<\/td><td class=\"has-text-align-center\" data-align=\"center\">327 402<\/td><\/tr><tr><td><strong>Totalt antal ans\u00f6kningar<\/strong><\/td><td class=\"has-text-align-center\" data-align=\"center\"><strong>14 352 013<\/strong><\/td><td class=\"has-text-align-center\" data-align=\"center\"><strong>14 722 798<\/strong><\/td><td class=\"has-text-align-center\" data-align=\"center\"><strong>6 741 128<\/strong><\/td><\/tr><\/tbody><\/table><\/figure>\n\n<p>Denna statistik har sammanst\u00e4llts fr\u00e5n offentliga uppgifter som publicerats av Department of State p\u00e5 <a href=\"https:\/\/travel.state.gov\/content\/travel\/en\/us-visas\/immigrate\/diversity-visa-program-entry\/diversity-visa-program-statistics.html\">travel.state.gov<\/a>.<\/p>\n\n<h2 class=\"wp-block-heading\" id=\"h-qu-est-ce-qu-il-se-passe-apres-la-loterie-de-la-green-card\">Vad h\u00e4nder efter Green Card-lotteriet?<\/h2>\n\n<p>Lotterivinnare m\u00e5ste f\u00f6lja ett antal steg efter att ha vunnit lotteriet. N\u00e4sta steg i f\u00f6rfarandet \u00e4r :<\/p>\n\n<ul class=\"wp-block-list\">\n<li>Fyll i <a href=\"https:\/\/travel.state.gov\/content\/travel\/en\/us-visas\/visa-information-resources\/forms\/online-immigrant-visa-forms\/ds-260-faqs.html\">ans\u00f6kningsblanketten DS-260<\/a>.<\/li>\n\n\n\n<li>Betalning av de <a href=\"https:\/\/us-gc.net\/sv\/pris-green-card\/\">avgifter som kr\u00e4vs f\u00f6r att erh\u00e5lla det Green Card<\/a> som en del av denna obligatoriska viseringsans\u00f6kan;<\/li>\n\n\n\n<li>En <a href=\"https:\/\/us-gc.net\/sv\/green-card-intervju\/\">intervju f\u00f6r det Green Card<\/a> med en USCIS Diversity Visa Program-tj\u00e4nsteman;<\/li>\n\n\n\n<li>Genomf\u00f6ra en medicinsk unders\u00f6kning.<\/li>\n<\/ul>\n\n<div style=\"height:10px\" aria-hidden=\"true\" class=\"wp-block-spacer\"><\/div>\n","protected":false},"excerpt":{"rendered":"<p>Amerikanskt lotteri f\u00f6r att f\u00e5 ett Green Card Varje \u00e5r f\u00e5r mer \u00e4n 50.000 m\u00e4nniskor runt om i v\u00e4rlden ett Green Card tack vare det amerikanska lotteriet. F\u00f6r att vinna r\u00e4tten till ett Green Card deltar s\u00f6kande i en slumpm\u00e4ssig datordragning som h\u00e5lls en g\u00e5ng om \u00e5ret. Delta i detta \u00e5rliga lotteri genom att registrera [&hellip;]<\/p>\n","protected":false},"author":1,"featured_media":0,"parent":0,"menu_order":0,"comment_status":"closed","ping_status":"closed","template":"","meta":{"footnotes":""},"class_list":["post-913","page","type-page","status-publish","hentry"],"yoast_head":"<!-- This site is optimized with the Yoast SEO plugin v27.4 - https:\/\/yoast.com\/product\/yoast-seo-wordpress\/ -->\n<title>Amerikanskt Green Card-lotteri - USA GC<\/title>\n<meta name=\"description\" content=\"Delta i det \u00e5rliga amerikanska lotteriet f\u00f6r att f\u00e5 ett Green Card som 50 000 andra vinnare i en slumpm\u00e4ssig dragning.\" \/>\n<meta name=\"robots\" content=\"index, follow, max-snippet:-1, max-image-preview:large, max-video-preview:-1\" \/>\n<link rel=\"canonical\" href=\"https:\/\/us-gc.net\/sv\/lotteri-green-card\/\" \/>\n<meta property=\"og:locale\" content=\"sv_SE\" \/>\n<meta property=\"og:type\" content=\"article\" \/>\n<meta property=\"og:title\" content=\"Amerikanskt Green Card-lotteri - USA GC\" \/>\n<meta property=\"og:description\" content=\"Delta i det \u00e5rliga amerikanska lotteriet f\u00f6r att f\u00e5 ett Green Card som 50 000 andra vinnare i en slumpm\u00e4ssig dragning.\" \/>\n<meta property=\"og:url\" content=\"https:\/\/us-gc.net\/sv\/lotteri-green-card\/\" \/>\n<meta property=\"og:site_name\" content=\"USA GC\" \/>\n<meta property=\"article:modified_time\" content=\"2025-02-21T09:18:09+00:00\" \/>\n<meta name=\"twitter:card\" content=\"summary_large_image\" \/>\n<meta name=\"twitter:label1\" content=\"Ber\u00e4knad l\u00e4stid\" \/>\n\t<meta name=\"twitter:data1\" content=\"4 minuter\" \/>\n<script type=\"application\/ld+json\" class=\"yoast-schema-graph\">{\"@context\":\"https:\\\/\\\/schema.org\",\"@graph\":[{\"@type\":\"WebPage\",\"@id\":\"https:\\\/\\\/us-gc.net\\\/sv\\\/lotteri-green-card\\\/\",\"url\":\"https:\\\/\\\/us-gc.net\\\/sv\\\/lotteri-green-card\\\/\",\"name\":\"Amerikanskt Green Card-lotteri - USA GC\",\"isPartOf\":{\"@id\":\"https:\\\/\\\/us-gc.net\\\/sv\\\/#website\"},\"datePublished\":\"2024-01-31T07:57:06+00:00\",\"dateModified\":\"2025-02-21T09:18:09+00:00\",\"description\":\"Delta i det \u00e5rliga amerikanska lotteriet f\u00f6r att f\u00e5 ett Green Card som 50 000 andra vinnare i en slumpm\u00e4ssig dragning.\",\"breadcrumb\":{\"@id\":\"https:\\\/\\\/us-gc.net\\\/sv\\\/lotteri-green-card\\\/#breadcrumb\"},\"inLanguage\":\"sv-SE\",\"potentialAction\":[{\"@type\":\"ReadAction\",\"target\":[\"https:\\\/\\\/us-gc.net\\\/sv\\\/lotteri-green-card\\\/\"]}]},{\"@type\":\"BreadcrumbList\",\"@id\":\"https:\\\/\\\/us-gc.net\\\/sv\\\/lotteri-green-card\\\/#breadcrumb\",\"itemListElement\":[{\"@type\":\"ListItem\",\"position\":1,\"name\":\"Accueil\",\"item\":\"https:\\\/\\\/us-gc.net\\\/sv\\\/green-card\\\/\"},{\"@type\":\"ListItem\",\"position\":2,\"name\":\"Amerikanskt Green Card-lotteri\"}]},{\"@type\":\"WebSite\",\"@id\":\"https:\\\/\\\/us-gc.net\\\/sv\\\/#website\",\"url\":\"https:\\\/\\\/us-gc.net\\\/sv\\\/\",\"name\":\"USA GC\",\"description\":\"\",\"potentialAction\":[{\"@type\":\"SearchAction\",\"target\":{\"@type\":\"EntryPoint\",\"urlTemplate\":\"https:\\\/\\\/us-gc.net\\\/sv\\\/?s={search_term_string}\"},\"query-input\":{\"@type\":\"PropertyValueSpecification\",\"valueRequired\":true,\"valueName\":\"search_term_string\"}}],\"inLanguage\":\"sv-SE\"}]}<\/script>\n<!-- \/ Yoast SEO plugin. -->","yoast_head_json":{"title":"Amerikanskt Green Card-lotteri - USA GC","description":"Delta i det \u00e5rliga amerikanska lotteriet f\u00f6r att f\u00e5 ett Green Card som 50 000 andra vinnare i en slumpm\u00e4ssig dragning.","robots":{"index":"index","follow":"follow","max-snippet":"max-snippet:-1","max-image-preview":"max-image-preview:large","max-video-preview":"max-video-preview:-1"},"canonical":"https:\/\/us-gc.net\/sv\/lotteri-green-card\/","og_locale":"sv_SE","og_type":"article","og_title":"Amerikanskt Green Card-lotteri - USA GC","og_description":"Delta i det \u00e5rliga amerikanska lotteriet f\u00f6r att f\u00e5 ett Green Card som 50 000 andra vinnare i en slumpm\u00e4ssig dragning.","og_url":"https:\/\/us-gc.net\/sv\/lotteri-green-card\/","og_site_name":"USA GC","article_modified_time":"2025-02-21T09:18:09+00:00","twitter_card":"summary_large_image","twitter_misc":{"Ber\u00e4knad l\u00e4stid":"4 minuter"},"schema":{"@context":"https:\/\/schema.org","@graph":[{"@type":"WebPage","@id":"https:\/\/us-gc.net\/sv\/lotteri-green-card\/","url":"https:\/\/us-gc.net\/sv\/lotteri-green-card\/","name":"Amerikanskt Green Card-lotteri - USA GC","isPartOf":{"@id":"https:\/\/us-gc.net\/sv\/#website"},"datePublished":"2024-01-31T07:57:06+00:00","dateModified":"2025-02-21T09:18:09+00:00","description":"Delta i det \u00e5rliga amerikanska lotteriet f\u00f6r att f\u00e5 ett Green Card som 50 000 andra vinnare i en slumpm\u00e4ssig dragning.","breadcrumb":{"@id":"https:\/\/us-gc.net\/sv\/lotteri-green-card\/#breadcrumb"},"inLanguage":"sv-SE","potentialAction":[{"@type":"ReadAction","target":["https:\/\/us-gc.net\/sv\/lotteri-green-card\/"]}]},{"@type":"BreadcrumbList","@id":"https:\/\/us-gc.net\/sv\/lotteri-green-card\/#breadcrumb","itemListElement":[{"@type":"ListItem","position":1,"name":"Accueil","item":"https:\/\/us-gc.net\/sv\/green-card\/"},{"@type":"ListItem","position":2,"name":"Amerikanskt Green Card-lotteri"}]},{"@type":"WebSite","@id":"https:\/\/us-gc.net\/sv\/#website","url":"https:\/\/us-gc.net\/sv\/","name":"USA GC","description":"","potentialAction":[{"@type":"SearchAction","target":{"@type":"EntryPoint","urlTemplate":"https:\/\/us-gc.net\/sv\/?s={search_term_string}"},"query-input":{"@type":"PropertyValueSpecification","valueRequired":true,"valueName":"search_term_string"}}],"inLanguage":"sv-SE"}]}},"_links":{"self":[{"href":"https:\/\/us-gc.net\/sv\/wp-json\/wp\/v2\/pages\/913","targetHints":{"allow":["GET"]}}],"collection":[{"href":"https:\/\/us-gc.net\/sv\/wp-json\/wp\/v2\/pages"}],"about":[{"href":"https:\/\/us-gc.net\/sv\/wp-json\/wp\/v2\/types\/page"}],"author":[{"embeddable":true,"href":"https:\/\/us-gc.net\/sv\/wp-json\/wp\/v2\/users\/1"}],"replies":[{"embeddable":true,"href":"https:\/\/us-gc.net\/sv\/wp-json\/wp\/v2\/comments?post=913"}],"version-history":[{"count":2,"href":"https:\/\/us-gc.net\/sv\/wp-json\/wp\/v2\/pages\/913\/revisions"}],"predecessor-version":[{"id":9835,"href":"https:\/\/us-gc.net\/sv\/wp-json\/wp\/v2\/pages\/913\/revisions\/9835"}],"wp:attachment":[{"href":"https:\/\/us-gc.net\/sv\/wp-json\/wp\/v2\/media?parent=913"}],"curies":[{"name":"wp","href":"https:\/\/api.w.org\/{rel}","templated":true}]}}