{"id":860,"date":"2024-01-31T16:18:19","date_gmt":"2024-01-31T16:18:19","guid":{"rendered":"https:\/\/green-card-usa.net\/resa-utlandet-med-green-card\/"},"modified":"2025-03-31T11:23:15","modified_gmt":"2025-03-31T11:23:15","slug":"resa-utlandet-med-green-card","status":"publish","type":"page","link":"https:\/\/us-gc.net\/sv\/resa-utlandet-med-green-card\/","title":{"rendered":"Resa utomlands med det gr\u00f6na kortet"},"content":{"rendered":"\n<h1 class=\"wp-block-heading\" id=\"h-voyager-hors-des-etats-unis-avec-une-green-card\">Resa utanf\u00f6r USA med ett gr\u00f6nt kort<\/h1>\n\n<p>Det amerikanska passets styrka inneb\u00e4r att amerikanska medborgare kan resa till \u00f6ver 140 l\u00e4nder i hela v\u00e4rlden utan att beh\u00f6va visum. Vissa av dessa l\u00e4nder har utvidgat denna r\u00e4tt till viseringsfria resor till innehavare av ett <a href=\"https:\/\/us-gc.net\/sv\/\">amerikanskt Green Card<\/a>.<\/p>\n\n<h2 class=\"wp-block-heading\" id=\"h-ou-peut-on-voyager-a-l-etranger-avec-une-green-card\">Vart kan jag resa utomlands med ett gr\u00f6nt kort?<\/h2>\n\n<p>Ett regionalt avtal \u00e4r i kraft med vissa av USA:s grannl\u00e4nder f\u00f6r att till\u00e5ta innehavare av gr\u00f6na kort att passera deras gr\u00e4nser. Inv\u00e5nare i USA kan passera gr\u00e4nserna till f\u00f6ljande l\u00e4nder:<\/p>\n\n<ul class=\"wp-block-list\">\n<li>Kanada<\/li>\n\n\n\n<li>Mexiko<\/li>\n\n\n\n<li>Costa Rica<\/li>\n\n\n\n<li>Brittiska Jungfru\u00f6arna<\/li>\n\n\n\n<li>Aruba och Cura\u00e7ao<\/li>\n<\/ul>\n\n<p>Andra l\u00e4nder som ligger mycket l\u00e4ngre bort till\u00e5ter ocks\u00e5 amerikanska Green Card-innehavare att resa utan visum, till exempel Georgien, Singapore och Balkanl\u00e4nderna Albanien, Bosnien-Hercegovina, Kosovo, Montenegro och Serbien.<\/p>\n\n<p>Oavsett om du fick ditt <a href=\"https:\/\/us-gc.net\/sv\/green-card-genom-aktenskap\/\">Green Card genom gifterm\u00e5l<\/a> eller vann ett Green Card i <a href=\"https:\/\/us-gc.net\/sv\/lotteri-green-card\/\">ett lotteri<\/a> har du samma r\u00e4ttigheter som alla amerikanska Green Card-innehavare.<\/p>\n\n<h2 class=\"wp-block-heading\" id=\"h-comment-voyager-au-canada-avec-une-green-card\">Hur reser jag till Kanada med ett gr\u00f6nt kort?<\/h2>\n\n<p>Om du har ett amerikanskt Green Card kan du passera gr\u00e4nsen till Kanada utan att f\u00f6rst f\u00e5 ett kanadensiskt turistvisum. Denna regel g\u00e4ller f\u00f6r alla Green Card-innehavare, oavsett nationalitet.  <\/p>\n\n<p>Om du reser med flyg eller transiterar Kanada m\u00e5ste du dock skaffa ett kanadensiskt ETA innan du g\u00e5r ombord. Om du passerar gr\u00e4nsen landv\u00e4gen beh\u00f6ver du bara ditt pass och ditt gr\u00f6na kort.<\/p>\n\n<h2 class=\"wp-block-heading\" id=\"h-peut-on-voyager-a-l-etranger-avec-une-green-card-sans-passeport\">Kan jag resa utomlands med ett gr\u00f6nt kort utan pass?<\/h2>\n\n<p>Ett pass \u00e4r i allm\u00e4nhet n\u00f6dv\u00e4ndigt f\u00f6r utlandsresor. Att ha ett Green Card r\u00e4cker inte f\u00f6r att korsa internationella gr\u00e4nser. Oavsett om du reser med flyg eller landv\u00e4gen m\u00e5ste du visa upp ett giltigt pass f\u00f6r tull- och immigrationsmyndigheterna. Endast ett pass kan styrka en resen\u00e4rs identitet och nationalitet.<\/p>\n\n<p>Det finns dock begr\u00e4nsade undantag fr\u00e5n denna regel. I vissa specifika fall har l\u00e4nder ing\u00e5tt ett regionalt avtal om att passera sina gr\u00e4nser utan att visa upp pass. Det viktigaste exemplet g\u00e4ller medborgare i l\u00e4nder i Schengenomr\u00e5det. De kan r\u00f6ra sig fritt mellan medlemsstaterna utan att beh\u00f6va visa upp ett pass.<\/p>\n\n<h2 class=\"wp-block-heading\" id=\"h-peut-on-voyager-avec-une-copie-de-la-green-card\">Kan jag resa med en kopia av mitt gr\u00f6na kort?<\/h2>\n\n<p>Det gr\u00f6na kortet \u00e4r en officiell handling som visar att du har permanent uppeh\u00e5llstillst\u00e5nd i USA. Det \u00e4r inte tillr\u00e5dligt att resa utomlands med endast en kopia av ditt Green Card. F\u00f6r internationella resor kr\u00e4ver gr\u00e4nsmyndigheterna att f\u00e5 se originalhandlingarna f\u00f6r att verifiera resen\u00e4rens identitet och status.<\/p>\n\n<p>Om du reser utanf\u00f6r USA m\u00e5ste du ta med dig ditt Green Card i original n\u00e4r du reser in i landet igen. En kopia av ditt Green Card \u00e4r inte tillr\u00e4ckligt f\u00f6r att styrka din status som permanent bosatt.<\/p>\n\n<p>Om ditt Green Card f\u00f6rsvinner eller blir stulet n\u00e4r du befinner dig utomlands m\u00e5ste du omedelbart kontakta den amerikanska ambassaden eller konsulatet. Ambassaden kommer att f\u00f6rse dig med ett ers\u00e4ttningsdokument som g\u00f6r att du kan resa in i och \u00e5terv\u00e4nda till USA.<\/p>\n","protected":false},"excerpt":{"rendered":"<p>Resa utanf\u00f6r USA med ett gr\u00f6nt kort Det amerikanska passets styrka inneb\u00e4r att amerikanska medborgare kan resa till \u00f6ver 140 l\u00e4nder i hela v\u00e4rlden utan att beh\u00f6va visum. Vissa av dessa l\u00e4nder har utvidgat denna r\u00e4tt till viseringsfria resor till innehavare av ett amerikanskt Green Card. Vart kan jag resa utomlands med ett gr\u00f6nt kort? [&hellip;]<\/p>\n","protected":false},"author":1,"featured_media":0,"parent":0,"menu_order":0,"comment_status":"closed","ping_status":"closed","template":"","meta":{"footnotes":""},"class_list":["post-860","page","type-page","status-publish","hentry"],"yoast_head":"<!-- This site is optimized with the Yoast SEO plugin v27.4 - https:\/\/yoast.com\/product\/yoast-seo-wordpress\/ -->\n<title>Resa utomlands med det gr\u00f6na kortet - USA GC<\/title>\n<meta name=\"description\" content=\"Vilka regler g\u00e4ller f\u00f6r utlandsresor med ett Green Card f\u00f6r personer bosatta i USA?\" \/>\n<meta name=\"robots\" content=\"index, follow, max-snippet:-1, max-image-preview:large, max-video-preview:-1\" \/>\n<link rel=\"canonical\" href=\"https:\/\/us-gc.net\/sv\/resa-utlandet-med-green-card\/\" \/>\n<meta property=\"og:locale\" content=\"sv_SE\" \/>\n<meta property=\"og:type\" content=\"article\" \/>\n<meta property=\"og:title\" content=\"Resa utomlands med det gr\u00f6na kortet - USA GC\" \/>\n<meta property=\"og:description\" content=\"Vilka regler g\u00e4ller f\u00f6r utlandsresor med ett Green Card f\u00f6r personer bosatta i USA?\" \/>\n<meta property=\"og:url\" content=\"https:\/\/us-gc.net\/sv\/resa-utlandet-med-green-card\/\" \/>\n<meta property=\"og:site_name\" content=\"USA GC\" \/>\n<meta property=\"article:modified_time\" content=\"2025-03-31T11:23:15+00:00\" \/>\n<meta name=\"twitter:card\" content=\"summary_large_image\" \/>\n<meta name=\"twitter:label1\" content=\"Ber\u00e4knad l\u00e4stid\" \/>\n\t<meta name=\"twitter:data1\" content=\"3 minuter\" \/>\n<script type=\"application\/ld+json\" class=\"yoast-schema-graph\">{\"@context\":\"https:\\\/\\\/schema.org\",\"@graph\":[{\"@type\":\"WebPage\",\"@id\":\"https:\\\/\\\/us-gc.net\\\/sv\\\/resa-utlandet-med-green-card\\\/\",\"url\":\"https:\\\/\\\/us-gc.net\\\/sv\\\/resa-utlandet-med-green-card\\\/\",\"name\":\"Resa utomlands med det gr\u00f6na kortet - USA GC\",\"isPartOf\":{\"@id\":\"https:\\\/\\\/us-gc.net\\\/sv\\\/#website\"},\"datePublished\":\"2024-01-31T16:18:19+00:00\",\"dateModified\":\"2025-03-31T11:23:15+00:00\",\"description\":\"Vilka regler g\u00e4ller f\u00f6r utlandsresor med ett Green Card f\u00f6r personer bosatta i USA?\",\"breadcrumb\":{\"@id\":\"https:\\\/\\\/us-gc.net\\\/sv\\\/resa-utlandet-med-green-card\\\/#breadcrumb\"},\"inLanguage\":\"sv-SE\",\"potentialAction\":[{\"@type\":\"ReadAction\",\"target\":[\"https:\\\/\\\/us-gc.net\\\/sv\\\/resa-utlandet-med-green-card\\\/\"]}]},{\"@type\":\"BreadcrumbList\",\"@id\":\"https:\\\/\\\/us-gc.net\\\/sv\\\/resa-utlandet-med-green-card\\\/#breadcrumb\",\"itemListElement\":[{\"@type\":\"ListItem\",\"position\":1,\"name\":\"Accueil\",\"item\":\"https:\\\/\\\/us-gc.net\\\/sv\\\/green-card\\\/\"},{\"@type\":\"ListItem\",\"position\":2,\"name\":\"Resa utomlands med det gr\u00f6na kortet\"}]},{\"@type\":\"WebSite\",\"@id\":\"https:\\\/\\\/us-gc.net\\\/sv\\\/#website\",\"url\":\"https:\\\/\\\/us-gc.net\\\/sv\\\/\",\"name\":\"USA GC\",\"description\":\"\",\"potentialAction\":[{\"@type\":\"SearchAction\",\"target\":{\"@type\":\"EntryPoint\",\"urlTemplate\":\"https:\\\/\\\/us-gc.net\\\/sv\\\/?s={search_term_string}\"},\"query-input\":{\"@type\":\"PropertyValueSpecification\",\"valueRequired\":true,\"valueName\":\"search_term_string\"}}],\"inLanguage\":\"sv-SE\"}]}<\/script>\n<!-- \/ Yoast SEO plugin. -->","yoast_head_json":{"title":"Resa utomlands med det gr\u00f6na kortet - USA GC","description":"Vilka regler g\u00e4ller f\u00f6r utlandsresor med ett Green Card f\u00f6r personer bosatta i USA?","robots":{"index":"index","follow":"follow","max-snippet":"max-snippet:-1","max-image-preview":"max-image-preview:large","max-video-preview":"max-video-preview:-1"},"canonical":"https:\/\/us-gc.net\/sv\/resa-utlandet-med-green-card\/","og_locale":"sv_SE","og_type":"article","og_title":"Resa utomlands med det gr\u00f6na kortet - USA GC","og_description":"Vilka regler g\u00e4ller f\u00f6r utlandsresor med ett Green Card f\u00f6r personer bosatta i USA?","og_url":"https:\/\/us-gc.net\/sv\/resa-utlandet-med-green-card\/","og_site_name":"USA GC","article_modified_time":"2025-03-31T11:23:15+00:00","twitter_card":"summary_large_image","twitter_misc":{"Ber\u00e4knad l\u00e4stid":"3 minuter"},"schema":{"@context":"https:\/\/schema.org","@graph":[{"@type":"WebPage","@id":"https:\/\/us-gc.net\/sv\/resa-utlandet-med-green-card\/","url":"https:\/\/us-gc.net\/sv\/resa-utlandet-med-green-card\/","name":"Resa utomlands med det gr\u00f6na kortet - USA GC","isPartOf":{"@id":"https:\/\/us-gc.net\/sv\/#website"},"datePublished":"2024-01-31T16:18:19+00:00","dateModified":"2025-03-31T11:23:15+00:00","description":"Vilka regler g\u00e4ller f\u00f6r utlandsresor med ett Green Card f\u00f6r personer bosatta i USA?","breadcrumb":{"@id":"https:\/\/us-gc.net\/sv\/resa-utlandet-med-green-card\/#breadcrumb"},"inLanguage":"sv-SE","potentialAction":[{"@type":"ReadAction","target":["https:\/\/us-gc.net\/sv\/resa-utlandet-med-green-card\/"]}]},{"@type":"BreadcrumbList","@id":"https:\/\/us-gc.net\/sv\/resa-utlandet-med-green-card\/#breadcrumb","itemListElement":[{"@type":"ListItem","position":1,"name":"Accueil","item":"https:\/\/us-gc.net\/sv\/green-card\/"},{"@type":"ListItem","position":2,"name":"Resa utomlands med det gr\u00f6na kortet"}]},{"@type":"WebSite","@id":"https:\/\/us-gc.net\/sv\/#website","url":"https:\/\/us-gc.net\/sv\/","name":"USA GC","description":"","potentialAction":[{"@type":"SearchAction","target":{"@type":"EntryPoint","urlTemplate":"https:\/\/us-gc.net\/sv\/?s={search_term_string}"},"query-input":{"@type":"PropertyValueSpecification","valueRequired":true,"valueName":"search_term_string"}}],"inLanguage":"sv-SE"}]}},"_links":{"self":[{"href":"https:\/\/us-gc.net\/sv\/wp-json\/wp\/v2\/pages\/860","targetHints":{"allow":["GET"]}}],"collection":[{"href":"https:\/\/us-gc.net\/sv\/wp-json\/wp\/v2\/pages"}],"about":[{"href":"https:\/\/us-gc.net\/sv\/wp-json\/wp\/v2\/types\/page"}],"author":[{"embeddable":true,"href":"https:\/\/us-gc.net\/sv\/wp-json\/wp\/v2\/users\/1"}],"replies":[{"embeddable":true,"href":"https:\/\/us-gc.net\/sv\/wp-json\/wp\/v2\/comments?post=860"}],"version-history":[{"count":3,"href":"https:\/\/us-gc.net\/sv\/wp-json\/wp\/v2\/pages\/860\/revisions"}],"predecessor-version":[{"id":10174,"href":"https:\/\/us-gc.net\/sv\/wp-json\/wp\/v2\/pages\/860\/revisions\/10174"}],"wp:attachment":[{"href":"https:\/\/us-gc.net\/sv\/wp-json\/wp\/v2\/media?parent=860"}],"curies":[{"name":"wp","href":"https:\/\/api.w.org\/{rel}","templated":true}]}}