{"id":799,"date":"2024-02-02T15:07:30","date_gmt":"2024-02-02T15:07:30","guid":{"rendered":"https:\/\/green-card-usa.net\/resultat-lotteriet-green-card\/"},"modified":"2024-12-30T09:47:02","modified_gmt":"2024-12-30T09:47:02","slug":"resultat-lotteriet-green-card","status":"publish","type":"page","link":"https:\/\/us-gc.net\/sv\/resultat-lotteriet-green-card\/","title":{"rendered":"Resultat fr\u00e5n Green Card-lotteriet"},"content":{"rendered":"\n<h1 class=\"wp-block-heading\" id=\"h-les-resultats-du-tirage-au-sort-de-la-loterie-de-la-green-card\">Resultat av Green Card-lotteriet<\/h1>\n\n<p>Resultaten av det amerikanska Green Card-lotteriet publiceras varje \u00e5r som en del av <a href=\"https:\/\/us-gc.net\/sv\/mangfald-visa-program\/\">Diversity Visa Program<\/a>. Alla <a href=\"https:\/\/us-gc.net\/sv\/amerikanskt-lotteri-gront-kort\/\">Gr\u00f6nt kort-lotteris\u00f6kande<\/a> kan f\u00e5 sina personliga resultat online.<\/p>\n\n<h2 class=\"wp-block-heading\" id=\"h-quand-a-lieu-le-tirage-de-la-loterie-de-la-green-card\">N\u00e4r \u00e4r Green Card-lotteriet dragning?<\/h2>\n\n<p>Dragningen \u00e4ger rum i november varje \u00e5r. De exakta datumen f\u00f6r \u00f6ppnande och st\u00e4ngning av registreringar offentligg\u00f6rs n\u00e5gra m\u00e5nader f\u00f6re varje \u00e5r.<\/p>\n\n<h2 class=\"wp-block-heading\" id=\"h-quand-est-ce-que-les-resultats-sont-publies\">N\u00e4r offentligg\u00f6rs resultaten?<\/h2>\n\n<p>Resultaten av <a href=\"https:\/\/us-gc.net\/sv\/lotteri-green-card\/\">Green Card-lotteriet<\/a> \u00e4r tillg\u00e4ngliga ungef\u00e4r 6 m\u00e5nader efter att anm\u00e4lningarna har st\u00e4ngts. De publiceras d\u00e4rf\u00f6r varje \u00e5r runt maj. Resultaten av Diversity Visa 2025-dragningen som h\u00f6lls i november 2023 publicerades online den 4 maj 2024 p\u00e5 denna <a href=\"https:\/\/dvprogram.state.gov\/ESC\/CheckStatus.aspx\">dvprogram.state<\/a>.gov-sida.<\/p>\n\n<h2 class=\"wp-block-heading\" id=\"h-resultats-de-la-loterie-de-2018-a-2022\">Lotterieresultat fr\u00e5n 2018 till 2022<\/h2>\n\n<p>Baserat p\u00e5 statistik som publiceras av utrikesdepartementet varje \u00e5r, h\u00e4r \u00e4r lotteriresultaten f\u00f6r det senaste 5 \u00e5r f\u00f6r vilka resultaten \u00e4r offentliga:<\/p>\n\n<figure class=\"wp-block-table\"><table><tbody><tr><td><strong>Geografiska zoner <\/strong><\/td><td class=\"has-text-align-center\" data-align=\"center\"><strong>2018<\/strong><\/td><td class=\"has-text-align-center\" data-align=\"center\"><strong>2019<\/strong><\/td><td class=\"has-text-align-center\" data-align=\"center\"><strong>2020<\/strong><\/td><td class=\"has-text-align-center\" data-align=\"center\"><strong>2021<\/strong><\/td><td class=\"has-text-align-center\" data-align=\"center\"><strong>2022<\/strong><\/td><\/tr><tr><td><a href=\"https:\/\/us-gc.net\/sv\/lotteri-green-card-lander-afrika\/\">Afrikanska l\u00e4nder<\/a><\/td><td class=\"has-text-align-center\" data-align=\"center\">20 532<\/td><td class=\"has-text-align-center\" data-align=\"center\">20 336<\/td><td class=\"has-text-align-center\" data-align=\"center\">6 017<\/td><td class=\"has-text-align-center\" data-align=\"center\">5 801<\/td><td class=\"has-text-align-center\" data-align=\"center\">19 215<\/td><\/tr><tr><td><a href=\"https:\/\/us-gc.net\/sv\/green-card-lotteri-asiatiska-lander\/\">L\u00e4nder i Asien<\/a><\/td><td class=\"has-text-align-center\" data-align=\"center\">6 290<\/td><td class=\"has-text-align-center\" data-align=\"center\">6 079<\/td><td class=\"has-text-align-center\" data-align=\"center\">4 055<\/td><td class=\"has-text-align-center\" data-align=\"center\">4 498<\/td><td class=\"has-text-align-center\" data-align=\"center\">11 693<\/td><\/tr><tr><td><a href=\"https:\/\/us-gc.net\/sv\/lotteri-green-card-europa\/\">L\u00e4nder i Europa<\/a><\/td><td class=\"has-text-align-center\" data-align=\"center\">20 434<\/td><td class=\"has-text-align-center\" data-align=\"center\">17 897<\/td><td class=\"has-text-align-center\" data-align=\"center\">7 643<\/td><td class=\"has-text-align-center\" data-align=\"center\">5 795<\/td><td class=\"has-text-align-center\" data-align=\"center\">21 806<\/td><\/tr><tr><td>L\u00e4nder i Nordamerika (Bahamas)<\/td><td class=\"has-text-align-center\" data-align=\"center\">2<\/td><td class=\"has-text-align-center\" data-align=\"center\">8<\/td><td class=\"has-text-align-center\" data-align=\"center\">13<\/td><td class=\"has-text-align-center\" data-align=\"center\">21<\/td><td class=\"has-text-align-center\" data-align=\"center\">12<\/td><\/tr><tr><td>Oceanien<\/td><td class=\"has-text-align-center\" data-align=\"center\">824<\/td><td class=\"has-text-align-center\" data-align=\"center\">592<\/td><td class=\"has-text-align-center\" data-align=\"center\">543<\/td><td class=\"has-text-align-center\" data-align=\"center\">631<\/td><td class=\"has-text-align-center\" data-align=\"center\">1 195<\/td><\/tr><tr><td>L\u00e4nder i Central- och Sydamerika<\/td><td class=\"has-text-align-center\" data-align=\"center\">1 631<\/td><td class=\"has-text-align-center\" data-align=\"center\">977<\/td><td class=\"has-text-align-center\" data-align=\"center\">854<\/td><td class=\"has-text-align-center\" data-align=\"center\">2 166<\/td><td class=\"has-text-align-center\" data-align=\"center\">1 961<\/td><\/tr><tr><td><strong>Totalt  <\/strong><\/td><td class=\"has-text-align-center\" data-align=\"center\"><strong>49 713<\/strong><\/td><td class=\"has-text-align-center\" data-align=\"center\"><strong><strong>45 889<\/strong><\/strong><\/td><td class=\"has-text-align-center\" data-align=\"center\"><strong><strong>19 125<\/strong><\/strong><\/td><td class=\"has-text-align-center\" data-align=\"center\"><strong><strong>18 912<\/strong><\/strong><\/td><td class=\"has-text-align-center\" data-align=\"center\"><strong>55 882<\/strong><\/td><\/tr><\/tbody><\/table><figcaption class=\"wp-element-caption\">Antal gr\u00f6na kort som erh\u00e5llits i lotteriet fr\u00e5n 2018 till 2022 efter geografiskt omr\u00e5de<\/figcaption><\/figure>\n\n<h2 class=\"wp-block-heading\" id=\"h-ou-trouver-les-resultats-en-ligne-de-la-loterie-de-la-green-card\">Var kan jag hitta Green Card-lotteriresultaten online?<\/h2>\n\n<p>P\u00e5 det amerikanska m\u00e5ngfaldsprogrammets s\u00e4rskilda webbplats kan du kontrollera resultaten f\u00f6r en Green Card-lotteris\u00f6kande direkt online. Sidan f\u00f6r direkt kontroll av personliga resultat \u00e4r <a href=\"https:\/\/dvprogram.state.gov\/ESC\/CheckStatus.aspx\">https:\/\/dvprogram.state.gov\/ESC\/CheckStatus.aspx<\/a>.<\/p>\n\n<p>F\u00f6r att uppn\u00e5 resultaten m\u00e5ste du :<\/p>\n\n<ul class=\"wp-block-list\">\n<li>Ange ditt <strong>bekr\u00e4ftelsenummer<\/strong> f\u00f6r lotteriet<\/li>\n\n\n\n<li>Ange ditt efternamn som anv\u00e4nds f\u00f6r att registrera dig f\u00f6r Green Card-lotteriet<\/li>\n\n\n\n<li>Ange ditt f\u00f6delsedatum f\u00f6r att bekr\u00e4fta din identitet<\/li>\n\n\n\n<li>Slutligen anger du den text som visas i CAPTCHA f\u00f6r att autentisera dig.<\/li>\n<\/ul>\n\n<div style=\"height:9px\" aria-hidden=\"true\" class=\"wp-block-spacer\"><\/div>\n\n<p>Klicka p\u00e5 bekr\u00e4fta f\u00f6r att se resultaten av ditt deltagande i Green Card-lotteriet.<\/p>\n\n<p>H\u00e4r \u00e4r ett foto av formul\u00e4ret du beh\u00f6ver fylla i f\u00f6r att f\u00e5 lotteriresultaten online<\/p>\n\n<figure class=\"wp-block-image size-large\" id=\"Formulaire-de-r&#xE9;sultat-de-la-loterie\"><img fetchpriority=\"high\" decoding=\"async\" width=\"1024\" height=\"953\" src=\"https:\/\/us-gc.net\/wp-content\/uploads\/2024\/02\/check-lotery-green-card-usa-1024x953.jpg\" alt=\"Resultat fr&#xE5;n Green Card-lotteriet\" class=\"wp-image-182\" title=\"Resultat fr&#xE5;n Green Card-lotteriet\" srcset=\"https:\/\/us-gc.net\/wp-content\/uploads\/2024\/02\/check-lotery-green-card-usa-1024x953.jpg 1024w, https:\/\/us-gc.net\/wp-content\/uploads\/2024\/02\/check-lotery-green-card-usa-300x279.jpg 300w, https:\/\/us-gc.net\/wp-content\/uploads\/2024\/02\/check-lotery-green-card-usa-768x714.jpg 768w, https:\/\/us-gc.net\/wp-content\/uploads\/2024\/02\/check-lotery-green-card-usa.jpg 1119w\" sizes=\"(max-width: 1024px) 100vw, 1024px\" \/><\/figure>\n\n<p><\/p>\n","protected":false},"excerpt":{"rendered":"<p>Resultat av Green Card-lotteriet Resultaten av det amerikanska Green Card-lotteriet publiceras varje \u00e5r som en del av Diversity Visa Program. Alla Gr\u00f6nt kort-lotteris\u00f6kande kan f\u00e5 sina personliga resultat online. N\u00e4r \u00e4r Green Card-lotteriet dragning? Dragningen \u00e4ger rum i november varje \u00e5r. De exakta datumen f\u00f6r \u00f6ppnande och st\u00e4ngning av registreringar offentligg\u00f6rs n\u00e5gra m\u00e5nader f\u00f6re varje [&hellip;]<\/p>\n","protected":false},"author":1,"featured_media":0,"parent":0,"menu_order":0,"comment_status":"closed","ping_status":"closed","template":"","meta":{"footnotes":""},"class_list":["post-799","page","type-page","status-publish","hentry"],"yoast_head":"<!-- This site is optimized with the Yoast SEO plugin v27.4 - https:\/\/yoast.com\/product\/yoast-seo-wordpress\/ -->\n<title>Resultat fr\u00e5n Green Card-lotteriet - USA GC<\/title>\n<meta name=\"description\" content=\"Se resultaten av det amerikanska Green Card-lotteriet online med ditt bekr\u00e4ftelsesnummer\" \/>\n<meta name=\"robots\" content=\"index, follow, max-snippet:-1, max-image-preview:large, max-video-preview:-1\" \/>\n<link rel=\"canonical\" href=\"https:\/\/us-gc.net\/sv\/resultat-lotteriet-green-card\/\" \/>\n<meta property=\"og:locale\" content=\"sv_SE\" \/>\n<meta property=\"og:type\" content=\"article\" \/>\n<meta property=\"og:title\" content=\"Resultat fr\u00e5n Green Card-lotteriet - USA GC\" \/>\n<meta property=\"og:description\" content=\"Se resultaten av det amerikanska Green Card-lotteriet online med ditt bekr\u00e4ftelsesnummer\" \/>\n<meta property=\"og:url\" content=\"https:\/\/us-gc.net\/sv\/resultat-lotteriet-green-card\/\" \/>\n<meta property=\"og:site_name\" content=\"USA GC\" \/>\n<meta property=\"article:modified_time\" content=\"2024-12-30T09:47:02+00:00\" \/>\n<meta property=\"og:image\" content=\"https:\/\/us-gc.net\/wp-content\/uploads\/2024\/02\/check-lotery-green-card-usa-1024x953.jpg\" \/>\n<meta name=\"twitter:card\" content=\"summary_large_image\" \/>\n<meta name=\"twitter:label1\" content=\"Ber\u00e4knad l\u00e4stid\" \/>\n\t<meta name=\"twitter:data1\" content=\"2 minuter\" \/>\n<script type=\"application\/ld+json\" class=\"yoast-schema-graph\">{\"@context\":\"https:\\\/\\\/schema.org\",\"@graph\":[{\"@type\":\"WebPage\",\"@id\":\"https:\\\/\\\/us-gc.net\\\/sv\\\/resultat-lotteriet-green-card\\\/\",\"url\":\"https:\\\/\\\/us-gc.net\\\/sv\\\/resultat-lotteriet-green-card\\\/\",\"name\":\"Resultat fr\u00e5n Green Card-lotteriet - USA GC\",\"isPartOf\":{\"@id\":\"https:\\\/\\\/us-gc.net\\\/sv\\\/#website\"},\"primaryImageOfPage\":{\"@id\":\"https:\\\/\\\/us-gc.net\\\/sv\\\/resultat-lotteriet-green-card\\\/#primaryimage\"},\"image\":{\"@id\":\"https:\\\/\\\/us-gc.net\\\/sv\\\/resultat-lotteriet-green-card\\\/#primaryimage\"},\"thumbnailUrl\":\"https:\\\/\\\/us-gc.net\\\/wp-content\\\/uploads\\\/2024\\\/02\\\/check-lotery-green-card-usa-1024x953.jpg\",\"datePublished\":\"2024-02-02T15:07:30+00:00\",\"dateModified\":\"2024-12-30T09:47:02+00:00\",\"description\":\"Se resultaten av det amerikanska Green Card-lotteriet online med ditt bekr\u00e4ftelsesnummer\",\"breadcrumb\":{\"@id\":\"https:\\\/\\\/us-gc.net\\\/sv\\\/resultat-lotteriet-green-card\\\/#breadcrumb\"},\"inLanguage\":\"sv-SE\",\"potentialAction\":[{\"@type\":\"ReadAction\",\"target\":[\"https:\\\/\\\/us-gc.net\\\/sv\\\/resultat-lotteriet-green-card\\\/\"]}]},{\"@type\":\"ImageObject\",\"inLanguage\":\"sv-SE\",\"@id\":\"https:\\\/\\\/us-gc.net\\\/sv\\\/resultat-lotteriet-green-card\\\/#primaryimage\",\"url\":\"https:\\\/\\\/us-gc.net\\\/wp-content\\\/uploads\\\/2024\\\/02\\\/check-lotery-green-card-usa-1024x953.jpg\",\"contentUrl\":\"https:\\\/\\\/us-gc.net\\\/wp-content\\\/uploads\\\/2024\\\/02\\\/check-lotery-green-card-usa-1024x953.jpg\"},{\"@type\":\"BreadcrumbList\",\"@id\":\"https:\\\/\\\/us-gc.net\\\/sv\\\/resultat-lotteriet-green-card\\\/#breadcrumb\",\"itemListElement\":[{\"@type\":\"ListItem\",\"position\":1,\"name\":\"Accueil\",\"item\":\"https:\\\/\\\/us-gc.net\\\/sv\\\/green-card\\\/\"},{\"@type\":\"ListItem\",\"position\":2,\"name\":\"Resultat fr\u00e5n Green Card-lotteriet\"}]},{\"@type\":\"WebSite\",\"@id\":\"https:\\\/\\\/us-gc.net\\\/sv\\\/#website\",\"url\":\"https:\\\/\\\/us-gc.net\\\/sv\\\/\",\"name\":\"USA GC\",\"description\":\"\",\"potentialAction\":[{\"@type\":\"SearchAction\",\"target\":{\"@type\":\"EntryPoint\",\"urlTemplate\":\"https:\\\/\\\/us-gc.net\\\/sv\\\/?s={search_term_string}\"},\"query-input\":{\"@type\":\"PropertyValueSpecification\",\"valueRequired\":true,\"valueName\":\"search_term_string\"}}],\"inLanguage\":\"sv-SE\"}]}<\/script>\n<!-- \/ Yoast SEO plugin. -->","yoast_head_json":{"title":"Resultat fr\u00e5n Green Card-lotteriet - USA GC","description":"Se resultaten av det amerikanska Green Card-lotteriet online med ditt bekr\u00e4ftelsesnummer","robots":{"index":"index","follow":"follow","max-snippet":"max-snippet:-1","max-image-preview":"max-image-preview:large","max-video-preview":"max-video-preview:-1"},"canonical":"https:\/\/us-gc.net\/sv\/resultat-lotteriet-green-card\/","og_locale":"sv_SE","og_type":"article","og_title":"Resultat fr\u00e5n Green Card-lotteriet - USA GC","og_description":"Se resultaten av det amerikanska Green Card-lotteriet online med ditt bekr\u00e4ftelsesnummer","og_url":"https:\/\/us-gc.net\/sv\/resultat-lotteriet-green-card\/","og_site_name":"USA GC","article_modified_time":"2024-12-30T09:47:02+00:00","og_image":[{"url":"https:\/\/us-gc.net\/wp-content\/uploads\/2024\/02\/check-lotery-green-card-usa-1024x953.jpg","type":"","width":"","height":""}],"twitter_card":"summary_large_image","twitter_misc":{"Ber\u00e4knad l\u00e4stid":"2 minuter"},"schema":{"@context":"https:\/\/schema.org","@graph":[{"@type":"WebPage","@id":"https:\/\/us-gc.net\/sv\/resultat-lotteriet-green-card\/","url":"https:\/\/us-gc.net\/sv\/resultat-lotteriet-green-card\/","name":"Resultat fr\u00e5n Green Card-lotteriet - USA GC","isPartOf":{"@id":"https:\/\/us-gc.net\/sv\/#website"},"primaryImageOfPage":{"@id":"https:\/\/us-gc.net\/sv\/resultat-lotteriet-green-card\/#primaryimage"},"image":{"@id":"https:\/\/us-gc.net\/sv\/resultat-lotteriet-green-card\/#primaryimage"},"thumbnailUrl":"https:\/\/us-gc.net\/wp-content\/uploads\/2024\/02\/check-lotery-green-card-usa-1024x953.jpg","datePublished":"2024-02-02T15:07:30+00:00","dateModified":"2024-12-30T09:47:02+00:00","description":"Se resultaten av det amerikanska Green Card-lotteriet online med ditt bekr\u00e4ftelsesnummer","breadcrumb":{"@id":"https:\/\/us-gc.net\/sv\/resultat-lotteriet-green-card\/#breadcrumb"},"inLanguage":"sv-SE","potentialAction":[{"@type":"ReadAction","target":["https:\/\/us-gc.net\/sv\/resultat-lotteriet-green-card\/"]}]},{"@type":"ImageObject","inLanguage":"sv-SE","@id":"https:\/\/us-gc.net\/sv\/resultat-lotteriet-green-card\/#primaryimage","url":"https:\/\/us-gc.net\/wp-content\/uploads\/2024\/02\/check-lotery-green-card-usa-1024x953.jpg","contentUrl":"https:\/\/us-gc.net\/wp-content\/uploads\/2024\/02\/check-lotery-green-card-usa-1024x953.jpg"},{"@type":"BreadcrumbList","@id":"https:\/\/us-gc.net\/sv\/resultat-lotteriet-green-card\/#breadcrumb","itemListElement":[{"@type":"ListItem","position":1,"name":"Accueil","item":"https:\/\/us-gc.net\/sv\/green-card\/"},{"@type":"ListItem","position":2,"name":"Resultat fr\u00e5n Green Card-lotteriet"}]},{"@type":"WebSite","@id":"https:\/\/us-gc.net\/sv\/#website","url":"https:\/\/us-gc.net\/sv\/","name":"USA GC","description":"","potentialAction":[{"@type":"SearchAction","target":{"@type":"EntryPoint","urlTemplate":"https:\/\/us-gc.net\/sv\/?s={search_term_string}"},"query-input":{"@type":"PropertyValueSpecification","valueRequired":true,"valueName":"search_term_string"}}],"inLanguage":"sv-SE"}]}},"_links":{"self":[{"href":"https:\/\/us-gc.net\/sv\/wp-json\/wp\/v2\/pages\/799","targetHints":{"allow":["GET"]}}],"collection":[{"href":"https:\/\/us-gc.net\/sv\/wp-json\/wp\/v2\/pages"}],"about":[{"href":"https:\/\/us-gc.net\/sv\/wp-json\/wp\/v2\/types\/page"}],"author":[{"embeddable":true,"href":"https:\/\/us-gc.net\/sv\/wp-json\/wp\/v2\/users\/1"}],"replies":[{"embeddable":true,"href":"https:\/\/us-gc.net\/sv\/wp-json\/wp\/v2\/comments?post=799"}],"version-history":[{"count":1,"href":"https:\/\/us-gc.net\/sv\/wp-json\/wp\/v2\/pages\/799\/revisions"}],"predecessor-version":[{"id":8108,"href":"https:\/\/us-gc.net\/sv\/wp-json\/wp\/v2\/pages\/799\/revisions\/8108"}],"wp:attachment":[{"href":"https:\/\/us-gc.net\/sv\/wp-json\/wp\/v2\/media?parent=799"}],"curies":[{"name":"wp","href":"https:\/\/api.w.org\/{rel}","templated":true}]}}