{"id":741,"date":"2024-01-31T14:45:08","date_gmt":"2024-01-31T14:45:08","guid":{"rendered":"https:\/\/green-card-usa.net\/green-card-foto\/"},"modified":"2024-12-30T09:39:53","modified_gmt":"2024-12-30T09:39:53","slug":"green-card-foto","status":"publish","type":"page","link":"https:\/\/us-gc.net\/sv\/green-card-foto\/","title":{"rendered":"Specifikationer f\u00f6r identitetsfoto f\u00f6r Green Card"},"content":{"rendered":"\n<h1 class=\"wp-block-heading\" id=\"h-les-specificites-de-la-photo-pour-la-green-card\">Bildspecifikationer f\u00f6r det Green Card<\/h1>\n\n<p>N\u00e4r du ans\u00f6ker om ett Green Card m\u00e5ste du tillhandah\u00e5lla ett passfoto. Formatet f\u00f6r detta foto \u00e4r specifikt, och det finns flera tvingande regler som m\u00e5ste respekteras f\u00f6r att s\u00e4kerst\u00e4lla att fotot inte avvisas.  <\/p>\n\n<h2 class=\"wp-block-heading\" id=\"h-quelles-sont-les-principales-regles-concernant-la-photo\">Vilka \u00e4r de viktigaste reglerna f\u00f6r fotografering?<\/h2>\n\n<p>Huvudreglerna f\u00f6r Green Card-fotot \u00e4r f\u00f6ljande:<\/p>\n\n<ol class=\"wp-block-list\">\n<li>Fotoformat<\/li>\n\n\n\n<li>Fotografiets \u00e5lder<\/li>\n\n\n\n<li>Huvudets position i bilden<\/li>\n\n\n\n<li>Bakgrunden till fotograferingen<\/li>\n\n\n\n<li>Vad kan jag ha p\u00e5 mig p\u00e5 fotot?<\/li>\n<\/ol>\n\n<h3 class=\"wp-block-heading\" id=\"h-1-quel-est-le-format-de-la-photo-pour-la-green-card\">1. Vad \u00e4r fotoformatet f\u00f6r det gr\u00f6na kortet?<\/h3>\n\n<p>Den digitala versionen av fotot m\u00e5ste vara en JPEG-fil. Fotots minsta storlek m\u00e5ste vara minst 600 pixlar x 600 pixlar och minst 54 kb.<\/p>\n\n<h3 class=\"wp-block-heading\" id=\"h-2-quelle-peut-etre-l-anciennete-de-la-photo\">2. Hur gammalt \u00e4r fotot?<\/h3>\n\n<p>Det foto som skickas in f\u00f6r att f\u00e5 det gr\u00f6na kortet f\u00e5r inte vara mer \u00e4n 6 m\u00e5nader gammalt. P\u00e5 s\u00e5 s\u00e4tt kan det amerikanska utrikesdepartementet s\u00e4kerst\u00e4lla att fotot st\u00e4mmer \u00f6verens med den s\u00f6kandes ansikte. Denna regel \u00e4r tvingande och m\u00e5ste tas p\u00e5 st\u00f6rsta allvar. Fotot valideras slutgiltigt vid en <a href=\"https:\/\/us-gc.net\/sv\/green-card-intervju\/\">slutlig intervju f\u00f6r det gr\u00f6na kortet<\/a>.<\/p>\n\n<h3 class=\"wp-block-heading\" id=\"h-3-quelle-doit-etre-la-position-de-la-tete-sur-la-photo\">3. Vilken position ska huvudet ha p\u00e5 bilden?<\/h3>\n\n<p>Kandidaten skall ha ett neutralt ansiktsuttryck och f\u00e5r inte le. Ditt ansikte m\u00e5ste vara fullt synligt och i mitten av bilden. Kandidaterna m\u00e5ste vara v\u00e4nda mot kameran och deras huvud m\u00e5ste utg\u00f6ra 60% av den totala h\u00f6jden p\u00e5 fotot. Hans \u00f6gon m\u00e5ste vara vid\u00f6ppna.<\/p>\n\n<h3 class=\"wp-block-heading\" id=\"h-4-comment-doit-etre-l-arriere-plan-de-la-prise-de-vue\">4. Hur ska bakgrunden till bilden se ut?<\/h3>\n\n<p>Bakgrunden ska vara enf\u00e4rgad, ljus och utan skuggor. Bakgrundsf\u00e4rgen kan vara vit eller benvit.<\/p>\n\n<h3 class=\"wp-block-heading\" id=\"h-5-peut-on-porter-des-lunettes-ou-le-voile-sur-la-photo\">5. Kan jag b\u00e4ra glas\u00f6gon eller sl\u00f6ja p\u00e5 fotot?<\/h3>\n\n<p>Det \u00e4r f\u00f6rbjudet att b\u00e4ra glas\u00f6gon p\u00e5 Green Card-fotot. Green Card-s\u00f6kande f\u00e5r inte heller b\u00e4ra keps eller hatt.<\/p>\n\n<p>En religi\u00f6s huvudduk kan dock b\u00e4ras p\u00e5 Green Card-fotot. Ansiktet m\u00e5ste dock vara synligt fr\u00e5n den \u00f6vre delen av pannan till den nedre delen av hakan.<\/p>\n\n<p>Dessa regler g\u00e4ller f\u00f6r alla f\u00f6rfaranden f\u00f6r att f\u00e5 ett Green Card, oavsett om :<\/p>\n\n<ul class=\"wp-block-list\">\n<li>Foto fr\u00e5n <a href=\"https:\/\/us-gc.net\/sv\/lotteri-green-card\/\">Green Card-lotteriet<\/a>;<\/li>\n\n\n\n<li>Foto som l\u00e4mnas in f\u00f6r ett <a href=\"https:\/\/us-gc.net\/sv\/green-card-genom-aktenskap\/\">Green Card genom \u00e4ktenskap<\/a>, ett <a href=\"https:\/\/us-gc.net\/sv\/green-card-sponsring\/\">Green Card genom sponsor<\/a> eller n\u00e5got annat f\u00f6rfarande f\u00f6r att f\u00e5 ett Green Card.<\/li>\n<\/ul>\n\n<div style=\"height:10px\" aria-hidden=\"true\" class=\"wp-block-spacer\"><\/div>\n\n<h2 class=\"wp-block-heading\" id=\"h-dimensions-de-la-photo-d-identite-de-la-green-card\">M\u00e5tt p\u00e5 Green Card-passfoto<\/h2>\n\n<figure class=\"wp-block-image size-full\"><img fetchpriority=\"high\" decoding=\"async\" width=\"601\" height=\"378\" src=\"https:\/\/us-gc.net\/wp-content\/uploads\/2024\/05\/Green-card-2024.jpg\" alt=\"Bild p&#xE5; ett gr&#xF6;nt kort giltigt 2024\" class=\"wp-image-4826\" srcset=\"https:\/\/us-gc.net\/wp-content\/uploads\/2024\/05\/Green-card-2024.jpg 601w, https:\/\/us-gc.net\/wp-content\/uploads\/2024\/05\/Green-card-2024-300x189.jpg 300w\" sizes=\"(max-width: 601px) 100vw, 601px\" \/><figcaption class=\"wp-element-caption\">Green Card f\u00f6r permanent bosatta i USA<\/figcaption><\/figure>\n","protected":false},"excerpt":{"rendered":"<p>Bildspecifikationer f\u00f6r det Green Card N\u00e4r du ans\u00f6ker om ett Green Card m\u00e5ste du tillhandah\u00e5lla ett passfoto. Formatet f\u00f6r detta foto \u00e4r specifikt, och det finns flera tvingande regler som m\u00e5ste respekteras f\u00f6r att s\u00e4kerst\u00e4lla att fotot inte avvisas. Vilka \u00e4r de viktigaste reglerna f\u00f6r fotografering? Huvudreglerna f\u00f6r Green Card-fotot \u00e4r f\u00f6ljande: 1. Vad \u00e4r [&hellip;]<\/p>\n","protected":false},"author":1,"featured_media":0,"parent":0,"menu_order":0,"comment_status":"closed","ping_status":"closed","template":"","meta":{"footnotes":""},"class_list":["post-741","page","type-page","status-publish","hentry"],"yoast_head":"<!-- This site is optimized with the Yoast SEO plugin v27.4 - https:\/\/yoast.com\/product\/yoast-seo-wordpress\/ -->\n<title>Specifikationer f\u00f6r identitetsfoto f\u00f6r Green Card - USA GC<\/title>\n<meta name=\"description\" content=\"F\u00f6r att f\u00e5 eller f\u00f6rnya ett Green Card m\u00e5ste den s\u00f6kande tillhandah\u00e5lla sitt passfoto i enlighet med vissa regler.\" \/>\n<meta name=\"robots\" content=\"index, follow, max-snippet:-1, max-image-preview:large, max-video-preview:-1\" \/>\n<link rel=\"canonical\" href=\"https:\/\/us-gc.net\/sv\/green-card-foto\/\" \/>\n<meta property=\"og:locale\" content=\"sv_SE\" \/>\n<meta property=\"og:type\" content=\"article\" \/>\n<meta property=\"og:title\" content=\"Specifikationer f\u00f6r identitetsfoto f\u00f6r Green Card - USA GC\" \/>\n<meta property=\"og:description\" content=\"F\u00f6r att f\u00e5 eller f\u00f6rnya ett Green Card m\u00e5ste den s\u00f6kande tillhandah\u00e5lla sitt passfoto i enlighet med vissa regler.\" \/>\n<meta property=\"og:url\" content=\"https:\/\/us-gc.net\/sv\/green-card-foto\/\" \/>\n<meta property=\"og:site_name\" content=\"USA GC\" \/>\n<meta property=\"article:modified_time\" content=\"2024-12-30T09:39:53+00:00\" \/>\n<meta property=\"og:image\" content=\"https:\/\/us-gc.net\/wp-content\/uploads\/2024\/05\/Green-card-2024.jpg\" \/>\n<meta name=\"twitter:card\" content=\"summary_large_image\" \/>\n<meta name=\"twitter:label1\" content=\"Ber\u00e4knad l\u00e4stid\" \/>\n\t<meta name=\"twitter:data1\" content=\"2 minuter\" \/>\n<script type=\"application\/ld+json\" class=\"yoast-schema-graph\">{\"@context\":\"https:\\\/\\\/schema.org\",\"@graph\":[{\"@type\":\"WebPage\",\"@id\":\"https:\\\/\\\/us-gc.net\\\/sv\\\/green-card-foto\\\/\",\"url\":\"https:\\\/\\\/us-gc.net\\\/sv\\\/green-card-foto\\\/\",\"name\":\"Specifikationer f\u00f6r identitetsfoto f\u00f6r Green Card - USA GC\",\"isPartOf\":{\"@id\":\"https:\\\/\\\/us-gc.net\\\/sv\\\/#website\"},\"primaryImageOfPage\":{\"@id\":\"https:\\\/\\\/us-gc.net\\\/sv\\\/green-card-foto\\\/#primaryimage\"},\"image\":{\"@id\":\"https:\\\/\\\/us-gc.net\\\/sv\\\/green-card-foto\\\/#primaryimage\"},\"thumbnailUrl\":\"https:\\\/\\\/us-gc.net\\\/wp-content\\\/uploads\\\/2024\\\/05\\\/Green-card-2024.jpg\",\"datePublished\":\"2024-01-31T14:45:08+00:00\",\"dateModified\":\"2024-12-30T09:39:53+00:00\",\"description\":\"F\u00f6r att f\u00e5 eller f\u00f6rnya ett Green Card m\u00e5ste den s\u00f6kande tillhandah\u00e5lla sitt passfoto i enlighet med vissa regler.\",\"breadcrumb\":{\"@id\":\"https:\\\/\\\/us-gc.net\\\/sv\\\/green-card-foto\\\/#breadcrumb\"},\"inLanguage\":\"sv-SE\",\"potentialAction\":[{\"@type\":\"ReadAction\",\"target\":[\"https:\\\/\\\/us-gc.net\\\/sv\\\/green-card-foto\\\/\"]}]},{\"@type\":\"ImageObject\",\"inLanguage\":\"sv-SE\",\"@id\":\"https:\\\/\\\/us-gc.net\\\/sv\\\/green-card-foto\\\/#primaryimage\",\"url\":\"https:\\\/\\\/us-gc.net\\\/wp-content\\\/uploads\\\/2024\\\/05\\\/Green-card-2024.jpg\",\"contentUrl\":\"https:\\\/\\\/us-gc.net\\\/wp-content\\\/uploads\\\/2024\\\/05\\\/Green-card-2024.jpg\"},{\"@type\":\"BreadcrumbList\",\"@id\":\"https:\\\/\\\/us-gc.net\\\/sv\\\/green-card-foto\\\/#breadcrumb\",\"itemListElement\":[{\"@type\":\"ListItem\",\"position\":1,\"name\":\"Accueil\",\"item\":\"https:\\\/\\\/us-gc.net\\\/sv\\\/green-card\\\/\"},{\"@type\":\"ListItem\",\"position\":2,\"name\":\"Specifikationer f\u00f6r identitetsfoto f\u00f6r Green Card\"}]},{\"@type\":\"WebSite\",\"@id\":\"https:\\\/\\\/us-gc.net\\\/sv\\\/#website\",\"url\":\"https:\\\/\\\/us-gc.net\\\/sv\\\/\",\"name\":\"USA GC\",\"description\":\"\",\"potentialAction\":[{\"@type\":\"SearchAction\",\"target\":{\"@type\":\"EntryPoint\",\"urlTemplate\":\"https:\\\/\\\/us-gc.net\\\/sv\\\/?s={search_term_string}\"},\"query-input\":{\"@type\":\"PropertyValueSpecification\",\"valueRequired\":true,\"valueName\":\"search_term_string\"}}],\"inLanguage\":\"sv-SE\"}]}<\/script>\n<!-- \/ Yoast SEO plugin. -->","yoast_head_json":{"title":"Specifikationer f\u00f6r identitetsfoto f\u00f6r Green Card - USA GC","description":"F\u00f6r att f\u00e5 eller f\u00f6rnya ett Green Card m\u00e5ste den s\u00f6kande tillhandah\u00e5lla sitt passfoto i enlighet med vissa regler.","robots":{"index":"index","follow":"follow","max-snippet":"max-snippet:-1","max-image-preview":"max-image-preview:large","max-video-preview":"max-video-preview:-1"},"canonical":"https:\/\/us-gc.net\/sv\/green-card-foto\/","og_locale":"sv_SE","og_type":"article","og_title":"Specifikationer f\u00f6r identitetsfoto f\u00f6r Green Card - USA GC","og_description":"F\u00f6r att f\u00e5 eller f\u00f6rnya ett Green Card m\u00e5ste den s\u00f6kande tillhandah\u00e5lla sitt passfoto i enlighet med vissa regler.","og_url":"https:\/\/us-gc.net\/sv\/green-card-foto\/","og_site_name":"USA GC","article_modified_time":"2024-12-30T09:39:53+00:00","og_image":[{"url":"https:\/\/us-gc.net\/wp-content\/uploads\/2024\/05\/Green-card-2024.jpg","type":"","width":"","height":""}],"twitter_card":"summary_large_image","twitter_misc":{"Ber\u00e4knad l\u00e4stid":"2 minuter"},"schema":{"@context":"https:\/\/schema.org","@graph":[{"@type":"WebPage","@id":"https:\/\/us-gc.net\/sv\/green-card-foto\/","url":"https:\/\/us-gc.net\/sv\/green-card-foto\/","name":"Specifikationer f\u00f6r identitetsfoto f\u00f6r Green Card - USA GC","isPartOf":{"@id":"https:\/\/us-gc.net\/sv\/#website"},"primaryImageOfPage":{"@id":"https:\/\/us-gc.net\/sv\/green-card-foto\/#primaryimage"},"image":{"@id":"https:\/\/us-gc.net\/sv\/green-card-foto\/#primaryimage"},"thumbnailUrl":"https:\/\/us-gc.net\/wp-content\/uploads\/2024\/05\/Green-card-2024.jpg","datePublished":"2024-01-31T14:45:08+00:00","dateModified":"2024-12-30T09:39:53+00:00","description":"F\u00f6r att f\u00e5 eller f\u00f6rnya ett Green Card m\u00e5ste den s\u00f6kande tillhandah\u00e5lla sitt passfoto i enlighet med vissa regler.","breadcrumb":{"@id":"https:\/\/us-gc.net\/sv\/green-card-foto\/#breadcrumb"},"inLanguage":"sv-SE","potentialAction":[{"@type":"ReadAction","target":["https:\/\/us-gc.net\/sv\/green-card-foto\/"]}]},{"@type":"ImageObject","inLanguage":"sv-SE","@id":"https:\/\/us-gc.net\/sv\/green-card-foto\/#primaryimage","url":"https:\/\/us-gc.net\/wp-content\/uploads\/2024\/05\/Green-card-2024.jpg","contentUrl":"https:\/\/us-gc.net\/wp-content\/uploads\/2024\/05\/Green-card-2024.jpg"},{"@type":"BreadcrumbList","@id":"https:\/\/us-gc.net\/sv\/green-card-foto\/#breadcrumb","itemListElement":[{"@type":"ListItem","position":1,"name":"Accueil","item":"https:\/\/us-gc.net\/sv\/green-card\/"},{"@type":"ListItem","position":2,"name":"Specifikationer f\u00f6r identitetsfoto f\u00f6r Green Card"}]},{"@type":"WebSite","@id":"https:\/\/us-gc.net\/sv\/#website","url":"https:\/\/us-gc.net\/sv\/","name":"USA GC","description":"","potentialAction":[{"@type":"SearchAction","target":{"@type":"EntryPoint","urlTemplate":"https:\/\/us-gc.net\/sv\/?s={search_term_string}"},"query-input":{"@type":"PropertyValueSpecification","valueRequired":true,"valueName":"search_term_string"}}],"inLanguage":"sv-SE"}]}},"_links":{"self":[{"href":"https:\/\/us-gc.net\/sv\/wp-json\/wp\/v2\/pages\/741","targetHints":{"allow":["GET"]}}],"collection":[{"href":"https:\/\/us-gc.net\/sv\/wp-json\/wp\/v2\/pages"}],"about":[{"href":"https:\/\/us-gc.net\/sv\/wp-json\/wp\/v2\/types\/page"}],"author":[{"embeddable":true,"href":"https:\/\/us-gc.net\/sv\/wp-json\/wp\/v2\/users\/1"}],"replies":[{"embeddable":true,"href":"https:\/\/us-gc.net\/sv\/wp-json\/wp\/v2\/comments?post=741"}],"version-history":[{"count":1,"href":"https:\/\/us-gc.net\/sv\/wp-json\/wp\/v2\/pages\/741\/revisions"}],"predecessor-version":[{"id":7689,"href":"https:\/\/us-gc.net\/sv\/wp-json\/wp\/v2\/pages\/741\/revisions\/7689"}],"wp:attachment":[{"href":"https:\/\/us-gc.net\/sv\/wp-json\/wp\/v2\/media?parent=741"}],"curies":[{"name":"wp","href":"https:\/\/api.w.org\/{rel}","templated":true}]}}