{"id":726,"date":"2024-01-31T14:27:27","date_gmt":"2024-01-31T14:27:27","guid":{"rendered":"https:\/\/green-card-usa.net\/green-card-for-sysselsattning\/"},"modified":"2024-12-30T09:39:26","modified_gmt":"2024-12-30T09:39:26","slug":"green-card-for-sysselsattning","status":"publish","type":"page","link":"https:\/\/us-gc.net\/sv\/green-card-for-sysselsattning\/","title":{"rendered":"Syssels\u00e4ttningsbaserat Green Card f\u00f6r invandrare"},"content":{"rendered":"\n<h1 class=\"wp-block-heading\" id=\"h-obtenir-une-green-card-basee-sur-l-emploi\">Erh\u00e5lla ett gr\u00f6nt kort baserat p\u00e5 anst\u00e4llning<\/h1>\n\n<p>Ta reda p\u00e5 hur du f\u00e5r ett <a href=\"https:\/\/us-gc.net\/sv\/\">Green Card<\/a> i USA genom anst\u00e4llning. Det anst\u00e4llningsbaserade Green Card \u00e4r mycket popul\u00e4rt f\u00f6r kvalificerade invandrare som vill arbeta och bo lagligt i USA.<\/p>\n\n<h2 class=\"wp-block-heading\" id=\"h-qu-est-ce-qu-une-green-card-basee-sur-l-emploi\">Vad \u00e4r ett anst\u00e4llningsbaserat Green Card?<\/h2>\n\n<p>Det anst\u00e4llningsbaserade Green Card \u00e4r ett s\u00e4tt f\u00f6r kvalificerade utl\u00e4ndska arbetstagare att f\u00e5 permanent uppeh\u00e5llstillst\u00e5nd i USA genom anst\u00e4llning. Till skillnad fr\u00e5n andra invandringsalternativ \u00e4r detta specifikt utformat f\u00f6r individer med yrkeskunskaper som efterfr\u00e5gas av amerikanska arbetsgivare. Det g\u00f6r det m\u00f6jligt f\u00f6r innehavare av arbetsvisum att bli permanent bosatta.<\/p>\n\n<h2 class=\"wp-block-heading\" id=\"h-eligibilite-et-criteres-de-qualification\">Beh\u00f6righet och kvalifikationskriterier<\/h2>\n\n<p>F\u00f6r att vara ber\u00e4ttigad till ett anst\u00e4llningsbaserat Green Card m\u00e5ste den s\u00f6kande uppfylla vissa villkor:<\/p>\n\n<ul class=\"wp-block-list\">\n<li>L\u00e4mplig yrkeserfarenhet inom ett specifikt omr\u00e5de;<\/li>\n\n\n\n<li>Ett giltigt jobberbjudande fr\u00e5n en amerikansk arbetsgivare;<\/li>\n\n\n\n<li>Utbildnings- eller yrkeskvalifikationer som uppfyller kraven f\u00f6r den erbjudna tj\u00e4nsten.  <\/li>\n<\/ul>\n\n<p>Slutligen m\u00e5ste arbetsgivaren vara beredd att <a href=\"https:\/\/us-gc.net\/sv\/green-card-sponsring\/\">sponsra den s\u00f6kande f\u00f6r det Green Card <\/a> och att uppfylla alla r\u00e4ttsliga skyldigheter som r\u00f6r rekrytering av utl\u00e4ndsk arbetskraft.<\/p>\n\n<h2 class=\"wp-block-heading\" id=\"h-processus-de-demande\">Ans\u00f6kningsf\u00f6rfarande<\/h2>\n\n<p>Ans\u00f6kningsprocessen f\u00f6r ett anst\u00e4llningsbaserat gr\u00f6nt kort omfattar flera steg. F\u00f6rst och fr\u00e4mst m\u00e5ste arbetsgivaren f\u00e5 en arbetscertifiering fr\u00e5n det amerikanska arbetsmarknadsdepartementet. Den s\u00f6kande m\u00e5ste sedan l\u00e4mna in en ans\u00f6kan om arbetsvisum <a href=\"https:\/\/www.uscis.gov\/\">till USCIS<\/a>. N\u00e4r arbetsvisumet har godk\u00e4nts kan den s\u00f6kande p\u00e5b\u00f6rja ans\u00f6kningsprocessen f\u00f6r det gr\u00f6na kortet. Denna procedur omfattar :<\/p>\n\n<ul class=\"wp-block-list\">\n<li>Inl\u00e4mning av ans\u00f6kningsblanketten ;<\/li>\n\n\n\n<li>Insamling av st\u00f6djande dokument;<\/li>\n\n\n\n<li>En <a href=\"https:\/\/us-gc.net\/sv\/green-card-intervju\/\">intervju f\u00f6r det Green Card <\/a>;<\/li>\n\n\n\n<li>En medicinsk unders\u00f6kning.<\/li>\n<\/ul>\n\n<h2 class=\"wp-block-heading\" id=\"h-duree-et-delais-de-traitement\">Handl\u00e4ggningstider och tidsfrister<\/h2>\n\n<p>Den tid som kr\u00e4vs f\u00f6r att f\u00e5 ett Green Card baserat p\u00e5 anst\u00e4llning kan variera avsev\u00e4rt beroende p\u00e5 olika faktorer s\u00e5som: visumkategori, <a href=\"https:\/\/www.uscis.gov\/green-card\/green-card-processes-and-procedures\">USCIS<\/a> arbetsbelastning och andra individuella omst\u00e4ndigheter.  <\/p>\n\n<p>Som en allm\u00e4n regel kan processen ta fr\u00e5n flera m\u00e5nader till flera \u00e5r. Det \u00e4r viktigt att de s\u00f6kande har t\u00e5lamod och \u00e4r beredda att hantera eventuella f\u00f6rseningar under processen. S\u00f6kande kan ocks\u00e5 ans\u00f6ka om <a href=\"https:\/\/us-gc.net\/sv\/lotteri-green-card\/\">Green Card-lotteriet<\/a>.<\/p>\n\n<p><\/p>\n","protected":false},"excerpt":{"rendered":"<p>Erh\u00e5lla ett gr\u00f6nt kort baserat p\u00e5 anst\u00e4llning Ta reda p\u00e5 hur du f\u00e5r ett Green Card i USA genom anst\u00e4llning. Det anst\u00e4llningsbaserade Green Card \u00e4r mycket popul\u00e4rt f\u00f6r kvalificerade invandrare som vill arbeta och bo lagligt i USA. Vad \u00e4r ett anst\u00e4llningsbaserat Green Card? Det anst\u00e4llningsbaserade Green Card \u00e4r ett s\u00e4tt f\u00f6r kvalificerade utl\u00e4ndska arbetstagare [&hellip;]<\/p>\n","protected":false},"author":1,"featured_media":0,"parent":0,"menu_order":0,"comment_status":"closed","ping_status":"closed","template":"","meta":{"footnotes":""},"class_list":["post-726","page","type-page","status-publish","hentry"],"yoast_head":"<!-- This site is optimized with the Yoast SEO plugin v27.4 - https:\/\/yoast.com\/product\/yoast-seo-wordpress\/ -->\n<title>Syssels\u00e4ttningsbaserat Green Card f\u00f6r invandrare - USA GC<\/title>\n<meta name=\"description\" content=\"F\u00e5 ett amerikanskt Green Card baserat p\u00e5 ett jobb som erh\u00e5llits p\u00e5 amerikanskt territorium. All information du beh\u00f6ver f\u00f6r att f\u00e5 ett Green Card\" \/>\n<meta name=\"robots\" content=\"index, follow, max-snippet:-1, max-image-preview:large, max-video-preview:-1\" \/>\n<link rel=\"canonical\" href=\"https:\/\/us-gc.net\/sv\/green-card-for-sysselsattning\/\" \/>\n<meta property=\"og:locale\" content=\"sv_SE\" \/>\n<meta property=\"og:type\" content=\"article\" \/>\n<meta property=\"og:title\" content=\"Syssels\u00e4ttningsbaserat Green Card f\u00f6r invandrare - USA GC\" \/>\n<meta property=\"og:description\" content=\"F\u00e5 ett amerikanskt Green Card baserat p\u00e5 ett jobb som erh\u00e5llits p\u00e5 amerikanskt territorium. All information du beh\u00f6ver f\u00f6r att f\u00e5 ett Green Card\" \/>\n<meta property=\"og:url\" content=\"https:\/\/us-gc.net\/sv\/green-card-for-sysselsattning\/\" \/>\n<meta property=\"og:site_name\" content=\"USA GC\" \/>\n<meta property=\"article:modified_time\" content=\"2024-12-30T09:39:26+00:00\" \/>\n<meta name=\"twitter:card\" content=\"summary_large_image\" \/>\n<meta name=\"twitter:label1\" content=\"Ber\u00e4knad l\u00e4stid\" \/>\n\t<meta name=\"twitter:data1\" content=\"2 minuter\" \/>\n<script type=\"application\/ld+json\" class=\"yoast-schema-graph\">{\"@context\":\"https:\\\/\\\/schema.org\",\"@graph\":[{\"@type\":\"WebPage\",\"@id\":\"https:\\\/\\\/us-gc.net\\\/sv\\\/green-card-for-sysselsattning\\\/\",\"url\":\"https:\\\/\\\/us-gc.net\\\/sv\\\/green-card-for-sysselsattning\\\/\",\"name\":\"Syssels\u00e4ttningsbaserat Green Card f\u00f6r invandrare - USA GC\",\"isPartOf\":{\"@id\":\"https:\\\/\\\/us-gc.net\\\/sv\\\/#website\"},\"datePublished\":\"2024-01-31T14:27:27+00:00\",\"dateModified\":\"2024-12-30T09:39:26+00:00\",\"description\":\"F\u00e5 ett amerikanskt Green Card baserat p\u00e5 ett jobb som erh\u00e5llits p\u00e5 amerikanskt territorium. All information du beh\u00f6ver f\u00f6r att f\u00e5 ett Green Card\",\"breadcrumb\":{\"@id\":\"https:\\\/\\\/us-gc.net\\\/sv\\\/green-card-for-sysselsattning\\\/#breadcrumb\"},\"inLanguage\":\"sv-SE\",\"potentialAction\":[{\"@type\":\"ReadAction\",\"target\":[\"https:\\\/\\\/us-gc.net\\\/sv\\\/green-card-for-sysselsattning\\\/\"]}]},{\"@type\":\"BreadcrumbList\",\"@id\":\"https:\\\/\\\/us-gc.net\\\/sv\\\/green-card-for-sysselsattning\\\/#breadcrumb\",\"itemListElement\":[{\"@type\":\"ListItem\",\"position\":1,\"name\":\"Accueil\",\"item\":\"https:\\\/\\\/us-gc.net\\\/sv\\\/green-card\\\/\"},{\"@type\":\"ListItem\",\"position\":2,\"name\":\"Syssels\u00e4ttningsbaserat Green Card f\u00f6r invandrare\"}]},{\"@type\":\"WebSite\",\"@id\":\"https:\\\/\\\/us-gc.net\\\/sv\\\/#website\",\"url\":\"https:\\\/\\\/us-gc.net\\\/sv\\\/\",\"name\":\"USA GC\",\"description\":\"\",\"potentialAction\":[{\"@type\":\"SearchAction\",\"target\":{\"@type\":\"EntryPoint\",\"urlTemplate\":\"https:\\\/\\\/us-gc.net\\\/sv\\\/?s={search_term_string}\"},\"query-input\":{\"@type\":\"PropertyValueSpecification\",\"valueRequired\":true,\"valueName\":\"search_term_string\"}}],\"inLanguage\":\"sv-SE\"}]}<\/script>\n<!-- \/ Yoast SEO plugin. -->","yoast_head_json":{"title":"Syssels\u00e4ttningsbaserat Green Card f\u00f6r invandrare - USA GC","description":"F\u00e5 ett amerikanskt Green Card baserat p\u00e5 ett jobb som erh\u00e5llits p\u00e5 amerikanskt territorium. All information du beh\u00f6ver f\u00f6r att f\u00e5 ett Green Card","robots":{"index":"index","follow":"follow","max-snippet":"max-snippet:-1","max-image-preview":"max-image-preview:large","max-video-preview":"max-video-preview:-1"},"canonical":"https:\/\/us-gc.net\/sv\/green-card-for-sysselsattning\/","og_locale":"sv_SE","og_type":"article","og_title":"Syssels\u00e4ttningsbaserat Green Card f\u00f6r invandrare - USA GC","og_description":"F\u00e5 ett amerikanskt Green Card baserat p\u00e5 ett jobb som erh\u00e5llits p\u00e5 amerikanskt territorium. All information du beh\u00f6ver f\u00f6r att f\u00e5 ett Green Card","og_url":"https:\/\/us-gc.net\/sv\/green-card-for-sysselsattning\/","og_site_name":"USA GC","article_modified_time":"2024-12-30T09:39:26+00:00","twitter_card":"summary_large_image","twitter_misc":{"Ber\u00e4knad l\u00e4stid":"2 minuter"},"schema":{"@context":"https:\/\/schema.org","@graph":[{"@type":"WebPage","@id":"https:\/\/us-gc.net\/sv\/green-card-for-sysselsattning\/","url":"https:\/\/us-gc.net\/sv\/green-card-for-sysselsattning\/","name":"Syssels\u00e4ttningsbaserat Green Card f\u00f6r invandrare - USA GC","isPartOf":{"@id":"https:\/\/us-gc.net\/sv\/#website"},"datePublished":"2024-01-31T14:27:27+00:00","dateModified":"2024-12-30T09:39:26+00:00","description":"F\u00e5 ett amerikanskt Green Card baserat p\u00e5 ett jobb som erh\u00e5llits p\u00e5 amerikanskt territorium. All information du beh\u00f6ver f\u00f6r att f\u00e5 ett Green Card","breadcrumb":{"@id":"https:\/\/us-gc.net\/sv\/green-card-for-sysselsattning\/#breadcrumb"},"inLanguage":"sv-SE","potentialAction":[{"@type":"ReadAction","target":["https:\/\/us-gc.net\/sv\/green-card-for-sysselsattning\/"]}]},{"@type":"BreadcrumbList","@id":"https:\/\/us-gc.net\/sv\/green-card-for-sysselsattning\/#breadcrumb","itemListElement":[{"@type":"ListItem","position":1,"name":"Accueil","item":"https:\/\/us-gc.net\/sv\/green-card\/"},{"@type":"ListItem","position":2,"name":"Syssels\u00e4ttningsbaserat Green Card f\u00f6r invandrare"}]},{"@type":"WebSite","@id":"https:\/\/us-gc.net\/sv\/#website","url":"https:\/\/us-gc.net\/sv\/","name":"USA GC","description":"","potentialAction":[{"@type":"SearchAction","target":{"@type":"EntryPoint","urlTemplate":"https:\/\/us-gc.net\/sv\/?s={search_term_string}"},"query-input":{"@type":"PropertyValueSpecification","valueRequired":true,"valueName":"search_term_string"}}],"inLanguage":"sv-SE"}]}},"_links":{"self":[{"href":"https:\/\/us-gc.net\/sv\/wp-json\/wp\/v2\/pages\/726","targetHints":{"allow":["GET"]}}],"collection":[{"href":"https:\/\/us-gc.net\/sv\/wp-json\/wp\/v2\/pages"}],"about":[{"href":"https:\/\/us-gc.net\/sv\/wp-json\/wp\/v2\/types\/page"}],"author":[{"embeddable":true,"href":"https:\/\/us-gc.net\/sv\/wp-json\/wp\/v2\/users\/1"}],"replies":[{"embeddable":true,"href":"https:\/\/us-gc.net\/sv\/wp-json\/wp\/v2\/comments?post=726"}],"version-history":[{"count":1,"href":"https:\/\/us-gc.net\/sv\/wp-json\/wp\/v2\/pages\/726\/revisions"}],"predecessor-version":[{"id":7645,"href":"https:\/\/us-gc.net\/sv\/wp-json\/wp\/v2\/pages\/726\/revisions\/7645"}],"wp:attachment":[{"href":"https:\/\/us-gc.net\/sv\/wp-json\/wp\/v2\/media?parent=726"}],"curies":[{"name":"wp","href":"https:\/\/api.w.org\/{rel}","templated":true}]}}