{"id":678,"date":"2024-01-31T08:01:49","date_gmt":"2024-01-31T08:01:49","guid":{"rendered":"https:\/\/green-card-usa.net\/privacy-policy\/"},"modified":"2025-03-31T11:22:14","modified_gmt":"2025-03-31T11:22:14","slug":"privacy-policy","status":"publish","type":"page","link":"https:\/\/us-gc.net\/sv\/privacy-policy\/","title":{"rendered":"Sekretesspolicy f\u00f6r personuppgifter"},"content":{"rendered":"\n<h1 class=\"wp-block-heading\" id=\"h-politique-de-confidentialite\">Integritetspolicy<\/h1>\n\n<p>Vi \u00e4r en informationssajt om den amerikanska arbetsmarknaden. Vi erbjuder inga onlinetj\u00e4nster och vi har inget registreringsformul\u00e4r p\u00e5 webbplatsen. Det enda formul\u00e4ret p\u00e5 webbplatsen \u00e4r v\u00e5rt <a href=\"https:\/\/us-gc.net\/sv\/contact\/\">kontaktformul\u00e4r<\/a>.<\/p>\n\n<h2 class=\"wp-block-heading\" id=\"h-la-collecte-d-informations-sur-le-site\">Insamling av information p\u00e5 webbplatsen<\/h2>\n\n<p>H\u00e4r \u00e4r listan \u00f6ver personuppgifter som kan samlas in p\u00e5 v\u00e5r webbplats:<\/p>\n\n<ul class=\"wp-block-list\">\n<li>Kontaktinformation n\u00e4r du skickar ett e-postmeddelande till v\u00e5rt supportteam s\u00e5som ditt namn, f\u00f6rnamn, e-post. Informationen som finns i de e-postmeddelanden som du skickar till oss.<\/li>\n<\/ul>\n\n<div style=\"height:10px\" aria-hidden=\"true\" class=\"wp-block-spacer\"><\/div>\n\n<h2 class=\"wp-block-heading\" id=\"h-duree-de-conservation-des-donnees\">Datalagringsperiod<\/h2>\n\n<p>De uppgifter som samlas in raderas regelbundet, vilket inneb\u00e4r att vi inte sparar n\u00e5got e-postinneh\u00e5ll som skickas till oss l\u00e4ngre \u00e4n en vecka.  <\/p>\n\n<p>Uppdatering av lagrad information: V\u00e4nligen meddela oss om du vill att den personliga information vi har om dig ska korrigeras eller uppdateras under lagringsperioden.<\/p>\n\n<h2 class=\"wp-block-heading\" id=\"h-securite-de-vos-donnees-personnelles\">S\u00e4kerhet f\u00f6r dina personuppgifter<\/h2>\n\n<p>Vi vidtar tekniska f\u00f6rsiktighets\u00e5tg\u00e4rder f\u00f6r att f\u00f6rhindra st\u00f6ld av personlig information som finns i v\u00e5r databas under lagringstiden, \u00e4ven om den \u00e4r begr\u00e4nsad. Vi kommer att lagra all personlig information som \u00f6verf\u00f6rs p\u00e5 v\u00e5ra s\u00e4kra servrar.<\/p>\n\n<p>Du accepterar att det i princip inte \u00e4r s\u00e4rskilt s\u00e4kert att skicka information \u00f6ver Internet. Det \u00e4r n\u00e4stan om\u00f6jligt f\u00f6r oss att garantera den totala s\u00e4kerheten f\u00f6r dina \u00f6verf\u00f6rda data.<\/p>\n\n<h2 class=\"wp-block-heading\" id=\"h-vos-droits-en-matiere-de-donnees-personnelles\">Dina r\u00e4ttigheter ang\u00e5ende personuppgifter<\/h2>\n\n<p>Du har r\u00e4tt att be oss att l\u00e4mna vidare all personlig information som vi har om dig, vilket kan ske mot uppvisande av bevis p\u00e5 din identitet (bestyrkt fotokopia av pass + faktura som visar din hemadress).<\/p>\n\n<h2 class=\"wp-block-heading\" id=\"h-mise-a-jour-de-cette-politique-de-confidentialite\">Uppdatering av denna integritetspolicy<\/h2>\n\n<p>Regelbundet uppdaterar vi denna policy. Det \u00e4r n\u00f6dv\u00e4ndigt att kontrollera denna sida n\u00e4r du anv\u00e4nder webbplatsen f\u00f6r att se om det finns \u00e4ndringar i sekretesspolicyn.<\/p>\n\n<h2 class=\"wp-block-heading\" id=\"h-liens-contextuels-vers-des-sites-web-tiers\">Kontextuella l\u00e4nkar till tredje parts webbplatser<\/h2>\n\n<p>V\u00e5r webbplats inneh\u00e5ller hyperl\u00e4nkar till webbplatser som tillh\u00f6r tredje part. Vi har ingen kontroll \u00f6ver dessa webbplatser och \u00e4r inte ansvariga f\u00f6r deras integritetspolicy eller deras aff\u00e4rs- eller marknadsf\u00f6ringsmetoder. Vi tar inget ansvar f\u00f6r dessa l\u00e4nkar.<\/p>\n","protected":false},"excerpt":{"rendered":"<p>Integritetspolicy Vi \u00e4r en informationssajt om den amerikanska arbetsmarknaden. Vi erbjuder inga onlinetj\u00e4nster och vi har inget registreringsformul\u00e4r p\u00e5 webbplatsen. Det enda formul\u00e4ret p\u00e5 webbplatsen \u00e4r v\u00e5rt kontaktformul\u00e4r. Insamling av information p\u00e5 webbplatsen H\u00e4r \u00e4r listan \u00f6ver personuppgifter som kan samlas in p\u00e5 v\u00e5r webbplats: Datalagringsperiod De uppgifter som samlas in raderas regelbundet, vilket inneb\u00e4r [&hellip;]<\/p>\n","protected":false},"author":1,"featured_media":0,"parent":0,"menu_order":0,"comment_status":"closed","ping_status":"closed","template":"","meta":{"footnotes":""},"class_list":["post-678","page","type-page","status-publish","hentry"],"yoast_head":"<!-- This site is optimized with the Yoast SEO plugin v27.4 - https:\/\/yoast.com\/product\/yoast-seo-wordpress\/ -->\n<title>Sekretesspolicy f\u00f6r personuppgifter - USA GC<\/title>\n<meta name=\"description\" content=\"Detaljerad integritetspolicy som f\u00f6ljer g\u00e4llande dataskyddsbest\u00e4mmelser\" \/>\n<meta name=\"robots\" content=\"noindex, nofollow\" \/>\n<meta property=\"og:locale\" content=\"sv_SE\" \/>\n<meta property=\"og:type\" content=\"article\" \/>\n<meta property=\"og:title\" content=\"Sekretesspolicy f\u00f6r personuppgifter - USA GC\" \/>\n<meta property=\"og:description\" content=\"Detaljerad integritetspolicy som f\u00f6ljer g\u00e4llande dataskyddsbest\u00e4mmelser\" \/>\n<meta property=\"og:url\" content=\"https:\/\/us-gc.net\/sv\/privacy-policy\/\" \/>\n<meta property=\"og:site_name\" content=\"USA GC\" \/>\n<meta property=\"article:modified_time\" content=\"2025-03-31T11:22:14+00:00\" \/>\n<meta name=\"twitter:card\" content=\"summary_large_image\" \/>\n<meta name=\"twitter:label1\" content=\"Ber\u00e4knad l\u00e4stid\" \/>\n\t<meta name=\"twitter:data1\" content=\"2 minuter\" \/>\n<script type=\"application\/ld+json\" class=\"yoast-schema-graph\">{\"@context\":\"https:\\\/\\\/schema.org\",\"@graph\":[{\"@type\":\"WebPage\",\"@id\":\"https:\\\/\\\/us-gc.net\\\/sv\\\/privacy-policy\\\/\",\"url\":\"https:\\\/\\\/us-gc.net\\\/sv\\\/privacy-policy\\\/\",\"name\":\"Sekretesspolicy f\u00f6r personuppgifter - USA GC\",\"isPartOf\":{\"@id\":\"https:\\\/\\\/us-gc.net\\\/sv\\\/#website\"},\"datePublished\":\"2024-01-31T08:01:49+00:00\",\"dateModified\":\"2025-03-31T11:22:14+00:00\",\"description\":\"Detaljerad integritetspolicy som f\u00f6ljer g\u00e4llande dataskyddsbest\u00e4mmelser\",\"breadcrumb\":{\"@id\":\"https:\\\/\\\/us-gc.net\\\/sv\\\/privacy-policy\\\/#breadcrumb\"},\"inLanguage\":\"sv-SE\",\"potentialAction\":[{\"@type\":\"ReadAction\",\"target\":[\"https:\\\/\\\/us-gc.net\\\/sv\\\/privacy-policy\\\/\"]}]},{\"@type\":\"BreadcrumbList\",\"@id\":\"https:\\\/\\\/us-gc.net\\\/sv\\\/privacy-policy\\\/#breadcrumb\",\"itemListElement\":[{\"@type\":\"ListItem\",\"position\":1,\"name\":\"Accueil\",\"item\":\"https:\\\/\\\/us-gc.net\\\/sv\\\/green-card\\\/\"},{\"@type\":\"ListItem\",\"position\":2,\"name\":\"Sekretesspolicy f\u00f6r personuppgifter\"}]},{\"@type\":\"WebSite\",\"@id\":\"https:\\\/\\\/us-gc.net\\\/sv\\\/#website\",\"url\":\"https:\\\/\\\/us-gc.net\\\/sv\\\/\",\"name\":\"USA GC\",\"description\":\"\",\"potentialAction\":[{\"@type\":\"SearchAction\",\"target\":{\"@type\":\"EntryPoint\",\"urlTemplate\":\"https:\\\/\\\/us-gc.net\\\/sv\\\/?s={search_term_string}\"},\"query-input\":{\"@type\":\"PropertyValueSpecification\",\"valueRequired\":true,\"valueName\":\"search_term_string\"}}],\"inLanguage\":\"sv-SE\"}]}<\/script>\n<!-- \/ Yoast SEO plugin. -->","yoast_head_json":{"title":"Sekretesspolicy f\u00f6r personuppgifter - USA GC","description":"Detaljerad integritetspolicy som f\u00f6ljer g\u00e4llande dataskyddsbest\u00e4mmelser","robots":{"index":"noindex","follow":"nofollow"},"og_locale":"sv_SE","og_type":"article","og_title":"Sekretesspolicy f\u00f6r personuppgifter - USA GC","og_description":"Detaljerad integritetspolicy som f\u00f6ljer g\u00e4llande dataskyddsbest\u00e4mmelser","og_url":"https:\/\/us-gc.net\/sv\/privacy-policy\/","og_site_name":"USA GC","article_modified_time":"2025-03-31T11:22:14+00:00","twitter_card":"summary_large_image","twitter_misc":{"Ber\u00e4knad l\u00e4stid":"2 minuter"},"schema":{"@context":"https:\/\/schema.org","@graph":[{"@type":"WebPage","@id":"https:\/\/us-gc.net\/sv\/privacy-policy\/","url":"https:\/\/us-gc.net\/sv\/privacy-policy\/","name":"Sekretesspolicy f\u00f6r personuppgifter - USA GC","isPartOf":{"@id":"https:\/\/us-gc.net\/sv\/#website"},"datePublished":"2024-01-31T08:01:49+00:00","dateModified":"2025-03-31T11:22:14+00:00","description":"Detaljerad integritetspolicy som f\u00f6ljer g\u00e4llande dataskyddsbest\u00e4mmelser","breadcrumb":{"@id":"https:\/\/us-gc.net\/sv\/privacy-policy\/#breadcrumb"},"inLanguage":"sv-SE","potentialAction":[{"@type":"ReadAction","target":["https:\/\/us-gc.net\/sv\/privacy-policy\/"]}]},{"@type":"BreadcrumbList","@id":"https:\/\/us-gc.net\/sv\/privacy-policy\/#breadcrumb","itemListElement":[{"@type":"ListItem","position":1,"name":"Accueil","item":"https:\/\/us-gc.net\/sv\/green-card\/"},{"@type":"ListItem","position":2,"name":"Sekretesspolicy f\u00f6r personuppgifter"}]},{"@type":"WebSite","@id":"https:\/\/us-gc.net\/sv\/#website","url":"https:\/\/us-gc.net\/sv\/","name":"USA GC","description":"","potentialAction":[{"@type":"SearchAction","target":{"@type":"EntryPoint","urlTemplate":"https:\/\/us-gc.net\/sv\/?s={search_term_string}"},"query-input":{"@type":"PropertyValueSpecification","valueRequired":true,"valueName":"search_term_string"}}],"inLanguage":"sv-SE"}]}},"_links":{"self":[{"href":"https:\/\/us-gc.net\/sv\/wp-json\/wp\/v2\/pages\/678","targetHints":{"allow":["GET"]}}],"collection":[{"href":"https:\/\/us-gc.net\/sv\/wp-json\/wp\/v2\/pages"}],"about":[{"href":"https:\/\/us-gc.net\/sv\/wp-json\/wp\/v2\/types\/page"}],"author":[{"embeddable":true,"href":"https:\/\/us-gc.net\/sv\/wp-json\/wp\/v2\/users\/1"}],"replies":[{"embeddable":true,"href":"https:\/\/us-gc.net\/sv\/wp-json\/wp\/v2\/comments?post=678"}],"version-history":[{"count":2,"href":"https:\/\/us-gc.net\/sv\/wp-json\/wp\/v2\/pages\/678\/revisions"}],"predecessor-version":[{"id":8658,"href":"https:\/\/us-gc.net\/sv\/wp-json\/wp\/v2\/pages\/678\/revisions\/8658"}],"wp:attachment":[{"href":"https:\/\/us-gc.net\/sv\/wp-json\/wp\/v2\/media?parent=678"}],"curies":[{"name":"wp","href":"https:\/\/api.w.org\/{rel}","templated":true}]}}