{"id":648,"date":"2024-01-31T07:59:57","date_gmt":"2024-01-31T07:59:57","guid":{"rendered":"https:\/\/green-card-usa.net\/rattsligt-information\/"},"modified":"2025-03-31T10:09:47","modified_gmt":"2025-03-31T10:09:47","slug":"rattsligt-information","status":"publish","type":"page","link":"https:\/\/us-gc.net\/sv\/rattsligt-information\/","title":{"rendered":"Juridisk information"},"content":{"rendered":"\n<h1 class=\"wp-block-heading\" id=\"h-mentions-legales-du-site\">Juridiska omn\u00e4mnanden av webbplatsen<\/h1>\n\n<h2 class=\"wp-block-heading\" id=\"h-editeur-du-site\">Webbplatsredigerare<\/h2>\n\n<p>Vi \u00e4r en informationswebbplats om arbetsmarknaden i USA. V\u00e5r webbplats publiceras av det privata maltesiska f\u00f6retaget <a href=\"https:\/\/alma-consulting.org\/\">Alma Consulting<\/a>. Vi \u00e4r oberoende av n\u00e5gon offentlig f\u00f6rvaltning.    <\/p>\n\n<p>Den person som ansvarar f\u00f6r publiceringen av webbplatsen \u00e4r Kevin Borg. F\u00f6r att kontakta oss, v\u00e4nligen anv\u00e4nd <a href=\"https:\/\/us-gc.net\/sv\/contact\/\">kontaktformul\u00e4ret<\/a>.<\/p>\n\n<h2 class=\"wp-block-heading\" id=\"h-hebergement-du-site\">Webbhotell<\/h2>\n\n<p>Webbplatsen \u00e4r hostad av OVH, ett f\u00f6retag baserat i Roubaix, Frankrike.\nOVH \u00e4r ett f\u00f6retag som \u00e4r registrerat i Lille M\u00e9tropoles f\u00f6retagsregister under nummer B424 761 419. <\/p>\n\n<h2 class=\"wp-block-heading\" id=\"h-traitement-des-donnees-personnelles\">Behandling av personuppgifter<\/h2>\n\n<p>Vi samlar inte in n\u00e5gra personuppgifter via ett onlineformul\u00e4r. Den enda personliga information som samlas in fr\u00e5n bes\u00f6kare p\u00e5 webbplatsen \u00e4r den information som l\u00e4mnas i kontaktformul\u00e4ret. Denna information f\u00f6rst\u00f6rs och sparas inte n\u00e4r e-postmeddelandet har behandlats. <\/p>\n\n<p>N\u00e4r det g\u00e4ller cookies i webbl\u00e4saren kan bes\u00f6karna sj\u00e4lva blockera anv\u00e4ndningen av cookies i webbl\u00e4saren. Du har ocks\u00e5 r\u00e4tt att f\u00e5 tillg\u00e5ng till, \u00e4ndra, korrigera och radera dessa uppgifter. F\u00f6r att ut\u00f6va denna r\u00e4ttighet, v\u00e4nligen kontakta oss via <a href=\"https:\/\/us-gc.net\/sv\/contact\/\">kontaktformul\u00e4ret<\/a>.<\/p>\n","protected":false},"excerpt":{"rendered":"<p>Juridiska omn\u00e4mnanden av webbplatsen Webbplatsredigerare Vi \u00e4r en informationswebbplats om arbetsmarknaden i USA. V\u00e5r webbplats publiceras av det privata maltesiska f\u00f6retaget Alma Consulting. Vi \u00e4r oberoende av n\u00e5gon offentlig f\u00f6rvaltning. Den person som ansvarar f\u00f6r publiceringen av webbplatsen \u00e4r Kevin Borg. F\u00f6r att kontakta oss, v\u00e4nligen anv\u00e4nd kontaktformul\u00e4ret. Webbhotell Webbplatsen \u00e4r hostad av OVH, ett [&hellip;]<\/p>\n","protected":false},"author":1,"featured_media":0,"parent":0,"menu_order":0,"comment_status":"closed","ping_status":"closed","template":"","meta":{"footnotes":""},"class_list":["post-648","page","type-page","status-publish","hentry"],"yoast_head":"<!-- This site is optimized with the Yoast SEO plugin v27.4 - https:\/\/yoast.com\/product\/yoast-seo-wordpress\/ -->\n<title>Juridisk information - USA GC<\/title>\n<meta name=\"description\" content=\"R\u00e4ttsligt meddelande f\u00f6r webbplatsen us-gc.net, information om den amerikanska arbets- och immigrationsmarknaden\" \/>\n<meta name=\"robots\" content=\"noindex, nofollow\" \/>\n<meta property=\"og:locale\" content=\"sv_SE\" \/>\n<meta property=\"og:type\" content=\"article\" \/>\n<meta property=\"og:title\" content=\"Juridisk information - USA GC\" \/>\n<meta property=\"og:description\" content=\"R\u00e4ttsligt meddelande f\u00f6r webbplatsen us-gc.net, information om den amerikanska arbets- och immigrationsmarknaden\" \/>\n<meta property=\"og:url\" content=\"https:\/\/us-gc.net\/sv\/rattsligt-information\/\" \/>\n<meta property=\"og:site_name\" content=\"USA GC\" \/>\n<meta property=\"article:modified_time\" content=\"2025-03-31T10:09:47+00:00\" \/>\n<meta name=\"twitter:card\" content=\"summary_large_image\" \/>\n<meta name=\"twitter:label1\" content=\"Ber\u00e4knad l\u00e4stid\" \/>\n\t<meta name=\"twitter:data1\" content=\"1 minut\" \/>\n<script type=\"application\/ld+json\" class=\"yoast-schema-graph\">{\"@context\":\"https:\\\/\\\/schema.org\",\"@graph\":[{\"@type\":\"WebPage\",\"@id\":\"https:\\\/\\\/us-gc.net\\\/sv\\\/rattsligt-information\\\/\",\"url\":\"https:\\\/\\\/us-gc.net\\\/sv\\\/rattsligt-information\\\/\",\"name\":\"Juridisk information - USA GC\",\"isPartOf\":{\"@id\":\"https:\\\/\\\/us-gc.net\\\/sv\\\/#website\"},\"datePublished\":\"2024-01-31T07:59:57+00:00\",\"dateModified\":\"2025-03-31T10:09:47+00:00\",\"description\":\"R\u00e4ttsligt meddelande f\u00f6r webbplatsen us-gc.net, information om den amerikanska arbets- och immigrationsmarknaden\",\"breadcrumb\":{\"@id\":\"https:\\\/\\\/us-gc.net\\\/sv\\\/rattsligt-information\\\/#breadcrumb\"},\"inLanguage\":\"sv-SE\",\"potentialAction\":[{\"@type\":\"ReadAction\",\"target\":[\"https:\\\/\\\/us-gc.net\\\/sv\\\/rattsligt-information\\\/\"]}]},{\"@type\":\"BreadcrumbList\",\"@id\":\"https:\\\/\\\/us-gc.net\\\/sv\\\/rattsligt-information\\\/#breadcrumb\",\"itemListElement\":[{\"@type\":\"ListItem\",\"position\":1,\"name\":\"Accueil\",\"item\":\"https:\\\/\\\/us-gc.net\\\/sv\\\/green-card\\\/\"},{\"@type\":\"ListItem\",\"position\":2,\"name\":\"Juridisk information\"}]},{\"@type\":\"WebSite\",\"@id\":\"https:\\\/\\\/us-gc.net\\\/sv\\\/#website\",\"url\":\"https:\\\/\\\/us-gc.net\\\/sv\\\/\",\"name\":\"USA GC\",\"description\":\"\",\"potentialAction\":[{\"@type\":\"SearchAction\",\"target\":{\"@type\":\"EntryPoint\",\"urlTemplate\":\"https:\\\/\\\/us-gc.net\\\/sv\\\/?s={search_term_string}\"},\"query-input\":{\"@type\":\"PropertyValueSpecification\",\"valueRequired\":true,\"valueName\":\"search_term_string\"}}],\"inLanguage\":\"sv-SE\"}]}<\/script>\n<!-- \/ Yoast SEO plugin. -->","yoast_head_json":{"title":"Juridisk information - USA GC","description":"R\u00e4ttsligt meddelande f\u00f6r webbplatsen us-gc.net, information om den amerikanska arbets- och immigrationsmarknaden","robots":{"index":"noindex","follow":"nofollow"},"og_locale":"sv_SE","og_type":"article","og_title":"Juridisk information - USA GC","og_description":"R\u00e4ttsligt meddelande f\u00f6r webbplatsen us-gc.net, information om den amerikanska arbets- och immigrationsmarknaden","og_url":"https:\/\/us-gc.net\/sv\/rattsligt-information\/","og_site_name":"USA GC","article_modified_time":"2025-03-31T10:09:47+00:00","twitter_card":"summary_large_image","twitter_misc":{"Ber\u00e4knad l\u00e4stid":"1 minut"},"schema":{"@context":"https:\/\/schema.org","@graph":[{"@type":"WebPage","@id":"https:\/\/us-gc.net\/sv\/rattsligt-information\/","url":"https:\/\/us-gc.net\/sv\/rattsligt-information\/","name":"Juridisk information - USA GC","isPartOf":{"@id":"https:\/\/us-gc.net\/sv\/#website"},"datePublished":"2024-01-31T07:59:57+00:00","dateModified":"2025-03-31T10:09:47+00:00","description":"R\u00e4ttsligt meddelande f\u00f6r webbplatsen us-gc.net, information om den amerikanska arbets- och immigrationsmarknaden","breadcrumb":{"@id":"https:\/\/us-gc.net\/sv\/rattsligt-information\/#breadcrumb"},"inLanguage":"sv-SE","potentialAction":[{"@type":"ReadAction","target":["https:\/\/us-gc.net\/sv\/rattsligt-information\/"]}]},{"@type":"BreadcrumbList","@id":"https:\/\/us-gc.net\/sv\/rattsligt-information\/#breadcrumb","itemListElement":[{"@type":"ListItem","position":1,"name":"Accueil","item":"https:\/\/us-gc.net\/sv\/green-card\/"},{"@type":"ListItem","position":2,"name":"Juridisk information"}]},{"@type":"WebSite","@id":"https:\/\/us-gc.net\/sv\/#website","url":"https:\/\/us-gc.net\/sv\/","name":"USA GC","description":"","potentialAction":[{"@type":"SearchAction","target":{"@type":"EntryPoint","urlTemplate":"https:\/\/us-gc.net\/sv\/?s={search_term_string}"},"query-input":{"@type":"PropertyValueSpecification","valueRequired":true,"valueName":"search_term_string"}}],"inLanguage":"sv-SE"}]}},"_links":{"self":[{"href":"https:\/\/us-gc.net\/sv\/wp-json\/wp\/v2\/pages\/648","targetHints":{"allow":["GET"]}}],"collection":[{"href":"https:\/\/us-gc.net\/sv\/wp-json\/wp\/v2\/pages"}],"about":[{"href":"https:\/\/us-gc.net\/sv\/wp-json\/wp\/v2\/types\/page"}],"author":[{"embeddable":true,"href":"https:\/\/us-gc.net\/sv\/wp-json\/wp\/v2\/users\/1"}],"replies":[{"embeddable":true,"href":"https:\/\/us-gc.net\/sv\/wp-json\/wp\/v2\/comments?post=648"}],"version-history":[{"count":3,"href":"https:\/\/us-gc.net\/sv\/wp-json\/wp\/v2\/pages\/648\/revisions"}],"predecessor-version":[{"id":8451,"href":"https:\/\/us-gc.net\/sv\/wp-json\/wp\/v2\/pages\/648\/revisions\/8451"}],"wp:attachment":[{"href":"https:\/\/us-gc.net\/sv\/wp-json\/wp\/v2\/media?parent=648"}],"curies":[{"name":"wp","href":"https:\/\/api.w.org\/{rel}","templated":true}]}}