{"id":464,"date":"2024-02-01T08:19:27","date_gmt":"2024-02-01T08:19:27","guid":{"rendered":"https:\/\/green-card-usa.net\/green-card-lotteri-formular\/"},"modified":"2025-03-31T10:05:58","modified_gmt":"2025-03-31T10:05:58","slug":"green-card-lotteri-formular","status":"publish","type":"page","link":"https:\/\/us-gc.net\/sv\/green-card-lotteri-formular\/","title":{"rendered":"Green Card lotteri online registreringsformul\u00e4r"},"content":{"rendered":"\t\t<div data-elementor-type=\"wp-page\" data-elementor-id=\"464\" class=\"elementor elementor-464 elementor-145\" data-elementor-post-type=\"page\">\n\t\t\t\t<div class=\"elementor-element elementor-element-75ef7d8 e-flex e-con-boxed e-con e-parent\" data-id=\"75ef7d8\" data-element_type=\"container\" data-e-type=\"container\">\n\t\t\t\t\t<div class=\"e-con-inner\">\n\t\t\t\t<div class=\"elementor-element elementor-element-3149e08 elementor-widget elementor-widget-heading\" data-id=\"3149e08\" data-element_type=\"widget\" data-e-type=\"widget\" data-widget_type=\"heading.default\">\n\t\t\t\t<div class=\"elementor-widget-container\">\n\t\t\t\t\t<h1 class=\"elementor-heading-title elementor-size-default\">Registreringsformul\u00e4r f\u00f6r lotteri med Green Card<\/h1>\t\t\t\t<\/div>\n\t\t\t\t<\/div>\n\t\t\t\t\t<\/div>\n\t\t\t\t<\/div>\n\t\t<div class=\"elementor-element elementor-element-1c60801 e-flex e-con-boxed e-con e-parent\" data-id=\"1c60801\" data-element_type=\"container\" data-e-type=\"container\">\n\t\t\t\t\t<div class=\"e-con-inner\">\n\t\t\t\t<div class=\"elementor-element elementor-element-2e9ffc9 elementor-widget elementor-widget-text-editor\" data-id=\"2e9ffc9\" data-element_type=\"widget\" data-e-type=\"widget\" data-widget_type=\"text-editor.default\">\n\t\t\t\t<div class=\"elementor-widget-container\">\n\t\t\t\t\t\t\t\t\t<p>Registreringen f\u00f6r n\u00e4sta Green Card-lotteri \u00e4r helt online. Det tar bara n\u00e5gra minuter att fylla i formul\u00e4ret. S\u00e4kra din ans\u00f6kan s\u00e5 snart som m\u00f6jligt f\u00f6r att inte missa anm\u00e4lningstiden.<\/p>\n\t\t\t\t\t\t\t\t<\/div>\n\t\t\t\t<\/div>\n\t\t\t\t\t<\/div>\n\t\t\t\t<\/div>\n\t\t<div class=\"elementor-element elementor-element-9d42428 e-flex e-con-boxed e-con e-parent\" data-id=\"9d42428\" data-element_type=\"container\" data-e-type=\"container\">\n\t\t\t\t\t<div class=\"e-con-inner\">\n\t\t\t\t<div class=\"elementor-element elementor-element-6933e78 elementor-widget elementor-widget-text-editor\" data-id=\"6933e78\" data-element_type=\"widget\" data-e-type=\"widget\" data-widget_type=\"text-editor.default\">\n\t\t\t\t<div class=\"elementor-widget-container\">\n\t\t\t\t\t\t\t\t\t<p>Registreringsformul\u00e4ret g\u00e5r snabbt att fylla i. Du m\u00e5ste fylla i en rad personuppgifter och uppfylla vissa villkor f\u00f6r att vara ber\u00e4ttigad till st\u00f6d.<\/p>\n\t\t\t\t\t\t\t\t<\/div>\n\t\t\t\t<\/div>\n\t\t\t\t\t<\/div>\n\t\t\t\t<\/div>\n\t\t<div class=\"elementor-element elementor-element-6306da8 e-flex e-con-boxed e-con e-parent\" data-id=\"6306da8\" data-element_type=\"container\" data-e-type=\"container\">\n\t\t\t\t\t<div class=\"e-con-inner\">\n\t\t\t\t<div class=\"elementor-element elementor-element-b506912 elementor-widget elementor-widget-heading\" data-id=\"b506912\" data-element_type=\"widget\" data-e-type=\"widget\" data-widget_type=\"heading.default\">\n\t\t\t\t<div class=\"elementor-widget-container\">\n\t\t\t\t\t<h2 class=\"elementor-heading-title elementor-size-default\">Hur man fyller i formul\u00e4ret<\/h2>\t\t\t\t<\/div>\n\t\t\t\t<\/div>\n\t\t\t\t\t<\/div>\n\t\t\t\t<\/div>\n\t\t<div class=\"elementor-element elementor-element-e5c6b45 e-flex e-con-boxed e-con e-parent\" data-id=\"e5c6b45\" data-element_type=\"container\" data-e-type=\"container\">\n\t\t\t\t\t<div class=\"e-con-inner\">\n\t\t\t\t<div class=\"elementor-element elementor-element-e90f36f elementor-widget elementor-widget-text-editor\" data-id=\"e90f36f\" data-element_type=\"widget\" data-e-type=\"widget\" data-widget_type=\"text-editor.default\">\n\t\t\t\t<div class=\"elementor-widget-container\">\n\t\t\t\t\t\t\t\t\t<p>Formul\u00e4ret fylls i helt online. den information som kr\u00e4vs f\u00f6r att validera din registrering \u00e4r :<\/p>\n<ul>\n<li>Ditt civilst\u00e5nd ;<\/li>\n<li>Din bostadsort ;<\/li>\n<li>Din e-postadress och ditt telefonnummer;<\/li>\n<li>Din utbildningsniv\u00e5 ;<\/li>\n<li>Din familjesituation ;<\/li>\n<li>Ditt giltiga pass.<\/li>\n<\/ul>\n<div> <\/div>\n<div>F\u00f6r att slutf\u00f6ra din registrering f\u00f6r Green Card-lotteriet, du m\u00e5ste skicka in en <span style=\"text-decoration: underline;\"><a href=\"https:\/\/us-gc.net\/sv\/green-card-foto\/\">foto f\u00f6r det gr\u00f6na kortet<\/a><\/span> som \u00e4r mindre \u00e4n 6 m\u00e5nader gammal, i \u00f6nskat format.<\/div>\n\t\t\t\t\t\t\t\t<\/div>\n\t\t\t\t<\/div>\n\t\t\t\t\t<\/div>\n\t\t\t\t<\/div>\n\t\t<div class=\"elementor-element elementor-element-b40a6c1 e-flex e-con-boxed e-con e-parent\" data-id=\"b40a6c1\" data-element_type=\"container\" data-e-type=\"container\">\n\t\t\t\t\t<div class=\"e-con-inner\">\n\t\t\t\t<div class=\"elementor-element elementor-element-844f7e4 elementor-widget elementor-widget-heading\" data-id=\"844f7e4\" data-element_type=\"widget\" data-e-type=\"widget\" data-widget_type=\"heading.default\">\n\t\t\t\t<div class=\"elementor-widget-container\">\n\t\t\t\t\t<h2 class=\"elementor-heading-title elementor-size-default\">Villkor f\u00f6r st\u00f6dber\u00e4ttigande<\/h2>\t\t\t\t<\/div>\n\t\t\t\t<\/div>\n\t\t\t\t\t<\/div>\n\t\t\t\t<\/div>\n\t\t<div class=\"elementor-element elementor-element-905f167 e-flex e-con-boxed e-con e-parent\" data-id=\"905f167\" data-element_type=\"container\" data-e-type=\"container\">\n\t\t\t\t\t<div class=\"e-con-inner\">\n\t\t\t\t<div class=\"elementor-element elementor-element-a70162a elementor-widget elementor-widget-text-editor\" data-id=\"a70162a\" data-element_type=\"widget\" data-e-type=\"widget\" data-widget_type=\"text-editor.default\">\n\t\t\t\t<div class=\"elementor-widget-container\">\n\t\t\t\t\t\t\t\t\t<p>Beh\u00f6righetskraven f\u00f6r att delta i det \u00e5rliga amerikanska Green Card-lotteriet \u00e4r mycket enkla. Det finns tv\u00e5 huvudkriterier som m\u00e5ste uppfyllas:<\/p>\n<h3>Du m\u00e5ste vara medborgare i ett st\u00f6dber\u00e4ttigat land<\/h3>\n<p>Inte alla l\u00e4nder f\u00e5r delta i <span style=\"text-decoration: underline;\"><a href=\"https:\/\/us-gc.net\/sv\/lotteri-green-card\/\">Green Card-lotteriet<\/a><\/span>. F\u00f6renta staterna f\u00f6rs\u00f6ker beh\u00e5lla en blandad invandrarbefolkning. Medborgare i l\u00e4nder d\u00e4r mer \u00e4n 50.000 medborgare har invandrat till USA under de senaste fem \u00e5ren \u00e4r inte ber\u00e4ttigade att ans\u00f6ka om ett <span style=\"text-decoration: underline;\"><a href=\"https:\/\/us-gc.net\/sv\/\">gr\u00f6nt kort<\/a><\/span>. Listan \u00f6ver l\u00e4nder vars medborgare inte f\u00e5r delta publiceras varje \u00e5r av USCIS. H\u00e4r \u00e4r listan \u00f6ver l\u00e4nder som inte har tillst\u00e5nd att delta i dragningen av <span style=\"text-decoration: underline;\"><a href=\"https:\/\/us-gc.net\/sv\/lotteri-green-card-2025\/\">Green Card 2025 lotteri<\/a><\/span>.<\/p>\n<h3>Du m\u00e5ste ha en l\u00e4gsta niv\u00e5 av h\u00f6gre utbildning<\/h3>\n<p>F\u00f6r att delta i <span style=\"text-decoration: underline;\"><a href=\"https:\/\/us-gc.net\/sv\/amerikanskt-lotteri-gront-kort\/\">gr\u00f6nt kort lotteri<\/a><\/span> du m\u00e5ste ha en l\u00e4gsta akademisk niv\u00e5. Denna h\u00f6gre utbildningsniv\u00e5 kan motiveras p\u00e5 tv\u00e5 s\u00e4tt:<\/p>\n<ul>\n<li>Har avlagt studentexamen (baccalaur\u00e9at) eller motsvarande;<\/li>\n<li>Under de senaste fem \u00e5ren ha innehaft en befattning i minst 2 \u00e5r som kr\u00e4ver minst 2 \u00e5rs utbildning eller erfarenhet.<\/li>\n<\/ul>\n\t\t\t\t\t\t\t\t<\/div>\n\t\t\t\t<\/div>\n\t\t\t\t\t<\/div>\n\t\t\t\t<\/div>\n\t\t<div class=\"elementor-element elementor-element-6a0528e e-flex e-con-boxed e-con e-parent\" data-id=\"6a0528e\" data-element_type=\"container\" data-e-type=\"container\">\n\t\t\t\t\t<div class=\"e-con-inner\">\n\t\t\t\t<div class=\"elementor-element elementor-element-57b8aba elementor-widget elementor-widget-heading\" data-id=\"57b8aba\" data-element_type=\"widget\" data-e-type=\"widget\" data-widget_type=\"heading.default\">\n\t\t\t\t<div class=\"elementor-widget-container\">\n\t\t\t\t\t<h2 class=\"elementor-heading-title elementor-size-default\">Resultat fr\u00e5n Green Card-lotteriet<\/h2>\t\t\t\t<\/div>\n\t\t\t\t<\/div>\n\t\t\t\t\t<\/div>\n\t\t\t\t<\/div>\n\t\t<div class=\"elementor-element elementor-element-5bfb210 e-flex e-con-boxed e-con e-parent\" data-id=\"5bfb210\" data-element_type=\"container\" data-e-type=\"container\">\n\t\t\t\t\t<div class=\"e-con-inner\">\n\t\t\t\t<div class=\"elementor-element elementor-element-2e3ef98 elementor-widget elementor-widget-text-editor\" data-id=\"2e3ef98\" data-element_type=\"widget\" data-e-type=\"widget\" data-widget_type=\"text-editor.default\">\n\t\t\t\t<div class=\"elementor-widget-container\">\n\t\t\t\t\t\t\t\t\t<p>Bes\u00f6k <span style=\"text-decoration: underline;\"><a href=\"https:\/\/us-gc.net\/sv\/resultat-lotteriet-green-card\/\">Green Card lotteri resultat<\/a><\/span> lotteri publiceras online varje \u00e5r. F\u00f6r alla s\u00f6kande som vinner lotteriet, processen f\u00f6r att f\u00e5 det gr\u00f6na kortet b\u00f6rjar. Denna process p\u00e5g\u00e5r under flera m\u00e5nader. Det sista steget \u00e4r en <span style=\"text-decoration: underline;\"><a href=\"https:\/\/us-gc.net\/sv\/green-card-intervju\/\">intervju f\u00f6r att f\u00e5 det gr\u00f6na kortet<\/a><\/span>. Denna intervju \u00e4ger rum med en USCIS-tj\u00e4nsteman och avslutar processen.<\/p>\n\t\t\t\t\t\t\t\t<\/div>\n\t\t\t\t<\/div>\n\t\t\t\t\t<\/div>\n\t\t\t\t<\/div>\n\t\t\t\t<\/div>\n\t\t","protected":false},"excerpt":{"rendered":"<p>Registreringsformul\u00e4r f\u00f6r lotteri med Green Card Registreringen f\u00f6r n\u00e4sta Green Card-lotteri \u00e4r helt online. Det tar bara n\u00e5gra minuter att fylla i formul\u00e4ret. S\u00e4kra din ans\u00f6kan s\u00e5 snart som m\u00f6jligt f\u00f6r att inte missa anm\u00e4lningstiden. Registreringsformul\u00e4ret g\u00e5r snabbt att fylla i. Du m\u00e5ste fylla i en rad personuppgifter och uppfylla vissa villkor f\u00f6r att vara [&hellip;]<\/p>\n","protected":false},"author":1,"featured_media":0,"parent":0,"menu_order":0,"comment_status":"closed","ping_status":"closed","template":"","meta":{"footnotes":""},"class_list":["post-464","page","type-page","status-publish","hentry"],"yoast_head":"<!-- This site is optimized with the Yoast SEO plugin v27.4 - https:\/\/yoast.com\/product\/yoast-seo-wordpress\/ -->\n<title>Green Card lotteri online registreringsformul\u00e4r - USA GC<\/title>\n<meta name=\"description\" content=\"Registrera dig direkt online f\u00f6r att delta i n\u00e4sta amerikanska Green Card-lotteri\" \/>\n<meta name=\"robots\" content=\"index, follow, max-snippet:-1, max-image-preview:large, max-video-preview:-1\" \/>\n<link rel=\"canonical\" href=\"https:\/\/us-gc.net\/sv\/green-card-lotteri-formular\/\" \/>\n<meta property=\"og:locale\" content=\"sv_SE\" \/>\n<meta property=\"og:type\" content=\"article\" \/>\n<meta property=\"og:title\" content=\"Green Card lotteri online registreringsformul\u00e4r - USA GC\" \/>\n<meta property=\"og:description\" content=\"Registrera dig direkt online f\u00f6r att delta i n\u00e4sta amerikanska Green Card-lotteri\" \/>\n<meta property=\"og:url\" content=\"https:\/\/us-gc.net\/sv\/green-card-lotteri-formular\/\" \/>\n<meta property=\"og:site_name\" content=\"USA GC\" \/>\n<meta property=\"article:modified_time\" content=\"2025-03-31T10:05:58+00:00\" \/>\n<meta name=\"twitter:card\" content=\"summary_large_image\" \/>\n<meta name=\"twitter:label1\" content=\"Ber\u00e4knad l\u00e4stid\" \/>\n\t<meta name=\"twitter:data1\" content=\"2 minuter\" \/>\n<script type=\"application\/ld+json\" class=\"yoast-schema-graph\">{\"@context\":\"https:\\\/\\\/schema.org\",\"@graph\":[{\"@type\":\"WebPage\",\"@id\":\"https:\\\/\\\/us-gc.net\\\/sv\\\/green-card-lotteri-formular\\\/\",\"url\":\"https:\\\/\\\/us-gc.net\\\/sv\\\/green-card-lotteri-formular\\\/\",\"name\":\"Green Card lotteri online registreringsformul\u00e4r - USA GC\",\"isPartOf\":{\"@id\":\"https:\\\/\\\/us-gc.net\\\/sv\\\/#website\"},\"datePublished\":\"2024-02-01T08:19:27+00:00\",\"dateModified\":\"2025-03-31T10:05:58+00:00\",\"description\":\"Registrera dig direkt online f\u00f6r att delta i n\u00e4sta amerikanska Green Card-lotteri\",\"breadcrumb\":{\"@id\":\"https:\\\/\\\/us-gc.net\\\/sv\\\/green-card-lotteri-formular\\\/#breadcrumb\"},\"inLanguage\":\"sv-SE\",\"potentialAction\":[{\"@type\":\"ReadAction\",\"target\":[\"https:\\\/\\\/us-gc.net\\\/sv\\\/green-card-lotteri-formular\\\/\"]}]},{\"@type\":\"BreadcrumbList\",\"@id\":\"https:\\\/\\\/us-gc.net\\\/sv\\\/green-card-lotteri-formular\\\/#breadcrumb\",\"itemListElement\":[{\"@type\":\"ListItem\",\"position\":1,\"name\":\"Accueil\",\"item\":\"https:\\\/\\\/us-gc.net\\\/sv\\\/green-card\\\/\"},{\"@type\":\"ListItem\",\"position\":2,\"name\":\"Green Card lotteri online registreringsformul\u00e4r\"}]},{\"@type\":\"WebSite\",\"@id\":\"https:\\\/\\\/us-gc.net\\\/sv\\\/#website\",\"url\":\"https:\\\/\\\/us-gc.net\\\/sv\\\/\",\"name\":\"USA GC\",\"description\":\"\",\"potentialAction\":[{\"@type\":\"SearchAction\",\"target\":{\"@type\":\"EntryPoint\",\"urlTemplate\":\"https:\\\/\\\/us-gc.net\\\/sv\\\/?s={search_term_string}\"},\"query-input\":{\"@type\":\"PropertyValueSpecification\",\"valueRequired\":true,\"valueName\":\"search_term_string\"}}],\"inLanguage\":\"sv-SE\"}]}<\/script>\n<!-- \/ Yoast SEO plugin. -->","yoast_head_json":{"title":"Green Card lotteri online registreringsformul\u00e4r - USA GC","description":"Registrera dig direkt online f\u00f6r att delta i n\u00e4sta amerikanska Green Card-lotteri","robots":{"index":"index","follow":"follow","max-snippet":"max-snippet:-1","max-image-preview":"max-image-preview:large","max-video-preview":"max-video-preview:-1"},"canonical":"https:\/\/us-gc.net\/sv\/green-card-lotteri-formular\/","og_locale":"sv_SE","og_type":"article","og_title":"Green Card lotteri online registreringsformul\u00e4r - USA GC","og_description":"Registrera dig direkt online f\u00f6r att delta i n\u00e4sta amerikanska Green Card-lotteri","og_url":"https:\/\/us-gc.net\/sv\/green-card-lotteri-formular\/","og_site_name":"USA GC","article_modified_time":"2025-03-31T10:05:58+00:00","twitter_card":"summary_large_image","twitter_misc":{"Ber\u00e4knad l\u00e4stid":"2 minuter"},"schema":{"@context":"https:\/\/schema.org","@graph":[{"@type":"WebPage","@id":"https:\/\/us-gc.net\/sv\/green-card-lotteri-formular\/","url":"https:\/\/us-gc.net\/sv\/green-card-lotteri-formular\/","name":"Green Card lotteri online registreringsformul\u00e4r - USA GC","isPartOf":{"@id":"https:\/\/us-gc.net\/sv\/#website"},"datePublished":"2024-02-01T08:19:27+00:00","dateModified":"2025-03-31T10:05:58+00:00","description":"Registrera dig direkt online f\u00f6r att delta i n\u00e4sta amerikanska Green Card-lotteri","breadcrumb":{"@id":"https:\/\/us-gc.net\/sv\/green-card-lotteri-formular\/#breadcrumb"},"inLanguage":"sv-SE","potentialAction":[{"@type":"ReadAction","target":["https:\/\/us-gc.net\/sv\/green-card-lotteri-formular\/"]}]},{"@type":"BreadcrumbList","@id":"https:\/\/us-gc.net\/sv\/green-card-lotteri-formular\/#breadcrumb","itemListElement":[{"@type":"ListItem","position":1,"name":"Accueil","item":"https:\/\/us-gc.net\/sv\/green-card\/"},{"@type":"ListItem","position":2,"name":"Green Card lotteri online registreringsformul\u00e4r"}]},{"@type":"WebSite","@id":"https:\/\/us-gc.net\/sv\/#website","url":"https:\/\/us-gc.net\/sv\/","name":"USA GC","description":"","potentialAction":[{"@type":"SearchAction","target":{"@type":"EntryPoint","urlTemplate":"https:\/\/us-gc.net\/sv\/?s={search_term_string}"},"query-input":{"@type":"PropertyValueSpecification","valueRequired":true,"valueName":"search_term_string"}}],"inLanguage":"sv-SE"}]}},"_links":{"self":[{"href":"https:\/\/us-gc.net\/sv\/wp-json\/wp\/v2\/pages\/464","targetHints":{"allow":["GET"]}}],"collection":[{"href":"https:\/\/us-gc.net\/sv\/wp-json\/wp\/v2\/pages"}],"about":[{"href":"https:\/\/us-gc.net\/sv\/wp-json\/wp\/v2\/types\/page"}],"author":[{"embeddable":true,"href":"https:\/\/us-gc.net\/sv\/wp-json\/wp\/v2\/users\/1"}],"replies":[{"embeddable":true,"href":"https:\/\/us-gc.net\/sv\/wp-json\/wp\/v2\/comments?post=464"}],"version-history":[{"count":4,"href":"https:\/\/us-gc.net\/sv\/wp-json\/wp\/v2\/pages\/464\/revisions"}],"predecessor-version":[{"id":10090,"href":"https:\/\/us-gc.net\/sv\/wp-json\/wp\/v2\/pages\/464\/revisions\/10090"}],"wp:attachment":[{"href":"https:\/\/us-gc.net\/sv\/wp-json\/wp\/v2\/media?parent=464"}],"curies":[{"name":"wp","href":"https:\/\/api.w.org\/{rel}","templated":true}]}}