{"id":424,"date":"2024-01-30T17:24:00","date_gmt":"2024-01-30T17:24:00","guid":{"rendered":"https:\/\/green-card-usa.net\/green-card\/"},"modified":"2024-12-30T09:40:08","modified_gmt":"2024-12-30T09:40:08","slug":"green-card","status":"publish","type":"page","link":"https:\/\/us-gc.net\/sv\/","title":{"rendered":"Green Card USA | Permanent uppeh\u00e5llskort"},"content":{"rendered":"\n<h1 class=\"wp-block-heading\" id=\"h-la-green-card-pour-resider-aux-etats-unis\">Green Card f\u00f6r att bo i USA<\/h1>\n\n<p>F\u00f6renta staterna \u00e4r det mest eftertraktade landet i v\u00e4rlden f\u00f6r utl\u00e4ndska medborgare som vill immigrera. Det Green Card \u00e4r en m\u00f6jlighet f\u00f6r m\u00e5nga utl\u00e4nningar att f\u00e5 r\u00e4tt att bo och arbeta i USA.<\/p>\n\n<h2 class=\"wp-block-heading\" id=\"h-qu-est-ce-que-la-green-card\">Vad \u00e4r det Green Card?<\/h2>\n\n<p>Green Card \u00e4r ett permanent uppeh\u00e5llstillst\u00e5nd f\u00f6r USA. Det ger utl\u00e4ndska medborgare r\u00e4tt att bo och arbeta permanent i USA. Villkoren f\u00f6r att f\u00e5 ett Green Card beror p\u00e5 anledningen till ans\u00f6kan.<\/p>\n\n<h2 class=\"wp-block-heading\" id=\"h-quelle-est-son-utilite\">Vad \u00e4r dess syfte?<\/h2>\n\n<p>Nyttan med det Green Card ligger i den tillg\u00e5ng det ger till F\u00f6renta staterna och dess enorma arbetsmarknad. Varje \u00e5r hoppas hundratusentals s\u00f6kande p\u00e5 att f\u00e5 ett Green Card f\u00f6r att komma och arbeta i USA.<\/p>\n\n<h2 class=\"wp-block-heading\" id=\"h-comment-obtenir-une-green-card\">Hur f\u00e5r jag ett Green card?<\/h2>\n\n<p>Det finns flera s\u00e4tt att f\u00e5 ett Green Card. F\u00f6rfarandet f\u00f6r att erh\u00e5lla kortet beror p\u00e5 anledningen till att den s\u00f6kande ans\u00f6ker om ett amerikanskt uppeh\u00e5llskort. H\u00e4r \u00e4r de fyra viktigaste sk\u00e4len till att f\u00e5 ett Green Card:<\/p>\n\n<ul class=\"wp-block-list\">\n<li>Det <a href=\"https:\/\/us-gc.net\/sv\/green-card-for-sysselsattning\/\">anst\u00e4llningsbaserade Green Card<\/a><\/li>\n\n\n\n<li><a href=\"https:\/\/us-gc.net\/sv\/green-card-genom-aktenskap\/\">Green Card genom \u00e4ktenskap<\/a><\/li>\n\n\n\n<li><a href=\"https:\/\/us-gc.net\/sv\/green-card-sponsring\/\">Green Card genom sponsring<\/a> av en familjemedlem eller ett f\u00f6retag<\/li>\n\n\n\n<li>Deltagande i <a href=\"https:\/\/us-gc.net\/sv\/lotteri-green-card\/\">Green Card Lottery<\/a><\/li>\n<\/ul>\n\n<div style=\"height:10px\" aria-hidden=\"true\" class=\"wp-block-spacer\"><\/div>\n\n<p>Varje f\u00f6rfarande skiljer sig \u00e5t n\u00e4r det g\u00e4ller den dokumentation och de villkor som kr\u00e4vs f\u00f6r att f\u00e5 det Green Card. <\/p>\n\n<h2 class=\"wp-block-heading\" id=\"h-quand-effectuer-la-demande-d-une-green-card\">N\u00e4r ska jag ans\u00f6ka om ett Green Card?<\/h2>\n\n<p>Det finns tv\u00e5 olika situationer beroende p\u00e5 vilken typ av Green Card som beg\u00e4rs.  <\/p>\n\n<ol class=\"wp-block-list\">\n<li>Alla Green Card-ans\u00f6kningar, oavsett om de baseras p\u00e5 anst\u00e4llning, sponsring eller \u00e4ktenskap, kan g\u00f6ras n\u00e4r som helst under \u00e5ret. Ans\u00f6kningsprocessen b\u00f6rjar s\u00e5 snart ans\u00f6kan \u00e4r fullst\u00e4ndig.<\/li>\n\n\n\n<li>Det <a href=\"https:\/\/us-gc.net\/sv\/amerikanskt-lotteri-gront-kort\/\">amerikanska Green Card-lotteriet<\/a> \u00e4ger rum bara en g\u00e5ng om \u00e5ret. Dragningen som \u00e4ger rum i slutet av 2024 g\u00e4ller tilldelningen av <a href=\"https:\/\/us-gc.net\/sv\/lotteri-green-card-2026\/\">Green Card 2026-lotteriet<\/a>. Registrering f\u00f6r lotteriet m\u00e5ste vara slutf\u00f6rd senast den f\u00f6rsta veckan i november varje \u00e5r. Under 2024 kommer USCIS att slutf\u00f6ra processen f\u00f6r att tilldela de gr\u00f6na kort som vunnits under <a href=\"https:\/\/us-gc.net\/sv\/green-card-lotteri-2024\/\">2024 Green Card-lotterikampanjen<\/a>. Det forts\u00e4tter ocks\u00e5 att behandla resultaten av <a href=\"https:\/\/us-gc.net\/sv\/lotteri-green-card-2025\/\">Green Card 2025-lotteriet<\/a>.<\/li>\n<\/ol>\n\n<div style=\"height:10px\" aria-hidden=\"true\" class=\"wp-block-spacer\"><\/div>\n\n<p>I samtliga fall inkluderar processen f\u00f6r att f\u00e5 ett Green Card en <a href=\"https:\/\/us-gc.net\/sv\/green-card-intervju\/\">Green Card-intervju<\/a> med en USCIS-tj\u00e4nsteman. S\u00f6kande m\u00e5ste ta med sig originalhandlingarna f\u00f6r sin Green Card-ans\u00f6kan till m\u00f6tet.<\/p>\n\n<h2 class=\"wp-block-heading\" id=\"h-comment-renouveler-une-green-card\">Hur f\u00f6rnyar jag ett Green Card?<\/h2>\n\n<p>F\u00f6r att f\u00f6rnya ett Green Card m\u00e5ste ett I-90-formul\u00e4r l\u00e4mnas in till USCIS innan det nuvarande kortet l\u00f6per ut, vanligtvis vart tionde \u00e5r.<\/p>\n\n<h2 class=\"wp-block-heading\" id=\"h-a-quoi-ressemble-une-green-card\">Hur ser ett Green Card ut?<\/h2>\n\n<p>Som namnet antyder \u00e4r det Green Card ett gr\u00f6nt kort. Det ser ut som ett identitetskort med ett foto av innehavaren. Detta <a href=\"https:\/\/us-gc.net\/sv\/green-card-foto\/\">foto av det gr\u00f6na kortet<\/a> har s\u00e4rskilda m\u00e5tt, vilket framg\u00e5r av bilden nedan. Det m\u00e5ste vara mindre \u00e4n 6 m\u00e5nader gammalt n\u00e4r det anv\u00e4nds f\u00f6r att utf\u00e4rda det gr\u00f6na kortet.<\/p>\n\n<figure class=\"wp-block-image size-full\"><img decoding=\"async\" src=\"https:\/\/us-gc.net\/wp-content\/uploads\/2024\/05\/Green-card-2024-1.jpg\" alt=\"bild av ett gr&#xF6;nt kort som &#xE4;r giltigt 2024\" class=\"wp-image-4848\"\/><figcaption class=\"wp-element-caption\">Bild av ett gr\u00f6nt kort f\u00f6r USA<\/figcaption><\/figure>\n\n<h2 class=\"wp-block-heading\" id=\"h-combien-coute-une-green-card\">Hur mycket kostar ett Green Card?<\/h2>\n\n<p>F\u00f6rfarandet f\u00f6r att erh\u00e5lla det gr\u00f6na kortet inkluderar betalning av obligatoriska administrativa avgifter. <a href=\"https:\/\/us-gc.net\/sv\/pris-green-card\/\">Green Card-avgifterna<\/a> varierar beroende p\u00e5 vilken typ av Green Card som beg\u00e4rs.<\/p>\n\n<h2 class=\"wp-block-heading\" id=\"h-peut-on-voyager-avec-une-green-card\">Kan jag resa med ett Green Card?<\/h2>\n\n<p>Green Card-innehavare kan resa till vissa l\u00e4nder runt om i v\u00e4rlden med samma faciliteter som amerikanska passinnehavare. Denna m\u00f6jlighet att <a href=\"https:\/\/us-gc.net\/sv\/resa-utlandet-med-green-card\/\">resa med ett Green Card<\/a> g\u00e4ller endast vissa l\u00e4nder som har undertecknat s\u00e4rskilda avtal med USA. De viktigaste partnerl\u00e4nderna \u00e4r geografiska grannar, s\u00e5som Kanada och Mexiko.<\/p>\n","protected":false},"excerpt":{"rendered":"<p>Green Card f\u00f6r att bo i USA F\u00f6renta staterna \u00e4r det mest eftertraktade landet i v\u00e4rlden f\u00f6r utl\u00e4ndska medborgare som vill immigrera. Det Green Card \u00e4r en m\u00f6jlighet f\u00f6r m\u00e5nga utl\u00e4nningar att f\u00e5 r\u00e4tt att bo och arbeta i USA. Vad \u00e4r det Green Card? Green Card \u00e4r ett permanent uppeh\u00e5llstillst\u00e5nd f\u00f6r USA. Det ger [&hellip;]<\/p>\n","protected":false},"author":1,"featured_media":0,"parent":0,"menu_order":0,"comment_status":"closed","ping_status":"closed","template":"","meta":{"footnotes":""},"class_list":["post-424","page","type-page","status-publish","hentry"],"yoast_head":"<!-- This site is optimized with the Yoast SEO plugin v27.4 - https:\/\/yoast.com\/product\/yoast-seo-wordpress\/ -->\n<title>Green Card USA | Permanent uppeh\u00e5llskort - USA GC<\/title>\n<meta name=\"description\" content=\"Green Card \u00e4r det permanenta uppeh\u00e5llskortet f\u00f6r USA. Det finns flera s\u00e4tt att f\u00e5 uppeh\u00e5llstillst\u00e5nd f\u00f6r att bo och arbeta i USA\" \/>\n<meta name=\"robots\" content=\"index, follow, max-snippet:-1, max-image-preview:large, max-video-preview:-1\" \/>\n<link rel=\"canonical\" href=\"https:\/\/us-gc.net\/sv\/\" \/>\n<meta property=\"og:locale\" content=\"sv_SE\" \/>\n<meta property=\"og:type\" content=\"article\" \/>\n<meta property=\"og:title\" content=\"Green Card USA | Permanent uppeh\u00e5llskort - USA GC\" \/>\n<meta property=\"og:description\" content=\"Green Card \u00e4r det permanenta uppeh\u00e5llskortet f\u00f6r USA. Det finns flera s\u00e4tt att f\u00e5 uppeh\u00e5llstillst\u00e5nd f\u00f6r att bo och arbeta i USA\" \/>\n<meta property=\"og:url\" content=\"https:\/\/us-gc.net\/sv\/\" \/>\n<meta property=\"og:site_name\" content=\"USA GC\" \/>\n<meta property=\"article:modified_time\" content=\"2024-12-30T09:40:08+00:00\" \/>\n<meta property=\"og:image\" content=\"https:\/\/us-gc.net\/wp-content\/uploads\/2024\/05\/Green-card-2024-1.jpg\" \/>\n<meta name=\"twitter:card\" content=\"summary_large_image\" \/>\n<meta name=\"twitter:label1\" content=\"Ber\u00e4knad l\u00e4stid\" \/>\n\t<meta name=\"twitter:data1\" content=\"3 minuter\" \/>\n<script type=\"application\/ld+json\" class=\"yoast-schema-graph\">{\"@context\":\"https:\\\/\\\/schema.org\",\"@graph\":[{\"@type\":\"WebPage\",\"@id\":\"https:\\\/\\\/us-gc.net\\\/sv\\\/\",\"url\":\"https:\\\/\\\/us-gc.net\\\/sv\\\/\",\"name\":\"Green Card USA | Permanent uppeh\u00e5llskort - USA GC\",\"isPartOf\":{\"@id\":\"https:\\\/\\\/us-gc.net\\\/sv\\\/#website\"},\"primaryImageOfPage\":{\"@id\":\"https:\\\/\\\/us-gc.net\\\/sv\\\/#primaryimage\"},\"image\":{\"@id\":\"https:\\\/\\\/us-gc.net\\\/sv\\\/#primaryimage\"},\"thumbnailUrl\":\"https:\\\/\\\/us-gc.net\\\/wp-content\\\/uploads\\\/2024\\\/05\\\/Green-card-2024-1.jpg\",\"datePublished\":\"2024-01-30T17:24:00+00:00\",\"dateModified\":\"2024-12-30T09:40:08+00:00\",\"description\":\"Green Card \u00e4r det permanenta uppeh\u00e5llskortet f\u00f6r USA. Det finns flera s\u00e4tt att f\u00e5 uppeh\u00e5llstillst\u00e5nd f\u00f6r att bo och arbeta i USA\",\"breadcrumb\":{\"@id\":\"https:\\\/\\\/us-gc.net\\\/sv\\\/#breadcrumb\"},\"inLanguage\":\"sv-SE\",\"potentialAction\":[{\"@type\":\"ReadAction\",\"target\":[\"https:\\\/\\\/us-gc.net\\\/sv\\\/\"]}]},{\"@type\":\"ImageObject\",\"inLanguage\":\"sv-SE\",\"@id\":\"https:\\\/\\\/us-gc.net\\\/sv\\\/#primaryimage\",\"url\":\"https:\\\/\\\/us-gc.net\\\/wp-content\\\/uploads\\\/2024\\\/05\\\/Green-card-2024-1.jpg\",\"contentUrl\":\"https:\\\/\\\/us-gc.net\\\/wp-content\\\/uploads\\\/2024\\\/05\\\/Green-card-2024-1.jpg\"},{\"@type\":\"BreadcrumbList\",\"@id\":\"https:\\\/\\\/us-gc.net\\\/sv\\\/#breadcrumb\",\"itemListElement\":[{\"@type\":\"ListItem\",\"position\":1,\"name\":\"Accueil\",\"item\":\"https:\\\/\\\/us-gc.net\\\/sv\\\/green-card\\\/\"},{\"@type\":\"ListItem\",\"position\":2,\"name\":\"Green Card USA | Permanent uppeh\u00e5llskort\"}]},{\"@type\":\"WebSite\",\"@id\":\"https:\\\/\\\/us-gc.net\\\/sv\\\/#website\",\"url\":\"https:\\\/\\\/us-gc.net\\\/sv\\\/\",\"name\":\"USA GC\",\"description\":\"\",\"potentialAction\":[{\"@type\":\"SearchAction\",\"target\":{\"@type\":\"EntryPoint\",\"urlTemplate\":\"https:\\\/\\\/us-gc.net\\\/sv\\\/?s={search_term_string}\"},\"query-input\":{\"@type\":\"PropertyValueSpecification\",\"valueRequired\":true,\"valueName\":\"search_term_string\"}}],\"inLanguage\":\"sv-SE\"}]}<\/script>\n<!-- \/ Yoast SEO plugin. -->","yoast_head_json":{"title":"Green Card USA | Permanent uppeh\u00e5llskort - USA GC","description":"Green Card \u00e4r det permanenta uppeh\u00e5llskortet f\u00f6r USA. Det finns flera s\u00e4tt att f\u00e5 uppeh\u00e5llstillst\u00e5nd f\u00f6r att bo och arbeta i USA","robots":{"index":"index","follow":"follow","max-snippet":"max-snippet:-1","max-image-preview":"max-image-preview:large","max-video-preview":"max-video-preview:-1"},"canonical":"https:\/\/us-gc.net\/sv\/","og_locale":"sv_SE","og_type":"article","og_title":"Green Card USA | Permanent uppeh\u00e5llskort - USA GC","og_description":"Green Card \u00e4r det permanenta uppeh\u00e5llskortet f\u00f6r USA. Det finns flera s\u00e4tt att f\u00e5 uppeh\u00e5llstillst\u00e5nd f\u00f6r att bo och arbeta i USA","og_url":"https:\/\/us-gc.net\/sv\/","og_site_name":"USA GC","article_modified_time":"2024-12-30T09:40:08+00:00","og_image":[{"url":"https:\/\/us-gc.net\/wp-content\/uploads\/2024\/05\/Green-card-2024-1.jpg","type":"","width":"","height":""}],"twitter_card":"summary_large_image","twitter_misc":{"Ber\u00e4knad l\u00e4stid":"3 minuter"},"schema":{"@context":"https:\/\/schema.org","@graph":[{"@type":"WebPage","@id":"https:\/\/us-gc.net\/sv\/","url":"https:\/\/us-gc.net\/sv\/","name":"Green Card USA | Permanent uppeh\u00e5llskort - USA GC","isPartOf":{"@id":"https:\/\/us-gc.net\/sv\/#website"},"primaryImageOfPage":{"@id":"https:\/\/us-gc.net\/sv\/#primaryimage"},"image":{"@id":"https:\/\/us-gc.net\/sv\/#primaryimage"},"thumbnailUrl":"https:\/\/us-gc.net\/wp-content\/uploads\/2024\/05\/Green-card-2024-1.jpg","datePublished":"2024-01-30T17:24:00+00:00","dateModified":"2024-12-30T09:40:08+00:00","description":"Green Card \u00e4r det permanenta uppeh\u00e5llskortet f\u00f6r USA. Det finns flera s\u00e4tt att f\u00e5 uppeh\u00e5llstillst\u00e5nd f\u00f6r att bo och arbeta i USA","breadcrumb":{"@id":"https:\/\/us-gc.net\/sv\/#breadcrumb"},"inLanguage":"sv-SE","potentialAction":[{"@type":"ReadAction","target":["https:\/\/us-gc.net\/sv\/"]}]},{"@type":"ImageObject","inLanguage":"sv-SE","@id":"https:\/\/us-gc.net\/sv\/#primaryimage","url":"https:\/\/us-gc.net\/wp-content\/uploads\/2024\/05\/Green-card-2024-1.jpg","contentUrl":"https:\/\/us-gc.net\/wp-content\/uploads\/2024\/05\/Green-card-2024-1.jpg"},{"@type":"BreadcrumbList","@id":"https:\/\/us-gc.net\/sv\/#breadcrumb","itemListElement":[{"@type":"ListItem","position":1,"name":"Accueil","item":"https:\/\/us-gc.net\/sv\/green-card\/"},{"@type":"ListItem","position":2,"name":"Green Card USA | Permanent uppeh\u00e5llskort"}]},{"@type":"WebSite","@id":"https:\/\/us-gc.net\/sv\/#website","url":"https:\/\/us-gc.net\/sv\/","name":"USA GC","description":"","potentialAction":[{"@type":"SearchAction","target":{"@type":"EntryPoint","urlTemplate":"https:\/\/us-gc.net\/sv\/?s={search_term_string}"},"query-input":{"@type":"PropertyValueSpecification","valueRequired":true,"valueName":"search_term_string"}}],"inLanguage":"sv-SE"}]}},"_links":{"self":[{"href":"https:\/\/us-gc.net\/sv\/wp-json\/wp\/v2\/pages\/424","targetHints":{"allow":["GET"]}}],"collection":[{"href":"https:\/\/us-gc.net\/sv\/wp-json\/wp\/v2\/pages"}],"about":[{"href":"https:\/\/us-gc.net\/sv\/wp-json\/wp\/v2\/types\/page"}],"author":[{"embeddable":true,"href":"https:\/\/us-gc.net\/sv\/wp-json\/wp\/v2\/users\/1"}],"replies":[{"embeddable":true,"href":"https:\/\/us-gc.net\/sv\/wp-json\/wp\/v2\/comments?post=424"}],"version-history":[{"count":1,"href":"https:\/\/us-gc.net\/sv\/wp-json\/wp\/v2\/pages\/424\/revisions"}],"predecessor-version":[{"id":7711,"href":"https:\/\/us-gc.net\/sv\/wp-json\/wp\/v2\/pages\/424\/revisions\/7711"}],"wp:attachment":[{"href":"https:\/\/us-gc.net\/sv\/wp-json\/wp\/v2\/media?parent=424"}],"curies":[{"name":"wp","href":"https:\/\/api.w.org\/{rel}","templated":true}]}}