{"id":2244,"date":"2024-02-13T09:26:58","date_gmt":"2024-02-13T09:26:58","guid":{"rendered":"https:\/\/green-card-usa.net\/mangfald-visa-program\/"},"modified":"2024-12-30T09:40:51","modified_gmt":"2024-12-30T09:40:51","slug":"mangfald-visa-program","status":"publish","type":"page","link":"https:\/\/us-gc.net\/sv\/mangfald-visa-program\/","title":{"rendered":"Det amerikanska programmet f\u00f6r m\u00e5ngfaldsvisum"},"content":{"rendered":"\n<h1 class=\"wp-block-heading\" id=\"h-le-diversity-visa-program-des-etats-unis\">Programmet f\u00f6r m\u00e5ngfaldsvisum i USA  <\/h1>\n\n<h2 class=\"wp-block-heading\" id=\"h-qu-est-ce-que-le-diversity-visa-program\">Vad \u00e4r programmet f\u00f6r m\u00e5ngfaldsvisum?<\/h2>\n\n<p>Diversity Visa Program \u00e4r ett initiativ fr\u00e5n den amerikanska regeringen som syftar till att diversifiera den amerikanska invandrarbefolkningen. Varje \u00e5r utf\u00e4rdas mer \u00e4n 50 000 visum till personer fr\u00e5n l\u00e4nder med l\u00e5g invandring till USA. DV-programmet \u00e4r k\u00e4nt som <a href=\"https:\/\/us-gc.net\/sv\/amerikanskt-lotteri-gront-kort\/\">green card-lotteriet<\/a>.<\/p>\n\n<h2 class=\"wp-block-heading\" id=\"h-comment-fonctionne-t-il\">Hur fungerar den?<\/h2>\n\n<p>Deltagande i Diversity Visa Program \u00e4r f\u00f6rem\u00e5l f\u00f6r en slumpm\u00e4ssig urvalsprocess. Du m\u00e5ste skicka in din <a href=\"https:\/\/us-gc.net\/sv\/green-card-lotteri-formular\/\">ans\u00f6kan online<\/a> senast i slutet av oktober varje \u00e5r. Beh\u00f6righetskraven omfattar gymnasieexamen eller motsvarande, eller tv\u00e5 \u00e5rs yrkeserfarenhet inom ett omr\u00e5de som kr\u00e4ver minst tv\u00e5 \u00e5rs utbildning eller erfarenhet under de senaste fem \u00e5ren.<\/p>\n\n<h2 class=\"wp-block-heading\" id=\"h-qui-peut-en-beneficier\">Vem kan dra nytta av detta?<\/h2>\n\n<p>Medborgare i l\u00e4nder med l\u00e5g invandring till USA \u00e4r ber\u00e4ttigade. Varje \u00e5r publicerar USA:s utrikesdepartement en lista \u00f6ver <a href=\"https:\/\/us-gc.net\/sv\/icke-deltagande-lander-green-card-lotteri\/\">l\u00e4nder vars medborgare inte \u00e4r ber\u00e4ttigade att delta<\/a>. Personer fr\u00e5n l\u00e4nder med h\u00f6g invandring till USA \u00e4r undantagna. Du kan ta del av v\u00e5r statistik p\u00e5 v\u00e5ra s\u00e4rskilda sidor:<\/p>\n\n<ul class=\"wp-block-list\">\n<li><a href=\"https:\/\/us-gc.net\/sv\/lotteri-green-card-europa\/\">Gr\u00f6nt kort f\u00f6r europeiska medborgare<\/a><\/li>\n\n\n\n<li><a href=\"https:\/\/us-gc.net\/sv\/lotteri-green-card-lander-afrika\/\">Gr\u00f6nt kort f\u00f6r afrikanska medborgare<\/a><\/li>\n\n\n\n<li><a href=\"https:\/\/us-gc.net\/sv\/green-card-lotteri-asiatiska-lander\/\">Gr\u00f6nt kort f\u00f6r asiatiska medborgare<\/a><\/li>\n<\/ul>\n\n<div style=\"height:10px\" aria-hidden=\"true\" class=\"wp-block-spacer\"><\/div>\n\n<h2 class=\"wp-block-heading\" id=\"h-qu-apporte-le-programme\">Vad erbjuder programmet?<\/h2>\n\n<p>Diversity Visa Program erbjuder en unik m\u00f6jlighet att f\u00e5 permanent uppeh\u00e5llstillst\u00e5nd i USA, vilket \u00f6ppnar d\u00f6rren till arbete, utbildning och m\u00f6jligheten att bli amerikansk medborgare efter fem \u00e5r. Det \u00e4r en chans f\u00f6r mottagarna att uppleva den amerikanska dr\u00f6mmen och bidra till den kulturella m\u00e5ngfalden i USA.<\/p>\n\n<h2 class=\"wp-block-heading\" id=\"h-qu-est-ce-que-la-loterie-du-dv\">Vad \u00e4r DV-lotteriet?<\/h2>\n\n<p>DV <a href=\"https:\/\/us-gc.net\/sv\/lotteri-green-card\/\">Green Card-lotteriet<\/a> \u00e4r den urvalsprocess som ligger till grund f\u00f6r Diversity Visa Program. Registreringar g\u00f6rs med hj\u00e4lp av ett <a href=\"https:\/\/us-gc.net\/sv\/green-card-lotteri-formular\/\">onlineformul\u00e4r<\/a> under det sista kvartalet varje \u00e5r. <a href=\"https:\/\/us-gc.net\/sv\/resultat-lotteriet-green-card\/\">Lotterieresultaten<\/a> publiceras 6 m\u00e5nader senare. Vinnarna v\u00e4ljs slumpm\u00e4ssigt bland alla ber\u00e4ttigade deltagare. Denna process s\u00e4kerst\u00e4ller att alla deltagare har samma chans att vinna, oavsett deras sociala, ekonomiska eller utbildningsm\u00e4ssiga status.<\/p>\n\n<p><\/p>\n","protected":false},"excerpt":{"rendered":"<p>Programmet f\u00f6r m\u00e5ngfaldsvisum i USA Vad \u00e4r programmet f\u00f6r m\u00e5ngfaldsvisum? Diversity Visa Program \u00e4r ett initiativ fr\u00e5n den amerikanska regeringen som syftar till att diversifiera den amerikanska invandrarbefolkningen. Varje \u00e5r utf\u00e4rdas mer \u00e4n 50 000 visum till personer fr\u00e5n l\u00e4nder med l\u00e5g invandring till USA. DV-programmet \u00e4r k\u00e4nt som green card-lotteriet. Hur fungerar den? Deltagande [&hellip;]<\/p>\n","protected":false},"author":1,"featured_media":0,"parent":0,"menu_order":0,"comment_status":"closed","ping_status":"closed","template":"","meta":{"footnotes":""},"class_list":["post-2244","page","type-page","status-publish","hentry"],"yoast_head":"<!-- This site is optimized with the Yoast SEO plugin v27.4 - https:\/\/yoast.com\/product\/yoast-seo-wordpress\/ -->\n<title>Det amerikanska programmet f\u00f6r m\u00e5ngfaldsvisum - USA GC<\/title>\n<meta name=\"robots\" content=\"index, follow, max-snippet:-1, max-image-preview:large, max-video-preview:-1\" \/>\n<link rel=\"canonical\" href=\"https:\/\/us-gc.net\/sv\/mangfald-visa-program\/\" \/>\n<meta property=\"og:locale\" content=\"sv_SE\" \/>\n<meta property=\"og:type\" content=\"article\" \/>\n<meta property=\"og:title\" content=\"Det amerikanska programmet f\u00f6r m\u00e5ngfaldsvisum - USA GC\" \/>\n<meta property=\"og:description\" content=\"Programmet f\u00f6r m\u00e5ngfaldsvisum i USA Vad \u00e4r programmet f\u00f6r m\u00e5ngfaldsvisum? Diversity Visa Program \u00e4r ett initiativ fr\u00e5n den amerikanska regeringen som syftar till att diversifiera den amerikanska invandrarbefolkningen. Varje \u00e5r utf\u00e4rdas mer \u00e4n 50 000 visum till personer fr\u00e5n l\u00e4nder med l\u00e5g invandring till USA. DV-programmet \u00e4r k\u00e4nt som green card-lotteriet. Hur fungerar den? Deltagande [&hellip;]\" \/>\n<meta property=\"og:url\" content=\"https:\/\/us-gc.net\/sv\/mangfald-visa-program\/\" \/>\n<meta property=\"og:site_name\" content=\"USA GC\" \/>\n<meta property=\"article:modified_time\" content=\"2024-12-30T09:40:51+00:00\" \/>\n<meta name=\"twitter:card\" content=\"summary_large_image\" \/>\n<meta name=\"twitter:label1\" content=\"Ber\u00e4knad l\u00e4stid\" \/>\n\t<meta name=\"twitter:data1\" content=\"2 minuter\" \/>\n<script type=\"application\/ld+json\" class=\"yoast-schema-graph\">{\"@context\":\"https:\\\/\\\/schema.org\",\"@graph\":[{\"@type\":\"WebPage\",\"@id\":\"https:\\\/\\\/us-gc.net\\\/sv\\\/mangfald-visa-program\\\/\",\"url\":\"https:\\\/\\\/us-gc.net\\\/sv\\\/mangfald-visa-program\\\/\",\"name\":\"Det amerikanska programmet f\u00f6r m\u00e5ngfaldsvisum - USA GC\",\"isPartOf\":{\"@id\":\"https:\\\/\\\/us-gc.net\\\/sv\\\/#website\"},\"datePublished\":\"2024-02-13T09:26:58+00:00\",\"dateModified\":\"2024-12-30T09:40:51+00:00\",\"breadcrumb\":{\"@id\":\"https:\\\/\\\/us-gc.net\\\/sv\\\/mangfald-visa-program\\\/#breadcrumb\"},\"inLanguage\":\"sv-SE\",\"potentialAction\":[{\"@type\":\"ReadAction\",\"target\":[\"https:\\\/\\\/us-gc.net\\\/sv\\\/mangfald-visa-program\\\/\"]}]},{\"@type\":\"BreadcrumbList\",\"@id\":\"https:\\\/\\\/us-gc.net\\\/sv\\\/mangfald-visa-program\\\/#breadcrumb\",\"itemListElement\":[{\"@type\":\"ListItem\",\"position\":1,\"name\":\"Accueil\",\"item\":\"https:\\\/\\\/us-gc.net\\\/sv\\\/green-card\\\/\"},{\"@type\":\"ListItem\",\"position\":2,\"name\":\"Det amerikanska programmet f\u00f6r m\u00e5ngfaldsvisum\"}]},{\"@type\":\"WebSite\",\"@id\":\"https:\\\/\\\/us-gc.net\\\/sv\\\/#website\",\"url\":\"https:\\\/\\\/us-gc.net\\\/sv\\\/\",\"name\":\"USA GC\",\"description\":\"\",\"potentialAction\":[{\"@type\":\"SearchAction\",\"target\":{\"@type\":\"EntryPoint\",\"urlTemplate\":\"https:\\\/\\\/us-gc.net\\\/sv\\\/?s={search_term_string}\"},\"query-input\":{\"@type\":\"PropertyValueSpecification\",\"valueRequired\":true,\"valueName\":\"search_term_string\"}}],\"inLanguage\":\"sv-SE\"}]}<\/script>\n<!-- \/ Yoast SEO plugin. -->","yoast_head_json":{"title":"Det amerikanska programmet f\u00f6r m\u00e5ngfaldsvisum - USA GC","robots":{"index":"index","follow":"follow","max-snippet":"max-snippet:-1","max-image-preview":"max-image-preview:large","max-video-preview":"max-video-preview:-1"},"canonical":"https:\/\/us-gc.net\/sv\/mangfald-visa-program\/","og_locale":"sv_SE","og_type":"article","og_title":"Det amerikanska programmet f\u00f6r m\u00e5ngfaldsvisum - USA GC","og_description":"Programmet f\u00f6r m\u00e5ngfaldsvisum i USA Vad \u00e4r programmet f\u00f6r m\u00e5ngfaldsvisum? Diversity Visa Program \u00e4r ett initiativ fr\u00e5n den amerikanska regeringen som syftar till att diversifiera den amerikanska invandrarbefolkningen. Varje \u00e5r utf\u00e4rdas mer \u00e4n 50 000 visum till personer fr\u00e5n l\u00e4nder med l\u00e5g invandring till USA. DV-programmet \u00e4r k\u00e4nt som green card-lotteriet. Hur fungerar den? Deltagande [&hellip;]","og_url":"https:\/\/us-gc.net\/sv\/mangfald-visa-program\/","og_site_name":"USA GC","article_modified_time":"2024-12-30T09:40:51+00:00","twitter_card":"summary_large_image","twitter_misc":{"Ber\u00e4knad l\u00e4stid":"2 minuter"},"schema":{"@context":"https:\/\/schema.org","@graph":[{"@type":"WebPage","@id":"https:\/\/us-gc.net\/sv\/mangfald-visa-program\/","url":"https:\/\/us-gc.net\/sv\/mangfald-visa-program\/","name":"Det amerikanska programmet f\u00f6r m\u00e5ngfaldsvisum - USA GC","isPartOf":{"@id":"https:\/\/us-gc.net\/sv\/#website"},"datePublished":"2024-02-13T09:26:58+00:00","dateModified":"2024-12-30T09:40:51+00:00","breadcrumb":{"@id":"https:\/\/us-gc.net\/sv\/mangfald-visa-program\/#breadcrumb"},"inLanguage":"sv-SE","potentialAction":[{"@type":"ReadAction","target":["https:\/\/us-gc.net\/sv\/mangfald-visa-program\/"]}]},{"@type":"BreadcrumbList","@id":"https:\/\/us-gc.net\/sv\/mangfald-visa-program\/#breadcrumb","itemListElement":[{"@type":"ListItem","position":1,"name":"Accueil","item":"https:\/\/us-gc.net\/sv\/green-card\/"},{"@type":"ListItem","position":2,"name":"Det amerikanska programmet f\u00f6r m\u00e5ngfaldsvisum"}]},{"@type":"WebSite","@id":"https:\/\/us-gc.net\/sv\/#website","url":"https:\/\/us-gc.net\/sv\/","name":"USA GC","description":"","potentialAction":[{"@type":"SearchAction","target":{"@type":"EntryPoint","urlTemplate":"https:\/\/us-gc.net\/sv\/?s={search_term_string}"},"query-input":{"@type":"PropertyValueSpecification","valueRequired":true,"valueName":"search_term_string"}}],"inLanguage":"sv-SE"}]}},"_links":{"self":[{"href":"https:\/\/us-gc.net\/sv\/wp-json\/wp\/v2\/pages\/2244","targetHints":{"allow":["GET"]}}],"collection":[{"href":"https:\/\/us-gc.net\/sv\/wp-json\/wp\/v2\/pages"}],"about":[{"href":"https:\/\/us-gc.net\/sv\/wp-json\/wp\/v2\/types\/page"}],"author":[{"embeddable":true,"href":"https:\/\/us-gc.net\/sv\/wp-json\/wp\/v2\/users\/1"}],"replies":[{"embeddable":true,"href":"https:\/\/us-gc.net\/sv\/wp-json\/wp\/v2\/comments?post=2244"}],"version-history":[{"count":1,"href":"https:\/\/us-gc.net\/sv\/wp-json\/wp\/v2\/pages\/2244\/revisions"}],"predecessor-version":[{"id":7733,"href":"https:\/\/us-gc.net\/sv\/wp-json\/wp\/v2\/pages\/2244\/revisions\/7733"}],"wp:attachment":[{"href":"https:\/\/us-gc.net\/sv\/wp-json\/wp\/v2\/media?parent=2244"}],"curies":[{"name":"wp","href":"https:\/\/api.w.org\/{rel}","templated":true}]}}