{"id":1495,"date":"2024-02-08T15:57:06","date_gmt":"2024-02-08T15:57:06","guid":{"rendered":"https:\/\/green-card-usa.net\/pris-green-card\/"},"modified":"2025-03-31T11:22:38","modified_gmt":"2025-03-31T11:22:38","slug":"pris-green-card","status":"publish","type":"page","link":"https:\/\/us-gc.net\/sv\/pris-green-card\/","title":{"rendered":"Hur mycket kostar det Green Card?"},"content":{"rendered":"\n<h1 class=\"wp-block-heading\" id=\"h-prix-a-payer-pour-obtenir-la-green-card\">Kostnad f\u00f6r att erh\u00e5lla Green Card<\/h1>\n\n<p>Kostnaden f\u00f6r att f\u00e5 ett Green Card beror p\u00e5 typen av Green Card och den s\u00f6kandes situation. Det finns avgifter att betala i de fyra huvudsakliga situationerna f\u00f6r att f\u00e5 ett Green Card.<\/p>\n\n<h2 class=\"wp-block-heading\" id=\"h-quels-sont-les-frais-d-une-green-card-obtenue-a-la-loterie\">Hur mycket kostar ett Green Card som erh\u00e5llits genom lotteri?<\/h2>\n\n<p><a href=\"https:\/\/us-gc.net\/sv\/lotteri-green-card\/\">Green Card-lotteriet<\/a> g\u00f6r det m\u00f6jligt f\u00f6r mer \u00e4n 50.000 utl\u00e4ndska medborgare att vinna r\u00e4tten att f\u00e5 ett <a href=\"https:\/\/us-gc.net\/sv\/\">Green Card<\/a>. Deltagande i utlottningen \u00e4r kostnadsfritt. S\u00f6kande m\u00e5ste dock betala en m\u00e5ngfaldsvisumavgift till de amerikanska myndigheterna f\u00f6r att f\u00e5 det Green Card som de vann i lotteriet.<\/p>\n\n<p>Dessa avgifter \u00e4r inte \u00e5terbetalningsbara och g\u00e5r direkt till det amerikanska utrikesdepartementet. Avgiften ber\u00e4knas f\u00f6r att t\u00e4cka de kostnader som departementet har f\u00f6r att administrera DV-programmet och \u00e4r separat fr\u00e5n eventuella avgifter som du m\u00e5ste betala till USCIS som en del av din visumans\u00f6kan.<\/p>\n\n<p><strong>Avgiften f\u00f6r ett m\u00e5ngfaldsvisum som erh\u00e5lls genom Green Card-lotteriet \u00e4r 330 USD<\/strong> per person som ans\u00f6ker som en framg\u00e5ngsrik lotterikandidat. Betalning av dessa avgifter m\u00e5ste g\u00f6ras innan behandlingen av den ans\u00f6kan som godk\u00e4nts av <a href=\"https:\/\/www.uscis.gov\/\">USCIS<\/a> kan forts\u00e4tta. Beloppet beror p\u00e5 den ursprungliga statusen f\u00f6r den som ans\u00f6ker om Green Card.<\/p>\n\n<p><strong>F\u00f6r att s\u00e4kra din plats i n\u00e4sta \u00e5rliga dragning<\/strong>, du m\u00e5ste fylla i <a href=\"https:\/\/us-gc.net\/sv\/green-card-lotteri-formular\/\">registreringsformul\u00e4ret f\u00f6r Green Card-lotteriet<\/a>.<\/p>\n\n<div style=\"height:10px\" aria-hidden=\"true\" class=\"wp-block-spacer\"><\/div>\n\n<h2 class=\"wp-block-heading\" id=\"h-quels-sont-les-frais-d-une-green-card-par-rapprochement-familial\">Hur mycket kostar ett Green Card f\u00f6r familje\u00e5terf\u00f6rening?<\/h2>\n\n<p>En utl\u00e4ndsk medborgare som vill bo permanent i USA beh\u00f6ver ett immigrantvisum. Detta visum kan erh\u00e5llas genom att bli sponsrad av en n\u00e4ra sl\u00e4kting som \u00e4r amerikansk medborgare eller lagligt permanent bosatt i USA.<\/p>\n\n<h3 class=\"wp-block-heading\" id=\"h-il-existe-deux-types-de-visas-d-immigrant-familiaux\">Det finns tv\u00e5 typer av visum f\u00f6r anh\u00f6riginvandring<\/h3>\n\n<ul class=\"wp-block-list\">\n<li><strong>Fr\u00e5n en n\u00e4ra sl\u00e4kting<\/strong>: Dessa visum baseras p\u00e5 en direkt familjerelation med en amerikansk medborgare, t.ex. en make\/maka, ett barn eller en f\u00f6r\u00e4lder. Det finns ingen gr\u00e4ns f\u00f6r hur m\u00e5nga invandrare i dessa kategorier som f\u00e5r tas emot varje \u00e5r.<\/li>\n\n\n\n<li><strong>Familjepreferens<\/strong>: Dessa visum \u00e4r avsedda f\u00f6r specifika, mer avl\u00e4gsna familjef\u00f6rh\u00e5llanden med en amerikansk medborgare och vissa specificerade f\u00f6rh\u00e5llanden med en laglig permanent bosatt. Antalet invandrare i denna visumkategori begr\u00e4nsas varje \u00e5r.<\/li>\n<\/ul>\n\n<div style=\"height:10px\" aria-hidden=\"true\" class=\"wp-block-spacer\"><\/div>\n\n<p>F\u00f6r b\u00e5da typerna av visum: <strong>Avgiften \u00e4r 325 USD per person<\/strong>. Dessa avgifter \u00e4r ej \u00e5terbetalningsbara.<\/p>\n","protected":false},"excerpt":{"rendered":"<p>Kostnad f\u00f6r att erh\u00e5lla Green Card Kostnaden f\u00f6r att f\u00e5 ett Green Card beror p\u00e5 typen av Green Card och den s\u00f6kandes situation. Det finns avgifter att betala i de fyra huvudsakliga situationerna f\u00f6r att f\u00e5 ett Green Card. Hur mycket kostar ett Green Card som erh\u00e5llits genom lotteri? Green Card-lotteriet g\u00f6r det m\u00f6jligt f\u00f6r [&hellip;]<\/p>\n","protected":false},"author":1,"featured_media":0,"parent":0,"menu_order":0,"comment_status":"closed","ping_status":"closed","template":"","meta":{"footnotes":""},"class_list":["post-1495","page","type-page","status-publish","hentry"],"yoast_head":"<!-- This site is optimized with the Yoast SEO plugin v27.4 - https:\/\/yoast.com\/product\/yoast-seo-wordpress\/ -->\n<title>Hur mycket kostar det Green Card? - USA GC<\/title>\n<meta name=\"description\" content=\"Hur mycket kostar det att ans\u00f6ka om ett amerikanskt Green Card? Det beror p\u00e5 villkoren f\u00f6r att f\u00e5 ett.\" \/>\n<meta name=\"robots\" content=\"index, follow, max-snippet:-1, max-image-preview:large, max-video-preview:-1\" \/>\n<link rel=\"canonical\" href=\"https:\/\/us-gc.net\/sv\/pris-green-card\/\" \/>\n<meta property=\"og:locale\" content=\"sv_SE\" \/>\n<meta property=\"og:type\" content=\"article\" \/>\n<meta property=\"og:title\" content=\"Hur mycket kostar det Green Card? - USA GC\" \/>\n<meta property=\"og:description\" content=\"Hur mycket kostar det att ans\u00f6ka om ett amerikanskt Green Card? Det beror p\u00e5 villkoren f\u00f6r att f\u00e5 ett.\" \/>\n<meta property=\"og:url\" content=\"https:\/\/us-gc.net\/sv\/pris-green-card\/\" \/>\n<meta property=\"og:site_name\" content=\"USA GC\" \/>\n<meta property=\"article:modified_time\" content=\"2025-03-31T11:22:38+00:00\" \/>\n<meta name=\"twitter:card\" content=\"summary_large_image\" \/>\n<meta name=\"twitter:label1\" content=\"Ber\u00e4knad l\u00e4stid\" \/>\n\t<meta name=\"twitter:data1\" content=\"2 minuter\" \/>\n<script type=\"application\/ld+json\" class=\"yoast-schema-graph\">{\"@context\":\"https:\\\/\\\/schema.org\",\"@graph\":[{\"@type\":\"WebPage\",\"@id\":\"https:\\\/\\\/us-gc.net\\\/sv\\\/pris-green-card\\\/\",\"url\":\"https:\\\/\\\/us-gc.net\\\/sv\\\/pris-green-card\\\/\",\"name\":\"Hur mycket kostar det Green Card? - USA GC\",\"isPartOf\":{\"@id\":\"https:\\\/\\\/us-gc.net\\\/sv\\\/#website\"},\"datePublished\":\"2024-02-08T15:57:06+00:00\",\"dateModified\":\"2025-03-31T11:22:38+00:00\",\"description\":\"Hur mycket kostar det att ans\u00f6ka om ett amerikanskt Green Card? Det beror p\u00e5 villkoren f\u00f6r att f\u00e5 ett.\",\"breadcrumb\":{\"@id\":\"https:\\\/\\\/us-gc.net\\\/sv\\\/pris-green-card\\\/#breadcrumb\"},\"inLanguage\":\"sv-SE\",\"potentialAction\":[{\"@type\":\"ReadAction\",\"target\":[\"https:\\\/\\\/us-gc.net\\\/sv\\\/pris-green-card\\\/\"]}]},{\"@type\":\"BreadcrumbList\",\"@id\":\"https:\\\/\\\/us-gc.net\\\/sv\\\/pris-green-card\\\/#breadcrumb\",\"itemListElement\":[{\"@type\":\"ListItem\",\"position\":1,\"name\":\"Accueil\",\"item\":\"https:\\\/\\\/us-gc.net\\\/sv\\\/green-card\\\/\"},{\"@type\":\"ListItem\",\"position\":2,\"name\":\"Hur mycket kostar det Green Card?\"}]},{\"@type\":\"WebSite\",\"@id\":\"https:\\\/\\\/us-gc.net\\\/sv\\\/#website\",\"url\":\"https:\\\/\\\/us-gc.net\\\/sv\\\/\",\"name\":\"USA GC\",\"description\":\"\",\"potentialAction\":[{\"@type\":\"SearchAction\",\"target\":{\"@type\":\"EntryPoint\",\"urlTemplate\":\"https:\\\/\\\/us-gc.net\\\/sv\\\/?s={search_term_string}\"},\"query-input\":{\"@type\":\"PropertyValueSpecification\",\"valueRequired\":true,\"valueName\":\"search_term_string\"}}],\"inLanguage\":\"sv-SE\"}]}<\/script>\n<!-- \/ Yoast SEO plugin. -->","yoast_head_json":{"title":"Hur mycket kostar det Green Card? - USA GC","description":"Hur mycket kostar det att ans\u00f6ka om ett amerikanskt Green Card? Det beror p\u00e5 villkoren f\u00f6r att f\u00e5 ett.","robots":{"index":"index","follow":"follow","max-snippet":"max-snippet:-1","max-image-preview":"max-image-preview:large","max-video-preview":"max-video-preview:-1"},"canonical":"https:\/\/us-gc.net\/sv\/pris-green-card\/","og_locale":"sv_SE","og_type":"article","og_title":"Hur mycket kostar det Green Card? - USA GC","og_description":"Hur mycket kostar det att ans\u00f6ka om ett amerikanskt Green Card? Det beror p\u00e5 villkoren f\u00f6r att f\u00e5 ett.","og_url":"https:\/\/us-gc.net\/sv\/pris-green-card\/","og_site_name":"USA GC","article_modified_time":"2025-03-31T11:22:38+00:00","twitter_card":"summary_large_image","twitter_misc":{"Ber\u00e4knad l\u00e4stid":"2 minuter"},"schema":{"@context":"https:\/\/schema.org","@graph":[{"@type":"WebPage","@id":"https:\/\/us-gc.net\/sv\/pris-green-card\/","url":"https:\/\/us-gc.net\/sv\/pris-green-card\/","name":"Hur mycket kostar det Green Card? - USA GC","isPartOf":{"@id":"https:\/\/us-gc.net\/sv\/#website"},"datePublished":"2024-02-08T15:57:06+00:00","dateModified":"2025-03-31T11:22:38+00:00","description":"Hur mycket kostar det att ans\u00f6ka om ett amerikanskt Green Card? Det beror p\u00e5 villkoren f\u00f6r att f\u00e5 ett.","breadcrumb":{"@id":"https:\/\/us-gc.net\/sv\/pris-green-card\/#breadcrumb"},"inLanguage":"sv-SE","potentialAction":[{"@type":"ReadAction","target":["https:\/\/us-gc.net\/sv\/pris-green-card\/"]}]},{"@type":"BreadcrumbList","@id":"https:\/\/us-gc.net\/sv\/pris-green-card\/#breadcrumb","itemListElement":[{"@type":"ListItem","position":1,"name":"Accueil","item":"https:\/\/us-gc.net\/sv\/green-card\/"},{"@type":"ListItem","position":2,"name":"Hur mycket kostar det Green Card?"}]},{"@type":"WebSite","@id":"https:\/\/us-gc.net\/sv\/#website","url":"https:\/\/us-gc.net\/sv\/","name":"USA GC","description":"","potentialAction":[{"@type":"SearchAction","target":{"@type":"EntryPoint","urlTemplate":"https:\/\/us-gc.net\/sv\/?s={search_term_string}"},"query-input":{"@type":"PropertyValueSpecification","valueRequired":true,"valueName":"search_term_string"}}],"inLanguage":"sv-SE"}]}},"_links":{"self":[{"href":"https:\/\/us-gc.net\/sv\/wp-json\/wp\/v2\/pages\/1495","targetHints":{"allow":["GET"]}}],"collection":[{"href":"https:\/\/us-gc.net\/sv\/wp-json\/wp\/v2\/pages"}],"about":[{"href":"https:\/\/us-gc.net\/sv\/wp-json\/wp\/v2\/types\/page"}],"author":[{"embeddable":true,"href":"https:\/\/us-gc.net\/sv\/wp-json\/wp\/v2\/users\/1"}],"replies":[{"embeddable":true,"href":"https:\/\/us-gc.net\/sv\/wp-json\/wp\/v2\/comments?post=1495"}],"version-history":[{"count":3,"href":"https:\/\/us-gc.net\/sv\/wp-json\/wp\/v2\/pages\/1495\/revisions"}],"predecessor-version":[{"id":10153,"href":"https:\/\/us-gc.net\/sv\/wp-json\/wp\/v2\/pages\/1495\/revisions\/10153"}],"wp:attachment":[{"href":"https:\/\/us-gc.net\/sv\/wp-json\/wp\/v2\/media?parent=1495"}],"curies":[{"name":"wp","href":"https:\/\/api.w.org\/{rel}","templated":true}]}}