{"id":1380,"date":"2024-02-10T08:30:09","date_gmt":"2024-02-10T08:30:09","guid":{"rendered":"https:\/\/green-card-usa.net\/icke-deltagande-lander-green-card-lotteri\/"},"modified":"2024-12-30T09:46:25","modified_gmt":"2024-12-30T09:46:25","slug":"icke-deltagande-lander-green-card-lotteri","status":"publish","type":"page","link":"https:\/\/us-gc.net\/sv\/icke-deltagande-lander-green-card-lotteri\/","title":{"rendered":"L\u00e4nder som inte \u00e4r ber\u00e4ttigade till Green Card-lotteriet"},"content":{"rendered":"\n<h1 class=\"wp-block-heading\" id=\"h-liste-des-pays-non-participants-a-la-loterie-de-la-green-card\">Lista \u00f6ver l\u00e4nder som inte deltar i Green Card-lotteriet<\/h1>\n\n<p>F\u00f6renta staterna vill beh\u00e5lla en blandad invandrarbefolkning. Varje \u00e5r uppr\u00e4ttar Diversity Visa Program en lista \u00f6ver l\u00e4nder vars medborgare inte f\u00e5r delta i Green Card-lotteriet. Dessa icke-deltagande l\u00e4nder \u00e4r de d\u00e4r mer \u00e4n 50 000 medborgare har immigrerat till USA under de senaste fem \u00e5ren och \u00e4r inte ber\u00e4ttigade att delta i \u00e5rets lottning.<\/p>\n\n<h2 class=\"wp-block-heading\" id=\"h-pays-exclus-de-la-loterie-green-card-dv-2024\">L\u00e4nder uteslutna fr\u00e5n Green Card DV-2024-lotteriet<\/h2>\n\n<p>F\u00f6r den \u00e5rliga dragningen av <a href=\"https:\/\/us-gc.net\/sv\/green-card-lotteri-2024\/\">DV-2024 Green Card-lotteriet<\/a>, inf\u00f6dda i f\u00f6ljande l\u00e4nder och regioner var inte ber\u00e4ttigade, eftersom mer \u00e4n 50,000 inf\u00f6dda i dessa l\u00e4nder invandrade till USA under de senaste fem \u00e5ren: Bangladesh, Brasilien, Kanada, Kina (inklusive Hongkong), Colombia, Dominikanska republiken, El Salvador, Haiti, Honduras, Indien, Jamaica, Mexiko, Nigeria, Pakistan, Filippinerna, Republiken Korea, Storbritannien (exklusive Nordirland) och dess beroende territorier, Venezuela och Vietnam.<\/p>\n\n<p><strong>Kinesiskt undantag<\/strong>: Personer f\u00f6dda i Macao och Taiwan var ber\u00e4ttigade.<\/p>\n\n<h2 class=\"wp-block-heading\" id=\"h-pays-exclus-de-la-loterie-green-card-dv-2025\">L\u00e4nder uteslutna fr\u00e5n Green Card DV-2025-lotteriet<\/h2>\n\n<p>Medborgare i f\u00f6ljande l\u00e4nder \u00e4r inte ber\u00e4ttigade till den \u00e5rliga utlottningen av <a href=\"https:\/\/us-gc.net\/sv\/lotteri-green-card-2025\/\">DV-2025 Green Card<\/a>: Bangladesh, Brasilien, Kanada, Kina (inklusive Hong Kong), Colombia, Dominikanska republiken, El Salvador, Haiti, Honduras, Indien, Jamaica, Mexiko, Nigeria, Pakistan, Filippinerna, Republiken Korea, Venezuela och Vietnam.<\/p>\n\n<p><strong>Kinesiskt undantag<\/strong>: Personer f\u00f6dda i Macao och Taiwan var ber\u00e4ttigade.<\/p>\n\n<p>Endast ett territorium har tagits bort fr\u00e5n listan \u00f6ver uteslutna l\u00e4nder mellan programmen DV-2024 och DV-2025: <strong>F\u00f6renade kungariket<\/strong>. S\u00e5 brittiska medborgare kunde \u00e5terigen ans\u00f6ka om <a href=\"https:\/\/us-gc.net\/sv\/amerikanskt-lotteri-gront-kort\/\">Gr\u00f6nt Kort-lotteriet<\/a> som en del av DV-2025-dragningen.<\/p>\n","protected":false},"excerpt":{"rendered":"<p>Lista \u00f6ver l\u00e4nder som inte deltar i Green Card-lotteriet F\u00f6renta staterna vill beh\u00e5lla en blandad invandrarbefolkning. Varje \u00e5r uppr\u00e4ttar Diversity Visa Program en lista \u00f6ver l\u00e4nder vars medborgare inte f\u00e5r delta i Green Card-lotteriet. Dessa icke-deltagande l\u00e4nder \u00e4r de d\u00e4r mer \u00e4n 50 000 medborgare har immigrerat till USA under de senaste fem \u00e5ren och [&hellip;]<\/p>\n","protected":false},"author":1,"featured_media":0,"parent":0,"menu_order":0,"comment_status":"closed","ping_status":"closed","template":"","meta":{"footnotes":""},"class_list":["post-1380","page","type-page","status-publish","hentry"],"yoast_head":"<!-- This site is optimized with the Yoast SEO plugin v27.4 - https:\/\/yoast.com\/product\/yoast-seo-wordpress\/ -->\n<title>L\u00e4nder som inte \u00e4r ber\u00e4ttigade till Green Card-lotteriet - USA GC<\/title>\n<meta name=\"robots\" content=\"index, follow, max-snippet:-1, max-image-preview:large, max-video-preview:-1\" \/>\n<link rel=\"canonical\" href=\"https:\/\/us-gc.net\/sv\/icke-deltagande-lander-green-card-lotteri\/\" \/>\n<meta property=\"og:locale\" content=\"sv_SE\" \/>\n<meta property=\"og:type\" content=\"article\" \/>\n<meta property=\"og:title\" content=\"L\u00e4nder som inte \u00e4r ber\u00e4ttigade till Green Card-lotteriet - USA GC\" \/>\n<meta property=\"og:description\" content=\"Lista \u00f6ver l\u00e4nder som inte deltar i Green Card-lotteriet F\u00f6renta staterna vill beh\u00e5lla en blandad invandrarbefolkning. Varje \u00e5r uppr\u00e4ttar Diversity Visa Program en lista \u00f6ver l\u00e4nder vars medborgare inte f\u00e5r delta i Green Card-lotteriet. Dessa icke-deltagande l\u00e4nder \u00e4r de d\u00e4r mer \u00e4n 50 000 medborgare har immigrerat till USA under de senaste fem \u00e5ren och [&hellip;]\" \/>\n<meta property=\"og:url\" content=\"https:\/\/us-gc.net\/sv\/icke-deltagande-lander-green-card-lotteri\/\" \/>\n<meta property=\"og:site_name\" content=\"USA GC\" \/>\n<meta property=\"article:modified_time\" content=\"2024-12-30T09:46:25+00:00\" \/>\n<meta name=\"twitter:card\" content=\"summary_large_image\" \/>\n<meta name=\"twitter:label1\" content=\"Ber\u00e4knad l\u00e4stid\" \/>\n\t<meta name=\"twitter:data1\" content=\"1 minut\" \/>\n<script type=\"application\/ld+json\" class=\"yoast-schema-graph\">{\"@context\":\"https:\\\/\\\/schema.org\",\"@graph\":[{\"@type\":\"WebPage\",\"@id\":\"https:\\\/\\\/us-gc.net\\\/sv\\\/icke-deltagande-lander-green-card-lotteri\\\/\",\"url\":\"https:\\\/\\\/us-gc.net\\\/sv\\\/icke-deltagande-lander-green-card-lotteri\\\/\",\"name\":\"L\u00e4nder som inte \u00e4r ber\u00e4ttigade till Green Card-lotteriet - USA GC\",\"isPartOf\":{\"@id\":\"https:\\\/\\\/us-gc.net\\\/sv\\\/#website\"},\"datePublished\":\"2024-02-10T08:30:09+00:00\",\"dateModified\":\"2024-12-30T09:46:25+00:00\",\"breadcrumb\":{\"@id\":\"https:\\\/\\\/us-gc.net\\\/sv\\\/icke-deltagande-lander-green-card-lotteri\\\/#breadcrumb\"},\"inLanguage\":\"sv-SE\",\"potentialAction\":[{\"@type\":\"ReadAction\",\"target\":[\"https:\\\/\\\/us-gc.net\\\/sv\\\/icke-deltagande-lander-green-card-lotteri\\\/\"]}]},{\"@type\":\"BreadcrumbList\",\"@id\":\"https:\\\/\\\/us-gc.net\\\/sv\\\/icke-deltagande-lander-green-card-lotteri\\\/#breadcrumb\",\"itemListElement\":[{\"@type\":\"ListItem\",\"position\":1,\"name\":\"Accueil\",\"item\":\"https:\\\/\\\/us-gc.net\\\/sv\\\/green-card\\\/\"},{\"@type\":\"ListItem\",\"position\":2,\"name\":\"L\u00e4nder som inte \u00e4r ber\u00e4ttigade till Green Card-lotteriet\"}]},{\"@type\":\"WebSite\",\"@id\":\"https:\\\/\\\/us-gc.net\\\/sv\\\/#website\",\"url\":\"https:\\\/\\\/us-gc.net\\\/sv\\\/\",\"name\":\"USA GC\",\"description\":\"\",\"potentialAction\":[{\"@type\":\"SearchAction\",\"target\":{\"@type\":\"EntryPoint\",\"urlTemplate\":\"https:\\\/\\\/us-gc.net\\\/sv\\\/?s={search_term_string}\"},\"query-input\":{\"@type\":\"PropertyValueSpecification\",\"valueRequired\":true,\"valueName\":\"search_term_string\"}}],\"inLanguage\":\"sv-SE\"}]}<\/script>\n<!-- \/ Yoast SEO plugin. -->","yoast_head_json":{"title":"L\u00e4nder som inte \u00e4r ber\u00e4ttigade till Green Card-lotteriet - USA GC","robots":{"index":"index","follow":"follow","max-snippet":"max-snippet:-1","max-image-preview":"max-image-preview:large","max-video-preview":"max-video-preview:-1"},"canonical":"https:\/\/us-gc.net\/sv\/icke-deltagande-lander-green-card-lotteri\/","og_locale":"sv_SE","og_type":"article","og_title":"L\u00e4nder som inte \u00e4r ber\u00e4ttigade till Green Card-lotteriet - USA GC","og_description":"Lista \u00f6ver l\u00e4nder som inte deltar i Green Card-lotteriet F\u00f6renta staterna vill beh\u00e5lla en blandad invandrarbefolkning. Varje \u00e5r uppr\u00e4ttar Diversity Visa Program en lista \u00f6ver l\u00e4nder vars medborgare inte f\u00e5r delta i Green Card-lotteriet. Dessa icke-deltagande l\u00e4nder \u00e4r de d\u00e4r mer \u00e4n 50 000 medborgare har immigrerat till USA under de senaste fem \u00e5ren och [&hellip;]","og_url":"https:\/\/us-gc.net\/sv\/icke-deltagande-lander-green-card-lotteri\/","og_site_name":"USA GC","article_modified_time":"2024-12-30T09:46:25+00:00","twitter_card":"summary_large_image","twitter_misc":{"Ber\u00e4knad l\u00e4stid":"1 minut"},"schema":{"@context":"https:\/\/schema.org","@graph":[{"@type":"WebPage","@id":"https:\/\/us-gc.net\/sv\/icke-deltagande-lander-green-card-lotteri\/","url":"https:\/\/us-gc.net\/sv\/icke-deltagande-lander-green-card-lotteri\/","name":"L\u00e4nder som inte \u00e4r ber\u00e4ttigade till Green Card-lotteriet - USA GC","isPartOf":{"@id":"https:\/\/us-gc.net\/sv\/#website"},"datePublished":"2024-02-10T08:30:09+00:00","dateModified":"2024-12-30T09:46:25+00:00","breadcrumb":{"@id":"https:\/\/us-gc.net\/sv\/icke-deltagande-lander-green-card-lotteri\/#breadcrumb"},"inLanguage":"sv-SE","potentialAction":[{"@type":"ReadAction","target":["https:\/\/us-gc.net\/sv\/icke-deltagande-lander-green-card-lotteri\/"]}]},{"@type":"BreadcrumbList","@id":"https:\/\/us-gc.net\/sv\/icke-deltagande-lander-green-card-lotteri\/#breadcrumb","itemListElement":[{"@type":"ListItem","position":1,"name":"Accueil","item":"https:\/\/us-gc.net\/sv\/green-card\/"},{"@type":"ListItem","position":2,"name":"L\u00e4nder som inte \u00e4r ber\u00e4ttigade till Green Card-lotteriet"}]},{"@type":"WebSite","@id":"https:\/\/us-gc.net\/sv\/#website","url":"https:\/\/us-gc.net\/sv\/","name":"USA GC","description":"","potentialAction":[{"@type":"SearchAction","target":{"@type":"EntryPoint","urlTemplate":"https:\/\/us-gc.net\/sv\/?s={search_term_string}"},"query-input":{"@type":"PropertyValueSpecification","valueRequired":true,"valueName":"search_term_string"}}],"inLanguage":"sv-SE"}]}},"_links":{"self":[{"href":"https:\/\/us-gc.net\/sv\/wp-json\/wp\/v2\/pages\/1380","targetHints":{"allow":["GET"]}}],"collection":[{"href":"https:\/\/us-gc.net\/sv\/wp-json\/wp\/v2\/pages"}],"about":[{"href":"https:\/\/us-gc.net\/sv\/wp-json\/wp\/v2\/types\/page"}],"author":[{"embeddable":true,"href":"https:\/\/us-gc.net\/sv\/wp-json\/wp\/v2\/users\/1"}],"replies":[{"embeddable":true,"href":"https:\/\/us-gc.net\/sv\/wp-json\/wp\/v2\/comments?post=1380"}],"version-history":[{"count":1,"href":"https:\/\/us-gc.net\/sv\/wp-json\/wp\/v2\/pages\/1380\/revisions"}],"predecessor-version":[{"id":8043,"href":"https:\/\/us-gc.net\/sv\/wp-json\/wp\/v2\/pages\/1380\/revisions\/8043"}],"wp:attachment":[{"href":"https:\/\/us-gc.net\/sv\/wp-json\/wp\/v2\/media?parent=1380"}],"curies":[{"name":"wp","href":"https:\/\/api.w.org\/{rel}","templated":true}]}}