{"id":1296,"date":"2024-01-31T16:45:20","date_gmt":"2024-01-31T16:45:20","guid":{"rendered":"https:\/\/green-card-usa.net\/skillnad-green-card-och-visum\/"},"modified":"2024-12-30T09:38:52","modified_gmt":"2024-12-30T09:38:52","slug":"skillnad-green-card-och-visum","status":"publish","type":"page","link":"https:\/\/us-gc.net\/sv\/skillnad-green-card-och-visum\/","title":{"rendered":"Skillnaden mellan ett Green Card och ett visum till USA"},"content":{"rendered":"\n<h1 class=\"wp-block-heading\" id=\"h-quelle-est-la-difference-entre-une-green-card-et-un-visa-americain\">Vad \u00e4r skillnaden mellan ett gr\u00f6nt kort och ett visum till USA?<\/h1>\n\n<p>Begreppen &#8221;Green Card&#8221; och &#8221;US-visum&#8221; blandas ibland ihop, men de representerar helt olika uppeh\u00e5llstillst\u00e5nd i USA. F\u00f6r att hj\u00e4lpa dig att f\u00f6rst\u00e5 skillnaderna kommer vi att beskriva principerna f\u00f6r de tv\u00e5 tillst\u00e5nden och deras huvudsakliga skillnader.<\/p>\n\n<h2 class=\"wp-block-heading\" id=\"h-qu-est-ce-qu-une-green-card\">Vad \u00e4r ett gr\u00f6nt kort?<\/h2>\n\n<p>Det <a href=\"https:\/\/us-gc.net\/sv\/\">gr\u00f6na kortet<\/a> \u00e4r ett permanent uppeh\u00e5llskort. Det ger innehavaren r\u00e4tt att bo och arbeta permanent i USA. Till skillnad fr\u00e5n ett tillf\u00e4lligt visum ger det gr\u00f6na kortet permanent uppeh\u00e5llstillst\u00e5nd. Det \u00f6ppnar v\u00e4gen till amerikanskt medborgarskap efter en viss period.<\/p>\n\n<h2 class=\"wp-block-heading\" id=\"h-qu-est-ce-qu-un-visa-americain\">Vad \u00e4r ett amerikanskt visum?<\/h2>\n\n<p>Ett amerikanskt visum \u00e4r ett dokument som utf\u00e4rdas av en amerikansk ambassad och som g\u00f6r det m\u00f6jligt f\u00f6r en person att resa till den amerikanska gr\u00e4nsen och ans\u00f6ka om tillst\u00e5nd att resa in i landet. Visum \u00e4r avsedda f\u00f6r tillf\u00e4llig vistelse eller permanent invandring, men ger inte permanent uppeh\u00e5llstillst\u00e5nd.<\/p>\n\n<h2 class=\"wp-block-heading\" id=\"h-les-differences-cles-entre-visa-et-green-card\">De viktigaste skillnaderna mellan ett visum och ett Green Card<\/h2>\n\n<ol class=\"wp-block-list\">\n<li><strong>Syfte<\/strong>: Green Card \u00e4r avsett f\u00f6r dem som vill bli permanent bosatta i USA. Ett amerikanskt visum anv\u00e4nds f\u00f6r att resa in i USA tillf\u00e4lligt eller f\u00f6r att immigrera innan man f\u00e5r ett Green Card.<\/li>\n\n\n\n<li><strong>Varaktighet<\/strong>: Ett gr\u00f6nt kort \u00e4r giltigt i 10 \u00e5r f\u00f6r permanent bosatta och m\u00e5ste f\u00f6rnyas, men statusen f\u00f6rblir permanent. Visum har en viss giltighetstid som best\u00e4ms av typen av visum och syftet med vistelsen.<\/li>\n\n\n\n<li><strong>R\u00e4ttigheter som beviljas<\/strong>: Green Card-innehavare kan arbeta var som helst i USA och \u00e5tnjuta vissa sociala f\u00f6rm\u00e5ner. Visuminnehavare \u00e4r begr\u00e4nsade av villkoren f\u00f6r deras specifika visum.<\/li>\n\n\n\n<li><strong>Ans\u00f6kningsprocess<\/strong>: F\u00f6rfarandet f\u00f6r att f\u00e5 ett gr\u00f6nt kort baseras ofta p\u00e5 familj, anst\u00e4llning eller andra s\u00e4rskilda kategorier. Det \u00e4r ocks\u00e5 m\u00f6jligt att f\u00e5 ett <a href=\"https:\/\/us-gc.net\/sv\/lotteri-green-card\/\">gr\u00f6nt kort genom lotteri<\/a>. Viseringsprocessen b\u00f6rjar vanligtvis med en ans\u00f6kan till den amerikanska ambassaden eller konsulatet.<\/li>\n<\/ol>\n","protected":false},"excerpt":{"rendered":"<p>Vad \u00e4r skillnaden mellan ett gr\u00f6nt kort och ett visum till USA? Begreppen &#8221;Green Card&#8221; och &#8221;US-visum&#8221; blandas ibland ihop, men de representerar helt olika uppeh\u00e5llstillst\u00e5nd i USA. F\u00f6r att hj\u00e4lpa dig att f\u00f6rst\u00e5 skillnaderna kommer vi att beskriva principerna f\u00f6r de tv\u00e5 tillst\u00e5nden och deras huvudsakliga skillnader. Vad \u00e4r ett gr\u00f6nt kort? Det gr\u00f6na [&hellip;]<\/p>\n","protected":false},"author":1,"featured_media":0,"parent":0,"menu_order":0,"comment_status":"closed","ping_status":"closed","template":"","meta":{"footnotes":""},"class_list":["post-1296","page","type-page","status-publish","hentry"],"yoast_head":"<!-- This site is optimized with the Yoast SEO plugin v27.4 - https:\/\/yoast.com\/product\/yoast-seo-wordpress\/ -->\n<title>Skillnaden mellan ett Green Card och ett visum till USA - USA GC<\/title>\n<meta name=\"description\" content=\"Vad \u00e4r skillnaden mellan ett Green Card och ett amerikanskt resevisum? Dessa tv\u00e5 dokument har inte samma funktion.\" \/>\n<meta name=\"robots\" content=\"index, follow, max-snippet:-1, max-image-preview:large, max-video-preview:-1\" \/>\n<link rel=\"canonical\" href=\"https:\/\/us-gc.net\/sv\/skillnad-green-card-och-visum\/\" \/>\n<meta property=\"og:locale\" content=\"sv_SE\" \/>\n<meta property=\"og:type\" content=\"article\" \/>\n<meta property=\"og:title\" content=\"Skillnaden mellan ett Green Card och ett visum till USA - USA GC\" \/>\n<meta property=\"og:description\" content=\"Vad \u00e4r skillnaden mellan ett Green Card och ett amerikanskt resevisum? Dessa tv\u00e5 dokument har inte samma funktion.\" \/>\n<meta property=\"og:url\" content=\"https:\/\/us-gc.net\/sv\/skillnad-green-card-och-visum\/\" \/>\n<meta property=\"og:site_name\" content=\"USA GC\" \/>\n<meta property=\"article:modified_time\" content=\"2024-12-30T09:38:52+00:00\" \/>\n<meta name=\"twitter:card\" content=\"summary_large_image\" \/>\n<meta name=\"twitter:label1\" content=\"Ber\u00e4knad l\u00e4stid\" \/>\n\t<meta name=\"twitter:data1\" content=\"2 minuter\" \/>\n<script type=\"application\/ld+json\" class=\"yoast-schema-graph\">{\"@context\":\"https:\\\/\\\/schema.org\",\"@graph\":[{\"@type\":\"WebPage\",\"@id\":\"https:\\\/\\\/us-gc.net\\\/sv\\\/skillnad-green-card-och-visum\\\/\",\"url\":\"https:\\\/\\\/us-gc.net\\\/sv\\\/skillnad-green-card-och-visum\\\/\",\"name\":\"Skillnaden mellan ett Green Card och ett visum till USA - USA GC\",\"isPartOf\":{\"@id\":\"https:\\\/\\\/us-gc.net\\\/sv\\\/#website\"},\"datePublished\":\"2024-01-31T16:45:20+00:00\",\"dateModified\":\"2024-12-30T09:38:52+00:00\",\"description\":\"Vad \u00e4r skillnaden mellan ett Green Card och ett amerikanskt resevisum? Dessa tv\u00e5 dokument har inte samma funktion.\",\"breadcrumb\":{\"@id\":\"https:\\\/\\\/us-gc.net\\\/sv\\\/skillnad-green-card-och-visum\\\/#breadcrumb\"},\"inLanguage\":\"sv-SE\",\"potentialAction\":[{\"@type\":\"ReadAction\",\"target\":[\"https:\\\/\\\/us-gc.net\\\/sv\\\/skillnad-green-card-och-visum\\\/\"]}]},{\"@type\":\"BreadcrumbList\",\"@id\":\"https:\\\/\\\/us-gc.net\\\/sv\\\/skillnad-green-card-och-visum\\\/#breadcrumb\",\"itemListElement\":[{\"@type\":\"ListItem\",\"position\":1,\"name\":\"Accueil\",\"item\":\"https:\\\/\\\/us-gc.net\\\/sv\\\/green-card\\\/\"},{\"@type\":\"ListItem\",\"position\":2,\"name\":\"Skillnaden mellan ett Green Card och ett visum till USA\"}]},{\"@type\":\"WebSite\",\"@id\":\"https:\\\/\\\/us-gc.net\\\/sv\\\/#website\",\"url\":\"https:\\\/\\\/us-gc.net\\\/sv\\\/\",\"name\":\"USA GC\",\"description\":\"\",\"potentialAction\":[{\"@type\":\"SearchAction\",\"target\":{\"@type\":\"EntryPoint\",\"urlTemplate\":\"https:\\\/\\\/us-gc.net\\\/sv\\\/?s={search_term_string}\"},\"query-input\":{\"@type\":\"PropertyValueSpecification\",\"valueRequired\":true,\"valueName\":\"search_term_string\"}}],\"inLanguage\":\"sv-SE\"}]}<\/script>\n<!-- \/ Yoast SEO plugin. -->","yoast_head_json":{"title":"Skillnaden mellan ett Green Card och ett visum till USA - USA GC","description":"Vad \u00e4r skillnaden mellan ett Green Card och ett amerikanskt resevisum? Dessa tv\u00e5 dokument har inte samma funktion.","robots":{"index":"index","follow":"follow","max-snippet":"max-snippet:-1","max-image-preview":"max-image-preview:large","max-video-preview":"max-video-preview:-1"},"canonical":"https:\/\/us-gc.net\/sv\/skillnad-green-card-och-visum\/","og_locale":"sv_SE","og_type":"article","og_title":"Skillnaden mellan ett Green Card och ett visum till USA - USA GC","og_description":"Vad \u00e4r skillnaden mellan ett Green Card och ett amerikanskt resevisum? Dessa tv\u00e5 dokument har inte samma funktion.","og_url":"https:\/\/us-gc.net\/sv\/skillnad-green-card-och-visum\/","og_site_name":"USA GC","article_modified_time":"2024-12-30T09:38:52+00:00","twitter_card":"summary_large_image","twitter_misc":{"Ber\u00e4knad l\u00e4stid":"2 minuter"},"schema":{"@context":"https:\/\/schema.org","@graph":[{"@type":"WebPage","@id":"https:\/\/us-gc.net\/sv\/skillnad-green-card-och-visum\/","url":"https:\/\/us-gc.net\/sv\/skillnad-green-card-och-visum\/","name":"Skillnaden mellan ett Green Card och ett visum till USA - USA GC","isPartOf":{"@id":"https:\/\/us-gc.net\/sv\/#website"},"datePublished":"2024-01-31T16:45:20+00:00","dateModified":"2024-12-30T09:38:52+00:00","description":"Vad \u00e4r skillnaden mellan ett Green Card och ett amerikanskt resevisum? Dessa tv\u00e5 dokument har inte samma funktion.","breadcrumb":{"@id":"https:\/\/us-gc.net\/sv\/skillnad-green-card-och-visum\/#breadcrumb"},"inLanguage":"sv-SE","potentialAction":[{"@type":"ReadAction","target":["https:\/\/us-gc.net\/sv\/skillnad-green-card-och-visum\/"]}]},{"@type":"BreadcrumbList","@id":"https:\/\/us-gc.net\/sv\/skillnad-green-card-och-visum\/#breadcrumb","itemListElement":[{"@type":"ListItem","position":1,"name":"Accueil","item":"https:\/\/us-gc.net\/sv\/green-card\/"},{"@type":"ListItem","position":2,"name":"Skillnaden mellan ett Green Card och ett visum till USA"}]},{"@type":"WebSite","@id":"https:\/\/us-gc.net\/sv\/#website","url":"https:\/\/us-gc.net\/sv\/","name":"USA GC","description":"","potentialAction":[{"@type":"SearchAction","target":{"@type":"EntryPoint","urlTemplate":"https:\/\/us-gc.net\/sv\/?s={search_term_string}"},"query-input":{"@type":"PropertyValueSpecification","valueRequired":true,"valueName":"search_term_string"}}],"inLanguage":"sv-SE"}]}},"_links":{"self":[{"href":"https:\/\/us-gc.net\/sv\/wp-json\/wp\/v2\/pages\/1296","targetHints":{"allow":["GET"]}}],"collection":[{"href":"https:\/\/us-gc.net\/sv\/wp-json\/wp\/v2\/pages"}],"about":[{"href":"https:\/\/us-gc.net\/sv\/wp-json\/wp\/v2\/types\/page"}],"author":[{"embeddable":true,"href":"https:\/\/us-gc.net\/sv\/wp-json\/wp\/v2\/users\/1"}],"replies":[{"embeddable":true,"href":"https:\/\/us-gc.net\/sv\/wp-json\/wp\/v2\/comments?post=1296"}],"version-history":[{"count":1,"href":"https:\/\/us-gc.net\/sv\/wp-json\/wp\/v2\/pages\/1296\/revisions"}],"predecessor-version":[{"id":7601,"href":"https:\/\/us-gc.net\/sv\/wp-json\/wp\/v2\/pages\/1296\/revisions\/7601"}],"wp:attachment":[{"href":"https:\/\/us-gc.net\/sv\/wp-json\/wp\/v2\/media?parent=1296"}],"curies":[{"name":"wp","href":"https:\/\/api.w.org\/{rel}","templated":true}]}}