{"id":1272,"date":"2024-01-31T16:27:17","date_gmt":"2024-01-31T16:27:17","guid":{"rendered":"https:\/\/green-card-usa.net\/green-card-intervju\/"},"modified":"2024-12-30T09:41:03","modified_gmt":"2024-12-30T09:41:03","slug":"green-card-intervju","status":"publish","type":"page","link":"https:\/\/us-gc.net\/sv\/green-card-intervju\/","title":{"rendered":"Hur du f\u00e5r ditt Green Card"},"content":{"rendered":"\n<h1 class=\"wp-block-heading\" id=\"h-comment-preparer-l-entretien-pour-la-green-card\">Hur du f\u00f6rbereder dig f\u00f6r intervjun om gr\u00f6nt kort<\/h1>\n\n<h3 class=\"wp-block-heading\" id=\"h-confirmation-du-rendez-vous-pour-passer-l-entretien\">Bekr\u00e4ftelse p\u00e5 kallelse till intervju<\/h3>\n\n<p>N\u00e4r de amerikanska myndigheterna har granskat det ifyllda DS-260-formul\u00e4ret f\u00e5r den s\u00f6kande ett e-postmeddelande om att en intervju har bokats in p\u00e5 den valda amerikanska ambassaden eller konsulatet. De s\u00f6kande m\u00e5ste logga in p\u00e5 webbplatsen f\u00f6r <a href=\"https:\/\/us-gc.net\/sv\/mangfald-visa-program\/\">programmet Diversity Visa<\/a> med sitt registreringsnummer. Denna anslutning g\u00f6r det m\u00f6jligt f\u00f6r dem att bekr\u00e4fta datum, tid och plats f\u00f6r intervjun.<\/p>\n\n<h3 class=\"wp-block-heading\" id=\"h-preparation-de-l-interview\">F\u00f6rberedelser inf\u00f6r intervjun<\/h3>\n\n<p>Det \u00e4r viktigt att f\u00f6rbereda sig inf\u00f6r intervjun. Kandidaten m\u00e5ste genomf\u00f6ra f\u00f6ljande viktiga steg f\u00f6re intervjutillf\u00e4llet:<\/p>\n\n<ol class=\"wp-block-list\">\n<li>Granska informationen som deltagare p\u00e5 <a href=\"https:\/\/us-gc.net\/sv\/mangfald-visa-program\/\">DV-programmets<\/a> webbplats;<\/li>\n\n\n\n<li>L\u00e4s anvisningarna f\u00f6r intervjun p\u00e5 den ambassad d\u00e4r intervjun \u00e4ger rum;<\/li>\n\n\n\n<li>Planering och genomf\u00f6rande av en medicinsk unders\u00f6kning. Du m\u00e5ste boka tid hos en godk\u00e4nd l\u00e4kare i det land d\u00e4r du ska intervjuas. Du m\u00e5ste klara l\u00e4karunders\u00f6kningen och alla n\u00f6dv\u00e4ndiga vaccinationer f\u00f6re det datum som planerats f\u00f6r din visumintervju. N\u00e4r l\u00e4karunders\u00f6kningen \u00e4r klar f\u00e5r du ett f\u00f6rseglat kuvert som du ska ta med till visumintervjun. Vissa l\u00e4kare skickar resultatet av l\u00e4karunders\u00f6kningen direkt till ambassaden eller konsulatet.<\/li>\n\n\n\n<li>Samla fotografierna och alla n\u00f6dv\u00e4ndiga dokument. Varje s\u00f6kande m\u00e5ste ta med sig tv\u00e5 identiska <a href=\"https:\/\/us-gc.net\/sv\/green-card-foto\/\">Green Card-foton<\/a> till intervjun.<\/li>\n<\/ol>\n\n<div style=\"height:10px\" aria-hidden=\"true\" class=\"wp-block-spacer\"><\/div>\n\n<h3 class=\"wp-block-heading\" id=\"h-documents-a-fournir-lors-de-l-entretien-pour-la-green-card\">Dokument som ska tillhandah\u00e5llas vid intervjun f\u00f6r gr\u00f6nt kort<\/h3>\n\n<p>Vid intervjun p\u00e5 den <a href=\"https:\/\/www.usembassy.gov\/\">amerikanska ambassaden<\/a> m\u00e5ste den s\u00f6kande uppvisa f\u00f6ljande information:<\/p>\n\n<ul class=\"wp-block-list\">\n<li>Tidsbest\u00e4llningsinformation som skrivs ut fr\u00e5n deltagarens konto p\u00e5 <a href=\"https:\/\/us-gc.net\/sv\/mangfald-visa-program\/\">DV-programmets<\/a> webbplats;<\/li>\n\n\n\n<li>Bekr\u00e4ftelsesidan f\u00f6r det utskrivna DS-260-formul\u00e4ret ;<\/li>\n\n\n\n<li>Ett pass som \u00e4r giltigt i sex m\u00e5nader efter det planerade datumet f\u00f6r inresa till F\u00f6renta staterna;<\/li>\n\n\n\n<li>Originalhandlingar eller bestyrkta kopior av civilr\u00e4ttsliga handlingar som l\u00e4mnades in till Kentucky Consular Center n\u00e4r DS-260-formul\u00e4ret validerades.<\/li>\n<\/ul>\n\n<div style=\"height:10px\" aria-hidden=\"true\" class=\"wp-block-spacer\"><\/div>\n\n<h3 class=\"wp-block-heading\" id=\"h-payer-les-frais-de-visa\">Betala viseringsavgifter<\/h3>\n\n<p>F\u00f6re intervjun p\u00e5 ambassaden m\u00e5ste varje s\u00f6kande betala <a href=\"https:\/\/us-gc.net\/sv\/pris-green-card\/\">avgiften f\u00f6r m\u00e5ngfaldsvisum<\/a>. F\u00f6r <a href=\"https:\/\/us-gc.net\/sv\/green-card-lotteri-2024\/\">Green Card 2024 Lotteris\u00f6kande<\/a>: <strong>avgiften \u00e4r $330 per person<\/strong>. Denna avgift \u00e5terbetalas inte, oavsett resultatet av ans\u00f6kan om visering inom ramen f\u00f6r m\u00e5ngfaldsprogrammet.<\/p>\n\n<p>Du m\u00e5ste se till att betala dina avgifter f\u00f6re den dag och tid d\u00e5 du kallas till intervju genom att f\u00f6lja anvisningarna fr\u00e5n den amerikanska ambassad eller det amerikanska konsulat d\u00e4r du ska intervjuas.<\/p>\n\n<div style=\"height:10px\" aria-hidden=\"true\" class=\"wp-block-spacer\"><\/div>\n\n<h2 class=\"wp-block-heading\" id=\"h-l-entretien-pour-obtenir-la-green-card-peut-il-etre-annule\">Kan Green Card-intervjun st\u00e4llas in?<\/h2>\n\n<p>Ja, <a href=\"https:\/\/us-gc.net\/sv\/\">Green Card<\/a>-intervjun kan st\u00e4llas in eller skjutas upp under vissa omst\u00e4ndigheter. H\u00e4r \u00e4r n\u00e5gra sk\u00e4l till varf\u00f6r detta kan h\u00e4nda:<\/p>\n\n<ul class=\"wp-block-list\">\n<li><strong>Kandidatens beg\u00e4ran om uppskjutande<\/strong>: Om du har en konflikt eller en n\u00f6dsituation kan du be USCIS att skjuta upp din intervju. Det \u00e4r viktigt att du anger ett giltigt sk\u00e4l och st\u00f6djande bevis om det beh\u00f6vs;<\/li>\n\n\n\n<li><strong>Ett administrativt problem<\/strong>: USCIS kan st\u00e4lla in eller skjuta upp en intervju om dokument saknas, om det finns problem med ditt \u00e4rende eller om den handl\u00e4ggare som ansvarar f\u00f6r ditt \u00e4rende inte \u00e4r tillg\u00e4nglig;<\/li>\n\n\n\n<li><strong>V\u00e4derf\u00f6rh\u00e5llanden eller naturkatastrofer<\/strong>: Of\u00f6rutsedda h\u00e4ndelser som kraftiga stormar eller andra naturkatastrofer kan tvinga USCIS att st\u00e4nga sina kontor och st\u00e4lla in planerade intervjuer;<\/li>\n\n\n\n<li><strong>S\u00e4kerhetssk\u00e4l eller folk h\u00e4lsosk\u00e4l<\/strong>: Situationer som pandemier kan leda till att intervjuer st\u00e4lls in av s\u00e4kerhetssk\u00e4l eller folkh\u00e4lsosk\u00e4l.<\/li>\n<\/ul>\n\n<p>Om din intervju st\u00e4lls in \u00e4r det viktigt att du h\u00e5ller dina kontaktuppgifter uppdaterade hos USCIS s\u00e5 att du f\u00e5r alla viktiga meddelanden om ditt \u00e4rende.<\/p>\n\n<h2 class=\"wp-block-heading\" id=\"h-peut-on-obtenir-la-green-card-sans-passer-l-interview\">Kan jag f\u00e5 ett Green Card utan att g\u00e5 p\u00e5 en intervju?<\/h2>\n\n<p>De allra flesta som ans\u00f6ker om gr\u00f6nt kort m\u00e5ste delta i en intervju. Intervjun g\u00f6r det m\u00f6jligt f\u00f6r USCIS att verifiera informationen i ans\u00f6kan, bestyrka dokumenten och s\u00e4kerst\u00e4lla att den s\u00f6kande uppfyller alla villkor som kr\u00e4vs f\u00f6r att f\u00e5 permanent uppeh\u00e5llstillst\u00e5nd.  <\/p>\n\n<p>Under vissa s\u00e4rskilda omst\u00e4ndigheter kan dock underh\u00e5ll inte vara n\u00f6dv\u00e4ndigt. H\u00e4r \u00e4r n\u00e5gra situationer d\u00e4r detta kan intr\u00e4ffa:<\/p>\n\n<ul class=\"wp-block-list\">\n<li><strong>Anpassning av status f\u00f6r vissa kategorier av invand rare<\/strong> : I vissa fall, f\u00f6r specifika kategorier av invandrare, kan USCIS besluta att en intervju inte \u00e4r n\u00f6dv\u00e4ndig och godk\u00e4nna ans\u00f6kan om justering av status utan en intervju. Detta kan h\u00e4nda f\u00f6r vissa kategorier av anst\u00e4llningsbaserade viseringar, s\u00e4rskilt om ans\u00f6kan \u00e4r s\u00e4rskilt tydlig och fullst\u00e4ndig;<\/li>\n\n\n\n<li><strong>Undantag fr\u00e5n intervj un<\/strong>: I s\u00e4llsynta fall kan USCIS \u00f6verv\u00e4ga att avst\u00e5 fr\u00e5n intervjun om den s\u00f6kande kan visa att resan till intervjun skulle orsaka extrema eller on\u00f6diga sv\u00e5righeter. Dessa situationer \u00e4r exceptionella;<\/li>\n\n\n\n<li><strong>Tidigare erfarenheter<\/strong>: Under perioder med h\u00f6g efterfr\u00e5gan eller operativa begr\u00e4nsningar har USCIS ibland anpassat sin praxis genom att begr\u00e4nsa intervjuerna f\u00f6r vissa kategorier av s\u00f6kande. Detta har tidigare varit fallet f\u00f6r vissa f\u00f6rnyelser av gr\u00f6na kort eller statusjusteringar som inte gav upphov till komplexa fr\u00e5gor som kr\u00e4vde en intervju.<\/li>\n\n\n\n<li><strong>Policy\u00e4ndringar som svar p\u00e5 en kris<\/strong>: Under en h\u00e4lsokris som covid-19-pandemin anpassade USCIS sina policyer och f\u00f6rfaranden. Antalet intervjuer som kr\u00e4vs har minskats.<\/li>\n<\/ul>\n\n<div style=\"height:10px\" aria-hidden=\"true\" class=\"wp-block-spacer\"><\/div>\n\n<h2 class=\"wp-block-heading\" id=\"h-combien-de-temps-dure-l-entretien\">Hur l\u00e5ng tid tar intervjun?<\/h2>\n\n<p>Hur l\u00e5ng tid en intervju f\u00f6r att f\u00e5 ett Green Card tar kan variera beroende p\u00e5 ett antal faktorer. Den varar vanligtvis mellan 20 minuter och en timme. \u00c4rendets komplexitet, de fr\u00e5gor som immigrationshandl\u00e4ggaren vill ta upp och antalet dokument som ska kontrolleras kan alla p\u00e5verka intervjuns l\u00e4ngd.<\/p>\n\n<p>Det \u00e4r bra att komma v\u00e4l f\u00f6rberedd till intervjun och vara beredd att svara utf\u00f6rligt p\u00e5 alla fr\u00e5gor. Du b\u00f6r avs\u00e4tta tillr\u00e4ckligt med tid f\u00f6re och efter intervjun f\u00f6r eventuella ytterligare administrativa f\u00f6rfaranden p\u00e5 plats.<\/p>\n\n<h2 class=\"wp-block-heading\" id=\"h-combien-de-temps-apres-l-entretien-on-obtient-la-green-card\">Hur l\u00e5ng tid tar det att f\u00e5 ett Green Card efter intervjun?<\/h2>\n\n<p>Som en allm\u00e4n regel informerar USCIS den s\u00f6kande om beslutet ang\u00e5ende hans\/hennes ans\u00f6kan kort efter intervjun. Om ans\u00f6kan godk\u00e4nns kan det ta n\u00e5gra veckor innan det gr\u00f6na kortet har tillverkats och skickats ut. USCIS anger ofta en ber\u00e4knad tid f\u00f6r mottagande av kortet n\u00e4r ans\u00f6kan har godk\u00e4nts.<\/p>\n\n<p>Det \u00e4r viktigt att h\u00e5lla kontakten med USCIS och att \u00f6vervaka statusen f\u00f6r ans\u00f6kan p\u00e5 webbplatsen f\u00f6r <a href=\"https:\/\/us-gc.net\/sv\/mangfald-visa-program\/\">Diversity Visa Program<\/a>.<\/p>\n","protected":false},"excerpt":{"rendered":"<p>Hur du f\u00f6rbereder dig f\u00f6r intervjun om gr\u00f6nt kort Bekr\u00e4ftelse p\u00e5 kallelse till intervju N\u00e4r de amerikanska myndigheterna har granskat det ifyllda DS-260-formul\u00e4ret f\u00e5r den s\u00f6kande ett e-postmeddelande om att en intervju har bokats in p\u00e5 den valda amerikanska ambassaden eller konsulatet. De s\u00f6kande m\u00e5ste logga in p\u00e5 webbplatsen f\u00f6r programmet Diversity Visa med sitt [&hellip;]<\/p>\n","protected":false},"author":1,"featured_media":0,"parent":0,"menu_order":0,"comment_status":"closed","ping_status":"closed","template":"","meta":{"footnotes":""},"class_list":["post-1272","page","type-page","status-publish","hentry"],"yoast_head":"<!-- This site is optimized with the Yoast SEO plugin v27.4 - https:\/\/yoast.com\/product\/yoast-seo-wordpress\/ -->\n<title>Hur du f\u00e5r ditt Green Card - USA GC<\/title>\n<meta name=\"description\" content=\"Hur man f\u00e5r en lyckad Green Card-intervju\" \/>\n<meta name=\"robots\" content=\"index, follow, max-snippet:-1, max-image-preview:large, max-video-preview:-1\" \/>\n<link rel=\"canonical\" href=\"https:\/\/us-gc.net\/sv\/green-card-intervju\/\" \/>\n<meta property=\"og:locale\" content=\"sv_SE\" \/>\n<meta property=\"og:type\" content=\"article\" \/>\n<meta property=\"og:title\" content=\"Hur du f\u00e5r ditt Green Card - USA GC\" \/>\n<meta property=\"og:description\" content=\"Hur man f\u00e5r en lyckad Green Card-intervju\" \/>\n<meta property=\"og:url\" content=\"https:\/\/us-gc.net\/sv\/green-card-intervju\/\" \/>\n<meta property=\"og:site_name\" content=\"USA GC\" \/>\n<meta property=\"article:modified_time\" content=\"2024-12-30T09:41:03+00:00\" \/>\n<meta name=\"twitter:card\" content=\"summary_large_image\" \/>\n<meta name=\"twitter:label1\" content=\"Ber\u00e4knad l\u00e4stid\" \/>\n\t<meta name=\"twitter:data1\" content=\"6 minuter\" \/>\n<script type=\"application\/ld+json\" class=\"yoast-schema-graph\">{\"@context\":\"https:\\\/\\\/schema.org\",\"@graph\":[{\"@type\":\"WebPage\",\"@id\":\"https:\\\/\\\/us-gc.net\\\/sv\\\/green-card-intervju\\\/\",\"url\":\"https:\\\/\\\/us-gc.net\\\/sv\\\/green-card-intervju\\\/\",\"name\":\"Hur du f\u00e5r ditt Green Card - USA GC\",\"isPartOf\":{\"@id\":\"https:\\\/\\\/us-gc.net\\\/sv\\\/#website\"},\"datePublished\":\"2024-01-31T16:27:17+00:00\",\"dateModified\":\"2024-12-30T09:41:03+00:00\",\"description\":\"Hur man f\u00e5r en lyckad Green Card-intervju\",\"breadcrumb\":{\"@id\":\"https:\\\/\\\/us-gc.net\\\/sv\\\/green-card-intervju\\\/#breadcrumb\"},\"inLanguage\":\"sv-SE\",\"potentialAction\":[{\"@type\":\"ReadAction\",\"target\":[\"https:\\\/\\\/us-gc.net\\\/sv\\\/green-card-intervju\\\/\"]}]},{\"@type\":\"BreadcrumbList\",\"@id\":\"https:\\\/\\\/us-gc.net\\\/sv\\\/green-card-intervju\\\/#breadcrumb\",\"itemListElement\":[{\"@type\":\"ListItem\",\"position\":1,\"name\":\"Accueil\",\"item\":\"https:\\\/\\\/us-gc.net\\\/sv\\\/green-card\\\/\"},{\"@type\":\"ListItem\",\"position\":2,\"name\":\"Hur du f\u00e5r ditt Green Card\"}]},{\"@type\":\"WebSite\",\"@id\":\"https:\\\/\\\/us-gc.net\\\/sv\\\/#website\",\"url\":\"https:\\\/\\\/us-gc.net\\\/sv\\\/\",\"name\":\"USA GC\",\"description\":\"\",\"potentialAction\":[{\"@type\":\"SearchAction\",\"target\":{\"@type\":\"EntryPoint\",\"urlTemplate\":\"https:\\\/\\\/us-gc.net\\\/sv\\\/?s={search_term_string}\"},\"query-input\":{\"@type\":\"PropertyValueSpecification\",\"valueRequired\":true,\"valueName\":\"search_term_string\"}}],\"inLanguage\":\"sv-SE\"}]}<\/script>\n<!-- \/ Yoast SEO plugin. -->","yoast_head_json":{"title":"Hur du f\u00e5r ditt Green Card - USA GC","description":"Hur man f\u00e5r en lyckad Green Card-intervju","robots":{"index":"index","follow":"follow","max-snippet":"max-snippet:-1","max-image-preview":"max-image-preview:large","max-video-preview":"max-video-preview:-1"},"canonical":"https:\/\/us-gc.net\/sv\/green-card-intervju\/","og_locale":"sv_SE","og_type":"article","og_title":"Hur du f\u00e5r ditt Green Card - USA GC","og_description":"Hur man f\u00e5r en lyckad Green Card-intervju","og_url":"https:\/\/us-gc.net\/sv\/green-card-intervju\/","og_site_name":"USA GC","article_modified_time":"2024-12-30T09:41:03+00:00","twitter_card":"summary_large_image","twitter_misc":{"Ber\u00e4knad l\u00e4stid":"6 minuter"},"schema":{"@context":"https:\/\/schema.org","@graph":[{"@type":"WebPage","@id":"https:\/\/us-gc.net\/sv\/green-card-intervju\/","url":"https:\/\/us-gc.net\/sv\/green-card-intervju\/","name":"Hur du f\u00e5r ditt Green Card - USA GC","isPartOf":{"@id":"https:\/\/us-gc.net\/sv\/#website"},"datePublished":"2024-01-31T16:27:17+00:00","dateModified":"2024-12-30T09:41:03+00:00","description":"Hur man f\u00e5r en lyckad Green Card-intervju","breadcrumb":{"@id":"https:\/\/us-gc.net\/sv\/green-card-intervju\/#breadcrumb"},"inLanguage":"sv-SE","potentialAction":[{"@type":"ReadAction","target":["https:\/\/us-gc.net\/sv\/green-card-intervju\/"]}]},{"@type":"BreadcrumbList","@id":"https:\/\/us-gc.net\/sv\/green-card-intervju\/#breadcrumb","itemListElement":[{"@type":"ListItem","position":1,"name":"Accueil","item":"https:\/\/us-gc.net\/sv\/green-card\/"},{"@type":"ListItem","position":2,"name":"Hur du f\u00e5r ditt Green Card"}]},{"@type":"WebSite","@id":"https:\/\/us-gc.net\/sv\/#website","url":"https:\/\/us-gc.net\/sv\/","name":"USA GC","description":"","potentialAction":[{"@type":"SearchAction","target":{"@type":"EntryPoint","urlTemplate":"https:\/\/us-gc.net\/sv\/?s={search_term_string}"},"query-input":{"@type":"PropertyValueSpecification","valueRequired":true,"valueName":"search_term_string"}}],"inLanguage":"sv-SE"}]}},"_links":{"self":[{"href":"https:\/\/us-gc.net\/sv\/wp-json\/wp\/v2\/pages\/1272","targetHints":{"allow":["GET"]}}],"collection":[{"href":"https:\/\/us-gc.net\/sv\/wp-json\/wp\/v2\/pages"}],"about":[{"href":"https:\/\/us-gc.net\/sv\/wp-json\/wp\/v2\/types\/page"}],"author":[{"embeddable":true,"href":"https:\/\/us-gc.net\/sv\/wp-json\/wp\/v2\/users\/1"}],"replies":[{"embeddable":true,"href":"https:\/\/us-gc.net\/sv\/wp-json\/wp\/v2\/comments?post=1272"}],"version-history":[{"count":1,"href":"https:\/\/us-gc.net\/sv\/wp-json\/wp\/v2\/pages\/1272\/revisions"}],"predecessor-version":[{"id":7755,"href":"https:\/\/us-gc.net\/sv\/wp-json\/wp\/v2\/pages\/1272\/revisions\/7755"}],"wp:attachment":[{"href":"https:\/\/us-gc.net\/sv\/wp-json\/wp\/v2\/media?parent=1272"}],"curies":[{"name":"wp","href":"https:\/\/api.w.org\/{rel}","templated":true}]}}