{"id":1151,"date":"2024-01-31T16:36:26","date_gmt":"2024-01-31T16:36:26","guid":{"rendered":"https:\/\/green-card-usa.net\/green-card-sponsring\/"},"modified":"2024-12-30T09:46:03","modified_gmt":"2024-12-30T09:46:03","slug":"green-card-sponsring","status":"publish","type":"page","link":"https:\/\/us-gc.net\/sv\/green-card-sponsring\/","title":{"rendered":"Sponsra en Green Card-s\u00f6kande"},"content":{"rendered":"\n<h1 class=\"wp-block-heading\" id=\"h-obtenir-la-green-card-grace-au-parrainage\">F\u00e5 ditt gr\u00f6na kort genom sponsring<\/h1>\n\n<p>Genom att f\u00e5 ett amerikanskt Green Card via en sponsor kan invandrare bli permanent bosatta i USA. H\u00e4r \u00e4r de viktigaste aspekterna av Green Card-sponsring och sponsorns skyldigheter.<\/p>\n\n<h2 class=\"wp-block-heading\" id=\"h-qu-est-ce-que-le-parrainage-de-la-green-card\">Vad \u00e4r Green Card sponsring?<\/h2>\n\n<p>Green Card-sponsring inneb\u00e4r att man st\u00f6der en persons ans\u00f6kan om permanent uppeh\u00e5llstillst\u00e5nd i USA. Detta st\u00f6d kan komma fr\u00e5n en familjemedlem som redan \u00e4r amerikansk medborgare eller <a href=\"https:\/\/us-gc.net\/sv\/\">Green Card-innehavare<\/a>, eller fr\u00e5n en amerikansk arbetsgivare.<\/p>\n\n<p>Sponsorn \u00e4r en slags moralisk garant f\u00f6r Green Card-s\u00f6kanden.  <\/p>\n\n<h2 class=\"wp-block-heading\" id=\"h-parrainage-familial\">Sponsring av familjer<\/h2>\n\n<h3 class=\"wp-block-heading\" id=\"h-le-titulaire-d-une-green-card-peut-il-parrainer-ses-parents\">Kan Green Card-innehavare sponsra sina f\u00f6r\u00e4ldrar?<\/h3>\n\n<p>Nej, Green Card-innehavare kan inte sponsra sina f\u00f6r\u00e4ldrar. Endast amerikanska medborgare kan sponsra sina f\u00f6r\u00e4ldrar f\u00f6r ett Green Card som n\u00e4ra sl\u00e4ktingar.<\/p>\n\n<h3 class=\"wp-block-heading\" id=\"h-le-titulaire-d-une-green-card-peut-il-parrainer-son-conjoint\">Kan en Green Card-innehavare sponsra sin make\/maka?<\/h3>\n\n<p>Ja, innehavare av gr\u00f6nt kort kan sponsra sin make\/maka f\u00f6r permanent uppeh\u00e5llstillst\u00e5nd i USA.<\/p>\n\n<h3 class=\"wp-block-heading\" id=\"h-le-titulaire-d-une-green-card-peut-il-parrainer-ses-freres-et-soeurs\">Kan innehavare av gr\u00f6nt kort sponsra sina br\u00f6der och systrar?<\/h3>\n\n<p>Nej, innehavare av gr\u00f6nt kort kan inte sponsra sina br\u00f6der och systrar. Detta alternativ \u00e4r endast tillg\u00e4ngligt f\u00f6r amerikanska medborgare.<\/p>\n\n<h3 class=\"wp-block-heading\" id=\"h-le-titulaire-d-une-green-card-peut-il-parrainer-un-enfant-de-plus-de-21-ans\">Kan en Green Card-innehavare sponsra ett barn som \u00e4r \u00f6ver 21 \u00e5r?<\/h3>\n\n<p>Ja, Green Card-innehavare kan sponsra sina ogifta barn \u00f6ver 21 \u00e5r, men de faller inom en preferenskategori, vilket kan leda till l\u00e4ngre f\u00f6rseningar.<\/p>\n\n<h2 class=\"wp-block-heading\" id=\"h-une-entreprise-peut-elle-sponsoriser-une-green-card\">Kan ett f\u00f6retag sponsra ett Green Card?<\/h2>\n\n<p>Ja, ett f\u00f6retag kan sponsra en anst\u00e4lld f\u00f6r ett Green Card genom arbetscertifieringsprocessen eller andra anst\u00e4llningskategorier.<\/p>\n\n<h2 class=\"wp-block-heading\" id=\"h-les-etapes-pour-obtenir-une-green-card-grace-a-un-sponsor\">Steg f\u00f6r att f\u00e5 ett gr\u00f6nt kort tack vare en sponsor<\/h2>\n\n<ol class=\"wp-block-list\">\n<li><strong>Identifiera spons orn<\/strong>: Fastst\u00e4ll om du \u00e4r ber\u00e4ttigad till att bli sponsrad av en familjemedlem eller en arbetsgivare.<\/li>\n\n\n\n<li><strong>Inl\u00e4mning av formul\u00e4r I-130<\/strong> f\u00f6r familjesponsring. N\u00e4r det g\u00e4ller en sponsrande arbetsgivare m\u00e5ste en arbetscertifieringsprocess inledas.<\/li>\n\n\n\n<li><strong>V\u00e4ntan p\u00e5 godk\u00e4nnande<\/strong>: Tiden varierar beroende p\u00e5 sponsringskategori och den s\u00f6kandes nationella ursprung.<\/li>\n\n\n\n<li><strong>Justering av status eller konsul\u00e4rt f\u00f6rfarande<\/strong>: Om du redan befinner dig i USA kan du justera din status. I annat fall m\u00e5ste du g\u00e5 igenom den konsul\u00e4ra processen i ditt hemland.<\/li>\n\n\n\n<li><strong>Intervju och godk\u00e4nnande<\/strong>: Delta i en <a href=\"https:\/\/us-gc.net\/sv\/green-card-intervju\/\">Green Card-intervju<\/a> p\u00e5 konsulatet eller med <a href=\"https:\/\/www.uscis.gov\/\">USCIS-personal<\/a> f\u00f6r att validera din ans\u00f6kan.<\/li>\n<\/ol>\n\n<h2 class=\"wp-block-heading\" id=\"h-le-sponsor-peut-il-revoquer-la-green-card\">Kan sponsorn \u00e5terkalla det gr\u00f6na kortet?<\/h2>\n\n<p>N\u00e4r Green Card har beviljats kan sponsorn i allm\u00e4nhet inte \u00e5terkalla det. Det finns dock undantag, s\u00e4rskilt om det gr\u00f6na kortet har erh\u00e5llits genom bedr\u00e4geri.<\/p>\n\n<h2 class=\"wp-block-heading\" id=\"h-faut-il-un-sponsor-pour-participer-a-la-loterie\">Beh\u00f6ver jag en sponsor f\u00f6r att delta i lotteriet?<\/h2>\n\n<p>Nej, du beh\u00f6ver inte en sponsor f\u00f6r att delta i <a href=\"https:\/\/us-gc.net\/sv\/lotteri-green-card\/\">Green Card-lotteriet<\/a>. Registreringen sker helt online p\u00e5 bara n\u00e5gra minuter. F\u00f6r att s\u00e4kra ditt deltagande, klicka p\u00e5 <a href=\"https:\/\/us-gc.net\/sv\/green-card-lotteri-formular\/\">onlineformul\u00e4ret<\/a>.<\/p>\n","protected":false},"excerpt":{"rendered":"<p>F\u00e5 ditt gr\u00f6na kort genom sponsring Genom att f\u00e5 ett amerikanskt Green Card via en sponsor kan invandrare bli permanent bosatta i USA. H\u00e4r \u00e4r de viktigaste aspekterna av Green Card-sponsring och sponsorns skyldigheter. Vad \u00e4r Green Card sponsring? Green Card-sponsring inneb\u00e4r att man st\u00f6der en persons ans\u00f6kan om permanent uppeh\u00e5llstillst\u00e5nd i USA. Detta st\u00f6d [&hellip;]<\/p>\n","protected":false},"author":1,"featured_media":0,"parent":0,"menu_order":0,"comment_status":"closed","ping_status":"closed","template":"","meta":{"footnotes":""},"class_list":["post-1151","page","type-page","status-publish","hentry"],"yoast_head":"<!-- This site is optimized with the Yoast SEO plugin v27.4 - https:\/\/yoast.com\/product\/yoast-seo-wordpress\/ -->\n<title>Sponsra en Green Card-s\u00f6kande - USA GC<\/title>\n<meta name=\"description\" content=\"Green Card-innehavare kan sponsra en Green Card-s\u00f6kande under vissa omst\u00e4ndigheter\" \/>\n<meta name=\"robots\" content=\"index, follow, max-snippet:-1, max-image-preview:large, max-video-preview:-1\" \/>\n<link rel=\"canonical\" href=\"https:\/\/us-gc.net\/sv\/green-card-sponsring\/\" \/>\n<meta property=\"og:locale\" content=\"sv_SE\" \/>\n<meta property=\"og:type\" content=\"article\" \/>\n<meta property=\"og:title\" content=\"Sponsra en Green Card-s\u00f6kande - USA GC\" \/>\n<meta property=\"og:description\" content=\"Green Card-innehavare kan sponsra en Green Card-s\u00f6kande under vissa omst\u00e4ndigheter\" \/>\n<meta property=\"og:url\" content=\"https:\/\/us-gc.net\/sv\/green-card-sponsring\/\" \/>\n<meta property=\"og:site_name\" content=\"USA GC\" \/>\n<meta property=\"article:modified_time\" content=\"2024-12-30T09:46:03+00:00\" \/>\n<meta name=\"twitter:card\" content=\"summary_large_image\" \/>\n<meta name=\"twitter:label1\" content=\"Ber\u00e4knad l\u00e4stid\" \/>\n\t<meta name=\"twitter:data1\" content=\"2 minuter\" \/>\n<script type=\"application\/ld+json\" class=\"yoast-schema-graph\">{\"@context\":\"https:\\\/\\\/schema.org\",\"@graph\":[{\"@type\":\"WebPage\",\"@id\":\"https:\\\/\\\/us-gc.net\\\/sv\\\/green-card-sponsring\\\/\",\"url\":\"https:\\\/\\\/us-gc.net\\\/sv\\\/green-card-sponsring\\\/\",\"name\":\"Sponsra en Green Card-s\u00f6kande - USA GC\",\"isPartOf\":{\"@id\":\"https:\\\/\\\/us-gc.net\\\/sv\\\/#website\"},\"datePublished\":\"2024-01-31T16:36:26+00:00\",\"dateModified\":\"2024-12-30T09:46:03+00:00\",\"description\":\"Green Card-innehavare kan sponsra en Green Card-s\u00f6kande under vissa omst\u00e4ndigheter\",\"breadcrumb\":{\"@id\":\"https:\\\/\\\/us-gc.net\\\/sv\\\/green-card-sponsring\\\/#breadcrumb\"},\"inLanguage\":\"sv-SE\",\"potentialAction\":[{\"@type\":\"ReadAction\",\"target\":[\"https:\\\/\\\/us-gc.net\\\/sv\\\/green-card-sponsring\\\/\"]}]},{\"@type\":\"BreadcrumbList\",\"@id\":\"https:\\\/\\\/us-gc.net\\\/sv\\\/green-card-sponsring\\\/#breadcrumb\",\"itemListElement\":[{\"@type\":\"ListItem\",\"position\":1,\"name\":\"Accueil\",\"item\":\"https:\\\/\\\/us-gc.net\\\/sv\\\/green-card\\\/\"},{\"@type\":\"ListItem\",\"position\":2,\"name\":\"Sponsra en Green Card-s\u00f6kande\"}]},{\"@type\":\"WebSite\",\"@id\":\"https:\\\/\\\/us-gc.net\\\/sv\\\/#website\",\"url\":\"https:\\\/\\\/us-gc.net\\\/sv\\\/\",\"name\":\"USA GC\",\"description\":\"\",\"potentialAction\":[{\"@type\":\"SearchAction\",\"target\":{\"@type\":\"EntryPoint\",\"urlTemplate\":\"https:\\\/\\\/us-gc.net\\\/sv\\\/?s={search_term_string}\"},\"query-input\":{\"@type\":\"PropertyValueSpecification\",\"valueRequired\":true,\"valueName\":\"search_term_string\"}}],\"inLanguage\":\"sv-SE\"}]}<\/script>\n<!-- \/ Yoast SEO plugin. -->","yoast_head_json":{"title":"Sponsra en Green Card-s\u00f6kande - USA GC","description":"Green Card-innehavare kan sponsra en Green Card-s\u00f6kande under vissa omst\u00e4ndigheter","robots":{"index":"index","follow":"follow","max-snippet":"max-snippet:-1","max-image-preview":"max-image-preview:large","max-video-preview":"max-video-preview:-1"},"canonical":"https:\/\/us-gc.net\/sv\/green-card-sponsring\/","og_locale":"sv_SE","og_type":"article","og_title":"Sponsra en Green Card-s\u00f6kande - USA GC","og_description":"Green Card-innehavare kan sponsra en Green Card-s\u00f6kande under vissa omst\u00e4ndigheter","og_url":"https:\/\/us-gc.net\/sv\/green-card-sponsring\/","og_site_name":"USA GC","article_modified_time":"2024-12-30T09:46:03+00:00","twitter_card":"summary_large_image","twitter_misc":{"Ber\u00e4knad l\u00e4stid":"2 minuter"},"schema":{"@context":"https:\/\/schema.org","@graph":[{"@type":"WebPage","@id":"https:\/\/us-gc.net\/sv\/green-card-sponsring\/","url":"https:\/\/us-gc.net\/sv\/green-card-sponsring\/","name":"Sponsra en Green Card-s\u00f6kande - USA GC","isPartOf":{"@id":"https:\/\/us-gc.net\/sv\/#website"},"datePublished":"2024-01-31T16:36:26+00:00","dateModified":"2024-12-30T09:46:03+00:00","description":"Green Card-innehavare kan sponsra en Green Card-s\u00f6kande under vissa omst\u00e4ndigheter","breadcrumb":{"@id":"https:\/\/us-gc.net\/sv\/green-card-sponsring\/#breadcrumb"},"inLanguage":"sv-SE","potentialAction":[{"@type":"ReadAction","target":["https:\/\/us-gc.net\/sv\/green-card-sponsring\/"]}]},{"@type":"BreadcrumbList","@id":"https:\/\/us-gc.net\/sv\/green-card-sponsring\/#breadcrumb","itemListElement":[{"@type":"ListItem","position":1,"name":"Accueil","item":"https:\/\/us-gc.net\/sv\/green-card\/"},{"@type":"ListItem","position":2,"name":"Sponsra en Green Card-s\u00f6kande"}]},{"@type":"WebSite","@id":"https:\/\/us-gc.net\/sv\/#website","url":"https:\/\/us-gc.net\/sv\/","name":"USA GC","description":"","potentialAction":[{"@type":"SearchAction","target":{"@type":"EntryPoint","urlTemplate":"https:\/\/us-gc.net\/sv\/?s={search_term_string}"},"query-input":{"@type":"PropertyValueSpecification","valueRequired":true,"valueName":"search_term_string"}}],"inLanguage":"sv-SE"}]}},"_links":{"self":[{"href":"https:\/\/us-gc.net\/sv\/wp-json\/wp\/v2\/pages\/1151","targetHints":{"allow":["GET"]}}],"collection":[{"href":"https:\/\/us-gc.net\/sv\/wp-json\/wp\/v2\/pages"}],"about":[{"href":"https:\/\/us-gc.net\/sv\/wp-json\/wp\/v2\/types\/page"}],"author":[{"embeddable":true,"href":"https:\/\/us-gc.net\/sv\/wp-json\/wp\/v2\/users\/1"}],"replies":[{"embeddable":true,"href":"https:\/\/us-gc.net\/sv\/wp-json\/wp\/v2\/comments?post=1151"}],"version-history":[{"count":1,"href":"https:\/\/us-gc.net\/sv\/wp-json\/wp\/v2\/pages\/1151\/revisions"}],"predecessor-version":[{"id":7999,"href":"https:\/\/us-gc.net\/sv\/wp-json\/wp\/v2\/pages\/1151\/revisions\/7999"}],"wp:attachment":[{"href":"https:\/\/us-gc.net\/sv\/wp-json\/wp\/v2\/media?parent=1151"}],"curies":[{"name":"wp","href":"https:\/\/api.w.org\/{rel}","templated":true}]}}