{"id":1133,"date":"2024-02-04T15:55:27","date_gmt":"2024-02-04T15:55:27","guid":{"rendered":"https:\/\/green-card-usa.net\/lotteri-green-card-2026\/"},"modified":"2025-03-31T10:09:30","modified_gmt":"2025-03-31T10:09:30","slug":"lotteri-green-card-2026","status":"publish","type":"page","link":"https:\/\/us-gc.net\/sv\/lotteri-green-card-2026\/","title":{"rendered":"Green Card lotteri 2026"},"content":{"rendered":"\n<h1 class=\"wp-block-heading\" id=\"h-la-loterie-de-la-green-card-2026\">Green Card-lotteriet 2026<\/h1>\n\n<p>Varje \u00e5r erbjuder USA mer \u00e4n 50 000 utl\u00e4ndska medborgare m\u00f6jligheten att f\u00e5 ett Green Card genom lottdragning. Detta lotteri \u00e4r en del av det amerikanska Diversity Visa Program. Detta program inr\u00e4ttades f\u00f6r att hantera invandringen till F\u00f6renta staterna.<\/p>\n\n<h2 class=\"wp-block-heading\" id=\"h-qu-est-ce-que-la-loterie-de-la-green-card-2026\">Vad \u00e4r Green Card 2026-lotteriet?<\/h2>\n\n<p>Varje kampanj i Green Card-dragningen b\u00e4r numret p\u00e5 det \u00e5r d\u00e5 kandidaterna \u00e4ntligen kommer att vara innehavare av ett <a href=\"https:\/\/us-gc.net\/sv\/\">amerikanskt Green Card<\/a>. S\u00e5 2026 Green Card-lotteriet g\u00e4ller kvoten av Green Card som kommer att utf\u00e4rdas i 2026. Den amerikanska administrationen kallar denna marknadsf\u00f6ring av nya visum som h\u00e4rr\u00f6r fr\u00e5n m\u00e5ngfaldsprogrammet DV-2026 f\u00f6r Diversity-Program 2026.<\/p>\n\n<h2 class=\"wp-block-heading\" id=\"h-quand-se-deroule-le-tirage-au-sort-du-quota-de-green-card-2026\">N\u00e4r sker dragningen f\u00f6r Green Card 2026-kvoten?<\/h2>\n\n<p>Det finns flera steg i processen f\u00f6r att f\u00e5 ett Green Card genom lotteriet. Det f\u00f6rsta steget \u00e4r lottningen. <\/p>\n\n<p><strong>DV2026-kandidater var tvungna att registrera sig fr\u00e5n och med den 2 oktober 2024<\/strong> f\u00f6r att delta i dragningen, som \u00e4ger rum varje \u00e5r i b\u00f6rjan av november. Online-registreringen f\u00f6r DV2026-dragningen st\u00e4ngde den 5 november 2024. <\/p>\n\n<h2 class=\"wp-block-heading\" id=\"h-quand-sont-publies-les-resultats-du-tirage-au-sort-du-dv-2026\">N\u00e4r offentligg\u00f6rs resultatet av dragningen DV-2026?<\/h2>\n\n<p><a href=\"https:\/\/us-gc.net\/sv\/resultat-lotteriet-green-card\/\">Resultaten av Green Card-dragningen<\/a> publiceras ungef\u00e4r 6 m\u00e5nader efter slutet av ans\u00f6kningarna: Resultaten av DV2026-dragningen publiceras fr\u00e5n maj 2025.<\/p>\n\n<h2 class=\"wp-block-heading\" id=\"h-quel-sont-les-etapes-suivantes-pour-les-gagnants-de-la-loterie\">Vad \u00e4r n\u00e4sta steg f\u00f6r lotterivinnare?<\/h2>\n\n<p>Vinnarna m\u00e5ste sedan ans\u00f6ka om ett Diversity-visum. De viktigaste stegen f\u00f6r att f\u00e5 ett Green Card \u00e4r :<\/p>\n\n<ul class=\"wp-block-list\">\n<li>Fyll i <a href=\"https:\/\/travel.state.gov\/content\/travel\/en\/us-visas\/visa-information-resources\/forms\/online-immigrant-visa-forms\/ds-260-faqs.html\">ans\u00f6kningsblanketten DS-260<\/a>.<\/li>\n\n\n\n<li>Betalning av de <a href=\"https:\/\/us-gc.net\/sv\/pris-green-card\/\">avgifter som kr\u00e4vs f\u00f6r att erh\u00e5lla det Green Card<\/a> som en del av denna obligatoriska viseringsans\u00f6kan;<\/li>\n\n\n\n<li>G\u00f6r din <a href=\"https:\/\/us-gc.net\/sv\/green-card-intervju\/\">Green Card-intervju<\/a> med en USCIS-tj\u00e4nsteman som deltar i Diversity Visa Program.<\/li>\n<\/ul>\n\n<div style=\"height:10px\" aria-hidden=\"true\" class=\"wp-block-spacer\"><\/div>\n\n<p>Det <a href=\"https:\/\/us-gc.net\/sv\/skillnad-green-card-och-visum\/\">Green Card och visumet \u00e4r olika dokument<\/a>. Att f\u00e5 ett Diversity Visa \u00e4r ett av stegen f\u00f6r att f\u00e5 ett Green Card.<\/p>\n\n<p><\/p>\n\n<p><\/p>\n","protected":false},"excerpt":{"rendered":"<p>Green Card-lotteriet 2026 Varje \u00e5r erbjuder USA mer \u00e4n 50 000 utl\u00e4ndska medborgare m\u00f6jligheten att f\u00e5 ett Green Card genom lottdragning. Detta lotteri \u00e4r en del av det amerikanska Diversity Visa Program. Detta program inr\u00e4ttades f\u00f6r att hantera invandringen till F\u00f6renta staterna. Vad \u00e4r Green Card 2026-lotteriet? Varje kampanj i Green Card-dragningen b\u00e4r numret p\u00e5 [&hellip;]<\/p>\n","protected":false},"author":1,"featured_media":0,"parent":0,"menu_order":0,"comment_status":"closed","ping_status":"closed","template":"","meta":{"footnotes":""},"class_list":["post-1133","page","type-page","status-publish","hentry"],"yoast_head":"<!-- This site is optimized with the Yoast SEO plugin v27.4 - https:\/\/yoast.com\/product\/yoast-seo-wordpress\/ -->\n<title>Green Card lotteri 2026 - USA GC<\/title>\n<meta name=\"description\" content=\"H\u00e4r \u00e4r all information om programmet f\u00f6r att f\u00e5 ett gr\u00f6nt kort genom lotteri i 2026 i USA\" \/>\n<meta name=\"robots\" content=\"index, follow, max-snippet:-1, max-image-preview:large, max-video-preview:-1\" \/>\n<link rel=\"canonical\" href=\"https:\/\/us-gc.net\/sv\/lotteri-green-card-2026\/\" \/>\n<meta property=\"og:locale\" content=\"sv_SE\" \/>\n<meta property=\"og:type\" content=\"article\" \/>\n<meta property=\"og:title\" content=\"Green Card lotteri 2026 - USA GC\" \/>\n<meta property=\"og:description\" content=\"H\u00e4r \u00e4r all information om programmet f\u00f6r att f\u00e5 ett gr\u00f6nt kort genom lotteri i 2026 i USA\" \/>\n<meta property=\"og:url\" content=\"https:\/\/us-gc.net\/sv\/lotteri-green-card-2026\/\" \/>\n<meta property=\"og:site_name\" content=\"USA GC\" \/>\n<meta property=\"article:modified_time\" content=\"2025-03-31T10:09:30+00:00\" \/>\n<meta name=\"twitter:card\" content=\"summary_large_image\" \/>\n<meta name=\"twitter:label1\" content=\"Ber\u00e4knad l\u00e4stid\" \/>\n\t<meta name=\"twitter:data1\" content=\"2 minuter\" \/>\n<script type=\"application\/ld+json\" class=\"yoast-schema-graph\">{\"@context\":\"https:\\\/\\\/schema.org\",\"@graph\":[{\"@type\":\"WebPage\",\"@id\":\"https:\\\/\\\/us-gc.net\\\/sv\\\/lotteri-green-card-2026\\\/\",\"url\":\"https:\\\/\\\/us-gc.net\\\/sv\\\/lotteri-green-card-2026\\\/\",\"name\":\"Green Card lotteri 2026 - USA GC\",\"isPartOf\":{\"@id\":\"https:\\\/\\\/us-gc.net\\\/sv\\\/#website\"},\"datePublished\":\"2024-02-04T15:55:27+00:00\",\"dateModified\":\"2025-03-31T10:09:30+00:00\",\"description\":\"H\u00e4r \u00e4r all information om programmet f\u00f6r att f\u00e5 ett gr\u00f6nt kort genom lotteri i 2026 i USA\",\"breadcrumb\":{\"@id\":\"https:\\\/\\\/us-gc.net\\\/sv\\\/lotteri-green-card-2026\\\/#breadcrumb\"},\"inLanguage\":\"sv-SE\",\"potentialAction\":[{\"@type\":\"ReadAction\",\"target\":[\"https:\\\/\\\/us-gc.net\\\/sv\\\/lotteri-green-card-2026\\\/\"]}]},{\"@type\":\"BreadcrumbList\",\"@id\":\"https:\\\/\\\/us-gc.net\\\/sv\\\/lotteri-green-card-2026\\\/#breadcrumb\",\"itemListElement\":[{\"@type\":\"ListItem\",\"position\":1,\"name\":\"Accueil\",\"item\":\"https:\\\/\\\/us-gc.net\\\/sv\\\/green-card\\\/\"},{\"@type\":\"ListItem\",\"position\":2,\"name\":\"Green Card lotteri 2026\"}]},{\"@type\":\"WebSite\",\"@id\":\"https:\\\/\\\/us-gc.net\\\/sv\\\/#website\",\"url\":\"https:\\\/\\\/us-gc.net\\\/sv\\\/\",\"name\":\"USA GC\",\"description\":\"\",\"potentialAction\":[{\"@type\":\"SearchAction\",\"target\":{\"@type\":\"EntryPoint\",\"urlTemplate\":\"https:\\\/\\\/us-gc.net\\\/sv\\\/?s={search_term_string}\"},\"query-input\":{\"@type\":\"PropertyValueSpecification\",\"valueRequired\":true,\"valueName\":\"search_term_string\"}}],\"inLanguage\":\"sv-SE\"}]}<\/script>\n<!-- \/ Yoast SEO plugin. -->","yoast_head_json":{"title":"Green Card lotteri 2026 - USA GC","description":"H\u00e4r \u00e4r all information om programmet f\u00f6r att f\u00e5 ett gr\u00f6nt kort genom lotteri i 2026 i USA","robots":{"index":"index","follow":"follow","max-snippet":"max-snippet:-1","max-image-preview":"max-image-preview:large","max-video-preview":"max-video-preview:-1"},"canonical":"https:\/\/us-gc.net\/sv\/lotteri-green-card-2026\/","og_locale":"sv_SE","og_type":"article","og_title":"Green Card lotteri 2026 - USA GC","og_description":"H\u00e4r \u00e4r all information om programmet f\u00f6r att f\u00e5 ett gr\u00f6nt kort genom lotteri i 2026 i USA","og_url":"https:\/\/us-gc.net\/sv\/lotteri-green-card-2026\/","og_site_name":"USA GC","article_modified_time":"2025-03-31T10:09:30+00:00","twitter_card":"summary_large_image","twitter_misc":{"Ber\u00e4knad l\u00e4stid":"2 minuter"},"schema":{"@context":"https:\/\/schema.org","@graph":[{"@type":"WebPage","@id":"https:\/\/us-gc.net\/sv\/lotteri-green-card-2026\/","url":"https:\/\/us-gc.net\/sv\/lotteri-green-card-2026\/","name":"Green Card lotteri 2026 - USA GC","isPartOf":{"@id":"https:\/\/us-gc.net\/sv\/#website"},"datePublished":"2024-02-04T15:55:27+00:00","dateModified":"2025-03-31T10:09:30+00:00","description":"H\u00e4r \u00e4r all information om programmet f\u00f6r att f\u00e5 ett gr\u00f6nt kort genom lotteri i 2026 i USA","breadcrumb":{"@id":"https:\/\/us-gc.net\/sv\/lotteri-green-card-2026\/#breadcrumb"},"inLanguage":"sv-SE","potentialAction":[{"@type":"ReadAction","target":["https:\/\/us-gc.net\/sv\/lotteri-green-card-2026\/"]}]},{"@type":"BreadcrumbList","@id":"https:\/\/us-gc.net\/sv\/lotteri-green-card-2026\/#breadcrumb","itemListElement":[{"@type":"ListItem","position":1,"name":"Accueil","item":"https:\/\/us-gc.net\/sv\/green-card\/"},{"@type":"ListItem","position":2,"name":"Green Card lotteri 2026"}]},{"@type":"WebSite","@id":"https:\/\/us-gc.net\/sv\/#website","url":"https:\/\/us-gc.net\/sv\/","name":"USA GC","description":"","potentialAction":[{"@type":"SearchAction","target":{"@type":"EntryPoint","urlTemplate":"https:\/\/us-gc.net\/sv\/?s={search_term_string}"},"query-input":{"@type":"PropertyValueSpecification","valueRequired":true,"valueName":"search_term_string"}}],"inLanguage":"sv-SE"}]}},"_links":{"self":[{"href":"https:\/\/us-gc.net\/sv\/wp-json\/wp\/v2\/pages\/1133","targetHints":{"allow":["GET"]}}],"collection":[{"href":"https:\/\/us-gc.net\/sv\/wp-json\/wp\/v2\/pages"}],"about":[{"href":"https:\/\/us-gc.net\/sv\/wp-json\/wp\/v2\/types\/page"}],"author":[{"embeddable":true,"href":"https:\/\/us-gc.net\/sv\/wp-json\/wp\/v2\/users\/1"}],"replies":[{"embeddable":true,"href":"https:\/\/us-gc.net\/sv\/wp-json\/wp\/v2\/comments?post=1133"}],"version-history":[{"count":3,"href":"https:\/\/us-gc.net\/sv\/wp-json\/wp\/v2\/pages\/1133\/revisions"}],"predecessor-version":[{"id":10132,"href":"https:\/\/us-gc.net\/sv\/wp-json\/wp\/v2\/pages\/1133\/revisions\/10132"}],"wp:attachment":[{"href":"https:\/\/us-gc.net\/sv\/wp-json\/wp\/v2\/media?parent=1133"}],"curies":[{"name":"wp","href":"https:\/\/api.w.org\/{rel}","templated":true}]}}