{"id":1110,"date":"2024-01-31T15:53:04","date_gmt":"2024-01-31T15:53:04","guid":{"rendered":"https:\/\/green-card-usa.net\/amerikanskt-lotteri-gront-kort\/"},"modified":"2024-12-30T09:46:12","modified_gmt":"2024-12-30T09:46:12","slug":"amerikanskt-lotteri-gront-kort","status":"publish","type":"page","link":"https:\/\/us-gc.net\/sv\/amerikanskt-lotteri-gront-kort\/","title":{"rendered":"Delta i det amerikanska Gr\u00f6nt Kort-lotteriet"},"content":{"rendered":"\n<h1 class=\"wp-block-heading\" id=\"h-la-carte-verte-permet-de-vivre-aux-etats-unis\">Det gr\u00f6na kortet ger dig r\u00e4tt att bo i USA<\/h1>\n\n<p>Varje \u00e5r f\u00f6rs\u00f6ker tusentals medborgare fr\u00e5n hela v\u00e4rlden f\u00e5 ett amerikanskt Gr\u00f6nt Kort s\u00e5 att de kan bo i USA.<\/p>\n\n<h2 class=\"wp-block-heading\" id=\"h-qu-est-ce-que-la-carte-verte\">Vad \u00e4r det gr\u00f6na kortet?<\/h2>\n\n<p>Gr\u00f6nt Kort \u00e4r ett amerikanskt kort som ger innehavaren r\u00e4tt att bli permanent bosatt i USA. Det g\u00f6r det m\u00f6jligt f\u00f6r utl\u00e4nningar att arbeta lagligt i USA. Detta uppeh\u00e5llstillst\u00e5nd \u00e4r k\u00e4nt \u00f6ver hela v\u00e4rlden som det amerikanska gr\u00f6na kortet eftersom det \u00e4r ett gr\u00f6nt kort.<\/p>\n\n<h2 class=\"wp-block-heading\" id=\"h-comment-obtenir-une-carte-verte\">Hur f\u00e5r jag ett gr\u00f6nt kort?<\/h2>\n\n<p>Det finns flera s\u00e4tt att f\u00e5 ett Gr\u00f6nt Kort i USA. Utl\u00e4ndska Gr\u00f6nt Kort-ans\u00f6kare kan ans\u00f6ka av f\u00f6ljande sk\u00e4l:<\/p>\n\n<ul class=\"wp-block-list\">\n<li><a href=\"https:\/\/us-gc.net\/sv\/green-card-genom-aktenskap\/\">Gr\u00f6nt Kort genom \u00e4ktenskap<\/a> med en amerikansk Gr\u00f6nt Kort-innehavare;<\/li>\n\n\n\n<li>Erh\u00e5lla ett <a href=\"https:\/\/us-gc.net\/sv\/green-card-for-sysselsattning\/\">Gr\u00f6nt Kort genom anst\u00e4llning<\/a>;<\/li>\n\n\n\n<li>Erh\u00e5lla ett <a href=\"https:\/\/us-gc.net\/sv\/green-card-sponsring\/\">Gr\u00f6nt Kort tack vare en familj eller f\u00f6retagssponsor<\/a>;<\/li>\n<\/ul>\n\n<div style=\"height:10px\" aria-hidden=\"true\" class=\"wp-block-spacer\"><\/div>\n\n<p>Det finns andra s\u00e4tt att f\u00e5 ett Gr\u00f6nt Kort. Det mest eftertraktade s\u00e4ttet att f\u00e5 ett Gr\u00f6nt Kort \u00f6ver hela v\u00e4rlden \u00e4r genom det amerikanska lotteriet. <strong>Du kan delta i detta \u00e5rliga lotteri genom att registrera dig online<\/strong> p\u00e5 bara n\u00e5gra minuter genom att klicka p\u00e5 <a href=\"https:\/\/us-gc.net\/sv\/green-card-lotteri-formular\/\">onlineformul\u00e4ret<\/a>.<\/p>\n\n<div style=\"height:10px\" aria-hidden=\"true\" class=\"wp-block-spacer\"><\/div>\n\n<h2 class=\"wp-block-heading\" id=\"h-qu-est-ce-que-la-loterie-americaine-de-la-carte-verte\">Vad \u00e4r det amerikanska Gr\u00f6nt Kort-lotteriet?<\/h2>\n\n<p>F\u00f6renta staterna har inr\u00e4ttat Diversity Visa Program f\u00f6r att hantera sin utl\u00e4ndska invandring. Detta \u00e4r ett \u00e5rligt lotteri d\u00e4r flera miljoner utl\u00e4nningar deltar varje \u00e5r f\u00f6r att f\u00e5 ett av de 50 000 gr\u00f6na kort som erbjuds genom lottdragning.<\/p>\n\n<h2 class=\"wp-block-heading\" id=\"h-quand-se-deroule-le-tirage-de-la-loterie-carte-verte\">N\u00e4r sker dragningen av Gr\u00f6nt Kort-lotteriet?<\/h2>\n\n<p>Gr\u00f6nt Kort-lotteriet h\u00e5lls en g\u00e5ng om \u00e5ret. Den \u00e4ger rum i slutet av \u00e5ret i november. Lottdragningarna betecknas d\u00e4rf\u00f6r efter deras \u00e5r: det finns <a href=\"https:\/\/us-gc.net\/sv\/green-card-lotteri-2024\/\">Gr\u00f6nt Kort Lottery 2024<\/a>, <a href=\"https:\/\/us-gc.net\/sv\/lotteri-green-card-2025\/\">Gr\u00f6nt Kort Lottery 2025<\/a> och <a href=\"https:\/\/us-gc.net\/sv\/lotteri-green-card-2026\/\">Gr\u00f6nt Kort Lottery 2026<\/a>. Kandidater m\u00e5ste registrera sig innan registreringstiden g\u00e5r ut f\u00f6r att delta i utlottningen. <a href=\"https:\/\/us-gc.net\/sv\/resultat-lotteriet-green-card\/\">Resultaten av Gr\u00f6nt Kort-lotteriet<\/a> publiceras sedan direkt p\u00e5 webben.<\/p>\n\n<h2 class=\"wp-block-heading\" id=\"h-comment-s-inscrire-a-la-loterie\">Hur deltar jag i lotteriet?<\/h2>\n\n<p>S\u00f6kande m\u00e5ste f\u00f6rst kontrollera att de \u00e4r ber\u00e4ttigade att delta i lotteriet. Varje \u00e5r publicerar den amerikanska regeringen en lista \u00f6ver <a href=\"https:\/\/us-gc.net\/sv\/icke-deltagande-lander-green-card-lotteri\/\">l\u00e4nder som inte f\u00e5r delta i Gr\u00f6nt Kort-lotteriet<\/a>.<\/p>\n\n<p>S\u00f6kande till Gr\u00f6nt Kort-lotteriet m\u00e5ste registrera sig direkt online. de m\u00e5ste fylla i <a href=\"https:\/\/us-gc.net\/sv\/green-card-lotteri-formular\/\">ett onlineformul\u00e4r<\/a> f\u00f6r att registrera sig f\u00f6r lotteriet.<\/p>\n","protected":false},"excerpt":{"rendered":"<p>Det gr\u00f6na kortet ger dig r\u00e4tt att bo i USA Varje \u00e5r f\u00f6rs\u00f6ker tusentals medborgare fr\u00e5n hela v\u00e4rlden f\u00e5 ett amerikanskt Gr\u00f6nt Kort s\u00e5 att de kan bo i USA. Vad \u00e4r det gr\u00f6na kortet? Gr\u00f6nt Kort \u00e4r ett amerikanskt kort som ger innehavaren r\u00e4tt att bli permanent bosatt i USA. Det g\u00f6r det m\u00f6jligt [&hellip;]<\/p>\n","protected":false},"author":1,"featured_media":0,"parent":0,"menu_order":0,"comment_status":"closed","ping_status":"closed","template":"","meta":{"footnotes":""},"class_list":["post-1110","page","type-page","status-publish","hentry"],"yoast_head":"<!-- This site is optimized with the Yoast SEO plugin v27.4 - https:\/\/yoast.com\/product\/yoast-seo-wordpress\/ -->\n<title>Delta i det amerikanska Gr\u00f6nt Kort-lotteriet - USA GC<\/title>\n<meta name=\"description\" content=\"Delta i det amerikanska lotteriet f\u00f6r att vinna ett Gr\u00f6nt Kort. Detta \u00e4r det permanenta uppeh\u00e5llskortet f\u00f6r boende i USA.\" \/>\n<meta name=\"robots\" content=\"index, follow, max-snippet:-1, max-image-preview:large, max-video-preview:-1\" \/>\n<link rel=\"canonical\" href=\"https:\/\/us-gc.net\/sv\/amerikanskt-lotteri-gront-kort\/\" \/>\n<meta property=\"og:locale\" content=\"sv_SE\" \/>\n<meta property=\"og:type\" content=\"article\" \/>\n<meta property=\"og:title\" content=\"Delta i det amerikanska Gr\u00f6nt Kort-lotteriet - USA GC\" \/>\n<meta property=\"og:description\" content=\"Delta i det amerikanska lotteriet f\u00f6r att vinna ett Gr\u00f6nt Kort. Detta \u00e4r det permanenta uppeh\u00e5llskortet f\u00f6r boende i USA.\" \/>\n<meta property=\"og:url\" content=\"https:\/\/us-gc.net\/sv\/amerikanskt-lotteri-gront-kort\/\" \/>\n<meta property=\"og:site_name\" content=\"USA GC\" \/>\n<meta property=\"article:modified_time\" content=\"2024-12-30T09:46:12+00:00\" \/>\n<meta name=\"twitter:card\" content=\"summary_large_image\" \/>\n<meta name=\"twitter:label1\" content=\"Ber\u00e4knad l\u00e4stid\" \/>\n\t<meta name=\"twitter:data1\" content=\"2 minuter\" \/>\n<script type=\"application\/ld+json\" class=\"yoast-schema-graph\">{\"@context\":\"https:\\\/\\\/schema.org\",\"@graph\":[{\"@type\":\"WebPage\",\"@id\":\"https:\\\/\\\/us-gc.net\\\/sv\\\/amerikanskt-lotteri-gront-kort\\\/\",\"url\":\"https:\\\/\\\/us-gc.net\\\/sv\\\/amerikanskt-lotteri-gront-kort\\\/\",\"name\":\"Delta i det amerikanska Gr\u00f6nt Kort-lotteriet - USA GC\",\"isPartOf\":{\"@id\":\"https:\\\/\\\/us-gc.net\\\/sv\\\/#website\"},\"datePublished\":\"2024-01-31T15:53:04+00:00\",\"dateModified\":\"2024-12-30T09:46:12+00:00\",\"description\":\"Delta i det amerikanska lotteriet f\u00f6r att vinna ett Gr\u00f6nt Kort. Detta \u00e4r det permanenta uppeh\u00e5llskortet f\u00f6r boende i USA.\",\"breadcrumb\":{\"@id\":\"https:\\\/\\\/us-gc.net\\\/sv\\\/amerikanskt-lotteri-gront-kort\\\/#breadcrumb\"},\"inLanguage\":\"sv-SE\",\"potentialAction\":[{\"@type\":\"ReadAction\",\"target\":[\"https:\\\/\\\/us-gc.net\\\/sv\\\/amerikanskt-lotteri-gront-kort\\\/\"]}]},{\"@type\":\"BreadcrumbList\",\"@id\":\"https:\\\/\\\/us-gc.net\\\/sv\\\/amerikanskt-lotteri-gront-kort\\\/#breadcrumb\",\"itemListElement\":[{\"@type\":\"ListItem\",\"position\":1,\"name\":\"Accueil\",\"item\":\"https:\\\/\\\/us-gc.net\\\/sv\\\/green-card\\\/\"},{\"@type\":\"ListItem\",\"position\":2,\"name\":\"Delta i det amerikanska Gr\u00f6nt Kort-lotteriet\"}]},{\"@type\":\"WebSite\",\"@id\":\"https:\\\/\\\/us-gc.net\\\/sv\\\/#website\",\"url\":\"https:\\\/\\\/us-gc.net\\\/sv\\\/\",\"name\":\"USA GC\",\"description\":\"\",\"potentialAction\":[{\"@type\":\"SearchAction\",\"target\":{\"@type\":\"EntryPoint\",\"urlTemplate\":\"https:\\\/\\\/us-gc.net\\\/sv\\\/?s={search_term_string}\"},\"query-input\":{\"@type\":\"PropertyValueSpecification\",\"valueRequired\":true,\"valueName\":\"search_term_string\"}}],\"inLanguage\":\"sv-SE\"}]}<\/script>\n<!-- \/ Yoast SEO plugin. -->","yoast_head_json":{"title":"Delta i det amerikanska Gr\u00f6nt Kort-lotteriet - USA GC","description":"Delta i det amerikanska lotteriet f\u00f6r att vinna ett Gr\u00f6nt Kort. Detta \u00e4r det permanenta uppeh\u00e5llskortet f\u00f6r boende i USA.","robots":{"index":"index","follow":"follow","max-snippet":"max-snippet:-1","max-image-preview":"max-image-preview:large","max-video-preview":"max-video-preview:-1"},"canonical":"https:\/\/us-gc.net\/sv\/amerikanskt-lotteri-gront-kort\/","og_locale":"sv_SE","og_type":"article","og_title":"Delta i det amerikanska Gr\u00f6nt Kort-lotteriet - USA GC","og_description":"Delta i det amerikanska lotteriet f\u00f6r att vinna ett Gr\u00f6nt Kort. Detta \u00e4r det permanenta uppeh\u00e5llskortet f\u00f6r boende i USA.","og_url":"https:\/\/us-gc.net\/sv\/amerikanskt-lotteri-gront-kort\/","og_site_name":"USA GC","article_modified_time":"2024-12-30T09:46:12+00:00","twitter_card":"summary_large_image","twitter_misc":{"Ber\u00e4knad l\u00e4stid":"2 minuter"},"schema":{"@context":"https:\/\/schema.org","@graph":[{"@type":"WebPage","@id":"https:\/\/us-gc.net\/sv\/amerikanskt-lotteri-gront-kort\/","url":"https:\/\/us-gc.net\/sv\/amerikanskt-lotteri-gront-kort\/","name":"Delta i det amerikanska Gr\u00f6nt Kort-lotteriet - USA GC","isPartOf":{"@id":"https:\/\/us-gc.net\/sv\/#website"},"datePublished":"2024-01-31T15:53:04+00:00","dateModified":"2024-12-30T09:46:12+00:00","description":"Delta i det amerikanska lotteriet f\u00f6r att vinna ett Gr\u00f6nt Kort. Detta \u00e4r det permanenta uppeh\u00e5llskortet f\u00f6r boende i USA.","breadcrumb":{"@id":"https:\/\/us-gc.net\/sv\/amerikanskt-lotteri-gront-kort\/#breadcrumb"},"inLanguage":"sv-SE","potentialAction":[{"@type":"ReadAction","target":["https:\/\/us-gc.net\/sv\/amerikanskt-lotteri-gront-kort\/"]}]},{"@type":"BreadcrumbList","@id":"https:\/\/us-gc.net\/sv\/amerikanskt-lotteri-gront-kort\/#breadcrumb","itemListElement":[{"@type":"ListItem","position":1,"name":"Accueil","item":"https:\/\/us-gc.net\/sv\/green-card\/"},{"@type":"ListItem","position":2,"name":"Delta i det amerikanska Gr\u00f6nt Kort-lotteriet"}]},{"@type":"WebSite","@id":"https:\/\/us-gc.net\/sv\/#website","url":"https:\/\/us-gc.net\/sv\/","name":"USA GC","description":"","potentialAction":[{"@type":"SearchAction","target":{"@type":"EntryPoint","urlTemplate":"https:\/\/us-gc.net\/sv\/?s={search_term_string}"},"query-input":{"@type":"PropertyValueSpecification","valueRequired":true,"valueName":"search_term_string"}}],"inLanguage":"sv-SE"}]}},"_links":{"self":[{"href":"https:\/\/us-gc.net\/sv\/wp-json\/wp\/v2\/pages\/1110","targetHints":{"allow":["GET"]}}],"collection":[{"href":"https:\/\/us-gc.net\/sv\/wp-json\/wp\/v2\/pages"}],"about":[{"href":"https:\/\/us-gc.net\/sv\/wp-json\/wp\/v2\/types\/page"}],"author":[{"embeddable":true,"href":"https:\/\/us-gc.net\/sv\/wp-json\/wp\/v2\/users\/1"}],"replies":[{"embeddable":true,"href":"https:\/\/us-gc.net\/sv\/wp-json\/wp\/v2\/comments?post=1110"}],"version-history":[{"count":1,"href":"https:\/\/us-gc.net\/sv\/wp-json\/wp\/v2\/pages\/1110\/revisions"}],"predecessor-version":[{"id":8021,"href":"https:\/\/us-gc.net\/sv\/wp-json\/wp\/v2\/pages\/1110\/revisions\/8021"}],"wp:attachment":[{"href":"https:\/\/us-gc.net\/sv\/wp-json\/wp\/v2\/media?parent=1110"}],"curies":[{"name":"wp","href":"https:\/\/api.w.org\/{rel}","templated":true}]}}