{"id":1075,"date":"2024-01-31T16:02:41","date_gmt":"2024-01-31T16:02:41","guid":{"rendered":"https:\/\/green-card-usa.net\/lotteri-green-card-2025\/"},"modified":"2024-12-30T09:45:45","modified_gmt":"2024-12-30T09:45:45","slug":"lotteri-green-card-2025","status":"publish","type":"page","link":"https:\/\/us-gc.net\/sv\/lotteri-green-card-2025\/","title":{"rendered":"Green Card 2025 lotteri"},"content":{"rendered":"\n<h1 class=\"wp-block-heading\" id=\"h-loterie-de-la-green-card-en-2025\">Green Card-lotteri i 2025<\/h1>\n\n<p>Dragningen i Green Card-lotteriet sker bara en g\u00e5ng per \u00e5r. S\u00e5 varje \u00e5r finns det ett nytt parti lotterivinnare, namngiven efter det \u00e5r d\u00e5 de fick sitt gr\u00f6na kort.<\/p>\n\n<h2 class=\"wp-block-heading\" id=\"h-qu-est-ce-que-la-loterie-2025-de-la-green-card\">Vad \u00e4r Green Card 2025-lotteriet?<\/h2>\n\n<p>Green Card-lotteriet 2025 g\u00e4ller kvoten f\u00f6r gr\u00f6na kort som ska utf\u00e4rdas 2025. Dragningen f\u00f6r 2025-lotteriet kommer att \u00e4ga rum i oktober 2023. Mer \u00e4n 50.000 utl\u00e4ndska medborgare valdes ut i detta lotteri som vinnare av r\u00e4tten att f\u00e5 ett gr\u00f6nt kort enligt det amerikanska <a href=\"https:\/\/us-gc.net\/sv\/mangfald-visa-program\/\">programmet f\u00f6r m\u00e5ngfaldsvisum<\/a>.  <\/p>\n\n<h2 class=\"wp-block-heading\" id=\"h-quand-se-deroule-la-loterie-de-la-green-card-en-2025\">N\u00e4r \u00e4ger Green Card-lotteriet rum 2025?<\/h2>\n\n<p>Anm\u00e4lan till dragningen, som kommer att \u00e4ga rum 2025, \u00f6ppnar i oktober 2025.<\/p>\n\n<h2 class=\"wp-block-heading\" id=\"h-quelles-sont-les-resultats-de-la-loterie-de-la-green-card-2025\">Vilka \u00e4r resultaten av Green Card 2025-lotteriet?<\/h2>\n\n<p><a href=\"https:\/\/us-gc.net\/sv\/resultat-lotteriet-green-card\/\">Resultatet av Green Card-dragningen<\/a> kommer att publiceras cirka 6 m\u00e5nader efter dragningen, som \u00e4ger rum i november. Resultatet av den lottdragning som \u00e4ger rum 2025 kommer att publiceras online fr\u00e5n maj 2026.<\/p>\n\n<p>Resultaten av dragningen av Diversity Visa 2025 som h\u00f6lls i november 2023 har varit tillg\u00e4ngliga sedan 4 maj 2024 p\u00e5 onlinesidan: <a href=\"https:\/\/dvprogram.state.gov\/ESC\/\">dvprogram.state.gov<\/a>.<\/p>\n\n<h2 class=\"wp-block-heading\" id=\"h-comment-s-inscrire-a-la-loterie-de-la-green-card-2025\">Hur deltar jag i Green Card 2025-lotteriet?<\/h2>\n\n<p>Registreringen f\u00f6r <a href=\"https:\/\/us-gc.net\/sv\/amerikanskt-lotteri-gront-kort\/\">Green Card USA-lotteriet<\/a> \u00e4r helt online. <strong>Delta i detta \u00e5rliga lotteri genom att registrera dig online<\/strong> p\u00e5 bara n\u00e5gra minuter genom att klicka p\u00e5 <a href=\"https:\/\/us-gc.net\/sv\/green-card-lotteri-formular\/\">onlineformul\u00e4ret<\/a>. Processen tar bara n\u00e5gra minuter.<\/p>\n\n<h2 class=\"wp-block-heading\" id=\"h-quel-sont-les-etapes-suivantes-pour-les-gagnants-de-la-loterie\">Vad \u00e4r n\u00e4sta steg f\u00f6r lotterivinnare?<\/h2>\n\n<p>Lotterivinnare m\u00e5ste sedan f\u00e5 ett m\u00e5ngfaldsvisum. N\u00e4sta steg i f\u00f6rfarandet \u00e4r :<\/p>\n\n<ul class=\"wp-block-list\">\n<li>Fyll i <a href=\"https:\/\/travel.state.gov\/content\/travel\/en\/us-visas\/visa-information-resources\/forms\/online-immigrant-visa-forms\/ds-260-faqs.html\">ans\u00f6kningsblanketten DS-260<\/a>.<\/li>\n\n\n\n<li>Betalning av de <a href=\"https:\/\/us-gc.net\/sv\/pris-green-card\/\">avgifter som kr\u00e4vs f\u00f6r att erh\u00e5lla det Green Card<\/a> som en del av denna obligatoriska viseringsans\u00f6kan;<\/li>\n\n\n\n<li>En <a href=\"https:\/\/us-gc.net\/sv\/green-card-intervju\/\">intervju f\u00f6r det Green Card<\/a> med en USCIS Diversity Visa Program-tj\u00e4nsteman;<\/li>\n\n\n\n<li>Genomf\u00f6ra en medicinsk unders\u00f6kning.<\/li>\n<\/ul>\n\n<div style=\"height:10px\" aria-hidden=\"true\" class=\"wp-block-spacer\"><\/div>\n\n<p>Det <a href=\"https:\/\/us-gc.net\/sv\/skillnad-green-card-och-visum\/\">Green Card och visumet \u00e4r olika dokument<\/a>. Att f\u00e5 ett Diversity Visa \u00e4r ett av stegen f\u00f6r att f\u00e5 ett Green Card.<\/p>\n","protected":false},"excerpt":{"rendered":"<p>Green Card-lotteri i 2025 Dragningen i Green Card-lotteriet sker bara en g\u00e5ng per \u00e5r. S\u00e5 varje \u00e5r finns det ett nytt parti lotterivinnare, namngiven efter det \u00e5r d\u00e5 de fick sitt gr\u00f6na kort. Vad \u00e4r Green Card 2025-lotteriet? Green Card-lotteriet 2025 g\u00e4ller kvoten f\u00f6r gr\u00f6na kort som ska utf\u00e4rdas 2025. Dragningen f\u00f6r 2025-lotteriet kommer att [&hellip;]<\/p>\n","protected":false},"author":1,"featured_media":0,"parent":0,"menu_order":0,"comment_status":"closed","ping_status":"closed","template":"","meta":{"footnotes":""},"class_list":["post-1075","page","type-page","status-publish","hentry"],"yoast_head":"<!-- This site is optimized with the Yoast SEO plugin v27.4 - https:\/\/yoast.com\/product\/yoast-seo-wordpress\/ -->\n<title>Green Card 2025 lotteri - USA GC<\/title>\n<meta name=\"description\" content=\"Delta i Green Card-lotteriet 2025 f\u00f6r att f\u00e5 ett permanent uppeh\u00e5llstillst\u00e5nd i USA\" \/>\n<meta name=\"robots\" content=\"index, follow, max-snippet:-1, max-image-preview:large, max-video-preview:-1\" \/>\n<link rel=\"canonical\" href=\"https:\/\/us-gc.net\/sv\/lotteri-green-card-2025\/\" \/>\n<meta property=\"og:locale\" content=\"sv_SE\" \/>\n<meta property=\"og:type\" content=\"article\" \/>\n<meta property=\"og:title\" content=\"Green Card 2025 lotteri - USA GC\" \/>\n<meta property=\"og:description\" content=\"Delta i Green Card-lotteriet 2025 f\u00f6r att f\u00e5 ett permanent uppeh\u00e5llstillst\u00e5nd i USA\" \/>\n<meta property=\"og:url\" content=\"https:\/\/us-gc.net\/sv\/lotteri-green-card-2025\/\" \/>\n<meta property=\"og:site_name\" content=\"USA GC\" \/>\n<meta property=\"article:modified_time\" content=\"2024-12-30T09:45:45+00:00\" \/>\n<meta name=\"twitter:card\" content=\"summary_large_image\" \/>\n<meta name=\"twitter:label1\" content=\"Ber\u00e4knad l\u00e4stid\" \/>\n\t<meta name=\"twitter:data1\" content=\"2 minuter\" \/>\n<script type=\"application\/ld+json\" class=\"yoast-schema-graph\">{\"@context\":\"https:\\\/\\\/schema.org\",\"@graph\":[{\"@type\":\"WebPage\",\"@id\":\"https:\\\/\\\/us-gc.net\\\/sv\\\/lotteri-green-card-2025\\\/\",\"url\":\"https:\\\/\\\/us-gc.net\\\/sv\\\/lotteri-green-card-2025\\\/\",\"name\":\"Green Card 2025 lotteri - USA GC\",\"isPartOf\":{\"@id\":\"https:\\\/\\\/us-gc.net\\\/sv\\\/#website\"},\"datePublished\":\"2024-01-31T16:02:41+00:00\",\"dateModified\":\"2024-12-30T09:45:45+00:00\",\"description\":\"Delta i Green Card-lotteriet 2025 f\u00f6r att f\u00e5 ett permanent uppeh\u00e5llstillst\u00e5nd i USA\",\"breadcrumb\":{\"@id\":\"https:\\\/\\\/us-gc.net\\\/sv\\\/lotteri-green-card-2025\\\/#breadcrumb\"},\"inLanguage\":\"sv-SE\",\"potentialAction\":[{\"@type\":\"ReadAction\",\"target\":[\"https:\\\/\\\/us-gc.net\\\/sv\\\/lotteri-green-card-2025\\\/\"]}]},{\"@type\":\"BreadcrumbList\",\"@id\":\"https:\\\/\\\/us-gc.net\\\/sv\\\/lotteri-green-card-2025\\\/#breadcrumb\",\"itemListElement\":[{\"@type\":\"ListItem\",\"position\":1,\"name\":\"Accueil\",\"item\":\"https:\\\/\\\/us-gc.net\\\/sv\\\/green-card\\\/\"},{\"@type\":\"ListItem\",\"position\":2,\"name\":\"Green Card 2025 lotteri\"}]},{\"@type\":\"WebSite\",\"@id\":\"https:\\\/\\\/us-gc.net\\\/sv\\\/#website\",\"url\":\"https:\\\/\\\/us-gc.net\\\/sv\\\/\",\"name\":\"USA GC\",\"description\":\"\",\"potentialAction\":[{\"@type\":\"SearchAction\",\"target\":{\"@type\":\"EntryPoint\",\"urlTemplate\":\"https:\\\/\\\/us-gc.net\\\/sv\\\/?s={search_term_string}\"},\"query-input\":{\"@type\":\"PropertyValueSpecification\",\"valueRequired\":true,\"valueName\":\"search_term_string\"}}],\"inLanguage\":\"sv-SE\"}]}<\/script>\n<!-- \/ Yoast SEO plugin. -->","yoast_head_json":{"title":"Green Card 2025 lotteri - USA GC","description":"Delta i Green Card-lotteriet 2025 f\u00f6r att f\u00e5 ett permanent uppeh\u00e5llstillst\u00e5nd i USA","robots":{"index":"index","follow":"follow","max-snippet":"max-snippet:-1","max-image-preview":"max-image-preview:large","max-video-preview":"max-video-preview:-1"},"canonical":"https:\/\/us-gc.net\/sv\/lotteri-green-card-2025\/","og_locale":"sv_SE","og_type":"article","og_title":"Green Card 2025 lotteri - USA GC","og_description":"Delta i Green Card-lotteriet 2025 f\u00f6r att f\u00e5 ett permanent uppeh\u00e5llstillst\u00e5nd i USA","og_url":"https:\/\/us-gc.net\/sv\/lotteri-green-card-2025\/","og_site_name":"USA GC","article_modified_time":"2024-12-30T09:45:45+00:00","twitter_card":"summary_large_image","twitter_misc":{"Ber\u00e4knad l\u00e4stid":"2 minuter"},"schema":{"@context":"https:\/\/schema.org","@graph":[{"@type":"WebPage","@id":"https:\/\/us-gc.net\/sv\/lotteri-green-card-2025\/","url":"https:\/\/us-gc.net\/sv\/lotteri-green-card-2025\/","name":"Green Card 2025 lotteri - USA GC","isPartOf":{"@id":"https:\/\/us-gc.net\/sv\/#website"},"datePublished":"2024-01-31T16:02:41+00:00","dateModified":"2024-12-30T09:45:45+00:00","description":"Delta i Green Card-lotteriet 2025 f\u00f6r att f\u00e5 ett permanent uppeh\u00e5llstillst\u00e5nd i USA","breadcrumb":{"@id":"https:\/\/us-gc.net\/sv\/lotteri-green-card-2025\/#breadcrumb"},"inLanguage":"sv-SE","potentialAction":[{"@type":"ReadAction","target":["https:\/\/us-gc.net\/sv\/lotteri-green-card-2025\/"]}]},{"@type":"BreadcrumbList","@id":"https:\/\/us-gc.net\/sv\/lotteri-green-card-2025\/#breadcrumb","itemListElement":[{"@type":"ListItem","position":1,"name":"Accueil","item":"https:\/\/us-gc.net\/sv\/green-card\/"},{"@type":"ListItem","position":2,"name":"Green Card 2025 lotteri"}]},{"@type":"WebSite","@id":"https:\/\/us-gc.net\/sv\/#website","url":"https:\/\/us-gc.net\/sv\/","name":"USA GC","description":"","potentialAction":[{"@type":"SearchAction","target":{"@type":"EntryPoint","urlTemplate":"https:\/\/us-gc.net\/sv\/?s={search_term_string}"},"query-input":{"@type":"PropertyValueSpecification","valueRequired":true,"valueName":"search_term_string"}}],"inLanguage":"sv-SE"}]}},"_links":{"self":[{"href":"https:\/\/us-gc.net\/sv\/wp-json\/wp\/v2\/pages\/1075","targetHints":{"allow":["GET"]}}],"collection":[{"href":"https:\/\/us-gc.net\/sv\/wp-json\/wp\/v2\/pages"}],"about":[{"href":"https:\/\/us-gc.net\/sv\/wp-json\/wp\/v2\/types\/page"}],"author":[{"embeddable":true,"href":"https:\/\/us-gc.net\/sv\/wp-json\/wp\/v2\/users\/1"}],"replies":[{"embeddable":true,"href":"https:\/\/us-gc.net\/sv\/wp-json\/wp\/v2\/comments?post=1075"}],"version-history":[{"count":1,"href":"https:\/\/us-gc.net\/sv\/wp-json\/wp\/v2\/pages\/1075\/revisions"}],"predecessor-version":[{"id":7955,"href":"https:\/\/us-gc.net\/sv\/wp-json\/wp\/v2\/pages\/1075\/revisions\/7955"}],"wp:attachment":[{"href":"https:\/\/us-gc.net\/sv\/wp-json\/wp\/v2\/media?parent=1075"}],"curies":[{"name":"wp","href":"https:\/\/api.w.org\/{rel}","templated":true}]}}