{"id":1069,"date":"2024-01-31T15:56:24","date_gmt":"2024-01-31T15:56:24","guid":{"rendered":"https:\/\/green-card-usa.net\/green-card-lotteri-2024\/"},"modified":"2025-03-31T10:08:02","modified_gmt":"2025-03-31T10:08:02","slug":"green-card-lotteri-2024","status":"publish","type":"page","link":"https:\/\/us-gc.net\/sv\/green-card-lotteri-2024\/","title":{"rendered":"Green Card 2024 lotteri"},"content":{"rendered":"\n<h1 class=\"wp-block-heading\" id=\"h-loterie-de-la-green-card-en-2024\">Green Card-lotteri i 2024<\/h1>\n\n<p>Dragningen i Green Card-lotteriet sker bara en g\u00e5ng per \u00e5r. Det finns tv\u00e5 s\u00e4tt att ange lotteri\u00e5ret:<\/p>\n\n<ul class=\"wp-block-list\">\n<li>Det amerikanska utrikesdepartementet namnger varje lotterifr\u00e4mjande efter det \u00e5r d\u00e5 s\u00f6kande kommer att f\u00e5 sitt <a href=\"https:\/\/us-gc.net\/sv\/\">Green Card<\/a>. S\u00e5 den dragning som \u00e4ger rum under det fj\u00e4rde kvartalet 2024 \u00e4r <a href=\"https:\/\/us-gc.net\/sv\/lotteri-green-card-2026\/\">Green Card 2026-programmet<\/a>;<\/li>\n\n\n\n<li>De flesta dragningss\u00f6kande ger Green Card 2024 lotterinamn till dragningen som \u00e4ger rum under 2024.<\/li>\n<\/ul>\n\n<h2 class=\"wp-block-heading\" id=\"h-qu-est-ce-que-la-loterie-2024-de-la-green-card\">Vad \u00e4r Green Card 2024-lotteriet?<\/h2>\n\n<p>Green Card 2024-lotteriet kallas oftast f\u00f6r den \u00e5rliga dragningen som \u00e4ger rum under \u00e5ret 2024. Denna prisdragning \u00e4ger rum en g\u00e5ng om \u00e5ret och ger \u00f6ver 50 000 utl\u00e4ndska medborgare m\u00f6jlighet att vinna r\u00e4tten att ans\u00f6ka om ett Green Card enligt USA:s Diversity Visa Program.<\/p>\n\n<h2 class=\"wp-block-heading\" id=\"h-quand-se-deroule-la-loterie-de-la-green-card-pour-l-annee-2024\">N\u00e4r \u00e4r Green Card-lotteriet f\u00f6r 2024?<\/h2>\n\n<p>De sista anm\u00e4lningarna till dragningen 2024 \u00e4gde rum i oktober 2024. De exakta datumen f\u00f6r 2024 var : <\/p>\n\n<ul class=\"wp-block-list\">\n<li>Registreringstiden b\u00f6rjade l\u00f6pa den 2 oktober 2024;<\/li>\n\n\n\n<li>Registreringen avslutades den 5 november 2024.<\/li>\n<\/ul>\n\n<div style=\"height:10px\" aria-hidden=\"true\" class=\"wp-block-spacer\"><\/div>\n\n<p>N\u00e4sta registreringsfas \u00e4r att delta i dragningen, som kommer att \u00e4ga rum 2025. Du kan redan nu f\u00f6rregistrera dig genom att klicka p\u00e5 <a href=\"https:\/\/us-gc.net\/sv\/green-card-lotteri-formular\/\">onlineformul\u00e4ret<\/a> f\u00f6r att fylla i din ans\u00f6kan om att delta i dragningen. <\/p>\n\n<h2 class=\"wp-block-heading\" id=\"h-quelles-sont-les-resultats-de-la-loterie-de-la-green-card-2024\">Vilka \u00e4r resultaten av Green Card 2024-lotteriet?<\/h2>\n\n<p><a href=\"https:\/\/us-gc.net\/sv\/resultat-lotteriet-green-card\/\">Resultaten av Green Card-dragningen<\/a> publiceras varje \u00e5r cirka 6 m\u00e5nader efter dragningen, som \u00e4ger rum i november. Resultatet av lotteridragningen som \u00e4ger rum 2024 kommer att publiceras online fr\u00e5n och med maj 2025.<\/p>\n\n<h2 class=\"wp-block-heading\" id=\"h-comment-s-inscrire-a-la-loterie-de-la-green-card-2024\">Hur deltar jag i Green Card 2024-lotteriet?<\/h2>\n\n<p>Registreringen f\u00f6r <a href=\"https:\/\/us-gc.net\/sv\/amerikanskt-lotteri-gront-kort\/\">Green Card USA-lotteriet<\/a> \u00e4r helt online. <strong>Delta i detta \u00e5rliga lotteri genom att registrera dig online<\/strong> p\u00e5 bara n\u00e5gra minuter genom att klicka p\u00e5 <a href=\"https:\/\/us-gc.net\/sv\/green-card-lotteri-formular\/\">onlineformul\u00e4ret<\/a>. Processen tar bara n\u00e5gra minuter.<\/p>\n\n<h2 class=\"wp-block-heading\" id=\"h-quel-sont-les-etapes-suivantes-pour-les-gagnants-de-la-loterie\">Vad \u00e4r n\u00e4sta steg f\u00f6r lotterivinnare?<\/h2>\n\n<p>Lotterivinnare m\u00e5ste sedan f\u00e5 ett m\u00e5ngfaldsvisum. N\u00e4sta steg i f\u00f6rfarandet \u00e4r :<\/p>\n\n<ul class=\"wp-block-list\">\n<li>Fyll i <a href=\"https:\/\/travel.state.gov\/content\/travel\/en\/us-visas\/visa-information-resources\/forms\/online-immigrant-visa-forms\/ds-260-faqs.html\">ans\u00f6kningsblanketten DS-260<\/a>.<\/li>\n\n\n\n<li>Betalning av de <a href=\"https:\/\/us-gc.net\/sv\/pris-green-card\/\">avgifter som kr\u00e4vs f\u00f6r att erh\u00e5lla det Green Card<\/a> som en del av denna obligatoriska viseringsans\u00f6kan;<\/li>\n\n\n\n<li>En <a href=\"https:\/\/us-gc.net\/sv\/green-card-intervju\/\">intervju f\u00f6r det Green Card<\/a> med en USCIS Diversity Visa Program-tj\u00e4nsteman;<\/li>\n\n\n\n<li>Genomf\u00f6ra en medicinsk unders\u00f6kning.<\/li>\n<\/ul>\n\n<div style=\"height:10px\" aria-hidden=\"true\" class=\"wp-block-spacer\"><\/div>\n\n<p>Det <a href=\"https:\/\/us-gc.net\/sv\/skillnad-green-card-och-visum\/\">Green Card och visumet \u00e4r olika dokument<\/a>. Att f\u00e5 ett Diversity Visa \u00e4r ett av stegen f\u00f6r att f\u00e5 ett Green Card.<\/p>\n","protected":false},"excerpt":{"rendered":"<p>Green Card-lotteri i 2024 Dragningen i Green Card-lotteriet sker bara en g\u00e5ng per \u00e5r. Det finns tv\u00e5 s\u00e4tt att ange lotteri\u00e5ret: Vad \u00e4r Green Card 2024-lotteriet? Green Card 2024-lotteriet kallas oftast f\u00f6r den \u00e5rliga dragningen som \u00e4ger rum under \u00e5ret 2024. Denna prisdragning \u00e4ger rum en g\u00e5ng om \u00e5ret och ger \u00f6ver 50 000 utl\u00e4ndska [&hellip;]<\/p>\n","protected":false},"author":1,"featured_media":0,"parent":0,"menu_order":0,"comment_status":"closed","ping_status":"closed","template":"","meta":{"footnotes":""},"class_list":["post-1069","page","type-page","status-publish","hentry"],"yoast_head":"<!-- This site is optimized with the Yoast SEO plugin v27.4 - https:\/\/yoast.com\/product\/yoast-seo-wordpress\/ -->\n<title>Green Card 2024 lotteri - USA GC<\/title>\n<meta name=\"description\" content=\"Delta i utlottningen av det Green Card 2024. Varje \u00e5r anordnas en utlottning d\u00e4r man kan vinna ett Green Card.\" \/>\n<meta name=\"robots\" content=\"index, follow, max-snippet:-1, max-image-preview:large, max-video-preview:-1\" \/>\n<link rel=\"canonical\" href=\"https:\/\/us-gc.net\/sv\/green-card-lotteri-2024\/\" \/>\n<meta property=\"og:locale\" content=\"sv_SE\" \/>\n<meta property=\"og:type\" content=\"article\" \/>\n<meta property=\"og:title\" content=\"Green Card 2024 lotteri - USA GC\" \/>\n<meta property=\"og:description\" content=\"Delta i utlottningen av det Green Card 2024. Varje \u00e5r anordnas en utlottning d\u00e4r man kan vinna ett Green Card.\" \/>\n<meta property=\"og:url\" content=\"https:\/\/us-gc.net\/sv\/green-card-lotteri-2024\/\" \/>\n<meta property=\"og:site_name\" content=\"USA GC\" \/>\n<meta property=\"article:modified_time\" content=\"2025-03-31T10:08:02+00:00\" \/>\n<meta name=\"twitter:card\" content=\"summary_large_image\" \/>\n<meta name=\"twitter:label1\" content=\"Ber\u00e4knad l\u00e4stid\" \/>\n\t<meta name=\"twitter:data1\" content=\"2 minuter\" \/>\n<script type=\"application\/ld+json\" class=\"yoast-schema-graph\">{\"@context\":\"https:\\\/\\\/schema.org\",\"@graph\":[{\"@type\":\"WebPage\",\"@id\":\"https:\\\/\\\/us-gc.net\\\/sv\\\/green-card-lotteri-2024\\\/\",\"url\":\"https:\\\/\\\/us-gc.net\\\/sv\\\/green-card-lotteri-2024\\\/\",\"name\":\"Green Card 2024 lotteri - USA GC\",\"isPartOf\":{\"@id\":\"https:\\\/\\\/us-gc.net\\\/sv\\\/#website\"},\"datePublished\":\"2024-01-31T15:56:24+00:00\",\"dateModified\":\"2025-03-31T10:08:02+00:00\",\"description\":\"Delta i utlottningen av det Green Card 2024. Varje \u00e5r anordnas en utlottning d\u00e4r man kan vinna ett Green Card.\",\"breadcrumb\":{\"@id\":\"https:\\\/\\\/us-gc.net\\\/sv\\\/green-card-lotteri-2024\\\/#breadcrumb\"},\"inLanguage\":\"sv-SE\",\"potentialAction\":[{\"@type\":\"ReadAction\",\"target\":[\"https:\\\/\\\/us-gc.net\\\/sv\\\/green-card-lotteri-2024\\\/\"]}]},{\"@type\":\"BreadcrumbList\",\"@id\":\"https:\\\/\\\/us-gc.net\\\/sv\\\/green-card-lotteri-2024\\\/#breadcrumb\",\"itemListElement\":[{\"@type\":\"ListItem\",\"position\":1,\"name\":\"Accueil\",\"item\":\"https:\\\/\\\/us-gc.net\\\/sv\\\/green-card\\\/\"},{\"@type\":\"ListItem\",\"position\":2,\"name\":\"Green Card 2024 lotteri\"}]},{\"@type\":\"WebSite\",\"@id\":\"https:\\\/\\\/us-gc.net\\\/sv\\\/#website\",\"url\":\"https:\\\/\\\/us-gc.net\\\/sv\\\/\",\"name\":\"USA GC\",\"description\":\"\",\"potentialAction\":[{\"@type\":\"SearchAction\",\"target\":{\"@type\":\"EntryPoint\",\"urlTemplate\":\"https:\\\/\\\/us-gc.net\\\/sv\\\/?s={search_term_string}\"},\"query-input\":{\"@type\":\"PropertyValueSpecification\",\"valueRequired\":true,\"valueName\":\"search_term_string\"}}],\"inLanguage\":\"sv-SE\"}]}<\/script>\n<!-- \/ Yoast SEO plugin. -->","yoast_head_json":{"title":"Green Card 2024 lotteri - USA GC","description":"Delta i utlottningen av det Green Card 2024. Varje \u00e5r anordnas en utlottning d\u00e4r man kan vinna ett Green Card.","robots":{"index":"index","follow":"follow","max-snippet":"max-snippet:-1","max-image-preview":"max-image-preview:large","max-video-preview":"max-video-preview:-1"},"canonical":"https:\/\/us-gc.net\/sv\/green-card-lotteri-2024\/","og_locale":"sv_SE","og_type":"article","og_title":"Green Card 2024 lotteri - USA GC","og_description":"Delta i utlottningen av det Green Card 2024. Varje \u00e5r anordnas en utlottning d\u00e4r man kan vinna ett Green Card.","og_url":"https:\/\/us-gc.net\/sv\/green-card-lotteri-2024\/","og_site_name":"USA GC","article_modified_time":"2025-03-31T10:08:02+00:00","twitter_card":"summary_large_image","twitter_misc":{"Ber\u00e4knad l\u00e4stid":"2 minuter"},"schema":{"@context":"https:\/\/schema.org","@graph":[{"@type":"WebPage","@id":"https:\/\/us-gc.net\/sv\/green-card-lotteri-2024\/","url":"https:\/\/us-gc.net\/sv\/green-card-lotteri-2024\/","name":"Green Card 2024 lotteri - USA GC","isPartOf":{"@id":"https:\/\/us-gc.net\/sv\/#website"},"datePublished":"2024-01-31T15:56:24+00:00","dateModified":"2025-03-31T10:08:02+00:00","description":"Delta i utlottningen av det Green Card 2024. Varje \u00e5r anordnas en utlottning d\u00e4r man kan vinna ett Green Card.","breadcrumb":{"@id":"https:\/\/us-gc.net\/sv\/green-card-lotteri-2024\/#breadcrumb"},"inLanguage":"sv-SE","potentialAction":[{"@type":"ReadAction","target":["https:\/\/us-gc.net\/sv\/green-card-lotteri-2024\/"]}]},{"@type":"BreadcrumbList","@id":"https:\/\/us-gc.net\/sv\/green-card-lotteri-2024\/#breadcrumb","itemListElement":[{"@type":"ListItem","position":1,"name":"Accueil","item":"https:\/\/us-gc.net\/sv\/green-card\/"},{"@type":"ListItem","position":2,"name":"Green Card 2024 lotteri"}]},{"@type":"WebSite","@id":"https:\/\/us-gc.net\/sv\/#website","url":"https:\/\/us-gc.net\/sv\/","name":"USA GC","description":"","potentialAction":[{"@type":"SearchAction","target":{"@type":"EntryPoint","urlTemplate":"https:\/\/us-gc.net\/sv\/?s={search_term_string}"},"query-input":{"@type":"PropertyValueSpecification","valueRequired":true,"valueName":"search_term_string"}}],"inLanguage":"sv-SE"}]}},"_links":{"self":[{"href":"https:\/\/us-gc.net\/sv\/wp-json\/wp\/v2\/pages\/1069","targetHints":{"allow":["GET"]}}],"collection":[{"href":"https:\/\/us-gc.net\/sv\/wp-json\/wp\/v2\/pages"}],"about":[{"href":"https:\/\/us-gc.net\/sv\/wp-json\/wp\/v2\/types\/page"}],"author":[{"embeddable":true,"href":"https:\/\/us-gc.net\/sv\/wp-json\/wp\/v2\/users\/1"}],"replies":[{"embeddable":true,"href":"https:\/\/us-gc.net\/sv\/wp-json\/wp\/v2\/comments?post=1069"}],"version-history":[{"count":3,"href":"https:\/\/us-gc.net\/sv\/wp-json\/wp\/v2\/pages\/1069\/revisions"}],"predecessor-version":[{"id":10111,"href":"https:\/\/us-gc.net\/sv\/wp-json\/wp\/v2\/pages\/1069\/revisions\/10111"}],"wp:attachment":[{"href":"https:\/\/us-gc.net\/sv\/wp-json\/wp\/v2\/media?parent=1069"}],"curies":[{"name":"wp","href":"https:\/\/api.w.org\/{rel}","templated":true}]}}