{"id":1003,"date":"2024-01-31T14:33:04","date_gmt":"2024-01-31T14:33:04","guid":{"rendered":"https:\/\/green-card-usa.net\/green-card-genom-aktenskap\/"},"modified":"2024-12-30T09:39:39","modified_gmt":"2024-12-30T09:39:39","slug":"green-card-genom-aktenskap","status":"publish","type":"page","link":"https:\/\/us-gc.net\/sv\/green-card-genom-aktenskap\/","title":{"rendered":"Green Card erh\u00e5llet genom \u00e4ktenskap"},"content":{"rendered":"\n<h1 class=\"wp-block-heading\" id=\"h-obtenir-une-green-card-par-mariage\">Erh\u00e5lla ett Green Card genom \u00e4ktenskap<\/h1>\n\n<p>Green Card kan erh\u00e5llas p\u00e5 grund av \u00e4ktenskap med en amerikansk medborgare eller en Legal Permanent Resident (LPR). \u00c4ktenskap ger dig d\u00e4rf\u00f6r m\u00f6jlighet att bli permanent bosatt i USA. H\u00e4r \u00e4r de viktigaste stegen och villkoren f\u00f6r att dra nytta av systemet.<\/p>\n\n<h2 class=\"wp-block-heading\" id=\"h-eligibilite-a-la-green-card-par-mariage\">R\u00e4tt till Green Card genom \u00e4ktenskap<\/h2>\n\n<p>F\u00f6r att f\u00e5 ett Green Card genom \u00e4ktenskap m\u00e5ste du vara gift med en amerikansk medborgare eller en LPR. \u00c4ktenskapet m\u00e5ste vara lagligt och bygga p\u00e5 en \u00e4kta relation. Ambitionen att f\u00e5 permanent uppeh\u00e5llstillst\u00e5nd i USA f\u00e5r inte vara det huvudsakliga sk\u00e4let till \u00e4ktenskapet.<\/p>\n\n<h2 class=\"wp-block-heading\" id=\"h-conditions-et-preuves-requises\">Villkor och bevis som kr\u00e4vs<\/h2>\n\n<p>Paret m\u00e5ste kunna styrka att \u00e4ktenskapet \u00e4r giltigt. Till exempel kan paret tillhandah\u00e5lla gemensamma kontoutdrag, gemensamma hyresavtal eller hypoteksl\u00e5n, br\u00f6llopsfoton och familjeh\u00e4ndelser. Eventuella andra handlingar som styrker deras f\u00f6rh\u00e5llande kan vara relevanta och m\u00e5ste bifogas ans\u00f6kan.<\/p>\n\n<p>Om du inte uppfyller villkoren, du kan fortfarande f\u00e5 ett <a href=\"https:\/\/us-gc.net\/sv\/lotteri-green-card\/\">Green Card genom lotteri<\/a>. <strong>F\u00f6r att delta i den \u00e5rliga dragningen<\/strong>, fyll bara i <a href=\"https:\/\/us-gc.net\/sv\/green-card-lotteri-formular\/\">onlineformul\u00e4ret<\/a>.<\/p>\n\n<div style=\"height:10px\" aria-hidden=\"true\" class=\"wp-block-spacer\"><\/div>\n\n<h2 class=\"wp-block-heading\" id=\"h-processus-de-demande\">Ans\u00f6kningsf\u00f6rfarande<\/h2>\n\n<p>Ans\u00f6kan om <a href=\"https:\/\/us-gc.net\/sv\/\">Green Card<\/a> i samband med gifterm\u00e5l sker i flera steg.<\/p>\n\n<ol class=\"wp-block-list\">\n<li><strong>Inl\u00e4mning av ans\u00f6kan<\/strong>: Medborgarpartnern eller RPL m\u00e5ste f\u00f6rst l\u00e4mna in <a href=\"https:\/\/www.uscis.gov\/i-130\">blankett I-130<\/a>. Detta \u00e4r en ans\u00f6kan om en utl\u00e4ndsk f\u00f6r\u00e4lder som ska l\u00e4mnas in till United States Citizenship and Immigration Service (USCIS).<\/li>\n\n\n\n<li><strong>Statusjustering eller konsul\u00e4rt f\u00f6rfarande<\/strong>: Om den icke-medborgare maken\/makan redan befinner sig i USA kan han eller hon ans\u00f6ka om statusjustering med hj\u00e4lp av <a href=\"https:\/\/www.uscis.gov\/i-485\">formul\u00e4r I-485<\/a>. Om maken\/makan befinner sig utanf\u00f6r USA m\u00e5ste han eller hon g\u00e5 via konsulatet i sitt ursprungsland.<\/li>\n\n\n\n<li><strong>Intervju och godk\u00e4nnande<\/strong>: B\u00e5da parter kommer att bjudas in till en <a href=\"https:\/\/us-gc.net\/sv\/green-card-intervju\/\">Green Card-intervju<\/a> f\u00f6r att verifiera \u00e4ktheten i \u00e4ktenskapet. Om ans\u00f6kan godk\u00e4nns kommer den icke-medborgliga maken\/makan att f\u00e5 ett Green Card.<\/li>\n<\/ol>\n\n<h2 class=\"wp-block-heading\" id=\"h-green-card-conditionnelle\">Villkorligt Green Card<\/h2>\n\n<p>Om \u00e4ktenskapet \u00e4r mindre \u00e4n tv\u00e5 \u00e5r gammalt vid tidpunkten f\u00f6r godk\u00e4nnandet, kommer den icke-medborgliga maken att f\u00e5 ett villkorligt Green Card som \u00e4r giltigt i tv\u00e5 \u00e5r. Innan det l\u00f6per ut m\u00e5ste paret l\u00e4mna in <a href=\"https:\/\/www.uscis.gov\/sites\/default\/files\/document\/forms\/i-751.pdf\">blankett I-751<\/a> f\u00f6r att beg\u00e4ra att villkoren tas bort och f\u00e5 ett permanent Green Card.<\/p>\n\n<h2 class=\"wp-block-heading\" id=\"h-conseils-pour-une-reussir-la-demande-de-green-card\">Tips f\u00f6r en framg\u00e5ngsrik ans\u00f6kan om Green Card<\/h2>\n\n<p>Ett Green Card ger innehavaren r\u00e4tt till permanent uppeh\u00e5llstillst\u00e5nd i USA. F\u00f6rfarandet f\u00f6r att f\u00e5 ett Green Card genom \u00e4ktenskap \u00e4r s\u00e4rskilt noggrant och det finns ingen garanti f\u00f6r att det lyckas. H\u00e4r \u00e4r n\u00e5gra tips f\u00f6r att maximera dina chanser att lyckas:<\/p>\n\n<ul class=\"wp-block-list\">\n<li><strong>Dokumentera ert f\u00f6rh\u00e5llande grundligt<\/strong>: Spara alla dokument och foton som visar att ert f\u00f6rh\u00e5llande best\u00e5r och \u00e4r \u00e4kta.<\/li>\n\n\n\n<li><strong>F\u00f6rbered er f\u00f6r intervjun<\/strong>: Var beredda p\u00e5 att svara \u00f6ppet och \u00e4rligt p\u00e5 fr\u00e5gor om er relation och ert \u00e4ktenskap.<\/li>\n\n\n\n<li><strong>Respektera tidsfristerna<\/strong>: Se till att du skickar in alla n\u00f6dv\u00e4ndiga ans\u00f6kningar och handlingar inom de fastst\u00e4llda tidsfristerna.<\/li>\n<\/ul>\n\n<p><\/p>\n","protected":false},"excerpt":{"rendered":"<p>Erh\u00e5lla ett Green Card genom \u00e4ktenskap Green Card kan erh\u00e5llas p\u00e5 grund av \u00e4ktenskap med en amerikansk medborgare eller en Legal Permanent Resident (LPR). \u00c4ktenskap ger dig d\u00e4rf\u00f6r m\u00f6jlighet att bli permanent bosatt i USA. H\u00e4r \u00e4r de viktigaste stegen och villkoren f\u00f6r att dra nytta av systemet. R\u00e4tt till Green Card genom \u00e4ktenskap F\u00f6r [&hellip;]<\/p>\n","protected":false},"author":1,"featured_media":0,"parent":0,"menu_order":0,"comment_status":"closed","ping_status":"closed","template":"","meta":{"footnotes":""},"class_list":["post-1003","page","type-page","status-publish","hentry"],"yoast_head":"<!-- This site is optimized with the Yoast SEO plugin v27.4 - https:\/\/yoast.com\/product\/yoast-seo-wordpress\/ -->\n<title>Green Card erh\u00e5llet genom \u00e4ktenskap - USA GC<\/title>\n<meta name=\"description\" content=\"F\u00e5 ett Green Card genom att gifta sig med en amerikansk medborgare eller innehavare av ett amerikanskt Green Card\" \/>\n<meta name=\"robots\" content=\"index, follow, max-snippet:-1, max-image-preview:large, max-video-preview:-1\" \/>\n<link rel=\"canonical\" href=\"https:\/\/us-gc.net\/sv\/green-card-genom-aktenskap\/\" \/>\n<meta property=\"og:locale\" content=\"sv_SE\" \/>\n<meta property=\"og:type\" content=\"article\" \/>\n<meta property=\"og:title\" content=\"Green Card erh\u00e5llet genom \u00e4ktenskap - USA GC\" \/>\n<meta property=\"og:description\" content=\"F\u00e5 ett Green Card genom att gifta sig med en amerikansk medborgare eller innehavare av ett amerikanskt Green Card\" \/>\n<meta property=\"og:url\" content=\"https:\/\/us-gc.net\/sv\/green-card-genom-aktenskap\/\" \/>\n<meta property=\"og:site_name\" content=\"USA GC\" \/>\n<meta property=\"article:modified_time\" content=\"2024-12-30T09:39:39+00:00\" \/>\n<meta name=\"twitter:card\" content=\"summary_large_image\" \/>\n<meta name=\"twitter:label1\" content=\"Ber\u00e4knad l\u00e4stid\" \/>\n\t<meta name=\"twitter:data1\" content=\"3 minuter\" \/>\n<script type=\"application\/ld+json\" class=\"yoast-schema-graph\">{\"@context\":\"https:\\\/\\\/schema.org\",\"@graph\":[{\"@type\":\"WebPage\",\"@id\":\"https:\\\/\\\/us-gc.net\\\/sv\\\/green-card-genom-aktenskap\\\/\",\"url\":\"https:\\\/\\\/us-gc.net\\\/sv\\\/green-card-genom-aktenskap\\\/\",\"name\":\"Green Card erh\u00e5llet genom \u00e4ktenskap - USA GC\",\"isPartOf\":{\"@id\":\"https:\\\/\\\/us-gc.net\\\/sv\\\/#website\"},\"datePublished\":\"2024-01-31T14:33:04+00:00\",\"dateModified\":\"2024-12-30T09:39:39+00:00\",\"description\":\"F\u00e5 ett Green Card genom att gifta sig med en amerikansk medborgare eller innehavare av ett amerikanskt Green Card\",\"breadcrumb\":{\"@id\":\"https:\\\/\\\/us-gc.net\\\/sv\\\/green-card-genom-aktenskap\\\/#breadcrumb\"},\"inLanguage\":\"sv-SE\",\"potentialAction\":[{\"@type\":\"ReadAction\",\"target\":[\"https:\\\/\\\/us-gc.net\\\/sv\\\/green-card-genom-aktenskap\\\/\"]}]},{\"@type\":\"BreadcrumbList\",\"@id\":\"https:\\\/\\\/us-gc.net\\\/sv\\\/green-card-genom-aktenskap\\\/#breadcrumb\",\"itemListElement\":[{\"@type\":\"ListItem\",\"position\":1,\"name\":\"Accueil\",\"item\":\"https:\\\/\\\/us-gc.net\\\/sv\\\/green-card\\\/\"},{\"@type\":\"ListItem\",\"position\":2,\"name\":\"Green Card erh\u00e5llet genom \u00e4ktenskap\"}]},{\"@type\":\"WebSite\",\"@id\":\"https:\\\/\\\/us-gc.net\\\/sv\\\/#website\",\"url\":\"https:\\\/\\\/us-gc.net\\\/sv\\\/\",\"name\":\"USA GC\",\"description\":\"\",\"potentialAction\":[{\"@type\":\"SearchAction\",\"target\":{\"@type\":\"EntryPoint\",\"urlTemplate\":\"https:\\\/\\\/us-gc.net\\\/sv\\\/?s={search_term_string}\"},\"query-input\":{\"@type\":\"PropertyValueSpecification\",\"valueRequired\":true,\"valueName\":\"search_term_string\"}}],\"inLanguage\":\"sv-SE\"}]}<\/script>\n<!-- \/ Yoast SEO plugin. -->","yoast_head_json":{"title":"Green Card erh\u00e5llet genom \u00e4ktenskap - USA GC","description":"F\u00e5 ett Green Card genom att gifta sig med en amerikansk medborgare eller innehavare av ett amerikanskt Green Card","robots":{"index":"index","follow":"follow","max-snippet":"max-snippet:-1","max-image-preview":"max-image-preview:large","max-video-preview":"max-video-preview:-1"},"canonical":"https:\/\/us-gc.net\/sv\/green-card-genom-aktenskap\/","og_locale":"sv_SE","og_type":"article","og_title":"Green Card erh\u00e5llet genom \u00e4ktenskap - USA GC","og_description":"F\u00e5 ett Green Card genom att gifta sig med en amerikansk medborgare eller innehavare av ett amerikanskt Green Card","og_url":"https:\/\/us-gc.net\/sv\/green-card-genom-aktenskap\/","og_site_name":"USA GC","article_modified_time":"2024-12-30T09:39:39+00:00","twitter_card":"summary_large_image","twitter_misc":{"Ber\u00e4knad l\u00e4stid":"3 minuter"},"schema":{"@context":"https:\/\/schema.org","@graph":[{"@type":"WebPage","@id":"https:\/\/us-gc.net\/sv\/green-card-genom-aktenskap\/","url":"https:\/\/us-gc.net\/sv\/green-card-genom-aktenskap\/","name":"Green Card erh\u00e5llet genom \u00e4ktenskap - USA GC","isPartOf":{"@id":"https:\/\/us-gc.net\/sv\/#website"},"datePublished":"2024-01-31T14:33:04+00:00","dateModified":"2024-12-30T09:39:39+00:00","description":"F\u00e5 ett Green Card genom att gifta sig med en amerikansk medborgare eller innehavare av ett amerikanskt Green Card","breadcrumb":{"@id":"https:\/\/us-gc.net\/sv\/green-card-genom-aktenskap\/#breadcrumb"},"inLanguage":"sv-SE","potentialAction":[{"@type":"ReadAction","target":["https:\/\/us-gc.net\/sv\/green-card-genom-aktenskap\/"]}]},{"@type":"BreadcrumbList","@id":"https:\/\/us-gc.net\/sv\/green-card-genom-aktenskap\/#breadcrumb","itemListElement":[{"@type":"ListItem","position":1,"name":"Accueil","item":"https:\/\/us-gc.net\/sv\/green-card\/"},{"@type":"ListItem","position":2,"name":"Green Card erh\u00e5llet genom \u00e4ktenskap"}]},{"@type":"WebSite","@id":"https:\/\/us-gc.net\/sv\/#website","url":"https:\/\/us-gc.net\/sv\/","name":"USA GC","description":"","potentialAction":[{"@type":"SearchAction","target":{"@type":"EntryPoint","urlTemplate":"https:\/\/us-gc.net\/sv\/?s={search_term_string}"},"query-input":{"@type":"PropertyValueSpecification","valueRequired":true,"valueName":"search_term_string"}}],"inLanguage":"sv-SE"}]}},"_links":{"self":[{"href":"https:\/\/us-gc.net\/sv\/wp-json\/wp\/v2\/pages\/1003","targetHints":{"allow":["GET"]}}],"collection":[{"href":"https:\/\/us-gc.net\/sv\/wp-json\/wp\/v2\/pages"}],"about":[{"href":"https:\/\/us-gc.net\/sv\/wp-json\/wp\/v2\/types\/page"}],"author":[{"embeddable":true,"href":"https:\/\/us-gc.net\/sv\/wp-json\/wp\/v2\/users\/1"}],"replies":[{"embeddable":true,"href":"https:\/\/us-gc.net\/sv\/wp-json\/wp\/v2\/comments?post=1003"}],"version-history":[{"count":1,"href":"https:\/\/us-gc.net\/sv\/wp-json\/wp\/v2\/pages\/1003\/revisions"}],"predecessor-version":[{"id":7667,"href":"https:\/\/us-gc.net\/sv\/wp-json\/wp\/v2\/pages\/1003\/revisions\/7667"}],"wp:attachment":[{"href":"https:\/\/us-gc.net\/sv\/wp-json\/wp\/v2\/media?parent=1003"}],"curies":[{"name":"wp","href":"https:\/\/api.w.org\/{rel}","templated":true}]}}