{"id":4220,"date":"2024-04-08T08:17:47","date_gmt":"2024-04-08T08:17:47","guid":{"rendered":"https:\/\/green-card-usa.net\/vendi-i-pjesemarrjes-negreen-card-te-lotarise-azi\/"},"modified":"2024-12-30T09:44:38","modified_gmt":"2024-12-30T09:44:38","slug":"vendi-i-pjesemarrjes-negreen-card-te-lotarise-azi","status":"publish","type":"page","link":"https:\/\/us-gc.net\/sq\/vendi-i-pjesemarrjes-negreen-card-te-lotarise-azi\/","title":{"rendered":"Lotaria e Kart\u00ebs s\u00eb Gjelb\u00ebr p\u00ebr vendet aziatike"},"content":{"rendered":"\n<h1 class=\"wp-block-heading\" id=\"h-les-pays-d-asie-a-la-loterie-de-la-carte-verte-americaine\">Vendet aziatike n\u00eb lotarin\u00eb e Kartonit t\u00eb Gjelb\u00ebr t\u00eb SHBA<\/h1>\n\n<p>\u00c7do vit miliona kandidat\u00eb marrin pjes\u00eb n\u00eb shortin e shortit t\u00eb Kartonit Gjelb\u00ebr Amerikan. Ne kemi p\u00ebrpiluar statistika t\u00eb publikuara nga Departamenti i Shtetit n\u00eb <a href=\"https:\/\/travel.state.gov\/content\/travel\/en\/us-visas\/immigrate\/diversity-visa-program-entry\/diversity-visa-program-statistics.html\">travel.state.gov<\/a> p\u00ebr t&#8217;ju sjell\u00eb shifrat kryesore mbi pjes\u00ebmarrjen e qytetar\u00ebve aziatik\u00eb n\u00eb lotarin\u00eb e Kartonit t\u00eb Gjelb\u00ebr.<\/p>\n\n<h2 class=\"wp-block-heading\" id=\"h-quelle-est-la-participation-des-asiatiques-a-la-loterie\">Sa aziatik\u00eb marrin pjes\u00eb n\u00eb llotari?<\/h2>\n\n<p>Rreth 15% deri n\u00eb 20% e aplikant\u00ebve p\u00ebr shortin <a href=\"https:\/\/us-gc.net\/sq\/lotaria-green-card\/\">e Kart\u00ebs s\u00eb Gjelb\u00ebr<\/a> ishin shtetas t\u00eb nj\u00eb vendi aziatik n\u00eb vitet e fundit p\u00ebr t\u00eb cilat disponohen statistika.<\/p>\n\n<figure class=\"wp-block-table\"><table><tbody><tr><td><strong>vite<\/strong><\/td><td class=\"has-text-align-center\" data-align=\"center\"><strong>2019<\/strong><\/td><td class=\"has-text-align-center\" data-align=\"center\"><strong>2020<\/strong><\/td><td class=\"has-text-align-center\" data-align=\"center\"><strong>2021<\/strong><\/td><\/tr><tr><td>Numri i t\u00eb regjistruarve aziatik\u00eb<\/td><td class=\"has-text-align-center\" data-align=\"center\">1 871 824<\/td><td class=\"has-text-align-center\" data-align=\"center\">1 952 489<\/td><td class=\"has-text-align-center\" data-align=\"center\">1 281 046<\/td><\/tr><tr><td>Totali i skedar\u00ebve t\u00eb regjistrimit<\/td><td class=\"has-text-align-center\" data-align=\"center\">14,352,013<\/td><td class=\"has-text-align-center\" data-align=\"center\">14,722,798<\/td><td class=\"has-text-align-center\" data-align=\"center\">6,741,128<\/td><\/tr><tr><td><strong>Pjesa e t\u00eb regjistruarve aziatik\u00eb<\/strong><\/td><td class=\"has-text-align-center\" data-align=\"center\"><strong>13%<\/strong><\/td><td class=\"has-text-align-center\" data-align=\"center\"><strong>13%<\/strong><\/td><td class=\"has-text-align-center\" data-align=\"center\"><strong>19%<\/strong><\/td><\/tr><\/tbody><\/table><figcaption class=\"wp-element-caption\">Pjesa e aziatik\u00ebve t\u00eb regjistruar p\u00ebr lotarin\u00eb e Kartonit t\u00eb Gjelb\u00ebr<\/figcaption><\/figure>\n\n<h2 class=\"wp-block-heading\" id=\"h-quels-sont-les-principaux-pays-d-asie-d-ou-proviennent-les-candidats\">Cilat jan\u00eb vendet kryesore aziatike nga vijn\u00eb kandidat\u00ebt?<\/h2>\n\n<p>K\u00ebtu \u00ebsht\u00eb numri i dosjeve t\u00eb regjistrimit p\u00ebr lotarin\u00eb e Kartonit t\u00eb Gjelb\u00ebr p\u00ebr 20 vendet kryesore aziatike. Shifrat e fundit t\u00eb b\u00ebra publike nga Departamenti i Shtetit kan\u00eb t\u00eb b\u00ebjn\u00eb me vitet 2019-2021:<\/p>\n\n<figure class=\"wp-block-table\"><table><tbody><tr><td><strong>vendet aziatike<\/strong><\/td><td class=\"has-text-align-center\" data-align=\"center\"><strong>2019<\/strong><\/td><td class=\"has-text-align-center\" data-align=\"center\"><strong>2020<\/strong><\/td><td class=\"has-text-align-center\" data-align=\"center\"><strong>2021<\/strong><\/td><\/tr><tr><td>Nepali<\/td><td class=\"has-text-align-center\" data-align=\"center\">684 180<\/td><td class=\"has-text-align-center\" data-align=\"center\">637 696<\/td><td class=\"has-text-align-center\" data-align=\"center\">421 765<\/td><\/tr><tr><td>Irani<\/td><td class=\"has-text-align-center\" data-align=\"center\">453 242<\/td><td class=\"has-text-align-center\" data-align=\"center\">709 469<\/td><td class=\"has-text-align-center\" data-align=\"center\">404 863<\/td><\/tr><tr><td>Afganistani<\/td><td class=\"has-text-align-center\" data-align=\"center\">35 939<\/td><td class=\"has-text-align-center\" data-align=\"center\">58711<\/td><td class=\"has-text-align-center\" data-align=\"center\">60602<\/td><\/tr><tr><td>Kamboxhia<\/td><td class=\"has-text-align-center\" data-align=\"center\">179662<\/td><td class=\"has-text-align-center\" data-align=\"center\">109,881<\/td><td class=\"has-text-align-center\" data-align=\"center\">46 110<\/td><\/tr><tr><td>Sri Lanka<\/td><td class=\"has-text-align-center\" data-align=\"center\">53,396<\/td><td class=\"has-text-align-center\" data-align=\"center\">47705<\/td><td class=\"has-text-align-center\" data-align=\"center\">41.595<\/td><\/tr><tr><td>Jemeni<\/td><td class=\"has-text-align-center\" data-align=\"center\">141679<\/td><td class=\"has-text-align-center\" data-align=\"center\">62,389<\/td><td class=\"has-text-align-center\" data-align=\"center\">41,495<\/td><\/tr><tr><td>Jordania<\/td><td class=\"has-text-align-center\" data-align=\"center\">39,092<\/td><td class=\"has-text-align-center\" data-align=\"center\">42,116<\/td><td class=\"has-text-align-center\" data-align=\"center\">36,815<\/td><\/tr><tr><td>Iraku<\/td><td class=\"has-text-align-center\" data-align=\"center\">47,368<\/td><td class=\"has-text-align-center\" data-align=\"center\">40,852<\/td><td class=\"has-text-align-center\" data-align=\"center\">31,197<\/td><\/tr><tr><td>Arabia Saudite<\/td><td class=\"has-text-align-center\" data-align=\"center\">40,114<\/td><td class=\"has-text-align-center\" data-align=\"center\">41,019<\/td><td class=\"has-text-align-center\" data-align=\"center\">30,844<\/td><\/tr><tr><td>Tajvani<\/td><td class=\"has-text-align-center\" data-align=\"center\">30603<\/td><td class=\"has-text-align-center\" data-align=\"center\">31640<\/td><td class=\"has-text-align-center\" data-align=\"center\">24645<\/td><\/tr><tr><td>Birmania<\/td><td class=\"has-text-align-center\" data-align=\"center\">20,078<\/td><td class=\"has-text-align-center\" data-align=\"center\">29,504<\/td><td class=\"has-text-align-center\" data-align=\"center\">21,555<\/td><\/tr><tr><td>Japonia<\/td><td class=\"has-text-align-center\" data-align=\"center\">24,895<\/td><td class=\"has-text-align-center\" data-align=\"center\">21674<\/td><td class=\"has-text-align-center\" data-align=\"center\">17,181<\/td><\/tr><tr><td>Hong Kongu<\/td><td class=\"has-text-align-center\" data-align=\"center\">6358<\/td><td class=\"has-text-align-center\" data-align=\"center\">5451<\/td><td class=\"has-text-align-center\" data-align=\"center\">15,471<\/td><\/tr><tr><td>Tajland\u00eb<\/td><td class=\"has-text-align-center\" data-align=\"center\">10,969<\/td><td class=\"has-text-align-center\" data-align=\"center\">12,354<\/td><td class=\"has-text-align-center\" data-align=\"center\">14,187<\/td><\/tr><tr><td>Siria<\/td><td class=\"has-text-align-center\" data-align=\"center\">20,124<\/td><td class=\"has-text-align-center\" data-align=\"center\">14,168<\/td><td class=\"has-text-align-center\" data-align=\"center\">11,424<\/td><\/tr><tr><td>Mongolia<\/td><td class=\"has-text-align-center\" data-align=\"center\">10,546<\/td><td class=\"has-text-align-center\" data-align=\"center\">11242<\/td><td class=\"has-text-align-center\" data-align=\"center\">9871<\/td><\/tr><tr><td>Izraeli<\/td><td class=\"has-text-align-center\" data-align=\"center\">14234<\/td><td class=\"has-text-align-center\" data-align=\"center\">12727<\/td><td class=\"has-text-align-center\" data-align=\"center\">8793<\/td><\/tr><tr><td>Indonezia<\/td><td class=\"has-text-align-center\" data-align=\"center\">10,970<\/td><td class=\"has-text-align-center\" data-align=\"center\">10691<\/td><td class=\"has-text-align-center\" data-align=\"center\">8440<\/td><\/tr><tr><td>Emiratet e Bashkuara Arabe<\/td><td class=\"has-text-align-center\" data-align=\"center\">10281<\/td><td class=\"has-text-align-center\" data-align=\"center\">10,964<\/td><td class=\"has-text-align-center\" data-align=\"center\">8030<\/td><\/tr><tr><td>Libani<\/td><td class=\"has-text-align-center\" data-align=\"center\">12868<\/td><td class=\"has-text-align-center\" data-align=\"center\">11,184<\/td><td class=\"has-text-align-center\" data-align=\"center\">7250<\/td><\/tr><\/tbody><\/table><figcaption class=\"wp-element-caption\">Vendet kryesore aziatike sipas numrit t\u00eb pjes\u00ebmarr\u00ebsve n\u00eb lotarin\u00eb amerikane t\u00eb kartave jeshile<\/figcaption><\/figure>\n\n<h2 class=\"wp-block-heading\" id=\"h-quels-sont-les-gagnants-a-la-loterie-provenant-de-pays-d-asie\">Cil\u00ebt jan\u00eb fituesit e lotaris\u00eb nga vendet aziatike?<\/h2>\n\n<p>Departamenti i Shtetit publikon gjithashtu numrin e vizave t\u00eb marra \u00e7do vit p\u00ebrmes programit t\u00eb diversitetit. K\u00ebto <a href=\"https:\/\/us-gc.net\/sq\/gjelber-llotari-rezultatet\/\">rezultate t\u00eb lotaris\u00eb<\/a> publikohen sipas zon\u00ebs gjeografike dhe t\u00eb detajuara sipas vendeve.<\/p>\n\n<p>K\u00ebtu \u00ebsht\u00eb numri i vizave t\u00eb marra p\u00ebrmes <a href=\"https:\/\/us-gc.net\/sq\/amerikano-karton-jeshil-llotari\/\">lotaris\u00eb s\u00eb Kartonit t\u00eb Gjelb\u00ebr<\/a> p\u00ebr 20 vendet m\u00eb t\u00eb mira aziatike midis 2018 dhe 2022:<\/p>\n\n<figure class=\"wp-block-table\"><table><tbody><tr><td><strong>vendet aziatike<\/strong><\/td><td class=\"has-text-align-center\" data-align=\"center\"><strong>2018<\/strong><\/td><td class=\"has-text-align-center\" data-align=\"center\"><strong>2019<\/strong><\/td><td class=\"has-text-align-center\" data-align=\"center\"><strong>2020<\/strong><\/td><td class=\"has-text-align-center\" data-align=\"center\"><strong>2021<\/strong><\/td><td class=\"has-text-align-center\" data-align=\"center\"><strong>2022<\/strong><\/td><\/tr><tr><td>Nepali<\/td><td class=\"has-text-align-center\" data-align=\"center\">3 307<\/td><td class=\"has-text-align-center\" data-align=\"center\">2 795<\/td><td class=\"has-text-align-center\" data-align=\"center\">2 085<\/td><td class=\"has-text-align-center\" data-align=\"center\">1 372<\/td><td class=\"has-text-align-center\" data-align=\"center\">3 345<\/td><\/tr><tr><td>Irani<\/td><td class=\"has-text-align-center\" data-align=\"center\">318<\/td><td class=\"has-text-align-center\" data-align=\"center\">298<\/td><td class=\"has-text-align-center\" data-align=\"center\">131<\/td><td class=\"has-text-align-center\" data-align=\"center\">244<\/td><td class=\"has-text-align-center\" data-align=\"center\">2 024<\/td><\/tr><tr><td>Afganistani<\/td><td class=\"has-text-align-center\" data-align=\"center\">231<\/td><td class=\"has-text-align-center\" data-align=\"center\">265<\/td><td class=\"has-text-align-center\" data-align=\"center\">165<\/td><td class=\"has-text-align-center\" data-align=\"center\">87<\/td><td class=\"has-text-align-center\" data-align=\"center\">723<\/td><\/tr><tr><td>Jordania<\/td><td class=\"has-text-align-center\" data-align=\"center\">254<\/td><td class=\"has-text-align-center\" data-align=\"center\">330<\/td><td class=\"has-text-align-center\" data-align=\"center\">266<\/td><td class=\"has-text-align-center\" data-align=\"center\">542<\/td><td class=\"has-text-align-center\" data-align=\"center\">713<\/td><\/tr><tr><td>Iraku<\/td><td class=\"has-text-align-center\" data-align=\"center\">297<\/td><td class=\"has-text-align-center\" data-align=\"center\">264<\/td><td class=\"has-text-align-center\" data-align=\"center\">86<\/td><td class=\"has-text-align-center\" data-align=\"center\">30<\/td><td class=\"has-text-align-center\" data-align=\"center\">650<\/td><\/tr><tr><td>Jemeni<\/td><td class=\"has-text-align-center\" data-align=\"center\">28<\/td><td class=\"has-text-align-center\" data-align=\"center\">70<\/td><td class=\"has-text-align-center\" data-align=\"center\">13<\/td><td class=\"has-text-align-center\" data-align=\"center\">228<\/td><td class=\"has-text-align-center\" data-align=\"center\">625<\/td><\/tr><tr><td>Sri Lanka<\/td><td class=\"has-text-align-center\" data-align=\"center\">360<\/td><td class=\"has-text-align-center\" data-align=\"center\">331<\/td><td class=\"has-text-align-center\" data-align=\"center\">225<\/td><td class=\"has-text-align-center\" data-align=\"center\">438<\/td><td class=\"has-text-align-center\" data-align=\"center\">583<\/td><\/tr><tr><td>Arabia Saudite<\/td><td class=\"has-text-align-center\" data-align=\"center\">218<\/td><td class=\"has-text-align-center\" data-align=\"center\">262<\/td><td class=\"has-text-align-center\" data-align=\"center\">143<\/td><td class=\"has-text-align-center\" data-align=\"center\">117<\/td><td class=\"has-text-align-center\" data-align=\"center\">450<\/td><\/tr><tr><td>Birmania<\/td><td class=\"has-text-align-center\" data-align=\"center\">125<\/td><td class=\"has-text-align-center\" data-align=\"center\">210<\/td><td class=\"has-text-align-center\" data-align=\"center\">82<\/td><td class=\"has-text-align-center\" data-align=\"center\">96<\/td><td class=\"has-text-align-center\" data-align=\"center\">422<\/td><\/tr><tr><td>Japonia<\/td><td class=\"has-text-align-center\" data-align=\"center\">164<\/td><td class=\"has-text-align-center\" data-align=\"center\">223<\/td><td class=\"has-text-align-center\" data-align=\"center\">135<\/td><td class=\"has-text-align-center\" data-align=\"center\">237<\/td><td class=\"has-text-align-center\" data-align=\"center\">331<\/td><\/tr><tr><td>Tajvani<\/td><td class=\"has-text-align-center\" data-align=\"center\">174<\/td><td class=\"has-text-align-center\" data-align=\"center\">180<\/td><td class=\"has-text-align-center\" data-align=\"center\">142<\/td><td class=\"has-text-align-center\" data-align=\"center\">178<\/td><td class=\"has-text-align-center\" data-align=\"center\">301<\/td><\/tr><tr><td>Siria<\/td><td class=\"has-text-align-center\" data-align=\"center\">55<\/td><td class=\"has-text-align-center\" data-align=\"center\">83<\/td><td class=\"has-text-align-center\" data-align=\"center\">36<\/td><td class=\"has-text-align-center\" data-align=\"center\">84<\/td><td class=\"has-text-align-center\" data-align=\"center\">240<\/td><\/tr><tr><td>Libani<\/td><td class=\"has-text-align-center\" data-align=\"center\">44<\/td><td class=\"has-text-align-center\" data-align=\"center\">77<\/td><td class=\"has-text-align-center\" data-align=\"center\">26<\/td><td class=\"has-text-align-center\" data-align=\"center\">107<\/td><td class=\"has-text-align-center\" data-align=\"center\">209<\/td><\/tr><tr><td>Mongolia<\/td><td class=\"has-text-align-center\" data-align=\"center\">160<\/td><td class=\"has-text-align-center\" data-align=\"center\">143<\/td><td class=\"has-text-align-center\" data-align=\"center\">114<\/td><td class=\"has-text-align-center\" data-align=\"center\">197<\/td><td class=\"has-text-align-center\" data-align=\"center\">196<\/td><\/tr><tr><td>Kamboxhia<\/td><td class=\"has-text-align-center\" data-align=\"center\">121<\/td><td class=\"has-text-align-center\" data-align=\"center\">86<\/td><td class=\"has-text-align-center\" data-align=\"center\">69<\/td><td class=\"has-text-align-center\" data-align=\"center\">51<\/td><td class=\"has-text-align-center\" data-align=\"center\">166<\/td><\/tr><tr><td>Tajland\u00eb<\/td><td class=\"has-text-align-center\" data-align=\"center\">32<\/td><td class=\"has-text-align-center\" data-align=\"center\">60<\/td><td class=\"has-text-align-center\" data-align=\"center\">36<\/td><td class=\"has-text-align-center\" data-align=\"center\">51<\/td><td class=\"has-text-align-center\" data-align=\"center\">142<\/td><\/tr><tr><td>Indonezia<\/td><td class=\"has-text-align-center\" data-align=\"center\">64<\/td><td class=\"has-text-align-center\" data-align=\"center\">63<\/td><td class=\"has-text-align-center\" data-align=\"center\">58<\/td><td class=\"has-text-align-center\" data-align=\"center\">85<\/td><td class=\"has-text-align-center\" data-align=\"center\">106<\/td><\/tr><tr><td>Kuvajti<\/td><td class=\"has-text-align-center\" data-align=\"center\">81<\/td><td class=\"has-text-align-center\" data-align=\"center\">51<\/td><td class=\"has-text-align-center\" data-align=\"center\">37<\/td><td class=\"has-text-align-center\" data-align=\"center\">52<\/td><td class=\"has-text-align-center\" data-align=\"center\">106<\/td><\/tr><tr><td>Emiratet e Bashkuara Arabe<\/td><td class=\"has-text-align-center\" data-align=\"center\">64<\/td><td class=\"has-text-align-center\" data-align=\"center\">78<\/td><td class=\"has-text-align-center\" data-align=\"center\">71<\/td><td class=\"has-text-align-center\" data-align=\"center\">50<\/td><td class=\"has-text-align-center\" data-align=\"center\">85<\/td><\/tr><tr><td>Butani<\/td><td class=\"has-text-align-center\" data-align=\"center\">7<\/td><td class=\"has-text-align-center\" data-align=\"center\">20<\/td><td class=\"has-text-align-center\" data-align=\"center\">5<\/td><td class=\"has-text-align-center\" data-align=\"center\">18<\/td><td class=\"has-text-align-center\" data-align=\"center\">80<\/td><\/tr><\/tbody><\/table><figcaption class=\"wp-element-caption\">Numri i vizave nga <a href=\"https:\/\/us-gc.net\/sq\/diversitet-viza-program\/\">Programi i Vizave t\u00eb Shum\u00ebllojshm\u00ebris\u00eb<\/a> p\u00ebr vendet e m\u00ebdha aziatike<\/figcaption><\/figure>\n\n<p><\/p>\n","protected":false},"excerpt":{"rendered":"<p>Vendet aziatike n\u00eb lotarin\u00eb e Kartonit t\u00eb Gjelb\u00ebr t\u00eb SHBA \u00c7do vit miliona kandidat\u00eb marrin pjes\u00eb n\u00eb shortin e shortit t\u00eb Kartonit Gjelb\u00ebr Amerikan. Ne kemi p\u00ebrpiluar statistika t\u00eb publikuara nga Departamenti i Shtetit n\u00eb travel.state.gov p\u00ebr t&#8217;ju sjell\u00eb shifrat kryesore mbi pjes\u00ebmarrjen e qytetar\u00ebve aziatik\u00eb n\u00eb lotarin\u00eb e Kartonit t\u00eb Gjelb\u00ebr. Sa aziatik\u00eb marrin [&hellip;]<\/p>\n","protected":false},"author":1,"featured_media":0,"parent":0,"menu_order":0,"comment_status":"closed","ping_status":"closed","template":"","meta":{"footnotes":""},"class_list":["post-4220","page","type-page","status-publish","hentry"],"yoast_head":"<!-- This site is optimized with the Yoast SEO plugin v27.4 - https:\/\/yoast.com\/product\/yoast-seo-wordpress\/ -->\n<title>Lotaria e Kart\u00ebs s\u00eb Gjelb\u00ebr p\u00ebr vendet aziatike - USA GC<\/title>\n<meta name=\"robots\" content=\"index, follow, max-snippet:-1, max-image-preview:large, max-video-preview:-1\" \/>\n<link rel=\"canonical\" href=\"https:\/\/us-gc.net\/sq\/vendi-i-pjesemarrjes-negreen-card-te-lotarise-azi\/\" \/>\n<meta property=\"og:locale\" content=\"sq_AL\" \/>\n<meta property=\"og:type\" content=\"article\" \/>\n<meta property=\"og:title\" content=\"Lotaria e Kart\u00ebs s\u00eb Gjelb\u00ebr p\u00ebr vendet aziatike - USA GC\" \/>\n<meta property=\"og:description\" content=\"Vendet aziatike n\u00eb lotarin\u00eb e Kartonit t\u00eb Gjelb\u00ebr t\u00eb SHBA \u00c7do vit miliona kandidat\u00eb marrin pjes\u00eb n\u00eb shortin e shortit t\u00eb Kartonit Gjelb\u00ebr Amerikan. Ne kemi p\u00ebrpiluar statistika t\u00eb publikuara nga Departamenti i Shtetit n\u00eb travel.state.gov p\u00ebr t&#8217;ju sjell\u00eb shifrat kryesore mbi pjes\u00ebmarrjen e qytetar\u00ebve aziatik\u00eb n\u00eb lotarin\u00eb e Kartonit t\u00eb Gjelb\u00ebr. Sa aziatik\u00eb marrin [&hellip;]\" \/>\n<meta property=\"og:url\" content=\"https:\/\/us-gc.net\/sq\/vendi-i-pjesemarrjes-negreen-card-te-lotarise-azi\/\" \/>\n<meta property=\"og:site_name\" content=\"USA GC\" \/>\n<meta property=\"article:modified_time\" content=\"2024-12-30T09:44:38+00:00\" \/>\n<meta name=\"twitter:card\" content=\"summary_large_image\" \/>\n<meta name=\"twitter:label1\" content=\"Est. reading time\" \/>\n\t<meta name=\"twitter:data1\" content=\"2 minutes\" \/>\n<script type=\"application\/ld+json\" class=\"yoast-schema-graph\">{\"@context\":\"https:\\\/\\\/schema.org\",\"@graph\":[{\"@type\":\"WebPage\",\"@id\":\"https:\\\/\\\/us-gc.net\\\/sq\\\/vendi-i-pjesemarrjes-negreen-card-te-lotarise-azi\\\/\",\"url\":\"https:\\\/\\\/us-gc.net\\\/sq\\\/vendi-i-pjesemarrjes-negreen-card-te-lotarise-azi\\\/\",\"name\":\"Lotaria e Kart\u00ebs s\u00eb Gjelb\u00ebr p\u00ebr vendet aziatike - USA GC\",\"isPartOf\":{\"@id\":\"https:\\\/\\\/us-gc.net\\\/sq\\\/#website\"},\"datePublished\":\"2024-04-08T08:17:47+00:00\",\"dateModified\":\"2024-12-30T09:44:38+00:00\",\"breadcrumb\":{\"@id\":\"https:\\\/\\\/us-gc.net\\\/sq\\\/vendi-i-pjesemarrjes-negreen-card-te-lotarise-azi\\\/#breadcrumb\"},\"inLanguage\":\"sq-AL\",\"potentialAction\":[{\"@type\":\"ReadAction\",\"target\":[\"https:\\\/\\\/us-gc.net\\\/sq\\\/vendi-i-pjesemarrjes-negreen-card-te-lotarise-azi\\\/\"]}]},{\"@type\":\"BreadcrumbList\",\"@id\":\"https:\\\/\\\/us-gc.net\\\/sq\\\/vendi-i-pjesemarrjes-negreen-card-te-lotarise-azi\\\/#breadcrumb\",\"itemListElement\":[{\"@type\":\"ListItem\",\"position\":1,\"name\":\"Accueil\",\"item\":\"https:\\\/\\\/us-gc.net\\\/sq\\\/green-card\\\/\"},{\"@type\":\"ListItem\",\"position\":2,\"name\":\"Lotaria e Kart\u00ebs s\u00eb Gjelb\u00ebr p\u00ebr vendet aziatike\"}]},{\"@type\":\"WebSite\",\"@id\":\"https:\\\/\\\/us-gc.net\\\/sq\\\/#website\",\"url\":\"https:\\\/\\\/us-gc.net\\\/sq\\\/\",\"name\":\"USA GC\",\"description\":\"\",\"potentialAction\":[{\"@type\":\"SearchAction\",\"target\":{\"@type\":\"EntryPoint\",\"urlTemplate\":\"https:\\\/\\\/us-gc.net\\\/sq\\\/?s={search_term_string}\"},\"query-input\":{\"@type\":\"PropertyValueSpecification\",\"valueRequired\":true,\"valueName\":\"search_term_string\"}}],\"inLanguage\":\"sq-AL\"}]}<\/script>\n<!-- \/ Yoast SEO plugin. -->","yoast_head_json":{"title":"Lotaria e Kart\u00ebs s\u00eb Gjelb\u00ebr p\u00ebr vendet aziatike - USA GC","robots":{"index":"index","follow":"follow","max-snippet":"max-snippet:-1","max-image-preview":"max-image-preview:large","max-video-preview":"max-video-preview:-1"},"canonical":"https:\/\/us-gc.net\/sq\/vendi-i-pjesemarrjes-negreen-card-te-lotarise-azi\/","og_locale":"sq_AL","og_type":"article","og_title":"Lotaria e Kart\u00ebs s\u00eb Gjelb\u00ebr p\u00ebr vendet aziatike - USA GC","og_description":"Vendet aziatike n\u00eb lotarin\u00eb e Kartonit t\u00eb Gjelb\u00ebr t\u00eb SHBA \u00c7do vit miliona kandidat\u00eb marrin pjes\u00eb n\u00eb shortin e shortit t\u00eb Kartonit Gjelb\u00ebr Amerikan. Ne kemi p\u00ebrpiluar statistika t\u00eb publikuara nga Departamenti i Shtetit n\u00eb travel.state.gov p\u00ebr t&#8217;ju sjell\u00eb shifrat kryesore mbi pjes\u00ebmarrjen e qytetar\u00ebve aziatik\u00eb n\u00eb lotarin\u00eb e Kartonit t\u00eb Gjelb\u00ebr. Sa aziatik\u00eb marrin [&hellip;]","og_url":"https:\/\/us-gc.net\/sq\/vendi-i-pjesemarrjes-negreen-card-te-lotarise-azi\/","og_site_name":"USA GC","article_modified_time":"2024-12-30T09:44:38+00:00","twitter_card":"summary_large_image","twitter_misc":{"Est. reading time":"2 minutes"},"schema":{"@context":"https:\/\/schema.org","@graph":[{"@type":"WebPage","@id":"https:\/\/us-gc.net\/sq\/vendi-i-pjesemarrjes-negreen-card-te-lotarise-azi\/","url":"https:\/\/us-gc.net\/sq\/vendi-i-pjesemarrjes-negreen-card-te-lotarise-azi\/","name":"Lotaria e Kart\u00ebs s\u00eb Gjelb\u00ebr p\u00ebr vendet aziatike - USA GC","isPartOf":{"@id":"https:\/\/us-gc.net\/sq\/#website"},"datePublished":"2024-04-08T08:17:47+00:00","dateModified":"2024-12-30T09:44:38+00:00","breadcrumb":{"@id":"https:\/\/us-gc.net\/sq\/vendi-i-pjesemarrjes-negreen-card-te-lotarise-azi\/#breadcrumb"},"inLanguage":"sq-AL","potentialAction":[{"@type":"ReadAction","target":["https:\/\/us-gc.net\/sq\/vendi-i-pjesemarrjes-negreen-card-te-lotarise-azi\/"]}]},{"@type":"BreadcrumbList","@id":"https:\/\/us-gc.net\/sq\/vendi-i-pjesemarrjes-negreen-card-te-lotarise-azi\/#breadcrumb","itemListElement":[{"@type":"ListItem","position":1,"name":"Accueil","item":"https:\/\/us-gc.net\/sq\/green-card\/"},{"@type":"ListItem","position":2,"name":"Lotaria e Kart\u00ebs s\u00eb Gjelb\u00ebr p\u00ebr vendet aziatike"}]},{"@type":"WebSite","@id":"https:\/\/us-gc.net\/sq\/#website","url":"https:\/\/us-gc.net\/sq\/","name":"USA GC","description":"","potentialAction":[{"@type":"SearchAction","target":{"@type":"EntryPoint","urlTemplate":"https:\/\/us-gc.net\/sq\/?s={search_term_string}"},"query-input":{"@type":"PropertyValueSpecification","valueRequired":true,"valueName":"search_term_string"}}],"inLanguage":"sq-AL"}]}},"_links":{"self":[{"href":"https:\/\/us-gc.net\/sq\/wp-json\/wp\/v2\/pages\/4220","targetHints":{"allow":["GET"]}}],"collection":[{"href":"https:\/\/us-gc.net\/sq\/wp-json\/wp\/v2\/pages"}],"about":[{"href":"https:\/\/us-gc.net\/sq\/wp-json\/wp\/v2\/types\/page"}],"author":[{"embeddable":true,"href":"https:\/\/us-gc.net\/sq\/wp-json\/wp\/v2\/users\/1"}],"replies":[{"embeddable":true,"href":"https:\/\/us-gc.net\/sq\/wp-json\/wp\/v2\/comments?post=4220"}],"version-history":[{"count":1,"href":"https:\/\/us-gc.net\/sq\/wp-json\/wp\/v2\/pages\/4220\/revisions"}],"predecessor-version":[{"id":7910,"href":"https:\/\/us-gc.net\/sq\/wp-json\/wp\/v2\/pages\/4220\/revisions\/7910"}],"wp:attachment":[{"href":"https:\/\/us-gc.net\/sq\/wp-json\/wp\/v2\/media?parent=4220"}],"curies":[{"name":"wp","href":"https:\/\/api.w.org\/{rel}","templated":true}]}}