{"id":3347,"date":"2024-01-31T16:36:26","date_gmt":"2024-01-31T16:36:26","guid":{"rendered":"https:\/\/green-card-usa.net\/green-card-sponsorizimi\/"},"modified":"2024-12-30T09:46:03","modified_gmt":"2024-12-30T09:46:03","slug":"green-card-sponsorizimi","status":"publish","type":"page","link":"https:\/\/us-gc.net\/sq\/green-card-sponsorizimi\/","title":{"rendered":"Sponsorizoni nj\u00eb kandidat t\u00eb Kartonit t\u00eb Gjelb\u00ebr"},"content":{"rendered":"\n<h1 class=\"wp-block-heading\" id=\"h-obtenir-la-green-card-grace-au-parrainage\">Merrni Kartonin e Gjelb\u00ebr fal\u00eb sponsorizimit<\/h1>\n\n<p>Marrja e nj\u00eb karte jeshile amerikane p\u00ebrmes nj\u00eb sponsori lejon emigrant\u00ebt t\u00eb b\u00ebhen banor\u00eb t\u00eb p\u00ebrhersh\u00ebm t\u00eb Shteteve t\u00eb Bashkuara. K\u00ebtu jan\u00eb aspektet thelb\u00ebsore t\u00eb sponsorizimit t\u00eb Kartonit t\u00eb Gjelb\u00ebr dhe detyrimet e sponsorit.<\/p>\n\n<h2 class=\"wp-block-heading\" id=\"h-qu-est-ce-que-le-parrainage-de-la-green-card\">\u00c7far\u00eb \u00ebsht\u00eb sponsorizimi i Kartonit t\u00eb Gjelb\u00ebr?<\/h2>\n\n<p>Sponsorizimi i Kart\u00ebs s\u00eb Gjelb\u00ebr i referohet aktit t\u00eb mb\u00ebshtetjes s\u00eb aplikimit t\u00eb nj\u00eb personi p\u00ebr q\u00ebndrim t\u00eb p\u00ebrhersh\u00ebm n\u00eb Shtetet e Bashkuara. Kjo mb\u00ebshtetje mund t\u00eb vij\u00eb nga nj\u00eb an\u00ebtar i familjes i cili tashm\u00eb \u00ebsht\u00eb shtetas i SHBA-s\u00eb ose mbajt\u00ebs i <a href=\"https:\/\/us-gc.net\/sq\/\">Kart\u00ebs s\u00eb Gjelb\u00ebr<\/a>, ose nga nj\u00eb pun\u00ebdh\u00ebn\u00ebs amerikan.<\/p>\n\n<p>Sponsori \u00ebsht\u00eb nj\u00eb lloj garancie morale p\u00ebr kandidatin e Kartonit Jeshil.  <\/p>\n\n<h2 class=\"wp-block-heading\" id=\"h-parrainage-familial\">Sponsorizimi familjar<\/h2>\n\n<h3 class=\"wp-block-heading\" id=\"h-le-titulaire-d-une-green-card-peut-il-parrainer-ses-parents\">A mundet nj\u00eb mbajt\u00ebs i Kartonit t\u00eb Gjelb\u00ebr t\u00eb sponsorizoj\u00eb prind\u00ebrit e tij?<\/h3>\n\n<p>Jo, mbajt\u00ebsit e kartonit jeshil nuk mund t\u00eb sponsorizojn\u00eb prind\u00ebrit e tyre. Vet\u00ebm qytetar\u00ebt amerikan\u00eb mund t\u00eb sponsorizojn\u00eb prind\u00ebrit e tyre p\u00ebr nj\u00eb Karton jeshil si t\u00eb af\u00ebrm t\u00eb af\u00ebrt.<\/p>\n\n<h3 class=\"wp-block-heading\" id=\"h-le-titulaire-d-une-green-card-peut-il-parrainer-son-conjoint\">A mundet nj\u00eb mbajt\u00ebs i Kartonit t\u00eb Gjelb\u00ebr t\u00eb sponsorizoj\u00eb bashk\u00ebshortin e tij?<\/h3>\n\n<p>Po, mbajt\u00ebsit e Kartonit t\u00eb Gjelb\u00ebr mund t\u00eb sponsorizojn\u00eb bashk\u00ebshortin e tyre p\u00ebr q\u00ebndrim t\u00eb p\u00ebrhersh\u00ebm n\u00eb Shtetet e Bashkuara.<\/p>\n\n<h3 class=\"wp-block-heading\" id=\"h-le-titulaire-d-une-green-card-peut-il-parrainer-ses-freres-et-soeurs\">A mundet nj\u00eb mbajt\u00ebs i Kartonit t\u00eb Gjelb\u00ebr t\u00eb sponsorizoj\u00eb v\u00ebllez\u00ebrit dhe motrat e tij?<\/h3>\n\n<p>Jo, mbajt\u00ebsit e Kartonit t\u00eb Gjelb\u00ebr nuk mund t\u00eb sponsorizojn\u00eb v\u00ebllez\u00ebrit dhe motrat e tyre. Ky opsion \u00ebsht\u00eb i disponuesh\u00ebm vet\u00ebm p\u00ebr qytetar\u00ebt amerikan\u00eb.<\/p>\n\n<h3 class=\"wp-block-heading\" id=\"h-le-titulaire-d-une-green-card-peut-il-parrainer-un-enfant-de-plus-de-21-ans\">A mundet nj\u00eb mbajt\u00ebs i kartonit jeshil t\u00eb sponsorizoj\u00eb nj\u00eb f\u00ebmij\u00eb mbi 21 vje\u00e7?<\/h3>\n\n<p>Po, mbajt\u00ebsit e kartonit jeshil mund t\u00eb sponsorizojn\u00eb f\u00ebmij\u00ebt e tyre t\u00eb pamartuar mbi mosh\u00ebn 21 vje\u00e7, por ata b\u00ebjn\u00eb pjes\u00eb n\u00eb nj\u00eb kategori preferenciale, e cila mund t\u00eb rezultoj\u00eb n\u00eb vonesa m\u00eb t\u00eb gjata.<\/p>\n\n<h2 class=\"wp-block-heading\" id=\"h-une-entreprise-peut-elle-sponsoriser-une-green-card\">A mund t\u00eb sponsorizoj\u00eb nj\u00eb kompani nj\u00eb Karton jeshil?<\/h2>\n\n<p>Po, nj\u00eb kompani mund t\u00eb sponsorizoj\u00eb nj\u00eb punonj\u00ebs p\u00ebr nj\u00eb Karton jeshil p\u00ebrmes procesit t\u00eb certifikimit t\u00eb pun\u00ebs ose kategorive t\u00eb tjera t\u00eb pun\u00ebsimit.<\/p>\n\n<h2 class=\"wp-block-heading\" id=\"h-les-etapes-pour-obtenir-une-green-card-grace-a-un-sponsor\">Hapat p\u00ebr t\u00eb marr\u00eb nj\u00eb karton jeshil fal\u00eb nj\u00eb sponsori<\/h2>\n\n<ol class=\"wp-block-list\">\n<li><strong>Identifikimi i sponsorit<\/strong> : P\u00ebrcaktoni n\u00ebse keni t\u00eb drejt\u00eb t\u00eb sponsoroheni nga nj\u00eb an\u00ebtar i familjes ose pun\u00ebdh\u00ebn\u00ebs.<\/li>\n\n\n\n<li><strong>Dor\u00ebzimi i formularit I-130<\/strong> p\u00ebr sponsorizimin e familjes. Si pjes\u00eb e nj\u00eb pun\u00ebdh\u00ebn\u00ebsi sponsorizues, duhet t\u00eb nis\u00eb nj\u00eb proces certifikimi i pun\u00ebs.<\/li>\n\n\n\n<li><strong>N\u00eb pritje t\u00eb miratimit<\/strong> : Koh\u00ebt ndryshojn\u00eb n\u00eb var\u00ebsi t\u00eb kategoris\u00eb s\u00eb sponsorizimit dhe origjin\u00ebs komb\u00ebtare t\u00eb aplikantit.<\/li>\n\n\n\n<li><strong>Rregullimi i statusit ose procesit konsullor<\/strong> : N\u00ebse jeni tashm\u00eb n\u00eb Shtetet e Bashkuara, mund t\u00eb rregulloni statusin tuaj. P\u00ebrndryshe, ju do t\u00eb kaloni procesin konsullor n\u00eb vendin tuaj.<\/li>\n\n\n\n<li><strong>Intervista dhe miratimi<\/strong> : Merrni pjes\u00eb n\u00eb nj\u00eb <a href=\"https:\/\/us-gc.net\/sq\/green-card-interview\/\">intervist\u00eb p\u00ebr Kartonin e Gjelb\u00ebr<\/a> n\u00eb konsullat\u00eb ose me ekipet e <a href=\"https:\/\/www.uscis.gov\/\">USCIS<\/a> p\u00ebr t\u00eb v\u00ebrtetuar dosjen tuaj.<\/li>\n<\/ol>\n\n<h2 class=\"wp-block-heading\" id=\"h-le-sponsor-peut-il-revoquer-la-green-card\">A mundet sponsori t\u00eb revokoj\u00eb Kartonin e Gjelb\u00ebr?<\/h2>\n\n<p>Pasi t\u00eb jepet Kartoni i Gjelb\u00ebr, sponsori n\u00eb p\u00ebrgjith\u00ebsi nuk mund ta revokoj\u00eb at\u00eb. Megjithat\u00eb, ekzistojn\u00eb p\u00ebrjashtime, ve\u00e7an\u00ebrisht n\u00ebse Kartoni i Gjelb\u00ebr \u00ebsht\u00eb marr\u00eb me mashtrim.<\/p>\n\n<h2 class=\"wp-block-heading\" id=\"h-faut-il-un-sponsor-pour-participer-a-la-loterie\">Keni nevoj\u00eb p\u00ebr nj\u00eb sponsor p\u00ebr t\u00eb marr\u00eb pjes\u00eb n\u00eb lotari?<\/h2>\n\n<p>Jo, nuk keni nevoj\u00eb t\u00eb keni nj\u00eb sponsor p\u00ebr t\u00eb marr\u00eb pjes\u00eb n\u00eb <a href=\"https:\/\/us-gc.net\/sq\/lotaria-green-card\/\">shortin e Kartonit t\u00eb Gjelb\u00ebr<\/a>. Regjistrimi b\u00ebhet t\u00ebr\u00ebsisht online n\u00eb vet\u00ebm pak minuta. P\u00ebr t\u00eb siguruar pjes\u00ebmarrjen tuaj, klikoni n\u00eb <a href=\"https:\/\/us-gc.net\/sq\/green-card-llotari-formular\/\">formularin online<\/a>.<\/p>\n","protected":false},"excerpt":{"rendered":"<p>Merrni Kartonin e Gjelb\u00ebr fal\u00eb sponsorizimit Marrja e nj\u00eb karte jeshile amerikane p\u00ebrmes nj\u00eb sponsori lejon emigrant\u00ebt t\u00eb b\u00ebhen banor\u00eb t\u00eb p\u00ebrhersh\u00ebm t\u00eb Shteteve t\u00eb Bashkuara. K\u00ebtu jan\u00eb aspektet thelb\u00ebsore t\u00eb sponsorizimit t\u00eb Kartonit t\u00eb Gjelb\u00ebr dhe detyrimet e sponsorit. \u00c7far\u00eb \u00ebsht\u00eb sponsorizimi i Kartonit t\u00eb Gjelb\u00ebr? Sponsorizimi i Kart\u00ebs s\u00eb Gjelb\u00ebr i referohet aktit [&hellip;]<\/p>\n","protected":false},"author":1,"featured_media":0,"parent":0,"menu_order":0,"comment_status":"closed","ping_status":"closed","template":"","meta":{"footnotes":""},"class_list":["post-3347","page","type-page","status-publish","hentry"],"yoast_head":"<!-- This site is optimized with the Yoast SEO plugin v27.4 - https:\/\/yoast.com\/product\/yoast-seo-wordpress\/ -->\n<title>Sponsorizoni nj\u00eb kandidat t\u00eb Kartonit t\u00eb Gjelb\u00ebr - USA GC<\/title>\n<meta name=\"description\" content=\"Mbajt\u00ebsi i kartonit jeshil mund t\u00eb sponsorizoj\u00eb nj\u00eb kandidat p\u00ebr t\u00eb marr\u00eb Kartonin Jeshil n\u00eb rrethana t\u00eb caktuara\" \/>\n<meta name=\"robots\" content=\"index, follow, max-snippet:-1, max-image-preview:large, max-video-preview:-1\" \/>\n<link rel=\"canonical\" href=\"https:\/\/us-gc.net\/sq\/green-card-sponsorizimi\/\" \/>\n<meta property=\"og:locale\" content=\"sq_AL\" \/>\n<meta property=\"og:type\" content=\"article\" \/>\n<meta property=\"og:title\" content=\"Sponsorizoni nj\u00eb kandidat t\u00eb Kartonit t\u00eb Gjelb\u00ebr - USA GC\" \/>\n<meta property=\"og:description\" content=\"Mbajt\u00ebsi i kartonit jeshil mund t\u00eb sponsorizoj\u00eb nj\u00eb kandidat p\u00ebr t\u00eb marr\u00eb Kartonin Jeshil n\u00eb rrethana t\u00eb caktuara\" \/>\n<meta property=\"og:url\" content=\"https:\/\/us-gc.net\/sq\/green-card-sponsorizimi\/\" \/>\n<meta property=\"og:site_name\" content=\"USA GC\" \/>\n<meta property=\"article:modified_time\" content=\"2024-12-30T09:46:03+00:00\" \/>\n<meta name=\"twitter:card\" content=\"summary_large_image\" \/>\n<meta name=\"twitter:label1\" content=\"Est. reading time\" \/>\n\t<meta name=\"twitter:data1\" content=\"3 minutes\" \/>\n<script type=\"application\/ld+json\" class=\"yoast-schema-graph\">{\"@context\":\"https:\\\/\\\/schema.org\",\"@graph\":[{\"@type\":\"WebPage\",\"@id\":\"https:\\\/\\\/us-gc.net\\\/sq\\\/green-card-sponsorizimi\\\/\",\"url\":\"https:\\\/\\\/us-gc.net\\\/sq\\\/green-card-sponsorizimi\\\/\",\"name\":\"Sponsorizoni nj\u00eb kandidat t\u00eb Kartonit t\u00eb Gjelb\u00ebr - USA GC\",\"isPartOf\":{\"@id\":\"https:\\\/\\\/us-gc.net\\\/sq\\\/#website\"},\"datePublished\":\"2024-01-31T16:36:26+00:00\",\"dateModified\":\"2024-12-30T09:46:03+00:00\",\"description\":\"Mbajt\u00ebsi i kartonit jeshil mund t\u00eb sponsorizoj\u00eb nj\u00eb kandidat p\u00ebr t\u00eb marr\u00eb Kartonin Jeshil n\u00eb rrethana t\u00eb caktuara\",\"breadcrumb\":{\"@id\":\"https:\\\/\\\/us-gc.net\\\/sq\\\/green-card-sponsorizimi\\\/#breadcrumb\"},\"inLanguage\":\"sq-AL\",\"potentialAction\":[{\"@type\":\"ReadAction\",\"target\":[\"https:\\\/\\\/us-gc.net\\\/sq\\\/green-card-sponsorizimi\\\/\"]}]},{\"@type\":\"BreadcrumbList\",\"@id\":\"https:\\\/\\\/us-gc.net\\\/sq\\\/green-card-sponsorizimi\\\/#breadcrumb\",\"itemListElement\":[{\"@type\":\"ListItem\",\"position\":1,\"name\":\"Accueil\",\"item\":\"https:\\\/\\\/us-gc.net\\\/sq\\\/green-card\\\/\"},{\"@type\":\"ListItem\",\"position\":2,\"name\":\"Sponsorizoni nj\u00eb kandidat t\u00eb Kartonit t\u00eb Gjelb\u00ebr\"}]},{\"@type\":\"WebSite\",\"@id\":\"https:\\\/\\\/us-gc.net\\\/sq\\\/#website\",\"url\":\"https:\\\/\\\/us-gc.net\\\/sq\\\/\",\"name\":\"USA GC\",\"description\":\"\",\"potentialAction\":[{\"@type\":\"SearchAction\",\"target\":{\"@type\":\"EntryPoint\",\"urlTemplate\":\"https:\\\/\\\/us-gc.net\\\/sq\\\/?s={search_term_string}\"},\"query-input\":{\"@type\":\"PropertyValueSpecification\",\"valueRequired\":true,\"valueName\":\"search_term_string\"}}],\"inLanguage\":\"sq-AL\"}]}<\/script>\n<!-- \/ Yoast SEO plugin. -->","yoast_head_json":{"title":"Sponsorizoni nj\u00eb kandidat t\u00eb Kartonit t\u00eb Gjelb\u00ebr - USA GC","description":"Mbajt\u00ebsi i kartonit jeshil mund t\u00eb sponsorizoj\u00eb nj\u00eb kandidat p\u00ebr t\u00eb marr\u00eb Kartonin Jeshil n\u00eb rrethana t\u00eb caktuara","robots":{"index":"index","follow":"follow","max-snippet":"max-snippet:-1","max-image-preview":"max-image-preview:large","max-video-preview":"max-video-preview:-1"},"canonical":"https:\/\/us-gc.net\/sq\/green-card-sponsorizimi\/","og_locale":"sq_AL","og_type":"article","og_title":"Sponsorizoni nj\u00eb kandidat t\u00eb Kartonit t\u00eb Gjelb\u00ebr - USA GC","og_description":"Mbajt\u00ebsi i kartonit jeshil mund t\u00eb sponsorizoj\u00eb nj\u00eb kandidat p\u00ebr t\u00eb marr\u00eb Kartonin Jeshil n\u00eb rrethana t\u00eb caktuara","og_url":"https:\/\/us-gc.net\/sq\/green-card-sponsorizimi\/","og_site_name":"USA GC","article_modified_time":"2024-12-30T09:46:03+00:00","twitter_card":"summary_large_image","twitter_misc":{"Est. reading time":"3 minutes"},"schema":{"@context":"https:\/\/schema.org","@graph":[{"@type":"WebPage","@id":"https:\/\/us-gc.net\/sq\/green-card-sponsorizimi\/","url":"https:\/\/us-gc.net\/sq\/green-card-sponsorizimi\/","name":"Sponsorizoni nj\u00eb kandidat t\u00eb Kartonit t\u00eb Gjelb\u00ebr - USA GC","isPartOf":{"@id":"https:\/\/us-gc.net\/sq\/#website"},"datePublished":"2024-01-31T16:36:26+00:00","dateModified":"2024-12-30T09:46:03+00:00","description":"Mbajt\u00ebsi i kartonit jeshil mund t\u00eb sponsorizoj\u00eb nj\u00eb kandidat p\u00ebr t\u00eb marr\u00eb Kartonin Jeshil n\u00eb rrethana t\u00eb caktuara","breadcrumb":{"@id":"https:\/\/us-gc.net\/sq\/green-card-sponsorizimi\/#breadcrumb"},"inLanguage":"sq-AL","potentialAction":[{"@type":"ReadAction","target":["https:\/\/us-gc.net\/sq\/green-card-sponsorizimi\/"]}]},{"@type":"BreadcrumbList","@id":"https:\/\/us-gc.net\/sq\/green-card-sponsorizimi\/#breadcrumb","itemListElement":[{"@type":"ListItem","position":1,"name":"Accueil","item":"https:\/\/us-gc.net\/sq\/green-card\/"},{"@type":"ListItem","position":2,"name":"Sponsorizoni nj\u00eb kandidat t\u00eb Kartonit t\u00eb Gjelb\u00ebr"}]},{"@type":"WebSite","@id":"https:\/\/us-gc.net\/sq\/#website","url":"https:\/\/us-gc.net\/sq\/","name":"USA GC","description":"","potentialAction":[{"@type":"SearchAction","target":{"@type":"EntryPoint","urlTemplate":"https:\/\/us-gc.net\/sq\/?s={search_term_string}"},"query-input":{"@type":"PropertyValueSpecification","valueRequired":true,"valueName":"search_term_string"}}],"inLanguage":"sq-AL"}]}},"_links":{"self":[{"href":"https:\/\/us-gc.net\/sq\/wp-json\/wp\/v2\/pages\/3347","targetHints":{"allow":["GET"]}}],"collection":[{"href":"https:\/\/us-gc.net\/sq\/wp-json\/wp\/v2\/pages"}],"about":[{"href":"https:\/\/us-gc.net\/sq\/wp-json\/wp\/v2\/types\/page"}],"author":[{"embeddable":true,"href":"https:\/\/us-gc.net\/sq\/wp-json\/wp\/v2\/users\/1"}],"replies":[{"embeddable":true,"href":"https:\/\/us-gc.net\/sq\/wp-json\/wp\/v2\/comments?post=3347"}],"version-history":[{"count":1,"href":"https:\/\/us-gc.net\/sq\/wp-json\/wp\/v2\/pages\/3347\/revisions"}],"predecessor-version":[{"id":7998,"href":"https:\/\/us-gc.net\/sq\/wp-json\/wp\/v2\/pages\/3347\/revisions\/7998"}],"wp:attachment":[{"href":"https:\/\/us-gc.net\/sq\/wp-json\/wp\/v2\/media?parent=3347"}],"curies":[{"name":"wp","href":"https:\/\/api.w.org\/{rel}","templated":true}]}}