{"id":3331,"date":"2024-02-08T15:57:06","date_gmt":"2024-02-08T15:57:06","guid":{"rendered":"https:\/\/green-card-usa.net\/cmimi-green-card\/"},"modified":"2025-03-31T11:22:38","modified_gmt":"2025-03-31T11:22:38","slug":"cmimi-green-card","status":"publish","type":"page","link":"https:\/\/us-gc.net\/sq\/cmimi-green-card\/","title":{"rendered":"Sa kushton Green Card ?"},"content":{"rendered":"\n<h1 class=\"wp-block-heading\" id=\"h-prix-a-payer-pour-obtenir-la-green-card\">\u00c7mimi q\u00eb duhet paguar p\u00ebr t\u00eb marr\u00eb Green Card<\/h1>\n\n<p>Tarifat q\u00eb duhen paguar p\u00ebr t\u00eb marr\u00eb nj\u00eb Green Card varen nga lloji i Kartonit t\u00eb Gjelb\u00ebr dhe situata e aplikantit. Ka tarifa p\u00ebr t\u00eb paguar n\u00eb kat\u00ebr situatat kryesore t\u00eb marrjes s\u00eb Green Card.<\/p>\n\n<h2 class=\"wp-block-heading\" id=\"h-quels-sont-les-frais-d-une-green-card-obtenue-a-la-loterie\">Cilat jan\u00eb kostot e nj\u00eb kartoni jeshil t\u00eb marr\u00eb p\u00ebrmes shortit?<\/h2>\n\n<p><a href=\"https:\/\/us-gc.net\/sq\/lotaria-green-card\/\">Lotaria e Kartonit Jeshil<\/a> lejon m\u00eb shum\u00eb se 50,000 shtetas t\u00eb huaj t\u00eb fitojn\u00eb t\u00eb drejt\u00ebn p\u00ebr t\u00eb marr\u00eb nj\u00eb <a href=\"https:\/\/us-gc.net\/sq\/\">Green Card<\/a>. Pjes\u00ebmarrja n\u00eb short \u00ebsht\u00eb falas. Megjithat\u00eb, aplikant\u00ebve do t&#8217;u duhet t&#8217;i paguajn\u00eb tarifat e vizave t\u00eb diversitetit administrat\u00ebs amerikane p\u00ebr t\u00eb marr\u00eb Kart\u00ebn e Gjelb\u00ebr t\u00eb fituar n\u00eb llotari.<\/p>\n\n<p>Kjo tarif\u00eb \u00ebsht\u00eb e pakthyeshme dhe paguhet drejtp\u00ebrdrejt n\u00eb Departamentin e Shtetit t\u00eb SHBA. Tarifa vler\u00ebsohet p\u00ebr t\u00eb mbuluar kostot e Departamentit p\u00ebr administrimin e programit t\u00eb DV-s\u00eb dhe \u00ebsht\u00eb e ndar\u00eb nga \u00e7do tarif\u00eb q\u00eb do t&#8217;i paguani USCIS n\u00eb lidhje me aplikimin tuaj p\u00ebr viz\u00eb.<\/p>\n\n<p><strong>Tarifa p\u00ebr nj\u00eb viz\u00eb diversiteti t\u00eb marr\u00eb p\u00ebrmes lotaris\u00eb s\u00eb Kartonit t\u00eb Gjelb\u00ebr \u00ebsht\u00eb 330 dollar\u00eb amerikan\u00eb<\/strong> p\u00ebr person q\u00eb aplikon si kandidat i p\u00ebrzgjedhur n\u00eb llotari. Pagesa e k\u00ebsaj tarife duhet t\u00eb b\u00ebhet p\u00ebrpara se t\u00eb vazhdoj\u00eb shqyrtimi i \u00e7\u00ebshtjes s\u00eb pranuar nga <a href=\"https:\/\/www.uscis.gov\/\">USCIS<\/a>. Shuma varet nga statusi fillestar i aplikantit t\u00eb Kartonit t\u00eb Gjelb\u00ebr.<\/p>\n\n<p><strong>P\u00ebr t\u00eb siguruar pjes\u00ebmarrjen tuaj n\u00eb shortin e ardhsh\u00ebm vjetor<\/strong> : duhet t\u00eb plot\u00ebsoni <a href=\"https:\/\/us-gc.net\/sq\/green-card-llotari-formular\/\">formularin e regjistrimit t\u00eb lotaris\u00eb s\u00eb Green Card<\/a>.<\/p>\n\n<div style=\"height:10px\" aria-hidden=\"true\" class=\"wp-block-spacer\"><\/div>\n\n<h2 class=\"wp-block-heading\" id=\"h-quels-sont-les-frais-d-une-green-card-par-rapprochement-familial\">Cilat jan\u00eb kostot e nj\u00eb kartoni jeshil p\u00ebr bashkimin familjar?<\/h2>\n\n<p>Nj\u00eb shtetas i huaj q\u00eb d\u00ebshiron t\u00eb jetoj\u00eb p\u00ebrgjithmon\u00eb n\u00eb Shtetet e Bashkuara k\u00ebrkon nj\u00eb viz\u00eb emigrimi. Ai mund ta marr\u00eb k\u00ebt\u00eb viz\u00eb duke u sponsorizuar nga nj\u00eb i af\u00ebrm i af\u00ebrt i cili \u00ebsht\u00eb shtetas i SHBA-s\u00eb ose rezident i p\u00ebrhersh\u00ebm ligjor i Shteteve t\u00eb Bashkuara.<\/p>\n\n<h3 class=\"wp-block-heading\" id=\"h-il-existe-deux-types-de-visas-d-immigrant-familiaux\">Ekzistojn\u00eb dy lloje t\u00eb vizave emigruese familjare<\/h3>\n\n<ul class=\"wp-block-list\">\n<li><strong>Nga i af\u00ebrmi i menj\u00ebhersh\u00ebm<\/strong> : K\u00ebto viza bazohen n\u00eb nj\u00eb marr\u00ebdh\u00ebnie t\u00eb drejtp\u00ebrdrejt\u00eb familjare me nj\u00eb shtetas amerikan, si bashk\u00ebshorti, f\u00ebmija ose prindi. Numri i emigrant\u00ebve n\u00eb k\u00ebto kategori nuk \u00ebsht\u00eb i kufizuar n\u00eb num\u00ebr \u00e7do vit.<\/li>\n\n\n\n<li><strong>Preferenca familjare<\/strong> : K\u00ebto viza jan\u00eb p\u00ebr marr\u00ebdh\u00ebnie familjare specifike, m\u00eb t\u00eb larg\u00ebta me nj\u00eb shtetas t\u00eb SHBA-s\u00eb dhe marr\u00ebdh\u00ebnie t\u00eb caktuara t\u00eb specifikuara me nj\u00eb banor t\u00eb p\u00ebrhersh\u00ebm t\u00eb ligjsh\u00ebm. Numri i emigrant\u00ebve n\u00eb k\u00ebt\u00eb kategori vizash \u00ebsht\u00eb i kufizuar n\u00eb num\u00ebr \u00e7do vit.<\/li>\n<\/ul>\n\n<div style=\"height:10px\" aria-hidden=\"true\" class=\"wp-block-spacer\"><\/div>\n\n<p>P\u00ebr k\u00ebto dy lloje vizash: <strong>Tarifat q\u00eb duhen paguar jan\u00eb 325 USD p\u00ebr person<\/strong> . K\u00ebto tarifa jan\u00eb t\u00eb pakthyeshme.<\/p>\n","protected":false},"excerpt":{"rendered":"<p>\u00c7mimi q\u00eb duhet paguar p\u00ebr t\u00eb marr\u00eb Green Card Tarifat q\u00eb duhen paguar p\u00ebr t\u00eb marr\u00eb nj\u00eb Green Card varen nga lloji i Kartonit t\u00eb Gjelb\u00ebr dhe situata e aplikantit. Ka tarifa p\u00ebr t\u00eb paguar n\u00eb kat\u00ebr situatat kryesore t\u00eb marrjes s\u00eb Green Card. Cilat jan\u00eb kostot e nj\u00eb kartoni jeshil t\u00eb marr\u00eb p\u00ebrmes shortit? [&hellip;]<\/p>\n","protected":false},"author":1,"featured_media":0,"parent":0,"menu_order":0,"comment_status":"closed","ping_status":"closed","template":"","meta":{"footnotes":""},"class_list":["post-3331","page","type-page","status-publish","hentry"],"yoast_head":"<!-- This site is optimized with the Yoast SEO plugin v27.4 - https:\/\/yoast.com\/product\/yoast-seo-wordpress\/ -->\n<title>Sa kushton Green Card ? - USA GC<\/title>\n<meta name=\"description\" content=\"\u00c7far\u00eb tarifash duhet t\u00eb paguani kur aplikoni p\u00ebr nj\u00eb Karton jeshil Amerikan varet nga kushtet e marrjes s\u00eb tij.\" \/>\n<meta name=\"robots\" content=\"index, follow, max-snippet:-1, max-image-preview:large, max-video-preview:-1\" \/>\n<link rel=\"canonical\" href=\"https:\/\/us-gc.net\/sq\/cmimi-green-card\/\" \/>\n<meta property=\"og:locale\" content=\"sq_AL\" \/>\n<meta property=\"og:type\" content=\"article\" \/>\n<meta property=\"og:title\" content=\"Sa kushton Green Card ? - USA GC\" \/>\n<meta property=\"og:description\" content=\"\u00c7far\u00eb tarifash duhet t\u00eb paguani kur aplikoni p\u00ebr nj\u00eb Karton jeshil Amerikan varet nga kushtet e marrjes s\u00eb tij.\" \/>\n<meta property=\"og:url\" content=\"https:\/\/us-gc.net\/sq\/cmimi-green-card\/\" \/>\n<meta property=\"og:site_name\" content=\"USA GC\" \/>\n<meta property=\"article:modified_time\" content=\"2025-03-31T11:22:38+00:00\" \/>\n<meta name=\"twitter:card\" content=\"summary_large_image\" \/>\n<meta name=\"twitter:label1\" content=\"Est. reading time\" \/>\n\t<meta name=\"twitter:data1\" content=\"2 minutes\" \/>\n<script type=\"application\/ld+json\" class=\"yoast-schema-graph\">{\"@context\":\"https:\\\/\\\/schema.org\",\"@graph\":[{\"@type\":\"WebPage\",\"@id\":\"https:\\\/\\\/us-gc.net\\\/sq\\\/cmimi-green-card\\\/\",\"url\":\"https:\\\/\\\/us-gc.net\\\/sq\\\/cmimi-green-card\\\/\",\"name\":\"Sa kushton Green Card ? - USA GC\",\"isPartOf\":{\"@id\":\"https:\\\/\\\/us-gc.net\\\/sq\\\/#website\"},\"datePublished\":\"2024-02-08T15:57:06+00:00\",\"dateModified\":\"2025-03-31T11:22:38+00:00\",\"description\":\"\u00c7far\u00eb tarifash duhet t\u00eb paguani kur aplikoni p\u00ebr nj\u00eb Karton jeshil Amerikan varet nga kushtet e marrjes s\u00eb tij.\",\"breadcrumb\":{\"@id\":\"https:\\\/\\\/us-gc.net\\\/sq\\\/cmimi-green-card\\\/#breadcrumb\"},\"inLanguage\":\"sq-AL\",\"potentialAction\":[{\"@type\":\"ReadAction\",\"target\":[\"https:\\\/\\\/us-gc.net\\\/sq\\\/cmimi-green-card\\\/\"]}]},{\"@type\":\"BreadcrumbList\",\"@id\":\"https:\\\/\\\/us-gc.net\\\/sq\\\/cmimi-green-card\\\/#breadcrumb\",\"itemListElement\":[{\"@type\":\"ListItem\",\"position\":1,\"name\":\"Accueil\",\"item\":\"https:\\\/\\\/us-gc.net\\\/sq\\\/green-card\\\/\"},{\"@type\":\"ListItem\",\"position\":2,\"name\":\"Sa kushton Green Card ?\"}]},{\"@type\":\"WebSite\",\"@id\":\"https:\\\/\\\/us-gc.net\\\/sq\\\/#website\",\"url\":\"https:\\\/\\\/us-gc.net\\\/sq\\\/\",\"name\":\"USA GC\",\"description\":\"\",\"potentialAction\":[{\"@type\":\"SearchAction\",\"target\":{\"@type\":\"EntryPoint\",\"urlTemplate\":\"https:\\\/\\\/us-gc.net\\\/sq\\\/?s={search_term_string}\"},\"query-input\":{\"@type\":\"PropertyValueSpecification\",\"valueRequired\":true,\"valueName\":\"search_term_string\"}}],\"inLanguage\":\"sq-AL\"}]}<\/script>\n<!-- \/ Yoast SEO plugin. -->","yoast_head_json":{"title":"Sa kushton Green Card ? - USA GC","description":"\u00c7far\u00eb tarifash duhet t\u00eb paguani kur aplikoni p\u00ebr nj\u00eb Karton jeshil Amerikan varet nga kushtet e marrjes s\u00eb tij.","robots":{"index":"index","follow":"follow","max-snippet":"max-snippet:-1","max-image-preview":"max-image-preview:large","max-video-preview":"max-video-preview:-1"},"canonical":"https:\/\/us-gc.net\/sq\/cmimi-green-card\/","og_locale":"sq_AL","og_type":"article","og_title":"Sa kushton Green Card ? - USA GC","og_description":"\u00c7far\u00eb tarifash duhet t\u00eb paguani kur aplikoni p\u00ebr nj\u00eb Karton jeshil Amerikan varet nga kushtet e marrjes s\u00eb tij.","og_url":"https:\/\/us-gc.net\/sq\/cmimi-green-card\/","og_site_name":"USA GC","article_modified_time":"2025-03-31T11:22:38+00:00","twitter_card":"summary_large_image","twitter_misc":{"Est. reading time":"2 minutes"},"schema":{"@context":"https:\/\/schema.org","@graph":[{"@type":"WebPage","@id":"https:\/\/us-gc.net\/sq\/cmimi-green-card\/","url":"https:\/\/us-gc.net\/sq\/cmimi-green-card\/","name":"Sa kushton Green Card ? - USA GC","isPartOf":{"@id":"https:\/\/us-gc.net\/sq\/#website"},"datePublished":"2024-02-08T15:57:06+00:00","dateModified":"2025-03-31T11:22:38+00:00","description":"\u00c7far\u00eb tarifash duhet t\u00eb paguani kur aplikoni p\u00ebr nj\u00eb Karton jeshil Amerikan varet nga kushtet e marrjes s\u00eb tij.","breadcrumb":{"@id":"https:\/\/us-gc.net\/sq\/cmimi-green-card\/#breadcrumb"},"inLanguage":"sq-AL","potentialAction":[{"@type":"ReadAction","target":["https:\/\/us-gc.net\/sq\/cmimi-green-card\/"]}]},{"@type":"BreadcrumbList","@id":"https:\/\/us-gc.net\/sq\/cmimi-green-card\/#breadcrumb","itemListElement":[{"@type":"ListItem","position":1,"name":"Accueil","item":"https:\/\/us-gc.net\/sq\/green-card\/"},{"@type":"ListItem","position":2,"name":"Sa kushton Green Card ?"}]},{"@type":"WebSite","@id":"https:\/\/us-gc.net\/sq\/#website","url":"https:\/\/us-gc.net\/sq\/","name":"USA GC","description":"","potentialAction":[{"@type":"SearchAction","target":{"@type":"EntryPoint","urlTemplate":"https:\/\/us-gc.net\/sq\/?s={search_term_string}"},"query-input":{"@type":"PropertyValueSpecification","valueRequired":true,"valueName":"search_term_string"}}],"inLanguage":"sq-AL"}]}},"_links":{"self":[{"href":"https:\/\/us-gc.net\/sq\/wp-json\/wp\/v2\/pages\/3331","targetHints":{"allow":["GET"]}}],"collection":[{"href":"https:\/\/us-gc.net\/sq\/wp-json\/wp\/v2\/pages"}],"about":[{"href":"https:\/\/us-gc.net\/sq\/wp-json\/wp\/v2\/types\/page"}],"author":[{"embeddable":true,"href":"https:\/\/us-gc.net\/sq\/wp-json\/wp\/v2\/users\/1"}],"replies":[{"embeddable":true,"href":"https:\/\/us-gc.net\/sq\/wp-json\/wp\/v2\/comments?post=3331"}],"version-history":[{"count":3,"href":"https:\/\/us-gc.net\/sq\/wp-json\/wp\/v2\/pages\/3331\/revisions"}],"predecessor-version":[{"id":10152,"href":"https:\/\/us-gc.net\/sq\/wp-json\/wp\/v2\/pages\/3331\/revisions\/10152"}],"wp:attachment":[{"href":"https:\/\/us-gc.net\/sq\/wp-json\/wp\/v2\/media?parent=3331"}],"curies":[{"name":"wp","href":"https:\/\/api.w.org\/{rel}","templated":true}]}}