{"id":3319,"date":"2024-01-31T16:02:41","date_gmt":"2024-01-31T16:02:41","guid":{"rendered":"https:\/\/green-card-usa.net\/lotaria-green-card-2025\/"},"modified":"2024-12-30T09:45:45","modified_gmt":"2024-12-30T09:45:45","slug":"lotaria-green-card-2025","status":"publish","type":"page","link":"https:\/\/us-gc.net\/sq\/lotaria-green-card-2025\/","title":{"rendered":"Lotaria e Kartonit Jeshil 2025"},"content":{"rendered":"\n<h1 class=\"wp-block-heading\" id=\"h-loterie-de-la-green-card-en-2025\">Lotaria e Kartonit t\u00eb Gjelb\u00ebr n\u00eb 2025<\/h1>\n\n<p>Shorti i shortit t\u00eb Kartonit t\u00eb Gjelb\u00ebr b\u00ebhet vet\u00ebm nj\u00eb her\u00eb n\u00eb vit. Pra, \u00e7do vit ka nj\u00eb klas\u00eb t\u00eb re t\u00eb fituesve t\u00eb lotaris\u00eb, t\u00eb cil\u00ebt em\u00ebrohen sipas vitit n\u00eb t\u00eb cilin kan\u00eb marr\u00eb Kartonin e Gjelb\u00ebr.<\/p>\n\n<h2 class=\"wp-block-heading\" id=\"h-qu-est-ce-que-la-loterie-2025-de-la-green-card\">\u00c7far\u00eb \u00ebsht\u00eb Lotaria e Kartonit t\u00eb Gjelb\u00ebr 2025?<\/h2>\n\n<p>Shorti i Kartonit t\u00eb Gjelb\u00ebr 2025 ka t\u00eb b\u00ebj\u00eb me kuot\u00ebn e Kartonit t\u00eb Gjelb\u00ebr q\u00eb do t\u00eb l\u00ebshohet n\u00eb vitin 2025. Shorti mes kandidat\u00ebve p\u00ebr shortin e vitit 2025 b\u00ebhet n\u00eb tetor 2023. Ky short b\u00ebri t\u00eb mundur p\u00ebrcaktimin e m\u00eb shum\u00eb se 50,000 shtetasve t\u00eb huaj si fitues t\u00eb e drejta p\u00ebr t\u00eb marr\u00eb nj\u00eb Karton jeshil sipas <a href=\"https:\/\/us-gc.net\/sq\/diversitet-viza-program\/\">Programit t\u00eb Vizave t\u00eb Diversitetit<\/a> t\u00eb Shteteve t\u00eb Bashkuara.  <\/p>\n\n<h2 class=\"wp-block-heading\" id=\"h-quand-se-deroule-la-loterie-de-la-green-card-en-2025\">Kur do t\u00eb zhvillohet shorti i Kartonit t\u00eb Gjelb\u00ebr n\u00eb 2025?<\/h2>\n\n<p>Regjistrimet p\u00ebr t\u00eb marr\u00eb pjes\u00eb n\u00eb shortin q\u00eb do t\u00eb zhvillohet n\u00eb vitin 2025 do t\u00eb jen\u00eb t\u00eb hapura nga tetori 2025.<\/p>\n\n<h2 class=\"wp-block-heading\" id=\"h-quelles-sont-les-resultats-de-la-loterie-de-la-green-card-2025\">Cilat jan\u00eb rezultatet e shortit t\u00eb Kartonit t\u00eb Gjelb\u00ebr 2025?<\/h2>\n\n<p><a href=\"https:\/\/us-gc.net\/sq\/gjelber-llotari-rezultatet\/\">Rezultatet e shortit t\u00eb Kartonit Jeshil<\/a> do t\u00eb publikohen af\u00ebrsisht 6 muaj pas shortit q\u00eb do t\u00eb zhvillohet n\u00eb n\u00ebntor. Rezultatet e shortit t\u00eb shortit q\u00eb do t\u00eb zhvillohet n\u00eb vitin 2025 do t\u00eb publikohen online nga maji 2026.<\/p>\n\n<p>Rezultatet e shortit t\u00eb kryer n\u00eb n\u00ebntor 2023 p\u00ebr Viz\u00ebn e Shum\u00ebllojshm\u00ebris\u00eb 2025 jan\u00eb t\u00eb disponueshme q\u00eb nga data 4 maj 2024 n\u00eb faqen online: <a href=\"https:\/\/dvprogram.state.gov\/ESC\/\">dvprogram.state.gov<\/a>.<\/p>\n\n<h2 class=\"wp-block-heading\" id=\"h-comment-s-inscrire-a-la-loterie-de-la-green-card-2025\">Si t\u00eb regjistroheni p\u00ebr lotarin\u00eb e Kartonit t\u00eb Gjelb\u00ebr 2025?<\/h2>\n\n<p>Regjistrimi p\u00ebr <a href=\"https:\/\/us-gc.net\/sq\/amerikano-karton-jeshil-llotari\/\">lotarin\u00eb e Kart\u00ebs s\u00eb Gjelb\u00ebr t\u00eb SHBA-s\u00eb<\/a> b\u00ebhet t\u00ebr\u00ebsisht online. <strong>Merrni pjes\u00eb n\u00eb k\u00ebt\u00eb llotari vjetore duke u regjistruar online<\/strong> n\u00eb vet\u00ebm pak minuta duke klikuar n\u00eb <a href=\"https:\/\/us-gc.net\/sq\/green-card-llotari-formular\/\">formularin online<\/a> . Procesi zgjat vet\u00ebm disa minuta.<\/p>\n\n<h2 class=\"wp-block-heading\" id=\"h-quel-sont-les-etapes-suivantes-pour-les-gagnants-de-la-loterie\">Cilat jan\u00eb hapat e ardhsh\u00ebm p\u00ebr fituesit e lotaris\u00eb?<\/h2>\n\n<p>M\u00eb pas, fituesit e lotaris\u00eb duhet t\u00eb marrin nj\u00eb viz\u00eb Diversiteti. Hapat e m\u00ebtejsh\u00ebm t\u00eb procedur\u00ebs jan\u00eb:<\/p>\n\n<ul class=\"wp-block-list\">\n<li>Plot\u00ebsoni <a href=\"https:\/\/travel.state.gov\/content\/travel\/en\/us-visas\/visa-information-resources\/forms\/online-immigrant-visa-forms\/ds-260-faqs.html\">formularin e aplikimit p\u00ebr viz\u00eb DS-260<\/a>.<\/li>\n\n\n\n<li>Paguani <a href=\"https:\/\/us-gc.net\/sq\/cmimi-green-card\/\">tarifat p\u00ebr marrjen e Kartonit t\u00eb Gjelb\u00ebr<\/a> si pjes\u00eb e k\u00ebtij aplikimi t\u00eb detyruesh\u00ebm p\u00ebr viz\u00eb;<\/li>\n\n\n\n<li>Plot\u00ebsoni nj\u00eb <a href=\"https:\/\/us-gc.net\/sq\/green-card-interview\/\">intervist\u00eb p\u00ebr Kart\u00ebn e Gjelb\u00ebr<\/a> me nj\u00eb agjent t\u00eb Programit t\u00eb Vizave t\u00eb Diversitetit t\u00eb USCIS;<\/li>\n\n\n\n<li>Kryeni nj\u00eb ekzaminim mjek\u00ebsor.<\/li>\n<\/ul>\n\n<div style=\"height:10px\" aria-hidden=\"true\" class=\"wp-block-spacer\"><\/div>\n\n<p><a href=\"https:\/\/us-gc.net\/sq\/dallimi-midis-green-card-dhe-viza\/\">Kartoni jeshil dhe viza jan\u00eb dokumente t\u00eb ndryshme<\/a>. Marrja e nj\u00eb vize diversiteti \u00ebsht\u00eb nj\u00eb nga hapat p\u00ebr t\u00eb marr\u00eb nj\u00eb karton jeshil.<\/p>\n","protected":false},"excerpt":{"rendered":"<p>Lotaria e Kartonit t\u00eb Gjelb\u00ebr n\u00eb 2025 Shorti i shortit t\u00eb Kartonit t\u00eb Gjelb\u00ebr b\u00ebhet vet\u00ebm nj\u00eb her\u00eb n\u00eb vit. Pra, \u00e7do vit ka nj\u00eb klas\u00eb t\u00eb re t\u00eb fituesve t\u00eb lotaris\u00eb, t\u00eb cil\u00ebt em\u00ebrohen sipas vitit n\u00eb t\u00eb cilin kan\u00eb marr\u00eb Kartonin e Gjelb\u00ebr. \u00c7far\u00eb \u00ebsht\u00eb Lotaria e Kartonit t\u00eb Gjelb\u00ebr 2025? Shorti i [&hellip;]<\/p>\n","protected":false},"author":1,"featured_media":0,"parent":0,"menu_order":0,"comment_status":"closed","ping_status":"closed","template":"","meta":{"footnotes":""},"class_list":["post-3319","page","type-page","status-publish","hentry"],"yoast_head":"<!-- This site is optimized with the Yoast SEO plugin v27.4 - https:\/\/yoast.com\/product\/yoast-seo-wordpress\/ -->\n<title>Lotaria e Kartonit Jeshil 2025 - USA GC<\/title>\n<meta name=\"description\" content=\"Merrni pjes\u00eb n\u00eb lotarin\u00eb e Kart\u00ebs s\u00eb Gjelb\u00ebr 2025 p\u00ebr t\u00eb marr\u00eb nj\u00eb kart\u00eb t\u00eb p\u00ebrhershme rezidenti n\u00eb Shtetet e Bashkuara\" \/>\n<meta name=\"robots\" content=\"index, follow, max-snippet:-1, max-image-preview:large, max-video-preview:-1\" \/>\n<link rel=\"canonical\" href=\"https:\/\/us-gc.net\/sq\/lotaria-green-card-2025\/\" \/>\n<meta property=\"og:locale\" content=\"sq_AL\" \/>\n<meta property=\"og:type\" content=\"article\" \/>\n<meta property=\"og:title\" content=\"Lotaria e Kartonit Jeshil 2025 - USA GC\" \/>\n<meta property=\"og:description\" content=\"Merrni pjes\u00eb n\u00eb lotarin\u00eb e Kart\u00ebs s\u00eb Gjelb\u00ebr 2025 p\u00ebr t\u00eb marr\u00eb nj\u00eb kart\u00eb t\u00eb p\u00ebrhershme rezidenti n\u00eb Shtetet e Bashkuara\" \/>\n<meta property=\"og:url\" content=\"https:\/\/us-gc.net\/sq\/lotaria-green-card-2025\/\" \/>\n<meta property=\"og:site_name\" content=\"USA GC\" \/>\n<meta property=\"article:modified_time\" content=\"2024-12-30T09:45:45+00:00\" \/>\n<meta name=\"twitter:card\" content=\"summary_large_image\" \/>\n<meta name=\"twitter:label1\" content=\"Est. reading time\" \/>\n\t<meta name=\"twitter:data1\" content=\"2 minutes\" \/>\n<script type=\"application\/ld+json\" class=\"yoast-schema-graph\">{\"@context\":\"https:\\\/\\\/schema.org\",\"@graph\":[{\"@type\":\"WebPage\",\"@id\":\"https:\\\/\\\/us-gc.net\\\/sq\\\/lotaria-green-card-2025\\\/\",\"url\":\"https:\\\/\\\/us-gc.net\\\/sq\\\/lotaria-green-card-2025\\\/\",\"name\":\"Lotaria e Kartonit Jeshil 2025 - USA GC\",\"isPartOf\":{\"@id\":\"https:\\\/\\\/us-gc.net\\\/sq\\\/#website\"},\"datePublished\":\"2024-01-31T16:02:41+00:00\",\"dateModified\":\"2024-12-30T09:45:45+00:00\",\"description\":\"Merrni pjes\u00eb n\u00eb lotarin\u00eb e Kart\u00ebs s\u00eb Gjelb\u00ebr 2025 p\u00ebr t\u00eb marr\u00eb nj\u00eb kart\u00eb t\u00eb p\u00ebrhershme rezidenti n\u00eb Shtetet e Bashkuara\",\"breadcrumb\":{\"@id\":\"https:\\\/\\\/us-gc.net\\\/sq\\\/lotaria-green-card-2025\\\/#breadcrumb\"},\"inLanguage\":\"sq-AL\",\"potentialAction\":[{\"@type\":\"ReadAction\",\"target\":[\"https:\\\/\\\/us-gc.net\\\/sq\\\/lotaria-green-card-2025\\\/\"]}]},{\"@type\":\"BreadcrumbList\",\"@id\":\"https:\\\/\\\/us-gc.net\\\/sq\\\/lotaria-green-card-2025\\\/#breadcrumb\",\"itemListElement\":[{\"@type\":\"ListItem\",\"position\":1,\"name\":\"Accueil\",\"item\":\"https:\\\/\\\/us-gc.net\\\/sq\\\/green-card\\\/\"},{\"@type\":\"ListItem\",\"position\":2,\"name\":\"Lotaria e Kartonit Jeshil 2025\"}]},{\"@type\":\"WebSite\",\"@id\":\"https:\\\/\\\/us-gc.net\\\/sq\\\/#website\",\"url\":\"https:\\\/\\\/us-gc.net\\\/sq\\\/\",\"name\":\"USA GC\",\"description\":\"\",\"potentialAction\":[{\"@type\":\"SearchAction\",\"target\":{\"@type\":\"EntryPoint\",\"urlTemplate\":\"https:\\\/\\\/us-gc.net\\\/sq\\\/?s={search_term_string}\"},\"query-input\":{\"@type\":\"PropertyValueSpecification\",\"valueRequired\":true,\"valueName\":\"search_term_string\"}}],\"inLanguage\":\"sq-AL\"}]}<\/script>\n<!-- \/ Yoast SEO plugin. -->","yoast_head_json":{"title":"Lotaria e Kartonit Jeshil 2025 - USA GC","description":"Merrni pjes\u00eb n\u00eb lotarin\u00eb e Kart\u00ebs s\u00eb Gjelb\u00ebr 2025 p\u00ebr t\u00eb marr\u00eb nj\u00eb kart\u00eb t\u00eb p\u00ebrhershme rezidenti n\u00eb Shtetet e Bashkuara","robots":{"index":"index","follow":"follow","max-snippet":"max-snippet:-1","max-image-preview":"max-image-preview:large","max-video-preview":"max-video-preview:-1"},"canonical":"https:\/\/us-gc.net\/sq\/lotaria-green-card-2025\/","og_locale":"sq_AL","og_type":"article","og_title":"Lotaria e Kartonit Jeshil 2025 - USA GC","og_description":"Merrni pjes\u00eb n\u00eb lotarin\u00eb e Kart\u00ebs s\u00eb Gjelb\u00ebr 2025 p\u00ebr t\u00eb marr\u00eb nj\u00eb kart\u00eb t\u00eb p\u00ebrhershme rezidenti n\u00eb Shtetet e Bashkuara","og_url":"https:\/\/us-gc.net\/sq\/lotaria-green-card-2025\/","og_site_name":"USA GC","article_modified_time":"2024-12-30T09:45:45+00:00","twitter_card":"summary_large_image","twitter_misc":{"Est. reading time":"2 minutes"},"schema":{"@context":"https:\/\/schema.org","@graph":[{"@type":"WebPage","@id":"https:\/\/us-gc.net\/sq\/lotaria-green-card-2025\/","url":"https:\/\/us-gc.net\/sq\/lotaria-green-card-2025\/","name":"Lotaria e Kartonit Jeshil 2025 - USA GC","isPartOf":{"@id":"https:\/\/us-gc.net\/sq\/#website"},"datePublished":"2024-01-31T16:02:41+00:00","dateModified":"2024-12-30T09:45:45+00:00","description":"Merrni pjes\u00eb n\u00eb lotarin\u00eb e Kart\u00ebs s\u00eb Gjelb\u00ebr 2025 p\u00ebr t\u00eb marr\u00eb nj\u00eb kart\u00eb t\u00eb p\u00ebrhershme rezidenti n\u00eb Shtetet e Bashkuara","breadcrumb":{"@id":"https:\/\/us-gc.net\/sq\/lotaria-green-card-2025\/#breadcrumb"},"inLanguage":"sq-AL","potentialAction":[{"@type":"ReadAction","target":["https:\/\/us-gc.net\/sq\/lotaria-green-card-2025\/"]}]},{"@type":"BreadcrumbList","@id":"https:\/\/us-gc.net\/sq\/lotaria-green-card-2025\/#breadcrumb","itemListElement":[{"@type":"ListItem","position":1,"name":"Accueil","item":"https:\/\/us-gc.net\/sq\/green-card\/"},{"@type":"ListItem","position":2,"name":"Lotaria e Kartonit Jeshil 2025"}]},{"@type":"WebSite","@id":"https:\/\/us-gc.net\/sq\/#website","url":"https:\/\/us-gc.net\/sq\/","name":"USA GC","description":"","potentialAction":[{"@type":"SearchAction","target":{"@type":"EntryPoint","urlTemplate":"https:\/\/us-gc.net\/sq\/?s={search_term_string}"},"query-input":{"@type":"PropertyValueSpecification","valueRequired":true,"valueName":"search_term_string"}}],"inLanguage":"sq-AL"}]}},"_links":{"self":[{"href":"https:\/\/us-gc.net\/sq\/wp-json\/wp\/v2\/pages\/3319","targetHints":{"allow":["GET"]}}],"collection":[{"href":"https:\/\/us-gc.net\/sq\/wp-json\/wp\/v2\/pages"}],"about":[{"href":"https:\/\/us-gc.net\/sq\/wp-json\/wp\/v2\/types\/page"}],"author":[{"embeddable":true,"href":"https:\/\/us-gc.net\/sq\/wp-json\/wp\/v2\/users\/1"}],"replies":[{"embeddable":true,"href":"https:\/\/us-gc.net\/sq\/wp-json\/wp\/v2\/comments?post=3319"}],"version-history":[{"count":1,"href":"https:\/\/us-gc.net\/sq\/wp-json\/wp\/v2\/pages\/3319\/revisions"}],"predecessor-version":[{"id":7954,"href":"https:\/\/us-gc.net\/sq\/wp-json\/wp\/v2\/pages\/3319\/revisions\/7954"}],"wp:attachment":[{"href":"https:\/\/us-gc.net\/sq\/wp-json\/wp\/v2\/media?parent=3319"}],"curies":[{"name":"wp","href":"https:\/\/api.w.org\/{rel}","templated":true}]}}