{"id":3307,"date":"2024-01-31T16:27:17","date_gmt":"2024-01-31T16:27:17","guid":{"rendered":"https:\/\/green-card-usa.net\/green-card-interview\/"},"modified":"2024-12-30T09:41:03","modified_gmt":"2024-12-30T09:41:03","slug":"green-card-interview","status":"publish","type":"page","link":"https:\/\/us-gc.net\/sq\/green-card-interview\/","title":{"rendered":"Takimi p\u00ebr marrjen e Kartonit t\u00eb Gjelb\u00ebr"},"content":{"rendered":"\n<h1 class=\"wp-block-heading\" id=\"h-comment-preparer-l-entretien-pour-la-green-card\">Si t\u00eb p\u00ebrgatiteni p\u00ebr intervist\u00ebn e Kartonit t\u00eb Gjelb\u00ebr<\/h1>\n\n<h3 class=\"wp-block-heading\" id=\"h-confirmation-du-rendez-vous-pour-passer-l-entretien\">Konfirmimi i takimit p\u00ebr t\u00eb marr\u00eb intervist\u00ebn<\/h3>\n\n<p>Pasi administrata e SHBA t\u00eb ket\u00eb shqyrtuar Formularin e plot\u00ebsuar DS-260, aplikanti do t\u00eb marr\u00eb nj\u00eb email p\u00ebr t&#8217;i njoftuar ata se nj\u00eb intervist\u00eb \u00ebsht\u00eb caktuar n\u00eb ambasad\u00ebn ose konsullat\u00ebn e zgjedhur t\u00eb SHBA. Kandidati duhet t\u00eb identifikohet n\u00eb faqen e internetit t\u00eb <a href=\"https:\/\/us-gc.net\/sq\/diversitet-viza-program\/\">programit Diversity Visa<\/a> duke p\u00ebrdorur numrin e tij t\u00eb regjistrimit. Kjo lidhje do t&#8217;i lejoj\u00eb ata t\u00eb konfirmojn\u00eb dat\u00ebn, or\u00ebn dhe vendndodhjen e intervist\u00ebs.<\/p>\n\n<h3 class=\"wp-block-heading\" id=\"h-preparation-de-l-interview\">P\u00ebrgatitja p\u00ebr intervist\u00ebn<\/h3>\n\n<p>P\u00ebrgatitja p\u00ebr intervist\u00eb \u00ebsht\u00eb thelb\u00ebsore. Kandidati duhet t\u00eb kryej\u00eb hapat e m\u00ebposht\u00ebm t\u00eb r\u00ebnd\u00ebsish\u00ebm p\u00ebrpara dat\u00ebs s\u00eb intervist\u00ebs:<\/p>\n\n<ol class=\"wp-block-list\">\n<li>Rishikoni informacionin si pjes\u00ebmarr\u00ebs n\u00eb faqen e internetit t\u00eb <a href=\"https:\/\/us-gc.net\/sq\/diversitet-viza-program\/\">Programit DV<\/a> ;<\/li>\n\n\n\n<li>Kontrolloni udh\u00ebzimet e intervist\u00ebs p\u00ebr ambasad\u00ebn ku po zhvillohet intervista juaj;<\/li>\n\n\n\n<li>Planifikoni dhe kryeni nj\u00eb ekzaminim mjek\u00ebsor. Ju duhet t\u00eb lini nj\u00eb takim me nj\u00eb mjek t\u00eb licencuar n\u00eb vendin ku do t\u00eb intervistoheni. Ju duhet t\u00eb kryeni ekzaminimin tuaj mjek\u00ebsor, si dhe \u00e7do vaksinim t\u00eb k\u00ebrkuar, p\u00ebrpara dat\u00ebs s\u00eb planifikuar t\u00eb intervist\u00ebs p\u00ebr viz\u00eb. Kur t\u00eb p\u00ebrfundoj\u00eb ekzaminimi juaj mjek\u00ebsor, ju do t\u00eb merrni nj\u00eb zarf t\u00eb mbyllur t\u00eb ekzaminimit mjek\u00ebsor p\u00ebr ta sjell\u00eb n\u00eb intervist\u00ebn tuaj p\u00ebr viz\u00eb. Disa mjek\u00eb do t&#8217;i d\u00ebrgojn\u00eb rezultatet e ekzaminimit mjek\u00ebsor direkt n\u00eb ambasad\u00eb ose konsullat\u00eb.<\/li>\n\n\n\n<li>Mblidhni fotografit\u00eb dhe t\u00eb gjitha dokumentet e nevojshme. \u00c7do kandidat duhet t\u00eb sjell\u00eb n\u00eb intervist\u00eb dy <a href=\"https:\/\/us-gc.net\/sq\/foto-green-card\/\">foto identike t\u00eb Kartonit t\u00eb Gjelb\u00ebr<\/a> .<\/li>\n<\/ol>\n\n<div style=\"height:10px\" aria-hidden=\"true\" class=\"wp-block-spacer\"><\/div>\n\n<h3 class=\"wp-block-heading\" id=\"h-documents-a-fournir-lors-de-l-entretien-pour-la-green-card\">Dokumentet q\u00eb duhen siguruar gjat\u00eb intervist\u00ebs s\u00eb Kartonit t\u00eb Gjelb\u00ebr<\/h3>\n\n<p>Gjat\u00eb intervist\u00ebs s\u00eb tij n\u00eb <a href=\"https:\/\/www.usembassy.gov\/\">Ambasad\u00ebn e Shteteve t\u00eb Bashkuara<\/a> , kandidati duhet t\u00eb paraqes\u00eb k\u00ebto elemente:<\/p>\n\n<ul class=\"wp-block-list\">\n<li>Informacioni i takimit t\u00eb printuar nga llogaria e pjes\u00ebmarr\u00ebsit n\u00eb faqen e internetit t\u00eb <a href=\"https:\/\/us-gc.net\/sq\/diversitet-viza-program\/\">Programit DV<\/a> ;<\/li>\n\n\n\n<li>Faqja e konfirmimit t\u00eb formularit t\u00eb printuar DS-260;<\/li>\n\n\n\n<li>Pasaporta e vlefshme p\u00ebr gjasht\u00eb muaj pas dat\u00ebs s\u00eb planifikuar t\u00eb hyrjes n\u00eb Shtetet e Bashkuara;<\/li>\n\n\n\n<li>Dokumentet origjinale ose kopjet e v\u00ebrtetuara t\u00eb dokumenteve civile t\u00eb dor\u00ebzuara n\u00eb Qendr\u00ebn Konsullore t\u00eb Kentakit pas v\u00ebrtetimit t\u00eb Formularit DS-260.<\/li>\n<\/ul>\n\n<div style=\"height:10px\" aria-hidden=\"true\" class=\"wp-block-spacer\"><\/div>\n\n<h3 class=\"wp-block-heading\" id=\"h-payer-les-frais-de-visa\">Paguani tarifat e vizave<\/h3>\n\n<p>P\u00ebrpara intervist\u00ebs n\u00eb ambasad\u00eb, \u00e7do kandidat duhet t\u00eb paguaj\u00eb <a href=\"https:\/\/us-gc.net\/sq\/cmimi-green-card\/\">tarif\u00ebn e viz\u00ebs s\u00eb diversitetit<\/a>. P\u00ebr kandidat\u00ebt <a href=\"https:\/\/us-gc.net\/sq\/lotaria-kartonit-jeshil-2024\/\">e Lotaris\u00eb s\u00eb Kart\u00ebs s\u00eb Gjelb\u00ebr 2024<\/a> : <strong>tarifa p\u00ebr t\u00eb paguar \u00ebsht\u00eb 330 dollar\u00eb p\u00ebr person<\/strong>. Kjo tarif\u00eb \u00ebsht\u00eb e pakthyeshme, pavar\u00ebsisht nga rezultati i aplikimit p\u00ebr viz\u00eb t\u00eb programit t\u00eb diversitetit.<\/p>\n\n<p>Ju duhet t\u00eb b\u00ebni marr\u00ebveshje p\u00ebr t\u00eb paguar tarif\u00ebn tuaj p\u00ebrpara dat\u00ebs dhe or\u00ebs s\u00eb intervist\u00ebs tuaj duke ndjekur udh\u00ebzimet e ambasad\u00ebs ose konsullat\u00ebs s\u00eb SHBA ku do t\u00eb intervistoheni.<\/p>\n\n<div style=\"height:10px\" aria-hidden=\"true\" class=\"wp-block-spacer\"><\/div>\n\n<h2 class=\"wp-block-heading\" id=\"h-l-entretien-pour-obtenir-la-green-card-peut-il-etre-annule\">A mund t\u00eb anulohet intervista p\u00ebr marrjen e Kartonit Jeshil?<\/h2>\n\n<p>Po, intervista e <a href=\"https:\/\/us-gc.net\/sq\/\">Green Card<\/a> mund t\u00eb anulohet ose shtyhet n\u00eb rrethana t\u00eb caktuara. K\u00ebtu jan\u00eb disa arsye pse kjo mund t\u00eb ndodh\u00eb:<\/p>\n\n<ul class=\"wp-block-list\">\n<li><strong>K\u00ebrkesa p\u00ebr shtyrjen e kandidatit<\/strong> : N\u00ebse keni nj\u00eb konflikt ose urgjenc\u00eb, mund t&#8217;i k\u00ebrkoni USCIS t\u00eb shtyj\u00eb intervist\u00ebn tuaj. \u00cbsht\u00eb e r\u00ebnd\u00ebsishme t\u00eb sigurohet nj\u00eb arsye e vlefshme dhe prova mb\u00ebshtet\u00ebse n\u00ebse \u00ebsht\u00eb e nevojshme;<\/li>\n\n\n\n<li><strong>Nj\u00eb problem administrativ<\/strong> : USCIS mund t\u00eb anuloj\u00eb ose t\u00eb ricaktoj\u00eb nj\u00eb intervist\u00eb n\u00ebse mungojn\u00eb dokumentet, n\u00ebse ka probleme me rastin tuaj ose n\u00ebse oficeri q\u00eb trajton \u00e7\u00ebshtjen tuaj nuk \u00ebsht\u00eb i disponuesh\u00ebm;<\/li>\n\n\n\n<li><strong>Moti ose fatkeq\u00ebsit\u00eb natyrore<\/strong> : Ngjarjet e paparashikuara si stuhit\u00eb e forta ose fatkeq\u00ebsit\u00eb e tjera natyrore mund t\u00eb detyrojn\u00eb USCIS t\u00eb mbyll\u00eb zyrat e saj dhe t\u00eb anuloj\u00eb intervistat e planifikuara;<\/li>\n\n\n\n<li><strong>Arsyet e siguris\u00eb ose sh\u00ebndetit publik<\/strong> : Situata si pandemit\u00eb mund t\u00eb rezultojn\u00eb n\u00eb anulimin e intervistave p\u00ebr arsye sigurie ose sh\u00ebndeti publik.<\/li>\n<\/ul>\n\n<p>N\u00ebse intervista juaj anulohet, \u00ebsht\u00eb thelb\u00ebsore t\u00eb mbani t\u00eb p\u00ebrdit\u00ebsuar informacionin tuaj t\u00eb kontaktit me USCIS p\u00ebr t&#8217;u siguruar q\u00eb t\u00eb merrni t\u00eb gjitha komunikimet e r\u00ebnd\u00ebsishme n\u00eb lidhje me rastin tuaj.<\/p>\n\n<h2 class=\"wp-block-heading\" id=\"h-peut-on-obtenir-la-green-card-sans-passer-l-interview\">A mund t\u00eb merrni kartonin jeshil pa kaluar intervist\u00ebn?<\/h2>\n\n<p>Shumica d\u00ebrrmuese e kandidat\u00ebve t\u00eb Kartonit t\u00eb Gjelb\u00ebr duhet t&#8217;i n\u00ebnshtrohen nj\u00eb interviste. Intervista lejon USCIS t\u00eb verifikoj\u00eb informacionin e dh\u00ebn\u00eb n\u00eb aplikim, t\u00eb v\u00ebrtetoj\u00eb dokumentet dhe t\u00eb siguroj\u00eb q\u00eb aplikanti i plot\u00ebson t\u00eb gjitha k\u00ebrkesat p\u00ebr t&#8217;u b\u00ebr\u00eb rezident i p\u00ebrhersh\u00ebm.  <\/p>\n\n<p>Megjithat\u00eb, ndodh q\u00eb n\u00eb disa rrethana specifike mir\u00ebmbajtja nuk \u00ebsht\u00eb e nevojshme. K\u00ebtu jan\u00eb disa situata ku kjo mund t\u00eb ndodh\u00eb:<\/p>\n\n<ul class=\"wp-block-list\">\n<li><strong>Rregullimi i statusit p\u00ebr kategori t\u00eb caktuara imigrant\u00ebsh<\/strong> : N\u00eb disa raste, p\u00ebr kategori t\u00eb ve\u00e7anta emigrant\u00ebsh, USCIS mund t\u00eb vendos\u00eb q\u00eb intervista nuk \u00ebsht\u00eb e nevojshme dhe t\u00eb miratoj\u00eb aplikimin p\u00ebr rregullimin e statusit pa intervist\u00eb. Kjo mund t\u00eb ndodh\u00eb p\u00ebr disa kategori t\u00eb vizave t\u00eb bazuara n\u00eb pun\u00ebsim, ve\u00e7an\u00ebrisht n\u00ebse dosja \u00ebsht\u00eb ve\u00e7an\u00ebrisht e qart\u00eb dhe e plot\u00eb;<\/li>\n\n\n\n<li><strong>Heqja dor\u00eb nga intervista<\/strong> : N\u00eb raste t\u00eb rralla, n\u00ebse aplikanti mund t\u00eb demonstroj\u00eb se udh\u00ebtimi p\u00ebr intervist\u00eb do t\u00eb shkaktonte v\u00ebshtir\u00ebsi ekstreme ose t\u00eb panevojshme, USCIS mund t\u00eb konsideroj\u00eb heqjen dor\u00eb nga intervista. K\u00ebto situata jan\u00eb t\u00eb jasht\u00ebzakonshme;<\/li>\n\n\n\n<li><strong>P\u00ebrvojat e kaluara<\/strong> : Gjat\u00eb periudhave me k\u00ebrkes\u00eb t\u00eb lart\u00eb ose kufizime operacionale, USCIS ndonj\u00ebher\u00eb ka rregulluar praktikat e saj duke kufizuar intervistat p\u00ebr kategori t\u00eb caktuara aplikant\u00ebsh. Kjo \u00ebsht\u00eb par\u00eb n\u00eb t\u00eb kaluar\u00ebn p\u00ebr disa rinovime t\u00eb Kartonit t\u00eb Gjelb\u00ebr ose rregullime t\u00eb statusit, t\u00eb cilat nuk ngrit\u00ebn pyetje komplekse q\u00eb k\u00ebrkonin nj\u00eb intervist\u00eb.<\/li>\n\n\n\n<li><strong>Ndryshimet e politikave n\u00eb p\u00ebrgjigje t\u00eb nj\u00eb krize<\/strong> : Gjat\u00eb nj\u00eb krize sh\u00ebndet\u00ebsore si\u00e7 \u00ebsht\u00eb pandemia COVID-19, USCIS ka p\u00ebrshtatur politikat dhe procedurat e saj. Numri i intervistave t\u00eb k\u00ebrkuara \u00ebsht\u00eb zvog\u00ebluar.<\/li>\n<\/ul>\n\n<div style=\"height:10px\" aria-hidden=\"true\" class=\"wp-block-spacer\"><\/div>\n\n<h2 class=\"wp-block-heading\" id=\"h-combien-de-temps-dure-l-entretien\">Sa zgjat intervista?<\/h2>\n\n<p>Koh\u00ebzgjatja e nj\u00eb interviste p\u00ebr t\u00eb marr\u00eb nj\u00eb Karton jeshil mund t\u00eb ndryshoj\u00eb n\u00eb var\u00ebsi t\u00eb disa faktor\u00ebve. Zakonisht zgjat nga 20 minuta deri n\u00eb nj\u00eb or\u00eb. Kompleksiteti i \u00e7\u00ebshtjes, pyetjet q\u00eb oficeri i imigracionit d\u00ebshiron t\u00eb adresoj\u00eb dhe numri i dokumenteve q\u00eb duhen kontrolluar mund t\u00eb ndikojn\u00eb n\u00eb koh\u00ebzgjatjen e intervist\u00ebs.<\/p>\n\n<p>K\u00ebshillohet q\u00eb t\u00eb arrini n\u00eb intervist\u00eb t\u00eb p\u00ebrgatitur mir\u00eb dhe t\u00eb gatsh\u00ebm p\u00ebr t&#8217;iu p\u00ebrgjigjur plot\u00ebsisht t\u00eb gjitha pyetjeve. Duhet t\u00eb lihet koh\u00eb e mjaftueshme para dhe pas intervist\u00ebs p\u00ebr \u00e7do procedur\u00eb administrative shtes\u00eb n\u00eb terren.<\/p>\n\n<h2 class=\"wp-block-heading\" id=\"h-combien-de-temps-apres-l-entretien-on-obtient-la-green-card\">Sa koh\u00eb pas intervist\u00ebs e merrni Kartonin Jeshil?<\/h2>\n\n<p>N\u00eb m\u00ebnyr\u00eb tipike, USCIS njofton aplikantin p\u00ebr vendimin p\u00ebr aplikimin e tyre menj\u00ebher\u00eb pas intervist\u00ebs. N\u00ebse aplikacioni miratohet, mund t\u00eb duhen disa jav\u00eb q\u00eb t\u00eb finalizohet prodhimi dhe postimi i Kartonit t\u00eb Gjelb\u00ebr. USCIS shpesh ofron nj\u00eb korniz\u00eb kohore t\u00eb vler\u00ebsuar p\u00ebr marrjen e kart\u00ebs pas miratimit t\u00eb aplikacionit.<\/p>\n\n<p>\u00cbsht\u00eb e r\u00ebnd\u00ebsishme t\u00eb q\u00ebndroni n\u00eb kontakt me USCIS dhe t\u00eb monitoroni statusin e aplikimit n\u00eb faqen e internetit t\u00eb <a href=\"https:\/\/us-gc.net\/sq\/diversitet-viza-program\/\">programit Diversity Visa<\/a> .<\/p>\n","protected":false},"excerpt":{"rendered":"<p>Si t\u00eb p\u00ebrgatiteni p\u00ebr intervist\u00ebn e Kartonit t\u00eb Gjelb\u00ebr Konfirmimi i takimit p\u00ebr t\u00eb marr\u00eb intervist\u00ebn Pasi administrata e SHBA t\u00eb ket\u00eb shqyrtuar Formularin e plot\u00ebsuar DS-260, aplikanti do t\u00eb marr\u00eb nj\u00eb email p\u00ebr t&#8217;i njoftuar ata se nj\u00eb intervist\u00eb \u00ebsht\u00eb caktuar n\u00eb ambasad\u00ebn ose konsullat\u00ebn e zgjedhur t\u00eb SHBA. Kandidati duhet t\u00eb identifikohet n\u00eb [&hellip;]<\/p>\n","protected":false},"author":1,"featured_media":0,"parent":0,"menu_order":0,"comment_status":"closed","ping_status":"closed","template":"","meta":{"footnotes":""},"class_list":["post-3307","page","type-page","status-publish","hentry"],"yoast_head":"<!-- This site is optimized with the Yoast SEO plugin v27.4 - https:\/\/yoast.com\/product\/yoast-seo-wordpress\/ -->\n<title>Takimi p\u00ebr marrjen e Kartonit t\u00eb Gjelb\u00ebr - USA GC<\/title>\n<meta name=\"description\" content=\"Si t\u00eb kaloni intervist\u00ebn tuaj t\u00eb Kartonit t\u00eb Gjelb\u00ebr\" \/>\n<meta name=\"robots\" content=\"index, follow, max-snippet:-1, max-image-preview:large, max-video-preview:-1\" \/>\n<link rel=\"canonical\" href=\"https:\/\/us-gc.net\/sq\/green-card-interview\/\" \/>\n<meta property=\"og:locale\" content=\"sq_AL\" \/>\n<meta property=\"og:type\" content=\"article\" \/>\n<meta property=\"og:title\" content=\"Takimi p\u00ebr marrjen e Kartonit t\u00eb Gjelb\u00ebr - USA GC\" \/>\n<meta property=\"og:description\" content=\"Si t\u00eb kaloni intervist\u00ebn tuaj t\u00eb Kartonit t\u00eb Gjelb\u00ebr\" \/>\n<meta property=\"og:url\" content=\"https:\/\/us-gc.net\/sq\/green-card-interview\/\" \/>\n<meta property=\"og:site_name\" content=\"USA GC\" \/>\n<meta property=\"article:modified_time\" content=\"2024-12-30T09:41:03+00:00\" \/>\n<meta name=\"twitter:card\" content=\"summary_large_image\" \/>\n<meta name=\"twitter:label1\" content=\"Est. reading time\" \/>\n\t<meta name=\"twitter:data1\" content=\"6 minutes\" \/>\n<script type=\"application\/ld+json\" class=\"yoast-schema-graph\">{\"@context\":\"https:\\\/\\\/schema.org\",\"@graph\":[{\"@type\":\"WebPage\",\"@id\":\"https:\\\/\\\/us-gc.net\\\/sq\\\/green-card-interview\\\/\",\"url\":\"https:\\\/\\\/us-gc.net\\\/sq\\\/green-card-interview\\\/\",\"name\":\"Takimi p\u00ebr marrjen e Kartonit t\u00eb Gjelb\u00ebr - USA GC\",\"isPartOf\":{\"@id\":\"https:\\\/\\\/us-gc.net\\\/sq\\\/#website\"},\"datePublished\":\"2024-01-31T16:27:17+00:00\",\"dateModified\":\"2024-12-30T09:41:03+00:00\",\"description\":\"Si t\u00eb kaloni intervist\u00ebn tuaj t\u00eb Kartonit t\u00eb Gjelb\u00ebr\",\"breadcrumb\":{\"@id\":\"https:\\\/\\\/us-gc.net\\\/sq\\\/green-card-interview\\\/#breadcrumb\"},\"inLanguage\":\"sq-AL\",\"potentialAction\":[{\"@type\":\"ReadAction\",\"target\":[\"https:\\\/\\\/us-gc.net\\\/sq\\\/green-card-interview\\\/\"]}]},{\"@type\":\"BreadcrumbList\",\"@id\":\"https:\\\/\\\/us-gc.net\\\/sq\\\/green-card-interview\\\/#breadcrumb\",\"itemListElement\":[{\"@type\":\"ListItem\",\"position\":1,\"name\":\"Accueil\",\"item\":\"https:\\\/\\\/us-gc.net\\\/sq\\\/green-card\\\/\"},{\"@type\":\"ListItem\",\"position\":2,\"name\":\"Takimi p\u00ebr marrjen e Kartonit t\u00eb Gjelb\u00ebr\"}]},{\"@type\":\"WebSite\",\"@id\":\"https:\\\/\\\/us-gc.net\\\/sq\\\/#website\",\"url\":\"https:\\\/\\\/us-gc.net\\\/sq\\\/\",\"name\":\"USA GC\",\"description\":\"\",\"potentialAction\":[{\"@type\":\"SearchAction\",\"target\":{\"@type\":\"EntryPoint\",\"urlTemplate\":\"https:\\\/\\\/us-gc.net\\\/sq\\\/?s={search_term_string}\"},\"query-input\":{\"@type\":\"PropertyValueSpecification\",\"valueRequired\":true,\"valueName\":\"search_term_string\"}}],\"inLanguage\":\"sq-AL\"}]}<\/script>\n<!-- \/ Yoast SEO plugin. -->","yoast_head_json":{"title":"Takimi p\u00ebr marrjen e Kartonit t\u00eb Gjelb\u00ebr - USA GC","description":"Si t\u00eb kaloni intervist\u00ebn tuaj t\u00eb Kartonit t\u00eb Gjelb\u00ebr","robots":{"index":"index","follow":"follow","max-snippet":"max-snippet:-1","max-image-preview":"max-image-preview:large","max-video-preview":"max-video-preview:-1"},"canonical":"https:\/\/us-gc.net\/sq\/green-card-interview\/","og_locale":"sq_AL","og_type":"article","og_title":"Takimi p\u00ebr marrjen e Kartonit t\u00eb Gjelb\u00ebr - USA GC","og_description":"Si t\u00eb kaloni intervist\u00ebn tuaj t\u00eb Kartonit t\u00eb Gjelb\u00ebr","og_url":"https:\/\/us-gc.net\/sq\/green-card-interview\/","og_site_name":"USA GC","article_modified_time":"2024-12-30T09:41:03+00:00","twitter_card":"summary_large_image","twitter_misc":{"Est. reading time":"6 minutes"},"schema":{"@context":"https:\/\/schema.org","@graph":[{"@type":"WebPage","@id":"https:\/\/us-gc.net\/sq\/green-card-interview\/","url":"https:\/\/us-gc.net\/sq\/green-card-interview\/","name":"Takimi p\u00ebr marrjen e Kartonit t\u00eb Gjelb\u00ebr - USA GC","isPartOf":{"@id":"https:\/\/us-gc.net\/sq\/#website"},"datePublished":"2024-01-31T16:27:17+00:00","dateModified":"2024-12-30T09:41:03+00:00","description":"Si t\u00eb kaloni intervist\u00ebn tuaj t\u00eb Kartonit t\u00eb Gjelb\u00ebr","breadcrumb":{"@id":"https:\/\/us-gc.net\/sq\/green-card-interview\/#breadcrumb"},"inLanguage":"sq-AL","potentialAction":[{"@type":"ReadAction","target":["https:\/\/us-gc.net\/sq\/green-card-interview\/"]}]},{"@type":"BreadcrumbList","@id":"https:\/\/us-gc.net\/sq\/green-card-interview\/#breadcrumb","itemListElement":[{"@type":"ListItem","position":1,"name":"Accueil","item":"https:\/\/us-gc.net\/sq\/green-card\/"},{"@type":"ListItem","position":2,"name":"Takimi p\u00ebr marrjen e Kartonit t\u00eb Gjelb\u00ebr"}]},{"@type":"WebSite","@id":"https:\/\/us-gc.net\/sq\/#website","url":"https:\/\/us-gc.net\/sq\/","name":"USA GC","description":"","potentialAction":[{"@type":"SearchAction","target":{"@type":"EntryPoint","urlTemplate":"https:\/\/us-gc.net\/sq\/?s={search_term_string}"},"query-input":{"@type":"PropertyValueSpecification","valueRequired":true,"valueName":"search_term_string"}}],"inLanguage":"sq-AL"}]}},"_links":{"self":[{"href":"https:\/\/us-gc.net\/sq\/wp-json\/wp\/v2\/pages\/3307","targetHints":{"allow":["GET"]}}],"collection":[{"href":"https:\/\/us-gc.net\/sq\/wp-json\/wp\/v2\/pages"}],"about":[{"href":"https:\/\/us-gc.net\/sq\/wp-json\/wp\/v2\/types\/page"}],"author":[{"embeddable":true,"href":"https:\/\/us-gc.net\/sq\/wp-json\/wp\/v2\/users\/1"}],"replies":[{"embeddable":true,"href":"https:\/\/us-gc.net\/sq\/wp-json\/wp\/v2\/comments?post=3307"}],"version-history":[{"count":1,"href":"https:\/\/us-gc.net\/sq\/wp-json\/wp\/v2\/pages\/3307\/revisions"}],"predecessor-version":[{"id":7754,"href":"https:\/\/us-gc.net\/sq\/wp-json\/wp\/v2\/pages\/3307\/revisions\/7754"}],"wp:attachment":[{"href":"https:\/\/us-gc.net\/sq\/wp-json\/wp\/v2\/media?parent=3307"}],"curies":[{"name":"wp","href":"https:\/\/api.w.org\/{rel}","templated":true}]}}