{"id":3293,"date":"2024-01-31T14:33:04","date_gmt":"2024-01-31T14:33:04","guid":{"rendered":"https:\/\/green-card-usa.net\/green-card-per-martese\/"},"modified":"2024-12-30T09:39:39","modified_gmt":"2024-12-30T09:39:39","slug":"green-card-per-martese","status":"publish","type":"page","link":"https:\/\/us-gc.net\/sq\/green-card-per-martese\/","title":{"rendered":"Karton jeshil i marr\u00eb me martes\u00eb"},"content":{"rendered":"\n<h1 class=\"wp-block-heading\" id=\"h-obtenir-une-green-card-par-mariage\">Merrni nj\u00eb karton jeshil me martes\u00eb<\/h1>\n\n<p>Karta e Gjelb\u00ebr mund t\u00eb merret n\u00eb baz\u00eb t\u00eb martes\u00ebs me nj\u00eb shtetas amerikan ose nj\u00eb banor t\u00eb p\u00ebrhersh\u00ebm ligjor (LPR). Prandaj, martesa ju lejon t\u00eb b\u00ebheni banor i p\u00ebrhersh\u00ebm i Shteteve t\u00eb Bashkuara. K\u00ebtu jan\u00eb detajet e hapave dhe kushteve thelb\u00ebsore p\u00ebr t\u00eb p\u00ebrfituar prej tij.<\/p>\n\n<h2 class=\"wp-block-heading\" id=\"h-eligibilite-a-la-green-card-par-mariage\">P\u00ebrshtatshm\u00ebria e Kart\u00ebs s\u00eb Gjelb\u00ebr nga Martesa<\/h2>\n\n<p>P\u00ebr t&#8217;u kualifikuar p\u00ebr nj\u00eb karton jeshil p\u00ebrmes martes\u00ebs, ju duhet t\u00eb jeni i martuar me nj\u00eb shtetas amerikan ose RPL. Martesa duhet t\u00eb jet\u00eb e ligjshme dhe e bazuar n\u00eb nj\u00eb marr\u00ebdh\u00ebnie t\u00eb mir\u00ebfillt\u00eb. Ambicia p\u00ebr t&#8217;u b\u00ebr\u00eb rezident i p\u00ebrhersh\u00ebm i SHBA-s\u00eb nuk duhet t\u00eb jet\u00eb arsyeja kryesore p\u00ebr martes\u00eb.<\/p>\n\n<h2 class=\"wp-block-heading\" id=\"h-conditions-et-preuves-requises\">K\u00ebrkohen kushte dhe prova<\/h2>\n\n<p>\u00c7iftet duhet t\u00eb ofrojn\u00eb prova thelb\u00ebsore t\u00eb martes\u00ebs s\u00eb tyre legjitime. P\u00ebr shembull, \u00e7ifti mund t\u00eb siguroj\u00eb deklarata t\u00eb p\u00ebrbashk\u00ebta bankare, qira t\u00eb p\u00ebrbashk\u00ebta ose hipoteka, foto dasmash dhe ngjarje familjare. \u00c7do dokument tjet\u00ebr q\u00eb v\u00ebrteton marr\u00ebdh\u00ebnien e tyre mund t\u00eb jet\u00eb i r\u00ebnd\u00ebsish\u00ebm dhe duhet t&#8217;i bashk\u00ebngjitet aplikacionit.<\/p>\n\n<p>N\u00ebse nuk i plot\u00ebsoni kushtet, mund t\u00eb merrni p\u00ebrs\u00ebri nj\u00eb <a href=\"https:\/\/us-gc.net\/sq\/lotaria-green-card\/\">Green Card p\u00ebrmes shortit<\/a>. <strong>P\u00ebr t\u00eb marr\u00eb pjes\u00eb n\u00eb shortin vjetor,<\/strong> thjesht plot\u00ebsoni <a href=\"https:\/\/us-gc.net\/sq\/green-card-llotari-formular\/\">formularin online<\/a>.<\/p>\n\n<div style=\"height:10px\" aria-hidden=\"true\" class=\"wp-block-spacer\"><\/div>\n\n<h2 class=\"wp-block-heading\" id=\"h-processus-de-demande\">Procesi i aplikimit<\/h2>\n\n<p>Aplikimi p\u00ebr nj\u00eb <a href=\"https:\/\/us-gc.net\/sq\/\">Green Card<\/a> n\u00eb lidhje me martes\u00ebn zhvillohet n\u00eb disa faza.<\/p>\n\n<ol class=\"wp-block-list\">\n<li><strong>Dor\u00ebzimi i Peticionit<\/strong> : Qytetari Partner ose RPL duhet s\u00eb pari t\u00eb dor\u00ebzoj\u00eb <a href=\"https:\/\/www.uscis.gov\/i-130\">Formularin I-130<\/a>. Ky \u00ebsht\u00eb nj\u00eb peticion p\u00ebr nj\u00eb prind t\u00eb huaj q\u00eb t&#8217;i dor\u00ebzohet Sh\u00ebrbimeve t\u00eb Shtet\u00ebsis\u00eb dhe Emigracionit t\u00eb Shteteve t\u00eb Bashkuara (USCIS).<\/li>\n\n\n\n<li><strong>Rregullimi i statusit ose procesi konsullor<\/strong> : N\u00ebse bashk\u00ebshorti jo-shtetas \u00ebsht\u00eb tashm\u00eb n\u00eb Shtetet e Bashkuara, ata mund t\u00eb k\u00ebrkojn\u00eb nj\u00eb rregullim t\u00eb statusit me <a href=\"https:\/\/www.uscis.gov\/i-485\">Formularin I-485<\/a>. N\u00ebse bashk\u00ebshorti \u00ebsht\u00eb jasht\u00eb Shteteve t\u00eb Bashkuara, ata do t\u00eb kalojn\u00eb p\u00ebrmes konsullat\u00ebs s\u00eb vendit t\u00eb tyre.<\/li>\n\n\n\n<li><strong>Intervista dhe miratimi<\/strong> : T\u00eb dy partner\u00ebt do t\u00eb thirren p\u00ebr nj\u00eb <a href=\"https:\/\/us-gc.net\/sq\/green-card-interview\/\">intervist\u00eb p\u00ebr Kart\u00ebn e Gjelb\u00ebr<\/a> p\u00ebr t\u00eb verifikuar v\u00ebrtet\u00ebsin\u00eb e martes\u00ebs. N\u00ebse aplikimi miratohet, bashk\u00ebshorti joshtetas do t\u00eb pajiset me nj\u00eb karton jeshil.<\/li>\n<\/ol>\n\n<h2 class=\"wp-block-heading\" id=\"h-green-card-conditionnelle\">Karton jeshil me kusht<\/h2>\n\n<p>N\u00ebse martesa \u00ebsht\u00eb m\u00eb pak se dy vje\u00e7 n\u00eb momentin e miratimit, bashk\u00ebshorti joshtetas do t\u00eb marr\u00eb nj\u00eb karton jeshil t\u00eb kusht\u00ebzuar p\u00ebr dy vjet. P\u00ebrpara se t\u00eb skadoj\u00eb, \u00e7ifti do t\u00eb duhet t\u00eb dor\u00ebzoj\u00eb <a href=\"https:\/\/www.uscis.gov\/sites\/default\/files\/document\/forms\/i-751.pdf\">Formularin I-751<\/a> p\u00ebr t\u00eb k\u00ebrkuar heqjen e kushteve dhe p\u00ebr t\u00eb marr\u00eb nj\u00eb Karton jeshil t\u00eb p\u00ebrhersh\u00ebm.<\/p>\n\n<h2 class=\"wp-block-heading\" id=\"h-conseils-pour-une-reussir-la-demande-de-green-card\">K\u00ebshilla p\u00ebr nj\u00eb aplikim t\u00eb suksessh\u00ebm t\u00eb Green Card<\/h2>\n\n<p>Karta jeshile ju jep t\u00eb drejt\u00ebn e q\u00ebndrimit t\u00eb p\u00ebrhersh\u00ebm n\u00eb Shtetet e Bashkuara. Procedura p\u00ebr marrjen e Kartonit Jeshil p\u00ebrmes martes\u00ebs \u00ebsht\u00eb studiuar ve\u00e7an\u00ebrisht dhe suksesi nuk \u00ebsht\u00eb i garantuar. K\u00ebtu jan\u00eb disa k\u00ebshilla t\u00eb r\u00ebnd\u00ebsishme p\u00ebr t\u00eb maksimizuar shanset p\u00ebr sukses:<\/p>\n\n<ul class=\"wp-block-list\">\n<li><strong>Dokumentoni plot\u00ebsisht marr\u00ebdh\u00ebnien tuaj<\/strong> : Mbani gjurm\u00ebt e dokumenteve dhe fotove q\u00eb v\u00ebrtetojn\u00eb vazhdim\u00ebsin\u00eb dhe v\u00ebrtet\u00ebsin\u00eb e marr\u00ebdh\u00ebnies suaj.<\/li>\n\n\n\n<li><strong>P\u00ebrgatituni p\u00ebr intervist\u00ebn<\/strong> : Jini t\u00eb p\u00ebrgatitur p\u00ebr t&#8217;iu p\u00ebrgjigjur pyetjeve n\u00eb lidhje me marr\u00ebdh\u00ebnien dhe martes\u00ebn tuaj n\u00eb m\u00ebnyr\u00eb transparente dhe t\u00eb ndershme.<\/li>\n\n\n\n<li><strong>P\u00ebrmbushni afatet<\/strong> : Sigurohuni q\u00eb t\u00eb dor\u00ebzoni t\u00eb gjitha aplikacionet dhe dokumentet e nevojshme brenda afateve t\u00eb k\u00ebrkuara.<\/li>\n<\/ul>\n\n<p><\/p>\n","protected":false},"excerpt":{"rendered":"<p>Merrni nj\u00eb karton jeshil me martes\u00eb Karta e Gjelb\u00ebr mund t\u00eb merret n\u00eb baz\u00eb t\u00eb martes\u00ebs me nj\u00eb shtetas amerikan ose nj\u00eb banor t\u00eb p\u00ebrhersh\u00ebm ligjor (LPR). Prandaj, martesa ju lejon t\u00eb b\u00ebheni banor i p\u00ebrhersh\u00ebm i Shteteve t\u00eb Bashkuara. K\u00ebtu jan\u00eb detajet e hapave dhe kushteve thelb\u00ebsore p\u00ebr t\u00eb p\u00ebrfituar prej tij. P\u00ebrshtatshm\u00ebria e [&hellip;]<\/p>\n","protected":false},"author":1,"featured_media":0,"parent":0,"menu_order":0,"comment_status":"closed","ping_status":"closed","template":"","meta":{"footnotes":""},"class_list":["post-3293","page","type-page","status-publish","hentry"],"yoast_head":"<!-- This site is optimized with the Yoast SEO plugin v27.4 - https:\/\/yoast.com\/product\/yoast-seo-wordpress\/ -->\n<title>Karton jeshil i marr\u00eb me martes\u00eb - USA GC<\/title>\n<meta name=\"description\" content=\"Merrni nj\u00eb karton jeshil p\u00ebrmes martes\u00ebs me nj\u00eb shtetas amerikan ose mbajt\u00ebs t\u00eb kartonit jeshil t\u00eb SHBA\" \/>\n<meta name=\"robots\" content=\"index, follow, max-snippet:-1, max-image-preview:large, max-video-preview:-1\" \/>\n<link rel=\"canonical\" href=\"https:\/\/us-gc.net\/sq\/green-card-per-martese\/\" \/>\n<meta property=\"og:locale\" content=\"sq_AL\" \/>\n<meta property=\"og:type\" content=\"article\" \/>\n<meta property=\"og:title\" content=\"Karton jeshil i marr\u00eb me martes\u00eb - USA GC\" \/>\n<meta property=\"og:description\" content=\"Merrni nj\u00eb karton jeshil p\u00ebrmes martes\u00ebs me nj\u00eb shtetas amerikan ose mbajt\u00ebs t\u00eb kartonit jeshil t\u00eb SHBA\" \/>\n<meta property=\"og:url\" content=\"https:\/\/us-gc.net\/sq\/green-card-per-martese\/\" \/>\n<meta property=\"og:site_name\" content=\"USA GC\" \/>\n<meta property=\"article:modified_time\" content=\"2024-12-30T09:39:39+00:00\" \/>\n<meta name=\"twitter:card\" content=\"summary_large_image\" \/>\n<meta name=\"twitter:label1\" content=\"Est. reading time\" \/>\n\t<meta name=\"twitter:data1\" content=\"3 minutes\" \/>\n<script type=\"application\/ld+json\" class=\"yoast-schema-graph\">{\"@context\":\"https:\\\/\\\/schema.org\",\"@graph\":[{\"@type\":\"WebPage\",\"@id\":\"https:\\\/\\\/us-gc.net\\\/sq\\\/green-card-per-martese\\\/\",\"url\":\"https:\\\/\\\/us-gc.net\\\/sq\\\/green-card-per-martese\\\/\",\"name\":\"Karton jeshil i marr\u00eb me martes\u00eb - USA GC\",\"isPartOf\":{\"@id\":\"https:\\\/\\\/us-gc.net\\\/sq\\\/#website\"},\"datePublished\":\"2024-01-31T14:33:04+00:00\",\"dateModified\":\"2024-12-30T09:39:39+00:00\",\"description\":\"Merrni nj\u00eb karton jeshil p\u00ebrmes martes\u00ebs me nj\u00eb shtetas amerikan ose mbajt\u00ebs t\u00eb kartonit jeshil t\u00eb SHBA\",\"breadcrumb\":{\"@id\":\"https:\\\/\\\/us-gc.net\\\/sq\\\/green-card-per-martese\\\/#breadcrumb\"},\"inLanguage\":\"sq-AL\",\"potentialAction\":[{\"@type\":\"ReadAction\",\"target\":[\"https:\\\/\\\/us-gc.net\\\/sq\\\/green-card-per-martese\\\/\"]}]},{\"@type\":\"BreadcrumbList\",\"@id\":\"https:\\\/\\\/us-gc.net\\\/sq\\\/green-card-per-martese\\\/#breadcrumb\",\"itemListElement\":[{\"@type\":\"ListItem\",\"position\":1,\"name\":\"Accueil\",\"item\":\"https:\\\/\\\/us-gc.net\\\/sq\\\/green-card\\\/\"},{\"@type\":\"ListItem\",\"position\":2,\"name\":\"Karton jeshil i marr\u00eb me martes\u00eb\"}]},{\"@type\":\"WebSite\",\"@id\":\"https:\\\/\\\/us-gc.net\\\/sq\\\/#website\",\"url\":\"https:\\\/\\\/us-gc.net\\\/sq\\\/\",\"name\":\"USA GC\",\"description\":\"\",\"potentialAction\":[{\"@type\":\"SearchAction\",\"target\":{\"@type\":\"EntryPoint\",\"urlTemplate\":\"https:\\\/\\\/us-gc.net\\\/sq\\\/?s={search_term_string}\"},\"query-input\":{\"@type\":\"PropertyValueSpecification\",\"valueRequired\":true,\"valueName\":\"search_term_string\"}}],\"inLanguage\":\"sq-AL\"}]}<\/script>\n<!-- \/ Yoast SEO plugin. -->","yoast_head_json":{"title":"Karton jeshil i marr\u00eb me martes\u00eb - USA GC","description":"Merrni nj\u00eb karton jeshil p\u00ebrmes martes\u00ebs me nj\u00eb shtetas amerikan ose mbajt\u00ebs t\u00eb kartonit jeshil t\u00eb SHBA","robots":{"index":"index","follow":"follow","max-snippet":"max-snippet:-1","max-image-preview":"max-image-preview:large","max-video-preview":"max-video-preview:-1"},"canonical":"https:\/\/us-gc.net\/sq\/green-card-per-martese\/","og_locale":"sq_AL","og_type":"article","og_title":"Karton jeshil i marr\u00eb me martes\u00eb - USA GC","og_description":"Merrni nj\u00eb karton jeshil p\u00ebrmes martes\u00ebs me nj\u00eb shtetas amerikan ose mbajt\u00ebs t\u00eb kartonit jeshil t\u00eb SHBA","og_url":"https:\/\/us-gc.net\/sq\/green-card-per-martese\/","og_site_name":"USA GC","article_modified_time":"2024-12-30T09:39:39+00:00","twitter_card":"summary_large_image","twitter_misc":{"Est. reading time":"3 minutes"},"schema":{"@context":"https:\/\/schema.org","@graph":[{"@type":"WebPage","@id":"https:\/\/us-gc.net\/sq\/green-card-per-martese\/","url":"https:\/\/us-gc.net\/sq\/green-card-per-martese\/","name":"Karton jeshil i marr\u00eb me martes\u00eb - USA GC","isPartOf":{"@id":"https:\/\/us-gc.net\/sq\/#website"},"datePublished":"2024-01-31T14:33:04+00:00","dateModified":"2024-12-30T09:39:39+00:00","description":"Merrni nj\u00eb karton jeshil p\u00ebrmes martes\u00ebs me nj\u00eb shtetas amerikan ose mbajt\u00ebs t\u00eb kartonit jeshil t\u00eb SHBA","breadcrumb":{"@id":"https:\/\/us-gc.net\/sq\/green-card-per-martese\/#breadcrumb"},"inLanguage":"sq-AL","potentialAction":[{"@type":"ReadAction","target":["https:\/\/us-gc.net\/sq\/green-card-per-martese\/"]}]},{"@type":"BreadcrumbList","@id":"https:\/\/us-gc.net\/sq\/green-card-per-martese\/#breadcrumb","itemListElement":[{"@type":"ListItem","position":1,"name":"Accueil","item":"https:\/\/us-gc.net\/sq\/green-card\/"},{"@type":"ListItem","position":2,"name":"Karton jeshil i marr\u00eb me martes\u00eb"}]},{"@type":"WebSite","@id":"https:\/\/us-gc.net\/sq\/#website","url":"https:\/\/us-gc.net\/sq\/","name":"USA GC","description":"","potentialAction":[{"@type":"SearchAction","target":{"@type":"EntryPoint","urlTemplate":"https:\/\/us-gc.net\/sq\/?s={search_term_string}"},"query-input":{"@type":"PropertyValueSpecification","valueRequired":true,"valueName":"search_term_string"}}],"inLanguage":"sq-AL"}]}},"_links":{"self":[{"href":"https:\/\/us-gc.net\/sq\/wp-json\/wp\/v2\/pages\/3293","targetHints":{"allow":["GET"]}}],"collection":[{"href":"https:\/\/us-gc.net\/sq\/wp-json\/wp\/v2\/pages"}],"about":[{"href":"https:\/\/us-gc.net\/sq\/wp-json\/wp\/v2\/types\/page"}],"author":[{"embeddable":true,"href":"https:\/\/us-gc.net\/sq\/wp-json\/wp\/v2\/users\/1"}],"replies":[{"embeddable":true,"href":"https:\/\/us-gc.net\/sq\/wp-json\/wp\/v2\/comments?post=3293"}],"version-history":[{"count":1,"href":"https:\/\/us-gc.net\/sq\/wp-json\/wp\/v2\/pages\/3293\/revisions"}],"predecessor-version":[{"id":7666,"href":"https:\/\/us-gc.net\/sq\/wp-json\/wp\/v2\/pages\/3293\/revisions\/7666"}],"wp:attachment":[{"href":"https:\/\/us-gc.net\/sq\/wp-json\/wp\/v2\/media?parent=3293"}],"curies":[{"name":"wp","href":"https:\/\/api.w.org\/{rel}","templated":true}]}}