{"id":3120,"date":"2024-01-31T15:56:24","date_gmt":"2024-01-31T15:56:24","guid":{"rendered":"https:\/\/green-card-usa.net\/lotaria-kartonit-jeshil-2024\/"},"modified":"2025-03-31T10:08:02","modified_gmt":"2025-03-31T10:08:02","slug":"lotaria-kartonit-jeshil-2024","status":"publish","type":"page","link":"https:\/\/us-gc.net\/sq\/lotaria-kartonit-jeshil-2024\/","title":{"rendered":"Lotaria e Kartonit Jeshil 2024"},"content":{"rendered":"\n<h1 class=\"wp-block-heading\" id=\"h-loterie-de-la-green-card-en-2024\">Lotaria e Kart\u00ebs s\u00eb Gjelb\u00ebr n\u00eb 2024<\/h1>\n\n<p>Shorti i shortit t\u00eb Kartonit t\u00eb Gjelb\u00ebr b\u00ebhet vet\u00ebm nj\u00eb her\u00eb n\u00eb vit. Ka dy m\u00ebnyra p\u00ebr t\u00eb p\u00ebrcaktuar vitin e lotaris\u00eb:<\/p>\n\n<ul class=\"wp-block-list\">\n<li>Departamenti i Shtetit i SHBA-s\u00eb em\u00ebrton \u00e7do promovim lotarie sipas vitit n\u00eb t\u00eb cilin aplikant\u00ebt do t\u00eb marrin <a href=\"https:\/\/us-gc.net\/sq\/\">Kart\u00ebn e Gjelb\u00ebr<\/a> . Pra, shorti q\u00eb b\u00ebhet n\u00eb tremujorin e kat\u00ebrt t\u00eb 2024 \u00ebsht\u00eb ai i programit t\u00eb <a href=\"https:\/\/us-gc.net\/sq\/lotari-karta-jeshile-2026\/\">Kartonit Jeshil 2026<\/a> ;<\/li>\n\n\n\n<li>Shumica e aplikant\u00ebve t\u00eb shortit i japin emrin Green Card Lottery 2024 shortit q\u00eb zhvillohet n\u00eb vitin 2024.<\/li>\n<\/ul>\n\n<h2 class=\"wp-block-heading\" id=\"h-qu-est-ce-que-la-loterie-2024-de-la-green-card\">\u00c7far\u00eb \u00ebsht\u00eb Lotaria e Kartonit t\u00eb Gjelb\u00ebr 2024?<\/h2>\n\n<p>Lotaria e Kartonit t\u00eb Gjelb\u00ebr 2024 quhet m\u00eb shpesh si shorti vjetor q\u00eb zhvillohet gjat\u00eb vitit 2024. Ky short b\u00ebhet nj\u00eb her\u00eb n\u00eb vit dhe lejon m\u00eb shum\u00eb se 50,000 shtetas t\u00eb huaj t\u00eb fitojn\u00eb t\u00eb drejt\u00ebn p\u00ebr t\u00eb aplikuar p\u00ebr nj\u00eb Karton jeshil sipas Programit t\u00eb Vizave t\u00eb Shum\u00ebllojshm\u00ebris\u00eb s\u00eb Shteteve t\u00eb Bashkuara.<\/p>\n\n<h2 class=\"wp-block-heading\" id=\"h-quand-se-deroule-la-loterie-de-la-green-card-pour-l-annee-2024\">Kur zhvillohet shorti i Kartonit Jeshil p\u00ebr vitin 2024?<\/h2>\n\n<p>Regjistrimet p\u00ebrfundimtare p\u00ebr shortin e 2024 u zhvilluan n\u00eb tetor 2024. Datat e sakta p\u00ebr vitin 2024 ishin: <\/p>\n\n<ul class=\"wp-block-list\">\n<li>Periudha e regjistrimit ka filluar m\u00eb 2 tetor 2024;<\/li>\n\n\n\n<li>Regjistrimi mbyllet m\u00eb 5 n\u00ebntor 2024.<\/li>\n<\/ul>\n\n<div style=\"height:10px\" aria-hidden=\"true\" class=\"wp-block-spacer\"><\/div>\n\n<p>Faza tjet\u00ebr e regjistrimit do t\u00eb jet\u00eb pjes\u00ebmarrja n\u00eb shortin i cili do t\u00eb zhvillohet n\u00eb vitin 2025. Tani \u00ebsht\u00eb e mundur t\u00eb regjistroheni paraprakisht duke klikuar n\u00eb <a href=\"https:\/\/us-gc.net\/sq\/green-card-llotari-formular\/\">formularin online<\/a> p\u00ebr t\u00eb plot\u00ebsuar k\u00ebrkes\u00ebn tuaj p\u00ebr t\u00eb marr\u00eb pjes\u00eb n\u00eb short. <\/p>\n\n<h2 class=\"wp-block-heading\" id=\"h-quelles-sont-les-resultats-de-la-loterie-de-la-green-card-2024\">Cilat jan\u00eb rezultatet e shortit t\u00eb Kartonit t\u00eb Gjelb\u00ebr 2024?<\/h2>\n\n<p><a href=\"https:\/\/us-gc.net\/sq\/gjelber-llotari-rezultatet\/\">Rezultatet e t\u00ebrheqjes s\u00eb Kartonit t\u00eb Gjelb\u00ebr<\/a> publikohen \u00e7do vit af\u00ebrsisht 6 muaj pas shortit q\u00eb zhvillohet n\u00eb n\u00ebntor. Rezultatet e shortit t\u00eb shortit q\u00eb do t\u00eb zhvillohet n\u00eb vitin 2024 do t\u00eb publikohen online nga maji 2025.<\/p>\n\n<h2 class=\"wp-block-heading\" id=\"h-comment-s-inscrire-a-la-loterie-de-la-green-card-2024\">Si t\u00eb regjistroheni p\u00ebr lotarin\u00eb e Kartonit t\u00eb Gjelb\u00ebr 2024?<\/h2>\n\n<p>Regjistrimi p\u00ebr <a href=\"https:\/\/us-gc.net\/sq\/amerikano-karton-jeshil-llotari\/\">lotarin\u00eb e Kart\u00ebs s\u00eb Gjelb\u00ebr t\u00eb SHBA-s\u00eb<\/a> b\u00ebhet t\u00ebr\u00ebsisht online. <strong>Merrni pjes\u00eb n\u00eb k\u00ebt\u00eb llotari vjetore duke u regjistruar online<\/strong> n\u00eb vet\u00ebm pak minuta duke klikuar n\u00eb <a href=\"https:\/\/us-gc.net\/sq\/green-card-llotari-formular\/\">formularin online<\/a> . Procesi zgjat vet\u00ebm disa minuta.<\/p>\n\n<h2 class=\"wp-block-heading\" id=\"h-quel-sont-les-etapes-suivantes-pour-les-gagnants-de-la-loterie\">Cilat jan\u00eb hapat e ardhsh\u00ebm p\u00ebr fituesit e lotaris\u00eb?<\/h2>\n\n<p>M\u00eb pas, fituesit e lotaris\u00eb duhet t\u00eb marrin nj\u00eb viz\u00eb Diversiteti. Hapat e m\u00ebtejsh\u00ebm t\u00eb procedur\u00ebs jan\u00eb:<\/p>\n\n<ul class=\"wp-block-list\">\n<li>Plot\u00ebsoni <a href=\"https:\/\/travel.state.gov\/content\/travel\/en\/us-visas\/visa-information-resources\/forms\/online-immigrant-visa-forms\/ds-260-faqs.html\">formularin e aplikimit p\u00ebr viz\u00eb DS-260<\/a>.<\/li>\n\n\n\n<li>Paguani <a href=\"https:\/\/us-gc.net\/sq\/cmimi-green-card\/\">tarifat p\u00ebr marrjen e Kartonit t\u00eb Gjelb\u00ebr<\/a> si pjes\u00eb e k\u00ebtij aplikimi t\u00eb detyruesh\u00ebm p\u00ebr viz\u00eb;<\/li>\n\n\n\n<li>Plot\u00ebsoni nj\u00eb <a href=\"https:\/\/us-gc.net\/sq\/green-card-interview\/\">intervist\u00eb p\u00ebr Kart\u00ebn e Gjelb\u00ebr<\/a> me nj\u00eb agjent t\u00eb Programit t\u00eb Vizave t\u00eb Diversitetit t\u00eb USCIS;<\/li>\n\n\n\n<li>Kryeni nj\u00eb ekzaminim mjek\u00ebsor.<\/li>\n<\/ul>\n\n<div style=\"height:10px\" aria-hidden=\"true\" class=\"wp-block-spacer\"><\/div>\n\n<p><a href=\"https:\/\/us-gc.net\/sq\/dallimi-midis-green-card-dhe-viza\/\">Kartoni jeshil dhe viza jan\u00eb dokumente t\u00eb ndryshme<\/a>. Marrja e nj\u00eb vize diversiteti \u00ebsht\u00eb nj\u00eb nga hapat p\u00ebr t\u00eb marr\u00eb nj\u00eb karton jeshil.<\/p>\n","protected":false},"excerpt":{"rendered":"<p>Lotaria e Kart\u00ebs s\u00eb Gjelb\u00ebr n\u00eb 2024 Shorti i shortit t\u00eb Kartonit t\u00eb Gjelb\u00ebr b\u00ebhet vet\u00ebm nj\u00eb her\u00eb n\u00eb vit. Ka dy m\u00ebnyra p\u00ebr t\u00eb p\u00ebrcaktuar vitin e lotaris\u00eb: \u00c7far\u00eb \u00ebsht\u00eb Lotaria e Kartonit t\u00eb Gjelb\u00ebr 2024? Lotaria e Kartonit t\u00eb Gjelb\u00ebr 2024 quhet m\u00eb shpesh si shorti vjetor q\u00eb zhvillohet gjat\u00eb vitit 2024. Ky [&hellip;]<\/p>\n","protected":false},"author":1,"featured_media":0,"parent":0,"menu_order":0,"comment_status":"closed","ping_status":"closed","template":"","meta":{"footnotes":""},"class_list":["post-3120","page","type-page","status-publish","hentry"],"yoast_head":"<!-- This site is optimized with the Yoast SEO plugin v27.4 - https:\/\/yoast.com\/product\/yoast-seo-wordpress\/ -->\n<title>Lotaria e Kartonit Jeshil 2024 - USA GC<\/title>\n<meta name=\"description\" content=\"Merrni pjes\u00eb n\u00eb shortin e shortit p\u00ebr Kartonin e Gjelb\u00ebr n\u00eb 2024. Shorti kryhet \u00e7do vit dhe ju lejon t\u00eb fitoni nj\u00eb karton jeshil.\" \/>\n<meta name=\"robots\" content=\"index, follow, max-snippet:-1, max-image-preview:large, max-video-preview:-1\" \/>\n<link rel=\"canonical\" href=\"https:\/\/us-gc.net\/sq\/lotaria-kartonit-jeshil-2024\/\" \/>\n<meta property=\"og:locale\" content=\"sq_AL\" \/>\n<meta property=\"og:type\" content=\"article\" \/>\n<meta property=\"og:title\" content=\"Lotaria e Kartonit Jeshil 2024 - USA GC\" \/>\n<meta property=\"og:description\" content=\"Merrni pjes\u00eb n\u00eb shortin e shortit p\u00ebr Kartonin e Gjelb\u00ebr n\u00eb 2024. Shorti kryhet \u00e7do vit dhe ju lejon t\u00eb fitoni nj\u00eb karton jeshil.\" \/>\n<meta property=\"og:url\" content=\"https:\/\/us-gc.net\/sq\/lotaria-kartonit-jeshil-2024\/\" \/>\n<meta property=\"og:site_name\" content=\"USA GC\" \/>\n<meta property=\"article:modified_time\" content=\"2025-03-31T10:08:02+00:00\" \/>\n<meta name=\"twitter:card\" content=\"summary_large_image\" \/>\n<meta name=\"twitter:label1\" content=\"Est. reading time\" \/>\n\t<meta name=\"twitter:data1\" content=\"2 minutes\" \/>\n<script type=\"application\/ld+json\" class=\"yoast-schema-graph\">{\"@context\":\"https:\\\/\\\/schema.org\",\"@graph\":[{\"@type\":\"WebPage\",\"@id\":\"https:\\\/\\\/us-gc.net\\\/sq\\\/lotaria-kartonit-jeshil-2024\\\/\",\"url\":\"https:\\\/\\\/us-gc.net\\\/sq\\\/lotaria-kartonit-jeshil-2024\\\/\",\"name\":\"Lotaria e Kartonit Jeshil 2024 - USA GC\",\"isPartOf\":{\"@id\":\"https:\\\/\\\/us-gc.net\\\/sq\\\/#website\"},\"datePublished\":\"2024-01-31T15:56:24+00:00\",\"dateModified\":\"2025-03-31T10:08:02+00:00\",\"description\":\"Merrni pjes\u00eb n\u00eb shortin e shortit p\u00ebr Kartonin e Gjelb\u00ebr n\u00eb 2024. Shorti kryhet \u00e7do vit dhe ju lejon t\u00eb fitoni nj\u00eb karton jeshil.\",\"breadcrumb\":{\"@id\":\"https:\\\/\\\/us-gc.net\\\/sq\\\/lotaria-kartonit-jeshil-2024\\\/#breadcrumb\"},\"inLanguage\":\"sq-AL\",\"potentialAction\":[{\"@type\":\"ReadAction\",\"target\":[\"https:\\\/\\\/us-gc.net\\\/sq\\\/lotaria-kartonit-jeshil-2024\\\/\"]}]},{\"@type\":\"BreadcrumbList\",\"@id\":\"https:\\\/\\\/us-gc.net\\\/sq\\\/lotaria-kartonit-jeshil-2024\\\/#breadcrumb\",\"itemListElement\":[{\"@type\":\"ListItem\",\"position\":1,\"name\":\"Accueil\",\"item\":\"https:\\\/\\\/us-gc.net\\\/sq\\\/green-card\\\/\"},{\"@type\":\"ListItem\",\"position\":2,\"name\":\"Lotaria e Kartonit Jeshil 2024\"}]},{\"@type\":\"WebSite\",\"@id\":\"https:\\\/\\\/us-gc.net\\\/sq\\\/#website\",\"url\":\"https:\\\/\\\/us-gc.net\\\/sq\\\/\",\"name\":\"USA GC\",\"description\":\"\",\"potentialAction\":[{\"@type\":\"SearchAction\",\"target\":{\"@type\":\"EntryPoint\",\"urlTemplate\":\"https:\\\/\\\/us-gc.net\\\/sq\\\/?s={search_term_string}\"},\"query-input\":{\"@type\":\"PropertyValueSpecification\",\"valueRequired\":true,\"valueName\":\"search_term_string\"}}],\"inLanguage\":\"sq-AL\"}]}<\/script>\n<!-- \/ Yoast SEO plugin. -->","yoast_head_json":{"title":"Lotaria e Kartonit Jeshil 2024 - USA GC","description":"Merrni pjes\u00eb n\u00eb shortin e shortit p\u00ebr Kartonin e Gjelb\u00ebr n\u00eb 2024. Shorti kryhet \u00e7do vit dhe ju lejon t\u00eb fitoni nj\u00eb karton jeshil.","robots":{"index":"index","follow":"follow","max-snippet":"max-snippet:-1","max-image-preview":"max-image-preview:large","max-video-preview":"max-video-preview:-1"},"canonical":"https:\/\/us-gc.net\/sq\/lotaria-kartonit-jeshil-2024\/","og_locale":"sq_AL","og_type":"article","og_title":"Lotaria e Kartonit Jeshil 2024 - USA GC","og_description":"Merrni pjes\u00eb n\u00eb shortin e shortit p\u00ebr Kartonin e Gjelb\u00ebr n\u00eb 2024. Shorti kryhet \u00e7do vit dhe ju lejon t\u00eb fitoni nj\u00eb karton jeshil.","og_url":"https:\/\/us-gc.net\/sq\/lotaria-kartonit-jeshil-2024\/","og_site_name":"USA GC","article_modified_time":"2025-03-31T10:08:02+00:00","twitter_card":"summary_large_image","twitter_misc":{"Est. reading time":"2 minutes"},"schema":{"@context":"https:\/\/schema.org","@graph":[{"@type":"WebPage","@id":"https:\/\/us-gc.net\/sq\/lotaria-kartonit-jeshil-2024\/","url":"https:\/\/us-gc.net\/sq\/lotaria-kartonit-jeshil-2024\/","name":"Lotaria e Kartonit Jeshil 2024 - USA GC","isPartOf":{"@id":"https:\/\/us-gc.net\/sq\/#website"},"datePublished":"2024-01-31T15:56:24+00:00","dateModified":"2025-03-31T10:08:02+00:00","description":"Merrni pjes\u00eb n\u00eb shortin e shortit p\u00ebr Kartonin e Gjelb\u00ebr n\u00eb 2024. Shorti kryhet \u00e7do vit dhe ju lejon t\u00eb fitoni nj\u00eb karton jeshil.","breadcrumb":{"@id":"https:\/\/us-gc.net\/sq\/lotaria-kartonit-jeshil-2024\/#breadcrumb"},"inLanguage":"sq-AL","potentialAction":[{"@type":"ReadAction","target":["https:\/\/us-gc.net\/sq\/lotaria-kartonit-jeshil-2024\/"]}]},{"@type":"BreadcrumbList","@id":"https:\/\/us-gc.net\/sq\/lotaria-kartonit-jeshil-2024\/#breadcrumb","itemListElement":[{"@type":"ListItem","position":1,"name":"Accueil","item":"https:\/\/us-gc.net\/sq\/green-card\/"},{"@type":"ListItem","position":2,"name":"Lotaria e Kartonit Jeshil 2024"}]},{"@type":"WebSite","@id":"https:\/\/us-gc.net\/sq\/#website","url":"https:\/\/us-gc.net\/sq\/","name":"USA GC","description":"","potentialAction":[{"@type":"SearchAction","target":{"@type":"EntryPoint","urlTemplate":"https:\/\/us-gc.net\/sq\/?s={search_term_string}"},"query-input":{"@type":"PropertyValueSpecification","valueRequired":true,"valueName":"search_term_string"}}],"inLanguage":"sq-AL"}]}},"_links":{"self":[{"href":"https:\/\/us-gc.net\/sq\/wp-json\/wp\/v2\/pages\/3120","targetHints":{"allow":["GET"]}}],"collection":[{"href":"https:\/\/us-gc.net\/sq\/wp-json\/wp\/v2\/pages"}],"about":[{"href":"https:\/\/us-gc.net\/sq\/wp-json\/wp\/v2\/types\/page"}],"author":[{"embeddable":true,"href":"https:\/\/us-gc.net\/sq\/wp-json\/wp\/v2\/users\/1"}],"replies":[{"embeddable":true,"href":"https:\/\/us-gc.net\/sq\/wp-json\/wp\/v2\/comments?post=3120"}],"version-history":[{"count":3,"href":"https:\/\/us-gc.net\/sq\/wp-json\/wp\/v2\/pages\/3120\/revisions"}],"predecessor-version":[{"id":10110,"href":"https:\/\/us-gc.net\/sq\/wp-json\/wp\/v2\/pages\/3120\/revisions\/10110"}],"wp:attachment":[{"href":"https:\/\/us-gc.net\/sq\/wp-json\/wp\/v2\/media?parent=3120"}],"curies":[{"name":"wp","href":"https:\/\/api.w.org\/{rel}","templated":true}]}}