{"id":3100,"date":"2024-02-04T15:55:27","date_gmt":"2024-02-04T15:55:27","guid":{"rendered":"https:\/\/green-card-usa.net\/lotari-karta-jeshile-2026\/"},"modified":"2025-03-31T10:09:30","modified_gmt":"2025-03-31T10:09:30","slug":"lotari-karta-jeshile-2026","status":"publish","type":"page","link":"https:\/\/us-gc.net\/sq\/lotari-karta-jeshile-2026\/","title":{"rendered":"Lotaria e Kartonit Jeshil 2026"},"content":{"rendered":"\n<h1 class=\"wp-block-heading\" id=\"h-la-loterie-de-la-green-card-2026\">Lotaria e Kartonit Jeshil 2026<\/h1>\n\n<p>\u00c7do vit, Shtetet e Bashkuara u ofrojn\u00eb m\u00eb shum\u00eb se 50,000 shtetasve t\u00eb huaj mund\u00ebsin\u00eb p\u00ebr t\u00eb marr\u00eb nj\u00eb karton jeshil me short. Kjo llotari \u00ebsht\u00eb pjes\u00eb e Programit Amerikan t\u00eb Vizave t\u00eb Diversitetit. Ky program u krijua p\u00ebr t\u00eb menaxhuar emigracionin n\u00eb Shtetet e Bashkuara.<\/p>\n\n<h2 class=\"wp-block-heading\" id=\"h-qu-est-ce-que-la-loterie-de-la-green-card-2026\">\u00c7far\u00eb \u00ebsht\u00eb Lotaria e Kart\u00ebs s\u00eb Gjelb\u00ebr 2026?<\/h2>\n\n<p>\u00c7do promovim n\u00eb t\u00ebrheqjen e Kartonit t\u00eb Gjelb\u00ebr num\u00ebrohet p\u00ebr vitin n\u00eb t\u00eb cilin aplikant\u00ebt do t\u00eb b\u00ebhen m\u00eb n\u00eb fund mbajt\u00ebs <a href=\"https:\/\/us-gc.net\/sq\/\">t\u00eb Kartonit t\u00eb Gjelb\u00ebr t\u00eb SHBA<\/a> . Pra, shorti i Kartonit t\u00eb Gjelb\u00ebr 2026 ka t\u00eb b\u00ebj\u00eb me kuot\u00ebn e Kartonit t\u00eb Gjelb\u00ebr q\u00eb do t\u00eb l\u00ebshohet n\u00eb vitin 2026. Administrata amerikane e em\u00ebrton k\u00ebt\u00eb promovim t\u00eb vizave t\u00eb reja nga programi i diversitetit: DV-2026 p\u00ebr Diversity-Program 2026.<\/p>\n\n<h2 class=\"wp-block-heading\" id=\"h-quand-se-deroule-le-tirage-au-sort-du-quota-de-green-card-2026\">Kur b\u00ebhet t\u00ebrheqja e kuot\u00ebs s\u00eb Kartonit t\u00eb Gjelb\u00ebr 2026?<\/h2>\n\n<p>Procesi i marrjes s\u00eb Kartonit Jeshil p\u00ebrmes shortit p\u00ebrfshin disa hapa. Hapi i par\u00eb \u00ebsht\u00eb barazimi. <\/p>\n\n<p><strong>Kandidat\u00ebt e DV2026 duhet t\u00eb regjistroheshin nga data 2 tetor 2024<\/strong> p\u00ebr t\u00eb marr\u00eb pjes\u00eb n\u00eb shortin q\u00eb zhvillohet \u00e7do vit n\u00eb fillim t\u00eb n\u00ebntorit. Data e mbylljes p\u00ebr regjistrimet online p\u00ebr shortin e DV2026 u zhvillua m\u00eb 5 n\u00ebntor 2024. <\/p>\n\n<h2 class=\"wp-block-heading\" id=\"h-quand-sont-publies-les-resultats-du-tirage-au-sort-du-dv-2026\">Kur publikohen rezultatet e shortit t\u00eb DV-2026?<\/h2>\n\n<p><a href=\"https:\/\/us-gc.net\/sq\/gjelber-llotari-rezultatet\/\">Rezultatet e t\u00ebrheqjes s\u00eb Kartonit t\u00eb Gjelb\u00ebr<\/a> publikohen af\u00ebrsisht 6 muaj pas p\u00ebrfundimit t\u00eb regjistrimeve: Rezultatet e shortit t\u00eb DV2026 publikohen nga maji 2025.<\/p>\n\n<h2 class=\"wp-block-heading\" id=\"h-quel-sont-les-etapes-suivantes-pour-les-gagnants-de-la-loterie\">Cilat jan\u00eb hapat e ardhsh\u00ebm p\u00ebr fituesit e lotaris\u00eb?<\/h2>\n\n<p>M\u00eb pas, fituesit duhet t\u00eb nd\u00ebrmarrin hapat p\u00ebr t\u00eb marr\u00eb nj\u00eb viz\u00eb Diversiteti. Hapat kryesor\u00eb t\u00eb m\u00ebposht\u00ebm p\u00ebr t\u00eb marr\u00eb Kart\u00ebn e Gjelb\u00ebr jan\u00eb:<\/p>\n\n<ul class=\"wp-block-list\">\n<li>Plot\u00ebsoni <a href=\"https:\/\/travel.state.gov\/content\/travel\/en\/us-visas\/visa-information-resources\/forms\/online-immigrant-visa-forms\/ds-260-faqs.html\">formularin e aplikimit p\u00ebr viz\u00eb DS-260<\/a>.<\/li>\n\n\n\n<li>Paguani <a href=\"https:\/\/us-gc.net\/sq\/cmimi-green-card\/\">tarifat p\u00ebr marrjen e Kartonit t\u00eb Gjelb\u00ebr<\/a> si pjes\u00eb e k\u00ebtij aplikimi t\u00eb detyruesh\u00ebm p\u00ebr viz\u00eb;<\/li>\n\n\n\n<li>Plot\u00ebsoni <a href=\"https:\/\/us-gc.net\/sq\/green-card-interview\/\">intervist\u00ebn tuaj t\u00eb Kart\u00ebs s\u00eb Gjelb\u00ebr<\/a> me nj\u00eb agjent t\u00eb USCIS q\u00eb merr pjes\u00eb n\u00eb Programin e Vizave t\u00eb Shum\u00ebllojshm\u00ebris\u00eb.<\/li>\n<\/ul>\n\n<div style=\"height:10px\" aria-hidden=\"true\" class=\"wp-block-spacer\"><\/div>\n\n<p><a href=\"https:\/\/us-gc.net\/sq\/dallimi-midis-green-card-dhe-viza\/\">Kartoni jeshil dhe viza jan\u00eb dokumente t\u00eb ndryshme<\/a>. Marrja e nj\u00eb vize diversiteti \u00ebsht\u00eb nj\u00eb nga hapat p\u00ebr t\u00eb marr\u00eb nj\u00eb karton jeshil.<\/p>\n\n<p><\/p>\n\n<p><\/p>\n","protected":false},"excerpt":{"rendered":"<p>Lotaria e Kartonit Jeshil 2026 \u00c7do vit, Shtetet e Bashkuara u ofrojn\u00eb m\u00eb shum\u00eb se 50,000 shtetasve t\u00eb huaj mund\u00ebsin\u00eb p\u00ebr t\u00eb marr\u00eb nj\u00eb karton jeshil me short. Kjo llotari \u00ebsht\u00eb pjes\u00eb e Programit Amerikan t\u00eb Vizave t\u00eb Diversitetit. Ky program u krijua p\u00ebr t\u00eb menaxhuar emigracionin n\u00eb Shtetet e Bashkuara. \u00c7far\u00eb \u00ebsht\u00eb Lotaria e [&hellip;]<\/p>\n","protected":false},"author":1,"featured_media":0,"parent":0,"menu_order":0,"comment_status":"closed","ping_status":"closed","template":"","meta":{"footnotes":""},"class_list":["post-3100","page","type-page","status-publish","hentry"],"yoast_head":"<!-- This site is optimized with the Yoast SEO plugin v27.4 - https:\/\/yoast.com\/product\/yoast-seo-wordpress\/ -->\n<title>Lotaria e Kartonit Jeshil 2026 - USA GC<\/title>\n<meta name=\"description\" content=\"K\u00ebtu jan\u00eb t\u00eb gjitha informacionet n\u00eb lidhje me programin p\u00ebr marrjen e lotaris\u00eb s\u00eb Kartonit t\u00eb Gjelb\u00ebr n\u00eb vitin 2026 n\u00eb SHBA\" \/>\n<meta name=\"robots\" content=\"index, follow, max-snippet:-1, max-image-preview:large, max-video-preview:-1\" \/>\n<link rel=\"canonical\" href=\"https:\/\/us-gc.net\/sq\/lotari-karta-jeshile-2026\/\" \/>\n<meta property=\"og:locale\" content=\"sq_AL\" \/>\n<meta property=\"og:type\" content=\"article\" \/>\n<meta property=\"og:title\" content=\"Lotaria e Kartonit Jeshil 2026 - USA GC\" \/>\n<meta property=\"og:description\" content=\"K\u00ebtu jan\u00eb t\u00eb gjitha informacionet n\u00eb lidhje me programin p\u00ebr marrjen e lotaris\u00eb s\u00eb Kartonit t\u00eb Gjelb\u00ebr n\u00eb vitin 2026 n\u00eb SHBA\" \/>\n<meta property=\"og:url\" content=\"https:\/\/us-gc.net\/sq\/lotari-karta-jeshile-2026\/\" \/>\n<meta property=\"og:site_name\" content=\"USA GC\" \/>\n<meta property=\"article:modified_time\" content=\"2025-03-31T10:09:30+00:00\" \/>\n<meta name=\"twitter:card\" content=\"summary_large_image\" \/>\n<meta name=\"twitter:label1\" content=\"Est. reading time\" \/>\n\t<meta name=\"twitter:data1\" content=\"2 minutes\" \/>\n<script type=\"application\/ld+json\" class=\"yoast-schema-graph\">{\"@context\":\"https:\\\/\\\/schema.org\",\"@graph\":[{\"@type\":\"WebPage\",\"@id\":\"https:\\\/\\\/us-gc.net\\\/sq\\\/lotari-karta-jeshile-2026\\\/\",\"url\":\"https:\\\/\\\/us-gc.net\\\/sq\\\/lotari-karta-jeshile-2026\\\/\",\"name\":\"Lotaria e Kartonit Jeshil 2026 - USA GC\",\"isPartOf\":{\"@id\":\"https:\\\/\\\/us-gc.net\\\/sq\\\/#website\"},\"datePublished\":\"2024-02-04T15:55:27+00:00\",\"dateModified\":\"2025-03-31T10:09:30+00:00\",\"description\":\"K\u00ebtu jan\u00eb t\u00eb gjitha informacionet n\u00eb lidhje me programin p\u00ebr marrjen e lotaris\u00eb s\u00eb Kartonit t\u00eb Gjelb\u00ebr n\u00eb vitin 2026 n\u00eb SHBA\",\"breadcrumb\":{\"@id\":\"https:\\\/\\\/us-gc.net\\\/sq\\\/lotari-karta-jeshile-2026\\\/#breadcrumb\"},\"inLanguage\":\"sq-AL\",\"potentialAction\":[{\"@type\":\"ReadAction\",\"target\":[\"https:\\\/\\\/us-gc.net\\\/sq\\\/lotari-karta-jeshile-2026\\\/\"]}]},{\"@type\":\"BreadcrumbList\",\"@id\":\"https:\\\/\\\/us-gc.net\\\/sq\\\/lotari-karta-jeshile-2026\\\/#breadcrumb\",\"itemListElement\":[{\"@type\":\"ListItem\",\"position\":1,\"name\":\"Accueil\",\"item\":\"https:\\\/\\\/us-gc.net\\\/sq\\\/green-card\\\/\"},{\"@type\":\"ListItem\",\"position\":2,\"name\":\"Lotaria e Kartonit Jeshil 2026\"}]},{\"@type\":\"WebSite\",\"@id\":\"https:\\\/\\\/us-gc.net\\\/sq\\\/#website\",\"url\":\"https:\\\/\\\/us-gc.net\\\/sq\\\/\",\"name\":\"USA GC\",\"description\":\"\",\"potentialAction\":[{\"@type\":\"SearchAction\",\"target\":{\"@type\":\"EntryPoint\",\"urlTemplate\":\"https:\\\/\\\/us-gc.net\\\/sq\\\/?s={search_term_string}\"},\"query-input\":{\"@type\":\"PropertyValueSpecification\",\"valueRequired\":true,\"valueName\":\"search_term_string\"}}],\"inLanguage\":\"sq-AL\"}]}<\/script>\n<!-- \/ Yoast SEO plugin. -->","yoast_head_json":{"title":"Lotaria e Kartonit Jeshil 2026 - USA GC","description":"K\u00ebtu jan\u00eb t\u00eb gjitha informacionet n\u00eb lidhje me programin p\u00ebr marrjen e lotaris\u00eb s\u00eb Kartonit t\u00eb Gjelb\u00ebr n\u00eb vitin 2026 n\u00eb SHBA","robots":{"index":"index","follow":"follow","max-snippet":"max-snippet:-1","max-image-preview":"max-image-preview:large","max-video-preview":"max-video-preview:-1"},"canonical":"https:\/\/us-gc.net\/sq\/lotari-karta-jeshile-2026\/","og_locale":"sq_AL","og_type":"article","og_title":"Lotaria e Kartonit Jeshil 2026 - USA GC","og_description":"K\u00ebtu jan\u00eb t\u00eb gjitha informacionet n\u00eb lidhje me programin p\u00ebr marrjen e lotaris\u00eb s\u00eb Kartonit t\u00eb Gjelb\u00ebr n\u00eb vitin 2026 n\u00eb SHBA","og_url":"https:\/\/us-gc.net\/sq\/lotari-karta-jeshile-2026\/","og_site_name":"USA GC","article_modified_time":"2025-03-31T10:09:30+00:00","twitter_card":"summary_large_image","twitter_misc":{"Est. reading time":"2 minutes"},"schema":{"@context":"https:\/\/schema.org","@graph":[{"@type":"WebPage","@id":"https:\/\/us-gc.net\/sq\/lotari-karta-jeshile-2026\/","url":"https:\/\/us-gc.net\/sq\/lotari-karta-jeshile-2026\/","name":"Lotaria e Kartonit Jeshil 2026 - USA GC","isPartOf":{"@id":"https:\/\/us-gc.net\/sq\/#website"},"datePublished":"2024-02-04T15:55:27+00:00","dateModified":"2025-03-31T10:09:30+00:00","description":"K\u00ebtu jan\u00eb t\u00eb gjitha informacionet n\u00eb lidhje me programin p\u00ebr marrjen e lotaris\u00eb s\u00eb Kartonit t\u00eb Gjelb\u00ebr n\u00eb vitin 2026 n\u00eb SHBA","breadcrumb":{"@id":"https:\/\/us-gc.net\/sq\/lotari-karta-jeshile-2026\/#breadcrumb"},"inLanguage":"sq-AL","potentialAction":[{"@type":"ReadAction","target":["https:\/\/us-gc.net\/sq\/lotari-karta-jeshile-2026\/"]}]},{"@type":"BreadcrumbList","@id":"https:\/\/us-gc.net\/sq\/lotari-karta-jeshile-2026\/#breadcrumb","itemListElement":[{"@type":"ListItem","position":1,"name":"Accueil","item":"https:\/\/us-gc.net\/sq\/green-card\/"},{"@type":"ListItem","position":2,"name":"Lotaria e Kartonit Jeshil 2026"}]},{"@type":"WebSite","@id":"https:\/\/us-gc.net\/sq\/#website","url":"https:\/\/us-gc.net\/sq\/","name":"USA GC","description":"","potentialAction":[{"@type":"SearchAction","target":{"@type":"EntryPoint","urlTemplate":"https:\/\/us-gc.net\/sq\/?s={search_term_string}"},"query-input":{"@type":"PropertyValueSpecification","valueRequired":true,"valueName":"search_term_string"}}],"inLanguage":"sq-AL"}]}},"_links":{"self":[{"href":"https:\/\/us-gc.net\/sq\/wp-json\/wp\/v2\/pages\/3100","targetHints":{"allow":["GET"]}}],"collection":[{"href":"https:\/\/us-gc.net\/sq\/wp-json\/wp\/v2\/pages"}],"about":[{"href":"https:\/\/us-gc.net\/sq\/wp-json\/wp\/v2\/types\/page"}],"author":[{"embeddable":true,"href":"https:\/\/us-gc.net\/sq\/wp-json\/wp\/v2\/users\/1"}],"replies":[{"embeddable":true,"href":"https:\/\/us-gc.net\/sq\/wp-json\/wp\/v2\/comments?post=3100"}],"version-history":[{"count":3,"href":"https:\/\/us-gc.net\/sq\/wp-json\/wp\/v2\/pages\/3100\/revisions"}],"predecessor-version":[{"id":10131,"href":"https:\/\/us-gc.net\/sq\/wp-json\/wp\/v2\/pages\/3100\/revisions\/10131"}],"wp:attachment":[{"href":"https:\/\/us-gc.net\/sq\/wp-json\/wp\/v2\/media?parent=3100"}],"curies":[{"name":"wp","href":"https:\/\/api.w.org\/{rel}","templated":true}]}}